{"id":376,"date":"2025-12-02T03:41:44","date_gmt":"2025-12-02T03:41:44","guid":{"rendered":"https:\/\/farm-baler.com\/?post_type=product&#038;p=376"},"modified":"2025-12-10T03:49:39","modified_gmt":"2025-12-10T03:49:39","slug":"4byq-2-6-maskin-for-att-roja-upp-kidneybonor","status":"publish","type":"product","link":"https:\/\/farm-baler.com\/sv\/produkt\/4byq-2-6-maskin-for-att-roja-upp-kidneybonor\/","title":{"rendered":"4BYQ-2.6 Kidneyb\u00f6nsuppryckningsmaskin (4-r\u00e4sars fram\u00e5tskjutning)"},"content":{"rendered":"<p>4BYQ-2.6 kidneyb\u00f6nsupptagaren (fyra kammare fram\u00e5tskjutande) \u00e4r en professionell jordbruksmaskin konstruerad f\u00f6r effektiv sk\u00f6rd av kidneyb\u00f6nor. Denna h\u00f6gpresterande upptagare \u00e4r konstruerad f\u00f6r att minimera skador p\u00e5 gr\u00f6dan samtidigt som den bibeh\u00e5ller h\u00f6ga avkastningar. Dess fyrkammiga fram\u00e5tskjutande design g\u00f6r den enkel och snabb att anv\u00e4nda, vilket g\u00f6r den till ett oumb\u00e4rligt verktyg i modern jordbruksproduktion.<\/p>\n<h2>Tekniska specifikationer<\/h2>\n<table style=\"border-color: #000000;\">\n<thead>\n<tr>\n<th>Inga.<\/th>\n<th>Punkt<\/th>\n<th>Enhet<\/th>\n<th>Specifikation<\/th>\n<\/tr>\n<\/thead>\n<tbody>\n<tr>\n<td>1<\/td>\n<td>Modellnamn<\/td>\n<td>\/<\/td>\n<td>4BYQ-2.6 Linsavdragare<\/td>\n<\/tr>\n<tr>\n<td>2<\/td>\n<td>Hitching-metoden<\/td>\n<td>\/<\/td>\n<td>Monterad typ<\/td>\n<\/tr>\n<tr>\n<td>3<\/td>\n<td>V\u00e4ljartyp<\/td>\n<td>\/<\/td>\n<td>Fj\u00e4dertandstyp<\/td>\n<\/tr>\n<tr>\n<td>4<\/td>\n<td>Arbetsbredd<\/td>\n<td>m<\/td>\n<td>2.6<\/td>\n<\/tr>\n<tr>\n<td>5<\/td>\n<td>Matchande effektomr\u00e5de<\/td>\n<td>kW<\/td>\n<td>66-88<\/td>\n<\/tr>\n<tr>\n<td>6<\/td>\n<td>Driftshastighetsomr\u00e5de<\/td>\n<td>km\/h<\/td>\n<td>6~10<\/td>\n<\/tr>\n<tr>\n<td>7<\/td>\n<td>Totala m\u00e5tt (L\u00d7B\u00d7H)<\/td>\n<td>mm<\/td>\n<td>2333\u00d72870\u00d71182<\/td>\n<\/tr>\n<tr>\n<td>8<\/td>\n<td>Kraftuttagsvarvtal<\/td>\n<td>varv\/min<\/td>\n<td>540<\/td>\n<\/tr>\n<tr>\n<td>9<\/td>\n<td>Hjulsp\u00e5r<\/td>\n<td>mm<\/td>\n<td>2600<\/td>\n<\/tr>\n<tr>\n<td>10<\/td>\n<td>Produktivitet<\/td>\n<td>hm\u00b2\/h<\/td>\n<td>1.56-2.6<\/td>\n<\/tr>\n<tr>\n<td>11<\/td>\n<td>Antal operat\u00f6rer<\/td>\n<td>person<\/td>\n<td>1<\/td>\n<\/tr>\n<tr>\n<td>12<\/td>\n<td>Strukturell massa<\/td>\n<td>kg<\/td>\n<td>1100<\/td>\n<\/tr>\n<\/tbody>\n<\/table>\n<h2>Produktdefinition<\/h2>\n<p>B\u00f6nupptagaren 4BYQ-2.6 \u00e4r en avancerad utrustningsdel som \u00e4r utformad f\u00f6r att exakt och effektivt dra upp b\u00f6nor fr\u00e5n marken. Den har en unik fram\u00e5tskjutande mekanism med fyra kammar som ger \u00f6verl\u00e4gsen prestanda under en m\u00e4ngd olika f\u00e4ltf\u00f6rh\u00e5llanden. Maskinen \u00e4r utformad f\u00f6r att utf\u00f6ra b\u00f6nupptagningar med minimala skador p\u00e5 gr\u00f6dan, vilket s\u00e4kerst\u00e4ller h\u00f6gre sk\u00f6rdekvalitet.<\/p>\n<p style=\"text-align: center;\"><img loading=\"lazy\" decoding=\"async\" class=\"alignnone wp-image-379\" src=\"https:\/\/farm-baler.com\/wp-content\/uploads\/2025\/12\/ep-Type-4BYQ-2.6-Kidney-Bean-Uprooting-Machine-4-Ridge-Forward-Push-5-1-300x300.webp\" alt=\"Uppryckningsmaskin\" width=\"434\" height=\"434\" srcset=\"https:\/\/farm-baler.com\/wp-content\/uploads\/2025\/12\/ep-Type-4BYQ-2.6-Kidney-Bean-Uprooting-Machine-4-Ridge-Forward-Push-5-1-300x300.webp 300w, https:\/\/farm-baler.com\/wp-content\/uploads\/2025\/12\/ep-Type-4BYQ-2.6-Kidney-Bean-Uprooting-Machine-4-Ridge-Forward-Push-5-1-150x150.webp 150w, https:\/\/farm-baler.com\/wp-content\/uploads\/2025\/12\/ep-Type-4BYQ-2.6-Kidney-Bean-Uprooting-Machine-4-Ridge-Forward-Push-5-1-12x12.webp 12w, https:\/\/farm-baler.com\/wp-content\/uploads\/2025\/12\/ep-Type-4BYQ-2.6-Kidney-Bean-Uprooting-Machine-4-Ridge-Forward-Push-5-1-100x100.webp 100w, https:\/\/farm-baler.com\/wp-content\/uploads\/2025\/12\/ep-Type-4BYQ-2.6-Kidney-Bean-Uprooting-Machine-4-Ridge-Forward-Push-5-1.webp 340w\" sizes=\"(max-width: 434px) 100vw, 434px\" \/><\/p>\n<h2>Vanliga problem som produkten l\u00f6ser<\/h2>\n<p>4BYQ-2.6-maskinen f\u00f6r uppryckning av kidneyb\u00f6nor \u00e5tg\u00e4rdar flera vanliga problem inom kidneyb\u00f6nsodling:<\/p>\n<ul>\n<li><strong>Arbetsintensiv manuell sk\u00f6rd<\/strong>Traditionella metoder f\u00f6r att rycka upp kidneyb\u00f6nor \u00e4r tidskr\u00e4vande och kr\u00e4ver betydande arbetskraft. Denna maskin automatiserar processen, vilket avsev\u00e4rt minskar behovet av manuellt arbete.<\/li>\n<li><strong>Skador p\u00e5 gr\u00f6dor<\/strong>Manuell uppryckning leder ofta till skador p\u00e5 b\u00f6norna, vilket p\u00e5verkar deras kvalitet. 4BYQ-2.6 s\u00e4kerst\u00e4ller minimal skada och bevarar gr\u00f6dornas integritet.<\/li>\n<li><strong>L\u00e5g produktivitet<\/strong>Jordbrukare k\u00e4mpar ofta med l\u00e5g avkastning per tidsenhet p\u00e5 grund av ineffektiva sk\u00f6rdemetoder. Denna maskin \u00f6kar produktiviteten, vilket g\u00f6r att jordbrukarna kan sk\u00f6rda mer p\u00e5 kortare tid.<\/li>\n<li><strong>Inkonsekventa sk\u00f6rderesultat<\/strong>Oj\u00e4mn uppryckning leder till oj\u00e4mn b\u00f6nkvalitet. Maskinen s\u00e4kerst\u00e4ller en j\u00e4mn uppryckning, vilket resulterar i b\u00e4ttre total sk\u00f6rdekvalitet.<\/li>\n<li><strong>D\u00e5lig jordpenetration<\/strong>I tuffa jordf\u00f6rh\u00e5llanden \u00e4r manuell uppryckning sv\u00e5r. Maskinens avancerade design m\u00f6jligg\u00f6r effektiv jordpenetration, vilket g\u00f6r den l\u00e4mplig f\u00f6r olika jordtyper.<\/li>\n<\/ul>\n<h2>Viktiga anv\u00e4ndningsomr\u00e5den f\u00f6r 4BYQ-2.6 kidneyb\u00f6nsuppryckningsmaskinen<\/h2>\n<p>Denna maskin anv\u00e4nds fr\u00e4mst f\u00f6r <a href=\"https:\/\/farm-baler.com\/sv\/produkt\/4byh-2-6-kidneybonsavdragare\/\">uppryckning av kidneyb\u00f6nor<\/a>, men den kan \u00e4ven anv\u00e4ndas f\u00f6r andra jordbruks\u00e4ndam\u00e5l. Dess m\u00e5ngsidighet och design g\u00f6r den l\u00e4mplig f\u00f6r olika uppgifter, inklusive:<\/p>\n<ul>\n<li><strong>Effektiv sk\u00f6rd<\/strong>Den prim\u00e4ra anv\u00e4ndningen av 4BYQ-2.6 \u00e4r att sk\u00f6rda kidneyb\u00f6nor snabbt och effektivt.<\/li>\n<li><strong>L\u00e4mplig f\u00f6r stora g\u00e5rdar<\/strong>Den \u00e4r idealisk f\u00f6r storskalig odling av kidneyb\u00f6nor, d\u00e4r arbetsintensiva metoder inte \u00e4r genomf\u00f6rbara.<\/li>\n<li><strong>F\u00f6rb\u00e4ttra sk\u00f6rdekvaliteten<\/strong>Maskinens precision s\u00e4kerst\u00e4ller att de sk\u00f6rdade b\u00f6norna h\u00e5ller h\u00f6g kvalitet, med minimala skador under uppryckningsprocessen.<\/li>\n<li><strong>Anpassningsf\u00f6rm\u00e5ga till olika f\u00e4ltf\u00f6rh\u00e5llanden<\/strong>Maskinen \u00e4r konstruerad f\u00f6r att fungera bra under olika f\u00e4ltf\u00f6rh\u00e5llanden, fr\u00e5n torr jord till fuktig och kompakterad jord.<\/li>\n<li><strong>\u00d6kad produktion<\/strong>Genom att \u00f6ka sk\u00f6rdehastigheten och minska stillest\u00e5ndstiden s\u00e4kerst\u00e4ller maskinen h\u00f6gre produktion med mindre manuell anstr\u00e4ngning.<\/li>\n<\/ul>\n<h2>F\u00f6rdelar med 4BYQ-2.6 kidneyb\u00f6nsuppryckningsmaskinen<\/h2>\n<p>4BYQ-2.6 erbjuder flera f\u00f6rdelar som g\u00f6r den till ett m\u00e5ste f\u00f6r kidneyb\u00f6nsodlare:<\/p>\n<p>1. <strong>H\u00f6g effektivitet<\/strong><\/p>\n<p>Maskinens fram\u00e5tskjutande mekanism och fyrkantiga design g\u00f6r att den kan upprycka kidneyb\u00f6nor snabbare j\u00e4mf\u00f6rt med manuell sk\u00f6rd, vilket avsev\u00e4rt f\u00f6rb\u00e4ttrar den totala effektiviteten.<\/p>\n<p>2. <strong>Minimala gr\u00f6dskador<\/strong><\/p>\n<p>Till skillnad fr\u00e5n traditionella metoder s\u00e4kerst\u00e4ller den h\u00e4r maskinen minimal skada p\u00e5 kidneyb\u00f6norna under uppryckningsprocessen. B\u00f6norna lyfts f\u00f6rsiktigt ur jorden, vilket bibeh\u00e5ller deras kvalitet och minskar f\u00f6rluster.<\/p>\n<p>3. <strong>Arbetsreduktion<\/strong><\/p>\n<p>Manuell sk\u00f6rd av kidneyb\u00f6nor kan vara arbetsintensivt och tidskr\u00e4vande. 4BYQ-2.6 minskar behovet av m\u00e4nsklig arbetskraft avsev\u00e4rt, vilket frig\u00f6r arbetare f\u00f6r andra viktiga uppgifter i jordbruksprocessen.<\/p>\n<p>4. <strong>Anpassningsf\u00f6rm\u00e5ga till olika jordtyper<\/strong><\/p>\n<p>4BYQ-2.6 \u00e4r konstruerad f\u00f6r att arbeta effektivt i olika jordf\u00f6rh\u00e5llanden, inklusive tunga och kompakta jordar. Denna anpassningsf\u00f6rm\u00e5ga s\u00e4kerst\u00e4ller att maskinen kan anv\u00e4ndas i olika jordbruksmilj\u00f6er.<\/p>\n<p>5. <strong>H\u00e5llbarhet och l\u00e5ng livsl\u00e4ngd<\/strong><\/p>\n<p>Maskinen \u00e4r tillverkad av h\u00f6gkvalitativa material, vilket s\u00e4kerst\u00e4ller att den t\u00e5l h\u00e5rt bruk och h\u00e5ller i m\u00e5nga s\u00e4songer, vilket ger utm\u00e4rkt valuta f\u00f6r pengarna.<\/p>\n<p style=\"text-align: center;\"><img loading=\"lazy\" decoding=\"async\" class=\"alignnone wp-image-378\" style=\"color: #333333; font-size: 22px; text-align: center;\" src=\"https:\/\/farm-baler.com\/wp-content\/uploads\/2025\/12\/ep-Type-4BYQ-2.6-Kidney-Bean-Uprooting-Machine-4-Ridge-Forward-Push-4-1-300x300.webp\" alt=\"Uppryckningsmaskin\" width=\"428\" height=\"428\" srcset=\"https:\/\/farm-baler.com\/wp-content\/uploads\/2025\/12\/ep-Type-4BYQ-2.6-Kidney-Bean-Uprooting-Machine-4-Ridge-Forward-Push-4-1-300x300.webp 300w, https:\/\/farm-baler.com\/wp-content\/uploads\/2025\/12\/ep-Type-4BYQ-2.6-Kidney-Bean-Uprooting-Machine-4-Ridge-Forward-Push-4-1-150x150.webp 150w, https:\/\/farm-baler.com\/wp-content\/uploads\/2025\/12\/ep-Type-4BYQ-2.6-Kidney-Bean-Uprooting-Machine-4-Ridge-Forward-Push-4-1-12x12.webp 12w, https:\/\/farm-baler.com\/wp-content\/uploads\/2025\/12\/ep-Type-4BYQ-2.6-Kidney-Bean-Uprooting-Machine-4-Ridge-Forward-Push-4-1-100x100.webp 100w, https:\/\/farm-baler.com\/wp-content\/uploads\/2025\/12\/ep-Type-4BYQ-2.6-Kidney-Bean-Uprooting-Machine-4-Ridge-Forward-Push-4-1.webp 358w\" sizes=\"(max-width: 428px) 100vw, 428px\" \/><\/p>\n<h2>Arbetsprincip f\u00f6r 4BYQ-2.6 kidneyb\u00f6nsuppryckningsmaskinen<\/h2>\n<p>4BYQ-2.6 kidneyb\u00f6nsuppsamlaren anv\u00e4nder en <a href=\"http:\/\/silage-balers.com\" target=\"_blank\" rel=\"noopener\">fram\u00e5triktad mekanism<\/a> f\u00f6r effektiv sk\u00f6rd av kidneyb\u00f6nor. Maskinen best\u00e5r av fyra fram\u00e5tg\u00e5ende \u00e5sar som f\u00f6rsiktigt drar b\u00f6norna ur jorden. Denna design minimerar markst\u00f6rningar, vilket g\u00f6r den l\u00e4mplig f\u00f6r olika jordf\u00f6rh\u00e5llanden och minskar risken f\u00f6r skador p\u00e5 b\u00f6norna under sk\u00f6rden. Den fram\u00e5tg\u00e5ende mekanismen s\u00e4kerst\u00e4ller att b\u00f6norna dras ut smidigt och kontrollerat, vilket minimerar p\u00e5verkan p\u00e5 jorden.<\/p>\n<h3>Prim\u00e4ra anv\u00e4ndningsscenarier<\/h3>\n<p>4BYQ-2.6 kidneyb\u00f6nsuppryckningsmaskinen \u00e4r m\u00e5ngsidig och idealisk f\u00f6r olika till\u00e4mpningar inom kidneyb\u00f6nsodling. Nedan f\u00f6ljer de viktigaste scenarierna d\u00e4r denna maskin visar sig vara ov\u00e4rderlig:<\/p>\n<p>1. <strong>Storskaliga b\u00f6nodlingar<\/strong><\/p>\n<p>Stora kidneyb\u00f6nsodlingar kan dra stor nytta av 4BYQ-2.6:ans hastighet och effektivitet. Den minskar arbetskostnaderna och p\u00e5skyndar sk\u00f6rden, vilket leder till h\u00f6gre produktivitet.<\/p>\n<p>2. <strong>Olika jordf\u00f6rh\u00e5llanden<\/strong><\/p>\n<p>Maskinen \u00e4r konstruerad f\u00f6r att arbeta i en m\u00e4ngd olika jordf\u00f6rh\u00e5llanden, inklusive torra, fuktiga eller kompakta jordar, vilket g\u00f6r den l\u00e4mplig f\u00f6r olika jordbruksmilj\u00f6er.<\/p>\n<p>3. <strong>\u00c5tg\u00e4rder efter sk\u00f6rd<\/strong><\/p>\n<p>N\u00e4r kidneyb\u00f6norna har mognat kan 4BYQ-2.6 anv\u00e4ndas f\u00f6r att snabbt uppr\u00f6ja b\u00f6norna, vilket effektiviserar processen efter sk\u00f6rd.<\/p>\n<p>4. <strong>Kommersiell b\u00f6nproduktion<\/strong><\/p>\n<p>F\u00f6r kommersiella b\u00f6nproducenter \u00e4r det avg\u00f6rande att s\u00e4kerst\u00e4lla h\u00f6gkvalitativa, oskadade b\u00f6nor. 4BYQ-2.6 erbjuder en l\u00f6sning p\u00e5 detta genom att bibeh\u00e5lla gr\u00f6dans integritet under uppryckningsprocessen.<\/p>\n<p>5. <strong>L\u00e5gskadlig sk\u00f6rd<\/strong><\/p>\n<p>Jordbrukare som vill minska f\u00f6rluster p\u00e5 grund av skadade b\u00f6nor under sk\u00f6rden kommer att tycka att 4BYQ-2.6 \u00e4r s\u00e4rskilt anv\u00e4ndbar eftersom den s\u00e4kerst\u00e4ller minimala skador under processen.<\/p>\n<p>6. <strong>Jordbrukare \u00f6verg\u00e5r till moderna tekniker<\/strong><\/p>\n<p>Jordbrukare som uppgraderar sina metoder till mer moderna, mekaniserade l\u00f6sningar kan anv\u00e4nda den h\u00e4r maskinen f\u00f6r att f\u00f6rb\u00e4ttra effektiviteten och produktionen inom kidneyb\u00f6nsodling.<\/p>\n<h2>Hur man v\u00e4ljer r\u00e4tt 4BYQ-2.6 kidneyb\u00f6nsuppryckningsmaskin<\/h2>\n<p>N\u00e4r du v\u00e4ljer en 4BYQ-2.6 maskin f\u00f6r uppryckning av kidneyb\u00f6nor finns det flera viktiga faktorer att t\u00e4nka p\u00e5 f\u00f6r att s\u00e4kerst\u00e4lla att maskinen passar dina behov.<\/p>\n<p>1. <strong>F\u00e4ltstorlek<\/strong><\/p>\n<p>T\u00e4nk p\u00e5 storleken p\u00e5 din g\u00e5rd f\u00f6r att s\u00e4kerst\u00e4lla att maskinens kapacitet uppfyller dina krav. F\u00f6r storskaliga g\u00e5rdar, v\u00e4lj maskiner som erbjuder h\u00f6gre kapacitet.<\/p>\n<p>2. <strong>Jordtyp<\/strong><\/p>\n<p>Olika jordtyper kr\u00e4ver olika maskiner. Om du har kompakt eller lertung jord, se till att maskinen klarar av tuffa jordf\u00f6rh\u00e5llanden.<\/p>\n<p>3. <strong>Avverkningseffektivitet<\/strong><\/p>\n<p>S\u00e4kerst\u00e4ll att maskinens sk\u00f6rdehastighet \u00e4r tillr\u00e4cklig f\u00f6r ditt jordbruk, vilket bidrar till att \u00f6ka produktiviteten och minska arbetsinsatsen.<\/p>\n<p>4. <strong>H\u00e5llbarhet och byggkvalitet<\/strong><\/p>\n<p>V\u00e4lj en maskin som \u00e4r byggd f\u00f6r att h\u00e5lla. 4BYQ-2.6 \u00e4r k\u00e4nd f\u00f6r sin robusta konstruktion, vilket garanterar l\u00e5ngvarig prestanda \u00e4ven under tuffa arbetsf\u00f6rh\u00e5llanden.<\/p>\n<p>5. <strong>Underh\u00e5llskrav<\/strong><\/p>\n<p>Leta efter en maskin som \u00e4r l\u00e4tt att underh\u00e5lla och reparera. Regelbundet underh\u00e5ll \u00e4r n\u00f6dv\u00e4ndigt f\u00f6r att f\u00f6rl\u00e4nga maskinens livsl\u00e4ngd, s\u00e5 t\u00e4nk p\u00e5 hur tillg\u00e4ngliga reservdelar och reparationstj\u00e4nster \u00e4r i din region.<\/p>\n<p>6. <strong>Pris och avkastning p\u00e5 investeringen<\/strong><\/p>\n<p>V\u00e4rdera maskinens kostnad mot den potentiella produktivitets\u00f6kningen. 4BYQ-2.6 erbjuder en solid avkastning p\u00e5 investeringen genom arbetsbesparingar och h\u00f6gre produktion.<\/p>\n<p style=\"text-align: center;\"><img loading=\"lazy\" decoding=\"async\" class=\"alignnone wp-image-377\" src=\"https:\/\/farm-baler.com\/wp-content\/uploads\/2025\/12\/ep-Type-4BYQ-2.6-Kidney-Bean-Uprooting-Machine-4-Ridge-Forward-Push-3-1-300x300.webp\" alt=\"Uppryckningsmaskin\" width=\"449\" height=\"449\" srcset=\"https:\/\/farm-baler.com\/wp-content\/uploads\/2025\/12\/ep-Type-4BYQ-2.6-Kidney-Bean-Uprooting-Machine-4-Ridge-Forward-Push-3-1-300x300.webp 300w, https:\/\/farm-baler.com\/wp-content\/uploads\/2025\/12\/ep-Type-4BYQ-2.6-Kidney-Bean-Uprooting-Machine-4-Ridge-Forward-Push-3-1-150x150.webp 150w, https:\/\/farm-baler.com\/wp-content\/uploads\/2025\/12\/ep-Type-4BYQ-2.6-Kidney-Bean-Uprooting-Machine-4-Ridge-Forward-Push-3-1-12x12.webp 12w, https:\/\/farm-baler.com\/wp-content\/uploads\/2025\/12\/ep-Type-4BYQ-2.6-Kidney-Bean-Uprooting-Machine-4-Ridge-Forward-Push-3-1-100x100.webp 100w, https:\/\/farm-baler.com\/wp-content\/uploads\/2025\/12\/ep-Type-4BYQ-2.6-Kidney-Bean-Uprooting-Machine-4-Ridge-Forward-Push-3-1.webp 351w\" sizes=\"(max-width: 449px) 100vw, 449px\" \/><\/p>\n<h2>Underh\u00e5ll av 4BYQ-2.6 kidneyb\u00f6nsuppryckningsmaskinen<\/h2>\n<p>Korrekt underh\u00e5ll \u00e4r avg\u00f6rande f\u00f6r att s\u00e4kerst\u00e4lla livsl\u00e4ngden och effektiviteten hos 4BYQ-2.6 kidneyb\u00f6nsuppryckningsmaskinen. H\u00e4r \u00e4r n\u00e5gra viktiga underh\u00e5llssteg:<\/p>\n<ul>\n<li><strong>Regelbunden reng\u00f6ring<\/strong>Reng\u00f6r maskinen efter varje anv\u00e4ndning f\u00f6r att avl\u00e4gsna smuts och skr\u00e4p. Detta hj\u00e4lper till att f\u00f6rhindra smutsavlagringar, vilket kan p\u00e5verka dess prestanda.<\/li>\n<li><strong>Sm\u00f6rjning<\/strong>Sm\u00f6rj regelbundet r\u00f6rliga delar f\u00f6r att s\u00e4kerst\u00e4lla smidig drift och minska slitage.<\/li>\n<li><strong>Inspektion av delar<\/strong>Inspektera regelbundet viktiga komponenter, inklusive \u00e5sarna och fram\u00e5tskjutningsmekanismen, f\u00f6r tecken p\u00e5 skador eller slitage.<\/li>\n<li><strong>Kontrollera hydraulsystemen<\/strong>S\u00e4kerst\u00e4ll att hydraulsystemet fungerar korrekt f\u00f6r att bibeh\u00e5lla optimal prestanda.<\/li>\n<li><strong>Lagring<\/strong>N\u00e4r maskinen inte anv\u00e4nds, f\u00f6rvara den p\u00e5 en torr och skyddad plats f\u00f6r att f\u00f6rhindra rost och korrosion.<\/li>\n<\/ul>\n<h2>Kundrecensioner<\/h2>\n<p><em>\u201dVi har anv\u00e4nt 4BYQ-2.6 i en s\u00e4song, och den \u00e4r verkligen revolutionerande f\u00f6r v\u00e5r stora g\u00e5rd. Sk\u00f6rdehastigheten \u00e4r otrolig och den minskar arbetskostnaderna avsev\u00e4rt. Vi har m\u00e4rkt minimala skador p\u00e5 b\u00f6norna, vilket har lett till b\u00e4ttre kvalitet p\u00e5 produkterna.\u201d<\/em><\/p>\n<p>\u2013 James H., Kansas<\/p>\n<p><em>\u201dJag var skeptisk f\u00f6rst, men efter att ha sett resultaten \u00e4r jag \u00f6vertygad. Maskinen presterar bra i v\u00e5r tuffa, kompakta jord, och den \u00e4r otroligt enkel att anv\u00e4nda. Vi har sparat timmar av manuellt arbete.\u201d<\/em><\/p>\n<p>\u2013 Sarah M., Ontario<\/p>\n<p><em>\u201dDet h\u00e4r \u00e4r den mest effektiva uppryckningsmaskinen jag har anv\u00e4nt. Den fungerar perfekt i v\u00e5r sandjord och har minskat sk\u00f6rdef\u00f6rlusten p\u00e5 grund av sk\u00f6rd. Det \u00e4r en investering som \u00e4r v\u00e4rd att g\u00f6ra.\u201d<\/em><\/p>\n<p>\u2013 Ravi K., Punjab<\/p>\n<p><em>\u201d4BYQ-2.6 har gjort v\u00e5r sk\u00f6rd av kidneyb\u00f6nor mycket effektivare. Vi brukade f\u00f6rlita oss p\u00e5 manuellt arbete, men nu g\u00f6r maskinen jobbet och vi blir klara mycket snabbare. Vi har kunnat ut\u00f6ka v\u00e5r produktion tack vare den tid som sparats.\u201d<\/em><\/p>\n<p>\u2013 Fernando L., S\u00e3o Paulo<\/p>\n<p><em>\u201dVi har anv\u00e4nt 4BYQ-2.6 i ungef\u00e4r sex m\u00e5nader nu. Den presterar \u00f6ver f\u00f6rv\u00e4ntan. Kvaliteten p\u00e5 de sk\u00f6rdade b\u00f6norna \u00e4r f\u00f6rstklassig och maskinen \u00e4r f\u00f6rv\u00e5nansv\u00e4rt h\u00e5llbar.\u201d<\/em><\/p>\n<p>\u2013 Claire T., Queensland<\/p>\n<h2>Varf\u00f6r v\u00e4lja v\u00e5r produkt?<\/h2>\n<p><strong>Snabb anpassningstj\u00e4nst<\/strong><\/p>\n<p>Vi erbjuder snabba och effektiva anpassningsalternativ f\u00f6r att s\u00e4kerst\u00e4lla att 4BYQ-2.6 uppfyller de specifika behoven p\u00e5 just din g\u00e5rd. V\u00e5rt team arbetar n\u00e4ra kunderna f\u00f6r att modifiera maskinen f\u00f6r alla specifika krav.<\/p>\n<p><strong>Stark eftermarknadssupport<\/strong><\/p>\n<p>Vi \u00e4r stolta \u00f6ver att erbjuda utm\u00e4rkt eftermarknadsservice, inklusive fels\u00f6kning, utbildning och underh\u00e5llssupport.<\/p>\n<p><strong>3 \u00e5rs garanti<\/strong><\/p>\n<p>V\u00e5ra produkter levereras med tre \u00e5rs garanti, vilket garanterar sinnesro vid varje k\u00f6p.<\/p>\n<p><strong>Snabb global frakt<\/strong><\/p>\n<p>Vi erbjuder snabb och p\u00e5litlig global frakt, vilket s\u00e4kerst\u00e4ller att v\u00e5ra maskiner n\u00e5r kunder \u00f6ver hela v\u00e4rlden i tid.<\/p>\n<p><strong>Utm\u00e4rkt service och support<\/strong><\/p>\n<p>Fr\u00e5n konsultation f\u00f6re k\u00f6p till support efter k\u00f6pet \u00e4r vi dedikerade till att leverera en exceptionell kundupplevelse i varje steg.<\/p>\n<h2>Vanliga fr\u00e5gor<\/h2>\n<p><strong>1. Vad \u00e4r 4BYQ-2.6 kidneyb\u00f6nsuppryckningsmaskinen avsedd f\u00f6r?<\/strong><\/p>\n<p><strong>Svar<\/strong>4BYQ-2.6 \u00e4r speciellt utformad f\u00f6r att rycka upp kidneyb\u00f6nor med r\u00f6tterna med minimala skador p\u00e5 gr\u00f6dan, vilket \u00f6kar produktiviteten och minskar arbetskostnaderna.<\/p>\n<p><strong>2. Kan den h\u00e4r maskinen hantera olika jordtyper?<\/strong><\/p>\n<p><strong>Svar<\/strong>Ja, 4BYQ-2.6 \u00e4r anpassningsbar till olika jordf\u00f6rh\u00e5llanden, inklusive kompakterade och lertunga jordar.<\/p>\n<p><strong>3. Hur mycket arbete sparar 4BYQ-2.6?<\/strong><\/p>\n<p><strong>Svar<\/strong>Det minskar manuellt arbete avsev\u00e4rt genom att automatisera uppryckningsprocessen, vilket \u00f6kar effektiviteten och produktiviteten.<\/p>\n<p><strong>4. \u00c4r 4BYQ-2.6 l\u00e4tt att underh\u00e5lla?<\/strong><\/p>\n<p><strong>Svar<\/strong>Ja, den \u00e4r l\u00e4tt att underh\u00e5lla med regelbunden reng\u00f6ring, sm\u00f6rjning och inspektioner f\u00f6r att s\u00e4kerst\u00e4lla optimal prestanda.<\/p>\n<p><strong>5. Vilken \u00e4r garantiperioden f\u00f6r den h\u00e4r maskinen?<\/strong><\/p>\n<p><strong>Svar<\/strong>4BYQ-2.6 levereras med tre \u00e5rs garanti, vilket ger skydd och sinnesro.<\/p>\n<p><strong>6. Kan 4BYQ-2.6 anpassas f\u00f6r specifika behov?<\/strong><\/p>\n<p><strong>Svar<\/strong>Ja, vi erbjuder anpassningsalternativ f\u00f6r att m\u00f6ta de specifika kraven p\u00e5 din g\u00e5rd.<\/p>\n<p><strong>7. Hur snabb \u00e4r leveransen av den h\u00e4r maskinen?<\/strong><\/p>\n<p><strong>Svar<\/strong>Vi erbjuder snabb global frakt, vilket garanterar snabb leverans till vilken plats som helst.<\/p>\n<p><strong>8. Kan maskinen anv\u00e4ndas f\u00f6r andra gr\u00f6dor f\u00f6rutom kidneyb\u00f6nor?<\/strong><\/p>\n<p><strong>Svar<\/strong>\u00c4ven om den \u00e4r specifikt utformad f\u00f6r kidneyb\u00f6nor, kan maskinen anpassas f\u00f6r anv\u00e4ndning med andra gr\u00f6dor under vissa f\u00f6rh\u00e5llanden.<\/p>\n<p><strong>9. Hur mycket kostar 4BYQ-2.6?<\/strong><\/p>\n<p><strong>Svar<\/strong>Kostnaden varierar beroende p\u00e5 anpassnings- och fraktalternativ. Kontakta oss f\u00f6r en personlig offert.<\/p>\n<p><strong>10. Vilken \u00e4r den maximala f\u00e4ltstorleken som 4BYQ-2.6 kan hantera?<\/strong><\/p>\n<p><strong>Svar<\/strong>Maskinen \u00e4r l\u00e4mplig f\u00f6r storskaliga g\u00e5rdar och hanterar f\u00e4lt p\u00e5 flera hektar effektivt.<\/p>\n<p><strong>11. Kr\u00e4ver 4BYQ-2.6 s\u00e4rskild utbildning f\u00f6r att fungera?<\/strong><\/p>\n<p><strong>Svar<\/strong>\u00c4ven om maskinen \u00e4r anv\u00e4ndarv\u00e4nlig rekommenderas grundl\u00e4ggande utbildning f\u00f6r optimal drift.<\/p>\n<p><strong>12. Vilket underh\u00e5ll kr\u00e4vs f\u00f6r 4BYQ-2.6?<\/strong><\/p>\n<p><strong>Svar<\/strong>Regelbunden reng\u00f6ring, sm\u00f6rjning och inspektioner \u00e4r n\u00f6dv\u00e4ndiga f\u00f6r att bibeh\u00e5lla maskinens prestanda.<\/p>\n<p><strong>13. \u00c4r maskinen h\u00e5llbar?<\/strong><\/p>\n<p><strong>Svar<\/strong>Ja, 4BYQ-2.6 \u00e4r byggd med h\u00f6gkvalitativa material f\u00f6r att s\u00e4kerst\u00e4lla l\u00e5ngvarig h\u00e5llbarhet.<\/p>\n<p><strong>14. Kan maskinen anv\u00e4ndas f\u00f6r sm\u00e5skaliga g\u00e5rdar?<\/strong><\/p>\n<p><strong>Svar<\/strong>\u00c4ven om den \u00e4r idealisk f\u00f6r stora g\u00e5rdar kan 4BYQ-2.6 \u00e4ven anv\u00e4ndas p\u00e5 mindre g\u00e5rdar vid behov.<\/p>\n<p><strong>15. Hur kan jag kontakta er f\u00f6r mer information?<\/strong><\/p>\n<p><strong>Svar<\/strong>Kontakta v\u00e5r kundtj\u00e4nst via v\u00e5r webbplats eller e-post f\u00f6r mer information och fr\u00e5gor.<\/p>\n<p>B\u00f6nupptagaren 4BYQ-2.6 \u00e4r det perfekta valet f\u00f6r att modernisera din b\u00f6nupptagningsprocess. Med sin h\u00f6ga effektivitet, l\u00e5ga sk\u00f6rdeskador och robusta design kommer denna investering att avsev\u00e4rt f\u00f6rb\u00e4ttra din jordbruksproduktivitet.<\/p>\n<p>L\u00e4r dig mer om b\u00f6nupptagaren 4BYQ-2.6 idag och upplev dess \u00f6verl\u00e4gsna f\u00f6rdelar p\u00e5 n\u00e4ra h\u00e5ll. Kontakta oss f\u00f6r mer information, en personlig offert eller f\u00f6r att l\u00e4gga en best\u00e4llning. V\u00e5r starka produktionskapacitet, h\u00f6gkvalitativa produkter och utm\u00e4rkta kundservice g\u00f6r oss till det b\u00e4sta valet f\u00f6r alla dina behov av jordbruksmaskiner.<\/p>\n<p>eidit av gzl<\/p>","protected":false},"excerpt":{"rendered":"<p>Uppt\u00e4ck 4BYQ-2.6 kidneyb\u00f6nsupprullningsmaskinen (4-runds fram\u00e5tskjutning) som \u00e4r konstruerad f\u00f6r h\u00f6geffektiv och precisionssk\u00f6rd. Denna avancerade maskin s\u00e4kerst\u00e4ller snabbare och renare upprullning, minimerar gr\u00f6df\u00f6rlust och maximerar avkastningen. Dess h\u00e5llbara 4-runds fram\u00e5tskjutningssystem \u00e4r perfekt f\u00f6r storskaliga kidneyb\u00f6nsodlingar. Maskinen \u00e4r enkel att anv\u00e4nda och underh\u00e5lla, \u00f6kar produktiviteten och minskar manuellt arbete. F\u00f6rb\u00e4ttra dina sk\u00f6rdar och skaffa din 4BYQ-2.6 idag f\u00f6r att uppleva en s\u00f6ml\u00f6s jordbruksl\u00f6sning f\u00f6r b\u00e4ttre effektivitet och gr\u00f6dhantering. Kontakta oss nu f\u00f6r att l\u00e4ra dig mer!<\/p>","protected":false},"featured_media":380,"template":"","meta":{"_et_pb_use_builder":"","_et_pb_old_content":"","_et_gb_content_width":""},"product_brand":[],"product_cat":[23],"product_tag":[],"class_list":{"0":"post-376","1":"product","2":"type-product","3":"status-publish","4":"has-post-thumbnail","6":"product_cat-kidney-bean-puller","8":"first","9":"instock","10":"shipping-taxable","11":"product-type-simple"},"_links":{"self":[{"href":"https:\/\/farm-baler.com\/sv\/wp-json\/wp\/v2\/product\/376","targetHints":{"allow":["GET"]}}],"collection":[{"href":"https:\/\/farm-baler.com\/sv\/wp-json\/wp\/v2\/product"}],"about":[{"href":"https:\/\/farm-baler.com\/sv\/wp-json\/wp\/v2\/types\/product"}],"wp:featuredmedia":[{"embeddable":true,"href":"https:\/\/farm-baler.com\/sv\/wp-json\/wp\/v2\/media\/380"}],"wp:attachment":[{"href":"https:\/\/farm-baler.com\/sv\/wp-json\/wp\/v2\/media?parent=376"}],"wp:term":[{"taxonomy":"product_brand","embeddable":true,"href":"https:\/\/farm-baler.com\/sv\/wp-json\/wp\/v2\/product_brand?post=376"},{"taxonomy":"product_cat","embeddable":true,"href":"https:\/\/farm-baler.com\/sv\/wp-json\/wp\/v2\/product_cat?post=376"},{"taxonomy":"product_tag","embeddable":true,"href":"https:\/\/farm-baler.com\/sv\/wp-json\/wp\/v2\/product_tag?post=376"}],"curies":[{"name":"wp","href":"https:\/\/api.w.org\/{rel}","templated":true}]}}