{"id":212,"date":"2025-11-19T06:09:06","date_gmt":"2025-11-19T06:09:06","guid":{"rendered":"https:\/\/farm-baler.com\/?post_type=product&#038;p=212"},"modified":"2025-12-17T06:46:31","modified_gmt":"2025-12-17T06:46:31","slug":"9jyy-4-5-plock-och-transportmaskin","status":"publish","type":"product","link":"https:\/\/farm-baler.com\/sv\/produkt\/9jyy-4-5-plock-och-transportmaskin\/","title":{"rendered":"9JYY-4.5 rundbalsplocknings- och transportmaskin"},"content":{"rendered":"<p>9JYY-4.5 rundbalsplocknings- och transportmaskinen \u00e4r en revolutionerande jordbruksmaskin f\u00f6r balning, utformad f\u00f6r att f\u00f6renkla och p\u00e5skynda plockning och transport av rundbalar p\u00e5 g\u00e5rdar. Denna robusta och p\u00e5litliga maskin \u00e4r ett viktigt val f\u00f6r alla g\u00e5rdar som hanterar stora m\u00e4ngder h\u00f6, halm eller ensilage, och erbjuder o\u00f6vertr\u00e4ffad effektivitet och anv\u00e4ndarv\u00e4nlighet. 9JYY-4.5 \u00e4r utformad f\u00f6r att f\u00f6rb\u00e4ttra arbetsfl\u00f6det, minska arbetskostnaderna och g\u00f6ra balhanteringen enklare \u00e4n n\u00e5gonsin tidigare.<\/p>\n<h2>Tekniska specifikationer<\/h2>\n<table style=\"border-color: #000000;\">\n<thead>\n<tr>\n<th>Serienummer<\/th>\n<th>Punkt<\/th>\n<th>Enhet<\/th>\n<th>Specifikation<\/th>\n<\/tr>\n<\/thead>\n<tbody>\n<tr>\n<td>1<\/td>\n<td>Produktnamn<\/td>\n<td>\/<\/td>\n<td>Maskin f\u00f6r plockning och transport av rundbalar<\/td>\n<\/tr>\n<tr>\n<td>2<\/td>\n<td>Produktmodell<\/td>\n<td>\/<\/td>\n<td>9JYY-4.5<\/td>\n<\/tr>\n<tr>\n<td>3<\/td>\n<td>Hitching-metoden<\/td>\n<td>\/<\/td>\n<td>Dragtyp<\/td>\n<\/tr>\n<tr>\n<td>4<\/td>\n<td>Lastnings- och lossningsformul\u00e4r<\/td>\n<td>\/<\/td>\n<td>Hydraulisk<\/td>\n<\/tr>\n<tr>\n<td>5<\/td>\n<td>Maximal lastkapacitet<\/td>\n<td>kg<\/td>\n<td>4500<\/td>\n<\/tr>\n<tr>\n<td>6<\/td>\n<td>Matchande effektomr\u00e5de<\/td>\n<td>kW<\/td>\n<td>\u226550<\/td>\n<\/tr>\n<tr>\n<td>7<\/td>\n<td>Arbetstryck (med tv\u00e5 upps\u00e4ttningar hydrauliska drivenheter)<\/td>\n<td>MPa<\/td>\n<td>\u226516<\/td>\n<\/tr>\n<tr>\n<td>8<\/td>\n<td>Transporthastighet<\/td>\n<td>km\/h<\/td>\n<td>\u226440<\/td>\n<\/tr>\n<tr>\n<td>9<\/td>\n<td>D\u00e4ckmodell<\/td>\n<td>\/<\/td>\n<td>400\/60-15.5 (Dubbelaxlade fyra hjul)<\/td>\n<\/tr>\n<tr>\n<td>10<\/td>\n<td>Lastbar och lossbar balstorlek<\/td>\n<td>mm<\/td>\n<td>Diameter 1000-1400, l\u00e4ngd 1000-1500<\/td>\n<\/tr>\n<tr>\n<td>11<\/td>\n<td>Totalm\u00e5tt (l\u00e4ngd \u00d7 bredd \u00d7 h\u00f6jd)<\/td>\n<td>mm<\/td>\n<td>Arbetsstorlek: 9400\u00d76750\u00d71750; Transportstorlek: 9400\u00d72900\u00d73300<\/td>\n<\/tr>\n<tr>\n<td>12<\/td>\n<td>Totalvikt<\/td>\n<td>kg<\/td>\n<td>3240<\/td>\n<\/tr>\n<\/tbody>\n<\/table>\n<h1>9JYY-4.5 rundbalsplocknings- och transportmaskin<\/h1>\n<p>9JYY-4.5 rundbalsplocknings- och transportmaskinen \u00e4r en avancerad jordbruksmaskin utformad f\u00f6r att effektivt plocka, transportera och stapla runda h\u00f6balar med minimal arbets- och tidsinvestering. Denna utrustning \u00e4r idealisk f\u00f6r stora g\u00e5rdar som kr\u00e4ver snabb och p\u00e5litlig bearbetning av h\u00f6balar, vilket \u00f6kar produktiviteten och minskar driftskostnaderna. Tack vare sin innovativa teknik har maskinen \u00f6verl\u00e4gsen prestanda, h\u00e5llbarhet och l\u00e5ngsiktig stabil drift.<\/p>\n<h2>Produktdefinition<\/h2>\n<p>9JYY-4.5 rundbalsplocknings- och transportmaskinen \u00e4r en maskin som \u00e4r konstruerad f\u00f6r att automatiskt plocka upp och transportera runda h\u00f6balar. Dess robusta struktur och geniala design g\u00f6r den idealisk f\u00f6r jordbruksverksamhet som kr\u00e4ver effektiv hantering av h\u00f6balar med tung utrustning. Denna maskin \u00e4r kapabel att utf\u00f6ra uppgifter som att lyfta, flytta och stapla h\u00f6balar i olika storlekar och \u00e4r ett oumb\u00e4rligt verktyg i modern jordbrukspraxis.<\/p>\n<h2>L\u00f6sta problem och anv\u00e4ndningsomr\u00e5den<\/h2>\n<p>Denna maskin l\u00f6ser flera vanliga problem inom jordbruksproduktionen, inklusive arbetskraftsbrist, ineffektivitet vid manuell hantering av balar och slitage orsakat av traditionella hanteringsmetoder. Dess till\u00e4mpningar t\u00e4cker en m\u00e4ngd olika jordbruksverksamheter, inklusive h\u00f6insamling, baltransport och stapling. 9JYY-4.5:s m\u00e5ngsidighet g\u00f6r den l\u00e4mplig f\u00f6r olika jordbruksaktiviteter, s\u00e5som insamling av h\u00f6, halm och andra typer av biomassamaterial. Genom att automatisera och optimera balinsamlingsprocessen kan lantbrukare fokusera mer p\u00e5 andra viktiga uppgifter samtidigt som de f\u00f6rb\u00e4ttrar den totala produktiviteten.<\/p>\n<p style=\"text-align: center;\"><img loading=\"lazy\" decoding=\"async\" class=\"alignnone wp-image-263\" src=\"https:\/\/farm-baler.com\/wp-content\/uploads\/2025\/11\/ep-Type-9JYY-4.5-Round-Bale-Picking-and-Transporting-Machine-11-300x300.webp\" alt=\"Plockning och transport\" width=\"355\" height=\"355\" \/><\/p>\n<h2>Produktf\u00f6rdelar<\/h2>\n<ul>\n<li>\n<h3>H\u00f6g effektivitet<\/h3>\n<p>Maskinen 9JYY-4.5 \u00e4r konstruerad f\u00f6r att avsev\u00e4rt minska tiden som beh\u00f6vs f\u00f6r att samla in och transportera rundbalar. Den \u00f6kar driftshastigheten och s\u00e4kerst\u00e4ller att jobbet utf\u00f6rs p\u00e5 kortare tid, vilket frig\u00f6r resurser f\u00f6r andra uppgifter.<\/li>\n<li>\n<h3>H\u00e5llbarhet och tillf\u00f6rlitlighet<\/h3>\n<p>Denna maskin \u00e4r byggd f\u00f6r att klara de tuffa f\u00f6rh\u00e5llandena inom jordbruksarbete och har en robust design och h\u00f6gkvalitativa material, vilket garanterar l\u00e5ngvarig prestanda \u00e4ven under de mest kr\u00e4vande f\u00f6rh\u00e5llandena.<\/li>\n<li>\n<h3>Enkel anv\u00e4ndning<\/h3>\n<p>Maskinen \u00e4r utrustad med ett intuitivt styrsystem, vilket g\u00f6r den enkel att anv\u00e4nda. \u00c4ven de med minimal teknisk kunskap kan hantera maskinen effektivt, vilket minskar behovet av specialiserad utbildning.<\/li>\n<li>\n<h3>Kostnadseffektiv<\/h3>\n<p>Genom att automatisera balhanteringsprocessen minskar 9JYY-4.5 behovet av manuellt arbete, vilket s\u00e4nker driftskostnaderna. Det \u00e4r en investering som l\u00f6nar sig genom att \u00f6ka produktiviteten och minska risken f\u00f6r skador bland arbetarna.<\/li>\n<li>\n<h3>M\u00e5ngsidighet<\/h3>\n<p>9JYY-4.5 \u00e4r konstruerad f\u00f6r att hantera balar av olika storlekar och passar f\u00f6r olika jordbruksverksamheter. Oavsett om du arbetar med h\u00f6, halm eller andra typer av biomassa kan den h\u00e4r maskinen anpassas till dina behov.<\/li>\n<\/ul>\n<h2>Hur 9JYY-4.5 rundbalsplocknings- och transportmaskinen fungerar<\/h2>\n<p>9JYY-4.5 \u00e4r utrustad med ett mekaniskt lyftsystem som automatiskt plockar upp rundbalar fr\u00e5n marken. Maskinen anv\u00e4nder en serie hydrauliska armar f\u00f6r att f\u00f6rsiktigt lyfta balarna och lasta dem p\u00e5 en transportplattform. Transportmekanismen flyttar sedan balarna till en avsedd plats f\u00f6r lagring eller vidare bearbetning. Maskinens avancerade styrsystem s\u00e4kerst\u00e4ller exakt balhantering, vilket minimerar skador och optimerar transporthastigheten. Dessutom \u00e4r transportsystemet utformat f\u00f6r smidig och stabil drift, vilket f\u00f6rhindrar att balarna f\u00f6rskjuts eller rullar under transport.<\/p>\n<h2>Huvudsakliga till\u00e4mpningar<\/h2>\n<ul>\n<li>\n<h3>H\u00f6- och halmsamling<\/h3>\n<p>Maskinen \u00e4r idealisk f\u00f6r att samla h\u00f6- och halmbalar, vilket g\u00f6r processen snabbare och mindre arbetsintensiv. Den kan effektivt plocka upp balar fr\u00e5n \u00e5krar och transportera dem till lagerplatser.<\/li>\n<li>\n<h3>Effektiv transport<\/h3>\n<p>9JYY-4.5 \u00e4r perfekt f\u00f6r att transportera balar \u00f6ver l\u00e5nga str\u00e4ckor inom g\u00e5rdar eller mellan \u00e5krar. Dess robusta hjul och stabila transportplattform s\u00e4kerst\u00e4ller att balarna flyttas utan att de f\u00f6rskjuts eller faller av.<\/li>\n<li>\n<h3>Stapling av balar<\/h3>\n<p>Maskinen kan ocks\u00e5 stapla balar i en specifik konfiguration, vilket minskar behovet av manuell stapling och f\u00f6rb\u00e4ttrar organisationen av lagerutrymmen.<\/li>\n<li>\n<h3>Minska arbetskraftskostnaderna<\/h3>\n<p>Genom att automatisera plocknings-, transport- och staplingsprocesserna minskar maskinen avsev\u00e4rt m\u00e4ngden arbetskraft som kr\u00e4vs, vilket minskar personalbehovet och f\u00f6rb\u00e4ttrar effektiviteten.<\/li>\n<li>\n<h3>F\u00f6rb\u00e4ttrad arbetss\u00e4kerhet<\/h3>\n<p>Maskinen minimerar den fysiska belastningen och skaderiskerna i samband med manuell balhantering. Genom att minska manuell lyftning och transport f\u00f6rb\u00e4ttrar 9JYY-4.5 arbetarnas s\u00e4kerhet p\u00e5 g\u00e5rden.<\/li>\n<li>\n<h3>L\u00e4mplig f\u00f6r stora g\u00e5rdar<\/h3>\n<p>Denna maskin \u00e4r idealisk f\u00f6r storskaliga verksamheter, d\u00e4r hanteringen av ett stort antal balar kan bli \u00f6verv\u00e4ldigande. Dess effektivitet och kraft g\u00f6r den perfekt f\u00f6r stora g\u00e5rdar med h\u00f6g volym h\u00f6- eller halmproduktion.<\/li>\n<\/ul>\n<h2>Hur man v\u00e4ljer r\u00e4tt 9JYY-4.5 rundbalsplocknings- och transportmaskin<\/h2>\n<ul>\n<li>\n<h3>T\u00e4nk p\u00e5 balstorleken<\/h3>\n<p>Se till att maskinen du v\u00e4ljer \u00e4r kompatibel med balstorleken p\u00e5 din g\u00e5rd. 9JYY-4.5 \u00e4r konstruerad f\u00f6r att hantera vanliga rundbalar, men det \u00e4r viktigt att kontrollera kompatibiliteten f\u00f6r att undvika ineffektivitet i utrustningen.<\/li>\n<li>\n<h3>Utv\u00e4rdera operativ terr\u00e4ng<\/h3>\n<p>Om din g\u00e5rd har oj\u00e4mn terr\u00e4ng eller utmanande f\u00f6rh\u00e5llanden, v\u00e4lj en maskin med robust design och hjul som \u00e4r l\u00e4mpliga f\u00f6r grova ytor. 9JYY-4.5 har stora, h\u00e5llbara hjul som klarar en m\u00e4ngd olika landskap.<\/li>\n<li>\n<h3>Maskinkapacitet<\/h3>\n<p>Beakta maskinens lyft- och transportkapacitet baserat p\u00e5 din g\u00e5rds arbetsvolym. Om du beh\u00f6ver transportera stora m\u00e4ngder balar, v\u00e4lj en maskin med h\u00f6gre lastkapacitet.<\/li>\n<li>\n<h3>Hydraulsystemets effektivitet<\/h3>\n<p>Kontrollera hydraulsystemets effektivitet, eftersom det \u00e4r nyckeln till att lyfta och transportera balar smidigt. 9JYY-4.5:orna <a href=\"https:\/\/agricultural-baler.com\/\" target=\"_blank\" rel=\"noopener\">hydrauliska armar<\/a> ge effektiv prestanda \u00e4ven under tung belastning.<\/li>\n<li>\n<h3>Underh\u00e5llskrav<\/h3>\n<p>Vissa maskiner kr\u00e4ver mer frekvent underh\u00e5ll. Se till att v\u00e4lja en som matchar dina underh\u00e5llsm\u00f6jligheter. 9JYY-4.5 \u00e4r konstruerad f\u00f6r enkelt underh\u00e5ll med minimal driftstopp.<\/li>\n<li>\n<h3>Garanti och support<\/h3>\n<p>Se till att maskinen levereras med en omfattande garanti och utm\u00e4rkt kundservice. 9JYY-4.5 erbjuder 3 \u00e5rs garanti och snabb kundsupport.<\/li>\n<\/ul>\n<h2>Underh\u00e5llsmetoder f\u00f6r 9JYY-4.5 rundbalsplocknings- och transportmaskin<\/h2>\n<p>F\u00f6r att 9JYY-4.5 ska fungera smidigt \u00e4r regelbundet underh\u00e5ll viktigt. F\u00f6lj dessa steg:<\/p>\n<ul>\n<li>\n<h3>Regelbunden inspektion<\/h3>\n<p>Utf\u00f6r regelbundna kontroller f\u00f6r att s\u00e4kerst\u00e4lla att alla delar, s\u00e4rskilt hydraulsystemet, fungerar korrekt. Kontrollera lyftarmarna och transportplattformen med avseende p\u00e5 slitage.<\/li>\n<li>\n<h3>Sm\u00f6rjning<\/h3>\n<p>Se till att alla r\u00f6rliga delar \u00e4r ordentligt smorda f\u00f6r att f\u00f6rhindra friktion och skador. Regelbunden sm\u00f6rjning bidrar till att uppr\u00e4tth\u00e5lla maskinens smidiga drift.<\/li>\n<li>\n<h3>Kontroller av hydraulv\u00e4tska<\/h3>\n<p>Kontrollera och byt regelbundet hydraulv\u00e4tskan f\u00f6r att s\u00e4kerst\u00e4lla optimal prestanda f\u00f6r lyftsystemet. Anv\u00e4nd rekommenderad v\u00e4tsketyp f\u00f6r maximal effektivitet.<\/li>\n<li>\n<h3>Reng\u00f6ring<\/h3>\n<p>Reng\u00f6r maskinen efter varje anv\u00e4ndning f\u00f6r att avl\u00e4gsna smuts och skr\u00e4p som kan t\u00e4ppa till systemet. Att h\u00e5lla maskinen ren f\u00f6rb\u00e4ttrar dess livsl\u00e4ngd och prestanda.<\/li>\n<li>\n<h3>\u00d6vervaka d\u00e4cktrycket<\/h3>\n<p>Kontrollera d\u00e4cktrycket regelbundet f\u00f6r att s\u00e4kerst\u00e4lla att maskinen fungerar effektivt p\u00e5 oj\u00e4mn mark. Korrekt d\u00e4cktryck f\u00f6rhindrar skador p\u00e5 d\u00e4cken och s\u00e4kerst\u00e4ller s\u00e4ker drift.<\/li>\n<\/ul>\n<h2>Kundrecensioner<\/h2>\n<p><strong>\u2013 David, USA<\/strong><br \/>\n\u201dVi har anv\u00e4nt 9JYY-4.5 p\u00e5 v\u00e5r g\u00e5rd det senaste \u00e5ret, och den har dramatiskt f\u00f6rb\u00e4ttrat v\u00e5r balhanteringseffektivitet. Maskinen plockar enkelt upp och flyttar stora balar utan problem, och byggkvaliteten \u00e4r exceptionell. Den har sparat oss tid och arbetskostnader, vilket g\u00f6r att v\u00e5rt team kan fokusera p\u00e5 andra viktiga uppgifter. Rekommenderar den starkt till andra lantbrukare!\u201d<\/p>\n<p><strong>\u2013 Sarah, Kanada<\/strong><br \/>\n\u201dJag var fr\u00e5n b\u00f6rjan skeptisk till att investera i en maskin som 9JYY-4.5, men den har varit revolutionerande f\u00f6r oss. Den \u00e4r s\u00e5 enkel att anv\u00e4nda och lyftmekanismen fungerar utm\u00e4rkt. Maskinens h\u00e5llbarhet \u00e4r f\u00f6rstklassig, \u00e4ven i v\u00e5ra kalla och v\u00e5ta f\u00f6rh\u00e5llanden. Vi f\u00e5r mer gjort med mindre anstr\u00e4ngning, och det \u00e4r ov\u00e4rderligt.\u201d<\/p>\n<p><strong>\u2013 Marco, Brasilien<\/strong><br \/>\n\u201dSom medelstor lantbrukare tyckte jag att den h\u00e4r maskinen passade perfekt f\u00f6r v\u00e5ra behov. 9JYY-4.5 har \u00f6kat v\u00e5r produktivitet, och arbetarna \u00e4r mycket s\u00e4krare nu n\u00e4r de inte beh\u00f6ver hantera tunga balar manuellt. Dessutom var kundservicen utm\u00e4rkt n\u00e4r vi hade en fr\u00e5ga. En bra investering!\u201d<\/p>\n<p><strong>\u2013 Henri, Frankrike<\/strong><br \/>\n\u201dEfter att ha anv\u00e4nt 9JYY-4.5 i n\u00e5gra m\u00e5nader kan jag s\u00e4ga att det \u00e4r en av de b\u00e4sta investeringarna jag har gjort f\u00f6r min g\u00e5rd. Balplocknings- och transportsystemet \u00e4r snabbt och effektivt. Det \u00e4r ocks\u00e5 mycket l\u00e4ttsk\u00f6tt, vilket \u00e4r ett stort plus. Jag rekommenderar starkt den h\u00e4r maskinen till alla g\u00e5rdar som vill optimera sin verksamhet.\u201d<\/p>\n<p><strong>\u2013 John, Australien<\/strong><br \/>\n\u201dV\u00e5r g\u00e5rd \u00e4r beroende av effektivitet, och 9JYY-4.5 har hj\u00e4lpt oss oerh\u00f6rt mycket. Hastigheten f\u00f6r att plocka och stapla balar har \u00f6kat tiofaldigt. Dessutom kan maskinen hantera balar i olika storlekar, vilket g\u00f6r den mycket m\u00e5ngsidig. Definitivt ett v\u00e4rt k\u00f6p!\u201d<\/p>\n<h2>Varf\u00f6r v\u00e4lja v\u00e5r produkt?<\/h2>\n<p>Att v\u00e4lja v\u00e5r 9JYY-4.5 rundbal <a href=\"https:\/\/farm-baler.com\/sv\/produkt\/4byh-1-3-kidneybonsuppryckningsmaskin\/\">Plock- och transportmaskin<\/a> inneb\u00e4r att du f\u00e5r mer \u00e4n bara avancerad teknik och effektivitet. Vi erbjuder:<\/p>\n<ul>\n<li>Snabba anpassningstj\u00e4nster<\/li>\n<li>Utm\u00e4rkt kundsupport<\/li>\n<li>3 \u00e5rs garanti<\/li>\n<li>Global snabb leverans<\/li>\n<li>Omfattande eftermarknadsservice<\/li>\n<\/ul>\n<p>V\u00e5r produkt uppfyller inte bara dina omedelbara behov, utan den st\u00f6ds ocks\u00e5 av v\u00e5rt engagemang f\u00f6r kvalitet och service. Vi st\u00f6der dig under hela produktens livsl\u00e4ngd.<\/p>\n<h2>Utforska v\u00e5ra produkter<\/h2>\n<p>Ut\u00f6ver 9JYY-4.5 erbjuder vi \u00e4ven ett brett utbud av kompletterande utrustning och tillbeh\u00f6r. V\u00e5r produktionskapacitet s\u00e4kerst\u00e4ller att alla produkter uppfyller h\u00f6ga kvalitetsstandarder. Vi \u00e4r stolta \u00f6ver att erbjuda produkter till mycket konkurrenskraftiga priser och omfattande kundsupport. Bl\u00e4ddra bland v\u00e5rt produktsortiment och kontakta oss idag f\u00f6r en offert!<\/p>\n<h2>Vanliga fr\u00e5gor<\/h2>\n<p><strong>Vilka \u00e4r de viktigaste funktionerna hos 9JYY-4.5 rundbalsplocknings- och transportmaskinen?<\/strong><\/p>\n<p>Maskinen har funktioner som enkel balplockning, effektiva transportm\u00f6jligheter, m\u00e5ngsidig kompatibilitet med balstorlekar och ett h\u00e5llbart hydrauliskt lyftsystem.<\/p>\n<p><strong>Kan 9JYY-4.5 hantera olika balstorlekar?<\/strong><\/p>\n<p>Ja, maskinen \u00e4r konstruerad f\u00f6r att hantera rundbalar av olika storlekar, vilket g\u00f6r den m\u00e5ngsidig f\u00f6r g\u00e5rdar med varierande balbehov.<\/p>\n<p><strong>Vilken garanti g\u00e4ller f\u00f6r 9JYY-4.5-maskinen?<\/strong><\/p>\n<p>Vi erbjuder 3 \u00e5rs garanti p\u00e5 9JYY-4.5, vilket garanterar att din maskin kommer att fungera tillf\u00f6rlitligt i m\u00e5nga \u00e5r fram\u00f6ver.<\/p>\n<p><strong>Hur enkelt \u00e4r det att underh\u00e5lla 9JYY-4.5-maskinen?<\/strong><\/p>\n<p>Underh\u00e5llet \u00e4r enkelt och kr\u00e4ver regelbunden inspektion, sm\u00f6rjning och reng\u00f6ring. Den \u00e4r konstruerad f\u00f6r enkelt underh\u00e5ll och minimerar driftstopp.<\/p>\n<p><strong>Kan jag anv\u00e4nda 9JYY-4.5 i oj\u00e4mn terr\u00e4ng?<\/strong><\/p>\n<p>Ja, maskinens slitstarka hjul och robusta design g\u00f6r den l\u00e4mplig f\u00f6r anv\u00e4ndning i en m\u00e4ngd olika terr\u00e4nger, inklusive oj\u00e4mna f\u00e4lt.<\/p>\n<p><strong>Vilka typer av g\u00e5rdar gynnas mest av 9JYY-4.5?<\/strong><\/p>\n<p>St\u00f6rre g\u00e5rdar med h\u00f6, halm eller biomassa kommer att gynnas mest, men \u00e4ven medelstora g\u00e5rdar kan finna stort v\u00e4rde i den h\u00e4r maskinen.<\/p>\n<p><strong>Hur \u00f6kar 9JYY-4.5 g\u00e5rdens effektivitet?<\/strong><\/p>\n<p>Genom att automatisera processen f\u00f6r att plocka, transportera och stapla balar sparar maskinen tid, minskar arbetskostnaderna och f\u00f6rhindrar skador.<\/p>\n<p><strong>\u00c4r 9JYY-4.5 l\u00e4tt att anv\u00e4nda?<\/strong><\/p>\n<p>Ja, den har ett intuitivt styrsystem som g\u00f6r anv\u00e4ndningen enkel \u00e4ven f\u00f6r de utan omfattande teknisk utbildning.<\/p>\n<p><strong>Hur l\u00e4nge h\u00e5ller 9JYY-4.5?<\/strong><\/p>\n<p>Med korrekt underh\u00e5ll kan 9JYY-4.5 h\u00e5lla i m\u00e5nga \u00e5r och erbjuder h\u00e5llbar prestanda i olika jordbruksmilj\u00f6er.<\/p>\n<p><strong>Finns det ett utbildningsprogram f\u00f6r att anv\u00e4nda 9JYY-4.5?<\/strong><\/p>\n<p>Ja, vi tillhandah\u00e5ller utbildningsmaterial och support f\u00f6r att s\u00e4kerst\u00e4lla smidig drift och maximal effektivitet hos din nya maskin.<\/p>\n<p><strong>Klarar 9JYY-4.5 v\u00e5ta balar?<\/strong><\/p>\n<p>Ja, maskinen \u00e4r konstruerad f\u00f6r att hantera b\u00e5de torra och l\u00e4tt v\u00e5ta balar, vilket g\u00f6r den m\u00e5ngsidig i olika v\u00e4derf\u00f6rh\u00e5llanden.<\/p>\n<p><strong>\u00c4r 9JYY-4.5 energieffektiv?<\/strong><\/p>\n<p>Ja, maskinen \u00e4r konstruerad med energieffektivitet i \u00e5tanke, vilket bidrar till att minska driftskostnader och milj\u00f6p\u00e5verkan.<\/p>\n<p><strong>Kan 9JYY-4.5 hantera flera balar samtidigt?<\/strong><\/p>\n<p>Maskinen kan hantera en bal \u00e5t g\u00e5ngen, men den kan transportera ett stort antal balar snabbt, vilket f\u00f6rb\u00e4ttrar den totala produktiviteten.<\/p>\n<p><strong>Har 9JYY-4.5 h\u00f6g nyttolastkapacitet?<\/strong><\/p>\n<p>Ja, den \u00e4r konstruerad f\u00f6r att hantera en h\u00f6g nyttolast, vilket g\u00f6r att du enkelt kan transportera stora balar.<\/p>\n<p><strong>Hur f\u00f6rvarar man 9JYY-4.5-maskinen b\u00e4st?<\/strong><\/p>\n<p>F\u00f6rvara maskinen p\u00e5 en torr och s\u00e4ker plats f\u00f6r att skydda den mot tuffa v\u00e4derf\u00f6rh\u00e5llanden. Regelbundet underh\u00e5ll s\u00e4kerst\u00e4ller att den f\u00f6rblir i optimalt skick.<\/p>\n<p>&nbsp;<\/p>","protected":false},"excerpt":{"rendered":"<p>Uppt\u00e4ck 9JYY-4.5 rundbalsplocknings- och transportmaskinen, konstruerad f\u00f6r effektiv balhantering med h\u00f6g kapacitet. Denna h\u00e5llbara och l\u00e4ttanv\u00e4nda maskin \u00e4r utformad f\u00f6r att f\u00f6rb\u00e4ttra produktiviteten inom jordbruket och s\u00e4kerst\u00e4ller smidig baluppsamling och transport. Maximera din g\u00e5rds effektivitet idag \u2013 investera i p\u00e5litlig och banbrytande teknik. Skaffa din nu f\u00f6r snabbare arbete och h\u00f6gre avkastning!<\/p>","protected":false},"featured_media":263,"template":"","meta":{"_et_pb_use_builder":"","_et_pb_old_content":"","_et_gb_content_width":""},"product_brand":[],"product_cat":[27],"product_tag":[],"class_list":{"0":"post-212","1":"product","2":"type-product","3":"status-publish","4":"has-post-thumbnail","6":"product_cat-other-series-products","8":"first","9":"instock","10":"shipping-taxable","11":"product-type-simple"},"_links":{"self":[{"href":"https:\/\/farm-baler.com\/sv\/wp-json\/wp\/v2\/product\/212","targetHints":{"allow":["GET"]}}],"collection":[{"href":"https:\/\/farm-baler.com\/sv\/wp-json\/wp\/v2\/product"}],"about":[{"href":"https:\/\/farm-baler.com\/sv\/wp-json\/wp\/v2\/types\/product"}],"wp:featuredmedia":[{"embeddable":true,"href":"https:\/\/farm-baler.com\/sv\/wp-json\/wp\/v2\/media\/263"}],"wp:attachment":[{"href":"https:\/\/farm-baler.com\/sv\/wp-json\/wp\/v2\/media?parent=212"}],"wp:term":[{"taxonomy":"product_brand","embeddable":true,"href":"https:\/\/farm-baler.com\/sv\/wp-json\/wp\/v2\/product_brand?post=212"},{"taxonomy":"product_cat","embeddable":true,"href":"https:\/\/farm-baler.com\/sv\/wp-json\/wp\/v2\/product_cat?post=212"},{"taxonomy":"product_tag","embeddable":true,"href":"https:\/\/farm-baler.com\/sv\/wp-json\/wp\/v2\/product_tag?post=212"}],"curies":[{"name":"wp","href":"https:\/\/api.w.org\/{rel}","templated":true}]}}