{"id":211,"date":"2025-11-19T06:07:47","date_gmt":"2025-11-19T06:07:47","guid":{"rendered":"https:\/\/farm-baler.com\/?post_type=product&#038;p=211"},"modified":"2025-12-17T07:02:51","modified_gmt":"2025-12-17T07:02:51","slug":"9yg-1-25-rundbalpress","status":"publish","type":"product","link":"https:\/\/farm-baler.com\/sv\/produkt\/9yg-1-25-rundbalpress\/","title":{"rendered":"9YG-1.25 rundbalpress"},"content":{"rendered":"<p>Rundbalpressen 9YG-1.25 \u00e4r en h\u00f6geffektiv jordbruksmaskin konstruerad f\u00f6r att samla in, komprimera och f\u00f6rpacka olika typer av foder eller gr\u00f6dor till rundbalar. Denna maskin \u00e4r ett viktigt verktyg i modernt jordbruk, vilket s\u00e4kerst\u00e4ller h\u00f6gre produktivitet och effektivare f\u00e4ltarbete. Balpressar g\u00f6r det m\u00f6jligt f\u00f6r jordbrukare att hantera stora m\u00e4ngder material effektivt, vilket f\u00f6rb\u00e4ttrar produktivitet och l\u00f6nsamhet. Oavsett om du bearbetar h\u00f6, halm eller andra jordbruksrester \u00e4r 9YG-1.25 k\u00e4nd f\u00f6r sin \u00f6verl\u00e4gsna prestanda och tillf\u00f6rlitlighet.<\/p>\n<h2>Vad \u00e4r en balpress?<\/h2>\n<p>Balpressar \u00e4r viktiga delar av jordbruksmaskiner som anv\u00e4nds f\u00f6r att komprimera l\u00f6sa gr\u00f6dor (som h\u00f6, halm eller ensilage) till kompakta, cylindriska balar. Dessa balar \u00e4r enklare att hantera, lagra och transportera \u00e4n l\u00f6sa gr\u00f6dor. Balpressar anv\u00e4nder en serie rullar, transportband eller andra komprimeringsanordningar f\u00f6r att samla in och komprimera materialet till en t\u00e4t cylindrisk form, som sedan s\u00e4kras med rep, n\u00e4t eller st\u00e5ltr\u00e5d. Denna utrustning \u00e4r s\u00e4rskilt anv\u00e4ndbar p\u00e5 f\u00e4lt d\u00e4r gr\u00f6dhantering och utrymmesutnyttjande \u00e4r avg\u00f6rande.<\/p>\n<p>Rundbalpressar anv\u00e4nds ofta f\u00f6r h\u00f6balning, halmsk\u00f6rd och ensilageproduktion, vilket hj\u00e4lper jordbrukare att effektivisera sk\u00f6rdeprocesser och f\u00f6rb\u00e4ttra lagrings- och transporteffektiviteten. J\u00e4mf\u00f6rt med fyrkantspressar \u00e4r rundbalpressar k\u00e4nda f\u00f6r sin h\u00f6gre hastighet och l\u00e4gre arbetsinsats, vilket g\u00f6r dem idealiska f\u00f6r storskaliga jordbruksverksamheter.<\/p>\n<h2>Tekniska specifikationer<\/h2>\n<table style=\"height: 624px; border-color: #000000;\">\n<thead>\n<tr style=\"height: 47px;\">\n<th style=\"width: 84.6875px; height: 47px;\">Serienummer<\/th>\n<th style=\"width: 272.438px; height: 47px;\">Punkt<\/th>\n<th style=\"width: 39.6797px; height: 47px;\">Enhet<\/th>\n<th style=\"width: 252.188px; height: 47px;\">Specifikation<\/th>\n<\/tr>\n<\/thead>\n<tbody>\n<tr style=\"height: 23px;\">\n<td style=\"width: 84.6875px; height: 23px;\">1<\/td>\n<td style=\"width: 272.438px; height: 23px;\">Modellnamn<\/td>\n<td style=\"width: 39.6797px; height: 23px;\">\/<\/td>\n<td style=\"width: 252.188px; height: 23px;\">9YG-1.25 rundbalpress<\/td>\n<\/tr>\n<tr style=\"height: 23px;\">\n<td style=\"width: 84.6875px; height: 23px;\">2<\/td>\n<td style=\"width: 272.438px; height: 23px;\">Hitching-metoden<\/td>\n<td style=\"width: 39.6797px; height: 23px;\">\/<\/td>\n<td style=\"width: 252.188px; height: 23px;\">Dragtyp<\/td>\n<\/tr>\n<tr style=\"height: 23px;\">\n<td style=\"width: 84.6875px; height: 23px;\">3<\/td>\n<td style=\"width: 272.438px; height: 23px;\">Plockbredd<\/td>\n<td style=\"width: 39.6797px; height: 23px;\">mm<\/td>\n<td style=\"width: 252.188px; height: 23px;\">2240<\/td>\n<\/tr>\n<tr style=\"height: 47px;\">\n<td style=\"width: 84.6875px; height: 47px;\">4<\/td>\n<td style=\"width: 272.438px; height: 47px;\">Picker Strukturform<\/td>\n<td style=\"width: 39.6797px; height: 47px;\">\/<\/td>\n<td style=\"width: 252.188px; height: 47px;\">Utbytbara fj\u00e4dertand och hammarklo<\/td>\n<\/tr>\n<tr style=\"height: 23px;\">\n<td style=\"width: 84.6875px; height: 23px;\">5<\/td>\n<td style=\"width: 272.438px; height: 23px;\">Matarens strukturella form<\/td>\n<td style=\"width: 39.6797px; height: 23px;\">\/<\/td>\n<td style=\"width: 252.188px; height: 23px;\">Skruv + Fj\u00e4dertandsrulle + Trumma<\/td>\n<\/tr>\n<tr style=\"height: 47px;\">\n<td style=\"width: 84.6875px; height: 47px;\">6<\/td>\n<td style=\"width: 272.438px; height: 47px;\">Balningsmekanismform i kompressionskammare<\/td>\n<td style=\"width: 39.6797px; height: 47px;\">\/<\/td>\n<td style=\"width: 252.188px; height: 47px;\">Trumtyp<\/td>\n<\/tr>\n<tr style=\"height: 23px;\">\n<td style=\"width: 84.6875px; height: 23px;\">7<\/td>\n<td style=\"width: 272.438px; height: 23px;\">Kompressionskammarens bredd<\/td>\n<td style=\"width: 39.6797px; height: 23px;\">mm<\/td>\n<td style=\"width: 252.188px; height: 23px;\">1250<\/td>\n<\/tr>\n<tr style=\"height: 23px;\">\n<td style=\"width: 84.6875px; height: 23px;\">8<\/td>\n<td style=\"width: 272.438px; height: 23px;\">Kompressionskammardiameter<\/td>\n<td style=\"width: 39.6797px; height: 23px;\">mm<\/td>\n<td style=\"width: 252.188px; height: 23px;\">1200<\/td>\n<\/tr>\n<tr style=\"height: 23px;\">\n<td style=\"width: 84.6875px; height: 23px;\">9<\/td>\n<td style=\"width: 272.438px; height: 23px;\">Antal rullande arbetskomponenter<\/td>\n<td style=\"width: 39.6797px; height: 23px;\">dator<\/td>\n<td style=\"width: 252.188px; height: 23px;\">18<\/td>\n<\/tr>\n<tr style=\"height: 23px;\">\n<td style=\"width: 84.6875px; height: 23px;\">10<\/td>\n<td style=\"width: 272.438px; height: 23px;\">Rulltrummans diameter<\/td>\n<td style=\"width: 39.6797px; height: 23px;\">mm<\/td>\n<td style=\"width: 252.188px; height: 23px;\">222<\/td>\n<\/tr>\n<tr style=\"height: 23px;\">\n<td style=\"width: 84.6875px; height: 23px;\">11<\/td>\n<td style=\"width: 272.438px; height: 23px;\">Balningsmetod<\/td>\n<td style=\"width: 39.6797px; height: 23px;\">\/<\/td>\n<td style=\"width: 252.188px; height: 23px;\">Automatisk n\u00e4tlindning<\/td>\n<\/tr>\n<tr style=\"height: 23px;\">\n<td style=\"width: 84.6875px; height: 23px;\">12<\/td>\n<td style=\"width: 272.438px; height: 23px;\">Matchande kraft<\/td>\n<td style=\"width: 39.6797px; height: 23px;\">kW\/hk<\/td>\n<td style=\"width: 252.188px; height: 23px;\">\u226588,2\/120<\/td>\n<\/tr>\n<tr style=\"height: 23px;\">\n<td style=\"width: 84.6875px; height: 23px;\">13<\/td>\n<td style=\"width: 272.438px; height: 23px;\">Strukturell massa<\/td>\n<td style=\"width: 39.6797px; height: 23px;\">kg<\/td>\n<td style=\"width: 252.188px; height: 23px;\">4558<\/td>\n<\/tr>\n<tr style=\"height: 23px;\">\n<td style=\"width: 84.6875px; height: 23px;\">14<\/td>\n<td style=\"width: 272.438px; height: 23px;\">Kraftuttagsaxelns varvtal<\/td>\n<td style=\"width: 39.6797px; height: 23px;\">varv\/min<\/td>\n<td style=\"width: 252.188px; height: 23px;\">720<\/td>\n<\/tr>\n<tr style=\"height: 23px;\">\n<td style=\"width: 84.6875px; height: 23px;\">15<\/td>\n<td style=\"width: 272.438px; height: 23px;\">Totalm\u00e5tt (l\u00e4ngd \u00d7 bredd \u00d7 h\u00f6jd)<\/td>\n<td style=\"width: 39.6797px; height: 23px;\">mm<\/td>\n<td style=\"width: 252.188px; height: 23px;\">5250\u00d72700\u00d72350<\/td>\n<\/tr>\n<tr style=\"height: 23px;\">\n<td style=\"width: 84.6875px; height: 23px;\">16<\/td>\n<td style=\"width: 272.438px; height: 23px;\">Kontroll av baldensitet<\/td>\n<td style=\"width: 39.6797px; height: 23px;\">\/<\/td>\n<td style=\"width: 252.188px; height: 23px;\">Sensorkontroll<\/td>\n<\/tr>\n<tr style=\"height: 23px;\">\n<td style=\"width: 84.6875px; height: 23px;\">17<\/td>\n<td style=\"width: 272.438px; height: 23px;\">Balstorlek (diameter\u00d7bredd)<\/td>\n<td style=\"width: 39.6797px; height: 23px;\">mm<\/td>\n<td style=\"width: 252.188px; height: 23px;\">1200\u00d71250<\/td>\n<\/tr>\n<tr style=\"height: 23px;\">\n<td style=\"width: 84.6875px; height: 23px;\">18<\/td>\n<td style=\"width: 272.438px; height: 23px;\">Baldensitet<\/td>\n<td style=\"width: 39.6797px; height: 23px;\">kg\/m\u00b3<\/td>\n<td style=\"width: 252.188px; height: 23px;\">115-200<\/td>\n<\/tr>\n<tr style=\"height: 23px;\">\n<td style=\"width: 84.6875px; height: 23px;\">19<\/td>\n<td style=\"width: 272.438px; height: 23px;\">Produktivitet<\/td>\n<td style=\"width: 39.6797px; height: 23px;\">bal\/h<\/td>\n<td style=\"width: 252.188px; height: 23px;\">40-80<\/td>\n<\/tr>\n<tr style=\"height: 23px;\">\n<td style=\"width: 84.6875px; height: 23px;\">20<\/td>\n<td style=\"width: 272.438px; height: 23px;\">Hjulbas<\/td>\n<td style=\"width: 39.6797px; height: 23px;\">mm<\/td>\n<td style=\"width: 252.188px; height: 23px;\">2450<\/td>\n<\/tr>\n<tr style=\"height: 23px;\">\n<td style=\"width: 84.6875px; height: 23px;\">21<\/td>\n<td style=\"width: 272.438px; height: 23px;\">Driftshastighet<\/td>\n<td style=\"width: 39.6797px; height: 23px;\">km\/h<\/td>\n<td style=\"width: 252.188px; height: 23px;\">5-20<\/td>\n<\/tr>\n<tr style=\"height: 23px;\">\n<td style=\"width: 84.6875px; height: 23px;\">22<\/td>\n<td style=\"width: 272.438px; height: 23px;\">Specifikation f\u00f6r baln\u00e4t (l\u00e4ngd \u00d7 bredd)<\/td>\n<td style=\"width: 39.6797px; height: 23px;\">m<\/td>\n<td style=\"width: 252.188px; height: 23px;\">2000\u00d71,25 per bal<\/td>\n<\/tr>\n<tr style=\"height: 23px;\">\n<td style=\"width: 84.6875px; height: 23px;\">23<\/td>\n<td style=\"width: 272.438px; height: 23px;\">Antal modifierade hammarklor<\/td>\n<td style=\"width: 39.6797px; height: 23px;\">dator<\/td>\n<td style=\"width: 252.188px; height: 23px;\">18<\/td>\n<\/tr>\n<\/tbody>\n<\/table>\n<h2>Produktdefinition<\/h2>\n<p>Rundbalpressen 9YG-1.25 \u00e4r en kompakt och kraftfull jordbruksmaskin som \u00e4r speciellt utformad f\u00f6r att pressa olika jordbruksmaterial till rundbalar. Den komprimerar och buntar material till enhetliga rundbalar, vilket underl\u00e4ttar hantering, lagring och transport. Maskinen \u00e4r idealisk f\u00f6r medelstora till stora jordbruksverksamheter.<\/p>\n<p style=\"text-align: center;\"><img loading=\"lazy\" decoding=\"async\" class=\"alignnone wp-image-248\" src=\"https:\/\/farm-baler.com\/wp-content\/uploads\/2025\/11\/EP-9YG-1.25-Round-Baler-11-300x300.webp\" alt=\"rundbalpress\" width=\"381\" height=\"381\" \/><\/p>\n<h2>Problem den kan \u00e5tg\u00e4rda och dess anv\u00e4ndningsomr\u00e5den<\/h2>\n<p>Rundbalpressen 9YG-1.25 \u00e4r utformad f\u00f6r att hantera vanliga jordbruksutmaningar, s\u00e5som att effektivt samla in och komprimera gr\u00f6dorester, minimera avfall och f\u00f6rb\u00e4ttra lagringseffektiviteten. Den anv\u00e4nds f\u00f6r att producera rundbalar av h\u00f6g kvalitet som \u00e4r enkla att lagra och transportera. Maskinen s\u00e4kerst\u00e4ller enhetlighet i balstorlek och kompakthet, vilket optimerar lagringsutrymmet och f\u00f6rb\u00e4ttrar transportlogistikens effektivitet.<\/p>\n<h2>Produktf\u00f6rdelar<\/h2>\n<p>9YG-1.25 rundbalspress erbjuder flera f\u00f6rdelar som g\u00f6r den till ett f\u00f6redraget val f\u00f6r lantbrukare:<\/p>\n<ul>\n<li><strong>H\u00f6g effektivitet:<\/strong> Maskinen arbetar med h\u00f6g effektivitet, vilket minskar tiden och arbetet som kr\u00e4vs f\u00f6r balningsoperationer.<\/li>\n<li><strong>Varaktighet:<\/strong> 9YG-1.25 \u00e4r byggd med h\u00f6gkvalitativa material och konstruerad f\u00f6r att klara av p\u00e5frestningarna i tungt jordbruksarbete, vilket s\u00e4kerst\u00e4ller en l\u00e5ng livsl\u00e4ngd.<\/li>\n<li><strong>Anv\u00e4ndarv\u00e4nlighet:<\/strong> Med intuitiva kontroller och en enkel design \u00e4r maskinen l\u00e4tt att anv\u00e4nda, \u00e4ven f\u00f6r lantbrukare med begr\u00e4nsad teknisk erfarenhet.<\/li>\n<li><strong>Kompakt design:<\/strong> 9YG-1.25 rundbalpress \u00e4r kompakt, vilket g\u00f6r den l\u00e4ttare att man\u00f6vrera i tr\u00e5nga utrymmen och p\u00e5 mindre f\u00e4lt.<\/li>\n<li><strong>Konsekvent balkvalitet:<\/strong> Maskinen producerar j\u00e4mna, t\u00e4tt komprimerade balar som \u00e4r enkla att f\u00f6rvara, transportera och anv\u00e4nda som foder eller str\u00f6 f\u00f6r boskap.<\/li>\n<\/ul>\n<h2>S\u00e5 fungerar 9YG-1.25 rundbalspressen<\/h2>\n<p>Rundbalspressen 9YG-1.25 slutf\u00f6r sin operation genom en serie steg. F\u00f6rst samlas gr\u00f6dan upp i pressningskammaren. Efter att den kommit in i pressningskammaren komprimeras gr\u00f6dan kontinuerligt till en rund form med hj\u00e4lp av valsar. D\u00e4refter binds balarna s\u00e4kert samman med rep eller n\u00e4t. Pressens design s\u00e4kerst\u00e4ller att balarna komprimeras j\u00e4mnt, vilket resulterar i t\u00e4ta, enhetliga och l\u00e4tthanterliga balar.<\/p>\n<h2>Huvudsakliga anv\u00e4ndningsscenarier f\u00f6r 9YG-1.25 rundbalspress<\/h2>\n<p>Rundbalspressen 9YG-1.25 \u00e4r l\u00e4mplig f\u00f6r en m\u00e4ngd olika jordbruksmilj\u00f6er. H\u00e4r \u00e4r n\u00e5gra av dess huvudsakliga anv\u00e4ndningsomr\u00e5den:<\/p>\n<ul>\n<li><strong>H\u00f6produktion:<\/strong> Maskinen \u00e4r idealisk f\u00f6r att pressa h\u00f6, vilket s\u00e4kerst\u00e4ller att materialet \u00e4r t\u00e4tt packat och korrekt bevarat f\u00f6r utfodring av boskap under de kallare m\u00e5naderna.<\/li>\n<li><strong>Sugr\u00f6rsamling:<\/strong> Den samlar effektivt upp och balar halm, vilket anv\u00e4nds flitigt inom jordbruket f\u00f6r t\u00e4ckning av kompost eller som str\u00f6material f\u00f6r djur.<\/li>\n<li><strong>Ensilagebalning:<\/strong> Balpressen kan \u00e4ven hantera ensilagematerial, vilket g\u00f6r den till ett m\u00e5ngsidigt val f\u00f6r jordbrukare som arbetar med boskapsuppf\u00f6dning.<\/li>\n<li><strong>Gr\u00e4smarksf\u00f6rvaltning:<\/strong> Det \u00e4r anv\u00e4ndbart i gr\u00e4smarker d\u00e4r vegetation beh\u00f6ver r\u00f6jas, vilket hj\u00e4lper till att bibeh\u00e5lla friska gr\u00e4smarker.<\/li>\n<li><strong>Hantering av gr\u00f6dorester:<\/strong> Balpressen hj\u00e4lper till att hantera gr\u00f6dorester, f\u00f6rhindra spill och f\u00f6rb\u00e4ttra jordkvaliteten.<\/li>\n<li><strong>Transport:<\/strong> N\u00e4r materialen v\u00e4l \u00e4r balade \u00e4r de enkla att transportera, vilket minskar logistiska utmaningar p\u00e5 g\u00e5rdar och f\u00f6rb\u00e4ttrar den totala effektiviteten.<\/li>\n<\/ul>\n<h2>Hur man v\u00e4ljer r\u00e4tt 9YG-1.25 rundbalspress<\/h2>\n<p>N\u00e4r du v\u00e4ljer en 9YG-1.25 rundbalspress b\u00f6r flera faktorer beaktas f\u00f6r att s\u00e4kerst\u00e4lla att maskinen uppfyller dina behov:<\/p>\n<ul>\n<li><strong>G\u00e5rdens storlek:<\/strong> F\u00f6r st\u00f6rre g\u00e5rdar beh\u00f6vs en mer robust och h\u00f6gkapacitetspress, medan mindre g\u00e5rdar kan dra nytta av en kompakt version.<\/li>\n<li><strong>Materialtyp:<\/strong> Beroende p\u00e5 vilken typ av gr\u00f6da du pressar, se till att balpressen kan hantera material som h\u00f6, halm eller ensilage.<\/li>\n<li><strong>Balstorlek:<\/strong> Best\u00e4m den ideala balstorleken f\u00f6r dina f\u00f6rvarings- och transportbehov f\u00f6r att s\u00e4kerst\u00e4lla kompatibilitet med balpressens inst\u00e4llningar.<\/li>\n<li><strong>Budget:<\/strong> T\u00e4nk p\u00e5 din budget och v\u00e4lj en modell som ger b\u00e4st valuta f\u00f6r pengarna n\u00e4r det g\u00e4ller produktivitet och h\u00e5llbarhet.<\/li>\n<li><strong>Drag:<\/strong> Kontrollera ytterligare funktioner som automatisk bindning, justerbar balstorlek och enkelt underh\u00e5ll som kan f\u00f6rb\u00e4ttra effektiviteten och anv\u00e4ndarv\u00e4nligheten.<\/li>\n<li><strong>Eftermarknadssupport:<\/strong> Se till att tillverkaren erbjuder p\u00e5litlig eftermarknadsservice och garantier f\u00f6r att garantera fortsatt drift.<\/li>\n<\/ul>\n<h2>Underh\u00e5ll av 9YG-1.25 rundbalspress<\/h2>\n<p>Underh\u00e5ll av din 9YG-1.25 rundbalspress \u00e4r avg\u00f6rande f\u00f6r att s\u00e4kerst\u00e4lla optimal prestanda och f\u00f6rl\u00e4nga dess livsl\u00e4ngd. Regelbundna underh\u00e5llsuppgifter inkluderar:<\/p>\n<ul>\n<li><strong>Reng\u00f6ring:<\/strong> Reng\u00f6r maskinen efter varje anv\u00e4ndning f\u00f6r att ta bort eventuella rester, smuts eller skr\u00e4p som kan t\u00e4ppa till systemet eller p\u00e5verka prestandan.<\/li>\n<li><strong>Sm\u00f6rjning:<\/strong> Sm\u00f6rj regelbundet de r\u00f6rliga delarna f\u00f6r att f\u00f6rhindra slitage och s\u00e4kerst\u00e4lla problemfri drift.<\/li>\n<li><strong>Inspektion:<\/strong> Utf\u00f6r regelbundna kontroller av maskinen f\u00f6r att uppt\u00e4cka tecken p\u00e5 skador eller funktionsfel. Var s\u00e4rskilt uppm\u00e4rksam p\u00e5 rullarna och garnsystemet.<\/li>\n<li><strong>Byte av delar:<\/strong> Byt ut slitna delar omedelbart f\u00f6r att undvika haverier under kritiska perioder.<\/li>\n<li><strong>Lagring:<\/strong> F\u00f6rvara balpressen p\u00e5 en torr och skyddad plats n\u00e4r den inte anv\u00e4nds f\u00f6r att skydda den fr\u00e5n v\u00e4derf\u00f6rh\u00e5llanden som kan orsaka rost eller skador.<\/li>\n<\/ul>\n<h2 style=\"text-align: center;\"><img loading=\"lazy\" decoding=\"async\" class=\"alignnone  wp-image-249\" src=\"https:\/\/farm-baler.com\/wp-content\/uploads\/2025\/11\/EP-9YG-1.25-Round-Baler-21-300x300.webp\" alt=\"rundbalpress\" width=\"375\" height=\"375\" \/><\/h2>\n<h2>Kundrecensioner<\/h2>\n<p>\u201dVi har anv\u00e4nt rundbalspressen 9YG-1.25 p\u00e5 v\u00e5r g\u00e5rd i \u00f6ver ett \u00e5r nu. Den fungerar utm\u00e4rkt och producerar j\u00e4mna balar som \u00e4r perfekta f\u00f6r v\u00e5r boskap. Maskinen \u00e4r l\u00e4tt att anv\u00e4nda och underh\u00e5llet \u00e4r relativt l\u00e5gt. Vi rekommenderar den starkt till alla inom jordbruksbranschen.\u201d<br \/>\n<strong>\u2013 John, USA<\/strong><\/p>\n<p>\u201d9YG-1.25 har f\u00f6rb\u00e4ttrat v\u00e5r balningsprocess avsev\u00e4rt. Den \u00e4r l\u00e4tt att anv\u00e4nda och balarna \u00e4r t\u00e4tt packade, vilket g\u00f6r dem enklare att f\u00f6rvara och transportera. Vi anv\u00e4nder den fr\u00e4mst f\u00f6r h\u00f6 och den har varit ett p\u00e5litligt tillskott till v\u00e5r maskinpark.\u201d<br \/>\n<strong>\u2013 Sarah, Kanada<\/strong><\/p>\n<p>\"Jag k\u00f6pte 9YG-1.25\" <a href=\"https:\/\/agricultural-baler.com\/\" target=\"_blank\" rel=\"noopener\">Rundbalpress f\u00f6r min lilla g\u00e5rd<\/a>, och det har varit ett utm\u00e4rkt val. Den \u00e4r kompakt, men \u00e4nd\u00e5 kraftfull, och g\u00f6r jobbet effektivt. Kundservicen var f\u00f6rstklassig och leveransen var snabb.\u201d<br \/>\n<strong>\u2013 Michael, Storbritannien<\/strong><\/p>\n<p>\u201dVi har anv\u00e4nt flera rundbalpressar p\u00e5 v\u00e5r g\u00e5rd, och den h\u00e4r \u00e4r den absolut b\u00e4sta. Den \u00e4r enkel att anv\u00e4nda och kr\u00e4ver inte mycket underh\u00e5ll. Maskinen \u00e4r ocks\u00e5 mycket h\u00e5llbar, \u00e4ven under tuffa f\u00f6rh\u00e5llanden.\u201d<br \/>\n<strong>\u2013 Lucas, Australien<\/strong><\/p>\n<p>\u201dJag har arbetat inom jordbruket i \u00f6ver 20 \u00e5r, och 9YG-1.25 \u00e4r en av de b\u00e4sta investeringarna jag har gjort. Maskinen fungerar smidigt och balarna \u00e4r v\u00e4lformade. Kundservicen \u00e4r fantastisk, vilket \u00e4r avg\u00f6rande n\u00e4r man f\u00f6rlitar sig p\u00e5 s\u00e5 viktig utrustning.\u201d<br \/>\n<strong>\u2013 Carlos, Brasilien<\/strong><\/p>\n<h2>Varf\u00f6r v\u00e4lja v\u00e5r produkt?<\/h2>\n<p>Att v\u00e4lja 9YG-1.25 <a href=\"https:\/\/farm-baler.com\/sv\/produkt\/type-9jyy-4-5-round-bale-picking-and-transporting-machine\/\">Rundbalpress<\/a> Att v\u00e4lja fr\u00e5n oss inneb\u00e4r att du v\u00e4ljer en h\u00f6gpresterande maskin med exceptionell service. V\u00e5ra produkter levereras med tre \u00e5rs garanti, vilket ger dig sinnesro under hela deras livsl\u00e4ngd. Vi erbjuder snabba anpassningsalternativ f\u00f6r att m\u00f6ta dina specifika behov och s\u00e4kerst\u00e4lla en perfekt passform f\u00f6r din g\u00e5rd. Med globala leveransm\u00f6jligheter garanterar vi snabba leveranser och \u00e4r redo att st\u00f6dja verksamheten \u00f6ver hela v\u00e4rlden. Dessutom erbjuder vi alltid eftermarknadssupport f\u00f6r att s\u00e4kerst\u00e4lla att du f\u00e5r allt du beh\u00f6ver f\u00f6r att h\u00e5lla din balpress ig\u00e5ng smidigt.<\/p>\n<h2>Varf\u00f6r v\u00e5r tillverkning och produktkvalitet utm\u00e4rker sig<\/h2>\n<p>V\u00e5ra produktionsanl\u00e4ggningar anv\u00e4nder den senaste tekniken f\u00f6r att s\u00e4kerst\u00e4lla att varje 9YG-1.25 rundbalpress uppfyller h\u00f6gsta kvalitets- och prestandastandarder. V\u00e5ra produkter genomg\u00e5r rigor\u00f6sa kvalitetskontroller f\u00f6r att garantera deras tillf\u00f6rlitlighet och h\u00e5llbarhet. Dessutom g\u00f6r v\u00e5ra mycket konkurrenskraftiga priser h\u00f6gkvalitativa balningsl\u00f6sningar \u00f6verkomliga f\u00f6r alla typer av g\u00e5rdar. F\u00f6rutom 9YG-1.25 rundbalpress erbjuder vi \u00e4ven ett utbud av jordbruksmaskiner och tillbeh\u00f6r utformade f\u00f6r att m\u00f6ta behoven hos moderna jordbruksverksamheter. Bl\u00e4ddra bland v\u00e5rt produktsortiment och kontakta oss idag f\u00f6r att k\u00f6pa!<\/p>\n<p>Agera nu! Kontakta oss f\u00f6r att utforska 9YG-1.25 rundbalspress och f\u00f6rb\u00e4ttra din jordbrukseffektivitet.<\/p>\n<h2>Vanliga fr\u00e5gor<\/h2>\n<ol>\n<li><strong>Vilken balstorlek har 9YG-1.25 rundbalpress?<\/strong><br \/>\nRundbalpressen 9YG-1.25 \u00e4r konstruerad f\u00f6r att skapa balar i olika storlekar, vanligtvis fr\u00e5n sm\u00e5 till medelstora balar. Du kan justera storleken f\u00f6r att passa dina f\u00f6rvarings- och transportbehov.<\/li>\n<li><strong>\u00c4r 9YG-1.25 rundbalspress l\u00e4mplig f\u00f6r storskaliga verksamheter?<\/strong><br \/>\nJa, 9YG-1.25 \u00e4r l\u00e4mplig f\u00f6r medelstora till stora g\u00e5rdar och ger h\u00f6g kapacitet och effektivitet f\u00f6r ett brett utbud av gr\u00f6dor.<\/li>\n<li><strong>Kan jag anv\u00e4nda 9YG-1.25 f\u00f6r ensilagebalning?<\/strong><br \/>\nAbsolut! 9YG-1.25 rundbalpress \u00e4r m\u00e5ngsidig och kan anv\u00e4ndas f\u00f6r balning av ensilage, h\u00f6 och andra jordbruksmaterial.<\/li>\n<li><strong>Vilken typ av underh\u00e5ll kr\u00e4ver 9YG-1.25?<\/strong><br \/>\nRutinm\u00e4ssigt underh\u00e5ll innefattar reng\u00f6ring, sm\u00f6rjning, inspektion av delar och snabb utbyte av slitna komponenter f\u00f6r att s\u00e4kerst\u00e4lla optimal prestanda.<\/li>\n<li><strong>Hur l\u00e4nge h\u00e5ller 9YG-1.25 rundbalspressen?<\/strong><br \/>\nMed korrekt underh\u00e5ll kan 9YG-1.25 rundbalpress h\u00e5lla i m\u00e5nga \u00e5r och erbjuder utm\u00e4rkt l\u00e5ngsiktig tillf\u00f6rlitlighet.<\/li>\n<\/ol>\n<p>&nbsp;<\/p>","protected":false},"excerpt":{"rendered":"<p>Uppt\u00e4ck rundbalspressen 9YG-1.25, designad f\u00f6r \u00f6verl\u00e4gsen effektivitet vid pressning av h\u00f6 och halm. Byggd med avancerad teknik f\u00f6r p\u00e5litlig och h\u00f6gkvalitativ prestanda. Perfekt f\u00f6r lantbrukare som s\u00f6ker h\u00e5llbar och anv\u00e4ndarv\u00e4nlig utrustning som \u00f6kar produktiviteten. Skaffa din idag och upplev j\u00e4mna och j\u00e4mna balar varje g\u00e5ng! Kontakta oss f\u00f6r mer information och specialerbjudanden.<\/p>","protected":false},"featured_media":248,"template":"","meta":{"_et_pb_use_builder":"","_et_pb_old_content":"","_et_gb_content_width":""},"product_brand":[],"product_cat":[22],"product_tag":[],"class_list":{"0":"post-211","1":"product","2":"type-product","3":"status-publish","4":"has-post-thumbnail","6":"product_cat-round-baler-rake","8":"first","9":"instock","10":"shipping-taxable","11":"product-type-simple"},"_links":{"self":[{"href":"https:\/\/farm-baler.com\/sv\/wp-json\/wp\/v2\/product\/211","targetHints":{"allow":["GET"]}}],"collection":[{"href":"https:\/\/farm-baler.com\/sv\/wp-json\/wp\/v2\/product"}],"about":[{"href":"https:\/\/farm-baler.com\/sv\/wp-json\/wp\/v2\/types\/product"}],"wp:featuredmedia":[{"embeddable":true,"href":"https:\/\/farm-baler.com\/sv\/wp-json\/wp\/v2\/media\/248"}],"wp:attachment":[{"href":"https:\/\/farm-baler.com\/sv\/wp-json\/wp\/v2\/media?parent=211"}],"wp:term":[{"taxonomy":"product_brand","embeddable":true,"href":"https:\/\/farm-baler.com\/sv\/wp-json\/wp\/v2\/product_brand?post=211"},{"taxonomy":"product_cat","embeddable":true,"href":"https:\/\/farm-baler.com\/sv\/wp-json\/wp\/v2\/product_cat?post=211"},{"taxonomy":"product_tag","embeddable":true,"href":"https:\/\/farm-baler.com\/sv\/wp-json\/wp\/v2\/product_tag?post=211"}],"curies":[{"name":"wp","href":"https:\/\/api.w.org\/{rel}","templated":true}]}}