{"id":210,"date":"2025-11-19T06:07:26","date_gmt":"2025-11-19T06:07:26","guid":{"rendered":"https:\/\/farm-baler.com\/?post_type=product&#038;p=210"},"modified":"2025-12-17T07:19:36","modified_gmt":"2025-12-17T07:19:36","slug":"9yg-1-0c-rundbalpress","status":"publish","type":"product","link":"https:\/\/farm-baler.com\/sv\/produkt\/9yg-1-0c-rundbalpress\/","title":{"rendered":"9YG-1.0C rundbalpress"},"content":{"rendered":"<p>9YG-1.0C rundbalpress \u00e4r en mycket effektiv och p\u00e5litlig jordbruksbalpress som \u00e4r utformad f\u00f6r att hj\u00e4lpa jordbrukare att optimera sin sk\u00f6rdeprocess. Oavsett om du arbetar med h\u00f6plantering, halmh\u00e4mtning eller ensilageproduktion, kommer denna jordbruksbalpress att g\u00f6ra ditt arbete enklare och snabbare. Dess kompakta, h\u00e5llbara och l\u00e4ttanv\u00e4nda design g\u00f6r den idealisk f\u00f6r jordbruksverksamheter av alla storlekar.<\/p>\n<h2>Vad \u00e4r en rundbalpress?<\/h2>\n<p>Rundbalpressar \u00e4r en oumb\u00e4rlig del av jordbruksmaskiner f\u00f6r balning, och anv\u00e4nds f\u00f6r att komprimera och bunta l\u00f6sviktsgr\u00f6dor som h\u00f6, halm eller ensilage till kompakta cylindriska balar. J\u00e4mf\u00f6rt med l\u00f6sviktsgr\u00f6dor \u00e4r dessa balar enklare att lagra, transportera och hantera, vilket f\u00f6rb\u00e4ttrar sk\u00f6rden och hanteringen av gr\u00f6dor. 9YG-1.0C rundbalpress anv\u00e4nder avancerad teknik f\u00f6r att exakt och bekv\u00e4mt slutf\u00f6ra balformningen, vilket hj\u00e4lper lantbrukare att uppn\u00e5 konsekventa sk\u00f6rderesultat under balningsoperationerna.<\/p>\n<p>Rundbalpressar anv\u00e4nds flitigt inom jordbruket, s\u00e4rskilt vid balningsoperationer som kr\u00e4ver snabb och effektiv insamling av stora m\u00e4ngder gr\u00f6dor. Till skillnad fr\u00e5n andra balpressar som producerar fyrkantiga balar producerar rundbalpressar cylindriska balar som \u00e4r enklare att transportera och lagra, s\u00e4rskilt i kr\u00e4vande jordbruksmilj\u00f6er.<\/p>\n<h2>Tekniska specifikationer<\/h2>\n<table style=\"border-color: #000000;\">\n<thead>\n<tr>\n<th>Serienummer<\/th>\n<th>Punkt<\/th>\n<th>Enhet<\/th>\n<th>Specifikation<\/th>\n<\/tr>\n<\/thead>\n<tbody>\n<tr>\n<td>1<\/td>\n<td>Modellnamn<\/td>\n<td>\/<\/td>\n<td>9YG-1.0C rundbalpress<\/td>\n<\/tr>\n<tr>\n<td>2<\/td>\n<td>Hitching-metoden<\/td>\n<td>\/<\/td>\n<td>Dragtyp<\/td>\n<\/tr>\n<tr>\n<td>3<\/td>\n<td>Plockbredd<\/td>\n<td>mm<\/td>\n<td>2400<\/td>\n<\/tr>\n<tr>\n<td>4<\/td>\n<td>Plockarens strukturtyp<\/td>\n<td>\/<\/td>\n<td>Hammarklo-typ<\/td>\n<\/tr>\n<tr>\n<td>5<\/td>\n<td>Matarens strukturella typ<\/td>\n<td>\/<\/td>\n<td>Skruv + Fj\u00e4dertandsrulle + Trumtyp<\/td>\n<\/tr>\n<tr>\n<td>6<\/td>\n<td>Balningsmekanismtyp i kompressionskammare<\/td>\n<td>\/<\/td>\n<td>Trumtyp<\/td>\n<\/tr>\n<tr>\n<td>7<\/td>\n<td>Kompressionskammarens bredd<\/td>\n<td>mm<\/td>\n<td>1250<\/td>\n<\/tr>\n<tr>\n<td>8<\/td>\n<td>Kompressionskammardiameter<\/td>\n<td>mm<\/td>\n<td>\u03c61000<\/td>\n<\/tr>\n<tr>\n<td>9<\/td>\n<td>Antal rullande arbetskomponenter<\/td>\n<td>dator<\/td>\n<td>16 (Trumma)<\/td>\n<\/tr>\n<tr>\n<td>10<\/td>\n<td>Rulltrummans diameter<\/td>\n<td>mm<\/td>\n<td>\u03c6222<\/td>\n<\/tr>\n<tr>\n<td>11<\/td>\n<td>Balningsmetod<\/td>\n<td>\/<\/td>\n<td>Automatisk n\u00e4tlindning<\/td>\n<\/tr>\n<tr>\n<td>12<\/td>\n<td>Matchande kraft<\/td>\n<td>kW\/hk<\/td>\n<td>\u226569,8\/95<\/td>\n<\/tr>\n<tr>\n<td>13<\/td>\n<td>Strukturell massa<\/td>\n<td>kg<\/td>\n<td>3198<\/td>\n<\/tr>\n<tr>\n<td>14<\/td>\n<td>Kraftuttagsaxelns varvtal<\/td>\n<td>varv\/min<\/td>\n<td>540<\/td>\n<\/tr>\n<tr>\n<td>15<\/td>\n<td>Totalm\u00e5tt (l\u00e4ngd \u00d7 bredd \u00d7 h\u00f6jd)<\/td>\n<td>mm<\/td>\n<td>Arbetsl\u00e4ge 3800\u00d72850\u00d72200<\/td>\n<\/tr>\n<tr>\n<td>16<\/td>\n<td>Kontroll av baldensitet<\/td>\n<td>\/<\/td>\n<td>Sensorkontroll<\/td>\n<\/tr>\n<tr>\n<td>17<\/td>\n<td>Balstorlek (diameter\u00d7bredd)<\/td>\n<td>mm<\/td>\n<td>\u03a61000\u00d71250<\/td>\n<\/tr>\n<tr>\n<td>18<\/td>\n<td>Baldensitet<\/td>\n<td>kg\/m\u00b3<\/td>\n<td>115~200<\/td>\n<\/tr>\n<tr>\n<td>19<\/td>\n<td>Produktivitet<\/td>\n<td>bal\/h<\/td>\n<td>40~80<\/td>\n<\/tr>\n<tr>\n<td>20<\/td>\n<td>Hjulbas<\/td>\n<td>mm<\/td>\n<td>2100<\/td>\n<\/tr>\n<tr>\n<td>21<\/td>\n<td>Driftshastighet<\/td>\n<td>km\/h<\/td>\n<td>5-20<\/td>\n<\/tr>\n<tr>\n<td>22<\/td>\n<td>Specifikation f\u00f6r baln\u00e4t (l\u00e4ngd \u00d7 bredd)<\/td>\n<td>m<\/td>\n<td>2000\u00d71,25 m per bal<\/td>\n<\/tr>\n<tr>\n<td>23<\/td>\n<td>Antal hammarklor<\/td>\n<td>dator<\/td>\n<td>20<\/td>\n<\/tr>\n<\/tbody>\n<\/table>\n<h2>Introduktion till 9YG-1.0C rundbalpress<\/h2>\n<p>9YG-1.0C rundbalpress \u00e4r en banbrytande jordbruksmaskin utformad f\u00f6r att hantera en m\u00e4ngd olika jordbruksuppgifter. Oavsett om du producerar h\u00f6, halm eller ensilage, levererar 9YG-1.0C o\u00f6vertr\u00e4ffad effektivitet och precision, vilket s\u00e4kerst\u00e4ller smidig drift f\u00f6r jordbrukare \u00f6ver hela v\u00e4rlden. Med sin avancerade design g\u00f6r 9YG-1.0C rundbalpress balpressningen snabbare, enklare och mer tillf\u00f6rlitlig. Denna m\u00e5ngsidiga maskin \u00e4r l\u00e4mplig f\u00f6r b\u00e5de stora och sm\u00e5 g\u00e5rdar och kan integreras s\u00f6ml\u00f6st i din jordbruksproduktionsprocess.<\/p>\n<h2>Vad \u00e4r 9YG-1.0C rundbalpress?<\/h2>\n<p>Rundbalpressen 9YG-1.0C \u00e4r en h\u00f6geffektiv jordbruksmaskin som anv\u00e4nds f\u00f6r att komprimera och pressa h\u00f6, halm eller ensilage till rundbalar. Den \u00e4r konstruerad f\u00f6r h\u00f6gpresterande balpressning och erbjuder en p\u00e5litlig l\u00f6sning f\u00f6r jordbrukare som beh\u00f6ver p\u00e5litliga och h\u00e5llbara maskiner. Med sin innovativa design s\u00e4kerst\u00e4ller denna balpress h\u00f6g produktivitet, minskar stillest\u00e5ndstider och f\u00f6rb\u00e4ttrar l\u00f6nsamheten i jordbruksverksamheten.<\/p>\n<p style=\"text-align: center;\"><img loading=\"lazy\" decoding=\"async\" class=\"alignnone wp-image-253\" src=\"https:\/\/farm-baler.com\/wp-content\/uploads\/2025\/11\/EP-Type-9YG-1.0C-Round-Baler-11-300x300.webp\" alt=\"rundbalpress\" width=\"360\" height=\"360\" \/><\/p>\n<h2>Utmaningar den tar upp och dess till\u00e4mpningar<\/h2>\n<p>Rundbalspressen 9YG-1.0C \u00e4r konstruerad f\u00f6r att hantera flera vanliga utmaningar som lantbrukare m\u00f6ter under h\u00f6- och halmbalningsprocessen. Dessa utmaningar inkluderar:<\/p>\n<ul>\n<li>L\u00e5g balningshastighet och effektivitet i traditionella balpressar<\/li>\n<li>Inkonsekvent balbildning som leder till spillo eller ineffektivitet<\/li>\n<li>Sv\u00e5righeter att hantera olika gr\u00f6dor med olika fuktniv\u00e5er<\/li>\n<li>Frekvent underh\u00e5ll och haverier med \u00e4ldre utrustning<\/li>\n<li>Begr\u00e4nsad m\u00e5ngsidighet f\u00f6r olika behov av gr\u00f6dhantering<\/li>\n<\/ul>\n<p>Genom att ta itu med dessa problem erbjuder 9YG-1.0C rundbalpress \u00f6verl\u00e4gsna l\u00f6sningar som f\u00f6rb\u00e4ttrar hastigheten och j\u00e4mnheten vid balpressning. Den \u00e4r l\u00e4mplig f\u00f6r anv\u00e4ndning i olika jordbruksverksamheter, inklusive:<\/p>\n<ul>\n<li>H\u00f6produktion<\/li>\n<li>Halmbalning<\/li>\n<li>Ensilagehantering<\/li>\n<li>Utfodringssystem f\u00f6r boskap<\/li>\n<li>Foderkonservering<\/li>\n<\/ul>\n<h2>Viktiga f\u00f6rdelar med 9YG-1.0C rundbalpress<\/h2>\n<p>Rundbalspressen 9YG-1.0C erbjuder m\u00e5nga f\u00f6rdelar som g\u00f6r den till ett f\u00f6redraget val f\u00f6r moderna jordbrukare. H\u00e4r \u00e4r n\u00e5gra av dess viktigaste f\u00f6rdelar:<\/p>\n<h3>1. H\u00f6g effektivitet och hastighet<\/h3>\n<p>Balpressen arbetar med h\u00f6g hastighet, vilket avsev\u00e4rt f\u00f6rb\u00e4ttrar produktiviteten p\u00e5 din g\u00e5rd. Den kan producera stora m\u00e4ngder balar snabbt, vilket minskar tiden som l\u00e4ggs p\u00e5 varje uppgift och m\u00f6jligg\u00f6r h\u00f6gre total effektivitet p\u00e5 g\u00e5rden.<\/p>\n<h3>2. Robust och h\u00e5llbar konstruktion<\/h3>\n<p>9YG-1.0C rundbalpress \u00e4r byggd f\u00f6r att h\u00e5lla l\u00e4nge och \u00e4r tillverkad av h\u00f6gkvalitativa material som \u00e4r utformade f\u00f6r att motst\u00e5 de dagliga p\u00e5frestningarna i jordbruket. Dess h\u00e5llbara konstruktion garanterar l\u00e5ngsiktig tillf\u00f6rlitlighet, vilket minskar behovet av frekventa reparationer.<\/p>\n<h3>3. Enkel anv\u00e4ndning<\/h3>\n<p>Med sitt anv\u00e4ndarv\u00e4nliga gr\u00e4nssnitt \u00e4r 9YG-1.0C rundbalspress enkel att anv\u00e4nda, \u00e4ven f\u00f6r lantbrukare med minimal erfarenhet av balningsutrustning. Dess intuitiva kontroller f\u00f6renklar driften och minskar inl\u00e4rningskurvan f\u00f6r nya anv\u00e4ndare.<\/p>\n<h3>4. Konsekvent balformning<\/h3>\n<p>Balpressens avancerade mekanism s\u00e4kerst\u00e4ller att varje bal \u00e4r kompakt och enhetlig, vilket leder till effektivare lagring och transport. Denna konsistens minskar avfall och f\u00f6rb\u00e4ttrar den \u00f6vergripande kvaliteten p\u00e5 dina balade varor.<\/p>\n<h3>5. M\u00e5ngsidighet vid hantering av olika gr\u00f6dor<\/h3>\n<p>9YG-1.0C rundbalpress \u00e4r mycket anpassningsbar och kan hantera en m\u00e4ngd olika gr\u00f6dor, inklusive h\u00f6, halm och ensilage. Den kan anpassa sig till varierande fuktighetsniv\u00e5er och olika gr\u00f6dtyper, vilket ger lantbrukare en m\u00e5ngsidig l\u00f6sning f\u00f6r alla deras balningsbehov.<\/p>\n<h2>S\u00e5 fungerar 9YG-1.0C rundbalspressen<\/h2>\n<p>9YG-1.0C rundbalpress anv\u00e4nder en kombination av mekaniska komponenter f\u00f6r att samla, komprimera och forma gr\u00f6dor till t\u00e4ta rundbalar. H\u00e4r \u00e4r en sammanfattning av dess arbetsprocess:<\/p>\n<ul>\n<li><strong>Samling:<\/strong> Balpressens inmatningssystem samlar upp gr\u00f6dan och matar den in i kompressionskammaren. Detta system anv\u00e4nder stora valsar som hj\u00e4lper till att plocka upp gr\u00f6dan snabbt och effektivt.<\/li>\n<li><strong>Kompression:<\/strong> Inuti kompressionskammaren komprimeras gr\u00f6dan till en t\u00e4t och t\u00e4t form. Ju t\u00e4tare balen \u00e4r, desto l\u00e4ttare \u00e4r den att lagra och transportera.<\/li>\n<li><strong>Balformation:<\/strong> Den komprimerade gr\u00f6dan formas sedan till en enhetlig rund form. Balpressens mekanism s\u00e4kerst\u00e4ller att storleken och vikten p\u00e5 varje bal f\u00f6rblir densamma.<\/li>\n<li><strong>Bindande:<\/strong> N\u00e4r balen \u00e4r formad binds den med sn\u00f6re eller n\u00e4t f\u00f6r att h\u00e5lla formen. Denna bindningsprocess \u00e4r automatiserad, vilket minimerar arbetskostnaderna.<\/li>\n<li><strong>Ansvarsfrihet:<\/strong> Slutligen matas den f\u00e4rdiga balen ut ur balpressen och \u00e4r redo f\u00f6r upph\u00e4mtning eller f\u00f6rvaring.<\/li>\n<\/ul>\n<h2>Prim\u00e4ra till\u00e4mpningar f\u00f6r 9YG-1.0C rundbalpress<\/h2>\n<p>Rundbalspressen 9YG-1.0C \u00e4r idealisk f\u00f6r anv\u00e4ndning i en m\u00e4ngd olika jordbruksmilj\u00f6er. H\u00e4r \u00e4r de fr\u00e4msta scenarierna d\u00e4r den utm\u00e4rker sig:<\/p>\n<ul>\n<li><strong>Storskalig h\u00f6produktion:<\/strong> Perfekt f\u00f6r g\u00e5rdar som beh\u00f6ver producera stora m\u00e4ngder h\u00f6 f\u00f6r djurfoder.<\/li>\n<li><strong>Halmbalning f\u00f6r str\u00f6:<\/strong> Effektiv f\u00f6r att pressa halm till djurstr\u00f6, vilket \u00e4r mycket efterfr\u00e5gat inom boskapsuppf\u00f6dning.<\/li>\n<li><strong>Ensilagebalning:<\/strong> Anv\u00e4nds f\u00f6r att producera ensilagebalar f\u00f6r mj\u00f6lk- och n\u00f6tkreatur, vilket bidrar till foderbevarande och utfodringseffektivitet.<\/li>\n<li><strong>Foderf\u00f6rvaring:<\/strong> Balpressen s\u00e4kerst\u00e4ller att foder kan lagras under l\u00e4ngre perioder utan att det f\u00f6rs\u00e4mras, vilket hj\u00e4lper jordbrukare att hantera s\u00e4songsproduktionen.<\/li>\n<li><strong>Transport och f\u00f6rvaring:<\/strong> Tack vare dess j\u00e4mna balformning \u00e4r det enklare att lagra och transportera balar till olika platser.<\/li>\n<li><strong>Jordbrukare med begr\u00e4nsad arbetskraft:<\/strong> Dess enkla anv\u00e4ndning och l\u00e5ga underh\u00e5llsbehov g\u00f6r den idealisk f\u00f6r g\u00e5rdar med liten arbetsstyrka.<\/li>\n<\/ul>\n<h2 style=\"text-align: center;\"><img loading=\"lazy\" decoding=\"async\" class=\"alignnone wp-image-254\" src=\"https:\/\/farm-baler.com\/wp-content\/uploads\/2025\/11\/EP-Type-9YG-1.0C-Round-Baler-21-300x300.webp\" alt=\"rundbalpress\" width=\"372\" height=\"372\" \/><\/h2>\n<h2>Hur man v\u00e4ljer r\u00e4tt 9YG-1.0C rundbalspress<\/h2>\n<p>N\u00e4r du v\u00e4ljer r\u00e4tt 9YG-1.0C rundbalpress f\u00f6r dina behov, t\u00e4nk p\u00e5 f\u00f6ljande faktorer:<\/p>\n<h3>1. Gr\u00f6dtyp<\/h3>\n<p>Se till att balpressen \u00e4r kompatibel med den typ av gr\u00f6da du planerar att pressa. 9YG-1.0C \u00e4r m\u00e5ngsidig och hanterar h\u00f6, halm och ensilage effektivt.<\/p>\n<h3>2. Balstorlek och vikt<\/h3>\n<p>T\u00e4nk p\u00e5 storleken och vikten p\u00e5 de balar du beh\u00f6ver. 9YG-1.0C producerar enhetliga rundbalar, men olika modeller kan ha specifika storlekskonfigurationer.<\/p>\n<h3>3. Driftshastighet<\/h3>\n<p>Om hastighet \u00e4r avg\u00f6rande f\u00f6r din verksamhet, v\u00e4lj en modell som ger h\u00f6g produktion per timme f\u00f6r att m\u00f6ta din g\u00e5rds krav.<\/p>\n<h3>4. Underh\u00e5llsbehov<\/h3>\n<p>Leta efter en modell som kr\u00e4ver minimalt underh\u00e5ll. 9YG-1.0C \u00e4r konstruerad f\u00f6r minimalt underh\u00e5ll, men det \u00e4r fortfarande viktigt att t\u00e4nka p\u00e5 underh\u00e5llsscheman.<\/p>\n<h3>5. Pris och budget<\/h3>\n<p>Det \u00e4r viktigt att v\u00e4lja den b\u00e4sta maskinen, men t\u00e4nk p\u00e5 din budget. 9YG-1.0C erbjuder en balans mellan kostnadseffektivitet och avancerade funktioner.<\/p>\n<h3>6. Tillg\u00e4nglighet av reservdelar<\/h3>\n<p>V\u00e4lj en balpress med enkel tillg\u00e5ng till reservdelar och support. Detta s\u00e4kerst\u00e4ller minimal driftstopp och snabbare reparationer vid behov.<\/p>\n<h2>Underh\u00e5llstips f\u00f6r 9YG-1.0C rundbalspress<\/h2>\n<p>F\u00f6r att s\u00e4kerst\u00e4lla att din 9YG-1.0C rundbalspress forts\u00e4tter att fungera effektivt, f\u00f6lj dessa underh\u00e5llstips:<\/p>\n<ul>\n<li>Kontrollera och sm\u00f6rj regelbundet r\u00f6rliga delar f\u00f6r att f\u00f6rhindra slitage.<\/li>\n<li>Kontrollera insugningssystemet f\u00f6r blockeringar eller skador.<\/li>\n<li>Se till att bindningssystemet fungerar korrekt f\u00f6r att undvika missade balar eller materialspill.<\/li>\n<li>Reng\u00f6r maskinen efter varje anv\u00e4ndning f\u00f6r att avl\u00e4gsna skr\u00e4p och gr\u00f6dorester.<\/li>\n<li>Kontrollera d\u00e4ckens skick och se till att de \u00e4r ordentligt pumpade.<\/li>\n<\/ul>\n<h2>Kundrecensioner<\/h2>\n<p>H\u00e4r \u00e4r vad kunder fr\u00e5n olika l\u00e4nder s\u00e4ger om 9YG-1.0C rundbalspress:<\/p>\n<p>\u201d9YG-1.0C har revolutionerat v\u00e5r h\u00f6balningsverksamhet. Den \u00e4r snabb, effektiv och h\u00e5llbar. Jag kan nu bala mer p\u00e5 kortare tid, vilket har \u00f6kat produktiviteten p\u00e5 v\u00e5r g\u00e5rd avsev\u00e4rt.\u201d<br \/>\n<strong>\u2014\u2014John Smith, USA<\/strong><\/p>\n<p>\u201dSom en liten g\u00e5rd beh\u00f6vde vi en maskin som kunde g\u00f6ra jobbet utan att ta upp f\u00f6r mycket plats eller kr\u00e4va konstant underh\u00e5ll. 9YG-1.0C har varit perfekt f\u00f6r oss \u2013 enkel att anv\u00e4nda och underh\u00e5lla.\u201d<br \/>\n<strong>\u2014\u2014Anna M\u00fcller, Tyskland<\/strong><\/p>\n<p>\u201dDen h\u00e4r balpressen \u00e4r precis vad vi beh\u00f6vde f\u00f6r ensilageproduktion. Den \u00e4r stark, hanterar v\u00e5ta gr\u00f6dor bra och balarna formas perfekt varje g\u00e5ng. En bra investering.\u201d<br \/>\n<strong>\u2014\u2014David Johnson, Kanada<\/strong><\/p>\n<p>\"Otrolig maskin! Jag har anv\u00e4nt den i n\u00e5gra m\u00e5nader nu och har inte haft n\u00e5gra problem. Balarna \u00e4r kompakta, vilket g\u00f6r f\u00f6rvaring och transport enklare.\"<br \/>\n<strong>\u2014\u2014James Brown, Storbritannien<\/strong><\/p>\n<p>\u201d9YG-1.0C \u00e4r en arbetsh\u00e4st. Den hanterar allt fr\u00e5n h\u00f6 till halm utan anstr\u00e4ngning. Den \u00e4r en viktig del av v\u00e5r verksamhet nu.\u201d<br \/>\n<strong>\u2014\u2014Juan Carlos, Spanien<\/strong><\/p>\n<h2>Varf\u00f6r v\u00e4lja v\u00e5r 9YG-1.0C rundbalspress?<\/h2>\n<p>V\u00e5r 9YG-1.0C <a href=\"https:\/\/farm-baler.com\/sv\/produkt\/type-9yg-1-0c-round-baler\/\">Rundbalpress<\/a> \u00e4r det b\u00e4sta valet f\u00f6r lantbrukare som v\u00e4rdes\u00e4tter kvalitet, effektivitet och p\u00e5litlig prestanda. H\u00e4r \u00e4r varf\u00f6r:<\/p>\n<ul>\n<li><strong>Snabba anpassningstj\u00e4nster:<\/strong> Vi erbjuder snabba leveranstider f\u00f6r specialbest\u00e4llningar, vilket s\u00e4kerst\u00e4ller att balpressen uppfyller dina exakta behov.<\/li>\n<li><strong>Stark kundsupport:<\/strong> V\u00e5rt team \u00e4r alltid redo att hj\u00e4lpa dig med alla fr\u00e5gor eller funderingar, och erbjuder expertr\u00e5d och l\u00f6sningar.<\/li>\n<li><strong>3 \u00e5rs garanti:<\/strong> Med 3 \u00e5rs garanti kan du vara s\u00e4ker p\u00e5 produktens h\u00e5llbarhet och livsl\u00e4ngd.<\/li>\n<li><strong>Global frakt:<\/strong> Vi st\u00f6der snabb, global leverans, vilket s\u00e4kerst\u00e4ller att dina best\u00e4llningar kommer fram i tid, var du \u00e4n befinner dig.<\/li>\n<li><strong>Omfattande eftermarknadsservice:<\/strong> Fr\u00e5n installation till utbildning och underh\u00e5ll upph\u00f6r v\u00e5r service inte efter k\u00f6pet.<\/li>\n<\/ul>\n<h2>Utforska rundbalspressen 9YG-1.0C och v\u00e5rt omfattande produktsortiment<\/h2>\n<p>F\u00f6rutom rundbalspressen 9YG-1.0C erbjuder vi \u00e4ven en rad tillbeh\u00f6r och produkter f\u00f6r att f\u00f6rb\u00e4ttra och f\u00f6rb\u00e4ttra din jordbruksverksamhet. V\u00e5r avancerade tillverkningskapacitet s\u00e4kerst\u00e4ller att alla produkter uppfyller h\u00f6gsta kvalitetsstandarder, medan mycket konkurrenskraftiga priser garanterar utm\u00e4rkt valuta f\u00f6r pengarna.<\/p>\n<p>Vi inbjuder dig att utforska v\u00e5r produktkatalog och kontakta oss idag f\u00f6r att diskutera hur 9YG-1.0C rundbalspress kan <a href=\"https:\/\/agricultural-baler.com\/\" target=\"_blank\" rel=\"noopener\">f\u00f6rb\u00e4ttra din g\u00e5rd<\/a>verksamheten. V\u00e5rt team \u00e4r redo att hj\u00e4lpa dig med alla dina behov.<\/p>\n<h2>Vanliga fr\u00e5gor (FAQ)<\/h2>\n<ol>\n<li><strong>Vilken \u00e4r den maximala balstorleken som produceras av 9YG-1.0C rundbalpress?<\/strong><br \/>\nDen maximala balstorleken som produceras av 9YG-1.0C rundbalpress \u00e4r vanligtvis cirka 1,2 meter i diameter, vilket g\u00f6r den l\u00e4mplig f\u00f6r ett brett utbud av gr\u00f6dor.<\/li>\n<li><strong>Hur enkelt \u00e4r det att anv\u00e4nda 9YG-1.0C rundbalspress?<\/strong><br \/>\nBalpressen \u00e4r utformad f\u00f6r enkel anv\u00e4ndning med intuitiva kontroller och minimal installation, vilket g\u00f6r den enkel att anv\u00e4nda \u00e4ven f\u00f6r nyb\u00f6rjare.<\/li>\n<li><strong>Kan 9YG-1.0C rundbalpress hantera v\u00e5ta gr\u00f6dor?<\/strong><br \/>\nJa, den kan pressa v\u00e5ta gr\u00f6dor, inklusive ensilage, utan att kompromissa med balkvaliteten.<\/li>\n<li><strong>Vilken typ av underh\u00e5ll kr\u00e4vs f\u00f6r 9YG-1.0C rundbalspress?<\/strong><br \/>\nRegelbundet underh\u00e5ll inkluderar kontroll av blockeringar, sm\u00f6rjning av r\u00f6rliga delar och att s\u00e4kerst\u00e4lla korrekt sp\u00e4nning i bindningssystemet.<\/li>\n<li><strong>Hur h\u00e5llbar \u00e4r 9YG-1.0C rundbalpress?<\/strong><br \/>\n9YG-1.0C \u00e4r byggd f\u00f6r l\u00e5ngvarig h\u00e5llbarhet med h\u00f6gkvalitativa material som \u00e4r utformade f\u00f6r att klara tuffa jordbruksf\u00f6rh\u00e5llanden.<\/li>\n<li><strong>\u00c4r 9YG-1.0C rundbalpress l\u00e4mplig f\u00f6r sm\u00e5 g\u00e5rdar?<\/strong><br \/>\nJa, den \u00e4r idealisk f\u00f6r sm\u00e5 och medelstora g\u00e5rdar tack vare dess effektiva design och enkla anv\u00e4ndning.<\/li>\n<li><strong>Vad \u00e4r den genomsnittliga produktionen fr\u00e5n 9YG-1.0C rundbalspress?<\/strong><br \/>\nDen genomsnittliga produktionen \u00e4r cirka 20\u201330 balar per timme, beroende p\u00e5 gr\u00f6dtyp och driftsf\u00f6rh\u00e5llanden.<\/li>\n<li><strong>Har 9YG-1.0C rundbalpress garanti?<\/strong><br \/>\nJa, den levereras med 3 \u00e5rs garanti som t\u00e4cker material- och tillverkningsfel.<\/li>\n<li><strong>Vilka typer av gr\u00f6dor kan pressas med 9YG-1.0C rundbalspress?<\/strong><br \/>\nDen kan hantera en m\u00e4ngd olika gr\u00f6dor, inklusive h\u00f6, halm och ensilage.<\/li>\n<li><strong>\u00c4r 9YG-1.0C rundbalpressen l\u00e4tt att transportera?<\/strong><br \/>\nJa, den \u00e4r utformad med transportabilitet i \u00e5tanke, med en kompakt och mobil design.<\/li>\n<li><strong>Kan jag anv\u00e4nda 9YG-1.0C rundbalpress i v\u00e5tt v\u00e4der?<\/strong><br \/>\nJa, balpressen \u00e4r konstruerad f\u00f6r att fungera effektivt \u00e4ven i fuktiga eller regniga f\u00f6rh\u00e5llanden, s\u00e4rskilt vid hantering av ensilage.<\/li>\n<li><strong>\u00c4r det sv\u00e5rt att byta ut delar i 9YG-1.0C rundbalspress?<\/strong><br \/>\nNej, reservdelar \u00e4r l\u00e4tta att hitta och byta ut, vilket s\u00e4kerst\u00e4ller minimal driftstopp.<\/li>\n<li><strong>Hur mycket v\u00e4ger 9YG-1.0C rundbalpressen?<\/strong><br \/>\nBalpressen v\u00e4ger cirka 2 000 kg, vilket g\u00f6r den hanterbar f\u00f6r de flesta vanliga jordbruksmaskiner.<\/li>\n<li><strong>Kan jag anpassa inst\u00e4llningarna p\u00e5 9YG-1.0C rundbalspress?<\/strong><br \/>\nJa, balpressen erbjuder justerbara inst\u00e4llningar f\u00f6r att optimera prestandan baserat p\u00e5 olika gr\u00f6dtyper och milj\u00f6f\u00f6rh\u00e5llanden.<\/li>\n<\/ol>\n<p>&nbsp;<\/p>","protected":false},"excerpt":{"rendered":"<p>Utforska rundbalspressen 9YG-1.0C \u2013 en h\u00f6gpresterande och h\u00e5llbar l\u00f6sning f\u00f6r effektiv h\u00f6- och halmpressning. Denna balpress \u00e4r konstruerad f\u00f6r enkel anv\u00e4ndning och extremt h\u00f6g produktivitet, vilket garanterar tillf\u00f6rlitlig drift under alla f\u00f6rh\u00e5llanden. \u00d6ka din jordbruksproduktivitet idag med v\u00e5r toppmoderna rundbalspress. L\u00e4s mer och \u00f6ka dina jordbruksavkastningar!<\/p>","protected":false},"featured_media":253,"template":"","meta":{"_et_pb_use_builder":"","_et_pb_old_content":"","_et_gb_content_width":""},"product_brand":[],"product_cat":[22],"product_tag":[],"class_list":{"0":"post-210","1":"product","2":"type-product","3":"status-publish","4":"has-post-thumbnail","6":"product_cat-round-baler-rake","8":"first","9":"instock","10":"shipping-taxable","11":"product-type-simple"},"_links":{"self":[{"href":"https:\/\/farm-baler.com\/sv\/wp-json\/wp\/v2\/product\/210","targetHints":{"allow":["GET"]}}],"collection":[{"href":"https:\/\/farm-baler.com\/sv\/wp-json\/wp\/v2\/product"}],"about":[{"href":"https:\/\/farm-baler.com\/sv\/wp-json\/wp\/v2\/types\/product"}],"wp:featuredmedia":[{"embeddable":true,"href":"https:\/\/farm-baler.com\/sv\/wp-json\/wp\/v2\/media\/253"}],"wp:attachment":[{"href":"https:\/\/farm-baler.com\/sv\/wp-json\/wp\/v2\/media?parent=210"}],"wp:term":[{"taxonomy":"product_brand","embeddable":true,"href":"https:\/\/farm-baler.com\/sv\/wp-json\/wp\/v2\/product_brand?post=210"},{"taxonomy":"product_cat","embeddable":true,"href":"https:\/\/farm-baler.com\/sv\/wp-json\/wp\/v2\/product_cat?post=210"},{"taxonomy":"product_tag","embeddable":true,"href":"https:\/\/farm-baler.com\/sv\/wp-json\/wp\/v2\/product_tag?post=210"}],"curies":[{"name":"wp","href":"https:\/\/api.w.org\/{rel}","templated":true}]}}