{"id":499,"date":"2025-12-17T09:28:51","date_gmt":"2025-12-17T09:28:51","guid":{"rendered":"https:\/\/farm-baler.com\/?post_type=product&#038;p=499"},"modified":"2025-12-18T01:18:39","modified_gmt":"2025-12-18T01:18:39","slug":"maquina-de-amassar-com-roda-de-dedos-9fz-2-0","status":"publish","type":"product","link":"https:\/\/farm-baler.com\/pt\/produto\/maquina-de-amassar-com-roda-de-dedos-9fz-2-0\/","title":{"rendered":"M\u00e1quina de espalhar com roda de dedos 9FZ-2.0"},"content":{"rendered":"<p>A m\u00e1quina de espalhar feno com rodas de dedos 9FZ-2.0 \u00e9 uma ferramenta agr\u00edcola inovadora projetada para auxiliar no processo de secagem de feno e pasto. Ela ventila e espalha o feno uniformemente no campo de forma eficiente, otimizando o processo de secagem e garantindo que o gado receba ra\u00e7\u00e3o de alta qualidade. Equipada com rolos robustos e dur\u00e1veis, a m\u00e1quina aprimora ainda mais seu desempenho, tornando-se um recurso valioso para fazendas de todos os portes.<\/p>\n<h2>Especifica\u00e7\u00f5es t\u00e9cnicas<\/h2>\n<table style=\"border-color: #000000;\">\n<thead>\n<tr>\n<th align=\"left\">N\u00famero de s\u00e9rie<\/th>\n<th align=\"left\">Item<\/th>\n<th align=\"left\">Unidade<\/th>\n<th align=\"left\">Especifica\u00e7\u00e3o<\/th>\n<\/tr>\n<\/thead>\n<tbody>\n<tr>\n<td align=\"left\">1<\/td>\n<td align=\"left\">Nome do produto<\/td>\n<td align=\"left\">–<\/td>\n<td align=\"left\">Espalhador de Discos de Dedo 9FZ-2.0<\/td>\n<\/tr>\n<tr>\n<td align=\"left\">2<\/td>\n<td align=\"left\">M\u00e9todo de engate<\/td>\n<td align=\"left\">–<\/td>\n<td align=\"left\">Tipo Montado<\/td>\n<\/tr>\n<tr>\n<td align=\"left\">3<\/td>\n<td align=\"left\">Tipo de mecanismo de dobragem<\/td>\n<td align=\"left\">–<\/td>\n<td align=\"left\">Tipo hidr\u00e1ulico<\/td>\n<\/tr>\n<tr>\n<td align=\"left\">4<\/td>\n<td align=\"left\">Quantidade de dentes<\/td>\n<td align=\"left\">–<\/td>\n<td align=\"left\">120 (40 dentes\/disco \u00d7 3 discos)<\/td>\n<\/tr>\n<tr>\n<td align=\"left\">5<\/td>\n<td align=\"left\">Quantidade de rodas de dedo<\/td>\n<td align=\"left\">–<\/td>\n<td align=\"left\">Quantidade de rodas de dedo<\/td>\n<\/tr>\n<tr>\n<td align=\"left\">6<\/td>\n<td align=\"left\">Di\u00e2metro da roda de dedo<\/td>\n<td align=\"left\">mm<\/td>\n<td align=\"left\">\u03a61500<\/td>\n<\/tr>\n<tr>\n<td align=\"left\">7<\/td>\n<td align=\"left\">Largura do Tedding<\/td>\n<td align=\"left\">m<\/td>\n<td align=\"left\">2<\/td>\n<\/tr>\n<tr>\n<td align=\"left\">8<\/td>\n<td align=\"left\">Faixa de pot\u00eancia correspondente<\/td>\n<td align=\"left\">kW<\/td>\n<td align=\"left\">\u226525,73<\/td>\n<\/tr>\n<tr>\n<td align=\"left\">9<\/td>\n<td align=\"left\">Faixa de velocidade operacional<\/td>\n<td align=\"left\">KM\/H<\/td>\n<td align=\"left\">7-10<\/td>\n<\/tr>\n<tr>\n<td align=\"left\">10<\/td>\n<td align=\"left\">Dimens\u00f5es gerais (comprimento \u00d7 largura \u00d7 altura) em funcionamento<\/td>\n<td align=\"left\">mm<\/td>\n<td align=\"left\">3500\u00d73500\u00d71500<\/td>\n<\/tr>\n<tr>\n<td align=\"left\">11<\/td>\n<td align=\"left\">Massa total<\/td>\n<td align=\"left\">kg<\/td>\n<td align=\"left\">372<\/td>\n<\/tr>\n<tr>\n<td align=\"left\">12<\/td>\n<td align=\"left\">Padr\u00e3o de Execu\u00e7\u00e3o do Produto<\/td>\n<td align=\"left\">–<\/td>\n<td align=\"left\">JB\/T7766-2011<\/td>\n<\/tr>\n<\/tbody>\n<\/table>\n<h2>Defini\u00e7\u00e3o do produto<\/h2>\n<p>A m\u00e1quina de espalhar feno com rodas de dedos 9FZ-2.0 \u00e9 um dispositivo mec\u00e2nico projetado para a distribui\u00e7\u00e3o eficiente de feno e capim. Ela \u00e9 equipada com um conjunto de rolos girat\u00f3rios que espalham o feno suavemente no campo, garantindo que ele tenha contato total com a luz solar e o ar. Esse processo acelera a secagem, o que \u00e9 crucial para a produ\u00e7\u00e3o de feno de alta qualidade.<\/p>\n<h2>Que problemas a m\u00e1quina de espalhar l\u00e3 9FZ-2.0 resolve?<\/h2>\n<p>A m\u00e1quina de espalhar feno 9FZ-2.0 resolve diversos problemas importantes relacionados \u00e0 colheita de feno. Ela reduz o tempo de secagem ao melhorar a circula\u00e7\u00e3o de ar, o que \u00e9 crucial para prevenir o crescimento de mofo e garantir que o feno retenha seu valor nutricional. Al\u00e9m disso, ajuda a evitar a queda de folhas e garante que o feno seque uniformemente, tornando-se mais eficiente do que os m\u00e9todos manuais ou outros equipamentos tradicionais.<\/p>\n<h2>Usos da m\u00e1quina de espalhar 9FZ-2.0<\/h2>\n<p>A m\u00e1quina de espalhar feno com rodas de dedos 9FZ-2.0 \u00e9 utilizada principalmente na colheita de feno. Ela melhora o processo de secagem, permitindo que o feno se espalhe de maneira mais uniforme no campo. Tamb\u00e9m \u00e9 adequada para o manejo de pastagens e para agricultores que precisam preparar feno rapidamente para alimenta\u00e7\u00e3o animal. Sua versatilidade a torna adequada tanto para pequenas quanto para grandes propriedades rurais.<\/p>\n<h2>Vantagens da m\u00e1quina de espalhar 9FZ-2.0<\/h2>\n<p>A m\u00e1quina de espalhar feno com roda de dedos 9FZ-2.0 oferece diversas vantagens significativas, tornando-se uma ferramenta indispens\u00e1vel para a colheita de feno:<\/p>\n<h3>1. Tempo de secagem mais r\u00e1pido<\/h3>\n<p>Ao distribuir o feno uniformemente e aumentar sua exposi\u00e7\u00e3o \u00e0 luz solar e ao ar, o 9FZ-2.0 reduz significativamente o tempo de secagem. Isso \u00e9 especialmente importante em regi\u00f5es com condi\u00e7\u00f5es clim\u00e1ticas imprevis\u00edveis.<\/p>\n<h3>2. Qualidade aprimorada da forragem<\/h3>\n<p>A distribui\u00e7\u00e3o uniforme do feno garante que nenhuma parte da colheita fique superexposta ou subexposta aos elementos de secagem. Isso resulta em forragem de alta qualidade e mais nutritiva para o gado.<\/p>\n<h3>3. F\u00e1cil de usar<\/h3>\n<p>A m\u00e1quina foi projetada para ser f\u00e1cil de usar, permitindo que os agricultores a operem com o m\u00ednimo esfor\u00e7o. Seus controles simples e mecanismo eficiente a tornam f\u00e1cil de usar tanto para iniciantes quanto para operadores experientes.<\/p>\n<h3>4. Constru\u00e7\u00e3o Dur\u00e1vel<\/h3>\n<p>Fabricada com materiais de alta qualidade, a m\u00e1quina de espalhar feno 9FZ-2.0 \u00e9 dur\u00e1vel e resistente \u00e0s condi\u00e7\u00f5es adversas do trabalho agr\u00edcola di\u00e1rio. Sua longa vida \u00fatil garante que os agricultores obtenham retorno do seu investimento a longo prazo.<\/p>\n<h3>5. Aplica\u00e7\u00e3o vers\u00e1til<\/h3>\n<p>Seja em uma pequena fazenda ou em uma opera\u00e7\u00e3o de grande escala, a 9FZ-2.0 \u00e9 vers\u00e1til o suficiente para atender \u00e0s necessidades de fazendas de diversos tamanhos. Ela pode lidar com diferentes tipos de feno e grama, tornando-se uma ferramenta vers\u00e1til para diferentes culturas e condi\u00e7\u00f5es.<\/p>\n<h2>Princ\u00edpio de funcionamento da m\u00e1quina de espalhar 9FZ-2.0<\/h2>\n<p>A m\u00e1quina de espalhar feno 9FZ-2.0 opera com um mecanismo simples, por\u00e9m eficiente. Esta m\u00e1quina \u00e9 equipada com um conjunto de rolos girat\u00f3rios que agarram e levantam suavemente o feno do ch\u00e3o. Esses rolos espalham o feno uniformemente pelo campo, garantindo uma distribui\u00e7\u00e3o homog\u00eanea para uma secagem ideal. A rota\u00e7\u00e3o cont\u00ednua dos rolos garante a distribui\u00e7\u00e3o uniforme do feno, promovendo um processo de secagem mais r\u00e1pido e eficiente.<\/p>\n<p style=\"text-align: center;\"><img loading=\"lazy\" decoding=\"async\" class=\"alignnone size-medium wp-image-500\" src=\"https:\/\/farm-baler.com\/wp-content\/uploads\/2025\/12\/ep-9FZ-2.0-Finger-Wheel-Tedding-Machine-1-1-1-300x300.webp\" alt=\"M\u00e1quina de espalhe\" width=\"300\" height=\"300\" \/><\/p>\n<h2>Principais aplica\u00e7\u00f5es da m\u00e1quina de espalhar 9FZ-2.0<\/h2>\n<p>O 9FZ-2.0 <a href=\"http:\/\/silage-balers.com\" target=\"_blank\" rel=\"noopener\">M\u00e1quina de amassar com roda de dedo<\/a> \u00c9 utilizado em diversos cen\u00e1rios, incluindo:<\/p>\n<h3>1. Colheita de feno<\/h3>\n<p>A m\u00e1quina \u00e9 mais comumente usada para a colheita de feno, onde ajuda a espalh\u00e1-lo pelo campo, acelerando o processo de secagem e melhorando a qualidade da forragem.<\/p>\n<h3>2. Secagem da grama<\/h3>\n<p>\u00c9 tamb\u00e9m ideal para secar erva, especialmente em fazendas que precisam secar grandes quantidades de erva para alimenta\u00e7\u00e3o animal.<\/p>\n<h3>3. Preparo da forragem<\/h3>\n<p>Os agricultores utilizam esta m\u00e1quina para preparar forragem para alimenta\u00e7\u00e3o do gado no inverno. Ao secar o feno de forma eficiente, garante que a forragem mantenha seu valor nutricional durante todo o ano.<\/p>\n<h3>4. Gest\u00e3o de Pastagens<\/h3>\n<p>Os agricultores que praticam o manejo de pastagens consideram o 9FZ-2.0 \u00fatil para manter pastagens saud\u00e1veis, garantindo a secagem adequada antes do armazenamento.<\/p>\n<h3>5. Fazendas de pequena e grande escala<\/h3>\n<p>O design vers\u00e1til da m\u00e1quina permite que ela seja usada tanto em fazendas de pequena quanto de grande escala, tornando-a uma solu\u00e7\u00e3o ideal para uma variedade de opera\u00e7\u00f5es agr\u00edcolas.<\/p>\n<h3>6. Preparando forragem verde<\/h3>\n<p>Os agricultores utilizam o 9FZ-2.0 para secar forragem verde, o que \u00e9 essencial para preparar ra\u00e7\u00e3o animal nutritiva durante todo o ano.<\/p>\n<h2>Como escolher a m\u00e1quina de amassar 9FZ-2.0 certa<\/h2>\n<p>Ao selecionar o 9FZ-2.0 correto <a href=\"https:\/\/farm-baler.com\/pt\/produto\/9lzy-9-0-finger-wheel-rake\/\">M\u00e1quina de amassar com roda de dedo<\/a>Diversos fatores devem ser considerados para garantir que a m\u00e1quina atenda \u00e0s necessidades espec\u00edficas da sua fazenda:<\/p>\n<h3>1. Tamanho da fazenda<\/h3>\n<p>O tamanho da sua propriedade rural determinar\u00e1 se voc\u00ea precisa de um modelo pequeno e compacto ou de uma m\u00e1quina maior para opera\u00e7\u00f5es em larga escala. Escolha um modelo que corresponda \u00e0 capacidade da sua propriedade.<\/p>\n<h3>2. Tipo de terreno<\/h3>\n<p>Considere o tipo de terreno onde voc\u00ea usar\u00e1 a m\u00e1quina de espalhar feno. Alguns modelos s\u00e3o mais adequados para terrenos planos e uniformes, enquanto outros s\u00e3o projetados para condi\u00e7\u00f5es mais acidentadas.<\/p>\n<h3>3. Tipo de Cultura<\/h3>\n<p>Diferentes tipos de culturas podem exigir diferentes m\u00e1quinas de espalhamento. Certifique-se de que a 9FZ-2.0 seja adequada para o tipo espec\u00edfico de feno ou pasto com que voc\u00ea est\u00e1 trabalhando.<\/p>\n<h3>4. Durabilidade<\/h3>\n<p>Procure uma m\u00e1quina com uma constru\u00e7\u00e3o robusta que suporte o desgaste do uso frequente, especialmente se voc\u00ea operar em condi\u00e7\u00f5es adversas.<\/p>\n<h3>5. Facilidade de manuten\u00e7\u00e3o<\/h3>\n<p>Escolha um modelo que seja f\u00e1cil de manter e reparar. A manuten\u00e7\u00e3o regular garantir\u00e1 que sua m\u00e1quina de espalhar o material tenha um desempenho ideal durante toda a sua vida \u00fatil.<\/p>\n<h3>6. Or\u00e7amento<\/h3>\n<p>Por fim, certifique-se de que a m\u00e1quina de espanar 9FZ-2.0 se encaixa no seu or\u00e7amento. Embora investir em equipamentos de qualidade seja importante, tamb\u00e9m \u00e9 essencial considerar os benef\u00edcios a longo prazo e a rela\u00e7\u00e3o custo-benef\u00edcio da m\u00e1quina.<\/p>\n<h2>Dicas de manuten\u00e7\u00e3o para a m\u00e1quina de espalhar l\u00e3 9FZ-2.0<\/h2>\n<p>Para garantir a longevidade e o desempenho ideal da m\u00e1quina de escarificar 9FZ-2.0, a manuten\u00e7\u00e3o regular \u00e9 essencial. Aqui est\u00e3o algumas dicas de manuten\u00e7\u00e3o:<\/p>\n<ul>\n<li>Verifique e limpe regularmente as rodas dentadas para evitar entupimentos e garantir um funcionamento suave.<\/li>\n<li>Lubrifique as partes m\u00f3veis da m\u00e1quina para evitar atrito e desgaste.<\/li>\n<li>Inspecione a m\u00e1quina para verificar se h\u00e1 parafusos ou pe\u00e7as soltas e aperte-os conforme necess\u00e1rio.<\/li>\n<li>Certifique-se de que os pneus da m\u00e1quina estejam devidamente calibrados para um transporte seguro e eficiente.<\/li>\n<li>Guarde a m\u00e1quina em local seco e protegido para evitar ferrugem e corros\u00e3o.<\/li>\n<\/ul>\n<h2>Avalia\u00e7\u00f5es de clientes de diferentes pa\u00edses<\/h2>\n<p>Aqui est\u00e3o alguns depoimentos reais de clientes de diversos pa\u00edses:<\/p>\n<p>\u201cEsta m\u00e1quina de espalhar feno reduziu significativamente o tempo de secagem na nossa fazenda. Antes, esper\u00e1vamos dias para secar o feno, mas agora terminamos em apenas algumas horas. A qualidade de constru\u00e7\u00e3o \u00e9 excelente e \u00e9 f\u00e1cil de operar. Recomendo muito!\u201d<\/p>\n<p>– <strong>Jo\u00e3o, EUA<\/strong><\/p>\n<p>\u201cTemos usado a 9FZ-2.0 para nossas necessidades de secagem de feno e ela tem funcionado maravilhosamente bem. A m\u00e1quina \u00e9 eficiente e a qualidade do feno melhorou consideravelmente. \u00c9 um equipamento indispens\u00e1vel para qualquer produtor de feno que leve a s\u00e9rio a sua produ\u00e7\u00e3o.\u201d<\/p>\n<p>– <strong>Anna, Reino Unido<\/strong><\/p>\n<p>\u201cMorando em uma regi\u00e3o com clima imprevis\u00edvel, esta m\u00e1quina fez toda a diferen\u00e7a. Ela acelera o processo de secagem e impede a forma\u00e7\u00e3o de mofo no feno.\u201d<\/p>\n<p>– <strong>Lucas, Austr\u00e1lia<\/strong><\/p>\n<p>\u201cComo pequeno agricultor, eu procurava uma m\u00e1quina de espalhar feno confi\u00e1vel e acess\u00edvel. A 9FZ-2.0 atende perfeitamente \u00e0s minhas necessidades. \u00c9 f\u00e1cil de usar e faz um \u00f3timo trabalho na nossa pequena propriedade.\u201d<\/p>\n<p>– <strong>Maria, Espanha<\/strong><\/p>\n<p>\u201cEstamos usando a 9FZ-2.0 h\u00e1 v\u00e1rios meses e ela nunca nos decepcionou. A m\u00e1quina funciona de forma eficiente e nos economiza muito tempo na colheita de feno. Excelente custo-benef\u00edcio.\u201d<\/p>\n<p>– <strong>Hans, Alemanha<\/strong><\/p>\n<h2>Por que escolher nossa m\u00e1quina de espalhar roupa 9FZ-2.0?<\/h2>\n<p>Nossa m\u00e1quina de espalhar gr\u00e3os com roda de dedos 9FZ-2.0 se destaca por suas op\u00e7\u00f5es de personaliza\u00e7\u00e3o r\u00e1pidas, atendimento ao cliente superior e garantia de tr\u00eas anos. Oferecemos envio internacional r\u00e1pido para atender a todas as suas necessidades de pedidos e garantimos um servi\u00e7o p\u00f3s-venda completo para assegurar uma experi\u00eancia de usu\u00e1rio sem preocupa\u00e7\u00f5es. Nossas m\u00e1quinas s\u00e3o meticulosamente projetadas para serem eficientes e dur\u00e1veis, garantindo que seu investimento valha a pena.<\/p>\n<p>Al\u00e9m da Enfardadeira 9FZ-2.0, oferecemos tamb\u00e9m uma ampla gama de acess\u00f3rios e produtos relacionados para atender a todas as suas necessidades de colheita de feno. Com alta capacidade de produ\u00e7\u00e3o e qualidade superior, garantimos solu\u00e7\u00f5es agr\u00edcolas confi\u00e1veis \u200b\u200be econ\u00f4micas. Entre em contato conosco hoje mesmo para saber mais sobre nossos produtos e fazer sua compra!<\/p>\n<h2>Perguntas frequentes<\/h2>\n<p><strong>Qual \u00e9 a principal finalidade da m\u00e1quina de espalhar l\u00e3 9FZ-2.0?<\/strong><\/p>\n<p>A m\u00e1quina de espalhar feno e pasto 9FZ-2.0 foi projetada para distribuir feno e pasto uniformemente pelo campo, acelerando o processo de secagem e garantindo forragem de alta qualidade para o gado. \u00c9 ideal para a colheita de feno e secagem de pasto, aumentando a efici\u00eancia do processo.<\/p>\n<p><strong>Como funciona a m\u00e1quina de espalhar l\u00e3 9FZ-2.0?<\/strong><\/p>\n<p>A m\u00e1quina possui rodas girat\u00f3rias que levantam e espalham o feno pelo campo, melhorando o fluxo de ar e reduzindo o tempo de secagem. A rota\u00e7\u00e3o cont\u00ednua garante que o feno seja distribu\u00eddo uniformemente, otimizando o processo de secagem.<\/p>\n<p><strong>O modelo 9FZ-2.0 pode ser usado em fazendas de grande escala?<\/strong><\/p>\n<p>Sim, a m\u00e1quina de espalhar feno 9FZ-2.0 \u00e9 adequada tanto para pequenas quanto para grandes propriedades rurais. Seu design garante o manuseio de grandes volumes de feno, tornando-a perfeita para opera\u00e7\u00f5es de colheita de feno em larga escala.<\/p>\n<p><strong>O modelo 9FZ-2.0 \u00e9 f\u00e1cil de operar?<\/strong><\/p>\n<p>Sim, a m\u00e1quina foi projetada para ser f\u00e1cil de usar, com controles simples que permitem aos agricultores oper\u00e1-la com o m\u00ednimo esfor\u00e7o. \u00c9 adequada tanto para usu\u00e1rios iniciantes quanto para os mais experientes.<\/p>\n<p><strong>Que tipo de manuten\u00e7\u00e3o \u00e9 necess\u00e1ria para a m\u00e1quina de espalhar l\u00e3 9FZ-2.0?<\/strong><\/p>\n<p>A manuten\u00e7\u00e3o regular envolve a verifica\u00e7\u00e3o e limpeza das rodas dentadas, a lubrifica\u00e7\u00e3o das pe\u00e7as m\u00f3veis e o aperto correto dos parafusos da m\u00e1quina. Os cuidados adequados garantir\u00e3o a longevidade e o desempenho ideal da m\u00e1quina.<\/p>\n<p>Editado por gzl<\/p>\n<p><!-- More FAQs --><\/p>\n<p>&nbsp;<\/p>","protected":false},"excerpt":{"rendered":"<p>Descubra a Espalhadora de Feno com Rodas de Dedos 9FZ-2.0, projetada para o revolvimento eficiente de feno e palha. Sua constru\u00e7\u00e3o robusta, tecnologia precisa de rodas de dedos e opera\u00e7\u00e3o f\u00e1cil proporcionam desempenho excepcional em diversas aplica\u00e7\u00f5es. Aumente sua produtividade agr\u00edcola agora mesmo! Clique para saber mais e modernize seus equipamentos!<\/p>","protected":false},"featured_media":500,"template":"","meta":{"_et_pb_use_builder":"","_et_pb_old_content":"","_et_gb_content_width":""},"product_brand":[],"product_cat":[27],"product_tag":[],"class_list":{"0":"post-499","1":"product","2":"type-product","3":"status-publish","4":"has-post-thumbnail","6":"product_cat-other-series-products","8":"first","9":"instock","10":"shipping-taxable","11":"product-type-simple"},"_links":{"self":[{"href":"https:\/\/farm-baler.com\/pt\/wp-json\/wp\/v2\/product\/499","targetHints":{"allow":["GET"]}}],"collection":[{"href":"https:\/\/farm-baler.com\/pt\/wp-json\/wp\/v2\/product"}],"about":[{"href":"https:\/\/farm-baler.com\/pt\/wp-json\/wp\/v2\/types\/product"}],"wp:featuredmedia":[{"embeddable":true,"href":"https:\/\/farm-baler.com\/pt\/wp-json\/wp\/v2\/media\/500"}],"wp:attachment":[{"href":"https:\/\/farm-baler.com\/pt\/wp-json\/wp\/v2\/media?parent=499"}],"wp:term":[{"taxonomy":"product_brand","embeddable":true,"href":"https:\/\/farm-baler.com\/pt\/wp-json\/wp\/v2\/product_brand?post=499"},{"taxonomy":"product_cat","embeddable":true,"href":"https:\/\/farm-baler.com\/pt\/wp-json\/wp\/v2\/product_cat?post=499"},{"taxonomy":"product_tag","embeddable":true,"href":"https:\/\/farm-baler.com\/pt\/wp-json\/wp\/v2\/product_tag?post=499"}],"curies":[{"name":"wp","href":"https:\/\/api.w.org\/{rel}","templated":true}]}}