{"id":335,"date":"2025-12-01T09:47:03","date_gmt":"2025-12-01T09:47:03","guid":{"rendered":"https:\/\/farm-baler.com\/?post_type=product&#038;p=335"},"modified":"2025-12-18T01:39:02","modified_gmt":"2025-12-18T01:39:02","slug":"enfardadeira-redonda-9yg-2-24d","status":"publish","type":"product","link":"https:\/\/farm-baler.com\/pt\/produto\/enfardadeira-redonda-9yg-2-24d\/","title":{"rendered":"Enfardadeira redonda 9YG-2.24D"},"content":{"rendered":"<p>A enfardadeira redonda 9YG-2.24D \u00e9 um equipamento agr\u00edcola vers\u00e1til e eficiente, projetado para auxiliar agricultores e profissionais do setor agr\u00edcola a enfardar feno, palha ou outros res\u00edduos de colheita em fardos compactos e uniformes. Esta enfardadeira \u00e9 amplamente utilizada em diversos setores agr\u00edcolas devido ao seu alto desempenho, confiabilidade e facilidade de opera\u00e7\u00e3o.<\/p>\n<h2>Especifica\u00e7\u00f5es t\u00e9cnicas<\/h2>\n<table style=\"border-color: #000000;\">\n<thead>\n<tr>\n<th>N\u00e3o.<\/th>\n<th>Item<\/th>\n<th>Unidade<\/th>\n<th>Especifica\u00e7\u00e3o<\/th>\n<\/tr>\n<\/thead>\n<tbody>\n<tr>\n<td>1<\/td>\n<td>Nome do modelo<\/td>\n<td>\/<\/td>\n<td>Enfardadeira redonda 9YG-2.24D<\/td>\n<\/tr>\n<tr>\n<td>2<\/td>\n<td>M\u00e9todo de engate<\/td>\n<td>\/<\/td>\n<td>Tipo de tra\u00e7\u00e3o<\/td>\n<\/tr>\n<tr>\n<td>3<\/td>\n<td>Largura de sele\u00e7\u00e3o<\/td>\n<td>mm<\/td>\n<td>2240<\/td>\n<\/tr>\n<tr>\n<td>4<\/td>\n<td>Tipo de estrutura do seletor<\/td>\n<td>\/<\/td>\n<td>Tipo de dente de mola<\/td>\n<\/tr>\n<tr>\n<td>5<\/td>\n<td>Tipo de estrutura do alimentador<\/td>\n<td>\/<\/td>\n<td>Corrente de dedo + tipo tambor<\/td>\n<\/tr>\n<tr>\n<td>6<\/td>\n<td>Tipo de mecanismo da c\u00e2mara de compress\u00e3o<\/td>\n<td>\/<\/td>\n<td>Tipo de tambor<\/td>\n<\/tr>\n<tr>\n<td>7<\/td>\n<td>Largura da c\u00e2mara de compress\u00e3o<\/td>\n<td>mm<\/td>\n<td>1400<\/td>\n<\/tr>\n<tr>\n<td>8<\/td>\n<td>Di\u00e2metro da c\u00e2mara de compress\u00e3o<\/td>\n<td>mm<\/td>\n<td>\u03a61200<\/td>\n<\/tr>\n<tr>\n<td>9<\/td>\n<td>N\u00famero de componentes da c\u00e2mara de compress\u00e3o<\/td>\n<td>pe\u00e7as<\/td>\n<td>18 (Bateria)<\/td>\n<\/tr>\n<tr>\n<td>10<\/td>\n<td>Di\u00e2metro do tambor de fardos<\/td>\n<td>mm<\/td>\n<td>\u03a6222<\/td>\n<\/tr>\n<tr>\n<td>11<\/td>\n<td>M\u00e9todo de amarra\u00e7\u00e3o<\/td>\n<td>\/<\/td>\n<td>Envolt\u00f3rio de rede<\/td>\n<\/tr>\n<tr>\n<td>12<\/td>\n<td>Poder de correspond\u00eancia<\/td>\n<td>kW<\/td>\n<td>55-100<\/td>\n<\/tr>\n<tr>\n<td>13<\/td>\n<td>Massa estrutural<\/td>\n<td>kg<\/td>\n<td>3922<\/td>\n<\/tr>\n<tr>\n<td>14<\/td>\n<td>Velocidade da TDP<\/td>\n<td>r\/min<\/td>\n<td>720<\/td>\n<\/tr>\n<tr>\n<td>15<\/td>\n<td>Dimens\u00f5es totais (C\u00d7L\u00d7A)<\/td>\n<td>mm<\/td>\n<td>4110\u00d73010\u00d72450 (Em funcionamento)<\/td>\n<\/tr>\n<tr>\n<td>16<\/td>\n<td>Controle da densidade dos fardos<\/td>\n<td>\/<\/td>\n<td>Controle de sensores<\/td>\n<\/tr>\n<tr>\n<td>17<\/td>\n<td>Dimens\u00f5es do fardo (di\u00e2metro \u00d7 largura)<\/td>\n<td>mm<\/td>\n<td>\u03a61300\u00d71400<\/td>\n<\/tr>\n<tr>\n<td>18<\/td>\n<td>Densidade do fardo<\/td>\n<td>Kg\/m\u00b3<\/td>\n<td>100~200<\/td>\n<\/tr>\n<tr>\n<td>19<\/td>\n<td>Produtividade<\/td>\n<td>fardos\/h<\/td>\n<td>40~100<\/td>\n<\/tr>\n<tr>\n<td>20<\/td>\n<td>Esteira da roda<\/td>\n<td>mm<\/td>\n<td>2600<\/td>\n<\/tr>\n<tr>\n<td>21<\/td>\n<td>Velocidade de opera\u00e7\u00e3o<\/td>\n<td>Km\/h<\/td>\n<td>5-35<\/td>\n<\/tr>\n<tr>\n<td>22<\/td>\n<td>Especifica\u00e7\u00f5es da rede de enrolamento (Comprimento \u00d7 Largura)<\/td>\n<td>m<\/td>\n<td>2000\u00d71,4 m\/fardo<\/td>\n<\/tr>\n<\/tbody>\n<\/table>\n<h2>Defini\u00e7\u00e3o do produto<\/h2>\n<p>A enfardadeira redonda 9YG-2.24D \u00e9 uma m\u00e1quina avan\u00e7ada que recolhe, comprime e agrupa feno, palha ou outros materiais vegetais em fardos redondos e compactos. Este equipamento inovador garante um tamanho de fardo consistente e alta qualidade do produto, melhorando assim a produtividade e a efici\u00eancia dos agricultores.<\/p>\n<h2>Problemas resolvidos pela enfardadeira redonda 9YG-2.24D<\/h2>\n<p>A enfardadeira de fardos redondos 9YG-2.24D aborda diversas quest\u00f5es-chave na agricultura moderna, incluindo:<\/p>\n<ul>\n<li><strong>Efici\u00eancia em termos de tempo:<\/strong> Reduz o tempo gasto na forma\u00e7\u00e3o de fardos ao automatizar o processo.<\/li>\n<li><strong>Intensidade de m\u00e3o de obra:<\/strong> Minimiza o trabalho manual, permitindo que os trabalhadores rurais se concentrem em outras tarefas.<\/li>\n<li><strong>Controle de qualidade:<\/strong> Garante tamanho e densidade consistentes dos fardos, resultando em armazenamento e transporte mais uniformes.<\/li>\n<li><strong>Manuseio de res\u00edduos de colheita:<\/strong> Processa com efici\u00eancia feno, palha e outros res\u00edduos, reduzindo o desperd\u00edcio e melhorando a qualidade do solo.<\/li>\n<li><strong>Simplicidade operacional:<\/strong> Interface f\u00e1cil de usar com controles intuitivos, reduzindo a curva de aprendizado para os operadores.<\/li>\n<\/ul>\n<h2>Vantagens do produto<\/h2>\n<h3>1. Alta Efici\u00eancia<\/h3>\n<p>A enfardadeira 9YG-2.24D possui alta efici\u00eancia operacional, sendo capaz de processar grandes quantidades de colheitas em pouco tempo. Seu potente dispositivo mec\u00e2nico garante o enfardamento r\u00e1pido, maximizando assim o aproveitamento do tempo durante o pico da safra.<\/p>\n<h3>2. Qualidade consistente dos fardos<\/h3>\n<p>Esta m\u00e1quina produz fardos uniformes com tamanho e densidade consistentes, garantindo que cada fardo atenda aos padr\u00f5es da ind\u00fastria. Essa consist\u00eancia auxilia no melhor armazenamento, transporte e uso final, tanto para agricultores quanto para empresas.<\/p>\n<h3>3. F\u00e1cil de manter<\/h3>\n<p>O design da enfardadeira de fardos redondos 9YG-2.24D incorpora pe\u00e7as de f\u00e1cil acesso, tornando a manuten\u00e7\u00e3o regular r\u00e1pida e simples. Isso reduz o tempo de inatividade e ajuda a prolongar a vida \u00fatil da m\u00e1quina.<\/p>\n<h3>4. Constru\u00e7\u00e3o Dur\u00e1vel<\/h3>\n<p>Fabricada com materiais de alta qualidade e componentes robustos, esta enfardadeira foi projetada para suportar o desgaste de ambientes agr\u00edcolas exigentes. Ela oferece confiabilidade a longo prazo, mesmo em condi\u00e7\u00f5es adversas.<\/p>\n<h3>5. Redu\u00e7\u00e3o das Necessidades de M\u00e3o de Obra<\/h3>\n<p>Os recursos automatizados da enfardadeira de fardos redondos 9YG-2.24D reduzem drasticamente a necessidade de m\u00e3o de obra manual. Isso n\u00e3o s\u00f3 reduz os custos operacionais, como tamb\u00e9m aumenta a seguran\u00e7a e a produtividade na fazenda.<\/p>\n<p style=\"text-align: center;\"><img loading=\"lazy\" decoding=\"async\" class=\"alignnone wp-image-339\" src=\"https:\/\/farm-baler.com\/wp-content\/uploads\/2025\/12\/ep-9YG-2.24D-Round-Baler-3.jpg\" alt=\"Enfardadeira redonda\" width=\"473\" height=\"473\" srcset=\"https:\/\/farm-baler.com\/wp-content\/uploads\/2025\/12\/ep-9YG-2.24D-Round-Baler-3.jpg 248w, https:\/\/farm-baler.com\/wp-content\/uploads\/2025\/12\/ep-9YG-2.24D-Round-Baler-3-150x150.jpg 150w, https:\/\/farm-baler.com\/wp-content\/uploads\/2025\/12\/ep-9YG-2.24D-Round-Baler-3-12x12.jpg 12w, https:\/\/farm-baler.com\/wp-content\/uploads\/2025\/12\/ep-9YG-2.24D-Round-Baler-3-100x100.jpg 100w\" sizes=\"(max-width: 473px) 100vw, 473px\" \/><\/p>\n<h2>Como funciona a enfardadeira de fardos redondos 9YG-2.24D<\/h2>\n<p>A enfardadeira de fardos redondos 9YG-2.24D funciona utilizando seu grande mecanismo de recolhimento para coletar culturas soltas. As culturas coletadas s\u00e3o ent\u00e3o alimentadas na c\u00e2mara de compress\u00e3o e comprimidas em formatos redondos. A enfardadeira utiliza cordas ou redes para amarrar os fardos com seguran\u00e7a, facilitando o manuseio e o armazenamento. Ap\u00f3s a conclus\u00e3o dos fardos, a m\u00e1quina os ejeta automaticamente para coleta e transporte.<\/p>\n<h2>Principais cen\u00e1rios de aplica\u00e7\u00e3o<\/h2>\n<ul>\n<li><strong>Cultivo de feno:<\/strong> Ideal para criar fardos de feno bem compactos, facilitando o armazenamento e o transporte.<\/li>\n<li><strong>Cole\u00e7\u00e3o de palha:<\/strong> Eficaz na coleta de palha de culturas de cereais, reduzindo o desperd\u00edcio e melhorando a fertilidade do solo.<\/li>\n<li><strong>Corte de grama:<\/strong> Ideal para recolher e enfardar erva de pastagens ou prados.<\/li>\n<li><strong>Alimentos para animais:<\/strong> Utilizado para criar fardos de feno ou palha para armazenamento de ra\u00e7\u00e3o animal.<\/li>\n<li><strong>Gest\u00e3o de Res\u00edduos de Culturas:<\/strong> Auxilia no gerenciamento de res\u00edduos da colheita, minimizando o desperd\u00edcio.<\/li>\n<li><strong>Pequenas propriedades agr\u00edcolas:<\/strong> Adequado para pequenas propriedades agr\u00edcolas devido ao seu tamanho compacto e design eficiente.<\/li>\n<\/ul>\n<h2>Como escolher a enfardadeira redonda 9YG-2.24D certa<\/h2>\n<h3>1. Determinar os requisitos de tamanho dos fardos<\/h3>\n<p>Considere o tamanho e o peso dos fardos necess\u00e1rios para a sua opera\u00e7\u00e3o. A enfardadeira de fardos redondos 9YG-2.24D oferece diversas configura\u00e7\u00f5es para ajustar o tamanho do fardo, permitindo que voc\u00ea atenda \u00e0s suas necessidades com precis\u00e3o.<\/p>\n<h3>2. Avalie o tipo de cultura<\/h3>\n<p>Certifique-se de que a enfardadeira seja compat\u00edvel com o tipo de cultura que voc\u00ea est\u00e1 trabalhando. Este modelo \u00e9 excelente para feno, palha e grama, o que o torna vers\u00e1til para diferentes aplica\u00e7\u00f5es agr\u00edcolas.<\/p>\n<h3>3. Avaliar o tamanho da fazenda<\/h3>\n<p>A enfardadeira de fardos redondos 9YG-2.24D foi projetada para atender a uma ampla variedade de tamanhos de fazendas. Para fazendas menores, este modelo oferece uma solu\u00e7\u00e3o compacta sem sacrificar o desempenho.<\/p>\n<h3>4. Considere seu or\u00e7amento<\/h3>\n<p>Certifique-se de que o custo da enfardadeira esteja dentro do seu or\u00e7amento. A 9YG-2.24D oferece um bom equil\u00edbrio entre pre\u00e7o acess\u00edvel e alto desempenho.<\/p>\n<h3>5. Pense na manuten\u00e7\u00e3o a longo prazo.<\/h3>\n<p>Verifique se a m\u00e1quina oferece f\u00e1cil acesso a pe\u00e7as e uma ampla rede de assist\u00eancia t\u00e9cnica. A 9YG-2.24D \u00e9 conhecida por seus baixos requisitos de manuten\u00e7\u00e3o, reduzindo os custos operacionais gerais.<\/p>\n<h3>6. Analisar o feedback do cliente<\/h3>\n<p>Consulte as avalia\u00e7\u00f5es e coment\u00e1rios de outros usu\u00e1rios para ter uma ideia do desempenho e da confiabilidade da m\u00e1quina no mundo real.<\/p>\n<p style=\"text-align: center;\"><img loading=\"lazy\" decoding=\"async\" class=\"alignnone wp-image-337\" src=\"https:\/\/farm-baler.com\/wp-content\/uploads\/2025\/12\/ep-9YG-2.24D-Round-Baler-2.jpg\" alt=\"Enfardadeira redonda\" width=\"478\" height=\"478\" srcset=\"https:\/\/farm-baler.com\/wp-content\/uploads\/2025\/12\/ep-9YG-2.24D-Round-Baler-2.jpg 258w, https:\/\/farm-baler.com\/wp-content\/uploads\/2025\/12\/ep-9YG-2.24D-Round-Baler-2-150x150.jpg 150w, https:\/\/farm-baler.com\/wp-content\/uploads\/2025\/12\/ep-9YG-2.24D-Round-Baler-2-12x12.jpg 12w, https:\/\/farm-baler.com\/wp-content\/uploads\/2025\/12\/ep-9YG-2.24D-Round-Baler-2-100x100.jpg 100w\" sizes=\"(max-width: 478px) 100vw, 478px\" \/><\/p>\n<h2>Manuten\u00e7\u00e3o da enfardadeira redonda 9YG-2.24D<\/h2>\n<p>A manuten\u00e7\u00e3o da enfardadeira de fardos redondos 9YG-2.24D \u00e9 crucial para sua longevidade e desempenho ideal. Aqui est\u00e3o algumas dicas importantes de manuten\u00e7\u00e3o:<\/p>\n<ul>\n<li><strong>Lubrifica\u00e7\u00e3o regular:<\/strong> Certifique-se de que todas as pe\u00e7as m\u00f3veis estejam devidamente lubrificadas para evitar desgaste.<\/li>\n<li><strong>Verifique o mecanismo de capta\u00e7\u00e3o:<\/strong> Inspecione regularmente o mecanismo de coleta para verificar se h\u00e1 detritos ou danos.<\/li>\n<li><strong>Substitua o barbante ou a rede:<\/strong> Substitua periodicamente a corda ou a rede para garantir que os fardos estejam seguros.<\/li>\n<li><strong>Monitore a tens\u00e3o da correia:<\/strong> Ajuste a tens\u00e3o das correias para evitar deslizamentos ou danos.<\/li>\n<li><strong>Inspecionar o sistema hidr\u00e1ulico:<\/strong> Verifique regularmente o sistema hidr\u00e1ulico para detectar vazamentos ou problemas de press\u00e3o.<\/li>\n<\/ul>\n<h2>Avalia\u00e7\u00f5es de clientes<\/h2>\n<blockquote><p>\u201cA enfardadeira de fardos redondos 9YG-2.24D melhorou significativamente a nossa produtividade na fazenda. Agora conseguimos enfardar com mais efici\u00eancia e a uniformidade dos fardos \u00e9 excelente. A m\u00e1quina \u00e9 f\u00e1cil de usar e a manuten\u00e7\u00e3o \u00e9 muito simples. Altamente recomendada para qualquer fazenda de m\u00e9dio a grande porte!\u201d<\/p>\n<footer>\u2014\u2014John Doe, EUA<\/footer>\n<\/blockquote>\n<blockquote><p>\u201cEstamos usando a enfardadeira redonda 9YG-2.24D h\u00e1 mais de um ano e ela revolucionou completamente nossas opera\u00e7\u00f5es de enfardamento de palha. \u00c9 confi\u00e1vel, r\u00e1pida e muito econ\u00f4mica. O suporte ao cliente tamb\u00e9m \u00e9 excelente!\u201d<\/p>\n<footer>\u2014 Jane Smith, Canad\u00e1<\/footer>\n<\/blockquote>\n<blockquote><p>\u201cComo propriet\u00e1rio de uma pequena fazenda, eu procurava uma enfardadeira compacta que n\u00e3o comprometesse o desempenho. A 9YG-2.24D atendeu a todas as minhas expectativas. \u00c9 f\u00e1cil de manusear e os fardos saem perfeitos todas as vezes.\u201d<\/p>\n<footer>\u2014 Martin Lee, Reino Unido<\/footer>\n<\/blockquote>\n<blockquote><p>\"Recentemente, adquirimos a enfardadeira redonda 9YG-2.24D para nossa empresa de feno. Ela processa grandes volumes de feno rapidamente, e a densidade dos fardos \u00e9 ideal. Conseguimos aumentar nossa produtividade geral e reduzir os custos com m\u00e3o de obra.\"<\/p>\n<footer>\u2014 Michael Brown, Austr\u00e1lia<\/footer>\n<\/blockquote>\n<blockquote><p>\u201cInicialmente, eu estava c\u00e9tico quanto \u00e0 mudan\u00e7a para uma enfardadeira de fardos redondos, mas depois de usar a 9YG-2.24D, pude ver o valor dela. \u00c9 incrivelmente eficiente, e o design compacto facilita o armazenamento e a movimenta\u00e7\u00e3o pela fazenda. Um investimento s\u00f3lido!\u201d<\/p>\n<footer>\u2014Robert Tan, Singapura<\/footer>\n<\/blockquote>\n<h2>Por que escolher nossa enfardadeira redonda 9YG-2.24D?<\/h2>\n<p>Escolher a nossa enfardadeira de fardos redondos 9YG-2.24D oferece diversas vantagens importantes:<\/p>\n<ul>\n<li><strong>Personaliza\u00e7\u00e3o r\u00e1pida:<\/strong> Oferecemos op\u00e7\u00f5es de personaliza\u00e7\u00e3o r\u00e1pidas, adaptadas \u00e0s necessidades espec\u00edficas da sua atividade agr\u00edcola.<\/li>\n<li><strong>Atendimento ao cliente excepcional:<\/strong> Nossa equipe de suporte est\u00e1 sempre pronta para ajud\u00e1-lo(a) com quaisquer d\u00favidas ou problemas.<\/li>\n<li><strong>Garantia de 3 anos:<\/strong> Tenha tranquilidade com nossa garantia completa de 3 anos para todas as pe\u00e7as e m\u00e3o de obra.<\/li>\n<li><strong>Envio r\u00e1pido internacional:<\/strong> Oferecemos envio internacional r\u00e1pido para atender \u00e0s suas necessidades, n\u00e3o importa onde voc\u00ea esteja.<\/li>\n<li><strong>Servi\u00e7o p\u00f3s-venda completo:<\/strong> Nossa equipe de p\u00f3s-venda garante que voc\u00ea receba todo o suporte necess\u00e1rio ap\u00f3s a compra.<\/li>\n<\/ul>\n<h2>Descubra hoje mesmo a enfardadeira redonda 9YG-2.24D<\/h2>\n<p>N\u00e3o perca a oportunidade de aumentar a produtividade da sua fazenda com o 9YG-2.24D. <a href=\"https:\/\/farm-baler.com\/pt\/produto\/9yg-1-0-enfardadeira-redonda\/\">Enfardadeira redonda.<\/a> Nossas enfardadeiras de alta qualidade s\u00e3o projetadas para atender \u00e0s necessidades da agricultura moderna, oferecendo valor excepcional, durabilidade e efici\u00eancia. Entre em contato conosco hoje mesmo para conhecer nossa linha completa de produtos, incluindo acess\u00f3rios e m\u00e1quinas relacionadas. Estamos ansiosos para ajudar sua empresa a crescer com os melhores equipamentos do mercado!<\/p>\n<h3 style=\"text-align: center;\" data-start=\"2578\" data-end=\"2618\"><img loading=\"lazy\" decoding=\"async\" class=\"alignnone wp-image-338\" src=\"https:\/\/farm-baler.com\/wp-content\/uploads\/2025\/12\/ep-9YG-2.24D-Round-Baler-2-1.webp\" alt=\"Enfardadeira redonda\" width=\"491\" height=\"491\" srcset=\"https:\/\/farm-baler.com\/wp-content\/uploads\/2025\/12\/ep-9YG-2.24D-Round-Baler-2-1.webp 258w, https:\/\/farm-baler.com\/wp-content\/uploads\/2025\/12\/ep-9YG-2.24D-Round-Baler-2-1-150x150.webp 150w, https:\/\/farm-baler.com\/wp-content\/uploads\/2025\/12\/ep-9YG-2.24D-Round-Baler-2-1-12x12.webp 12w, https:\/\/farm-baler.com\/wp-content\/uploads\/2025\/12\/ep-9YG-2.24D-Round-Baler-2-1-100x100.webp 100w\" sizes=\"(max-width: 491px) 100vw, 491px\" \/><\/h3>\n<h2>Perguntas frequentes<\/h2>\n<p><strong>1. Qual \u00e9 o tamanho ideal do fardo para a enfardadeira redonda 9YG-2.24D?<\/strong><\/p>\n<p>O tamanho ideal do fardo depende das necessidades espec\u00edficas da sua fazenda. A 9YG-2.24D pode ser ajustada para produzir fardos de tamanhos variados, oferecendo flexibilidade de acordo com as necessidades de armazenamento e transporte da sua opera\u00e7\u00e3o.<\/p>\n<p><strong>2. A enfardadeira redonda 9YG-2.24D consegue lidar com feno \u00famido?<\/strong><\/p>\n<p>Sim, a enfardadeira redonda 9YG-2.24D pode lidar com feno seco ou ligeiramente \u00famido. No entanto, recomenda-se enfardar o feno quando ele estiver com o n\u00edvel de umidade adequado para obter melhores resultados.<\/p>\n<p><strong>3. Com que frequ\u00eancia devo realizar a manuten\u00e7\u00e3o do 9YG-2.24D?<\/strong><\/p>\n<p>A manuten\u00e7\u00e3o regular deve ser realizada a cada 50 a 100 horas de opera\u00e7\u00e3o, dependendo da intensidade de uso. Os principais pontos a serem verificados incluem lubrifica\u00e7\u00e3o, tens\u00e3o da correia e sistemas hidr\u00e1ulicos.<\/p>\n<p><strong>4. A enfardadeira redonda 9YG-2.24D \u00e9 compat\u00edvel com outros equipamentos?<\/strong><\/p>\n<p>Sim, a enfardadeira redonda 9YG-2.24D foi projetada para funcionar perfeitamente com outros equipamentos agr\u00edcolas, como tratores e carregadeiras de enfardamento.<\/p>\n<p><strong>5. Qual \u00e9 o per\u00edodo de garantia da enfardadeira redonda 9YG-2.24D?<\/strong><\/p>\n<p>A enfardadeira redonda 9YG-2.24D vem com garantia de 3 anos, que cobre todas as pe\u00e7as e m\u00e3o de obra para sua tranquilidade.<\/p>\n<p><strong>6. Qual \u00e9 o prazo de entrega da enfardadeira redonda 9YG-2.24D?<\/strong><\/p>\n<p>Oferecemos envio r\u00e1pido para todo o mundo, com prazos de entrega que geralmente variam de 7 a 14 dias, dependendo da sua localiza\u00e7\u00e3o.<\/p>\n<p><strong>7. Posso personalizar a enfardadeira de fardos redondos 9YG-2.24D para aplica\u00e7\u00f5es espec\u00edficas?<\/strong><\/p>\n<p>Sim, oferecemos op\u00e7\u00f5es de personaliza\u00e7\u00e3o para atender \u00e0s necessidades espec\u00edficas da sua atividade agr\u00edcola. Informe-nos suas necessidades e adaptaremos a enfardadeira de acordo.<\/p>\n<p><strong>8. Qual o pre\u00e7o da enfardadeira redonda 9YG-2.24D?<\/strong><\/p>\n<p>O custo da enfardadeira de fardos redondos 9YG-2.24D varia dependendo da configura\u00e7\u00e3o espec\u00edfica e das op\u00e7\u00f5es de personaliza\u00e7\u00e3o escolhidas. Entre em contato conosco para obter um or\u00e7amento detalhado com base nas suas necessidades.<\/p>\n<p><strong>9. Que tipos de culturas a enfardadeira redonda 9YG-2.24D pode processar?<\/strong><\/p>\n<p>O modelo 9YG-2.24D \u00e9 adequado para uma ampla variedade de culturas, incluindo feno, palha, grama e outros res\u00edduos de colheita.<\/p>\n<p><strong>10. A enfardadeira redonda 9YG-2.24D \u00e9 adequada para pequenas propriedades rurais?<\/strong><\/p>\n<p>Sim, este modelo \u00e9 compacto e eficiente, sendo ideal para pequenas e m\u00e9dias propriedades rurais.<\/p>\n<p><strong>11. Qual \u00e9 a melhor \u00e9poca para enfardar feno usando a 9YG-2.24D?<\/strong><\/p>\n<p>O melhor momento para enfardar o feno \u00e9 quando ele atinge o n\u00edvel de umidade adequado, normalmente entre 18 e 22 \u00b0C (TP4T). Enfardar o feno muito \u00famido ou muito seco pode afetar a qualidade do fardo.<\/p>\n<p><strong>12. A enfardadeira redonda 9YG-2.24D pode ser usada em opera\u00e7\u00f5es de grande escala?<\/strong><\/p>\n<p>Sim, a enfardadeira redonda 9YG-2.24D foi projetada para lidar com opera\u00e7\u00f5es agr\u00edcolas de pequena e grande escala, oferecendo alta efici\u00eancia tamb\u00e9m para fazendas maiores.<\/p>\n<p><strong>13. Que tipo de servi\u00e7o p\u00f3s-venda \u00e9 oferecido para o 9YG-2.24D?<\/strong><\/p>\n<p>Nosso servi\u00e7o p\u00f3s-venda inclui solu\u00e7\u00e3o de problemas, fornecimento de pe\u00e7as de reposi\u00e7\u00e3o e suporte cont\u00ednuo para garantir que sua enfardadeira permane\u00e7a em excelentes condi\u00e7\u00f5es durante toda a sua vida \u00fatil.<\/p>\n<p><strong>14. Existe algum requisito espec\u00edfico de trator para a enfardadeira de fardos redondos 9YG-2.24D?<\/strong><\/p>\n<p>A enfardadeira redonda 9YG-2.24D \u00e9 compat\u00edvel com a maioria dos tratores modernos, mas \u00e9 importante que a pot\u00eancia exigida pela enfardadeira seja compat\u00edvel com as especifica\u00e7\u00f5es do trator para um desempenho ideal.<\/p>\n<p><strong>15. Como posso entrar em contato para obter mais informa\u00e7\u00f5es sobre a enfardadeira redonda 9YG-2.24D?<\/strong><\/p>\n<p>Voc\u00ea pode entrar em contato conosco atrav\u00e9s do formul\u00e1rio de contato em nosso site ou ligar diretamente para nossa equipe de atendimento ao cliente. Estamos aqui para ajudar com qualquer d\u00favida que voc\u00ea tenha sobre a enfardadeira redonda 9YG-2.24D.<\/p>\n<p>Editado por gzl<\/p>","protected":false},"excerpt":{"rendered":"<p>A enfardadeira redonda 9YG-2.24D \u00e9 uma m\u00e1quina de alto desempenho projetada para a produ\u00e7\u00e3o em larga escala de feno, palha e silagem. Com uma c\u00e2mara de enfardamento ampla e sistema de amarra\u00e7\u00e3o autom\u00e1tica, ela cria fardos compactos e firmemente presos, f\u00e1ceis de manusear e armazenar. Constru\u00edda para uso pesado, oferece opera\u00e7\u00e3o r\u00e1pida e eficiente para atender \u00e0s necessidades de enfardamento de alto rendimento. Seja com feno \u00famido ou seco, esta enfardadeira proporciona desempenho confi\u00e1vel em todas as condi\u00e7\u00f5es. Sua constru\u00e7\u00e3o dur\u00e1vel garante longa vida \u00fatil, tornando-a ideal para grandes fazendas. A 9YG-2.24D oferece impressionante capacidade de produ\u00e7\u00e3o e facilidade de uso, sendo uma das melhores op\u00e7\u00f5es para a produ\u00e7\u00e3o de feno em grande volume. Entre em contato conosco para saber mais hoje mesmo!<\/p>","protected":false},"featured_media":336,"template":"","meta":{"_et_pb_use_builder":"","_et_pb_old_content":"","_et_gb_content_width":""},"product_brand":[],"product_cat":[22],"product_tag":[],"class_list":{"0":"post-335","1":"product","2":"type-product","3":"status-publish","4":"has-post-thumbnail","6":"product_cat-round-baler-rake","8":"first","9":"instock","10":"shipping-taxable","11":"product-type-simple"},"_links":{"self":[{"href":"https:\/\/farm-baler.com\/pt\/wp-json\/wp\/v2\/product\/335","targetHints":{"allow":["GET"]}}],"collection":[{"href":"https:\/\/farm-baler.com\/pt\/wp-json\/wp\/v2\/product"}],"about":[{"href":"https:\/\/farm-baler.com\/pt\/wp-json\/wp\/v2\/types\/product"}],"wp:featuredmedia":[{"embeddable":true,"href":"https:\/\/farm-baler.com\/pt\/wp-json\/wp\/v2\/media\/336"}],"wp:attachment":[{"href":"https:\/\/farm-baler.com\/pt\/wp-json\/wp\/v2\/media?parent=335"}],"wp:term":[{"taxonomy":"product_brand","embeddable":true,"href":"https:\/\/farm-baler.com\/pt\/wp-json\/wp\/v2\/product_brand?post=335"},{"taxonomy":"product_cat","embeddable":true,"href":"https:\/\/farm-baler.com\/pt\/wp-json\/wp\/v2\/product_cat?post=335"},{"taxonomy":"product_tag","embeddable":true,"href":"https:\/\/farm-baler.com\/pt\/wp-json\/wp\/v2\/product_tag?post=335"}],"curies":[{"name":"wp","href":"https:\/\/api.w.org\/{rel}","templated":true}]}}