{"id":213,"date":"2025-11-19T06:25:02","date_gmt":"2025-11-19T06:25:02","guid":{"rendered":"https:\/\/farm-baler.com\/?post_type=product&#038;p=213"},"modified":"2025-12-17T06:26:42","modified_gmt":"2025-12-17T06:26:42","slug":"4byh-1-3-maquina-de-arrancar-feijao","status":"publish","type":"product","link":"https:\/\/farm-baler.com\/pt\/produto\/4byh-1-3-maquina-de-arrancar-feijao\/","title":{"rendered":"4BYH-1.3 M\u00e1quina de Arrancar Feij\u00e3o"},"content":{"rendered":"<p>A arrancadora de feij\u00e3o-carioca 4BYH-1.3 \u00e9 um equipamento agr\u00edcola altamente especializado, projetado para arrancar feij\u00e3o-carioca com o m\u00ednimo de danos. Esta m\u00e1quina \u00e9 crucial para melhorar a efici\u00eancia da colheita de soja e otimizar os custos de m\u00e3o de obra na agricultura. Seu design robusto e alto desempenho a tornam uma ferramenta indispens\u00e1vel para opera\u00e7\u00f5es de cultivo de soja em larga escala.<\/p>\n<h2>Especifica\u00e7\u00f5es t\u00e9cnicas<\/h2>\n<table style=\"border-color: #000000;\">\n<thead>\n<tr>\n<th>N\u00famero de s\u00e9rie<\/th>\n<th>Item<\/th>\n<th>Unidade<\/th>\n<th>Especifica\u00e7\u00e3o<\/th>\n<\/tr>\n<\/thead>\n<tbody>\n<tr>\n<td>1<\/td>\n<td>Nome do modelo<\/td>\n<td>\/<\/td>\n<td>M\u00e1quina de Arrancar Feij\u00e3o Tipo 4BYH-1.3<\/td>\n<\/tr>\n<tr>\n<td>2<\/td>\n<td>M\u00e9todo de engate<\/td>\n<td>\/<\/td>\n<td>Tipo de suspens\u00e3o<\/td>\n<\/tr>\n<tr>\n<td>3<\/td>\n<td>Tipo de selecionador<\/td>\n<td>\/<\/td>\n<td>Tipo de dente de mola<\/td>\n<\/tr>\n<tr>\n<td>4<\/td>\n<td>Largura de trabalho<\/td>\n<td>m<\/td>\n<td>1.3<\/td>\n<\/tr>\n<tr>\n<td>5<\/td>\n<td>Faixa de pot\u00eancia correspondente<\/td>\n<td>kW<\/td>\n<td>\u226540<\/td>\n<\/tr>\n<tr>\n<td>6<\/td>\n<td>Faixa de velocidade operacional<\/td>\n<td>km\/h<\/td>\n<td>5~8<\/td>\n<\/tr>\n<tr>\n<td>7<\/td>\n<td>Dimens\u00f5es totais (Comprimento \u00d7 Largura \u00d7 Altura)<\/td>\n<td>mm<\/td>\n<td>2500\u00d71800\u00d71250<\/td>\n<\/tr>\n<tr>\n<td>8<\/td>\n<td>Velocidade do eixo da tomada de for\u00e7a<\/td>\n<td>r\/min<\/td>\n<td>540<\/td>\n<\/tr>\n<tr>\n<td>9<\/td>\n<td>Dist\u00e2ncia entre eixos<\/td>\n<td>mm<\/td>\n<td>1300<\/td>\n<\/tr>\n<tr>\n<td>10<\/td>\n<td>Produtividade<\/td>\n<td>hm\u00b2\/h<\/td>\n<td>0.65-1.04<\/td>\n<\/tr>\n<tr>\n<td>11<\/td>\n<td>N\u00famero de operadores<\/td>\n<td>pessoa<\/td>\n<td>1<\/td>\n<\/tr>\n<tr>\n<td>12<\/td>\n<td>Massa estrutural<\/td>\n<td>kg<\/td>\n<td>600<\/td>\n<\/tr>\n<\/tbody>\n<\/table>\n<h2>Problemas Resolvidos e Aplica\u00e7\u00f5es<\/h2>\n<p>A colhedora de feij\u00e3o 4BYH-1.3 resolve diversos problemas importantes na colheita tradicional de feij\u00e3o. Entre suas vantagens, destacam-se a redu\u00e7\u00e3o da m\u00e3o de obra necess\u00e1ria para a colheita manual, a minimiza\u00e7\u00e3o dos danos \u00e0 lavoura durante o processo de capina e o aumento da velocidade e efici\u00eancia da colheita. A m\u00e1quina \u00e9 adequada para grandes planta\u00e7\u00f5es de feij\u00e3o e pode ser utilizada em diversas condi\u00e7\u00f5es agr\u00edcolas, incluindo campos de diferentes tamanhos e tipos de solo.<\/p>\n<p>Sua principal aplica\u00e7\u00e3o \u00e9 a colheita de feij\u00e3o, mas tamb\u00e9m pode ser adaptada para outras culturas com necessidades de colheita semelhantes. Ao automatizar o processo de capina, reduz significativamente o tempo de colheita e aumenta a produtividade geral da lavoura.<\/p>\n<h2>Vantagens do produto<\/h2>\n<h3>1. Alta Efici\u00eancia<\/h3>\n<p>A colhedora de feij\u00e3o 4BYH-1.3 foi projetada para operar em alta velocidade, permitindo que os agricultores colham grandes \u00e1reas em muito menos tempo do que com o trabalho manual. Isso resulta em uma maior colheita de feij\u00e3o em um per\u00edodo mais curto, aumentando assim a produtividade agr\u00edcola.<\/p>\n<h3>2. Minimiza os danos \u00e0s planta\u00e7\u00f5es<\/h3>\n<p>Uma das principais vantagens desta m\u00e1quina \u00e9 a sua capacidade de arrancar feij\u00f5es com o m\u00ednimo de danos \u00e0s plantas e ra\u00edzes. Isso garante que os feij\u00f5es permane\u00e7am em \u00f3timas condi\u00e7\u00f5es para processamento ou venda, reduzindo as perdas p\u00f3s-colheita.<\/p>\n<h3>3. Custo-benef\u00edcio<\/h3>\n<p>Ao reduzir a necessidade de m\u00e3o de obra manual e melhorar a efici\u00eancia da colheita, a colhedora de feij\u00e3o 4BYH-1.3 oferece uma solu\u00e7\u00e3o econ\u00f4mica para grandes propriedades rurais. O investimento inicial na m\u00e1quina \u00e9 compensado pela redu\u00e7\u00e3o nos custos de m\u00e3o de obra e pelo aumento da produtividade da colheita.<\/p>\n<h3>4. Vers\u00e1til e adapt\u00e1vel<\/h3>\n<p>Esta m\u00e1quina n\u00e3o \u00e9 apenas adequada para feij\u00e3o-carioca, mas tamb\u00e9m adapt\u00e1vel a outras leguminosas, tornando-se um equipamento vers\u00e1til para fazendas que cultivam diversos tipos de culturas. Sua flexibilidade garante que os agricultores possam utiliz\u00e1-la durante todo o ano em diferentes colheitas.<\/p>\n<h3>5. Constru\u00e7\u00e3o Robusta<\/h3>\n<p>A desenraizadora de feij\u00e3o 4BYH-1.3 \u00e9 constru\u00edda com materiais dur\u00e1veis \u200b\u200bque suportam condi\u00e7\u00f5es de trabalho severas. Sua constru\u00e7\u00e3o robusta garante desempenho duradouro, mesmo em ambientes desafiadores, reduzindo os custos de manuten\u00e7\u00e3o ao longo do tempo.<\/p>\n<h2>Princ\u00edpio de funcionamento<\/h2>\n<p>O 4BYH-1.3 <a href=\"https:\/\/farm-baler.com\/pt\/produto\/maquina-de-coleta-e-transporte-9jyy-4-5\/\">M\u00e1quina de arrancar feij\u00e3o<\/a> O sistema opera combinando for\u00e7a mec\u00e2nica e tecnologia de precis\u00e3o. A m\u00e1quina \u00e9 equipada com um conjunto de l\u00e2minas rotativas ou elementos escavadores que puxam delicadamente as plantas de feij\u00e3o do solo. As plantas arrancadas s\u00e3o ent\u00e3o transportadas por um sistema que separa os gr\u00e3os dos restos vegetais. Esse processo automatizado garante alta efici\u00eancia e minimiza os danos \u00e0 planta\u00e7\u00e3o.<\/p>\n<h2 style=\"text-align: center;\"><img loading=\"lazy\" decoding=\"async\" class=\"alignnone  wp-image-265\" src=\"https:\/\/farm-baler.com\/wp-content\/uploads\/2025\/11\/ep-Type-4BYH-1.3-Kidney-Bean-Uprooting-Machine-11-300x300.webp\" alt=\"Desarraigamento\" width=\"437\" height=\"437\" \/><\/h2>\n<h2>Principais aplica\u00e7\u00f5es<\/h2>\n<h3>1. Grandes Fazendas de Feij\u00e3o-Cabo<\/h3>\n<p>A principal aplica\u00e7\u00e3o da colhedora de feij\u00e3o 4BYH-1.3 \u00e9 o cultivo em larga escala dessa cultura, onde a efici\u00eancia \u00e9 crucial. Sua capacidade de lidar com grandes \u00e1reas e automatizar a colheita a torna uma ferramenta indispens\u00e1vel para os produtores comerciais de feij\u00e3o.<\/p>\n<h3>2. Fazendas de Cultivo Misto<\/h3>\n<p>Para fazendas que cultivam diversos tipos de culturas, a versatilidade da m\u00e1quina a torna ideal para colheitas multiculturais. Ela pode ser adaptada para colher diferentes tipos de feij\u00e3o ou leguminosas, tornando-se uma ferramenta multifuncional para diversas opera\u00e7\u00f5es agr\u00edcolas.<\/p>\n<h3>3. Agricultura Org\u00e2nica<\/h3>\n<p>Na agricultura org\u00e2nica, onde a colheita mec\u00e2nica \u00e9 preferida em rela\u00e7\u00e3o \u00e0s interven\u00e7\u00f5es qu\u00edmicas, esta m\u00e1quina oferece uma solu\u00e7\u00e3o sustent\u00e1vel e eficiente. Seu processo de colheita suave ajuda a preservar a integridade do solo e o estado natural das culturas.<\/p>\n<h3>4. Unidades de Processamento Comercial<\/h3>\n<p>A desenraizadora de feij\u00e3o 4BYH-1.3 tamb\u00e9m \u00e9 ben\u00e9fica em f\u00e1bricas de processamento comercial onde grandes quantidades de feij\u00e3o s\u00e3o colhidas e processadas. Ela aumenta a velocidade da colheita, permitindo que as plantas sejam preparadas rapidamente para sele\u00e7\u00e3o e embalagem.<\/p>\n<h3>5. Fazendas de Pesquisa<\/h3>\n<p>Institui\u00e7\u00f5es de pesquisa focadas no cultivo de leguminosas podem utilizar a desenraizadora de feij\u00e3o 4BYH-1.3 para fins experimentais. Ela auxilia na efici\u00eancia do cultivo. <a href=\"https:\/\/farm-baler.com\/pt\/produto\/maquina-de-coleta-e-transporte-9jyy-4-5\/\">colheita de feij\u00f5es<\/a>, permitindo que os pesquisadores se concentrem na an\u00e1lise e no aprimoramento das t\u00e9cnicas de cultivo de feij\u00e3o.<\/p>\n<h3>6. Opera\u00e7\u00f5es Agr\u00edcolas Sustent\u00e1veis<\/h3>\n<p>Fazendas que priorizam a sustentabilidade podem se beneficiar da colhedora de feij\u00e3o 4BYH-1.3, pois ela reduz a necessidade de pesticidas e fertilizantes qu\u00edmicos normalmente usados \u200b\u200bem processos de colheita manual. Seu design ecol\u00f3gico apoia pr\u00e1ticas agr\u00edcolas sustent\u00e1veis.<\/p>\n<h2>Como escolher a m\u00e1quina de arrancar feij\u00e3o 4BYH-1.3 certa<\/h2>\n<h3>1. Entenda o tamanho da sua fazenda<\/h3>\n<p>Para fazendas com grandes extens\u00f5es de terra, \u00e9 necess\u00e1ria uma m\u00e1quina de maior capacidade para garantir uma colheita r\u00e1pida e eficiente. Fazendas menores podem exigir m\u00e1quinas com menor capacidade de produ\u00e7\u00e3o, mas com maior precis\u00e3o.<\/p>\n<h3>2. Considere o tipo de cultura e as condi\u00e7\u00f5es do campo.<\/h3>\n<p>Certifique-se de que a m\u00e1quina seja adapt\u00e1vel ao tipo espec\u00edfico de feij\u00e3o ou outras culturas que voc\u00ea cultiva. Considere tamb\u00e9m o tipo de solo e as condi\u00e7\u00f5es do campo, pois estes podem afetar o desempenho da m\u00e1quina.<\/p>\n<h3>3. Avaliar a durabilidade da m\u00e1quina<\/h3>\n<p>Escolha uma m\u00e1quina constru\u00edda com materiais resistentes e dur\u00e1veis \u200b\u200bpara suportar longas horas de opera\u00e7\u00e3o em condi\u00e7\u00f5es de campo adversas. A durabilidade garante uma vida \u00fatil mais longa e menos problemas de manuten\u00e7\u00e3o.<\/p>\n<h3>4. Avalie a facilidade de manuten\u00e7\u00e3o.<\/h3>\n<p>M\u00e1quinas de f\u00e1cil manuten\u00e7\u00e3o economizam tempo e dinheiro. Procure modelos projetados para reparos simples e que ofere\u00e7am pe\u00e7as de reposi\u00e7\u00e3o dispon\u00edveis para consertos r\u00e1pidos.<\/p>\n<h3>5. Verifique a efici\u00eancia energ\u00e9tica.<\/h3>\n<p>M\u00e1quinas com efici\u00eancia energ\u00e9tica reduzem os custos operacionais ao longo do tempo. Certifique-se de que a m\u00e1quina escolhida consuma o m\u00ednimo de combust\u00edvel poss\u00edvel, ao mesmo tempo que oferece o melhor desempenho.<\/p>\n<h3>6. Suporte ao Cliente e Garantia<\/h3>\n<p>Considere fabricantes que ofere\u00e7am um suporte ao cliente robusto e garantias de longo prazo para garantir tranquilidade e minimizar o tempo de inatividade durante as \u00e9pocas de colheita.<\/p>\n<h2>M\u00e9todos de manuten\u00e7\u00e3o para a m\u00e1quina de arrancar feij\u00e3o 4BYH-1.3<\/h2>\n<p>A manuten\u00e7\u00e3o da colhedora de feij\u00e3o 4BYH-1.3 \u00e9 essencial para garantir sua longevidade e desempenho. Inspecionar regularmente componentes como l\u00e2minas, correias transportadoras e motores \u00e9 crucial. As pe\u00e7as m\u00f3veis devem ser lubrificadas para evitar desgaste. A limpeza da m\u00e1quina ap\u00f3s cada uso ajuda a prevenir o ac\u00famulo de res\u00edduos e garante um funcionamento suave. Al\u00e9m disso, recomenda-se a substitui\u00e7\u00e3o imediata de pe\u00e7as desgastadas e a realiza\u00e7\u00e3o de diagn\u00f3sticos regulares do sistema para garantir que todos os componentes estejam em \u00f3timas condi\u00e7\u00f5es de funcionamento.<\/p>\n<h2>Avalia\u00e7\u00f5es de clientes<\/h2>\n<p>Aqui est\u00e3o alguns coment\u00e1rios de clientes que usaram a m\u00e1quina de arrancar feij\u00e3o 4BYH-1.3:<\/p>\n<p>\u201cEsta m\u00e1quina tem um impacto significativo <a href=\"http:\/\/silage-balers.com\" target=\"_blank\" rel=\"noopener\">melhorou a produtividade da nossa fazenda<\/a>Antes depend\u00edamos de m\u00e3o de obra manual, mas agora conseguimos colher muito mais r\u00e1pido e a qualidade dos gr\u00e3os \u00e9 muito melhor. \u00c9 f\u00e1cil de operar e j\u00e1 se pagou na primeira safra.\u201d<\/p>\n<p>\u2013 <strong>John Doe, EUA<\/strong><\/p>\n<p>\u201cEstamos usando a 4BYH-1.3 h\u00e1 seis meses e ela tem sido fant\u00e1stica. \u00c9 incrivelmente dur\u00e1vel e eficiente, permitindo-nos colher na metade do tempo que lev\u00e1vamos antes. O atendimento ao cliente da empresa tamb\u00e9m foi excelente.\u201d<\/p>\n<p>\u2013 <strong>Maria Gonzalez, M\u00e9xico<\/strong><\/p>\n<p>\"Uma verdadeira revolu\u00e7\u00e3o para a nossa fazenda. Agora dedicamos menos tempo \u00e0 colheita e mais a outras \u00e1reas essenciais. A qualidade da m\u00e1quina \u00e9 incompar\u00e1vel e estamos obtendo rendimentos maiores. Recomendo fortemente.\"<\/p>\n<p>\u2013 <strong>Lee Wang, China<\/strong><\/p>\n<p>\u201cA 4BYH-1.3 reduziu significativamente nossos custos de m\u00e3o de obra. Agora conseguimos colher grandes \u00e1reas de terra rapidamente, sem comprometer a qualidade dos gr\u00e3os. Um \u00f3timo investimento para qualquer agricultor de grande escala.\u201d<\/p>\n<p>\u2013 <strong>Ahmed Saleh, Egito<\/strong><\/p>\n<p>\u201cComo uma pequena fazenda, inicialmente est\u00e1vamos hesitantes em rela\u00e7\u00e3o ao investimento, mas valeu cada centavo. A m\u00e1quina \u00e9 f\u00e1cil de usar e manter, e melhorou a qualidade geral da nossa colheita.\u201d<\/p>\n<p>\u2013 <strong>Linda Richardson, Canad\u00e1<\/strong><\/p>\n<h2>Por que escolher nosso produto?<\/h2>\n<p>Nossa m\u00e1quina de arrancar feij\u00e3o 4BYH-1.3 oferece servi\u00e7os de personaliza\u00e7\u00e3o r\u00e1pidos e suporte ao cliente excepcional. Oferecemos tr\u00eas anos de garantia para sua tranquilidade. Com nossa capacidade de envio global, podemos atender \u00e0s suas necessidades de pedidos e fornecer entrega pontual em todo o mundo. Nosso abrangente sistema de p\u00f3s-venda garante que voc\u00ea sempre receba o suporte necess\u00e1rio.<\/p>\n<h2>Explore a nossa gama de produtos<\/h2>\n<p>Se voc\u00ea busca uma solu\u00e7\u00e3o de colheita eficiente e confi\u00e1vel, a colhedora de feij\u00e3o 4BYH-1.3 \u00e9 a escolha ideal. Al\u00e9m deste produto, oferecemos uma ampla gama de produtos e acess\u00f3rios relacionados para atender \u00e0s suas necessidades de produ\u00e7\u00e3o agr\u00edcola. Nos orgulhamos de oferecer pre\u00e7os altamente competitivos, equipamentos de alta qualidade e um atendimento ao cliente excepcional. Entre em contato conosco hoje mesmo para saber como nossos produtos podem ajudar a melhorar a efici\u00eancia e a rentabilidade da sua fazenda.<\/p>\n<h2>Perguntas frequentes<\/h2>\n<p><strong>1. Quais s\u00e3o as principais caracter\u00edsticas da m\u00e1quina de arrancar feij\u00e3o 4BYH-1.3?<\/strong><\/p>\n<p>A desenraizadora de feij\u00e3o 4BYH-1.3 foi projetada para arrancar o feij\u00e3o de forma eficiente, r\u00e1pida e precisa. Suas principais caracter\u00edsticas incluem opera\u00e7\u00e3o em alta velocidade, danos m\u00ednimos \u00e0 cultura, adaptabilidade a diferentes tipos de solo e constru\u00e7\u00e3o robusta para uso prolongado.<\/p>\n<p><strong>2. Como a m\u00e1quina 4BYH-1.3 minimiza os danos \u00e0s planta\u00e7\u00f5es?<\/strong><\/p>\n<p>Gra\u00e7as \u00e0 sua engenharia de precis\u00e3o, a 4BYH-1.3 utiliza uma s\u00e9rie de l\u00e2minas rotativas e elementos de escava\u00e7\u00e3o que arrancam delicadamente os feij\u00f5es sem danificar as plantas ou as ra\u00edzes. O design minimiza a perturba\u00e7\u00e3o do solo, garantindo que os feij\u00f5es permane\u00e7am intactos para uma colheita de qualidade.<\/p>\n<p><strong>3. A m\u00e1quina 4BYH-1.3 \u00e9 f\u00e1cil de manter?<\/strong><\/p>\n<p>Sim, a m\u00e1quina foi projetada para facilitar a manuten\u00e7\u00e3o. Inspe\u00e7\u00f5es regulares, lubrifica\u00e7\u00e3o das pe\u00e7as m\u00f3veis e limpeza ap\u00f3s cada uso manter\u00e3o a m\u00e1quina funcionando com efici\u00eancia. Pe\u00e7as de reposi\u00e7\u00e3o est\u00e3o prontamente dispon\u00edveis para quaisquer substitui\u00e7\u00f5es necess\u00e1rias.<\/p>\n<p><strong>4. A m\u00e1quina 4BYH-1.3 pode ser usada para outras culturas?<\/strong><\/p>\n<p>Sim, a 4BYH-1.3 \u00e9 vers\u00e1til e pode ser adaptada para colher uma variedade de culturas com necessidades de colheita semelhantes, incluindo outros tipos de feij\u00e3o e leguminosas. Isso a torna adequada para fazendas com portf\u00f3lios de culturas diversificados.<\/p>\n<p><strong>5. Qual a garantia da m\u00e1quina de arrancar feij\u00e3o 4BYH-1.3?<\/strong><\/p>\n<p>A m\u00e1quina vem com garantia de 3 anos, que cobre defeitos de materiais e de fabrica\u00e7\u00e3o. Nossa garantia assegura que voc\u00ea receber\u00e1 suporte e assist\u00eancia caso surja algum problema durante o funcionamento da m\u00e1quina.<\/p>\n<p><!-- Additional FAQ entries --><\/p>","protected":false},"excerpt":{"rendered":"<p>Conhe\u00e7a a colhedora de feij\u00e3o 4BYH-1.3, projetada para uma colheita eficiente e de alto desempenho. Com tecnologia avan\u00e7ada e constru\u00e7\u00e3o robusta, esta m\u00e1quina garante uma colheita r\u00e1pida e precisa, reduzindo custos de m\u00e3o de obra e maximizando a produtividade. \u00c9 ideal para agricultores e agroneg\u00f3cios. Aumente a efici\u00eancia da sua colheita agora mesmo \u2013 adquira a sua hoje!<\/p>","protected":false},"featured_media":265,"template":"","meta":{"_et_pb_use_builder":"","_et_pb_old_content":"","_et_gb_content_width":""},"product_brand":[],"product_cat":[23],"product_tag":[],"class_list":{"0":"post-213","1":"product","2":"type-product","3":"status-publish","4":"has-post-thumbnail","6":"product_cat-kidney-bean-puller","8":"first","9":"instock","10":"shipping-taxable","11":"product-type-simple"},"_links":{"self":[{"href":"https:\/\/farm-baler.com\/pt\/wp-json\/wp\/v2\/product\/213","targetHints":{"allow":["GET"]}}],"collection":[{"href":"https:\/\/farm-baler.com\/pt\/wp-json\/wp\/v2\/product"}],"about":[{"href":"https:\/\/farm-baler.com\/pt\/wp-json\/wp\/v2\/types\/product"}],"wp:featuredmedia":[{"embeddable":true,"href":"https:\/\/farm-baler.com\/pt\/wp-json\/wp\/v2\/media\/265"}],"wp:attachment":[{"href":"https:\/\/farm-baler.com\/pt\/wp-json\/wp\/v2\/media?parent=213"}],"wp:term":[{"taxonomy":"product_brand","embeddable":true,"href":"https:\/\/farm-baler.com\/pt\/wp-json\/wp\/v2\/product_brand?post=213"},{"taxonomy":"product_cat","embeddable":true,"href":"https:\/\/farm-baler.com\/pt\/wp-json\/wp\/v2\/product_cat?post=213"},{"taxonomy":"product_tag","embeddable":true,"href":"https:\/\/farm-baler.com\/pt\/wp-json\/wp\/v2\/product_tag?post=213"}],"curies":[{"name":"wp","href":"https:\/\/api.w.org\/{rel}","templated":true}]}}