{"id":210,"date":"2025-11-19T06:07:26","date_gmt":"2025-11-19T06:07:26","guid":{"rendered":"https:\/\/farm-baler.com\/?post_type=product&#038;p=210"},"modified":"2025-12-17T07:19:36","modified_gmt":"2025-12-17T07:19:36","slug":"9yg-1-0c-enfardadeira-redonda","status":"publish","type":"product","link":"https:\/\/farm-baler.com\/pt\/produto\/9yg-1-0c-enfardadeira-redonda\/","title":{"rendered":"Enfardadeira redonda 9YG-1.0C"},"content":{"rendered":"<p>A enfardadeira de fardos redondos 9YG-1.0C \u00e9 uma m\u00e1quina agr\u00edcola altamente eficiente e confi\u00e1vel, projetada para ajudar os agricultores a otimizar o processo de colheita. Seja para plantio de feno, coleta de palha ou produ\u00e7\u00e3o de silagem, esta enfardadeira agr\u00edcola tornar\u00e1 seu trabalho mais f\u00e1cil e r\u00e1pido. Seu design compacto, dur\u00e1vel e f\u00e1cil de operar a torna ideal para opera\u00e7\u00f5es agr\u00edcolas de todos os portes.<\/p>\n<h2>O que \u00e9 uma enfardadeira de fardos redondos?<\/h2>\n<p>As enfardadeiras de fardos cil\u00edndricos s\u00e3o pe\u00e7as indispens\u00e1veis \u200b\u200bno maquin\u00e1rio agr\u00edcola, utilizadas para comprimir e agrupar grandes quantidades de produtos agr\u00edcolas, como feno, palha ou silagem, em fardos cil\u00edndricos compactos. Comparados aos produtos a granel, esses fardos s\u00e3o mais f\u00e1ceis de armazenar, transportar e manusear, melhorando assim a efici\u00eancia da colheita e do manejo. A enfardadeira de fardos cil\u00edndricos 9YG-1.0C utiliza tecnologia avan\u00e7ada para realizar a forma\u00e7\u00e3o dos fardos com precis\u00e3o e praticidade, auxiliando os agricultores a obterem resultados consistentes durante as opera\u00e7\u00f5es de enfardamento.<\/p>\n<p>As enfardadeiras de fardos redondos s\u00e3o amplamente utilizadas na agricultura, especialmente em opera\u00e7\u00f5es de enfardamento que exigem a coleta r\u00e1pida e eficiente de grandes quantidades de colheitas. Ao contr\u00e1rio de outras enfardadeiras que produzem fardos quadrados, as enfardadeiras de fardos redondos produzem fardos cil\u00edndricos que s\u00e3o mais f\u00e1ceis de transportar e armazenar, principalmente em ambientes agr\u00edcolas mais adversos.<\/p>\n<h2>Especifica\u00e7\u00f5es t\u00e9cnicas<\/h2>\n<table style=\"border-color: #000000;\">\n<thead>\n<tr>\n<th>N\u00famero de s\u00e9rie<\/th>\n<th>Item<\/th>\n<th>Unidade<\/th>\n<th>Especifica\u00e7\u00e3o<\/th>\n<\/tr>\n<\/thead>\n<tbody>\n<tr>\n<td>1<\/td>\n<td>Nome do modelo<\/td>\n<td>\/<\/td>\n<td>Enfardadeira redonda tipo 9YG-1.0C<\/td>\n<\/tr>\n<tr>\n<td>2<\/td>\n<td>M\u00e9todo de engate<\/td>\n<td>\/<\/td>\n<td>Tipo de tra\u00e7\u00e3o<\/td>\n<\/tr>\n<tr>\n<td>3<\/td>\n<td>Largura de sele\u00e7\u00e3o<\/td>\n<td>mm<\/td>\n<td>2400<\/td>\n<\/tr>\n<tr>\n<td>4<\/td>\n<td>Tipo estrutural Picker<\/td>\n<td>\/<\/td>\n<td>Tipo garra-martelo<\/td>\n<\/tr>\n<tr>\n<td>5<\/td>\n<td>Tipo estrutural do alimentador<\/td>\n<td>\/<\/td>\n<td>Tipo de rosca sem-fim + rolo com dentes de mola + tambor<\/td>\n<\/tr>\n<tr>\n<td>6<\/td>\n<td>Tipo de mecanismo de enfardamento na c\u00e2mara de compress\u00e3o<\/td>\n<td>\/<\/td>\n<td>Tipo de tambor<\/td>\n<\/tr>\n<tr>\n<td>7<\/td>\n<td>Largura da c\u00e2mara de compress\u00e3o<\/td>\n<td>mm<\/td>\n<td>1250<\/td>\n<\/tr>\n<tr>\n<td>8<\/td>\n<td>Di\u00e2metro da c\u00e2mara de compress\u00e3o<\/td>\n<td>mm<\/td>\n<td>\u03c61000<\/td>\n<\/tr>\n<tr>\n<td>9<\/td>\n<td>N\u00famero de componentes de trabalho de lamina\u00e7\u00e3o<\/td>\n<td>computador<\/td>\n<td>16 (Tamborda)<\/td>\n<\/tr>\n<tr>\n<td>10<\/td>\n<td>Di\u00e2metro do tambor de rolamento<\/td>\n<td>mm<\/td>\n<td>\u03c6222<\/td>\n<\/tr>\n<tr>\n<td>11<\/td>\n<td>M\u00e9todo de enfardamento<\/td>\n<td>\/<\/td>\n<td>Envolvimento autom\u00e1tico em rede<\/td>\n<\/tr>\n<tr>\n<td>12<\/td>\n<td>Poder de correspond\u00eancia<\/td>\n<td>kW\/cv<\/td>\n<td>\u226569,8\/95<\/td>\n<\/tr>\n<tr>\n<td>13<\/td>\n<td>Massa estrutural<\/td>\n<td>kg<\/td>\n<td>3198<\/td>\n<\/tr>\n<tr>\n<td>14<\/td>\n<td>Velocidade do eixo da tomada de for\u00e7a<\/td>\n<td>r\/min<\/td>\n<td>540<\/td>\n<\/tr>\n<tr>\n<td>15<\/td>\n<td>Dimens\u00f5es totais (Comprimento \u00d7 Largura \u00d7 Altura)<\/td>\n<td>mm<\/td>\n<td>Estado de funcionamento 3800\u00d72850\u00d72200<\/td>\n<\/tr>\n<tr>\n<td>16<\/td>\n<td>Controle da densidade dos fardos<\/td>\n<td>\/<\/td>\n<td>Controle de sensores<\/td>\n<\/tr>\n<tr>\n<td>17<\/td>\n<td>Dimens\u00f5es do fardo (di\u00e2metro \u00d7 largura)<\/td>\n<td>mm<\/td>\n<td>\u03a61000\u00d71250<\/td>\n<\/tr>\n<tr>\n<td>18<\/td>\n<td>Densidade do fardo<\/td>\n<td>Kg\/m\u00b3<\/td>\n<td>115~200<\/td>\n<\/tr>\n<tr>\n<td>19<\/td>\n<td>Produtividade<\/td>\n<td>fardo\/h<\/td>\n<td>40~80<\/td>\n<\/tr>\n<tr>\n<td>20<\/td>\n<td>Dist\u00e2ncia entre eixos<\/td>\n<td>mm<\/td>\n<td>2100<\/td>\n<\/tr>\n<tr>\n<td>21<\/td>\n<td>Velocidade de opera\u00e7\u00e3o<\/td>\n<td>Km\/h<\/td>\n<td>5-20<\/td>\n<\/tr>\n<tr>\n<td>22<\/td>\n<td>Especifica\u00e7\u00f5es da rede para fardos (Comprimento \u00d7 Largura)<\/td>\n<td>m<\/td>\n<td>2000\u00d71,25m por fardo<\/td>\n<\/tr>\n<tr>\n<td>23<\/td>\n<td>N\u00famero de garras de martelo<\/td>\n<td>computador<\/td>\n<td>20<\/td>\n<\/tr>\n<\/tbody>\n<\/table>\n<h2>Introdu\u00e7\u00e3o \u00e0 enfardadeira redonda 9YG-1.0C<\/h2>\n<p>A enfardadeira de fardos redondos 9YG-1.0C \u00e9 uma m\u00e1quina agr\u00edcola de \u00faltima gera\u00e7\u00e3o, projetada para lidar com uma ampla gama de opera\u00e7\u00f5es agr\u00edcolas. Seja para produzir feno, palha ou silagem, a 9YG-1.0C oferece efici\u00eancia e precis\u00e3o incompar\u00e1veis, garantindo opera\u00e7\u00f5es tranquilas para agricultores em todo o mundo. Com seu design avan\u00e7ado, a enfardadeira 9YG-1.0C torna o enfardamento mais r\u00e1pido, f\u00e1cil e confi\u00e1vel. Esta m\u00e1quina vers\u00e1til \u00e9 adequada tanto para grandes quanto para pequenas propriedades rurais e pode ser integrada perfeitamente ao seu processo de produ\u00e7\u00e3o agr\u00edcola.<\/p>\n<h2>O que \u00e9 a enfardadeira de fardos redondos 9YG-1.0C?<\/h2>\n<p>A enfardadeira de fardos redondos 9YG-1.0C \u00e9 uma m\u00e1quina agr\u00edcola de alta efici\u00eancia usada para compactar e enfardar feno, palha ou silagem em fardos redondos. Projetada para enfardamento de alto desempenho, oferece uma solu\u00e7\u00e3o confi\u00e1vel para agricultores que precisam de m\u00e1quinas dur\u00e1veis \u200b\u200be robustas. Com seu design inovador, esta enfardadeira garante alta produtividade, reduz o tempo de inatividade e melhora a rentabilidade das opera\u00e7\u00f5es agr\u00edcolas.<\/p>\n<p style=\"text-align: center;\"><img loading=\"lazy\" decoding=\"async\" class=\"alignnone wp-image-253\" src=\"https:\/\/farm-baler.com\/wp-content\/uploads\/2025\/11\/EP-Type-9YG-1.0C-Round-Baler-11-300x300.webp\" alt=\"enfardadeira redonda\" width=\"360\" height=\"360\" \/><\/p>\n<h2>Desafios que aborda e suas aplica\u00e7\u00f5es<\/h2>\n<p>A enfardadeira redonda 9YG-1.0C foi projetada para solucionar diversos desafios comuns enfrentados pelos agricultores durante o processo de enfardamento de feno e palha. Esses desafios incluem:<\/p>\n<ul>\n<li>Baixa velocidade e efici\u00eancia de enfardamento em enfardadeiras tradicionais.<\/li>\n<li>Forma\u00e7\u00e3o inconsistente dos fardos, resultando em desperd\u00edcio ou inefici\u00eancia.<\/li>\n<li>Dificuldade no manejo de diversos tipos de culturas com diferentes n\u00edveis de umidade.<\/li>\n<li>Manuten\u00e7\u00e3o frequente e avarias em equipamentos mais antigos<\/li>\n<li>Versatilidade limitada para diferentes necessidades de manuseio de culturas.<\/li>\n<\/ul>\n<p>Ao abordar essas quest\u00f5es, a enfardadeira redonda 9YG-1.0C oferece solu\u00e7\u00f5es superiores que aumentam a velocidade e a consist\u00eancia do enfardamento. \u00c9 adequada para uso em diversas opera\u00e7\u00f5es agr\u00edcolas, incluindo:<\/p>\n<ul>\n<li>Produ\u00e7\u00e3o de feno<\/li>\n<li>enfardamento de palha<\/li>\n<li>Gest\u00e3o de silagem<\/li>\n<li>sistemas de alimenta\u00e7\u00e3o animal<\/li>\n<li>Conserva\u00e7\u00e3o de forragem<\/li>\n<\/ul>\n<h2>Principais vantagens da enfardadeira redonda 9YG-1.0C<\/h2>\n<p>A enfardadeira de fardos redondos 9YG-1.0C oferece in\u00fameras vantagens que a tornam a escolha preferida dos agricultores modernos. Aqui est\u00e3o alguns dos seus principais benef\u00edcios:<\/p>\n<h3>1. Alta efici\u00eancia e velocidade<\/h3>\n<p>A enfardadeira opera em alta velocidade, melhorando significativamente a produtividade da sua fazenda. Ela pode produzir grandes quantidades de fardos rapidamente, reduzindo o tempo gasto em cada tarefa e permitindo maior efici\u00eancia geral da fazenda.<\/p>\n<h3>2. Constru\u00e7\u00e3o robusta e dur\u00e1vel<\/h3>\n<p>Constru\u00edda para durar, a enfardadeira de fardos redondos 9YG-1.0C \u00e9 fabricada com materiais de alta qualidade, projetados para suportar os rigores das atividades agr\u00edcolas di\u00e1rias. Sua constru\u00e7\u00e3o robusta garante confiabilidade a longo prazo, reduzindo a necessidade de reparos frequentes.<\/p>\n<h3>3. Opera\u00e7\u00e3o f\u00e1cil<\/h3>\n<p>Com sua interface amig\u00e1vel, a enfardadeira redonda 9YG-1.0C \u00e9 f\u00e1cil de operar, mesmo para agricultores com pouca experi\u00eancia em enfardamento. Seus controles intuitivos simplificam a opera\u00e7\u00e3o, reduzindo a curva de aprendizado para novos usu\u00e1rios.<\/p>\n<h3>4. Forma\u00e7\u00e3o consistente de fardos<\/h3>\n<p>O mecanismo avan\u00e7ado da enfardadeira garante que cada fardo seja compacto e uniforme, resultando em armazenamento e transporte mais eficientes. Essa uniformidade reduz o desperd\u00edcio e melhora a qualidade geral do produto enfardado.<\/p>\n<h3>5. Versatilidade no manuseio de diferentes culturas<\/h3>\n<p>A enfardadeira redonda 9YG-1.0C \u00e9 altamente adapt\u00e1vel e pode lidar com uma variedade de culturas, incluindo feno, palha e silagem. Ela se ajusta a diferentes n\u00edveis de umidade e tipos de culturas, oferecendo aos agricultores uma solu\u00e7\u00e3o vers\u00e1til para todas as suas necessidades de enfardamento.<\/p>\n<h2>Como funciona a enfardadeira de fardos redondos 9YG-1.0C<\/h2>\n<p>A enfardadeira de fardos redondos 9YG-1.0C utiliza uma combina\u00e7\u00e3o de componentes mec\u00e2nicos para juntar, comprimir e moldar as colheitas em fardos redondos compactos. Veja a seguir uma descri\u00e7\u00e3o detalhada do seu processo de funcionamento:<\/p>\n<ul>\n<li><strong>Cole\u00e7\u00e3o:<\/strong> O sistema de alimenta\u00e7\u00e3o da enfardadeira recolhe o material da colheita e o direciona para a c\u00e2mara de compress\u00e3o. Este sistema utiliza rolos grandes que ajudam a recolher a colheita de forma r\u00e1pida e eficiente.<\/li>\n<li><strong>Compress\u00e3o:<\/strong> Dentro da c\u00e2mara de compress\u00e3o, a colheita \u00e9 compactada em uma forma densa e compacta. Quanto mais compactado o fardo, mais f\u00e1cil ser\u00e1 armazen\u00e1-lo e transport\u00e1-lo.<\/li>\n<li><strong>Forma\u00e7\u00e3o de fardos:<\/strong> A colheita compactada \u00e9 ent\u00e3o moldada em um formato redondo uniforme. O mecanismo da enfardadeira garante que o tamanho e o peso de cada fardo permane\u00e7am consistentes.<\/li>\n<li><strong>Vinculativo:<\/strong> Uma vez formado o fardo, ele \u00e9 amarrado com barbante ou rede para manter sua forma. Esse processo de amarra\u00e7\u00e3o \u00e9 automatizado, minimizando os custos de m\u00e3o de obra.<\/li>\n<li><strong>Descarga:<\/strong> Finalmente, o fardo pronto \u00e9 ejetado da enfardadeira e est\u00e1 pronto para coleta ou armazenamento.<\/li>\n<\/ul>\n<h2>Aplica\u00e7\u00f5es principais da enfardadeira redonda 9YG-1.0C<\/h2>\n<p>A enfardadeira de fardos redondos 9YG-1.0C \u00e9 ideal para uso em uma variedade de ambientes agr\u00edcolas. Aqui est\u00e3o os principais cen\u00e1rios em que ela se destaca:<\/p>\n<ul>\n<li><strong>Produ\u00e7\u00e3o de feno em larga escala:<\/strong> Ideal para fazendas que precisam produzir grandes quantidades de feno para alimenta\u00e7\u00e3o animal.<\/li>\n<li><strong>Enfardamento de palha para camas de animais:<\/strong> Eficiente para enfardar palha para cama de animais, um recurso muito procurado na pecu\u00e1ria.<\/li>\n<li><strong>Ensilagem em fardos:<\/strong> Utilizado na produ\u00e7\u00e3o de fardos de silagem para gado leiteiro e de corte, auxiliando na conserva\u00e7\u00e3o do alimento e na efici\u00eancia alimentar.<\/li>\n<li><strong>Armazenamento de forragem:<\/strong> A enfardadeira garante que a forragem possa ser armazenada por per\u00edodos mais longos sem se deteriorar, ajudando os agricultores a gerenciar a produ\u00e7\u00e3o sazonal.<\/li>\n<li><strong>Transporte e armazenamento:<\/strong> Gra\u00e7as \u00e0 sua forma\u00e7\u00e3o uniforme de fardos, \u00e9 mais f\u00e1cil armazen\u00e1-los e transport\u00e1-los para diferentes locais.<\/li>\n<li><strong>Agricultores com m\u00e3o de obra limitada:<\/strong> Sua opera\u00e7\u00e3o simples e baixa manuten\u00e7\u00e3o o tornam ideal para fazendas com pouca m\u00e3o de obra.<\/li>\n<\/ul>\n<h2 style=\"text-align: center;\"><img loading=\"lazy\" decoding=\"async\" class=\"alignnone wp-image-254\" src=\"https:\/\/farm-baler.com\/wp-content\/uploads\/2025\/11\/EP-Type-9YG-1.0C-Round-Baler-21-300x300.webp\" alt=\"enfardadeira redonda\" width=\"372\" height=\"372\" \/><\/h2>\n<h2>Como escolher a enfardadeira redonda 9YG-1.0C certa<\/h2>\n<p>Ao selecionar a enfardadeira de fardos redondos 9YG-1.0C ideal para suas necessidades, considere os seguintes fatores:<\/p>\n<h3>1. Tipo de cultivo<\/h3>\n<p>Certifique-se de que a enfardadeira seja compat\u00edvel com o tipo de cultura que voc\u00ea pretende enfardar. A 9YG-1.0C \u00e9 vers\u00e1til, processando feno, palha e silagem com efici\u00eancia.<\/p>\n<h3>2. Tamanho e peso do fardo<\/h3>\n<p>Considere o tamanho e o peso dos fardos que voc\u00ea precisa. A enfardadeira 9YG-1.0C produz fardos redondos uniformes, mas diferentes modelos podem ter configura\u00e7\u00f5es de tamanho espec\u00edficas.<\/p>\n<h3>3. Velocidade de opera\u00e7\u00e3o<\/h3>\n<p>Se a velocidade for crucial para a sua opera\u00e7\u00e3o, escolha um modelo que ofere\u00e7a alta produ\u00e7\u00e3o por hora para atender \u00e0s demandas da sua fazenda.<\/p>\n<h3>4. Necessidades de manuten\u00e7\u00e3o<\/h3>\n<p>Procure um modelo que exija manuten\u00e7\u00e3o m\u00ednima. O 9YG-1.0C foi projetado para baixa manuten\u00e7\u00e3o, mas ainda \u00e9 importante considerar os cronogramas de manuten\u00e7\u00e3o.<\/p>\n<h3>5. Pre\u00e7o e or\u00e7amento<\/h3>\n<p>Embora seja importante escolher a melhor m\u00e1quina, leve em considera\u00e7\u00e3o o seu or\u00e7amento. A 9YG-1.0C oferece um equil\u00edbrio entre custo-benef\u00edcio e recursos avan\u00e7ados.<\/p>\n<h3>6. Disponibilidade de pe\u00e7as de reposi\u00e7\u00e3o<\/h3>\n<p>Escolha uma enfardadeira com f\u00e1cil acesso a pe\u00e7as de reposi\u00e7\u00e3o e suporte. Isso garante tempo de inatividade m\u00ednimo e reparos mais r\u00e1pidos quando necess\u00e1rio.<\/p>\n<h2>Dicas de manuten\u00e7\u00e3o para a enfardadeira redonda 9YG-1.0C<\/h2>\n<p>Para garantir que sua enfardadeira de fardos redondos 9YG-1.0C continue operando com efici\u00eancia, siga estas dicas de manuten\u00e7\u00e3o:<\/p>\n<ul>\n<li>Verifique e lubrifique regularmente as pe\u00e7as m\u00f3veis para evitar desgaste.<\/li>\n<li>Inspecione o sistema de admiss\u00e3o para verificar se h\u00e1 obstru\u00e7\u00f5es ou danos.<\/li>\n<li>Assegure-se de que o sistema de amarra\u00e7\u00e3o funciona corretamente para evitar fardos perdidos ou desperd\u00edcio de material.<\/li>\n<li>Limpe a m\u00e1quina ap\u00f3s cada utiliza\u00e7\u00e3o para remover detritos e res\u00edduos da colheita.<\/li>\n<li>Verifique o estado dos pneus e certifique-se de que est\u00e3o devidamente calibrados.<\/li>\n<\/ul>\n<h2>Avalia\u00e7\u00f5es de clientes<\/h2>\n<p>Eis o que clientes de diferentes pa\u00edses est\u00e3o dizendo sobre a enfardadeira de fardos redondos 9YG-1.0C:<\/p>\n<p>\u201cA enfardadeira 9YG-1.0C revolucionou nossas opera\u00e7\u00f5es de enfardamento de feno. Ela \u00e9 r\u00e1pida, eficiente e dur\u00e1vel. Agora consigo enfardar mais em menos tempo, o que aumentou significativamente a produtividade da nossa fazenda.\u201d<br \/>\n<strong>\u2014 John Smith, EUA<\/strong><\/p>\n<p>\u201cComo somos uma pequena fazenda, precis\u00e1vamos de uma m\u00e1quina que desse conta do recado sem ocupar muito espa\u00e7o ou exigir manuten\u00e7\u00e3o constante. A 9YG-1.0C tem sido perfeita para n\u00f3s \u2014 f\u00e1cil de operar e manter.\u201d<br \/>\n<strong>\u2014 Anna M\u00fcller, Alemanha<\/strong><\/p>\n<p>\u201cEsta enfardadeira \u00e9 exatamente o que precis\u00e1vamos para a produ\u00e7\u00e3o de silagem. \u00c9 robusta, lida bem com culturas \u00famidas e os fardos ficam perfeitamente formados todas as vezes. Um \u00f3timo investimento.\u201d<br \/>\n<strong>\u2014 David Johnson, Canad\u00e1<\/strong><\/p>\n<p>\u201cM\u00e1quina incr\u00edvel! Estou usando h\u00e1 alguns meses e n\u00e3o tive nenhum problema. Os fardos s\u00e3o compactos, o que facilita o armazenamento e o transporte.\u201d<br \/>\n<strong>\u2014 James Brown, Reino Unido<\/strong><\/p>\n<p>\u201cA 9YG-1.0C \u00e9 uma m\u00e1quina robusta. Ela lida com tudo, desde feno at\u00e9 palha, sem esfor\u00e7o. \u00c9 uma parte vital da nossa opera\u00e7\u00e3o atualmente.\u201d<br \/>\n<strong>\u2014\u2014Juan Carlos, Espanha<\/strong><\/p>\n<h2>Por que escolher nossa enfardadeira de fardos redondos 9YG-1.0C?<\/h2>\n<p>Nosso 9YG-1.0C <a href=\"https:\/\/farm-baler.com\/pt\/produto\/type-9yg-1-0c-round-baler\/\">Enfardadeira redonda<\/a> \u00c9 a melhor escolha para agricultores que valorizam qualidade, efici\u00eancia e desempenho confi\u00e1vel. Eis porqu\u00ea:<\/p>\n<ul>\n<li><strong>Servi\u00e7os de personaliza\u00e7\u00e3o r\u00e1pida:<\/strong> Oferecemos prazos de entrega r\u00e1pidos para encomendas personalizadas, garantindo que a enfardadeira atenda \u00e0s suas necessidades espec\u00edficas.<\/li>\n<li><strong>Suporte ao cliente eficiente:<\/strong> Nossa equipe est\u00e1 sempre pronta para ajud\u00e1-lo(a) com quaisquer d\u00favidas ou preocupa\u00e7\u00f5es, oferecendo aconselhamento especializado e solu\u00e7\u00f5es.<\/li>\n<li><strong>Garantia de 3 anos:<\/strong> Com uma garantia de 3 anos, voc\u00ea pode ter certeza da durabilidade e longevidade do produto.<\/li>\n<li><strong>Envio internacional:<\/strong> Oferecemos envio r\u00e1pido para todo o mundo, garantindo que seus pedidos cheguem no prazo, onde quer que voc\u00ea esteja.<\/li>\n<li><strong>Servi\u00e7o p\u00f3s-venda completo:<\/strong> Desde a instala\u00e7\u00e3o at\u00e9 o treinamento e a manuten\u00e7\u00e3o, nosso servi\u00e7o n\u00e3o termina ap\u00f3s a compra.<\/li>\n<\/ul>\n<h2>Descubra a enfardadeira de fardos redondos 9YG-1.0C e a nossa gama completa de produtos.<\/h2>\n<p>Al\u00e9m da enfardadeira de fardos redondos 9YG-1.0C, tamb\u00e9m oferecemos uma gama de acess\u00f3rios e produtos relacionados para otimizar e melhorar suas opera\u00e7\u00f5es agr\u00edcolas. Nossas avan\u00e7adas instala\u00e7\u00f5es de fabrica\u00e7\u00e3o garantem que todos os produtos atendam aos mais altos padr\u00f5es de qualidade, enquanto os pre\u00e7os altamente competitivos garantem uma excelente rela\u00e7\u00e3o custo-benef\u00edcio.<\/p>\n<p>Convidamos voc\u00ea a explorar nosso cat\u00e1logo de produtos e a entrar em contato conosco hoje mesmo para discutir como a enfardadeira de fardos redondos 9YG-1.0C pode atender \u00e0s suas necessidades. <a href=\"https:\/\/agricultural-baler.com\/\" target=\"_blank\" rel=\"noopener\">melhore sua fazenda<\/a>nossas opera\u00e7\u00f5es. Nossa equipe est\u00e1 pronta para auxili\u00e1-lo(a) em todas as suas necessidades.<\/p>\n<h2>Perguntas frequentes (FAQ)<\/h2>\n<ol>\n<li><strong>Qual \u00e9 o tamanho m\u00e1ximo de fardo produzido pela enfardadeira de fardos redondos 9YG-1.0C?<\/strong><br \/>\nO tamanho m\u00e1ximo do fardo produzido pela enfardadeira redonda 9YG-1.0C \u00e9 normalmente em torno de 1,2 metros de di\u00e2metro, tornando-a adequada para uma ampla variedade de culturas.<\/li>\n<li><strong>Qu\u00e3o f\u00e1cil \u00e9 operar a enfardadeira de fardos redondos 9YG-1.0C?<\/strong><br \/>\nA enfardadeira foi projetada para ser f\u00e1cil de usar, com controles intuitivos e configura\u00e7\u00e3o m\u00ednima, tornando-a f\u00e1cil de operar mesmo para iniciantes.<\/li>\n<li><strong>A enfardadeira redonda 9YG-1.0C consegue lidar com colheitas \u00famidas?<\/strong><br \/>\nSim, ela \u00e9 capaz de enfardar culturas \u00famidas, incluindo silagem, sem comprometer a qualidade do fardo.<\/li>\n<li><strong>Que tipo de manuten\u00e7\u00e3o \u00e9 necess\u00e1ria para a enfardadeira de fardos redondos 9YG-1.0C?<\/strong><br \/>\nA manuten\u00e7\u00e3o regular inclui verificar se h\u00e1 obstru\u00e7\u00f5es, lubrificar as pe\u00e7as m\u00f3veis e garantir a tens\u00e3o adequada no sistema de encaderna\u00e7\u00e3o.<\/li>\n<li><strong>Qual a durabilidade da enfardadeira de fardos redondos 9YG-1.0C?<\/strong><br \/>\nO modelo 9YG-1.0C foi projetado para oferecer durabilidade de longa dura\u00e7\u00e3o, com materiais de alta qualidade que suportam as condi\u00e7\u00f5es adversas da agricultura.<\/li>\n<li><strong>A enfardadeira de fardos redondos 9YG-1.0C \u00e9 adequada para pequenas propriedades rurais?<\/strong><br \/>\nSim, \u00e9 ideal para pequenas e m\u00e9dias propriedades rurais devido ao seu design eficiente e facilidade de opera\u00e7\u00e3o.<\/li>\n<li><strong>Qual \u00e9 a produ\u00e7\u00e3o m\u00e9dia da enfardadeira de fardos redondos 9YG-1.0C?<\/strong><br \/>\nA produ\u00e7\u00e3o m\u00e9dia \u00e9 de cerca de 20 a 30 fardos por hora, dependendo do tipo de cultura e das condi\u00e7\u00f5es de opera\u00e7\u00e3o.<\/li>\n<li><strong>A enfardadeira de fardos redondos 9YG-1.0C vem com garantia?<\/strong><br \/>\nSim, vem com uma garantia de 3 anos que cobre defeitos de materiais e de fabrica\u00e7\u00e3o.<\/li>\n<li><strong>Que tipos de culturas podem ser enfardadas usando a enfardadeira redonda 9YG-1.0C?<\/strong><br \/>\nEla pode lidar com uma variedade de culturas, incluindo feno, palha e silagem.<\/li>\n<li><strong>A enfardadeira de fardos redondos 9YG-1.0C \u00e9 f\u00e1cil de transportar?<\/strong><br \/>\nSim, foi projetado pensando na portabilidade, apresentando um design compacto e m\u00f3vel.<\/li>\n<li><strong>Posso usar a enfardadeira de fardos redondos 9YG-1.0C em condi\u00e7\u00f5es de tempo \u00famido?<\/strong><br \/>\nSim, a enfardadeira foi projetada para funcionar com efici\u00eancia mesmo em condi\u00e7\u00f5es \u00famidas ou chuvosas, especialmente no manuseio de silagem.<\/li>\n<li><strong>\u00c9 dif\u00edcil substituir pe\u00e7as na enfardadeira de fardos redondos 9YG-1.0C?<\/strong><br \/>\nN\u00e3o, as pe\u00e7as de reposi\u00e7\u00e3o s\u00e3o f\u00e1ceis de encontrar e substituir, garantindo um tempo de inatividade m\u00ednimo.<\/li>\n<li><strong>Qual o peso da enfardadeira de fardos redondos 9YG-1.0C?<\/strong><br \/>\nA enfardadeira pesa aproximadamente 2.000 kg, o que a torna manej\u00e1vel para a maioria dos equipamentos agr\u00edcolas padr\u00e3o.<\/li>\n<li><strong>Posso personalizar as configura\u00e7\u00f5es da enfardadeira de fardos redondos 9YG-1.0C?<\/strong><br \/>\nSim, a enfardadeira oferece configura\u00e7\u00f5es ajust\u00e1veis \u200b\u200bpara otimizar o desempenho com base em diferentes tipos de culturas e condi\u00e7\u00f5es ambientais.<\/li>\n<\/ol>\n<p>&nbsp;<\/p>","protected":false},"excerpt":{"rendered":"<p>Conhe\u00e7a a enfardadeira de fardos redondos 9YG-1.0C \u2014 uma solu\u00e7\u00e3o dur\u00e1vel e de alto desempenho para enfardar feno e palha com efici\u00eancia. Esta enfardadeira foi projetada para facilitar a opera\u00e7\u00e3o e oferecer alt\u00edssima produtividade, garantindo um funcionamento confi\u00e1vel em todas as condi\u00e7\u00f5es. Aumente sua produtividade agr\u00edcola hoje mesmo com nossa enfardadeira de fardos redondos de \u00faltima gera\u00e7\u00e3o. Saiba mais e aumente sua produ\u00e7\u00e3o agr\u00edcola!<\/p>","protected":false},"featured_media":253,"template":"","meta":{"_et_pb_use_builder":"","_et_pb_old_content":"","_et_gb_content_width":""},"product_brand":[],"product_cat":[22],"product_tag":[],"class_list":{"0":"post-210","1":"product","2":"type-product","3":"status-publish","4":"has-post-thumbnail","6":"product_cat-round-baler-rake","8":"first","9":"instock","10":"shipping-taxable","11":"product-type-simple"},"_links":{"self":[{"href":"https:\/\/farm-baler.com\/pt\/wp-json\/wp\/v2\/product\/210","targetHints":{"allow":["GET"]}}],"collection":[{"href":"https:\/\/farm-baler.com\/pt\/wp-json\/wp\/v2\/product"}],"about":[{"href":"https:\/\/farm-baler.com\/pt\/wp-json\/wp\/v2\/types\/product"}],"wp:featuredmedia":[{"embeddable":true,"href":"https:\/\/farm-baler.com\/pt\/wp-json\/wp\/v2\/media\/253"}],"wp:attachment":[{"href":"https:\/\/farm-baler.com\/pt\/wp-json\/wp\/v2\/media?parent=210"}],"wp:term":[{"taxonomy":"product_brand","embeddable":true,"href":"https:\/\/farm-baler.com\/pt\/wp-json\/wp\/v2\/product_brand?post=210"},{"taxonomy":"product_cat","embeddable":true,"href":"https:\/\/farm-baler.com\/pt\/wp-json\/wp\/v2\/product_cat?post=210"},{"taxonomy":"product_tag","embeddable":true,"href":"https:\/\/farm-baler.com\/pt\/wp-json\/wp\/v2\/product_tag?post=210"}],"curies":[{"name":"wp","href":"https:\/\/api.w.org\/{rel}","templated":true}]}}