{"id":93,"date":"2025-11-14T01:45:37","date_gmt":"2025-11-14T01:45:37","guid":{"rendered":"https:\/\/farm-baler.com\/?page_id=93"},"modified":"2025-11-20T01:21:24","modified_gmt":"2025-11-20T01:21:24","slug":"contate-nos","status":"publish","type":"page","link":"https:\/\/farm-baler.com\/pt\/contate-nos\/","title":{"rendered":"Contate-nos"},"content":{"rendered":"<p>[et_pb_section fb_built=”1″ theme_builder_area=”post_content” _builder_version=”4.20.4″ _module_preset=”default”][et_pb_row _builder_version=”4.20.4″ _module_preset=”default” theme_builder_area=”post_content”][et_pb_column _builder_version=”4.20.4″ _module_preset=”default” type=”4_4″ theme_builder_area=”post_content”][et_pb_image src=”https:\/\/farm-baler.com\/wp-content\/uploads\/2025\/11\/ep-farm-baler-contact11.webp” _builder_version=”4.20.4″ _module_preset=”default” theme_builder_area=”post_content” alt=”farm-baler” title_text=”ep-farm baler-contact11″ hover_enabled=”0″ sticky_enabled=”0″][\/et_pb_image][\/et_pb_column][\/et_pb_row][\/et_pb_section][et_pb_section fb_built=”1″ admin_label=”section” _builder_version=”4.16″ global_colors_info=”{}” custom_margin=”-72px|||||”][et_pb_row admin_label=”row” _builder_version=”4.16″ background_size=”initial” background_position=”top_left” background_repeat=”repeat” global_colors_info=”{}” min_height=”761px”][et_pb_column type=”4_4″ _builder_version=”4.16″ custom_padding=”|||” global_colors_info=”{}” custom_padding__hover=”|||”][et_pb_text admin_label=”Text” _builder_version=”4.20.4″ background_size=”initial” background_position=”top_left” background_repeat=”repeat” hover_enabled=”0″ global_colors_info=”{}” sticky_enabled=”0″ custom_margin=”-24px|||||”]<\/p>\n<h1 style=\"text-align: left;\">Entre em contato conosco.<\/h1>\n<p>Obrigado por visitar o site da UK Farm-Baler.com Co., Ltd!<\/p>\n<p>Estamos comprometidos em fornecer equipamentos de enfardamento de alta qualidade e solu\u00e7\u00f5es inovadoras para o setor agr\u00edcola. Se voc\u00ea busca melhorar a efici\u00eancia das suas opera\u00e7\u00f5es agr\u00edcolas ou explorar nossa linha completa de produtos para enfardamento, estamos aqui para ajudar.<\/p>\n<p>Se tiver alguma d\u00favida, precisar de ajuda ou quiser saber mais sobre os nossos produtos e servi\u00e7os, n\u00e3o hesite em entrar em contato conosco.<\/p>\n<p><strong data-start=\"438\" data-end=\"447\">E-mail<\/strong>: <a href=\"mailto:sales@farm-baler.com\">sales@farm-baler.com<\/a><\/p>\n<p><strong data-start=\"472\" data-end=\"490\">Endere\u00e7o do escrit\u00f3rio<\/strong>: UK farm-baler.com Co.,Ltd<\/p>\n<p>[\/et_pb_text][et_pb_code _builder_version=”4.20.4″ _module_preset=”default” hover_enabled=”0″ sticky_enabled=”0″ custom_margin=”|||194px|false|false”]<iframe src=\"https:\/\/www.google.com\/maps\/embed?pb=!1m18!1m12!1m3!1d2442.837427009377!2d0.7407206760319578!3d52.2463365064555!2m3!1f0!2f0!3f0!3m2!1i1024!2i768!4f13.1!3m3!1m2!1s0x47d84cee88abf495%3A0x5a7609d73854277!2sFiske%20Cl%2C%20Bury%20Saint%20Edmunds%20IP32%207LX%2C%20UK!5e0!3m2!1sen!2snl!4v1763542957241!5m2!1sen!2snl\" width=\"600\" height=\"450\" style=\"border:0;\" allowfullscreen=\"\" loading=\"lazy\" referrerpolicy=\"no-referrer-when-downgrade\"><\/iframe>[\/et_pb_code][\/et_pb_column][\/et_pb_row][\/et_pb_section]<\/p>","protected":false},"excerpt":{"rendered":"<p>Please Contact Us Thank you for visiting UK Farm-Baler.com Co., Ltd! We are committed to delivering top-quality baling equipment and innovative solutions for the agricultural industry. Whether you are looking to improve the efficiency of your farm operations or explore our full range of baling products, we\u2019re here to help. If you have any questions, [&hellip;]<\/p>","protected":false},"author":1,"featured_media":0,"parent":0,"menu_order":0,"comment_status":"closed","ping_status":"closed","template":"","meta":{"_et_pb_use_builder":"on","_et_pb_old_content":"Thank you for visiting UK Farm-Baler.com Co., Ltd! We are dedicated to providing high-quality baling equipment and solutions for the agricultural industry. If you have any questions or need further information, please feel free to reach out to us.\r\n\r\n<strong data-start=\"438\" data-end=\"447\">Email<\/strong>: <a href=\"mailto:sales@farm-baler.com\">sales@farm-baler.com<\/a>\r\n\r\n<strong data-start=\"472\" data-end=\"490\">Office Address<\/strong>: UK farm-baler.com Co.,Ltd","_et_gb_content_width":"","footnotes":""},"class_list":["post-93","page","type-page","status-publish","hentry"],"_links":{"self":[{"href":"https:\/\/farm-baler.com\/pt\/wp-json\/wp\/v2\/pages\/93","targetHints":{"allow":["GET"]}}],"collection":[{"href":"https:\/\/farm-baler.com\/pt\/wp-json\/wp\/v2\/pages"}],"about":[{"href":"https:\/\/farm-baler.com\/pt\/wp-json\/wp\/v2\/types\/page"}],"author":[{"embeddable":true,"href":"https:\/\/farm-baler.com\/pt\/wp-json\/wp\/v2\/users\/1"}],"replies":[{"embeddable":true,"href":"https:\/\/farm-baler.com\/pt\/wp-json\/wp\/v2\/comments?post=93"}],"version-history":[{"count":8,"href":"https:\/\/farm-baler.com\/pt\/wp-json\/wp\/v2\/pages\/93\/revisions"}],"predecessor-version":[{"id":243,"href":"https:\/\/farm-baler.com\/pt\/wp-json\/wp\/v2\/pages\/93\/revisions\/243"}],"wp:attachment":[{"href":"https:\/\/farm-baler.com\/pt\/wp-json\/wp\/v2\/media?parent=93"}],"curies":[{"name":"wp","href":"https:\/\/api.w.org\/{rel}","templated":true}]}}