{"id":502,"date":"2025-12-17T09:55:18","date_gmt":"2025-12-17T09:55:18","guid":{"rendered":"https:\/\/farm-baler.com\/?post_type=product&#038;p=502"},"modified":"2025-12-18T02:37:53","modified_gmt":"2025-12-18T02:37:53","slug":"9jyy-2-5-maszyna-do-zbierania-i-transportu","status":"publish","type":"product","link":"https:\/\/farm-baler.com\/pl\/produkt\/9jyy-2-5-maszyna-do-zbierania-i-transportu\/","title":{"rendered":"Maszyna do zbierania i transportu bel okr\u0105g\u0142ych 9JYY-2.5"},"content":{"rendered":"<p>Maszyna do zbierania i transportu bel okr\u0105g\u0142ych 9JYY-2.5 to rewolucyjne urz\u0105dzenie rolnicze zaprojektowane z my\u015bl\u0105 o wydajnym zbieraniu i transporcie bel. Dzi\u0119ki solidnej konstrukcji i zaawansowanej technologii, maszyna ta mo\u017ce wydajnie przetwarza\u0107 du\u017ce ilo\u015bci bel siana, co czyni j\u0105 niezb\u0119dnym narz\u0119dziem w nowoczesnych gospodarstwach rolnych. Niezale\u017cnie od tego, czy zbierasz okr\u0105g\u0142e bele siana z pola, czy transportujesz je do magazyn\u00f3w, 9JYY-2.5 spe\u0142nia potrzeby wysokowydajnych gospodarstw rolnych.<\/p>\n<h2>Specyfikacja techniczna<\/h2>\n<table style=\"border-color: #000000;\">\n<thead>\n<tr>\n<th align=\"left\">Numer seryjny<\/th>\n<th align=\"left\">Przedmiot<\/th>\n<th align=\"left\">Jednostka<\/th>\n<th align=\"left\">Specyfikacja<\/th>\n<\/tr>\n<\/thead>\n<tbody>\n<tr>\n<td align=\"left\">1<\/td>\n<td align=\"left\">Nazwa produktu<\/td>\n<td align=\"left\">\/<\/td>\n<td align=\"left\">Zbieracz i transporter bel okr\u0105g\u0142ych<\/td>\n<\/tr>\n<tr>\n<td align=\"left\">2<\/td>\n<td align=\"left\">Model produktu<\/td>\n<td align=\"left\">\/<\/td>\n<td align=\"left\">9JYY-2.5<\/td>\n<\/tr>\n<tr>\n<td align=\"left\">3<\/td>\n<td align=\"left\">Metoda zaczepiania<\/td>\n<td align=\"left\">\/<\/td>\n<td align=\"left\">Typ ci\u0105gniony<\/td>\n<\/tr>\n<tr>\n<td align=\"left\">4<\/td>\n<td align=\"left\">Tryb za\u0142adunku\/roz\u0142adunku<\/td>\n<td align=\"left\">\/<\/td>\n<td align=\"left\">Hydrauliczny<\/td>\n<\/tr>\n<tr>\n<td align=\"left\">5<\/td>\n<td align=\"left\">Maksymalna \u0142adowno\u015b\u0107<\/td>\n<td align=\"left\">kg<\/td>\n<td align=\"left\">2500<\/td>\n<\/tr>\n<tr>\n<td align=\"left\">6<\/td>\n<td align=\"left\">Dopasowany zakres mocy<\/td>\n<td align=\"left\">kW<\/td>\n<td align=\"left\">\u226520<\/td>\n<\/tr>\n<tr>\n<td align=\"left\">7<\/td>\n<td align=\"left\">Ci\u015bnienie robocze<\/td>\n<td align=\"left\">MPa<\/td>\n<td align=\"left\">\u226516<\/td>\n<\/tr>\n<tr>\n<td align=\"left\">8<\/td>\n<td align=\"left\">Pr\u0119dko\u015b\u0107 transportu<\/td>\n<td align=\"left\">km\/h<\/td>\n<td align=\"left\">\u226440<\/td>\n<\/tr>\n<tr>\n<td align=\"left\">9<\/td>\n<td align=\"left\">Model opony<\/td>\n<td align=\"left\">\/<\/td>\n<td align=\"left\">10.0\/80-12 (podw\u00f3jne ko\u0142a)<\/td>\n<\/tr>\n<tr>\n<td align=\"left\">10<\/td>\n<td align=\"left\">Rozmiar \u0142adowalnej beli<\/td>\n<td align=\"left\">mm<\/td>\n<td align=\"left\">\u015arednica 1300, d\u0142ugo\u015b\u0107 1000-1500<\/td>\n<\/tr>\n<tr>\n<td align=\"left\">11<\/td>\n<td align=\"left\">Wymiary ca\u0142kowite (d\u0142. \u00d7 szer. \u00d7 wys.)<\/td>\n<td align=\"left\">mm<\/td>\n<td align=\"left\">10300\u00d72420\u00d72485<\/td>\n<\/tr>\n<tr>\n<td align=\"left\">12<\/td>\n<td align=\"left\">Masa ca\u0142kowita<\/td>\n<td align=\"left\">kg<\/td>\n<td align=\"left\">1165<\/td>\n<\/tr>\n<\/tbody>\n<\/table>\n<h2>Definicja produktu<\/h2>\n<p>Maszyna do zbierania i transportu bel okr\u0105g\u0142ych 9JYY-2.5 to wszechstronne urz\u0105dzenie zaprojektowane do wydajnego zbierania i transportu bel siana. Jej solidna i \u0142atwa w obs\u0142udze konstrukcja zapewnia optymaln\u0105 wydajno\u015b\u0107 w r\u00f3\u017cnych warunkach rolniczych. Maszyna ta mo\u017ce zbiera\u0107 bele o r\u00f3\u017cnych rozmiarach i jest szczeg\u00f3lnie przydatna w gospodarstwach rolnych na du\u017c\u0105 skal\u0119, gdzie wymagana jest du\u017ca pr\u0119dko\u015b\u0107 i wydajno\u015b\u0107 procesu produkcji bel.<\/p>\n<h2>Rozwi\u0105zywanie problem\u00f3w i przypadki u\u017cycia<\/h2>\n<p>Model 9JYY-2.5 rozwi\u0105zuje kilka kluczowych problem\u00f3w zwi\u0105zanych z obs\u0142ug\u0105 bel, w tym nieefektywno\u015b\u0107 pracy r\u0119cznej, czasoch\u0142onno\u015b\u0107 i zu\u017cycie sprz\u0119tu. Zosta\u0142 zaprojektowany, aby usprawni\u0107 zbieranie i transport bel, skracaj\u0105c czas i wysi\u0142ek potrzebny do przemieszczania du\u017cych ilo\u015bci bel. Typowe zastosowania obejmuj\u0105:<\/p>\n<ul>\n<li>Zbieranie i transport bel na du\u017c\u0105 skal\u0119<\/li>\n<li>Obni\u017canie koszt\u00f3w pracy poprzez automatyzacj\u0119 procesu przemieszczania bel<\/li>\n<li>Transport bel z pola do miejsc sk\u0142adowania lub przetwarzania<\/li>\n<li>Przenoszenie bel w trudnym i nier\u00f3wnym terenie<\/li>\n<li>Poprawa og\u00f3lnej efektywno\u015bci operacyjnej du\u017cych gospodarstw rolnych i przedsi\u0119biorstw rolnych<\/li>\n<\/ul>\n<h2>Zalety produktu<\/h2>\n<ul>\n<li><strong>Wysoka wydajno\u015b\u0107:<\/strong> Maszyna do zbierania i transportu bel okr\u0105g\u0142ych 9JYY-2.5 zwi\u0119ksza wydajno\u015b\u0107 operacyjn\u0105 poprzez znaczne skr\u00f3cenie czasu potrzebnego na przenoszenie bel z jednego miejsca do drugiego. Maszyna ta zosta\u0142a zaprojektowana do obs\u0142ugi du\u017cych ilo\u015bci bel w u\u0142amku czasu w por\u00f3wnaniu z prac\u0105 r\u0119czn\u0105 lub mniej wydajnym sprz\u0119tem.<\/li>\n<li><strong>Wszechstronno\u015b\u0107:<\/strong> Ta maszyna mo\u017ce obs\u0142ugiwa\u0107 szeroki zakres rozmiar\u00f3w bel i jest przeznaczona do pracy w r\u00f3\u017cnych warunkach rolniczych, od p\u0142askich p\u00f3l po nier\u00f3wny teren. Jej wszechstronno\u015b\u0107 gwarantuje, \u017ce spe\u0142ni potrzeby r\u00f3\u017cnorodnych gospodarstw rolnych.<\/li>\n<li><strong>Trwa\u0142o\u015b\u0107:<\/strong> Wykonany z wysokiej jako\u015bci materia\u0142\u00f3w, model 9JYY-2.5 zosta\u0142 zaprojektowany z my\u015bl\u0105 o d\u0142ugotrwa\u0142ej wydajno\u015bci nawet w najtrudniejszych warunkach. Jego trwa\u0142o\u015b\u0107 minimalizuje potrzeb\u0119 napraw i konserwacji, oferuj\u0105c doskona\u0142\u0105 warto\u015b\u0107 w d\u0142u\u017cszej perspektywie.<\/li>\n<li><strong>\u0141atwo\u015b\u0107 u\u017cytkowania:<\/strong> Dzi\u0119ki przyjaznemu dla u\u017cytkownika sterowaniu i prostemu mechanizmowi obs\u0142ugi, maszyna jest \u0142atwa w obs\u0142udze i mo\u017ce by\u0107 obs\u0142ugiwana przez pracownik\u00f3w po minimalnym przeszkoleniu. Ta \u0142atwo\u015b\u0107 obs\u0142ugi skraca czas nauki i zwi\u0119ksza og\u00f3ln\u0105 wydajno\u015b\u0107.<\/li>\n<li><strong>Op\u0142acalne:<\/strong> Dzi\u0119ki obni\u017ceniu koszt\u00f3w pracy i zwi\u0119kszeniu wydajno\u015bci operacyjnej, model 9JYY-2.5 oferuje ekonomiczne rozwi\u0105zanie do transportu bel. Jego wydajno\u015b\u0107 pomaga rolnikom oszcz\u0119dza\u0107 pieni\u0105dze w d\u0142u\u017cszej perspektywie, zwi\u0119kszaj\u0105c szybko\u015b\u0107 i dok\u0142adno\u015b\u0107 operacji transportu bel.<\/li>\n<\/ul>\n<h2>Zasada dzia\u0142ania maszyny do zbierania i transportu bel okr\u0105g\u0142ych 9JYY-2.5<\/h2>\n<p>Model 9JYY-2.5 dzia\u0142a w oparciu o prosty, a zarazem wydajny mechanizm. Wyposa\u017cony w uk\u0142ad hydrauliczny, model ten mo\u017ce podnosi\u0107 i zbiera\u0107 bele z pola. Wytrzyma\u0142e podzespo\u0142y mechaniczne bezpiecznie zbieraj\u0105 bele i \u0142aduj\u0105 je na platform\u0119 transportow\u0105. Po za\u0142adowaniu maszyna mo\u017ce transportowa\u0107 bele w r\u00f3\u017cnych warunkach terenowych, co czyni j\u0105 wszechstronn\u0105. Mocny silnik zapewnia szybk\u0105 i p\u0142ynn\u0105 prac\u0119, a konstrukcja gwarantuje prawid\u0142owe obchodzenie si\u0119 z belami podczas transportu, zapobiegaj\u0105c ich uszkodzeniom.<\/p>\n<p style=\"text-align: center;\"><img loading=\"lazy\" decoding=\"async\" class=\"alignnone wp-image-503\" src=\"https:\/\/farm-baler.com\/wp-content\/uploads\/2025\/12\/ep-Type-9JYY-2.5-Round-Bale-Picking-and-Transporting-Machine-11-1-300x300.webp\" alt=\"Maszyna do zbierania i transportu\" width=\"400\" height=\"400\" \/><\/p>\n<h2>G\u0142\u00f3wne scenariusze wykorzystania<\/h2>\n<p>Model 9JYY-2.5 idealnie nadaje si\u0119 do szerokiej gamy zastosowa\u0144 rolniczych. Jego g\u0142\u00f3wne zastosowania obejmuj\u0105:<\/p>\n<ul>\n<li><strong>Du\u017ce gospodarstwa rolne zajmuj\u0105ce si\u0119 produkcj\u0105 siana:<\/strong> Idealne dla gospodarstw produkuj\u0105cych du\u017ce ilo\u015bci siana, gdzie konieczne jest szybkie i wydajne zbieranie i transportowanie bel.<\/li>\n<li><strong>Gospodarstwa hodowlane:<\/strong> Doskonale nadaje si\u0119 do transportu bel do miejsc karmienia, zapewniaj\u0105c zwierz\u0119tom hodowlanym szybki dost\u0119p do siana.<\/li>\n<li><strong>Przechowywanie i operacje magazynowe:<\/strong> S\u0142u\u017cy do transportu bel do magazyn\u00f3w, pomagaj\u0105c rolnikom efektywniej zarz\u0105dza\u0107 swoimi zapasami.<\/li>\n<li><strong>Gospodarstwa mleczne:<\/strong> Stosowane w gospodarstwach mlecznych, gdzie bele siana s\u0105 szybko potrzebne do karmienia kr\u00f3w.<\/li>\n<li><strong>Gospodarstwa trawiaste i kiszonkowe:<\/strong> Skuteczne przy transporcie bel kiszonki lub trawy, skracaj\u0105ce czas i zmniejszaj\u0105ce nak\u0142ad pracy zwi\u0105zany z przemieszczaniem takich materia\u0142\u00f3w.<\/li>\n<li><strong>Kontraktowe rolnictwo i zbiory na zam\u00f3wienie:<\/strong> Idealne dla przedsi\u0119biorc\u00f3w obs\u0142uguj\u0105cych wiele gospodarstw, zapewniaj\u0105c wydajn\u0105 obs\u0142ug\u0119 bel w r\u00f3\u017cnych lokalizacjach.<\/li>\n<\/ul>\n<h2>Jak wybra\u0107 odpowiedni\u0105 maszyn\u0119 do zbierania i transportu bel okr\u0105g\u0142ych 9JYY-2.5<\/h2>\n<p>Wybieraj\u0105c pras\u0119 okr\u0105g\u0142\u0105 9JYY-2,5 <a href=\"http:\/\/silage-balers.com\" target=\"_blank\" rel=\"noopener\">Maszyna do zbierania i transportu<\/a>, we\u017a pod uwag\u0119 nast\u0119puj\u0105ce czynniki, aby mie\u0107 pewno\u015b\u0107, \u017ce wybierasz w\u0142a\u015bciwy sprz\u0119t odpowiadaj\u0105cy potrzebom swojego gospodarstwa:<\/p>\n<ul>\n<li><strong>Rozmiar beli:<\/strong> Upewnij si\u0119, czy maszyna jest w stanie obs\u0142u\u017cy\u0107 konkretne rozmiary bel produkowanych w Twoim gospodarstwie.<\/li>\n<li><strong>Teren:<\/strong> Nale\u017cy wzi\u0105\u0107 pod uwag\u0119 rodzaj terenu, w kt\u00f3rym maszyna b\u0119dzie pracowa\u0107. Model 9JYY-2.5 zosta\u0142 zaprojektowany do pracy w r\u00f3\u017cnych rodzajach terenu, ale wa\u017cne jest, aby upewni\u0107 si\u0119, \u017ce jest kompatybilny z warunkami terenowymi.<\/li>\n<li><strong>Obj\u0119to\u015b\u0107 bel:<\/strong> Wybierz model, kt\u00f3ry poradzi sobie z ilo\u015bci\u0105 bel, jak\u0105 zazwyczaj musisz przenosi\u0107 ka\u017cdego dnia.<\/li>\n<li><strong>Trwa\u0142o\u015b\u0107 i jako\u015b\u0107 materia\u0142\u00f3w:<\/strong> Sprawd\u017a maszyny wykonane z wysokiej jako\u015bci, trwa\u0142ych materia\u0142\u00f3w, przeznaczonych do d\u0142ugotrwa\u0142ego u\u017cytkowania w wymagaj\u0105cych warunkach rolniczych.<\/li>\n<li><strong>\u0141atwo\u015b\u0107 obs\u0142ugi:<\/strong> Poszukaj maszyny, kt\u00f3ra oferuje przyjazne u\u017cytkownikowi sterowanie, aby zminimalizowa\u0107 czas szkolenia i liczb\u0119 b\u0142\u0119d\u00f3w operacyjnych.<\/li>\n<li><strong>Efektywno\u015b\u0107 kosztowa:<\/strong> Upewnij si\u0119, \u017ce koszt maszyny jest uzasadniony korzy\u015bciami, jakie zapewnia pod wzgl\u0119dem wydajno\u015bci, oszcz\u0119dno\u015bci pracy i koszt\u00f3w operacyjnych.<\/li>\n<\/ul>\n<h2>Konserwacja maszyny do zbierania i transportu bel okr\u0105g\u0142ych 9JYY-2.5<\/h2>\n<p>Aby zapewni\u0107 optymaln\u0105 wydajno\u015b\u0107 i trwa\u0142o\u015b\u0107, niezb\u0119dna jest prawid\u0142owa konserwacja 9JYY-2.5. Regularne czynno\u015bci konserwacyjne obejmuj\u0105:<\/p>\n<ul>\n<li><strong>Czyszczenie:<\/strong> Po ka\u017cdym u\u017cyciu nale\u017cy wyczy\u015bci\u0107 urz\u0105dzenie, aby usun\u0105\u0107 kurz, brud i zanieczyszczenia, kt\u00f3re mog\u0105 mie\u0107 wp\u0142yw na jego wydajno\u015b\u0107.<\/li>\n<li><strong>Smarowanie:<\/strong> Regularnie smaruj ruchome cz\u0119\u015bci, aby zapobiega\u0107 ich zu\u017cyciu i zapewni\u0107 p\u0142ynn\u0105 prac\u0119 maszyny.<\/li>\n<li><strong>Kontrola uk\u0142adu hydraulicznego:<\/strong> Regularnie sprawdzaj uk\u0142ad hydrauliczny, aby mie\u0107 pewno\u015b\u0107, \u017ce nie ma \u017cadnych wyciek\u00f3w i \u017ce uk\u0142ad dzia\u0142a prawid\u0142owo.<\/li>\n<li><strong>Kontrola opon:<\/strong> Regularnie sprawdzaj stan opon, upewniaj\u0105c si\u0119, \u017ce s\u0105 napompowane do prawid\u0142owego ci\u015bnienia i nie maj\u0105 uszkodze\u0144.<\/li>\n<li><strong>Konserwacja silnika:<\/strong> Aby zapewni\u0107 niezawodn\u0105 prac\u0119 silnika, nale\u017cy przeprowadza\u0107 rutynowe kontrole, w tym wymian\u0119 oleju i filtra.<\/li>\n<\/ul>\n<h2>Opinie klient\u00f3w<\/h2>\n<p>\u201eModel 9JYY-2.5 znacznie usprawni\u0142 nasz proces transportu bel. Mo\u017cemy zbiera\u0107 i transportowa\u0107 bele znacznie szybciej ni\u017c wcze\u015bniej, co pozwala nam zaoszcz\u0119dzi\u0107 sporo pracy r\u0119cznej. To doskona\u0142a inwestycja dla ka\u017cdego gospodarstwa z du\u017c\u0105 produkcj\u0105 siana\u201d.<br \/>\n– <strong>John Smith, Stany Zjednoczone<\/strong><\/p>\n<p>\u201eU\u017cywam 9JYY-2.5 od kilku miesi\u0119cy i jestem pod wra\u017ceniem jej wydajno\u015bci. Z \u0142atwo\u015bci\u0105 radzi sobie z naszymi du\u017cymi balotami i jest bardzo wytrzyma\u0142a. Pracujemy w trudnym terenie, a ta maszyna nie sprawia \u017cadnych problem\u00f3w\u201d.<br \/>\n– <strong>Maria Lopez, Meksyk<\/strong><\/p>\n<p>\u201eTo najlepszy sprz\u0119t do transportu bel, jakiego kiedykolwiek u\u017cywa\u0142em. Jest wydajny i \u0142atwy w obs\u0142udze. Zaoszcz\u0119dzi\u0142 nam mn\u00f3stwo czasu na transporcie bel z pola do magazynu.\u201d<br \/>\n– <strong>David Brown, Wielka Brytania<\/strong><\/p>\n<p>\u201eU\u017cywamy 9JYY-2.5 w naszej mleczarni i to by\u0142 prze\u0142om. Jest \u0142atwy w obs\u0142udze i pomaga nam szybko przenosi\u0107 bele do miejsca karmienia. Gor\u0105co polecam.\u201d<br \/>\n– <strong>Susan Green, Kanada<\/strong><\/p>\n<p>\u201eJako wykonawca pracuj\u0119 w kilku du\u017cych gospodarstwach rolnych, a 9JYY-2.5 to moja ulubiona maszyna. Jest wszechstronna i poradzi sobie z obci\u0105\u017ceniem prac\u0105 wielu gospodarstw. Wysoce niezawodna i wydajna.\u201d<br \/>\n– <strong>Kenji Tanaka, Japonia<\/strong><\/p>\n<h2>Dlaczego warto wybra\u0107 nasze produkty?<\/h2>\n<p>Oferujemy szybk\u0105 personalizacj\u0119 i doskona\u0142\u0105 obs\u0142ug\u0119 klienta. Trzyletnia gwarancja zapewnia wszystkim naszym klientom spok\u00f3j ducha. Dysponujemy globalnymi mo\u017cliwo\u015bciami wysy\u0142kowymi, gwarantuj\u0105c szybk\u0105 dostaw\u0119 niezale\u017cnie od lokalizacji zam\u00f3wienia. Zapewniamy najwy\u017cszej klasy serwis posprzeda\u017cowy, gwarantuj\u0105c naszym klientom d\u0142ugoterminowe wsparcie po zakupie. Wybierz nasze produkty, aby cieszy\u0107 si\u0119 najwy\u017csz\u0105 jako\u015bci\u0105, wysok\u0105 niezawodno\u015bci\u0105 i obs\u0142ug\u0105 zorientowan\u0105 na klienta.<\/p>\n<h2>Promocja produktu<\/h2>\n<p>Poznaj maszyn\u0119 do zbierania i transportu bel okr\u0105g\u0142ych 9JYY-2.5 ju\u017c dzi\u015b i przekonaj si\u0119, jak bardzo mo\u017ce ona wp\u0142yn\u0105\u0107 na Twoje gospodarstwo. Nasza firma specjalizuje si\u0119 w produkcji wysokiej jako\u015bci, trwa\u0142ego sprz\u0119tu rolniczego. Opr\u00f3cz maszyny 9JYY-2.5 oferujemy r\u00f3wnie\u017c szereg powi\u0105zanych produkt\u00f3w i akcesori\u00f3w, kt\u00f3re zwi\u0119ksz\u0105 wydajno\u015b\u0107 operacyjn\u0105 Twojego gospodarstwa. Skontaktuj si\u0119 z nami ju\u017c dzi\u015b, aby pozna\u0107 cen\u0119 i indywidualne rozwi\u0105zania. Zale\u017cy nam na znalezieniu dla Ciebie najbardziej odpowiedniego rozwi\u0105zania do transportu bel!<\/p>\n<h2>Cz\u0119sto zadawane pytania<\/h2>\n<p><strong>Jaka jest wydajno\u015b\u0107 maszyny do zbierania bel okr\u0105g\u0142ych 9JYY-2.5?<\/strong><\/p>\n<p>Model 9JYY-2.5 mo\u017ce obs\u0142ugiwa\u0107 du\u017ce ilo\u015bci okr\u0105g\u0142ych bel, a jego imponuj\u0105ca \u0142adowno\u015b\u0107 nadaje si\u0119 do du\u017cych gospodarstw rolnych.<\/p>\n<p><strong>Jak 9JYY-2.5 sprawdza si\u0119 w trudnym terenie?<\/strong><\/p>\n<p>Model 9JYY-2.5 zaprojektowano tak, aby radzi\u0142 sobie z r\u00f3\u017cnymi rodzajami terenu, w tym z nier\u00f3wnymi polami, co czyni go wszechstronnym wyborem dla gospodarstw o \u200b\u200btrudnych warunkach krajobrazowych.<\/p>\n<p><strong>Jakiego rodzaju konserwacji wymaga model 9JYY-2.5?<\/strong><\/p>\n<p>Rutynowa konserwacja obejmuje regularne czyszczenie, smarowanie ruchomych cz\u0119\u015bci oraz sprawdzanie uk\u0142adu hydraulicznego i opon w celu zapewnienia p\u0142ynnej pracy.<\/p>\n<p><strong>Czy obs\u0142uga 9JYY-2.5 jest \u0142atwa?<\/strong><\/p>\n<p>Tak, model 9JYY-2.5 jest wyposa\u017cony w przyjazne u\u017cytkownikowi elementy steruj\u0105ce, dzi\u0119ki kt\u00f3rym obs\u0142uga urz\u0105dzenia jest prosta nawet dla os\u00f3b z niewielkim do\u015bwiadczeniem.<\/p>\n<p><strong>Czy maszyn\u0119 do zbierania i transportu bel okr\u0105g\u0142ych 9JYY-2.5 mo\u017cna dostosowa\u0107 do konkretnych potrzeb?<\/strong><\/p>\n<p>Tak, oferujemy us\u0142ugi dostosowywania modelu 9JYY-2.5 do specyficznych wymaga\u0144 Twojego gospodarstwa w zakresie transportu i obs\u0142ugi bel.<\/p>\n<p><strong>Jak szybko mo\u017ce zosta\u0107 dostarczona maszyna do zbierania i transportu bel okr\u0105g\u0142ych 9JYY-2.5?<\/strong><\/p>\n<p>Oferujemy szybk\u0105 wysy\u0142k\u0119, kt\u00f3rej czas dostawy zale\u017cy od Twojej lokalizacji. Dost\u0119pne s\u0105 opcje wysy\u0142ki na ca\u0142y \u015bwiat, aby zapewni\u0107 terminow\u0105 dostaw\u0119.<\/p>\n<p><strong>Czy maszyna do zbierania i transportu bel okr\u0105g\u0142ych 9JYY-2.5 nadaje si\u0119 do ma\u0142ych gospodarstw?<\/strong><\/p>\n<p>Maszyna do zbierania i transportu bel okr\u0105g\u0142ych 9JYY-2.5 idealnie nadaje si\u0119 do du\u017cych gospodarstw, ale mo\u017ce by\u0107 r\u00f3wnie\u017c u\u017cywana w mniejszych gospodarstwach o odpowiedniej obj\u0119to\u015bci bel. Jest wystarczaj\u0105co wszechstronna, aby sprosta\u0107 potrzebom r\u00f3\u017cnych skal dzia\u0142alno\u015bci.<\/p>\n<p><strong>Czy maszyna do zbierania i transportu bel okr\u0105g\u0142ych 9JYY-2.5 jest obj\u0119ta gwarancj\u0105?<\/strong><\/p>\n<p>Tak, maszyna do zbierania i transportu bel okr\u0105g\u0142ych 9JYY-2.5 obj\u0119ta jest 3-letni\u0105 gwarancj\u0105, co zapewnia spok\u00f3j ducha wszystkim klientom.<\/p>\n<p><strong>Ile kosztuje maszyna do zbierania i transportu bel okr\u0105g\u0142ych 9JYY-2.5?<\/strong><\/p>\n<p>Ceny zale\u017c\u0105 od indywidualnych potrzeb i mo\u017cliwo\u015bci wysy\u0142ki. Skontaktuj si\u0119 z nami, aby otrzyma\u0107 wycen\u0119 dostosowan\u0105 do Twoich indywidualnych potrzeb.<\/p>\n<p><strong>Czy po zakupie dost\u0119pna jest obs\u0142uga klienta?<\/strong><\/p>\n<p>Tak, oferujemy kompleksowe wsparcie posprzeda\u017cowe, obejmuj\u0105ce rozwi\u0105zywanie problem\u00f3w i pomoc w konserwacji, aby zagwarantowa\u0107 Pa\u0144stwu pe\u0142n\u0105 satysfakcj\u0119 z produktu.<\/p>\n<p><strong>Jakie akcesoria s\u0105 dost\u0119pne dla maszyny do zbierania i transportu bel okr\u0105g\u0142ych 9JYY-2.5?<\/strong><\/p>\n<p>Oferujemy szereg akcesori\u00f3w i cz\u0119\u015bci zamiennych zwi\u0119kszaj\u0105cych funkcjonalno\u015b\u0107 i trwa\u0142o\u015b\u0107 maszyny do zbierania i transportu bel okr\u0105g\u0142ych 9JYY-2.5.<\/p>\n<p><strong>Jak maszyna do zbierania i transportu bel okr\u0105g\u0142ych 9JYY-2.5 wypada w por\u00f3wnaniu z innymi maszynami do transportu bel?<\/strong><\/p>\n<p>9JYY-2.5 <a href=\"https:\/\/farm-baler.com\/pl\/produkt\/9lzy-9-0-grabie-kolkowe-z-palcami\/\">Okr\u0105g\u0142e bele<\/a> Maszyna do zbierania i transportu bel wyr\u00f3\u017cnia si\u0119 wszechstronno\u015bci\u0105, \u0142atwo\u015bci\u0105 obs\u0142ugi i solidn\u0105 konstrukcj\u0105, dzi\u0119ki czemu jest najlepszym wyborem do wydajnego transportu bel.<\/p>\n<p><strong>Czy maszyn\u0119 do zbierania i transportu bel okr\u0105g\u0142ych 9JYY-2.5 mo\u017cna stosowa\u0107 w warunkach du\u017cej wilgotno\u015bci?<\/strong><\/p>\n<p>Tak, maszyna do zbierania i transportu bel okr\u0105g\u0142ych 9JYY-2.5 zosta\u0142a zaprojektowana tak, aby radzi\u0107 sobie w r\u00f3\u017cnych warunkach pogodowych, w tym na mokrych polach, bez uszczerbku dla wydajno\u015bci.<\/p>\n<p><strong>Czy maszyna do zbierania i transportu bel okr\u0105g\u0142ych 9JYY-2.5 jest przyjazna dla \u015brodowiska?<\/strong><\/p>\n<p>Maszyna do zbierania i transportu bel okr\u0105g\u0142ych 9JYY-2.5 zosta\u0142a zaprojektowana z my\u015bl\u0105 o wydajno\u015bci, redukuj\u0105c potrzeb\u0119 nadmiernej pracy i minimalizuj\u0105c wp\u0142yw na \u015brodowisko dzi\u0119ki szybszemu i czystszemu obchodzeniu si\u0119 z belami.<\/p>\n<p>Edytuj przez gzl<\/p>\n<p>&nbsp;<\/p>","protected":false},"excerpt":{"rendered":"<p>Poznaj maszyn\u0119 do zbierania i transportu bel okr\u0105g\u0142ych 9JYY-2.5 \u2013 najlepsze rozwi\u0105zanie do wydajnego transportu bel siana. Zaprojektowana z my\u015bl\u0105 o \u0142atwym zbieraniu, transporcie i uk\u0142adaniu w stosy, maszyna ta znacz\u0105co zwi\u0119ksza wydajno\u015b\u0107 w gospodarstwach rolnych ka\u017cdej wielko\u015bci. Wytrzyma\u0142a, niezawodna i \u0142atwa w obs\u0142udze. Zwi\u0119ksz wydajno\u015b\u0107 swojego gospodarstwa ju\u017c dzi\u015b \u2013 kup j\u0105 ju\u017c dzi\u015b!<\/p>\n<p>edytuj przez gzl<\/p>","protected":false},"featured_media":503,"template":"","meta":{"_et_pb_use_builder":"","_et_pb_old_content":"","_et_gb_content_width":""},"product_brand":[],"product_cat":[15],"product_tag":[],"class_list":{"0":"post-502","1":"product","2":"type-product","3":"status-publish","4":"has-post-thumbnail","6":"product_cat-uncategorized","8":"first","9":"instock","10":"shipping-taxable","11":"product-type-simple"},"_links":{"self":[{"href":"https:\/\/farm-baler.com\/pl\/wp-json\/wp\/v2\/product\/502","targetHints":{"allow":["GET"]}}],"collection":[{"href":"https:\/\/farm-baler.com\/pl\/wp-json\/wp\/v2\/product"}],"about":[{"href":"https:\/\/farm-baler.com\/pl\/wp-json\/wp\/v2\/types\/product"}],"wp:featuredmedia":[{"embeddable":true,"href":"https:\/\/farm-baler.com\/pl\/wp-json\/wp\/v2\/media\/503"}],"wp:attachment":[{"href":"https:\/\/farm-baler.com\/pl\/wp-json\/wp\/v2\/media?parent=502"}],"wp:term":[{"taxonomy":"product_brand","embeddable":true,"href":"https:\/\/farm-baler.com\/pl\/wp-json\/wp\/v2\/product_brand?post=502"},{"taxonomy":"product_cat","embeddable":true,"href":"https:\/\/farm-baler.com\/pl\/wp-json\/wp\/v2\/product_cat?post=502"},{"taxonomy":"product_tag","embeddable":true,"href":"https:\/\/farm-baler.com\/pl\/wp-json\/wp\/v2\/product_tag?post=502"}],"curies":[{"name":"wp","href":"https:\/\/api.w.org\/{rel}","templated":true}]}}