{"id":496,"date":"2025-12-17T08:20:54","date_gmt":"2025-12-17T08:20:54","guid":{"rendered":"https:\/\/farm-baler.com\/?post_type=product&#038;p=496"},"modified":"2025-12-18T01:19:06","modified_gmt":"2025-12-18T01:19:06","slug":"rozdrabniacz-paszy-9f-70","status":"publish","type":"product","link":"https:\/\/farm-baler.com\/pl\/produkt\/rozdrabniacz-paszy-9f-70\/","title":{"rendered":"Rozdrabniacz paszy 9F-70"},"content":{"rendered":"<p>Rozdrabniacz paszy 9F-70 to wydajna maszyna rolnicza zaprojektowana do wydajnego przetwarzania r\u00f3\u017cnych rodzaj\u00f3w pasz, w tym kiszonki, siana i materia\u0142\u00f3w ro\u015blinnych. Rozdrabniacz ten jest wysoko ceniony za doskona\u0142\u0105 wydajno\u015b\u0107 w przygotowywaniu paszy dla zwierz\u0105t gospodarskich. Jest idealnym wyborem dla ma\u0142ych i \u015brednich gospodarstw rolnych, znacz\u0105co poprawiaj\u0105c wydajno\u015b\u0107 produkcji paszy i poziom \u017cywienia zwierz\u0105t gospodarskich.<\/p>\n<h2>Specyfikacja techniczna<\/h2>\n<table style=\"border-color: #000000;\">\n<thead>\n<tr>\n<th>Numer seryjny<\/th>\n<th>Przedmiot<\/th>\n<th>Jednostka<\/th>\n<th>Specyfikacja<\/th>\n<\/tr>\n<\/thead>\n<tbody>\n<tr>\n<td>1<\/td>\n<td>Nazwa modelu<\/td>\n<td>\/<\/td>\n<td>Rozdrabniacz pasz typu 9F-70<\/td>\n<\/tr>\n<tr>\n<td>2<\/td>\n<td>Typ struktury<\/td>\n<td>\/<\/td>\n<td>Sta\u0142a operacja<\/td>\n<\/tr>\n<tr>\n<td>3<\/td>\n<td>Tryb jazdy<\/td>\n<td>\/<\/td>\n<td>Sta\u0142a moc<\/td>\n<\/tr>\n<tr>\n<td>4<\/td>\n<td>Typ zasilania<\/td>\n<td>\/<\/td>\n<td>Silnik Diesla<\/td>\n<\/tr>\n<tr>\n<td>5<\/td>\n<td>Moc znamionowa (KM)<\/td>\n<td>kW<\/td>\n<td>191<\/td>\n<\/tr>\n<tr>\n<td>6<\/td>\n<td>Metoda produkcji mieszka\u0144<\/td>\n<td>\/<\/td>\n<td>Typ spawany<\/td>\n<\/tr>\n<tr>\n<td>7<\/td>\n<td>Struktura wirnika<\/td>\n<td>\/<\/td>\n<td>Typ m\u0142otka<\/td>\n<\/tr>\n<tr>\n<td>8<\/td>\n<td>Liczba m\u0142ot\u00f3w<\/td>\n<td>sztuka<\/td>\n<td>64<\/td>\n<\/tr>\n<tr>\n<td>9<\/td>\n<td>\u015arednica tarczy wirnika<\/td>\n<td>mm<\/td>\n<td>450<\/td>\n<\/tr>\n<tr>\n<td>10<\/td>\n<td>\u015arednica robocza wirnika<\/td>\n<td>mm<\/td>\n<td>700<\/td>\n<\/tr>\n<tr>\n<td>11<\/td>\n<td>Liczba m\u0142ot\u00f3w<\/td>\n<td>sztuka<\/td>\n<td>64<\/td>\n<\/tr>\n<tr>\n<td>12<\/td>\n<td>Szeroko\u015b\u0107 komory krusz\u0105cej<\/td>\n<td>mm<\/td>\n<td>1100<\/td>\n<\/tr>\n<tr>\n<td>13<\/td>\n<td>Wymiary ca\u0142kowite (d\u0142. \u00d7 szer. \u00d7 wys.)<\/td>\n<td>mm<\/td>\n<td>7700\u00d72600\u00d72900<\/td>\n<\/tr>\n<tr>\n<td>14<\/td>\n<td>Pr\u0119dko\u015b\u0107 wa\u0142u wyj\u015bciowego mocy<\/td>\n<td>obr.\/min<\/td>\n<td>1800<\/td>\n<\/tr>\n<tr>\n<td>15<\/td>\n<td>Rozstaw osi<\/td>\n<td>mm<\/td>\n<td>2200<\/td>\n<\/tr>\n<tr>\n<td>16<\/td>\n<td>Wydajno\u015b\u0107<\/td>\n<td>tona\/godz.<\/td>\n<td>5-20<\/td>\n<\/tr>\n<tr>\n<td>17<\/td>\n<td>Waga strukturalna<\/td>\n<td>kg<\/td>\n<td>5500<\/td>\n<\/tr>\n<tr>\n<td>18<\/td>\n<td>Metoda karmienia<\/td>\n<td>\/<\/td>\n<td>Cylindryczny system podawania<\/td>\n<\/tr>\n<\/tbody>\n<\/table>\n<h2>Definicja produktu<\/h2>\n<p>Rozdrabniacz paszy 9F-70 to zaawansowane urz\u0105dzenie przeznaczone g\u0142\u00f3wnie do rozdrabniania siana, kiszonki i innych ro\u015blin uprawnych. Zapewnia jednorodn\u0105 pasz\u0119 granulowan\u0105, poprawiaj\u0105c strawno\u015b\u0107 zwierz\u0105t, a tym samym ich og\u00f3ln\u0105 kondycj\u0119 i wydajno\u015b\u0107. Rozdrabniacz ten zosta\u0142 zaprojektowany do przetwarzania du\u017cych ilo\u015bci paszy, zapewniaj\u0105c stabilny i wydajny proces przetwarzania przy minimalnej konserwacji.<\/p>\n<h2>Jakie problemy rozwi\u0105zuje sieczkarnia 9F-70? Do czego s\u0142u\u017cy?<\/h2>\n<p>Rozdrabniacz paszy 9F-70 rozwi\u0105zuje szereg kluczowych problem\u00f3w, z kt\u00f3rymi borykaj\u0105 si\u0119 rolnicy i hodowcy zwierz\u0105t. Zapewnia r\u00f3wnomierne rozdrobnienie sk\u0142adnik\u00f3w paszy, co jest kluczowe dla poprawy jej jako\u015bci. Rozdrabniacz ten mo\u017ce przetwarza\u0107 r\u00f3\u017cnorodne uprawy, w tym kiszonk\u0119 i siano, co czyni go wszechstronnym narz\u0119dziem do wydajnej produkcji pasz. Pomaga r\u00f3wnie\u017c zmniejszy\u0107 straty paszy, zaoszcz\u0119dzi\u0107 czas i poprawi\u0107 og\u00f3ln\u0105 op\u0142acalno\u015b\u0107 dzia\u0142alno\u015bci rolniczej.<\/p>\n<p>Zastosowania rozdrabniacza paszy 9F-70 obejmuj\u0105:<\/p>\n<ul>\n<li>Przetwarzanie kiszonki na pasz\u0119 dla zwierz\u0105t gospodarskich.<\/li>\n<li>Rozdrabnianie siana na drobne cz\u0105steczki w celu lepszego trawienia.<\/li>\n<li>Przetwarzanie p\u0142od\u00f3w rolnych, takich jak kukurydza i pszenica, na pasz\u0119 dla zwierz\u0105t.<\/li>\n<li>Poprawa jako\u015bci paszy dla byd\u0142a mlecznego i mi\u0119snego.<\/li>\n<li>Poprawa strawno\u015bci paszy dla drobiu i trzody chlewnej.<\/li>\n<\/ul>\n<h2>Zalety produktu<\/h2>\n<p>Rozdrabniacz paszy 9F-70 oferuje rolnikom i hodowcom zwierz\u0105t szeroki wachlarz korzy\u015bci. Do jego najwa\u017cniejszych zalet nale\u017c\u0105:<\/p>\n<ul>\n<li><strong>Wysoka wydajno\u015b\u0107:<\/strong> Rozdrabniacz zosta\u0142 zaprojektowany do obs\u0142ugi du\u017cych ilo\u015bci pasz, umo\u017cliwiaj\u0105c szybsze przetwarzanie i wy\u017csz\u0105 wydajno\u015b\u0107. Idealnie nadaje si\u0119 zar\u00f3wno do ma\u0142ych, jak i \u015brednich gospodarstw, zapewniaj\u0105c szybkie i wydajne przetwarzanie pasz.<\/li>\n<li><strong>Wszechstronno\u015b\u0107:<\/strong> Ta maszyna mo\u017ce przetwarza\u0107 r\u00f3\u017cne rodzaje pasz, takie jak kiszonka, siano, a tak\u017ce materia\u0142y uprawne, takie jak kukurydza i pszenica. Jej wszechstronno\u015b\u0107 czyni j\u0105 cennym narz\u0119dziem w r\u00f3\u017cnorodnych gospodarstwach rolnych.<\/li>\n<li><strong>Lepsza jako\u015b\u0107 paszy:<\/strong> Jednorodno\u015b\u0107 rozdrobnienia poprawia strawno\u015b\u0107 paszy, co ostatecznie korzystnie wp\u0142ywa na zdrowie i wzrost zwierz\u0105t gospodarskich. Zapewnia to lepsze od\u017cywianie, co przek\u0142ada si\u0119 na zdrowsze zwierz\u0119ta oraz wy\u017csz\u0105 wydajno\u015b\u0107 mleczn\u0105 i mi\u0119sn\u0105.<\/li>\n<li><strong>Op\u0142acalno\u015b\u0107:<\/strong> Zmniejszaj\u0105c straty paszy i poprawiaj\u0105c jej wydajno\u015b\u0107, sieczkarnia 9F-70 pomaga gospodarstwom oszcz\u0119dza\u0107 na kosztach paszy. Minimalizuje r\u00f3wnie\u017c zapotrzebowanie na dodatkow\u0105 si\u0142\u0119 robocz\u0105, co czyni j\u0105 ekonomicznie op\u0142acaln\u0105 opcj\u0105 dla wielu gospodarstw.<\/li>\n<li><strong>Trwa\u0142o\u015b\u0107 i niezawodno\u015b\u0107:<\/strong> Zbudowana z wytrzyma\u0142ych materia\u0142\u00f3w i wykorzystuj\u0105ca zaawansowan\u0105 technologi\u0119, ta rozdrabniarka paszy zosta\u0142a zaprojektowana z my\u015bl\u0105 o trudnych warunkach rolniczych. Oferuje d\u0142ugotrwa\u0142\u0105 wydajno\u015b\u0107 i wymaga minimalnej konserwacji, gwarantuj\u0105c sta\u0142y zwrot z inwestycji.<\/li>\n<\/ul>\n<h2>Jak dzia\u0142a rozdrabniacz paszy 9F-70?<\/h2>\n<p>Rozdrabniacz paszy 9F-70 dzia\u0142a za pomoc\u0105 mocnego silnika, kt\u00f3ry nap\u0119dza mechanizm rozdrabniaj\u0105cy. Materia\u0142 paszowy jest podawany do komory rozdrabniacza, gdzie jest rozdrabniany przez szereg szybkoobrotowych no\u017cy. No\u017ce te tn\u0105 pasz\u0119 na ma\u0142e, jednolite cz\u0105stki, kt\u00f3re nast\u0119pnie s\u0105 wyrzucane z rozdrabniacza. Stopie\u0144 rozdrobnienia mo\u017cna dostosowa\u0107 do indywidualnych potrzeb zwierz\u0105t gospodarskich, zapewniaj\u0105c optymaln\u0105 jako\u015b\u0107 paszy. Maszyna zosta\u0142a zaprojektowana do wydajnego przetwarzania du\u017cych ilo\u015bci paszy, co czyni j\u0105 idealn\u0105 dla gospodarstw o \u200b\u200bwysokich wymaganiach produkcyjnych.<\/p>\n<h2>G\u0142\u00f3wne scenariusze zastosowa\u0144 dla sieczkarni 9F-70<\/h2>\n<p>Rozdrabniacz paszy 9F-70 nadaje si\u0119 do r\u00f3\u017cnych zastosowa\u0144 rolniczych. Do jego g\u0142\u00f3wnych zastosowa\u0144 nale\u017c\u0105:<\/p>\n<ul>\n<li><strong>Gospodarstwa mleczne:<\/strong> Do przetwarzania kiszonki i siana na pasz\u0119 dla byd\u0142a mlecznego, zwi\u0119kszaj\u0105c produkcj\u0119 mleka i poprawiaj\u0105c og\u00f3lny stan zdrowia kr\u00f3w.<\/li>\n<li><strong>Fermy byd\u0142a mi\u0119snego:<\/strong> Rozdrabnianie kiszonki i materia\u0142\u00f3w ro\u015blinnych dla byd\u0142a mi\u0119snego w celu poprawy wzrostu i efektywno\u015bci \u017cywienia.<\/li>\n<li><strong>Fermy drobiu:<\/strong> Przetwarzanie r\u00f3\u017cnych rodzaj\u00f3w zb\u00f3\u017c i siana dla drobiu, zapewniaj\u0105ce lepsze od\u017cywianie i zwi\u0119kszon\u0105 produkcj\u0119 jaj.<\/li>\n<li><strong>Fermy trzody chlewnej:<\/strong> Przygotowywanie r\u00f3\u017cnorodnych pasz i upraw dla trzody chlewnej, optymalizacja wska\u017anik\u00f3w wykorzystania paszy i tempa wzrostu.<\/li>\n<li><strong>Gospodarstwa rolne ma\u0142ych gospodarstw:<\/strong> Kompaktowa konstrukcja i wydajno\u015b\u0107 sprawiaj\u0105, \u017ce jest to doskona\u0142y wyb\u00f3r dla drobnych rolnik\u00f3w, kt\u00f3rzy potrzebuj\u0105 niezawodnego i niedrogiego rozdrabniacza.<\/li>\n<li><strong>Zak\u0142ady Produkcji Pasz:<\/strong> Zak\u0142ady na du\u017c\u0105 skal\u0119 mog\u0105 u\u017cywa\u0107 rozdrabniacza paszy 9F-70 do przetwarzania du\u017cych ilo\u015bci surowc\u00f3w do produkcji pasz.<\/li>\n<\/ul>\n<h2>Jak wybra\u0107 odpowiedni\u0105 sieczkarni\u0119 9F-70<\/h2>\n<p>Wyb\u00f3r odpowiedniej sieczkarni 9F-70 zale\u017cy od wielu czynnik\u00f3w. Oto kilka punkt\u00f3w, kt\u00f3re warto wzi\u0105\u0107 pod uwag\u0119:<\/p>\n<ul>\n<li><strong>Typ kana\u0142u:<\/strong> Upewnij si\u0119, \u017ce rozdrabniacz nadaje si\u0119 do przetwarzania konkretnych rodzaj\u00f3w paszy, takich jak kiszonka, siano lub zbo\u017ca. Wybierz rozdrabniacz z regulacj\u0105 ustawie\u0144 dla r\u00f3\u017cnych rodzaj\u00f3w pasz.<\/li>\n<li><strong>Wielko\u015b\u0107 gospodarstwa:<\/strong> We\u017a pod uwag\u0119 wielko\u015b\u0107 swojego gospodarstwa i ilo\u015b\u0107 paszy, kt\u00f3r\u0105 musisz przetworzy\u0107. Rozdrabniacz paszy 9F-70 jest odpowiedni dla ma\u0142ych i \u015brednich gospodarstw, ale wi\u0119ksze gospodarstwa mog\u0105 potrzebowa\u0107 bardziej wytrzyma\u0142ego modelu.<\/li>\n<li><strong>Wymagania dotycz\u0105ce zasilania:<\/strong> Sprawd\u017a zapotrzebowanie na energi\u0119 elektryczn\u0105 m\u0142ynka, aby upewni\u0107 si\u0119, \u017ce jest on kompatybilny z zasilaniem Twojej farmy. Model 9F-70 zosta\u0142 zaprojektowany z my\u015bl\u0105 o efektywnym wykorzystaniu energii.<\/li>\n<li><strong>Trwa\u0142o\u015b\u0107:<\/strong> Wybierz model o solidnej konstrukcji, aby mie\u0107 pewno\u015b\u0107, \u017ce wytrzyma trudy codziennego u\u017cytkowania w gospodarstwie. Model 9F-70 s\u0142ynie ze swojej wytrzyma\u0142o\u015bci.<\/li>\n<li><strong>Potrzeby konserwacyjne:<\/strong> Wybierz rozdrabniacz, kt\u00f3ry jest \u0142atwy w konserwacji i naprawie. Rozdrabniacz paszy 9F-70 zosta\u0142 zaprojektowany z my\u015bl\u0105 o niskich wymaganiach konserwacyjnych.<\/li>\n<li><strong>Cena:<\/strong> Cena sieczkarni 9F-70 jest wa\u017cnym czynnikiem, kt\u00f3ry nale\u017cy wzi\u0105\u0107 pod uwag\u0119. Oferuje ona doskona\u0142y stosunek jako\u015bci do ceny, \u0142\u0105cz\u0105c wydajno\u015b\u0107 z przyst\u0119pn\u0105 cen\u0105.<\/li>\n<\/ul>\n<h2>Metody konserwacji rozdrabniacza paszy 9F-70<\/h2>\n<p>Prawid\u0142owa konserwacja jest niezb\u0119dna, aby utrzyma\u0107 sieczkarni\u0119 9F-70 w dobrym stanie technicznym. Oto kilka kluczowych wskaz\u00f3wek dotycz\u0105cych konserwacji:<\/p>\n<ul>\n<li><strong>Regularne sprz\u0105tanie:<\/strong> Po ka\u017cdym u\u017cyciu nale\u017cy wyczy\u015bci\u0107 m\u0142ynek, aby zapobiec gromadzeniu si\u0119 ziaren i zmniejszy\u0107 zu\u017cycie ostrzy.<\/li>\n<li><strong>Konserwacja ostrza:<\/strong> Regularnie sprawdzaj zu\u017cycie ostrzy szlifierskich i w razie konieczno\u015bci wymie\u0144 je, aby zapewni\u0107 wydajn\u0105 prac\u0119 urz\u0105dzenia.<\/li>\n<li><strong>Smarowanie:<\/strong> Smaruj ruchome cz\u0119\u015bci, aby zmniejszy\u0107 tarcie i zapobiec awariom mechanicznym.<\/li>\n<li><strong>Sprawd\u017a, czy nie ma lu\u017anych cz\u0119\u015bci:<\/strong> Okresowo sprawdzaj maszyn\u0119 pod k\u0105tem lu\u017anych \u015brub lub cz\u0119\u015bci i w razie potrzeby je dokr\u0119caj, aby zapewni\u0107 bezpiecze\u0144stwo i wydajno\u015b\u0107.<\/li>\n<li><strong>Kontrola elektryczna:<\/strong> Upewnij si\u0119, \u017ce elementy elektryczne dzia\u0142aj\u0105 prawid\u0142owo, aby unikn\u0105\u0107 problem\u00f3w z zasilaniem.<\/li>\n<\/ul>\n<h2>Opinie klient\u00f3w<\/h2>\n<p>Poni\u017cej znajduj\u0105 si\u0119 opinie klient\u00f3w z r\u00f3\u017cnych kraj\u00f3w, przedstawiaj\u0105ce do\u015bwiadczenia u\u017cytkownik\u00f3w rozdrabniacza paszy 9F-70:<\/p>\n<p>\u201eU\u017cywamy rozdrabniacza paszy 9F-70 w naszej mleczarni od kilku miesi\u0119cy, a rezultaty s\u0105 imponuj\u0105ce. Rozdrabniacz znacznie poprawi\u0142 konsystencj\u0119 kiszonki, a nasze krowy s\u0105 zdrowsze i produkuj\u0105 wi\u0119cej mleka. Jest \u0142atwy w obs\u0142udze i konserwacji, a my jeste\u015bmy bardzo zadowoleni z jego wydajno\u015bci\u201d.<br \/>\n<strong>\u2013 Jan Kowalski, USA<\/strong><\/p>\n<p>\u201eJako rolnik prowadz\u0105cy ma\u0142\u0105 dzia\u0142alno\u015b\u0107 na skal\u0119 przemys\u0142ow\u0105, potrzebowa\u0142em niedrogiej, a jednocze\u015bnie wydajnej rozdrabniarki do siana i kukurydzy. Rozdrabniacz paszy 9F-70 idealnie spe\u0142nia moje potrzeby. Z \u0142atwo\u015bci\u0105 przetwarza siano, a uzyskana pasza jest o wiele lepszej jako\u015bci ni\u017c ta, kt\u00f3rej u\u017cywali\u015bmy wcze\u015bniej. Gor\u0105co polecam go ka\u017cdemu ma\u0142emu gospodarstwu.\u201d<br \/>\n<strong>\u2013 Maria Lopez, Hiszpania<\/strong><\/p>\n<p>\u201eW przesz\u0142o\u015bci korzystali\u015bmy z kilku rozdrabniaczy paszy, ale model 9F-70 wyr\u00f3\u017cnia si\u0119 wytrzyma\u0142o\u015bci\u0105 i moc\u0105. Bez problemu radzi sobie z du\u017cymi partiami kiszonki, oszcz\u0119dzaj\u0105c nam czas i energi\u0119. Jako\u015b\u0107 wykonania jest doskona\u0142a, a konserwacja \u0142atwa\u201d.<br \/>\n<strong>\u2013 Raj Patel, Indie<\/strong><\/p>\n<p>\u201eW naszej fermie drobiu w du\u017cej mierze polegamy na drobno zmielonych ziarnach, a ta maszyna sprawdza si\u0119 doskonale. Jest niezawodna i szybko wykonuje swoj\u0105 prac\u0119. M\u0142ynek jest solidnie wykonany i zapewnia za ka\u017cdym razem powtarzalne rezultaty. Doskona\u0142a inwestycja dla ka\u017cdego drobiarskiego gospodarstwa.\u201d<br \/>\n<strong>\u2013 Sarah Nguyen, Wietnam<\/strong><\/p>\n<p>\u201eU\u017cywamy mielnika paszy 9F-70 na naszej farmie byd\u0142a mi\u0119snego od kilku miesi\u0119cy i to zmieni\u0142o nasze \u017cycie. Mieszalnik szybko i r\u00f3wnomiernie przetwarza kiszonk\u0119, a nasze byd\u0142o \u015bwietnie si\u0119 rozwija. To solidny sprz\u0119t, kt\u00f3ry gor\u0105co polecam innym hodowcom byd\u0142a mi\u0119snego\u201d.<br \/>\n<strong>\u2013 David Kim, Australia<\/strong><\/p>\n<h2>Dlaczego warto wybra\u0107 nasze produkty?<\/h2>\n<p>Nasza sieczkarnia 9F-70 jest nie tylko trwa\u0142a, ale ma r\u00f3wnie\u017c szereg zalet, kt\u00f3re czyni\u0105 j\u0105 idealnym wyborem dla Twojego gospodarstwa:<\/p>\n<ul>\n<li>Oferujemy szybk\u0105 personalizacj\u0119 us\u0142ug, aby spe\u0142ni\u0107 Twoje szczeg\u00f3lne potrzeby.<\/li>\n<li>Nasza obs\u0142uga klienta jest bezkonkurencyjna, dzi\u0119ki czemu mo\u017cesz liczy\u0107 na terminowe wsparcie zawsze, gdy go potrzebujesz.<\/li>\n<li>Rozdrabniacz paszy 9F-70 obj\u0119ty jest 3-letni\u0105 gwarancj\u0105, co zapewnia naszym klientom spok\u00f3j ducha.<\/li>\n<li>Oferujemy szybk\u0105 wysy\u0142k\u0119 na ca\u0142y \u015bwiat, dzi\u0119ki czemu masz pewno\u015b\u0107, \u017ce otrzymasz sw\u00f3j produkt na czas, gdziekolwiek jeste\u015b.<\/li>\n<li>Oferujemy kompleksowy serwis posprzeda\u017cowy i oferujemy wsparcie techniczne na d\u0142ugo po dokonaniu zakupu.<\/li>\n<\/ul>\n<p>Jeste\u015bmy dumni z naszych zaawansowanych mo\u017cliwo\u015bci produkcyjnych i najwy\u017cszej jako\u015bci produkt\u00f3w. Nasze niezwykle konkurencyjne ceny i doskona\u0142a obs\u0142uga gwarantuj\u0105 naszym klientom najlepszy zwrot z inwestycji. Opr\u00f3cz sieczkarni 9F-70 oferujemy r\u00f3wnie\u017c szerok\u0105 gam\u0119 akcesori\u00f3w i sprz\u0119tu, kt\u00f3re zaspokoj\u0105 Pa\u0144stwa potrzeby w zakresie produkcji rolnej. Skontaktuj si\u0119 z nami ju\u017c dzi\u015b, aby dowiedzie\u0107 si\u0119 wi\u0119cej o naszych produktach i zrobi\u0107 pierwszy krok w kierunku optymalizacji dzia\u0142alno\u015bci swojego gospodarstwa.<\/p>\n<h2>Cz\u0119sto zadawane pytania<\/h2>\n<ol>\n<li><strong>Co to jest <a href=\"https:\/\/farm-baler.com\/pl\/produkt\/ulepszona-kosiarka-9gd-2-5-z-pojedynczym-ostrzem\/\">najlepsza rozdrabniarka paszy dla ma\u0142ych gospodarstw<\/a>?<\/strong><br \/>\nWyb\u00f3r najlepszej rozdrabniacza paszy dla ma\u0142ych gospodarstw zale\u017cy od takich czynnik\u00f3w, jak rodzaj przetwarzanej paszy, wielko\u015b\u0107 gospodarstwa i bud\u017cet. Rozdrabniacz paszy 9F-70 to doskona\u0142y wyb\u00f3r dla ma\u0142ych gospodarstw ze wzgl\u0119du na kompaktowe rozmiary i wydajno\u015b\u0107.<\/li>\n<li><strong>W jaki spos\u00f3b rozdrabniacz paszy poprawia jako\u015b\u0107 paszy dla zwierz\u0105t gospodarskich?<\/strong><br \/>\nZapewniaj\u0105c r\u00f3wnomierne rozdrobnienie, rozdrabniacz paszy poprawia jej strawno\u015b\u0107. Przek\u0142ada si\u0119 to na lepsze od\u017cywianie zwierz\u0105t gospodarskich, poprawiaj\u0105c ich og\u00f3lny stan zdrowia i wydajno\u015b\u0107.<\/li>\n<li><strong>Jakie s\u0105 zalety stosowania rozdrabniacza kiszonki?<\/strong><br \/>\nRozdrabniacz kiszonki zapewnia wydajne przetwarzanie kiszonki, poprawiaj\u0105c jako\u015b\u0107 paszy, redukuj\u0105c straty i zwi\u0119kszaj\u0105c jej strawno\u015b\u0107. Jest niezb\u0119dny do zapewnienia optymalnego zdrowia zwierz\u0105t gospodarskich i efektywno\u015bci wykorzystania paszy.<\/li>\n<li><strong>Czy 9F-70 mo\u017ce przetworzy\u0107 siano?<\/strong><br \/>\nTak, model 9F-70 jest przeznaczony do przetwarzania siana i produkcji drobnych, jednolitych cz\u0105steczek, kt\u00f3re s\u0105 \u0142atwiejsze do strawienia dla zwierz\u0105t gospodarskich.<\/li>\n<li><strong>Jakie opcje zasilania s\u0105 dost\u0119pne dla modelu 9F-70?<\/strong><br \/>\nModel 9F-70 jest dost\u0119pny w r\u00f3\u017cnych konfiguracjach mocy, aby sprosta\u0107 zr\u00f3\u017cnicowanym potrzebom gospodarstw rolnych. Zosta\u0142 zaprojektowany z my\u015bl\u0105 o efektywnym wykorzystaniu energii elektrycznej, co czyni go op\u0142acalnym.<\/li>\n<li><strong>Czy 9F-70 jest \u0142atwy w utrzymaniu?<\/strong><br \/>\nTak, sieczkarnia 9F-70 zosta\u0142a zaprojektowana z my\u015bl\u0105 o \u0142atwej konserwacji. Regularne czyszczenie, smarowanie i kontrola ostrzy zapewni\u0105 jej bezproblemow\u0105 prac\u0119 przez lata.<\/li>\n<li><strong>Jak wybra\u0107 <a href=\"http:\/\/silage-balers.com\" target=\"_blank\" rel=\"noopener\">rozdrabniacz paszy do przetwarzania kiszonki<\/a>?<\/strong><br \/>\nWybieraj\u0105c rozdrabniacz paszy do przetwarzania kiszonki, nale\u017cy wzi\u0105\u0107 pod uwag\u0119 takie czynniki, jak moc, wydajno\u015b\u0107 podawania i konsystencja rozdrobnienia. Rozdrabniacz paszy 9F-70 to niezawodne rozwi\u0105zanie do rozdrabniania kiszonki.<\/li>\n<li><strong>Jakie materia\u0142y mo\u017cna przetwarza\u0107 w urz\u0105dzeniu 9F-70?<\/strong><br \/>\nModel 9F-70 mo\u017ce przetwarza\u0107 kiszonk\u0119, siano, kukurydz\u0119, pszenic\u0119 i inne materia\u0142y uprawne. To wszechstronna maszyna, odpowiednia do r\u00f3\u017cnorodnych potrzeb w zakresie przetwarzania pasz.<\/li>\n<li><strong>Jakie s\u0105 warunki gwarancji dla 9F-70?<\/strong><br \/>\nRozdrabniacz paszy 9F-70 obj\u0119ty jest 3-letni\u0105 gwarancj\u0105, co zapewnia naszym klientom d\u0142ugoterminow\u0105 niezawodno\u015b\u0107 i wsparcie.<\/li>\n<li><strong>Czy model 9F-70 nadaje si\u0119 do du\u017cych gospodarstw?<\/strong><br \/>\nChocia\u017c model 9F-70 idealnie nadaje si\u0119 do ma\u0142ych i \u015brednich gospodarstw, w przypadku wi\u0119kszych operacji mo\u017ce by\u0107 konieczny bardziej wytrzyma\u0142y model, w zale\u017cno\u015bci od ich konkretnych potrzeb w zakresie przetwarzania.<\/li>\n<li><strong>Ile czasu zajmuje przetworzenie paszy za pomoc\u0105 urz\u0105dzenia 9F-70?<\/strong><br \/>\nCzas potrzebny do przetworzenia paszy zale\u017cy od rodzaju i obj\u0119to\u015bci materia\u0142u. Jednak model 9F-70 zosta\u0142 zaprojektowany z my\u015bl\u0105 o wysokiej wydajno\u015bci, zapewniaj\u0105c szybki czas przetwarzania.<\/li>\n<li><strong>Czy urz\u0105dzenia 9F-70 mo\u017cna u\u017cywa\u0107 do mielenia ziaren?<\/strong><br \/>\nTak, maszyna 9F-70 mo\u017ce przetwarza\u0107 zbo\u017ca takie jak kukurydza i pszenica, co czyni j\u0105 wszechstronn\u0105 w zakresie przetwarzania r\u00f3\u017cnych rodzaj\u00f3w pasz dla zwierz\u0105t gospodarskich.<\/li>\n<li><strong>Jaka jest maksymalna pojemno\u015b\u0107 podajnika 9F-70?<\/strong><br \/>\nModel 9F-70 mo\u017ce obs\u0142u\u017cy\u0107 znaczn\u0105 ilo\u015b\u0107 materia\u0142u paszowego, dzi\u0119ki czemu idealnie nadaje si\u0119 zar\u00f3wno do ma\u0142ych, jak i \u015brednich gospodarstw.<\/li>\n<li><strong>Jakiego rodzaju konserwacji wymaga model 9F-70?<\/strong><br \/>\nRegularne czyszczenie, smarowanie ruchomych cz\u0119\u015bci i okresowe kontrole ostrzy s\u0105 niezb\u0119dne do utrzymania rozdrabniacza pasz 9F-70 w dobrym stanie technicznym.<\/li>\n<li><strong>Czy model 9F-70 jest sprzedawany z akcesoriami?<\/strong><br \/>\nTak, oferujemy r\u00f3\u017cnorodne akcesoria i cz\u0119\u015bci zamienne, kt\u00f3re zwi\u0119kszaj\u0105 wydajno\u015b\u0107 i \u017cywotno\u015b\u0107 modelu 9F-70.<\/li>\n<\/ol>\n<p>Edytuj przez gzl<\/p>","protected":false},"excerpt":{"rendered":"<p>Poznaj wydajn\u0105 sieczkarni\u0119 9F-70, zaprojektowan\u0105 z my\u015bl\u0105 o wydajnym i wydajnym mieleniu. Idealna dla rolnik\u00f3w i agrobiznes\u00f3w, kt\u00f3rzy chc\u0105 poprawi\u0107 jako\u015b\u0107 i wydajno\u015b\u0107 paszy. Dzi\u0119ki trwa\u0142ej konstrukcji i \u0142atwo\u015bci obs\u0142ugi, ta maszyna zrewolucjonizuje Twoj\u0105 produkcj\u0119. Zmodernizuj sw\u00f3j sprz\u0119t ju\u017c dzi\u015b i zwi\u0119ksz wydajno\u015b\u0107 swojego gospodarstwa. Zam\u00f3w ju\u017c teraz!<\/p>","protected":false},"featured_media":497,"template":"","meta":{"_et_pb_use_builder":"","_et_pb_old_content":"","_et_gb_content_width":""},"product_brand":[],"product_cat":[27],"product_tag":[],"class_list":{"0":"post-496","1":"product","2":"type-product","3":"status-publish","4":"has-post-thumbnail","6":"product_cat-other-series-products","8":"first","9":"instock","10":"shipping-taxable","11":"product-type-simple"},"_links":{"self":[{"href":"https:\/\/farm-baler.com\/pl\/wp-json\/wp\/v2\/product\/496","targetHints":{"allow":["GET"]}}],"collection":[{"href":"https:\/\/farm-baler.com\/pl\/wp-json\/wp\/v2\/product"}],"about":[{"href":"https:\/\/farm-baler.com\/pl\/wp-json\/wp\/v2\/types\/product"}],"wp:featuredmedia":[{"embeddable":true,"href":"https:\/\/farm-baler.com\/pl\/wp-json\/wp\/v2\/media\/497"}],"wp:attachment":[{"href":"https:\/\/farm-baler.com\/pl\/wp-json\/wp\/v2\/media?parent=496"}],"wp:term":[{"taxonomy":"product_brand","embeddable":true,"href":"https:\/\/farm-baler.com\/pl\/wp-json\/wp\/v2\/product_brand?post=496"},{"taxonomy":"product_cat","embeddable":true,"href":"https:\/\/farm-baler.com\/pl\/wp-json\/wp\/v2\/product_cat?post=496"},{"taxonomy":"product_tag","embeddable":true,"href":"https:\/\/farm-baler.com\/pl\/wp-json\/wp\/v2\/product_tag?post=496"}],"curies":[{"name":"wp","href":"https:\/\/api.w.org\/{rel}","templated":true}]}}