{"id":439,"date":"2025-12-02T09:15:51","date_gmt":"2025-12-02T09:15:51","guid":{"rendered":"https:\/\/farm-baler.com\/?post_type=product&#038;p=439"},"modified":"2025-12-18T02:41:39","modified_gmt":"2025-12-18T02:41:39","slug":"9lz-6-0-palcow-grabie-kola","status":"publish","type":"product","link":"https:\/\/farm-baler.com\/pl\/produkt\/9lz-6-0-palcow-grabie-kola\/","title":{"rendered":"9LZ-6.0 Zgrabiarka z ko\u0142em palcowym"},"content":{"rendered":"<p>Zgrabiarka ko\u0142owa 9LZ-6.0 to zaawansowana maszyna rolnicza zaprojektowana do wydajnego zbioru i przetwarzania siana, s\u0142omy i innych upraw w sezonie \u017cniwnym. Jest to niezb\u0119dne narz\u0119dzie do efektywnego formowania pokos\u00f3w, co czyni j\u0105 niezb\u0119dnym elementem nowoczesnego rolnictwa. Dzi\u0119ki solidnej konstrukcji i wszechstronnej funkcjonalno\u015bci, zgrabiarka ko\u0142owa 9LZ-6.0 pomaga rolnikom oszcz\u0119dza\u0107 czas i wysi\u0142ek w codziennej pracy.<\/p>\n<h2>Dane techniczne<\/h2>\n<table style=\"border-color: #000000;\">\n<thead>\n<tr>\n<th>NIE.<\/th>\n<th>Przedmiot<\/th>\n<th>Jednostka<\/th>\n<th>Specyfikacja<\/th>\n<\/tr>\n<\/thead>\n<tbody>\n<tr>\n<td>1<\/td>\n<td>Nazwa modelu<\/td>\n<td>\/<\/td>\n<td>9LH-12 Ci\u0105gniony boczny grabie<\/td>\n<\/tr>\n<tr>\n<td>2<\/td>\n<td>Typ struktury<\/td>\n<td>\/<\/td>\n<td>Typ boczny holowany maszynowo<\/td>\n<\/tr>\n<tr>\n<td>3<\/td>\n<td>Metoda zaczepiania<\/td>\n<td>\/<\/td>\n<td>Typ trakcji<\/td>\n<\/tr>\n<tr>\n<td>4<\/td>\n<td>Dopasowana moc<\/td>\n<td>kW<\/td>\n<td>25-44<\/td>\n<\/tr>\n<tr>\n<td>5<\/td>\n<td>Szeroko\u015b\u0107 grabienia<\/td>\n<td>M<\/td>\n<td>12<\/td>\n<\/tr>\n<tr>\n<td>6<\/td>\n<td>Pr\u0119dko\u015b\u0107 robocza<\/td>\n<td>km\/h<\/td>\n<td>5~10<\/td>\n<\/tr>\n<tr>\n<td>7<\/td>\n<td>Wydajno\u015b\u0107<\/td>\n<td>hm\u00b2\/h<\/td>\n<td>6~12<\/td>\n<\/tr>\n<tr>\n<td>8<\/td>\n<td>Liczba z\u0119b\u00f3w grabi\u0105cych<\/td>\n<td>szt.<\/td>\n<td>168<\/td>\n<\/tr>\n<tr>\n<td>9<\/td>\n<td>Liczba operator\u00f3w<\/td>\n<td>osoba<\/td>\n<td>1<\/td>\n<\/tr>\n<tr>\n<td>10<\/td>\n<td>Masa konstrukcyjna<\/td>\n<td>kg<\/td>\n<td>1510<\/td>\n<\/tr>\n<tr>\n<td>11<\/td>\n<td>Wsp\u00f3\u0142czynnik strat grabienia<\/td>\n<td>\u2264<\/td>\n<td>3%<\/td>\n<\/tr>\n<tr>\n<td>12<\/td>\n<td>Wymiary ca\u0142kowite (d\u0142. \u00d7 szer. \u00d7 wys.)<\/td>\n<td>mm<\/td>\n<td>5500\u00d712000\u00d71350 (stan roboczy); 9400\u00d73400\u00d71750 (stan transportowy)<\/td>\n<\/tr>\n<\/tbody>\n<\/table>\n<h2>Definicja produktu<\/h2>\n<p>Zgrabiarka palczasta 9LZ-6.0 to wysoce wydajne narz\u0119dzie rolnicze s\u0142u\u017c\u0105ce do zbierania i uk\u0142adania plon\u00f3w, takich jak siano i s\u0142oma, w r\u00f3wne pokosy. Posiada wiele k\u00f3\u0142 palczastych, kt\u00f3re zapewniaj\u0105 precyzyjne i r\u00f3wnomierne roz\u0142o\u017cenie plonu. Ta zgrabiarka jest idealna dla rolnik\u00f3w, kt\u00f3rzy chc\u0105 zwi\u0119kszy\u0107 wydajno\u015b\u0107 zbioru i przetwarzania plon\u00f3w.<\/p>\n<h2>Jakie problemy rozwi\u0105zuje grabie palcowe 9LZ-6.0?<\/h2>\n<p>Zgrabiarka ko\u0142owa 9LZ-6.0 zosta\u0142a zaprojektowana, aby sprosta\u0107 kilku powszechnym wyzwaniom wyst\u0119puj\u0105cym podczas zbior\u00f3w. Rozwi\u0105zuje ona takie problemy, jak nier\u00f3wnomierne formowanie pokos\u00f3w, d\u0142ugi czas obr\u00f3bki oraz trudno\u015bci w obs\u0142udze delikatnych upraw, takich jak siano i s\u0142oma. Zapewniaj\u0105c r\u00f3wnomierne roz\u0142o\u017cenie i szybsze formowanie pokos\u00f3w, zgrabiarka 9LZ-6.0 poprawia og\u00f3ln\u0105 wydajno\u015b\u0107 procesu zbior\u00f3w.<\/p>\n<h2>Zalety produktu<\/h2>\n<ul>\n<li><strong>Zwi\u0119kszona wydajno\u015b\u0107:<\/strong> Zgrabiarki ko\u0142owe 9LZ-6.0 znacznie skracaj\u0105 czas potrzebny na zebranie i u\u0142o\u017cenie plon\u00f3w w pokosy, dzi\u0119ki czemu rolnicy mog\u0105 wykonywa\u0107 swoje prace szybciej i wydajniej.<\/li>\n<li><strong>Trwa\u0142o\u015b\u0107:<\/strong> Wykonany z wysokiej jako\u015bci materia\u0142\u00f3w i przy wykorzystaniu zaawansowanych technik produkcyjnych model 9LZ-6.0 zaprojektowano tak, aby wytrzymywa\u0142 trudy ci\u0119\u017ckich prac rolniczych, gwarantuj\u0105c d\u0142ugotrwa\u0142\u0105 wydajno\u015b\u0107 nawet w trudnych warunkach.<\/li>\n<li><strong>Regulowane funkcje:<\/strong> Ko\u0142a zgarniacza s\u0105 regulowane, co pozwala u\u017cytkownikom dostosowa\u0107 dzia\u0142anie zgarniacza do specyficznych potrzeb upraw. Ta elastyczno\u015b\u0107 sprawia, \u017ce \u200b\u200bzgarniacz nadaje si\u0119 do szerokiego zakresu prac rolniczych.<\/li>\n<li><strong>Lepsza jako\u015b\u0107 plon\u00f3w:<\/strong> Dzi\u0119ki wydajnej obs\u0142udze delikatnych plon\u00f3w, takich jak siano i s\u0142oma, maszyna 9LZ-6.0 minimalizuje uszkodzenia plon\u00f3w, gwarantuj\u0105c wysok\u0105 jako\u015b\u0107 ko\u0144cowego produktu i gotowo\u015b\u0107 do dalszego przetwarzania lub przechowywania.<\/li>\n<li><strong>\u0141atwo\u015b\u0107 u\u017cytkowania:<\/strong> Zgrabiarki ko\u0142owe 9LZ-6.0 zaprojektowano z my\u015bl\u0105 o \u0142atwym w obs\u0142udze sterowaniu, dzi\u0119ki kt\u00f3remu operatorzy mog\u0105 z \u0142atwo\u015bci\u0105 regulowa\u0107 ustawienia i zachowa\u0107 kontrol\u0119 nad sprz\u0119tem w trakcie pracy.<\/li>\n<\/ul>\n<h2>Jak dzia\u0142a grabie palcowe 9LZ-6.0?<\/h2>\n<p>Zgrabiarka 9LZ-6.0 z ko\u0142ami palczastymi dzia\u0142a za pomoc\u0105 szeregu obracaj\u0105cych si\u0119 k\u00f3\u0142 palczastych, kt\u00f3re zbieraj\u0105 plony i uk\u0142adaj\u0105 je w r\u00f3wne pokosy. Podczas przejazdu zgrabiarki po polu, ko\u0142a palczaste obracaj\u0105 si\u0119 i delikatnie zbieraj\u0105 plony, zapobiegaj\u0105c ich uszkodzeniom i zapewniaj\u0105c r\u00f3wnomierne roz\u0142o\u017cenie. Konstrukcja zgrabiarki umo\u017cliwia \u0142atw\u0105 regulacj\u0119 wysoko\u015bci i szeroko\u015bci k\u00f3\u0142, co zapewnia wi\u0119ksz\u0105 kontrol\u0119 nad procesem i pozwala na dostosowanie do zmiennych warunk\u00f3w polowych.<\/p>\n<h3 style=\"text-align: center;\" data-start=\"3242\" data-end=\"3292\"><img loading=\"lazy\" decoding=\"async\" class=\"alignnone wp-image-442\" src=\"https:\/\/farm-baler.com\/wp-content\/uploads\/2025\/12\/ep-9LZ-6.0-Finger-Wheel-Rake-3-1.webp\" alt=\"Zgrabiarki palcowe\" width=\"417\" height=\"417\" srcset=\"https:\/\/farm-baler.com\/wp-content\/uploads\/2025\/12\/ep-9LZ-6.0-Finger-Wheel-Rake-3-1.webp 262w, https:\/\/farm-baler.com\/wp-content\/uploads\/2025\/12\/ep-9LZ-6.0-Finger-Wheel-Rake-3-1-150x150.webp 150w, https:\/\/farm-baler.com\/wp-content\/uploads\/2025\/12\/ep-9LZ-6.0-Finger-Wheel-Rake-3-1-12x12.webp 12w, https:\/\/farm-baler.com\/wp-content\/uploads\/2025\/12\/ep-9LZ-6.0-Finger-Wheel-Rake-3-1-100x100.webp 100w\" sizes=\"(max-width: 417px) 100vw, 417px\" \/><\/h3>\n<h2>G\u0142\u00f3wne zastosowania grabi palcowych 9LZ-6.0<\/h2>\n<p>Zgrabiarka palczasta 9LZ-6.0 jest stosowana w r\u00f3\u017cnych zastosowaniach rolniczych i mo\u017ce by\u0107 wykorzystywana do r\u00f3\u017cnych zada\u0144:<\/p>\n<ul>\n<li><strong>Zbi\u00f3r siana i s\u0142omy:<\/strong> Doskonale nadaje si\u0119 do zbierania siana i s\u0142omy po koszeniu, pomagaj\u0105c rolnikom tworzy\u0107 schludne i \u0142atwe w utrzymaniu pokosy.<\/li>\n<li><strong>Proces suszenia:<\/strong> Grabie umo\u017cliwiaj\u0105 r\u00f3wnomierne roz\u0142o\u017cenie plonu, co pozwala na lepsze jego wysuszenie, a tym samym poprawia og\u00f3ln\u0105 jako\u015b\u0107 zebranego materia\u0142u.<\/li>\n<li><strong>Formowanie pryzm:<\/strong> Grabie skutecznie formuj\u0105 pokosy, dzi\u0119ki czemu rolnicy \u0142atwiej zbieraj\u0105 plony i transportuj\u0105 je.<\/li>\n<li><strong>Post\u0119powanie z uprawami na du\u017cych polach:<\/strong> Model 9LZ-6.0 doskonale nadaje si\u0119 do operacji na du\u017c\u0105 skal\u0119, gdzie priorytetem jest wysoka wydajno\u015b\u0107 i szeroki zasi\u0119g.<\/li>\n<li><strong>Adaptacja do r\u00f3\u017cnych upraw:<\/strong> Niezale\u017cnie od tego, czy zbierasz lucern\u0119, koniczyn\u0119 czy inne uprawy, regulowane ustawienia grabi sprawiaj\u0105, \u017ce s\u0105 one na tyle uniwersalne, \u017ce nadaj\u0105 si\u0119 do r\u00f3\u017cnych prac rolniczych.<\/li>\n<li><strong>Zarz\u0105dzanie gleb\u0105:<\/strong> Dzi\u0119ki u\u017cyciu grabi do sprz\u0105tania po zbiorach rolnicy mog\u0105 skuteczniej gospodarowa\u0107 resztkami po\u017cniwnymi, co prze\u0142o\u017cy si\u0119 na lepsz\u0105 kondycj\u0119 gleby w przysz\u0142ych sezonach zasiew\u00f3w.<\/li>\n<\/ul>\n<h2>Jak wybra\u0107 odpowiedni\u0105 grabie palcow\u0105 9LZ-6.0<\/h2>\n<p>Wybieraj\u0105c odpowiedni\u0105 grabie palcow\u0105 9LZ-6.0, nale\u017cy wzi\u0105\u0107 pod uwag\u0119 kilka czynnik\u00f3w, aby mie\u0107 pewno\u015b\u0107, \u017ce spe\u0142ni ona Twoje konkretne potrzeby:<\/p>\n<ul>\n<li><strong>Rozmiar pola:<\/strong> Wybierz grabie odpowiednie do wielko\u015bci Twoich p\u00f3l. Wi\u0119ksze pola wymagaj\u0105 wi\u0119kszej szeroko\u015bci roboczej, aby zmaksymalizowa\u0107 wydajno\u015b\u0107.<\/li>\n<li><strong>Rodzaj uprawy:<\/strong> We\u017a pod uwag\u0119 rodzaj upraw, z kt\u00f3rymi pracujesz. Niekt\u00f3re uprawy mog\u0105 wymaga\u0107 bardziej precyzyjnej regulacji, aby zapobiec ich uszkodzeniu.<\/li>\n<li><strong>Mo\u017cliwo\u015b\u0107 regulacji:<\/strong> Poszukaj modelu, kt\u00f3ry umo\u017cliwia regulacj\u0119 wysoko\u015bci i szeroko\u015bci k\u00f3\u0142 w zale\u017cno\u015bci od warunk\u00f3w polowych i rodzaj\u00f3w upraw.<\/li>\n<li><strong>Trwa\u0142o\u015b\u0107:<\/strong> Upewnij si\u0119, \u017ce grabie s\u0105 wykonane z trwa\u0142ych materia\u0142\u00f3w, kt\u00f3re wytrzymaj\u0105 trudy ci\u0119\u017ckich prac rolniczych.<\/li>\n<li><strong>\u0141atwo\u015b\u0107 konserwacji:<\/strong> Wybierz model, kt\u00f3ry jest \u0142atwy w konserwacji i naprawie, minimalizuj\u0105c przestoje w okresach wzmo\u017conych zbior\u00f3w.<\/li>\n<li><strong>Cena a funkcje:<\/strong> Por\u00f3wnaj cechy grabi z ich cen\u0105, aby znale\u017a\u0107 r\u00f3wnowag\u0119 mi\u0119dzy przyst\u0119pn\u0105 cen\u0105 a funkcjonalno\u015bci\u0105.<\/li>\n<\/ul>\n<h2>Wskaz\u00f3wki dotycz\u0105ce konserwacji zgrabiarki palcowej 9LZ-6.0<\/h2>\n<p>Prawid\u0142owa konserwacja jest kluczem do zapewnienia d\u0142ugowieczno\u015bci i optymalnej wydajno\u015bci grabi palcowych 9LZ-6.0:<\/p>\n<ul>\n<li><strong>Regularne sprz\u0105tanie:<\/strong> Po ka\u017cdym u\u017cyciu dok\u0142adnie wyczy\u015b\u0107 grabie, aby usun\u0105\u0107 brud, zanieczyszczenia i resztki ro\u015blin. Pomaga to utrzyma\u0107 ich wydajno\u015b\u0107 i zapobiega zatykaniu.<\/li>\n<li><strong>Smarowanie:<\/strong> Regularnie smaruj ruchome cz\u0119\u015bci, w tym ko\u0142a z\u0119bate i \u0142o\u017cyska, aby zapobiega\u0107 zu\u017cyciu i zapewni\u0107 p\u0142ynn\u0105 prac\u0119.<\/li>\n<li><strong>Sprawd\u017a, czy nie ma \u015blad\u00f3w zu\u017cycia:<\/strong> Sprawd\u017a, czy grabie nie maj\u0105 \u015blad\u00f3w zu\u017cycia lub uszkodze\u0144, zw\u0142aszcza na ko\u0142ach z\u0119batych, i niezw\u0142ocznie wymie\u0144 zu\u017cyte cz\u0119\u015bci.<\/li>\n<li><strong>Sprawd\u017a ci\u015bnienie w oponach:<\/strong> Upewnij si\u0119, \u017ce opony s\u0105 odpowiednio napompowane, aby unikn\u0105\u0107 niepotrzebnego obci\u0105\u017cenia grabi i zachowa\u0107 ich optymaln\u0105 funkcjonalno\u015b\u0107.<\/li>\n<li><strong>Dostosuj ustawienia:<\/strong> Aby zoptymalizowa\u0107 wydajno\u015b\u0107, nale\u017cy regularnie regulowa\u0107 wysoko\u015b\u0107 i szeroko\u015b\u0107 k\u00f3\u0142, dostosowuj\u0105c je do warunk\u00f3w na polu.<\/li>\n<\/ul>\n<p style=\"text-align: center;\"><img loading=\"lazy\" decoding=\"async\" class=\"alignnone wp-image-441\" src=\"https:\/\/farm-baler.com\/wp-content\/uploads\/2025\/12\/ep-9LZ-6.0-Finger-Wheel-Rake-2-1.webp\" alt=\"Zgrabiarki palcowe\" width=\"448\" height=\"448\" srcset=\"https:\/\/farm-baler.com\/wp-content\/uploads\/2025\/12\/ep-9LZ-6.0-Finger-Wheel-Rake-2-1.webp 268w, https:\/\/farm-baler.com\/wp-content\/uploads\/2025\/12\/ep-9LZ-6.0-Finger-Wheel-Rake-2-1-150x150.webp 150w, https:\/\/farm-baler.com\/wp-content\/uploads\/2025\/12\/ep-9LZ-6.0-Finger-Wheel-Rake-2-1-12x12.webp 12w, https:\/\/farm-baler.com\/wp-content\/uploads\/2025\/12\/ep-9LZ-6.0-Finger-Wheel-Rake-2-1-100x100.webp 100w\" sizes=\"(max-width: 448px) 100vw, 448px\" \/><\/p>\n<h2>Opinie klient\u00f3w<\/h2>\n<p>Poni\u017cej znajduj\u0105 si\u0119 opinie klient\u00f3w z r\u00f3\u017cnych kraj\u00f3w, w kt\u00f3rych grabie palcowe 9LZ-6.0 zyska\u0142y uznanie za swoj\u0105 wydajno\u015b\u0107:<\/p>\n<p>\u201eTa zgrabiarka odmieni\u0142a m\u00f3j proces zbioru siana. Regulowane ko\u0142a u\u0142atwiaj\u0105 dostosowanie do r\u00f3\u017cnych warunk\u00f3w polowych i znacznie skracaj\u0105 czas zbierania plon\u00f3w. Jest wytrzyma\u0142a i niezawodna, nawet w trudnych warunkach pogodowych.\u201d \u2013 <strong>John Smith, Stany Zjednoczone<\/strong><\/p>\n<p>\u201eU\u017cywamy 9LZ-6.0 od ponad roku i pomog\u0142o nam to zwi\u0119kszy\u0107 wydajno\u015b\u0107 o co najmniej 30%. Zgrabiarka delikatnie obchodzi si\u0119 z plonami, a r\u00f3wnomierne formowanie pokos\u00f3w u\u0142atwia suszenie s\u0142omy. Gor\u0105co polecamy j\u0105 ka\u017cdemu gospodarstwu rolnemu na du\u017c\u0105 skal\u0119.\u201d \u2013 <strong>Maria Gonzalez, Hiszpania<\/strong><\/p>\n<p>\u201eTa grabie to prawdziwy prze\u0142om w naszym gospodarstwie. Jest prosta w obs\u0142udze i zapewnia doskona\u0142\u0105 wydajno\u015b\u0107 przez ca\u0142y sezon zbior\u00f3w. Jako\u015b\u0107 wykonania jest wyj\u0105tkowa i doskonale sprawdza si\u0119 nawet w przypadku delikatnych upraw, takich jak koniczyna.\u201d \u2013 <strong>Andreas M\u00fcller, Niemcy<\/strong><\/p>\n<p>\u201eOd jakiego\u015b czasu szukali\u015bmy wysokiej jako\u015bci zgrabiarki do naszego gospodarstwa, a model 9LZ-6.0 przer\u00f3s\u0142 nasze oczekiwania. Jest wydajny, trwa\u0142y i \u0142atwy w utrzymaniu. Obs\u0142uga klienta by\u0142a r\u00f3wnie\u017c na najwy\u017cszym poziomie, gdy zadali\u015bmy pytanie dotycz\u0105ce instalacji.\u201d \u2013 <strong>Patricia Lee, Kanada<\/strong><\/p>\n<p>\u201e9LZ-6.0 znacznie u\u0142atwi\u0142 mi prac\u0119 w gospodarstwie. Zauwa\u017cy\u0142em znaczne skr\u00f3cenie czasu potrzebnego na zebranie siana, a maszyna radzi sobie z tym zadaniem bez trudu. Wart ka\u017cdej wydanej z\u0142ot\u00f3wki!\u201d \u2013 <strong>David Johnson, Australia<\/strong><\/p>\n<h2>Dlaczego warto wybra\u0107 nasz produkt?<\/h2>\n<p>Nasza grabie palcowe 9LZ-6.0 oferuj\u0105 szereg korzy\u015bci, w tym:<\/p>\n<ul>\n<li><strong>Szybka personalizacja:<\/strong> Oferujemy szybk\u0105 personalizacj\u0119 us\u0142ug, aby sprosta\u0107 Twoim wyj\u0105tkowym potrzebom rolniczym.<\/li>\n<li><strong>Doskona\u0142a obs\u0142uga klienta:<\/strong> Nasz zesp\u00f3\u0142 wsparcia jest do Twojej dyspozycji i ch\u0119tnie odpowie na wszelkie pytania lub rozwi\u0105\u017ce problemy, zapewniaj\u0105c Ci bezproblemow\u0105 obs\u0142ug\u0119.<\/li>\n<li><strong>3-letnia gwarancja:<\/strong> Gwarantujemy jako\u015b\u0107 naszych produkt\u00f3w, dlatego oferujemy kompleksow\u0105 3-letni\u0105 gwarancj\u0119, aby zapewni\u0107 Ci spok\u00f3j ducha.<\/li>\n<li><strong>Wysy\u0142ka mi\u0119dzynarodowa:<\/strong> Wysy\u0142amy nasze produkty na ca\u0142y \u015bwiat, dzi\u0119ki czemu mo\u017cesz mie\u0107 pewno\u015b\u0107, \u017ce otrzymasz sw\u00f3j grabek szybko i sprawnie.<\/li>\n<li><strong>Pe\u0142ne wsparcie posprzeda\u017cowe:<\/strong> Zapewniamy szeroki zakres us\u0142ug posprzeda\u017cowych, aby mie\u0107 pewno\u015b\u0107, \u017ce Twoje grabie b\u0119d\u0105 dzia\u0142a\u0107 optymalnie przez ca\u0142y okres ich u\u017cytkowania.<\/li>\n<\/ul>\n<h2>Poznaj nasz\u0105 lini\u0119 produkt\u00f3w<\/h2>\n<p>Opr\u00f3cz 9LZ-6.0 <a href=\"https:\/\/farm-baler.com\/pl\/produkt\/kosiarka-z-podwojnym-ostrzem-9gs-5-0\/\">Zgrabiarki palcowe<\/a>Oferujemy r\u00f3wnie\u017c szeroki wyb\u00f3r innego sprz\u0119tu rolniczego, w tym akcesoria i maszyny pokrewne. Nasze produkty charakteryzuj\u0105 si\u0119 wysok\u0105 jako\u015bci\u0105, przyst\u0119pnymi cenami i niezawodn\u0105 wydajno\u015bci\u0105. Koncentruj\u0105c si\u0119 na zadowoleniu klienta, jeste\u015bmy do Twojej dyspozycji, aby pom\u00f3c Ci usprawni\u0107 dzia\u0142alno\u015b\u0107 rolnicz\u0105.<\/p>\n<p>Zapraszamy do zapoznania si\u0119 z nasz\u0105 ofert\u0105 produkt\u00f3w i kontaktu w celu uzyskania dodatkowych informacji. Niezale\u017cnie od tego, czy szukasz zgrabiarki palcowej 9LZ-6.0, czy innego sprz\u0119tu rolniczego, ch\u0119tnie pomo\u017cemy Ci znale\u017a\u0107 najlepsze rozwi\u0105zanie dla Twoich potrzeb.<\/p>\n<p style=\"text-align: center;\"><img loading=\"lazy\" decoding=\"async\" class=\"alignnone wp-image-443\" src=\"https:\/\/farm-baler.com\/wp-content\/uploads\/2025\/12\/ep-9LZ-6.0-Finger-Wheel-Rake-4-1.webp\" alt=\"Zgrabiarki palcowe\" width=\"416\" height=\"416\" srcset=\"https:\/\/farm-baler.com\/wp-content\/uploads\/2025\/12\/ep-9LZ-6.0-Finger-Wheel-Rake-4-1.webp 256w, https:\/\/farm-baler.com\/wp-content\/uploads\/2025\/12\/ep-9LZ-6.0-Finger-Wheel-Rake-4-1-150x150.webp 150w, https:\/\/farm-baler.com\/wp-content\/uploads\/2025\/12\/ep-9LZ-6.0-Finger-Wheel-Rake-4-1-12x12.webp 12w, https:\/\/farm-baler.com\/wp-content\/uploads\/2025\/12\/ep-9LZ-6.0-Finger-Wheel-Rake-4-1-100x100.webp 100w\" sizes=\"(max-width: 416px) 100vw, 416px\" \/><\/p>\n<h2>Cz\u0119sto zadawane pytania (FAQ)<\/h2>\n<p><strong>1. Jaka jest szeroko\u015b\u0107 robocza zgrabiarki palcowej 9LZ-6.0?<\/strong><\/p>\n<p>Szeroko\u015b\u0107 robocza zgrabiarki ko\u0142owej 9LZ-6.0 jest regulowana, co pozwala na dostosowanie jej do r\u00f3\u017cnych rozmiar\u00f3w p\u00f3l. Ta funkcja zapewnia wydajne pokrycie zar\u00f3wno w przypadku ma\u0142ych, jak i du\u017cych prac.<\/p>\n<p><strong>2. Czy grabie mo\u017cna stosowa\u0107 do innych upraw ni\u017c siano i s\u0142oma?<\/strong><\/p>\n<p>Tak, zgrabiarki palcowe 9LZ-6.0 mog\u0105 by\u0107 u\u017cywane do r\u00f3\u017cnych upraw, w tym lucerny, koniczyny i innych traw. Regulowane ustawienia pozwalaj\u0105 na \u0142atwe dostosowanie do r\u00f3\u017cnych rodzaj\u00f3w upraw.<\/p>\n<p><strong>3. Jak konserwowa\u0107 grabie?<\/strong><\/p>\n<p>Regularna konserwacja obejmuje czyszczenie grabi po u\u017cyciu, smarowanie cz\u0119\u015bci ruchomych, sprawdzanie stopnia zu\u017cycia i regulacj\u0119 ustawie\u0144 w razie potrzeby. Czynno\u015bci te zapewniaj\u0105 d\u0142ugowieczno\u015b\u0107 i optymaln\u0105 wydajno\u015b\u0107 sprz\u0119tu.<\/p>\n<p><strong>4. Jak d\u0142ugo wytrzymuj\u0105 grabie?<\/strong><\/p>\n<p>Zgrabiarka palczasta 9LZ-6.0 zosta\u0142a zaprojektowana tak, aby przy odpowiedniej konserwacji s\u0142u\u017cy\u0107 przez wiele lat. Jest wykonana z trwa\u0142ych materia\u0142\u00f3w, zaprojektowanych tak, aby sprosta\u0107 wymaganiom prac rolniczych.<\/p>\n<p><strong>5. Czy model 9LZ-6.0 nadaje si\u0119 do gospodarstw wielkoobszarowych?<\/strong><\/p>\n<p>Tak, zgrabiarka palczasta 9LZ-6.0 idealnie nadaje si\u0119 do du\u017cych gospodarstw rolnych ze wzgl\u0119du na du\u017c\u0105 szeroko\u015b\u0107 robocz\u0105 i wysok\u0105 wydajno\u015b\u0107. Mo\u017ce obs\u0142ugiwa\u0107 du\u017ce ilo\u015bci plon\u00f3w, oszcz\u0119dzaj\u0105c czas i zwi\u0119kszaj\u0105c produktywno\u015b\u0107.<\/p>\n<p><strong>6. Jaki rodzaj gwarancji jest oferowany wraz z grabiami?<\/strong><\/p>\n<p>Na grabie palcowe 9LZ-6.0 udzielamy 3-letniej gwarancji, dzi\u0119ki czemu zyskujesz spok\u00f3j ducha przez ca\u0142y okres u\u017cytkowania.<\/p>\n<p><strong>7. Czy mog\u0119 regulowa\u0107 wysoko\u015b\u0107 k\u00f3\u0142 grabiarki?<\/strong><\/p>\n<p>Tak, wysoko\u015b\u0107 k\u00f3\u0142 palcowych mo\u017cna regulowa\u0107, dostosowuj\u0105c j\u0105 do r\u00f3\u017cnych warunk\u00f3w polowych i rodzaj\u00f3w upraw.<\/p>\n<p><strong>8. Czy obs\u0142uga grabi wymaga specjalnego przeszkolenia?<\/strong><\/p>\n<p>Chocia\u017c model 9LZ-6.0 jest przyjazny dla u\u017cytkownika, zaleca si\u0119, aby operatorzy przeszli podstawowe szkolenie, aby mie\u0107 pewno\u015b\u0107, \u017ce potrafi\u0105 dokonywa\u0107 niezb\u0119dnych regulacji i obs\u0142ugiwa\u0107 sprz\u0119t wydajnie.<\/p>\n<p><strong>9. Czy grabie palcowe 9LZ-6.0 nadaj\u0105 si\u0119 do pracy w ka\u017cdych warunkach pogodowych?<\/strong><\/p>\n<p>Model 9LZ-6.0 zaprojektowano tak, aby dobrze pracowa\u0142 w r\u00f3\u017cnych warunkach pogodowych, ale zawsze zaleca si\u0119 dostosowanie ustawie\u0144 do wilgotno\u015bci pola i stanu upraw.<\/p>\n<p><strong>10. W jaki spos\u00f3b grabie pomagaj\u0105 zmniejszy\u0107 szkody w uprawach?<\/strong><\/p>\n<p>Konstrukcja grabi zosta\u0142a zoptymalizowana tak, aby delikatnie obchodzi\u0107 si\u0119 z plonami, minimalizuj\u0105c uszkodzenia i zapewniaj\u0105c wydajne zbieranie i formowanie pokosu.<\/p>\n<p><strong>11. Czy grabie mo\u017cna stosowa\u0107 z r\u00f3\u017cnymi typami ci\u0105gnik\u00f3w?<\/strong><\/p>\n<p>Tak, zgrabiarka ko\u0142owa 9LZ-6.0 jest kompatybilna z szerok\u0105 gam\u0105 ci\u0105gnik\u00f3w, dzi\u0119ki czemu jest uniwersalna i \u0142atwa do zintegrowania z posiadanym sprz\u0119tem.<\/p>\n<p><strong>12. Jaka jest maksymalna pr\u0119dko\u015b\u0107 robocza maszyny 9LZ-6.0?<\/strong><\/p>\n<p>Maksymalna pr\u0119dko\u015b\u0107 robocza maszyny 9LZ-6.0 zale\u017cy od warunk\u00f3w terenowych, ale z regu\u0142y w celu uzyskania optymalnej wydajno\u015bci mo\u017cna j\u0105 porusza\u0107 z pr\u0119dko\u015bci\u0105 do 15 km\/h.<\/p>\n<p><strong>13. Czy grabie s\u0105 wyposa\u017cone w dodatkowe akcesoria?<\/strong><\/p>\n<p>Zgrabiark\u0119 9LZ-6.0 mo\u017cna wyposa\u017cy\u0107 w r\u00f3\u017cne przystawki zwi\u0119kszaj\u0105ce jej funkcjonalno\u015b\u0107, np. dodatkowe ko\u0142a palcowe zapewniaj\u0105ce lepsze pokrycie.<\/p>\n<p><strong>14. Jak \u0142atwy jest transport grabi palcowych 9LZ-6.0?<\/strong><\/p>\n<p>Model 9LZ-6.0 zaprojektowano z my\u015bl\u0105 o \u0142atwym transporcie. Dzi\u0119ki mo\u017cliwo\u015bci sk\u0142adania zmniejsza si\u0119 jego rozmiar, co u\u0142atwia przechowywanie i przenoszenie mi\u0119dzy polami.<\/p>\n<p><strong>15. Czy grabie mo\u017cna stosowa\u0107 zar\u00f3wno na ma\u0142ych, jak i du\u017cych polach?<\/strong><\/p>\n<p>Tak, grabie s\u0105 regulowane, aby pasowa\u0142y do \u200b\u200bp\u00f3l o r\u00f3\u017cnych rozmiarach, co zapewnia skuteczno\u015b\u0107 zar\u00f3wno na ma\u0142ych dzia\u0142kach, jak i na du\u017cych gospodarstwach.<\/p>\n<p>Edytuj przez gzl<\/p>","protected":false},"excerpt":{"rendered":"<p>Zgrabiarka palczasta 9LZ-6.0 to wysokowydajne narz\u0119dzie rolnicze przeznaczone do efektywnego zgrabiania i formowania pokos\u00f3w z trawy, siana i innych ro\u015blin pastewnych. Dzi\u0119ki du\u017cej szeroko\u015bci roboczej i regulowanemu k\u0105towi zgrabiania, zgrabiarka 9LZ-6.0 zapewnia r\u00f3wnomierne roz\u0142o\u017cenie zebranego plonu, co przyspiesza jego suszenie i przygotowuje do belowania lub magazynowania. Wytrzyma\u0142a konstrukcja zgrabiarki, wysokiej jako\u015bci ko\u0142a palczaste i przyjazna dla u\u017cytkownika konstrukcja sprawiaj\u0105, \u017ce idealnie nadaje si\u0119 ona do du\u017cych gospodarstw rolnych. Niezale\u017cnie od tego, czy zarz\u0105dzasz ma\u0142ym gospodarstwem, czy komercyjnym przedsi\u0119biorstwem, zgrabiarka 9LZ-6.0 oferuje wyj\u0105tkow\u0105 niezawodno\u015b\u0107, wydajno\u015b\u0107 i wszechstronno\u015b\u0107, co czyni j\u0105 niezb\u0119dnym narz\u0119dziem do efektywnego zarz\u0105dzania uprawami i przygotowywania paszy.<\/p>","protected":false},"featured_media":440,"template":"","meta":{"_et_pb_use_builder":"","_et_pb_old_content":"","_et_gb_content_width":""},"product_brand":[],"product_cat":[25],"product_tag":[],"class_list":{"0":"post-439","1":"product","2":"type-product","3":"status-publish","4":"has-post-thumbnail","6":"product_cat-mower-tedder","8":"first","9":"instock","10":"shipping-taxable","11":"product-type-simple"},"_links":{"self":[{"href":"https:\/\/farm-baler.com\/pl\/wp-json\/wp\/v2\/product\/439","targetHints":{"allow":["GET"]}}],"collection":[{"href":"https:\/\/farm-baler.com\/pl\/wp-json\/wp\/v2\/product"}],"about":[{"href":"https:\/\/farm-baler.com\/pl\/wp-json\/wp\/v2\/types\/product"}],"wp:featuredmedia":[{"embeddable":true,"href":"https:\/\/farm-baler.com\/pl\/wp-json\/wp\/v2\/media\/440"}],"wp:attachment":[{"href":"https:\/\/farm-baler.com\/pl\/wp-json\/wp\/v2\/media?parent=439"}],"wp:term":[{"taxonomy":"product_brand","embeddable":true,"href":"https:\/\/farm-baler.com\/pl\/wp-json\/wp\/v2\/product_brand?post=439"},{"taxonomy":"product_cat","embeddable":true,"href":"https:\/\/farm-baler.com\/pl\/wp-json\/wp\/v2\/product_cat?post=439"},{"taxonomy":"product_tag","embeddable":true,"href":"https:\/\/farm-baler.com\/pl\/wp-json\/wp\/v2\/product_tag?post=439"}],"curies":[{"name":"wp","href":"https:\/\/api.w.org\/{rel}","templated":true}]}}