{"id":341,"date":"2025-12-02T01:07:12","date_gmt":"2025-12-02T01:07:12","guid":{"rendered":"https:\/\/farm-baler.com\/?post_type=product&#038;p=341"},"modified":"2025-12-18T01:39:13","modified_gmt":"2025-12-18T01:39:13","slug":"9yg-2-24d-prasa-okragla","status":"publish","type":"product","link":"https:\/\/farm-baler.com\/pl\/produkt\/9yg-2-24d-prasa-okragla\/","title":{"rendered":"Prasa zwijaj\u0105ca 9YG-2.24D (S9000 Beyond) \u2013 Wyposa\u017cenie prasy"},"content":{"rendered":"<p>Prasa zwijaj\u0105ca 9YG-2.24D (S9000 Beyond) to zaawansowana maszyna rolnicza i urz\u0105dzenie do belowania, zaprojektowane z my\u015bl\u0105 o efektywnym belowaniu w r\u00f3\u017cnych warunkach rolniczych. Znana z doskona\u0142ej wydajno\u015bci i niezawodno\u015bci, maszyna ta pomaga rolnikom osi\u0105gn\u0105\u0107 optymaln\u0105 wydajno\u015b\u0107, oszcz\u0119dzaj\u0105c czas i koszty pracy. Dzi\u0119ki ulepszonym funkcjom model 9YG-2.24D wyr\u00f3\u017cnia si\u0119 na rynku jako idealne rozwi\u0105zanie zar\u00f3wno dla ma\u0142ych, jak i du\u017cych gospodarstw rolnych.<\/p>\n<h2>Dane techniczne<\/h2>\n<table style=\"border-color: #000000;\">\n<thead>\n<tr>\n<th>\u00a0NIE.<\/th>\n<th>Przedmiot<\/th>\n<th>Jednostka<\/th>\n<th>Specyfikacja<\/th>\n<\/tr>\n<\/thead>\n<tbody>\n<tr>\n<td>1<\/td>\n<td>Nazwa modelu<\/td>\n<td>\/<\/td>\n<td>Prasa zwijaj\u0105ca 9YG-2.24D (S9000 Ultra)<\/td>\n<\/tr>\n<tr>\n<td>2<\/td>\n<td>Metoda zaczepiania<\/td>\n<td>\/<\/td>\n<td>Typ trakcji<\/td>\n<\/tr>\n<tr>\n<td>3<\/td>\n<td>Szeroko\u015b\u0107 pobierania<\/td>\n<td>mm<\/td>\n<td>2240<\/td>\n<\/tr>\n<tr>\n<td>4<\/td>\n<td>Typ struktury selektora<\/td>\n<td>\/<\/td>\n<td>Typ z\u0119ba spr\u0119\u017cynowego<\/td>\n<\/tr>\n<tr>\n<td>5<\/td>\n<td>Typ konstrukcji podajnika<\/td>\n<td>\/<\/td>\n<td>\u0141a\u0144cuch palcowy + typ b\u0119bna<\/td>\n<\/tr>\n<tr>\n<td>6<\/td>\n<td>Typ mechanizmu komory spr\u0119\u017cania<\/td>\n<td>\/<\/td>\n<td>Typ b\u0119bna<\/td>\n<\/tr>\n<tr>\n<td>7<\/td>\n<td>Szeroko\u015b\u0107 komory spr\u0119\u017cania<\/td>\n<td>mm<\/td>\n<td>1400<\/td>\n<\/tr>\n<tr>\n<td>8<\/td>\n<td>\u015arednica komory spr\u0119\u017cania<\/td>\n<td>mm<\/td>\n<td>\u03a61200<\/td>\n<\/tr>\n<tr>\n<td>9<\/td>\n<td>Liczba element\u00f3w komory spr\u0119\u017cania<\/td>\n<td>szt.<\/td>\n<td>18 (perkusja)<\/td>\n<\/tr>\n<tr>\n<td>10<\/td>\n<td>\u015arednica b\u0119bna do belowania<\/td>\n<td>mm<\/td>\n<td>\u03a6222<\/td>\n<\/tr>\n<tr>\n<td>11<\/td>\n<td>Metoda wi\u0105zania<\/td>\n<td>\/<\/td>\n<td>Owijanie siatk\u0105<\/td>\n<\/tr>\n<tr>\n<td>12<\/td>\n<td>Dopasowana moc<\/td>\n<td>kw<\/td>\n<td>55-100<\/td>\n<\/tr>\n<tr>\n<td>13<\/td>\n<td>Masa konstrukcyjna<\/td>\n<td>kg<\/td>\n<td>4570<\/td>\n<\/tr>\n<tr>\n<td>14<\/td>\n<td>Pr\u0119dko\u015b\u0107 WOM<\/td>\n<td>obr.\/min<\/td>\n<td>720<\/td>\n<\/tr>\n<tr>\n<td>15<\/td>\n<td>Wymiary ca\u0142kowite (d\u0142. \u00d7 szer. \u00d7 wys.)<\/td>\n<td>mm<\/td>\n<td>4600\u00d73010\u00d72370 (Stan roboczy)<\/td>\n<\/tr>\n<tr>\n<td>16<\/td>\n<td>Kontrola g\u0119sto\u015bci beli<\/td>\n<td>\/<\/td>\n<td>Kontrola czujnika<\/td>\n<\/tr>\n<tr>\n<td>17<\/td>\n<td>Rozmiar beli (\u015brednica \u00d7 szeroko\u015b\u0107)<\/td>\n<td>mm<\/td>\n<td>\u03a61300\u00d71400<\/td>\n<\/tr>\n<tr>\n<td>18<\/td>\n<td>G\u0119sto\u015b\u0107 beli<\/td>\n<td>kg\/m\u00b3<\/td>\n<td>100-200<\/td>\n<\/tr>\n<tr>\n<td>19<\/td>\n<td>Wydajno\u015b\u0107<\/td>\n<td>bele\/h<\/td>\n<td>40~100<\/td>\n<\/tr>\n<tr>\n<td>20<\/td>\n<td>\u015alady k\u00f3\u0142<\/td>\n<td>mm<\/td>\n<td>2600<\/td>\n<\/tr>\n<tr>\n<td>21<\/td>\n<td>Pr\u0119dko\u015b\u0107 robocza<\/td>\n<td>km\/h<\/td>\n<td>5-35<\/td>\n<\/tr>\n<tr>\n<td>22<\/td>\n<td>Specyfikacja siatki opakowaniowej (d\u0142ugo\u015b\u0107 \u00d7 szeroko\u015b\u0107)<\/td>\n<td>\/<\/td>\n<td>2000\u00d71,4 m\/bela<\/td>\n<\/tr>\n<\/tbody>\n<\/table>\n<h2>Definicja produktu<\/h2>\n<p>Prasa zwijaj\u0105ca 9YG-2.24D (S9000 Beyond) to najnowocze\u015bniejsza maszyna do belowania, oferuj\u0105ca solidn\u0105 wydajno\u015b\u0107 i umo\u017cliwiaj\u0105ca produkcj\u0119 wysokiej jako\u015bci bel okr\u0105g\u0142ych w rolnictwie i gospodarstwach rolnych. Zaprojektowana do obs\u0142ugi r\u00f3\u017cnorodnych materia\u0142\u00f3w, maszyna ta zapewnia wydajne belowanie przy minimalnych stratach plon\u00f3w. Precyzyjna mechanika sprawia, \u017ce \u200b\u200bjest to idealne narz\u0119dzie do belowania du\u017cych ilo\u015bci siana, s\u0142omy i innych podobnych materia\u0142\u00f3w.<\/p>\n<h2>Rozwi\u0105zywanie problem\u00f3w i zastosowania<\/h2>\n<p>Prasa zwijaj\u0105ca 9YG-2.24D (S9000 Beyond) rozwi\u0105zuje szereg problem\u00f3w, z kt\u00f3rymi borykaj\u0105 si\u0119 rolnicy i profesjonali\u015bci rolni podczas belowania. Oto niekt\u00f3re z nich:<\/p>\n<ul>\n<li><strong>Efektywne zarz\u0105dzanie uprawami:<\/strong> Maszyna umo\u017cliwia wydajne zbieranie i kompresowanie plon\u00f3w, co minimalizuje ilo\u015b\u0107 ich odpad\u00f3w.<\/li>\n<li><strong>Oszcz\u0119dno\u015b\u0107 czasu:<\/strong> Dzi\u0119ki zaawansowanej technologii prasa ta mo\u017ce szybko przetwarza\u0107 du\u017ce ilo\u015bci materia\u0142u, oszcz\u0119dzaj\u0105c czas pracy i zwi\u0119kszaj\u0105c wydajno\u015b\u0107.<\/li>\n<li><strong>Trwa\u0142o\u015b\u0107 i niezawodno\u015b\u0107:<\/strong> Zaprojektowano je z my\u015bl\u0105 o trwa\u0142o\u015bci, gwarantuj\u0105c sta\u0142\u0105 wydajno\u015b\u0107 nawet w trudnych warunkach, redukuj\u0105c przestoje i koszty napraw.<\/li>\n<li><strong>\u0141atwo\u015b\u0107 u\u017cytkowania:<\/strong> Intuicyjna konstrukcja prasy sprawia, \u017ce \u200b\u200bobs\u0142uga prasy jest \u0142atwa zar\u00f3wno dla pocz\u0105tkuj\u0105cych, jak i do\u015bwiadczonych rolnik\u00f3w.<\/li>\n<li><strong>Wszechstronno\u015b\u0107:<\/strong> Maszyna nadaje si\u0119 do prze\u0142adunku r\u00f3\u017cnych materia\u0142\u00f3w, od siana po s\u0142om\u0119, dzi\u0119ki czemu mo\u017ce by\u0107 stosowana w wielu r\u00f3\u017cnych praktykach rolniczych.<\/li>\n<\/ul>\n<p style=\"text-align: center;\"><img loading=\"lazy\" decoding=\"async\" class=\"alignnone wp-image-347\" src=\"https:\/\/farm-baler.com\/wp-content\/uploads\/2025\/12\/ep-9YG-2.24D-Round-Baler-S9000-Beyond-3.webp\" alt=\"Sprz\u0119t do belowania\" width=\"463\" height=\"463\" srcset=\"https:\/\/farm-baler.com\/wp-content\/uploads\/2025\/12\/ep-9YG-2.24D-Round-Baler-S9000-Beyond-3.webp 289w, https:\/\/farm-baler.com\/wp-content\/uploads\/2025\/12\/ep-9YG-2.24D-Round-Baler-S9000-Beyond-3-150x150.webp 150w, https:\/\/farm-baler.com\/wp-content\/uploads\/2025\/12\/ep-9YG-2.24D-Round-Baler-S9000-Beyond-3-12x12.webp 12w, https:\/\/farm-baler.com\/wp-content\/uploads\/2025\/12\/ep-9YG-2.24D-Round-Baler-S9000-Beyond-3-100x100.webp 100w\" sizes=\"(max-width: 463px) 100vw, 463px\" \/><\/p>\n<h2>Zalety produktu<\/h2>\n<p>Prasa zwijaj\u0105ca 9YG-2.24D (S9000 Beyond) wyr\u00f3\u017cnia si\u0119 na konkurencyjnym rynku maszyn rolniczych dzi\u0119ki nast\u0119puj\u0105cym zaletom:<\/p>\n<ul>\n<li><strong>Zaawansowana technologia:<\/strong> Zastosowanie najnowocze\u015bniejszej technologii pozwala na optymalne formowanie bel i transport materia\u0142u. Przek\u0142ada si\u0119 to na wi\u0119ksz\u0105 wydajno\u015b\u0107 i wy\u017csz\u0105 jako\u015b\u0107 produkcji.<\/li>\n<li><strong>Wysoka pojemno\u015b\u0107:<\/strong> Dzi\u0119ki du\u017cej wydajno\u015bci prasa ta mo\u017ce poradzi\u0107 sobie z du\u017cymi ilo\u015bciami plon\u00f3w, co czyni j\u0105 idealn\u0105 do prac rolnych o du\u017cym zapotrzebowaniu.<\/li>\n<li><strong>Niskie wymagania konserwacyjne:<\/strong> Konstrukcja 9YG-2.24D zapewnia mniejsze potrzeby konserwacyjne, co przek\u0142ada si\u0119 na ni\u017csze koszty eksploatacji i mniejsz\u0105 liczb\u0119 napraw.<\/li>\n<li><strong>Efektywno\u015b\u0107 paliwowa:<\/strong> Prasa zwijaj\u0105ca 9YG-2.24D zosta\u0142a zaprojektowana z uwzgl\u0119dnieniem funkcji oszcz\u0119dzania paliwa, dzi\u0119ki czemu pracuje wydajnie przy minimalnym zu\u017cyciu energii.<\/li>\n<li><strong>Kompaktowa i solidna konstrukcja:<\/strong> Sprz\u0119t jest kompaktowy, a jednocze\u015bnie skonstruowany tak, aby wytrzyma\u0107 trudne warunki, dzi\u0119ki czemu nadaje si\u0119 zar\u00f3wno do ma\u0142ych, jak i du\u017cych gospodarstw rolnych.<\/li>\n<\/ul>\n<h2>Jak dzia\u0142a prasa zwijaj\u0105ca 9YG-2.24D<\/h2>\n<p>Prasa zwijaj\u0105ca 9YG-2.24D (S9000 Beyond) zbiera lu\u017ane materia\u0142y, takie jak siano lub s\u0142oma, a nast\u0119pnie podaje je do komory prasuj\u0105cej, gdzie s\u0105 one mocno prasowane w okr\u0105g\u0142e bele. Zaawansowane walce i uk\u0142ad hydrauliczny maszyny zapewniaj\u0105 r\u00f3wnomierne formowanie beli. Po uformowaniu beli jest ona automatycznie wi\u0105zana i wyrzucana. Ca\u0142y proces jest zautomatyzowany, co pozwala na ci\u0105g\u0142\u0105 prac\u0119 przy minimalnym udziale operatora. Taka wydajno\u015b\u0107 zwi\u0119ksza og\u00f3ln\u0105 wydajno\u015b\u0107 gospodarstw rolnych, gwarantuj\u0105c sta\u0142\u0105 jako\u015b\u0107 i szybki obr\u00f3t.<\/p>\n<h2>G\u0142\u00f3wne mo\u017cliwe scenariusze<\/h2>\n<p>Prasa zwijaj\u0105ca 9YG-2.24D (S9000 Beyond) idealnie nadaje si\u0119 do r\u00f3\u017cnorodnych prac rolniczych. Oto g\u0142\u00f3wne zastosowania, w kt\u00f3rych ta prasa sprawdza si\u0119 znakomicie:<\/p>\n<ul>\n<li><strong>Prasowanie siana:<\/strong> Maszyna skutecznie zag\u0119szcza siano w jednolite bele, zapewniaj\u0105c dobre przechowywanie i \u0142atwy transport.<\/li>\n<li><strong>Prasowanie s\u0142omy:<\/strong> Wydajnie radzi sobie ze s\u0142om\u0105, dzi\u0119ki czemu jest \u0142atwiejsza do przechowywania i wykorzystania jako \u015bci\u00f3\u0142ka dla zwierz\u0105t gospodarskich lub do innych cel\u00f3w.<\/li>\n<li><strong>Prasowanie trawy:<\/strong> Idealna do uprawy trawy, prasa wytwarza r\u00f3wne, okr\u0105g\u0142e bele, nadaj\u0105ce si\u0119 na pasz\u0119 lub do innych zastosowa\u0144.<\/li>\n<li><strong>Przechowywanie paszy dla zwierz\u0105t gospodarskich:<\/strong> Okr\u0105g\u0142e bele produkowane przez t\u0119 pras\u0119 idealnie nadaj\u0105 si\u0119 do przechowywania du\u017cych ilo\u015bci paszy dla zwierz\u0105t gospodarskich, chroni\u0105c j\u0105 przed czynnikami atmosferycznymi.<\/li>\n<li><strong>Zbi\u00f3r resztek po\u017cniwnych:<\/strong> Pras\u0119 mo\u017cna r\u00f3wnie\u017c wykorzystywa\u0107 do zbierania resztek po\u017cniwnych, takich jak \u0142odygi kukurydzy czy s\u0142oma pszeniczna, dzi\u0119ki czemu ziemia staje si\u0119 bardziej efektywna pod przysz\u0142e uprawy.<\/li>\n<li><strong>Gospodarstwa rolne na du\u017c\u0105 skal\u0119:<\/strong> Du\u017ca pojemno\u015b\u0107 i szybko\u015b\u0107 dzia\u0142ania sprawiaj\u0105, \u017ce model 9YG-2.24D nadaje si\u0119 do operacji na du\u017c\u0105 skal\u0119, w kt\u00f3rych priorytetem jest wydajno\u015b\u0107.<\/li>\n<\/ul>\n<h2>Jak wybra\u0107 odpowiedni\u0105 pras\u0119 zwijaj\u0105c\u0105 9YG-2.24D (S9000 Beyond)<\/h2>\n<p>Wybieraj\u0105c pras\u0119 odpowiadaj\u0105c\u0105 Twoim potrzebom, we\u017a pod uwag\u0119 nast\u0119puj\u0105ce czynniki:<\/p>\n<ul>\n<li><strong>Typ materia\u0142u:<\/strong> Upewnij si\u0119, \u017ce prasa jest kompatybilna z materia\u0142em, kt\u00f3ry zamierzasz prasowa\u0107, niezale\u017cnie od tego, czy jest to siano, s\u0142oma czy trawa.<\/li>\n<li><strong>Wielko\u015b\u0107 gospodarstwa:<\/strong> W przypadku rolnictwa na du\u017c\u0105 skal\u0119 nale\u017cy wybra\u0107 model o wi\u0119kszej wydajno\u015bci i wytrzyma\u0142o\u015bci, aby sprosta\u0107 wysokim wymaganiom.<\/li>\n<li><strong>Warunki pracy:<\/strong> Wybierz pras\u0119, kt\u00f3ra sprawdzi si\u0119 wydajnie w Twoim lokalnym \u015brodowisku, niezale\u017cnie od tego, czy s\u0105 to warunki suche, mokre czy trudne.<\/li>\n<li><strong>\u0141atwo\u015b\u0107 konserwacji:<\/strong> Wybierz model wymagaj\u0105cy minimalnej konserwacji, aby ograniczy\u0107 przestoje i utrzyma\u0107 niskie koszty operacyjne.<\/li>\n<li><strong>Efektywno\u015b\u0107 energetyczna:<\/strong> Rozwa\u017c pras\u0119 zu\u017cywaj\u0105c\u0105 mniej paliwa, co mo\u017ce obni\u017cy\u0107 ca\u0142kowite koszty operacyjne.<\/li>\n<li><strong>Cena:<\/strong> Bior\u0105c pod uwag\u0119 wszystkie funkcje, upewnij si\u0119, \u017ce prasa mie\u015bci si\u0119 w ramach Twojego bud\u017cetu, nie rezygnuj\u0105c jednocze\u015bnie z podstawowych funkcjonalno\u015bci.<\/li>\n<\/ul>\n<h2>Metody konserwacji prasy okr\u0105g\u0142ej 9YG-2.24D (S9000 Beyond)<\/h2>\n<p>Konserwacja prasy zwijaj\u0105cej 9YG-2.24D zapewnia optymaln\u0105 wydajno\u015b\u0107 i trwa\u0142o\u015b\u0107. Regularne czynno\u015bci konserwacyjne obejmuj\u0105:<\/p>\n<ul>\n<li><strong>Regularne sprz\u0105tanie:<\/strong> Po ka\u017cdym u\u017cyciu nale\u017cy wyczy\u015bci\u0107 pras\u0119, aby zapobiec gromadzeniu si\u0119 kurzu i zanieczyszcze\u0144, kt\u00f3re mog\u0105 mie\u0107 wp\u0142yw na wydajno\u015b\u0107 urz\u0105dzenia.<\/li>\n<li><strong>Smarowanie:<\/strong> Nasmaruj ruchome cz\u0119\u015bci prasy, aby zapobiec ich zu\u017cyciu i zapewni\u0107 p\u0142ynn\u0105 prac\u0119.<\/li>\n<li><strong>Kontrola uk\u0142adu hydraulicznego:<\/strong> Regularnie sprawdzaj uk\u0142ad hydrauliczny pod k\u0105tem wyciek\u00f3w i upewnij si\u0119, \u017ce dzia\u0142a pod w\u0142a\u015bciwym ci\u015bnieniem.<\/li>\n<li><strong>Kontrola pas\u00f3w i rolek:<\/strong> Regularnie sprawdzaj stan pas\u00f3w i rolek, wymieniaj zu\u017cyte cz\u0119\u015bci, aby zachowa\u0107 wydajno\u015b\u0107.<\/li>\n<li><strong>Monitoruj jako\u015b\u0107 bel:<\/strong> Upewnij si\u0119, \u017ce bele s\u0105 mocno \u015bci\u015bni\u0119te i prawid\u0142owo zwi\u0105zane, aby unikn\u0105\u0107 problem\u00f3w podczas przechowywania lub transportu.<\/li>\n<\/ul>\n<p style=\"text-align: center;\"><img loading=\"lazy\" decoding=\"async\" class=\"alignnone wp-image-348\" src=\"https:\/\/farm-baler.com\/wp-content\/uploads\/2025\/12\/ep-9YG-2.24D-Round-Baler-S9000-Beyond-4.webp\" alt=\"Sprz\u0119t do belowania\" width=\"504\" height=\"504\" srcset=\"https:\/\/farm-baler.com\/wp-content\/uploads\/2025\/12\/ep-9YG-2.24D-Round-Baler-S9000-Beyond-4.webp 285w, https:\/\/farm-baler.com\/wp-content\/uploads\/2025\/12\/ep-9YG-2.24D-Round-Baler-S9000-Beyond-4-150x150.webp 150w, https:\/\/farm-baler.com\/wp-content\/uploads\/2025\/12\/ep-9YG-2.24D-Round-Baler-S9000-Beyond-4-12x12.webp 12w, https:\/\/farm-baler.com\/wp-content\/uploads\/2025\/12\/ep-9YG-2.24D-Round-Baler-S9000-Beyond-4-100x100.webp 100w\" sizes=\"(max-width: 504px) 100vw, 504px\" \/><\/p>\n<h2>Opinie klient\u00f3w<\/h2>\n<p>Prasa zwijaj\u0105ca 9YG-2.24D odmieni\u0142a nasze gospodarstwo. U\u017cywali\u015bmy jej do belowania siana i s\u0142omy i jest niezwykle wydajna. Maszyna jest \u0142atwa w obs\u0142udze, a bele s\u0105 idealnie sprasowane. Oszcz\u0119dza nam czas i zmniejsza koszty pracy. Zauwa\u017cyli\u015bmy wzrost og\u00f3lnej wydajno\u015bci, a maszyna okaza\u0142a si\u0119 niezawodna w ka\u017cdych warunkach pogodowych. Oszcz\u0119dno\u015b\u0107 paliwa jest r\u00f3wnie\u017c dodatkowym atutem, poniewa\u017c pomaga nam utrzyma\u0107 niskie koszty eksploatacji. Gor\u0105co polecam t\u0119 pras\u0119 ka\u017cdemu gospodarstwu, kt\u00f3re ceni jako\u015b\u0107 i wydajno\u015b\u0107!<\/p>\n<p><strong>\u2014\u2014Maria, Argentyna<\/strong><\/p>\n<p>Jako rolnik w Argentynie, mia\u0142em problem ze znalezieniem odpowiedniego sprz\u0119tu, kt\u00f3ry poradzi\u0142by sobie z tutejszym specyficznym klimatem i ukszta\u0142towaniem terenu. Prasa roluj\u0105ca 9YG-2.24D idealnie spe\u0142nia nasze potrzeby. U\u017cywamy jej g\u0142\u00f3wnie do belowania trawy i z \u0142atwo\u015bci\u0105 sobie z tym radzi. Bele s\u0105 mocno sprasowane, co znacznie u\u0142atwia ich przechowywanie. To wytrzyma\u0142a maszyna, kt\u00f3ra doskonale radzi sobie w trudnych warunkach panuj\u0105cych na naszym gospodarstwie. Zdecydowanie kupi\u0142bym j\u0105 ponownie i jest warta ka\u017cdej wydanej z\u0142ot\u00f3wki.<\/p>\n<p><strong>\u2014\u2014David, Kanada<\/strong><\/p>\n<p>U\u017cywamy prasy zwijaj\u0105cej 9YG-2.24D od kilku sezon\u00f3w i jest ona niezwykle niezawodna. U\u017cywamy jej do belowania s\u0142omy na \u015bci\u00f3\u0142k\u0119 dla zwierz\u0105t i dzia\u0142a bez zarzutu. Okr\u0105g\u0142e bele s\u0105 r\u00f3wnomierne i \u0142atwe do uk\u0142adania w stosy. Najwi\u0119ksz\u0105 zalet\u0105 jest to, \u017ce prasa jest bardzo \u0142atwa w utrzymaniu. Po pierwszym uruchomieniu nie mieli\u015bmy \u017cadnych powa\u017cnych problem\u00f3w. Dzia\u0142a p\u0142ynnie i jest bardzo oszcz\u0119dna pod wzgl\u0119dem zu\u017cycia paliwa. \u015awietna maszyna, jestem z niej bardzo zadowolony!<\/p>\n<p><strong>\u2014\u2014Luciana, Brazylia<\/strong><\/p>\n<p>Prasa 9YG-2.24D zrobi\u0142a ogromn\u0105 r\u00f3\u017cnic\u0119 w naszym gospodarstwie. Produkujemy g\u0142\u00f3wnie siano i s\u0142om\u0119 na sprzeda\u017c, a ta prasa sprawia, \u017ce \u200b\u200bproces ten jest szybki i \u0142atwy. Zauwa\u017cyli\u015bmy zauwa\u017calny wzrost wydajno\u015bci, a bele maj\u0105 o wiele bardziej r\u00f3wnomierny rozmiar. Jest r\u00f3wnie\u017c \u0142atwa w transporcie, co czyni j\u0105 idealn\u0105 do naszych du\u017cych p\u00f3l. Je\u015bli rozwa\u017casz pras\u0119 do u\u017cytku komercyjnego, to jest to \u015bwietna opcja. To inwestycja, kt\u00f3ra si\u0119 op\u0142aca.<\/p>\n<p><strong>\u2014\u2014Oliver, Wielka Brytania<\/strong><\/p>\n<p>Prasa zwijaj\u0105ca 9YG-2.24D to najlepsza prasa, jakiej u\u017cywa\u0142em przez 20 lat mojej dzia\u0142alno\u015bci rolniczej. Jest solidna, niezawodna i produkuje bele doskona\u0142ej jako\u015bci. U\u017cywamy jej zar\u00f3wno do siana, jak i s\u0142omy i idealnie sprawdza si\u0119 w brytyjskich warunkach pogodowych. Technologia jest najwy\u017cszej klasy, a obs\u0142uga bardzo prosta. Poleci\u0142em j\u0105 wszystkim moim kolegom z bran\u017cy rolniczej, a ka\u017cdy, kto jej spr\u00f3bowa\u0142, by\u0142 pod wra\u017ceniem. To teraz niezb\u0119dny element naszego sprz\u0119tu rolniczego!<\/p>\n<p><strong>\u2014\u2014John, Stany Zjednoczone<\/strong><\/p>\n<h2>Dlaczego warto wybra\u0107 nasz produkt<\/h2>\n<p>Wybieraj\u0105c 9YG-2.24D <a href=\"http:\/\/silage-balers.com\" target=\"_blank\" rel=\"noopener\">Prasa okr\u0105g\u0142a<\/a> (S9000 Beyond) \u2013 wybierasz produkt, kt\u00f3ry oferuje niezr\u00f3wnan\u0105 obs\u0142ug\u0119 i niezawodno\u015b\u0107. Oferujemy:<\/p>\n<ul>\n<li><strong>Szybkie us\u0142ugi personalizacji:<\/strong> Dostosuj pras\u0119 do indywidualnych potrzeb swojego gospodarstwa rolnego dzi\u0119ki naszym szybkim us\u0142ugom personalizacji.<\/li>\n<li><strong>3-letnia gwarancja:<\/strong> Ciesz si\u0119 spokojem ducha dzi\u0119ki naszej 3-letniej gwarancji zapewniaj\u0105cej d\u0142ugoterminow\u0105 niezawodno\u015b\u0107 i wydajno\u015b\u0107.<\/li>\n<li><strong>Szybka wysy\u0142ka na ca\u0142y \u015bwiat:<\/strong> Gwarantujemy szybk\u0105 dostaw\u0119 do wskazanej lokalizacji, realizuj\u0105c Twoje zam\u00f3wienie w odpowiednim czasie.<\/li>\n<li><strong>Kompleksowe wsparcie posprzeda\u017cowe:<\/strong> Nasz oddany zesp\u00f3\u0142 obs\u0142ugi klienta jest do Pa\u0144stwa dyspozycji i ch\u0119tnie odpowie na wszelkie pytania lub w\u0105tpliwo\u015bci.<\/li>\n<\/ul>\n<h2>Poznaj pras\u0119 zwijaj\u0105c\u0105 9YG-2.24D ju\u017c dzi\u015b<\/h2>\n<p>Nie przegap okazji, aby usprawni\u0107 swoje gospodarstwo rolne dzi\u0119ki prasie zwijaj\u0105cej 9YG-2.24D (S9000 Beyond). Dzi\u0119ki najwy\u017cszej jako\u015bci, wyj\u0105tkowym funkcjom i niezr\u00f3wnanej obs\u0142udze klienta, ta prasa zwi\u0119kszy Twoj\u0105 produktywno\u015b\u0107 i wydajno\u015b\u0107. Poznaj ten wyj\u0105tkowy produkt i skontaktuj si\u0119 z nami, aby uzyska\u0107 wi\u0119cej informacji lub dokona\u0107 zakupu. Oferujemy r\u00f3wnie\u017c szerok\u0105 gam\u0119 akcesori\u00f3w i produkt\u00f3w powi\u0105zanych, kt\u00f3re uzupe\u0142ni\u0105 Twoje potrzeby w rolnictwie.<\/p>\n<h2>Cz\u0119sto zadawane pytania<\/h2>\n<ol>\n<li><strong>Jaka jest g\u0142\u00f3wna korzy\u015b\u0107 z u\u017cywania <a href=\"https:\/\/farm-baler.com\/pl\/produkt\/9yg-2-24d-round-baler\/\">prasa okr\u0105g\u0142a<\/a>?<\/strong><br \/>\nPrasy zwijaj\u0105ce zapewniaj\u0105 szybkie i wydajne belowanie, oferuj\u0105c wysokiej jako\u015bci bele przy minimalnej ilo\u015bci odpad\u00f3w. Pomagaj\u0105 rolnikom obni\u017cy\u0107 koszty pracy i zwi\u0119kszy\u0107 wydajno\u015b\u0107, szczeg\u00f3lnie w przypadku dzia\u0142alno\u015bci na du\u017c\u0105 skal\u0119.<\/li>\n<li><strong>W jaki spos\u00f3b 9YG-2.24D poprawia wydajno\u015b\u0107?<\/strong><br \/>\nModel 9YG-2.24D charakteryzuje si\u0119 zaawansowan\u0105 automatyzacj\u0105, umo\u017cliwiaj\u0105c\u0105 szybkie formowanie bel przy minimalnej ingerencji operatora. Skraca to przestoje i poprawia og\u00f3ln\u0105 wydajno\u015b\u0107 pracy w gospodarstwie.<\/li>\n<li><strong>Czy lunet\u0119 9YG-2.24D mo\u017cna stosowa\u0107 w r\u00f3\u017cnych warunkach pogodowych?<\/strong><br \/>\nTak, luneta 9YG-2.24D zosta\u0142a zaprojektowana do efektywnej pracy w r\u00f3\u017cnych warunkach pogodowych, w tym w suchym, mokrym i trudnym \u015brodowisku. Jej solidna konstrukcja gwarantuje niezawodn\u0105 prac\u0119.<\/li>\n<li><strong>Jakie materia\u0142y mo\u017ce obrabia\u0107 maszyna 9YG-2.24D?<\/strong><br \/>\nModel 9YG-2.24D mo\u017ce obs\u0142ugiwa\u0107 r\u00f3\u017cnorodne materia\u0142y rolnicze, w tym siano, s\u0142om\u0119, traw\u0119 i inne podobne uprawy. Jest na tyle wszechstronny, \u017ce nadaje si\u0119 do r\u00f3\u017cnych zastosowa\u0144 rolniczych.<\/li>\n<li><strong>Czy prasa zwijaj\u0105ca 9YG-2.24D jest \u0142atwa w konserwacji?<\/strong><br \/>\nTak, model 9YG-2.24D zosta\u0142 zaprojektowany z my\u015bl\u0105 o minimalnej konserwacji. Regularne kontrole uk\u0142adu hydraulicznego, rolek i pas\u00f3w zapewni\u0105 p\u0142ynn\u0105 prac\u0119 bez konieczno\u015bci intensywnej konserwacji.<\/li>\n<li><strong>Jak d\u0142ugi jest okres obowi\u0105zywania gwarancji?<\/strong><br \/>\nModel 9YG-2.24D obj\u0119ty jest 3-letni\u0105 gwarancj\u0105, co zapewnia spok\u00f3j ducha i ochron\u0119 inwestycji przez d\u0142ugi czas.<\/li>\n<li><strong>Czy mog\u0119 dostosowa\u0107 obiektyw 9YG-2.24D do swoich potrzeb?<\/strong><br \/>\nTak, oferujemy szybk\u0105 personalizacj\u0119, aby dostosowa\u0107 pras\u0119 do konkretnych potrzeb Twojego gospodarstwa rolnego, dzi\u0119ki czemu b\u0119dziesz m\u00f3g\u0142 w pe\u0142ni wykorzysta\u0107 potencja\u0142 swojego sprz\u0119tu.<\/li>\n<li><strong>Jaka jest przewidywana \u017cywotno\u015b\u0107 prasy zwijaj\u0105cej 9YG-2.24D?<\/strong><br \/>\nPrzy prawid\u0142owej konserwacji maszyna 9YG-2.24D mo\u017ce s\u0142u\u017cy\u0107 przez wiele lat, zapewniaj\u0105c Twojemu gospodarstwu d\u0142ugoterminow\u0105 niezawodno\u015b\u0107.<\/li>\n<li><strong>Czy silnik 9YG-2.24D jest oszcz\u0119dny pod wzgl\u0119dem zu\u017cycia paliwa?<\/strong><br \/>\nTak, silnik 9YG-2.24D zosta\u0142 zaprojektowany z uwzgl\u0119dnieniem funkcji oszcz\u0119dzania paliwa, kt\u00f3re optymalizuj\u0105 jego zu\u017cycie, co pomaga obni\u017cy\u0107 koszty eksploatacji.<\/li>\n<li><strong>Jak \u0142atwa jest obs\u0142uga obiektywu 9YG-2.24D?<\/strong><br \/>\nObs\u0142uga 9YG-2.24D jest prosta i intuicyjna, nawet dla os\u00f3b z niewielkim do\u015bwiadczeniem. Funkcje automatyzacji sprawiaj\u0105, \u017ce obs\u0142uga jest \u0142atwa i wymaga minimalnej interwencji operatora.<\/li>\n<li><strong>Jakie typy gospodarstw rolnych korzystaj\u0105 ze strzelby 9YG-2.24D?<\/strong><br \/>\nModel 9YG-2.24D idealnie nadaje si\u0119 do r\u00f3\u017cnego rodzaju gospodarstw, w tym do du\u017cych producent\u00f3w siana, gospodarstw hodowlanych oraz wsz\u0119dzie tam, gdzie wymagane jest wydajne zarz\u0105dzanie resztkami po\u017cniwnymi.<\/li>\n<li><strong>W jaki spos\u00f3b obiektyw 9YG-2.24D u\u0142atwia przechowywanie?<\/strong><br \/>\nMocno sprasowane okr\u0105g\u0142e bele produkowane przez pras\u0119 9YG-2.24D doskonale nadaj\u0105 si\u0119 do \u0142atwego przechowywania, chroni\u0105c plony przed czynnikami atmosferycznymi i zapewniaj\u0105c lepsz\u0105 efektywno\u015b\u0107 przechowywania.<\/li>\n<li><strong>Czy maszyna 9YG-2.24D obs\u0142uguje r\u00f3\u017cne rozmiary bel?<\/strong><br \/>\nMaszyna 9YG-2.24D umo\u017cliwia produkcj\u0119 jednolitych, okr\u0105g\u0142ych bel o r\u00f3\u017cnych rozmiarach, kt\u00f3re mo\u017cna dostosowa\u0107 do swoich potrzeb.<\/li>\n<li><strong>Czy karabin 9YG-2.24D mo\u017cna \u0142atwo transportowa\u0107?<\/strong><br \/>\nTak, model 9YG-2.24D jest kompaktowy i \u0142atwy w transporcie na du\u017cych polach, co czyni go przydatnym w r\u00f3\u017cnych lokalizacjach rolniczych.<\/li>\n<li><strong>Co wyr\u00f3\u017cnia pras\u0119 9YG-2.24D na tle innych pras?<\/strong><br \/>\nModel 9YG-2.24D wyr\u00f3\u017cnia si\u0119 zaawansowanymi funkcjami, oszcz\u0119dno\u015bci\u0105 paliwa, trwa\u0142o\u015bci\u0105 i \u0142atwo\u015bci\u0105 obs\u0142ugi, dzi\u0119ki czemu jest najlepszym wyborem dla nowoczesnych rolnik\u00f3w chc\u0105cych zwi\u0119kszy\u0107 wydajno\u015b\u0107.<\/li>\n<\/ol>\n<p>Edytuj przez gzl<\/p>\n<p>&nbsp;<\/p>","protected":false},"excerpt":{"rendered":"<p>Prasa zwijaj\u0105ca 9YG-2.24D (S9000 Beyond) to wysokowydajna prasa przeznaczona do produkcji siana, s\u0142omy i kiszonki na du\u017c\u0105 skal\u0119. Ta automatyczna prasa skutecznie prasuje i wi\u0105\u017ce pasz\u0119 w zwarte, okr\u0105g\u0142e bele, zapewniaj\u0105c niezawodn\u0105 wydajno\u015b\u0107 w ci\u0119\u017ckich warunkach rolniczych. Dzi\u0119ki komorze belowania o du\u017cej pojemno\u015bci, automatycznemu systemowi wi\u0105zania i trwa\u0142ej konstrukcji, prasa ta jest idealna dla rolnik\u00f3w, kt\u00f3rzy chc\u0105 zwi\u0119kszy\u0107 wydajno\u015b\u0107, minimalizuj\u0105c jednocze\u015bnie nak\u0142ad pracy. Niezale\u017cnie od tego, czy produkujesz suche siano, czy mokr\u0105 kiszonk\u0119, ta prasa zwijaj\u0105ca jest przeznaczona do zbioru r\u00f3\u017cnych upraw. To jedna z najlepszych pras zwijaj\u0105cych do produkcji siana na du\u017c\u0105 skal\u0119, zapewniaj\u0105ca szybkie i wysokiej jako\u015bci rezultaty. Je\u015bli szukasz niezawodnej prasy, 9YG-2.24D oferuje doskona\u0142y stosunek jako\u015bci do ceny i wydajno\u015b\u0107.<\/p>","protected":false},"featured_media":345,"template":"","meta":{"_et_pb_use_builder":"","_et_pb_old_content":"","_et_gb_content_width":""},"product_brand":[],"product_cat":[22],"product_tag":[],"class_list":{"0":"post-341","1":"product","2":"type-product","3":"status-publish","4":"has-post-thumbnail","6":"product_cat-round-baler-rake","8":"first","9":"instock","10":"shipping-taxable","11":"product-type-simple"},"_links":{"self":[{"href":"https:\/\/farm-baler.com\/pl\/wp-json\/wp\/v2\/product\/341","targetHints":{"allow":["GET"]}}],"collection":[{"href":"https:\/\/farm-baler.com\/pl\/wp-json\/wp\/v2\/product"}],"about":[{"href":"https:\/\/farm-baler.com\/pl\/wp-json\/wp\/v2\/types\/product"}],"wp:featuredmedia":[{"embeddable":true,"href":"https:\/\/farm-baler.com\/pl\/wp-json\/wp\/v2\/media\/345"}],"wp:attachment":[{"href":"https:\/\/farm-baler.com\/pl\/wp-json\/wp\/v2\/media?parent=341"}],"wp:term":[{"taxonomy":"product_brand","embeddable":true,"href":"https:\/\/farm-baler.com\/pl\/wp-json\/wp\/v2\/product_brand?post=341"},{"taxonomy":"product_cat","embeddable":true,"href":"https:\/\/farm-baler.com\/pl\/wp-json\/wp\/v2\/product_cat?post=341"},{"taxonomy":"product_tag","embeddable":true,"href":"https:\/\/farm-baler.com\/pl\/wp-json\/wp\/v2\/product_tag?post=341"}],"curies":[{"name":"wp","href":"https:\/\/api.w.org\/{rel}","templated":true}]}}