{"id":321,"date":"2025-12-01T08:28:04","date_gmt":"2025-12-01T08:28:04","guid":{"rendered":"https:\/\/farm-baler.com\/?post_type=product&#038;p=321"},"modified":"2025-12-12T06:28:34","modified_gmt":"2025-12-12T06:28:34","slug":"prasa-okragla-9yg-1-0","status":"publish","type":"product","link":"https:\/\/farm-baler.com\/pl\/produkt\/prasa-okragla-9yg-1-0\/","title":{"rendered":"Prasa zwijaj\u0105ca 9YG-1.0"},"content":{"rendered":"<p data-start=\"46\" data-end=\"444\">Prasa zwijaj\u0105ca 9YG-1.0 to zaawansowana maszyna rolnicza zaprojektowana do wydajnego zbioru i belowania r\u00f3\u017cnych rodzaj\u00f3w pasz, w tym siana, s\u0142omy i kiszonki. Ta wysokowydajna prasa zwijaj\u0105ca idealnie wsp\u00f3\u0142pracuje z ci\u0105gnikami i stanowi niezb\u0119dne wyposa\u017cenie dla rolnik\u00f3w, kt\u00f3rzy chc\u0105 zwi\u0119kszy\u0107 wydajno\u015b\u0107 i upro\u015bci\u0107 zbi\u00f3r siana i paszy.<\/p>\n<h2>Dane techniczne<\/h2>\n<table style=\"border-color: #000000;\">\n<thead>\n<tr>\n<th>NIE.<\/th>\n<th>Przedmiot<\/th>\n<th>Jednostka<\/th>\n<th>Specyfikacja<\/th>\n<\/tr>\n<\/thead>\n<tbody>\n<tr>\n<td>1<\/td>\n<td>Nazwa modelu<\/td>\n<td>\/<\/td>\n<td>Prasa zwijaj\u0105ca 9YG-1.0<\/td>\n<\/tr>\n<tr>\n<td>2<\/td>\n<td>Metoda zaczepiania<\/td>\n<td>\/<\/td>\n<td>Typ trakcji<\/td>\n<\/tr>\n<tr>\n<td>3<\/td>\n<td>Szeroko\u015b\u0107 pobierania<\/td>\n<td>mm<\/td>\n<td>1900<\/td>\n<\/tr>\n<tr>\n<td>4<\/td>\n<td>Typ struktury selektora<\/td>\n<td>\/<\/td>\n<td>Typ z\u0119ba spr\u0119\u017cynowego<\/td>\n<\/tr>\n<tr>\n<td>5<\/td>\n<td>Typ konstrukcji podajnika<\/td>\n<td>\/<\/td>\n<td>\u0141a\u0144cuch palcowy + typ b\u0119bna<\/td>\n<\/tr>\n<tr>\n<td>6<\/td>\n<td>Typ mechanizmu komory spr\u0119\u017cania<\/td>\n<td>\/<\/td>\n<td>Typ b\u0119bna<\/td>\n<\/tr>\n<tr>\n<td>7<\/td>\n<td>Szeroko\u015b\u0107 komory spr\u0119\u017cania<\/td>\n<td>mm<\/td>\n<td>1000<\/td>\n<\/tr>\n<tr>\n<td>8<\/td>\n<td>\u015arednica komory spr\u0119\u017cania<\/td>\n<td>mm<\/td>\n<td>\u03a61000<\/td>\n<\/tr>\n<tr>\n<td>9<\/td>\n<td>Liczba element\u00f3w komory spr\u0119\u017cania<\/td>\n<td>szt.<\/td>\n<td>16 (perkusja)<\/td>\n<\/tr>\n<tr>\n<td>10<\/td>\n<td>\u015arednica b\u0119bna do belowania<\/td>\n<td>mm<\/td>\n<td>\u03a6222<\/td>\n<\/tr>\n<tr>\n<td>11<\/td>\n<td>Metoda wi\u0105zania<\/td>\n<td>\/<\/td>\n<td>Owijanie siatk\u0105<\/td>\n<\/tr>\n<tr>\n<td>12<\/td>\n<td>Dopasowana moc<\/td>\n<td>kw<\/td>\n<td>48~80<\/td>\n<\/tr>\n<tr>\n<td>13<\/td>\n<td>Masa konstrukcyjna<\/td>\n<td>kg<\/td>\n<td>2640<\/td>\n<\/tr>\n<tr>\n<td>14<\/td>\n<td>Pr\u0119dko\u015b\u0107 WOM<\/td>\n<td>obr.\/min<\/td>\n<td>720 (Stan roboczy)<\/td>\n<\/tr>\n<tr>\n<td>15<\/td>\n<td>Wymiary ca\u0142kowite (d\u0142. \u00d7 szer. \u00d7 wys.)<\/td>\n<td>mm<\/td>\n<td>3750\u00d72300\u00d72020<\/td>\n<\/tr>\n<tr>\n<td>16<\/td>\n<td>Kontrola g\u0119sto\u015bci beli<\/td>\n<td>\/<\/td>\n<td>Kontrola czujnika<\/td>\n<\/tr>\n<tr>\n<td>17<\/td>\n<td>Rozmiar beli (\u015brednica \u00d7 szeroko\u015b\u0107)<\/td>\n<td>mm<\/td>\n<td>\u03a61100\u00d71000<\/td>\n<\/tr>\n<tr>\n<td>18<\/td>\n<td>G\u0119sto\u015b\u0107 beli<\/td>\n<td>kg\/m\u00b3<\/td>\n<td>115~200<\/td>\n<\/tr>\n<tr>\n<td>19<\/td>\n<td>Wydajno\u015b\u0107<\/td>\n<td>bele\/h<\/td>\n<td>40~100<\/td>\n<\/tr>\n<tr>\n<td>20<\/td>\n<td>\u015alady k\u00f3\u0142<\/td>\n<td>mm<\/td>\n<td>2045<\/td>\n<\/tr>\n<tr>\n<td>21<\/td>\n<td>Pr\u0119dko\u015b\u0107 robocza<\/td>\n<td>km\/h<\/td>\n<td>5~20<\/td>\n<\/tr>\n<tr>\n<td>22<\/td>\n<td>Specyfikacja siatki opakowaniowej (d\u0142ugo\u015b\u0107 \u00d7 szeroko\u015b\u0107)<\/td>\n<td>M<\/td>\n<td>2000\u00d71,0 m\/bela<\/td>\n<\/tr>\n<\/tbody>\n<\/table>\n<h2>Definicja produktu<\/h2>\n<p>Prasa zwijaj\u0105ca 9YG-1.0 to wszechstronna maszyna rolnicza przeznaczona do belowania siana, s\u0142omy i innych resztek po\u017cniwnych w bele cylindryczne. Wyposa\u017cona w zaawansowane funkcje, umo\u017cliwia wydajn\u0105 i wysokowydajn\u0105 prac\u0119, pomagaj\u0105c u\u017cytkownikom usprawni\u0107 proces belowania. Prasa ta nadaje si\u0119 do r\u00f3\u017cnych prac rolniczych, zapewniaj\u0105c trwa\u0142o\u015b\u0107 i \u0142atwo\u015b\u0107 u\u017cytkowania nawet w trudnych warunkach rolniczych.<\/p>\n<h2>Rozwi\u0105zane problemy i zastosowania<\/h2>\n<p>Prasa zwijaj\u0105ca 9YG-1.0 rozwi\u0105zuje szereg typowych problem\u00f3w, z jakimi borykaj\u0105 si\u0119 rolnicy. Po pierwsze, zwi\u0119ksza wydajno\u015b\u0107 belowania oraz redukuje koszty pracy i czas. Dok\u0142adnie prasuje resztki po\u017cniwne w \u0142atwe w obs\u0142udze bele, pomagaj\u0105c rolnikom utrzyma\u0107 czyste i zorganizowane miejsce pracy. Co wi\u0119cej, pomaga zachowa\u0107 siano i s\u0142om\u0119, zapewniaj\u0105c optymalne przechowywanie do p\u00f3\u017aniejszego wykorzystania jako pasza dla zwierz\u0105t gospodarskich lub \u015bci\u00f3\u0142ka. Co wi\u0119cej, prasy precyzyjnie formuj\u0105 bele o jednolitym rozmiarze, redukuj\u0105c ilo\u015b\u0107 odpad\u00f3w i czyni\u0105c je przyjaznym dla \u015brodowiska rozwi\u0105zaniem w produkcji rolnej.<\/p>\n<h2>Zalety produktu<\/h2>\n<ul>\n<li><strong>Wysoka wydajno\u015b\u0107:<\/strong> Prasa zwijaj\u0105ca 9YG-1.0 pracuje z wysok\u0105 wydajno\u015bci\u0105, zapewniaj\u0105c maksymaln\u0105 wydajno\u015b\u0107 przy minimalnym wysi\u0142ku. Taka wydajno\u015b\u0107 obni\u017ca koszty operacyjne i czas sp\u0119dzany w polu, pozwalaj\u0105c rolnikom skupi\u0107 si\u0119 na innych zadaniach.<\/li>\n<li><strong>Trwa\u0142a konstrukcja:<\/strong> Zbudowany z wytrzyma\u0142ych materia\u0142\u00f3w, model 9YG-1.0 zosta\u0142 zaprojektowany z my\u015bl\u0105 o trudnych warunkach rolniczych. Jego solidna konstrukcja gwarantuje d\u0142ugowieczno\u015b\u0107, co czyni go niezawodn\u0105 inwestycj\u0105 na d\u0142ugie lata u\u017cytkowania.<\/li>\n<li><strong>\u0141atwy w u\u017cyciu:<\/strong> Przyjazny dla u\u017cytkownika interfejs prasy 9YG-1.0 sprawia, \u017ce \u200b\u200bjest ona dost\u0119pna dla rolnik\u00f3w o r\u00f3\u017cnym poziomie do\u015bwiadczenia. Upraszcza proces belowania, skracaj\u0105c czas nauki i poprawiaj\u0105c og\u00f3ln\u0105 wydajno\u015b\u0107.<\/li>\n<li><strong>Wszechstronne belowanie:<\/strong> Ta prasa zwijaj\u0105ca mo\u017ce przetwarza\u0107 szerok\u0105 gam\u0119 materia\u0142\u00f3w, w tym siano, s\u0142om\u0119 i inne resztki po\u017cniwne, dzi\u0119ki czemu nadaje si\u0119 do r\u00f3\u017cnych zastosowa\u0144 rolniczych.<\/li>\n<li><strong>Kompaktowa konstrukcja:<\/strong> Kompaktowa konstrukcja urz\u0105dzenia 9YG-1.0 sprawia, \u017ce \u200b\u200bmo\u017cna nim \u0142atwo manewrowa\u0107 w ciasnych przestrzeniach, dzi\u0119ki czemu idealnie nadaje si\u0119 do ma\u0142ych i \u015brednich gospodarstw o \u200b\u200bograniczonej pojemno\u015bci magazynowej.<\/li>\n<\/ul>\n<h2>Jak dzia\u0142a prasa zwijaj\u0105ca 9YG-1.0<\/h2>\n<p>Prasa zwijaj\u0105ca 9YG-1.0 wykorzystuje kombinacj\u0119 rolek i regulowanego systemu naci\u0105gu do zbierania i prasowania materia\u0142u w okr\u0105g\u0142e bele. Po uruchomieniu maszyny, materia\u0142 jest podbierany przez mechanizm zbieraj\u0105cy i podawany do komory prasowania. Rolki wewn\u0105trz komory prasowania prasuj\u0105 materia\u0142 w ciasne bele. System naci\u0105gu maszyny zapewnia ciasne i r\u00f3wnomierne kszta\u0142ty bel. Po uformowaniu bele s\u0105 owijane lin\u0105 lub siatk\u0105, co u\u0142atwia ich przenoszenie i transport.<\/p>\n<p style=\"text-align: center;\"><img loading=\"lazy\" decoding=\"async\" class=\"alignnone wp-image-323\" src=\"https:\/\/farm-baler.com\/wp-content\/uploads\/2025\/12\/ep-9YG-1.0-Round-Baler1-1-1.webp\" alt=\"Prasa okr\u0105g\u0142a\" width=\"469\" height=\"469\" srcset=\"https:\/\/farm-baler.com\/wp-content\/uploads\/2025\/12\/ep-9YG-1.0-Round-Baler1-1-1.webp 259w, https:\/\/farm-baler.com\/wp-content\/uploads\/2025\/12\/ep-9YG-1.0-Round-Baler1-1-1-150x150.webp 150w, https:\/\/farm-baler.com\/wp-content\/uploads\/2025\/12\/ep-9YG-1.0-Round-Baler1-1-1-12x12.webp 12w, https:\/\/farm-baler.com\/wp-content\/uploads\/2025\/12\/ep-9YG-1.0-Round-Baler1-1-1-100x100.webp 100w\" sizes=\"(max-width: 469px) 100vw, 469px\" \/><\/p>\n<h2>G\u0142\u00f3wne zastosowania prasy okr\u0105g\u0142ej 9YG-1.0<\/h2>\n<ul>\n<li><strong>Prasowanie siana i s\u0142omy:<\/strong> Idealne dla rolnik\u00f3w chc\u0105cych prasowa\u0107 siano i s\u0142om\u0119 w celu przechowywania lub jako karm\u0119 dla zwierz\u0105t.<\/li>\n<li><strong>Produkcja kiszonki:<\/strong> Stosowany do produkcji kiszonki, kt\u00f3ra jest niezb\u0119dna jako pasza dla zwierz\u0105t w miesi\u0105cach zimowych.<\/li>\n<li><strong>Zarz\u0105dzanie resztkami po\u017cniwnymi:<\/strong> Pomaga w zagospodarowaniu resztek po\u017cniwnych, np. \u0142odyg kukurydzy, zmniejszaj\u0105c ilo\u015b\u0107 odpad\u00f3w i umo\u017cliwiaj\u0105c wykorzystanie resztek po\u017cniwnych.<\/li>\n<li><strong>\u015aci\u00f3\u0142ka dla zwierz\u0105t gospodarskich:<\/strong> Tworzy zwarte bele, kt\u00f3re mo\u017cna wykorzysta\u0107 jako \u015bci\u00f3\u0142k\u0119 dla zwierz\u0105t gospodarskich, zapewniaj\u0105c im komfort.<\/li>\n<li><strong>Ekologiczna utylizacja:<\/strong> Umo\u017cliwia recykling odpad\u00f3w rolniczych, przyczyniaj\u0105c si\u0119 do praktyk zr\u00f3wnowa\u017conego rozwoju.<\/li>\n<li><strong>Przechowywanie paszy:<\/strong> Doskonale nadaje si\u0119 do przechowywania paszy do wykorzystania w przysz\u0142o\u015bci, zapobiega jej psuciu si\u0119 i zachowuje jako\u015b\u0107 od\u017cywcz\u0105.<\/li>\n<\/ul>\n<h2>Jak wybra\u0107 odpowiedni\u0105 pras\u0119 zwijaj\u0105c\u0105 9YG-1.0<\/h2>\n<ul>\n<li><strong>Typ materia\u0142u:<\/strong> Upewnij si\u0119, \u017ce prasa jest odpowiednia do rodzaju plon\u00f3w, kt\u00f3re zamierzasz prasowa\u0107, np. siana, s\u0142omy lub innych resztek po\u017cniwnych.<\/li>\n<li><strong>Rozmiar beli:<\/strong> We\u017a pod uwag\u0119 rozmiar beli wymagany w Twojej dzia\u0142alno\u015bci. Maszyna 9YG-1.0 mo\u017ce formowa\u0107 bele o r\u00f3\u017cnych rozmiarach, aby sprosta\u0107 zr\u00f3\u017cnicowanym potrzebom magazynowania i transportu.<\/li>\n<li><strong>Wielko\u015b\u0107 gospodarstwa:<\/strong> Wybierz model dopasowany do skali Twojego gospodarstwa. Model 9YG-1.0 idealnie nadaje si\u0119 do ma\u0142ych i \u015brednich gospodarstw, ale wi\u0119ksze gospodarstwa mog\u0105 wymaga\u0107 maszyny o wi\u0119kszej wydajno\u015bci.<\/li>\n<li><strong>Trwa\u0142o\u015b\u0107:<\/strong> Wybierz pras\u0119 wykonan\u0105 z trwa\u0142ych materia\u0142\u00f3w, kt\u00f3re wytrzymaj\u0105 trudne warunki panuj\u0105ce w rolnictwie.<\/li>\n<li><strong>\u0141atwo\u015b\u0107 u\u017cytkowania:<\/strong> Poszukaj modelu, kt\u00f3ry oferuje proste sterowanie, dzi\u0119ki czemu b\u0119dziesz m\u00f3g\u0142 obs\u0142ugiwa\u0107 go wydajnie, po kr\u00f3tkim przeszkoleniu.<\/li>\n<li><strong>Wymagania konserwacyjne:<\/strong> Rozwa\u017c pras\u0119, kt\u00f3ra jest \u0142atwa w konserwacji i serwisowaniu, dzi\u0119ki czemu b\u0119dzie dzia\u0142a\u0107 przez wiele lat.<\/li>\n<\/ul>\n<h2>Wskaz\u00f3wki dotycz\u0105ce konserwacji prasy okr\u0105g\u0142ej 9YG-1.0<\/h2>\n<p>Regularna konserwacja jest niezb\u0119dna dla d\u0142ugowieczno\u015bci i wydajno\u015bci 9YG-1.0 <a href=\"https:\/\/farm-baler.com\/pl\/produkt\/maszyna-do-ciecia-i-splaszczania-9gqy-3-2\/\">Prasa okr\u0105g\u0142a<\/a>Do najwa\u017cniejszych zada\u0144 konserwacyjnych nale\u017c\u0105:<\/p>\n<ul>\n<li><strong>Smarowanie:<\/strong> Regularnie smaruj ruchome cz\u0119\u015bci, w tym rolki, \u0142o\u017cyska i przek\u0142adnie, aby ograniczy\u0107 zu\u017cycie i zapewni\u0107 p\u0142ynn\u0105 prac\u0119.<\/li>\n<li><strong>Kontrola komponent\u00f3w:<\/strong> Sprawd\u017a wszystkie krytyczne podzespo\u0142y, takie jak mechanizm podnosz\u0105cy, uk\u0142ad napinaj\u0105cy i uk\u0142ad nap\u0119dowy, pod k\u0105tem oznak zu\u017cycia i w razie potrzeby wymie\u0144 cz\u0119\u015bci.<\/li>\n<li><strong>Czyszczenie:<\/strong> Po ka\u017cdym u\u017cyciu nale\u017cy wyczy\u015bci\u0107 pras\u0119, aby usun\u0105\u0107 wszelkie pozosta\u0142o\u015bci, kt\u00f3re mog\u0105 mie\u0107 wp\u0142yw na wydajno\u015b\u0107 i powodowa\u0107 zatory.<\/li>\n<li><strong>Dostosowania:<\/strong> Upewnij si\u0119, \u017ce rozmiar beli i ustawienia napi\u0119cia s\u0105 odpowiednio ustawione, odpowiednio do prasowanego materia\u0142u.<\/li>\n<li><strong>Sk\u0142adowanie:<\/strong> Gdy prasa nie jest u\u017cywana, nale\u017cy j\u0105 przechowywa\u0107 w suchym miejscu, aby chroni\u0107 j\u0105 przed czynnikami atmosferycznymi i zapobiec rdzewieniu.<\/li>\n<\/ul>\n<h3 style=\"text-align: center;\" data-start=\"2799\" data-end=\"2842\"><img loading=\"lazy\" decoding=\"async\" class=\"alignnone wp-image-325\" src=\"https:\/\/farm-baler.com\/wp-content\/uploads\/2025\/12\/ep-9YG-1.0-Round-Baler1-2-1.webp\" alt=\"Prasa okr\u0105g\u0142a\" width=\"475\" height=\"475\" srcset=\"https:\/\/farm-baler.com\/wp-content\/uploads\/2025\/12\/ep-9YG-1.0-Round-Baler1-2-1.webp 262w, https:\/\/farm-baler.com\/wp-content\/uploads\/2025\/12\/ep-9YG-1.0-Round-Baler1-2-1-150x150.webp 150w, https:\/\/farm-baler.com\/wp-content\/uploads\/2025\/12\/ep-9YG-1.0-Round-Baler1-2-1-12x12.webp 12w, https:\/\/farm-baler.com\/wp-content\/uploads\/2025\/12\/ep-9YG-1.0-Round-Baler1-2-1-100x100.webp 100w\" sizes=\"(max-width: 475px) 100vw, 475px\" \/><\/h3>\n<h2>Opinie klient\u00f3w<\/h2>\n<div>\n<p>\u201eKupi\u0142em pras\u0119 zwijaj\u0105c\u0105 9YG-1.0 w zesz\u0142ym sezonie i jestem pod ogromnym wra\u017ceniem jej wydajno\u015bci. Z \u0142atwo\u015bci\u0105 radzi sobie z du\u017cymi polami siana i produkuje jednolite, zwarte bele. Maszyna jest trwa\u0142a i \u0142atwa w konserwacji, co zdecydowanie zwi\u0119kszy\u0142o moj\u0105 wydajno\u015b\u0107 w polu. Gor\u0105co polecam j\u0105 ka\u017cdemu rolnikowi poszukuj\u0105cemu niezawodnej prasy.\u201d<\/p>\n<p><strong>\u2014\u2014David Zhang, Chiny<\/strong><\/p>\n<p>\u201eJako rolnik z p\u00f3\u0142nocno-wschodnich Chin, mam co roku mn\u00f3stwo s\u0142omy do zagospodarowania. Prasa zwijaj\u0105ca 9YG-1.0 znacznie u\u0142atwi\u0142a mi belowanie. Jest mocna, wydajna i zajmuje niewiele miejsca w stodole. U\u017cywam jej od roku i wci\u0105\u017c dzia\u0142a jak nowa. Doskona\u0142y stosunek jako\u015bci do ceny.\u201d<\/p>\n<p><strong>\u2014\u2014Maria Lopez, Hiszpania<\/strong><\/p>\n<p>\u201e9YG-1.0 to fantastyczna prasa. U\u017cywamy jej w naszym gospodarstwie do belowania zar\u00f3wno siana, jak i s\u0142omy. Jest niezawodna i dobrze sprawdza si\u0119 nawet w trudnych warunkach. Rozmiar bel idealnie odpowiada naszym potrzebom w zakresie przechowywania i pozwala nam zaoszcz\u0119dzi\u0107 du\u017co czasu podczas zbior\u00f3w\u201d.<\/p>\n<p><strong>\u2014\u2014Alexei Ivanov, Rosja<\/strong><\/p>\n<p>\u201eProwadz\u0119 du\u017ce gospodarstwo rolne w Rosji, a prasa zwijaj\u0105ca 9YG-1.0 zmieni\u0142a nasze zasady gry. Jest wystarczaj\u0105co wytrzyma\u0142a, aby sprosta\u0107 d\u0142ugim godzinom pracy i du\u017cym obci\u0105\u017ceniom w sezonie zbior\u00f3w. Jest wydajna, a obs\u0142uga klienta jest \u015bwietna. Jak dot\u0105d nie mieli\u015bmy \u017cadnych problem\u00f3w\u201d.<\/p>\n<p><strong>\u2014\u2014Emma Peterson, Australia<\/strong><\/p>\n<p>\u201eU\u017cywamy 9YG-1.0 od kilku miesi\u0119cy i to niesamowita maszyna. Dzi\u0119ki niej nasze belowanie siana sta\u0142o si\u0119 o wiele bardziej wydajne. Bele s\u0105 r\u00f3wnomierne, a maszyna bez problemu radzi sobie ze wszystkim, od lekkiej trawy po g\u0119ste siano. Gor\u0105co polecam!\u201d<\/p>\n<p><strong>\u2014\u2014John Miller, USA<\/strong><\/p>\n<\/div>\n<h2>Dlaczego warto wybra\u0107 nasz produkt?<\/h2>\n<p>Wybieraj\u0105c nasz\u0105 pras\u0119 zwijaj\u0105c\u0105 9YG-1.0, wybierasz wysokiej jako\u015bci, trwa\u0142e i wydajne rozwi\u0105zanie dla swoich potrzeb rolniczych. Oferujemy szybk\u0105 personalizacj\u0119, aby spe\u0142ni\u0107 Twoje indywidualne potrzeby. Nasze maszyny obj\u0119te s\u0105 trzyletni\u0105 gwarancj\u0105, co daje Ci spok\u00f3j ducha. Zapewniamy r\u00f3wnie\u017c kompleksowe wsparcie posprzeda\u017cowe i szybk\u0105 wysy\u0142k\u0119 na ca\u0142y \u015bwiat, aby sprosta\u0107 Twoim pilnym potrzebom. Dzi\u0119ki naszemu silnemu zespo\u0142owi obs\u0142ugi klienta mo\u017cesz by\u0107 pewien, \u017ce zawsze dok\u0142adamy wszelkich stara\u0144, aby pom\u00f3c Ci zmaksymalizowa\u0107 wydajno\u015b\u0107 operacyjn\u0105.<\/p>\n<p style=\"text-align: center;\"><img loading=\"lazy\" decoding=\"async\" class=\"alignnone wp-image-326\" src=\"https:\/\/farm-baler.com\/wp-content\/uploads\/2025\/12\/ep-9YG-1.0-Round-Baler1-3-1.webp\" alt=\"Prasa okr\u0105g\u0142a\" width=\"486\" height=\"486\" srcset=\"https:\/\/farm-baler.com\/wp-content\/uploads\/2025\/12\/ep-9YG-1.0-Round-Baler1-3-1.webp 250w, https:\/\/farm-baler.com\/wp-content\/uploads\/2025\/12\/ep-9YG-1.0-Round-Baler1-3-1-150x150.webp 150w, https:\/\/farm-baler.com\/wp-content\/uploads\/2025\/12\/ep-9YG-1.0-Round-Baler1-3-1-12x12.webp 12w, https:\/\/farm-baler.com\/wp-content\/uploads\/2025\/12\/ep-9YG-1.0-Round-Baler1-3-1-100x100.webp 100w\" sizes=\"(max-width: 486px) 100vw, 486px\" \/><\/p>\n<h2>Poznaj nasz\u0105 ofert\u0119 produkt\u00f3w<\/h2>\n<p>Opr\u00f3cz prasy zwijaj\u0105cej 9YG-1.0 oferujemy pe\u0142n\u0105 gam\u0119 sprz\u0119tu rolniczego i akcesori\u00f3w, kt\u00f3re zaspokoj\u0105 wszelkie potrzeby. Nasza oferta obejmuje cz\u0119\u015bci zamienne, akcesoria i inne niezb\u0119dne narz\u0119dzia rolnicze do posiadanych maszyn. Zale\u017cy nam na dostarczaniu wysokiej jako\u015bci produkt\u00f3w, konkurencyjnych cen i doskona\u0142ej obs\u0142ugi, dlatego wierzymy, \u017ce mo\u017cemy zaoferowa\u0107 idealne rozwi\u0105zania, kt\u00f3re spe\u0142ni\u0105 Pa\u0144stwa potrzeby w rolnictwie. Skontaktuj si\u0119 z nami ju\u017c dzi\u015b, aby dowiedzie\u0107 si\u0119 wi\u0119cej o naszych produktach i us\u0142ugach. Z przyjemno\u015bci\u0105 pomo\u017cemy Pa\u0144stwu zwi\u0119kszy\u0107 produktywno\u015b\u0107!<\/p>\n<h2>Cz\u0119sto zadawane pytania<\/h2>\n<p><strong>1. Jaka jest pojemno\u015b\u0107 prasy okr\u0105g\u0142ej 9YG-1.0?<\/strong><\/p>\n<p>Prasa zwijaj\u0105ca 9YG-1.0 mo\u017ce obs\u0142u\u017cy\u0107 du\u017c\u0105 ilo\u015b\u0107 materia\u0142u, szybko formuj\u0105c zwarte bele. Idealnie nadaje si\u0119 do \u015brednich i du\u017cych gospodarstw, zapewniaj\u0105c wydajne przetwarzanie siana, s\u0142omy i innych resztek po\u017cniwnych.<\/p>\n<p><strong>2. Jak \u0142atwa jest konserwacja prasy okr\u0105g\u0142ej 9YG-1.0?<\/strong><\/p>\n<p>Konserwacja jest prosta i wymaga regularnego smarowania i czyszczenia. Prasa zosta\u0142a zaprojektowana z my\u015bl\u0105 o \u0142atwym serwisowaniu, a kluczowe podzespo\u0142y s\u0105 \u0142atwo dost\u0119pne do kontroli i konserwacji.<\/p>\n<p><strong>3. Jakie rodzaje upraw mo\u017ce obs\u0142u\u017cy\u0107 prasa zwijaj\u0105ca 9YG-1.0?<\/strong><\/p>\n<p>Prasa zwijaj\u0105ca 9YG-1.0 nadaje si\u0119 do zbioru szerokiej gamy plon\u00f3w, w tym siana, s\u0142omy i innych resztek po\u017cniwnych, np. \u0142odyg kukurydzy.<\/p>\n<p><strong>4. Czy prasa zwijaj\u0105ca 9YG-1.0 mo\u017ce pracowa\u0107 w warunkach wilgotnych?<\/strong><\/p>\n<p>Chocia\u017c model 9YG-1.0 zosta\u0142 zaprojektowany do wydajnego przetwarzania suchych plon\u00f3w, mo\u017ce on r\u00f3wnie\u017c przetwarza\u0107 lekko wilgotne materia\u0142y. Jednak dla uzyskania optymalnej wydajno\u015bci zaleca si\u0119 belowanie plon\u00f3w, gdy nie s\u0105 one nadmiernie wilgotne.<\/p>\n<p><strong>5. Jaka jest przewidywana \u017cywotno\u015b\u0107 prasy zwijaj\u0105cej 9YG-1.0?<\/strong><\/p>\n<p>Przy prawid\u0142owej konserwacji prasa zwijaj\u0105ca 9YG-1.0 mo\u017ce s\u0142u\u017cy\u0107 przez wiele lat, zapewniaj\u0105c niezawodn\u0105 prac\u0119 przez ca\u0142y okres u\u017cytkowania.<\/p>\n<p><strong>6. Jakiej wielko\u015bci bele produkuje maszyna 9YG-1.0?<\/strong><\/p>\n<p>Prasa zwijaj\u0105ca 9YG-1.0 umo\u017cliwia produkcj\u0119 bel o r\u00f3\u017cnych rozmiarach, dostosowuj\u0105c si\u0119 do potrzeb r\u00f3\u017cnych gospodarstw rolnych, z mo\u017cliwo\u015bci\u0105 regulacji rozmiaru bel.<\/p>\n<p><strong>7. Czy prasa zwijaj\u0105ca 9YG-1.0 obj\u0119ta jest gwarancj\u0105?<\/strong><\/p>\n<p>Tak, prasa zwijaj\u0105ca 9YG-1.0 obj\u0119ta jest 3-letni\u0105 gwarancj\u0105, dzi\u0119ki czemu mo\u017cesz polega\u0107 na jej wydajno\u015bci przez wiele lat.<\/p>\n<p><strong>8. Czy obs\u0142uga prasy okr\u0105g\u0142ej 9YG-1.0 wymaga specjalnego przeszkolenia?<\/strong><\/p>\n<p>Maszyna 9YG-1.0 zosta\u0142a zaprojektowana tak, aby by\u0142a przyjazna u\u017cytkownikowi. Dzi\u0119ki podstawowemu szkoleniu rolnicy mog\u0105 szybko nauczy\u0107 si\u0119 ni\u0105 sprawnie pos\u0142ugiwa\u0107.<\/p>\n<p><strong>9. Jakiego rodzaju wsparcie posprzeda\u017cowe jest dost\u0119pne dla prasy okr\u0105g\u0142ej 9YG-1.0?<\/strong><\/p>\n<p>Oferujemy pe\u0142ne wsparcie posprzeda\u017cowe, obejmuj\u0105ce pomoc w konserwacji, rozwi\u0105zywanie problem\u00f3w i dost\u0119pno\u015b\u0107 cz\u0119\u015bci zamiennych, aby mie\u0107 pewno\u015b\u0107, \u017ce Twoja prasa b\u0119dzie nadal dzia\u0142a\u0107 bezawaryjnie.<\/p>\n<p><strong>10. Czy mog\u0119 u\u017cywa\u0107 prasy zwijaj\u0105cej 9YG-1.0 do kiszonki?<\/strong><\/p>\n<p>Tak, prasa zwijaj\u0105ca 9YG-1.0 jest na tyle wszechstronna, \u017ce \u200b\u200bnadaje si\u0119 do produkcji kiszonki, dzi\u0119ki czemu spe\u0142nia r\u00f3\u017cnorodne potrzeby rolnictwa.<\/p>\n<p><strong>11. Jak prasa zwijaj\u0105ca 9YG-1.0 radzi sobie z r\u00f3\u017cnymi rodzajami resztek po\u017cniwnych?<\/strong><\/p>\n<p>Prasa wyposa\u017cona jest w zaawansowany system podbierania, kt\u00f3ry skutecznie zbiera resztki po\u017cniwne, takie jak s\u0142oma, siano i inne materia\u0142y ro\u015blinne, przetwarzaj\u0105c je w ciasno upakowane bele.<\/p>\n<p><strong>12. Czy mog\u0119 kupi\u0107 akcesoria do prasy zwijaj\u0105cej 9YG-1.0?<\/strong><\/p>\n<p>Tak, oferujemy szereg akcesori\u00f3w uzupe\u0142niaj\u0105cych Twoj\u0105 pras\u0119 zwijaj\u0105c\u0105 9YG-1.0, w tym cz\u0119\u015bci do konserwacji i osprz\u0119t do konkretnych zada\u0144.<\/p>\n<p><strong>13. Jaki jest przedzia\u0142 cenowy prasy zwijaj\u0105cej 9YG-1.0?<\/strong><\/p>\n<p>Cena prasy zwijaj\u0105cej 9YG-1.0 zale\u017cy od konkretnego modelu i opcji personalizacji. Prosimy o kontakt w celu uzyskania spersonalizowanej wyceny dopasowanej do Pa\u0144stwa potrzeb.<\/p>\n<p><strong>14. Jak szybko realizowana jest dostawa prasy okr\u0105g\u0142ej 9YG-1.0?<\/strong><\/p>\n<p>Oferujemy szybk\u0105 wysy\u0142k\u0119 na ca\u0142y \u015bwiat, dzi\u0119ki czemu masz pewno\u015b\u0107, \u017ce Twoje zam\u00f3wienie zostanie dostarczone najszybciej, jak to mo\u017cliwe, niezale\u017cnie od tego, gdzie si\u0119 znajdujesz.<\/p>\n<p>&nbsp;<\/p>","protected":false},"excerpt":{"rendered":"<p>Zaprojektowana dla ma\u0142ych i \u015brednich gospodarstw, prasa zwijaj\u0105ca 9YG-1.0 oferuje wydajne i niezawodne belowanie siana, s\u0142omy i ro\u015blin pastewnych. Dzi\u0119ki automatycznemu wi\u0105zaniu, wytrzyma\u0142o\u015bci i \u0142atwo\u015bci obs\u0142ugi idealnie nadaje si\u0119 do produkcji wysokiej jako\u015bci bel okr\u0105g\u0142ych do przechowywania, sprzeda\u017cy lub jako pasza dla zwierz\u0105t gospodarskich. Kompaktowa i wszechstronna, prasa ta oferuje doskona\u0142\u0105 wydajno\u015b\u0107 w przyst\u0119pnej cenie. Zwi\u0119ksz wydajno\u015b\u0107 swojego gospodarstwa ju\u017c dzi\u015b \u2014 zam\u00f3w 9YG-1.0 ju\u017c teraz!<\/p>","protected":false},"featured_media":324,"template":"","meta":{"_et_pb_use_builder":"","_et_pb_old_content":"","_et_gb_content_width":""},"product_brand":[],"product_cat":[22],"product_tag":[],"class_list":{"0":"post-321","1":"product","2":"type-product","3":"status-publish","4":"has-post-thumbnail","6":"product_cat-round-baler-rake","8":"first","9":"instock","10":"shipping-taxable","11":"product-type-simple"},"_links":{"self":[{"href":"https:\/\/farm-baler.com\/pl\/wp-json\/wp\/v2\/product\/321","targetHints":{"allow":["GET"]}}],"collection":[{"href":"https:\/\/farm-baler.com\/pl\/wp-json\/wp\/v2\/product"}],"about":[{"href":"https:\/\/farm-baler.com\/pl\/wp-json\/wp\/v2\/types\/product"}],"wp:featuredmedia":[{"embeddable":true,"href":"https:\/\/farm-baler.com\/pl\/wp-json\/wp\/v2\/media\/324"}],"wp:attachment":[{"href":"https:\/\/farm-baler.com\/pl\/wp-json\/wp\/v2\/media?parent=321"}],"wp:term":[{"taxonomy":"product_brand","embeddable":true,"href":"https:\/\/farm-baler.com\/pl\/wp-json\/wp\/v2\/product_brand?post=321"},{"taxonomy":"product_cat","embeddable":true,"href":"https:\/\/farm-baler.com\/pl\/wp-json\/wp\/v2\/product_cat?post=321"},{"taxonomy":"product_tag","embeddable":true,"href":"https:\/\/farm-baler.com\/pl\/wp-json\/wp\/v2\/product_tag?post=321"}],"curies":[{"name":"wp","href":"https:\/\/api.w.org\/{rel}","templated":true}]}}