{"id":213,"date":"2025-11-19T06:25:02","date_gmt":"2025-11-19T06:25:02","guid":{"rendered":"https:\/\/farm-baler.com\/?post_type=product&#038;p=213"},"modified":"2025-12-17T06:26:42","modified_gmt":"2025-12-17T06:26:42","slug":"4byh-1-3-maszyna-do-wyrywania-fasoli-nerkowej","status":"publish","type":"product","link":"https:\/\/farm-baler.com\/pl\/produkt\/4byh-1-3-maszyna-do-wyrywania-fasoli-nerkowej\/","title":{"rendered":"Maszyna do wyrywania fasoli 4BYH-1.3"},"content":{"rendered":"<p>Maszyna do wyrywania fasoli 4BYH-1.3 to wysoce wyspecjalizowany sprz\u0119t rolniczy przeznaczony do wyrywania fasoli nerkowatej z minimalnymi uszkodzeniami. Maszyna ta ma kluczowe znaczenie dla poprawy wydajno\u015bci zbior\u00f3w soi i optymalizacji koszt\u00f3w pracy w rolnictwie. Jej solidna konstrukcja i wysoka wydajno\u015b\u0107 sprawiaj\u0105, \u017ce jest ona nieocenionym narz\u0119dziem w uprawach soi na du\u017c\u0105 skal\u0119.<\/p>\n<h2>Dane techniczne<\/h2>\n<table style=\"border-color: #000000;\">\n<thead>\n<tr>\n<th>Numer seryjny<\/th>\n<th>Przedmiot<\/th>\n<th>Jednostka<\/th>\n<th>Specyfikacja<\/th>\n<\/tr>\n<\/thead>\n<tbody>\n<tr>\n<td>1<\/td>\n<td>Nazwa modelu<\/td>\n<td>\/<\/td>\n<td>Maszyna do wyrywania fasoli nerkowatej typu 4BYH-1.3<\/td>\n<\/tr>\n<tr>\n<td>2<\/td>\n<td>Metoda zaczepiania<\/td>\n<td>\/<\/td>\n<td>Typ zawieszenia<\/td>\n<\/tr>\n<tr>\n<td>3<\/td>\n<td>Typ selektora<\/td>\n<td>\/<\/td>\n<td>Typ spr\u0119\u017cynowo-z\u0119bowy<\/td>\n<\/tr>\n<tr>\n<td>4<\/td>\n<td>Szeroko\u015b\u0107 robocza<\/td>\n<td>M<\/td>\n<td>1.3<\/td>\n<\/tr>\n<tr>\n<td>5<\/td>\n<td>Dopasowany zakres mocy<\/td>\n<td>kW<\/td>\n<td>\u226540<\/td>\n<\/tr>\n<tr>\n<td>6<\/td>\n<td>Zakres pr\u0119dko\u015bci roboczej<\/td>\n<td>km\/h<\/td>\n<td>5~8<\/td>\n<\/tr>\n<tr>\n<td>7<\/td>\n<td>Wymiary ca\u0142kowite (d\u0142ugo\u015b\u0107 \u00d7 szeroko\u015b\u0107 \u00d7 wysoko\u015b\u0107)<\/td>\n<td>mm<\/td>\n<td>2500\u00d71800\u00d71250<\/td>\n<\/tr>\n<tr>\n<td>8<\/td>\n<td>Pr\u0119dko\u015b\u0107 wa\u0142u odbioru mocy<\/td>\n<td>obr.\/min<\/td>\n<td>540<\/td>\n<\/tr>\n<tr>\n<td>9<\/td>\n<td>Rozstaw osi<\/td>\n<td>mm<\/td>\n<td>1300<\/td>\n<\/tr>\n<tr>\n<td>10<\/td>\n<td>Wydajno\u015b\u0107<\/td>\n<td>hm\u00b2\/h<\/td>\n<td>0.65-1.04<\/td>\n<\/tr>\n<tr>\n<td>11<\/td>\n<td>Liczba operator\u00f3w<\/td>\n<td>osoba<\/td>\n<td>1<\/td>\n<\/tr>\n<tr>\n<td>12<\/td>\n<td>Masa konstrukcyjna<\/td>\n<td>kg<\/td>\n<td>600<\/td>\n<\/tr>\n<\/tbody>\n<\/table>\n<h2>Rozwi\u0105zane problemy i zastosowania<\/h2>\n<p>Maszyna do wyrywania fasoli 4BYH-1.3 rozwi\u0105zuje kilka kluczowych problem\u00f3w zwi\u0105zanych z tradycyjnym zbiorem fasoli. Zalety te obejmuj\u0105 zmniejszenie pracoch\u0142onno\u015bci r\u0119cznego zbioru, minimalizacj\u0119 uszkodze\u0144 plonu podczas odchwaszczania oraz zwi\u0119kszenie og\u00f3lnej szybko\u015bci i wydajno\u015bci zbioru. Maszyna nadaje si\u0119 do du\u017cych gospodarstw zajmuj\u0105cych si\u0119 upraw\u0105 fasoli i mo\u017ce by\u0107 stosowana w r\u00f3\u017cnych warunkach rolniczych, w tym na polach o r\u00f3\u017cnej wielko\u015bci i typach gleby.<\/p>\n<p>Jego g\u0142\u00f3wnym zastosowaniem jest zbi\u00f3r fasoli, ale mo\u017cna go r\u00f3wnie\u017c dostosowa\u0107 do innych upraw o podobnych wymaganiach. Automatyzacja procesu odchwaszczania znacznie skraca czas zbior\u00f3w i zwi\u0119ksza og\u00f3ln\u0105 wydajno\u015b\u0107 gospodarstwa.<\/p>\n<h2>Zalety produktu<\/h2>\n<h3>1. Wysoka wydajno\u015b\u0107<\/h3>\n<p>Maszyna do wyrywania fasoli 4BYH-1.3 zosta\u0142a zaprojektowana do pracy z du\u017c\u0105 pr\u0119dko\u015bci\u0105, umo\u017cliwiaj\u0105c rolnikom zbieranie plon\u00f3w z du\u017cych p\u00f3l w u\u0142amku czasu potrzebnego na prac\u0119 r\u0119czn\u0105. Dzi\u0119ki temu mo\u017cna zebra\u0107 wi\u0119cej fasoli w kr\u00f3tszym czasie, co przek\u0142ada si\u0119 na wzrost wydajno\u015bci gospodarstwa.<\/p>\n<h3>2. Minimalizuje szkody w uprawach<\/h3>\n<p>Jedn\u0105 z kluczowych zalet tej maszyny jest mo\u017cliwo\u015b\u0107 wyrywania fasoli czerwonej z minimalnym uszkodzeniem ro\u015blin i korzeni. Dzi\u0119ki temu fasola pozostaje w optymalnym stanie do dalszego przetwarzania lub sprzeda\u017cy, co zmniejsza straty po zbiorach.<\/p>\n<h3>3. Op\u0142acalne<\/h3>\n<p>Dzi\u0119ki zmniejszeniu zapotrzebowania na prac\u0119 r\u0119czn\u0105 i zwi\u0119kszeniu wydajno\u015bci zbior\u00f3w, maszyna do wyrywania fasoli 4BYH-1.3 oferuje ekonomiczne rozwi\u0105zanie dla du\u017cych gospodarstw rolnych. Pocz\u0105tkowa inwestycja w maszyn\u0119 rekompensowana jest ni\u017cszymi kosztami pracy i zwi\u0119kszonymi plonami.<\/p>\n<h3>4. Wszechstronny i adaptowalny<\/h3>\n<p>Ta maszyna nadaje si\u0119 nie tylko do zbioru fasoli czerwonej, ale r\u00f3wnie\u017c do innych ro\u015blin str\u0105czkowych, co czyni j\u0105 wszechstronnym urz\u0105dzeniem dla gospodarstw uprawiaj\u0105cych wiele rodzaj\u00f3w ro\u015blin. Jej wszechstronno\u015b\u0107 sprawia, \u017ce \u200b\u200brolnicy mog\u0105 jej u\u017cywa\u0107 przez ca\u0142y rok, z r\u00f3\u017cnymi zbiorami.<\/p>\n<h3>5. Solidna konstrukcja<\/h3>\n<p>Maszyna do wyrywania fasoli 4BYH-1.3 zosta\u0142a wykonana z trwa\u0142ych materia\u0142\u00f3w, kt\u00f3re wytrzymuj\u0105 trudne warunki pracy. Jej solidna konstrukcja gwarantuje d\u0142ugotrwa\u0142\u0105 wydajno\u015b\u0107, nawet w trudnych warunkach, redukuj\u0105c koszty konserwacji w d\u0142u\u017cszej perspektywie.<\/p>\n<h2>Zasada dzia\u0142ania<\/h2>\n<p>4BYH-1.3 <a href=\"https:\/\/farm-baler.com\/pl\/produkt\/9jyy-4-5-maszyna-do-zbierania-i-transportu\/\">Maszyna do wyrywania fasoli czerwonej<\/a> Dzia\u0142a wykorzystuj\u0105c po\u0142\u0105czenie si\u0142y mechanicznej i precyzyjnej technologii. Maszyna jest wyposa\u017cona w zestaw obrotowych ostrzy lub element\u00f3w kopi\u0105cych, kt\u00f3re delikatnie wyci\u0105gaj\u0105 ro\u015bliny fasoli z gleby. Wyrwane ro\u015bliny s\u0105 nast\u0119pnie transportowane przez system, kt\u00f3ry oddziela ziarna od resztek ro\u015blinnych. Ten zautomatyzowany proces zapewnia wysok\u0105 wydajno\u015b\u0107 i minimalizuje uszkodzenia upraw.<\/p>\n<h2 style=\"text-align: center;\"><img loading=\"lazy\" decoding=\"async\" class=\"alignnone  wp-image-265\" src=\"https:\/\/farm-baler.com\/wp-content\/uploads\/2025\/11\/ep-Type-4BYH-1.3-Kidney-Bean-Uprooting-Machine-11-300x300.webp\" alt=\"Wyrywanie z korzeniami\" width=\"437\" height=\"437\" \/><\/h2>\n<h2>Kluczowe aplikacje<\/h2>\n<h3>1. Du\u017ce farmy fasoli nerkowatej<\/h3>\n<p>G\u0142\u00f3wnym zastosowaniem maszyny do wyrywania fasoli 4BYH-1.3 jest uprawa fasoli na du\u017c\u0105 skal\u0119, gdzie wydajno\u015b\u0107 ma kluczowe znaczenie. Jej zdolno\u015b\u0107 do obs\u0142ugi rozleg\u0142ych p\u00f3l i automatyzacji zbior\u00f3w sprawia, \u017ce \u200b\u200bjest ona niezast\u0105pionym narz\u0119dziem dla komercyjnych plantator\u00f3w fasoli.<\/p>\n<h3>2. Gospodarstwa o uprawach mieszanych<\/h3>\n<p>W gospodarstwach uprawiaj\u0105cych r\u00f3\u017cne rodzaje ro\u015blin, wszechstronno\u015b\u0107 maszyny sprawia, \u017ce \u200b\u200bidealnie nadaje si\u0119 ona do zbior\u00f3w r\u00f3\u017cnych ro\u015blin. Mo\u017cna j\u0105 dostosowa\u0107 do zbioru r\u00f3\u017cnych rodzaj\u00f3w fasoli i ro\u015blin str\u0105czkowych, co czyni j\u0105 wielofunkcyjnym narz\u0119dziem do r\u00f3\u017cnorodnych prac rolniczych.<\/p>\n<h3>3. Rolnictwo ekologiczne<\/h3>\n<p>W rolnictwie ekologicznym, gdzie zbi\u00f3r mechaniczny jest preferowany zamiast interwencji chemicznych, ta maszyna oferuje zr\u00f3wnowa\u017cone i wydajne rozwi\u0105zanie. Jej delikatny proces zbioru pomaga zachowa\u0107 integralno\u015b\u0107 gleby i naturalny stan upraw.<\/p>\n<h3>4. Zak\u0142ady przetw\u00f3rstwa komercyjnego<\/h3>\n<p>Maszyna do wyrywania fasoli 4BYH-1.3 sprawdza si\u0119 r\u00f3wnie\u017c w komercyjnych zak\u0142adach przetw\u00f3rczych, gdzie zbiera si\u0119 i przetwarza du\u017ce ilo\u015bci fasoli. Przyspiesza ona zbi\u00f3r, umo\u017cliwiaj\u0105c szybkie przygotowanie ro\u015blin do sortowania i pakowania.<\/p>\n<h3>5. Gospodarstwa badawcze<\/h3>\n<p>Instytucje badawcze zajmuj\u0105ce si\u0119 upraw\u0105 ro\u015blin str\u0105czkowych mog\u0105 wykorzystywa\u0107 maszyn\u0119 do wyrywania fasoli 4BYH-1.3 do cel\u00f3w eksperymentalnych. Pomaga ona w efektywnym <a href=\"https:\/\/farm-baler.com\/pl\/produkt\/9jyy-4-5-maszyna-do-zbierania-i-transportu\/\">zbi\u00f3r fasoli czerwonej<\/a>, co pozwala badaczom skupi\u0107 si\u0119 na analizie i udoskonalaniu technik uprawy fasoli.<\/p>\n<h3>6. Zr\u00f3wnowa\u017cone operacje rolnicze<\/h3>\n<p>Gospodarstwa rolne, dla kt\u00f3rych priorytetem jest zr\u00f3wnowa\u017cony rozw\u00f3j, mog\u0105 skorzysta\u0107 z maszyny do wyrywania fasoli 4BYH-1.3, poniewa\u017c zmniejsza ona zapotrzebowanie na chemiczne pestycydy i nawozy, powszechnie stosowane w zbiorach r\u0119cznych. Jej przyjazna dla \u015brodowiska konstrukcja wspiera zr\u00f3wnowa\u017cone praktyki rolnicze.<\/p>\n<h2>Jak wybra\u0107 odpowiedni\u0105 maszyn\u0119 do wyrywania fasoli 4BYH-1.3<\/h2>\n<h3>1. Zrozum wielko\u015b\u0107 swojego gospodarstwa<\/h3>\n<p>W gospodarstwach o rozleg\u0142ych terenach niezb\u0119dna jest maszyna o wi\u0119kszej wydajno\u015bci, aby zapewni\u0107 szybkie i wydajne zbiory. Mniejsze gospodarstwa mog\u0105 potrzebowa\u0107 maszyn o ni\u017cszej wydajno\u015bci, ale wi\u0119kszej precyzji.<\/p>\n<h3>2. We\u017a pod uwag\u0119 rodzaj upraw i warunki polowe<\/h3>\n<p>Upewnij si\u0119, \u017ce maszyna jest dostosowana do konkretnego rodzaju fasoli szparagowej lub innych uprawianych ro\u015blin. We\u017a r\u00f3wnie\u017c pod uwag\u0119 rodzaj gleby i warunki polowe, poniewa\u017c mog\u0105 one wp\u0142ywa\u0107 na wydajno\u015b\u0107 maszyny.<\/p>\n<h3>3. Oce\u0144 trwa\u0142o\u015b\u0107 maszyny<\/h3>\n<p>Wybierz maszyn\u0119 zbudowan\u0105 z mocnych i trwa\u0142ych materia\u0142\u00f3w, aby wytrzyma\u0142a d\u0142ugie godziny pracy w trudnych warunkach polowych. Trwa\u0142o\u015b\u0107 gwarantuje d\u0142u\u017csz\u0105 \u017cywotno\u015b\u0107 i mniej problem\u00f3w konserwacyjnych.<\/p>\n<h3>4. Oce\u0144 \u0142atwo\u015b\u0107 konserwacji<\/h3>\n<p>Maszyny \u0142atwiejsze w utrzymaniu oszcz\u0119dzaj\u0105 czas i pieni\u0105dze. Szukaj modeli zaprojektowanych z my\u015bl\u0105 o prostych naprawach i oferuj\u0105cych dost\u0119p do cz\u0119\u015bci zamiennych do szybkich napraw.<\/p>\n<h3>5. Sprawd\u017a efektywno\u015b\u0107 energetyczn\u0105<\/h3>\n<p>Energooszcz\u0119dne maszyny z czasem obni\u017c\u0105 koszty operacyjne. Upewnij si\u0119, \u017ce wybrana maszyna zu\u017cywa minimaln\u0105 ilo\u015b\u0107 paliwa, zapewniaj\u0105c jednocze\u015bnie optymaln\u0105 wydajno\u015b\u0107.<\/p>\n<h3>6. Obs\u0142uga klienta i gwarancja<\/h3>\n<p>We\u017a pod uwag\u0119 producent\u00f3w, kt\u00f3rzy zapewniaj\u0105 solidn\u0105 obs\u0142ug\u0119 klienta i oferuj\u0105 d\u0142ugoterminowe gwarancje, aby zapewni\u0107 spok\u00f3j ducha i minimalne przestoje w sezonach zbior\u00f3w.<\/p>\n<h2>Metody konserwacji maszyny do wyrywania fasoli 4BYH-1.3<\/h2>\n<p>Konserwacja maszyny do wyrywania fasoli 4BYH-1.3 jest niezb\u0119dna dla zapewnienia jej d\u0142ugowieczno\u015bci i wydajno\u015bci. Regularna kontrola podzespo\u0142\u00f3w, takich jak ostrza, ta\u015bmy przeno\u015bnika i silniki, jest kluczowa. Cz\u0119\u015bci ruchome nale\u017cy smarowa\u0107, aby zapobiec ich zu\u017cyciu. Czyszczenie maszyny po ka\u017cdym u\u017cyciu pomaga zapobiega\u0107 gromadzeniu si\u0119 zanieczyszcze\u0144 i zapewnia p\u0142ynn\u0105 prac\u0119. Ponadto zaleca si\u0119 szybk\u0105 wymian\u0119 zu\u017cytych cz\u0119\u015bci i regularn\u0105 diagnostyk\u0119 systemu, aby upewni\u0107 si\u0119, \u017ce wszystkie podzespo\u0142y s\u0105 w optymalnym stanie technicznym.<\/p>\n<h2>Opinie klient\u00f3w<\/h2>\n<p>Poni\u017cej znajduj\u0105 si\u0119 opinie klient\u00f3w, kt\u00f3rzy korzystali z urz\u0105dzenia do wyrywania fasoli 4BYH-1.3:<\/p>\n<p>\u201eTa maszyna ma znacznie <a href=\"http:\/\/silage-balers.com\" target=\"_blank\" rel=\"noopener\">poprawi\u0142a produktywno\u015b\u0107 naszego gospodarstwa<\/a>Kiedy\u015b polegali\u015bmy na pracy r\u0119cznej, ale teraz mo\u017cemy zbiera\u0107 o wiele szybciej, a jako\u015b\u0107 ziaren jest o wiele lepsza. Jest \u0142atwy w obs\u0142udze i zwr\u00f3ci\u0142 si\u0119 ju\u017c w pierwszym sezonie.<\/p>\n<p>\u2013 <strong>Jan Kowalski, USA<\/strong><\/p>\n<p>\u201eU\u017cywamy kosiarki 4BYH-1.3 od sze\u015bciu miesi\u0119cy i sprawdza si\u0119 fantastycznie. Jest niezwykle wytrzyma\u0142a i wydajna, dzi\u0119ki czemu mo\u017cemy zbiera\u0107 plony o po\u0142ow\u0119 kr\u00f3cej ni\u017c wcze\u015bniej. Obs\u0142uga klienta ze strony firmy r\u00f3wnie\u017c by\u0142a na najwy\u017cszym poziomie\u201d.<\/p>\n<p>\u2013 <strong>Maria Gonzalez, Meksyk<\/strong><\/p>\n<p>\u201eTo prze\u0142om dla naszego gospodarstwa. Teraz po\u015bwi\u0119camy mniej czasu na zbiory, a wi\u0119cej na inne kluczowe obszary. Jako\u015b\u0107 maszyny jest niezr\u00f3wnana, a plony s\u0105 wy\u017csze. Gor\u0105co polecam.\u201d<\/p>\n<p>\u2013 <strong>Lee Wang, Chiny<\/strong><\/p>\n<p>\u201e4BYH-1.3 znacznie obni\u017cy\u0142 nasze koszty pracy. Teraz mo\u017cemy szybko zbiera\u0107 nasiona z du\u017cych dzia\u0142ek, nie rezygnuj\u0105c z jako\u015bci fasoli. To doskona\u0142a inwestycja dla ka\u017cdego rolnika prowadz\u0105cego dzia\u0142alno\u015b\u0107 na du\u017c\u0105 skal\u0119\u201d.<\/p>\n<p>\u2013 <strong>Ahmed Saleh, Egipt<\/strong><\/p>\n<p>\u201eJako ma\u0142e gospodarstwo, pocz\u0105tkowo wahali\u015bmy si\u0119 nad inwestycj\u0105, ale okaza\u0142a si\u0119 warta ka\u017cdego grosza. Maszyna jest \u0142atwa w obs\u0142udze i konserwacji, a do tego poprawi\u0142a og\u00f3ln\u0105 jako\u015b\u0107 naszych zbior\u00f3w\u201d.<\/p>\n<p>\u2013 <strong>Linda Richardson, Kanada<\/strong><\/p>\n<h2>Dlaczego warto wybra\u0107 nasz produkt?<\/h2>\n<p>Nasza maszyna do wyrywania fasoli 4BYH-1.3 oferuje szybk\u0105 personalizacj\u0119 i wyj\u0105tkow\u0105 obs\u0142ug\u0119 klienta. Oferujemy trzyletni\u0105 gwarancj\u0119, aby zapewni\u0107 Ci spok\u00f3j ducha. Dzi\u0119ki naszym globalnym mo\u017cliwo\u015bciom wysy\u0142kowym mo\u017cemy sprosta\u0107 Twoim potrzebom i zapewni\u0107 terminow\u0105 dostaw\u0119 na ca\u0142ym \u015bwiecie. Nasz kompleksowy system obs\u0142ugi posprzeda\u017cowej gwarantuje, \u017ce zawsze otrzymasz potrzebne wsparcie.<\/p>\n<h2>Poznaj nasz\u0105 ofert\u0119 produkt\u00f3w<\/h2>\n<p>Je\u015bli szukasz wydajnego i niezawodnego rozwi\u0105zania do zbioru, maszyna do wyrywania fasoli 4BYH-1.3 to idealny wyb\u00f3r. Opr\u00f3cz tego produktu oferujemy szerok\u0105 gam\u0119 produkt\u00f3w i akcesori\u00f3w, kt\u00f3re spe\u0142ni\u0105 Twoje potrzeby w zakresie produkcji rolnej. Jeste\u015bmy dumni z oferowania bardzo konkurencyjnych cen, wysokiej jako\u015bci sprz\u0119tu i wyj\u0105tkowej obs\u0142ugi klienta. Skontaktuj si\u0119 z nami ju\u017c dzi\u015b, aby dowiedzie\u0107 si\u0119, jak nasze produkty mog\u0105 pom\u00f3c Ci zwi\u0119kszy\u0107 wydajno\u015b\u0107 i rentowno\u015b\u0107 Twojego gospodarstwa.<\/p>\n<h2>Cz\u0119sto zadawane pytania<\/h2>\n<p><strong>1. Jakie s\u0105 najwa\u017cniejsze cechy maszyny do wyrywania fasoli 4BYH-1.3?<\/strong><\/p>\n<p>Maszyna do wyrywania fasoli 4BYH-1.3 zosta\u0142a zaprojektowana z my\u015bl\u0105 o wydajnym, szybkim i precyzyjnym wyrywaniu fasoli nerkowatej. Jej najwa\u017cniejsze cechy to: du\u017ca pr\u0119dko\u015b\u0107 pracy, minimalne uszkodzenia plon\u00f3w, mo\u017cliwo\u015b\u0107 dostosowania do r\u00f3\u017cnych rodzaj\u00f3w gleby oraz solidna konstrukcja zapewniaj\u0105ca d\u0142ugotrwa\u0142e u\u017cytkowanie.<\/p>\n<p><strong>2. W jaki spos\u00f3b maszyna 4BYH-1.3 minimalizuje uszkodzenia upraw?<\/strong><\/p>\n<p>Dzi\u0119ki precyzyjnej konstrukcji, model 4BYH-1.3 wykorzystuje seri\u0119 obrotowych ostrzy i element\u00f3w kopi\u0105cych, kt\u00f3re delikatnie wyrywaj\u0105 fasol\u0119 czerwon\u0105, nie uszkadzaj\u0105c ro\u015blin ani korzeni. Konstrukcja minimalizuje naruszanie gleby, zapewniaj\u0105c nienaruszone nasiona, co przek\u0142ada si\u0119 na wysok\u0105 jako\u015b\u0107 zbior\u00f3w.<\/p>\n<p><strong>3. Czy maszyna 4BYH-1.3 jest \u0142atwa w konserwacji?<\/strong><\/p>\n<p>Tak, maszyna zosta\u0142a zaprojektowana z my\u015bl\u0105 o \u0142atwej konserwacji. Regularne przegl\u0105dy, smarowanie cz\u0119\u015bci ruchomych i czyszczenie po ka\u017cdym u\u017cyciu zapewni\u0105 jej wydajn\u0105 prac\u0119. Cz\u0119\u015bci zamienne s\u0105 \u0142atwo dost\u0119pne, co pozwoli na ewentualn\u0105 wymian\u0119.<\/p>\n<p><strong>4. Czy maszyn\u0119 4BYH-1.3 mo\u017cna stosowa\u0107 do innych upraw?<\/strong><\/p>\n<p>Tak, kombajn 4BYH-1.3 jest wszechstronny i mo\u017cna go dostosowa\u0107 do zbioru r\u00f3\u017cnych ro\u015blin o podobnych potrzebach, w tym innych rodzaj\u00f3w fasoli i ro\u015blin str\u0105czkowych. Dzi\u0119ki temu nadaje si\u0119 do gospodarstw o \u200b\u200bzr\u00f3\u017cnicowanym portfolio upraw.<\/p>\n<p><strong>5. Jak\u0105 gwarancj\u0105 obj\u0119ta jest maszyna do wyrywania fasoli 4BYH-1.3?<\/strong><\/p>\n<p>Maszyna obj\u0119ta jest 3-letni\u0105 gwarancj\u0105, kt\u00f3ra obejmuje wady materia\u0142owe i wykonawcze. Nasza gwarancja zapewnia wsparcie i pomoc w przypadku jakichkolwiek problem\u00f3w podczas u\u017cytkowania maszyny.<\/p>\n<p><!-- Additional FAQ entries --><\/p>","protected":false},"excerpt":{"rendered":"<p>Poznaj maszyn\u0119 do wyrywania fasoli 4BYH-1.3, zaprojektowan\u0105 z my\u015bl\u0105 o wydajnym i wydajnym zbiorze fasoli. Dzi\u0119ki zaawansowanej technologii i solidnej konstrukcji, maszyna ta zapewnia szybki i precyzyjny zbi\u00f3r fasoli, redukuj\u0105c koszty pracy i maksymalizuj\u0105c wydajno\u015b\u0107. Idealna dla rolnik\u00f3w i agrobiznes\u00f3w. Zwi\u0119ksz wydajno\u015b\u0107 zbior\u00f3w ju\u017c dzi\u015b \u2013 kup j\u0105 ju\u017c dzi\u015b!<\/p>","protected":false},"featured_media":265,"template":"","meta":{"_et_pb_use_builder":"","_et_pb_old_content":"","_et_gb_content_width":""},"product_brand":[],"product_cat":[23],"product_tag":[],"class_list":{"0":"post-213","1":"product","2":"type-product","3":"status-publish","4":"has-post-thumbnail","6":"product_cat-kidney-bean-puller","8":"first","9":"instock","10":"shipping-taxable","11":"product-type-simple"},"_links":{"self":[{"href":"https:\/\/farm-baler.com\/pl\/wp-json\/wp\/v2\/product\/213","targetHints":{"allow":["GET"]}}],"collection":[{"href":"https:\/\/farm-baler.com\/pl\/wp-json\/wp\/v2\/product"}],"about":[{"href":"https:\/\/farm-baler.com\/pl\/wp-json\/wp\/v2\/types\/product"}],"wp:featuredmedia":[{"embeddable":true,"href":"https:\/\/farm-baler.com\/pl\/wp-json\/wp\/v2\/media\/265"}],"wp:attachment":[{"href":"https:\/\/farm-baler.com\/pl\/wp-json\/wp\/v2\/media?parent=213"}],"wp:term":[{"taxonomy":"product_brand","embeddable":true,"href":"https:\/\/farm-baler.com\/pl\/wp-json\/wp\/v2\/product_brand?post=213"},{"taxonomy":"product_cat","embeddable":true,"href":"https:\/\/farm-baler.com\/pl\/wp-json\/wp\/v2\/product_cat?post=213"},{"taxonomy":"product_tag","embeddable":true,"href":"https:\/\/farm-baler.com\/pl\/wp-json\/wp\/v2\/product_tag?post=213"}],"curies":[{"name":"wp","href":"https:\/\/api.w.org\/{rel}","templated":true}]}}