{"id":212,"date":"2025-11-19T06:09:06","date_gmt":"2025-11-19T06:09:06","guid":{"rendered":"https:\/\/farm-baler.com\/?post_type=product&#038;p=212"},"modified":"2025-12-17T06:46:31","modified_gmt":"2025-12-17T06:46:31","slug":"9jyy-4-5-maszyna-do-zbierania-i-transportu","status":"publish","type":"product","link":"https:\/\/farm-baler.com\/pl\/produkt\/9jyy-4-5-maszyna-do-zbierania-i-transportu\/","title":{"rendered":"Maszyna do zbierania i transportu bel okr\u0105g\u0142ych 9JYY-4.5"},"content":{"rendered":"<p>Maszyna do zbierania i transportu bel okr\u0105g\u0142ych 9JYY-4.5 to rewolucyjna maszyna rolnicza do belowania, zaprojektowana z my\u015bl\u0105 o uproszczeniu i przyspieszeniu procesu zbierania i transportu bel okr\u0105g\u0142ych w gospodarstwach rolnych. Ta solidna i niezawodna maszyna to niezb\u0119dny wyb\u00f3r dla ka\u017cdego gospodarstwa przetwarzaj\u0105cego du\u017ce ilo\u015bci siana, s\u0142omy lub kiszonki, oferuj\u0105c niezr\u00f3wnan\u0105 wydajno\u015b\u0107 i \u0142atwo\u015b\u0107 obs\u0142ugi. Model 9JYY-4.5 zosta\u0142 zaprojektowany z my\u015bl\u0105 o usprawnieniu przep\u0142ywu pracy, obni\u017ceniu koszt\u00f3w pracy i u\u0142atwieniu transportu bel bardziej ni\u017c kiedykolwiek wcze\u015bniej.<\/p>\n<h2>Dane techniczne<\/h2>\n<table style=\"border-color: #000000;\">\n<thead>\n<tr>\n<th>Numer seryjny<\/th>\n<th>Przedmiot<\/th>\n<th>Jednostka<\/th>\n<th>Specyfikacja<\/th>\n<\/tr>\n<\/thead>\n<tbody>\n<tr>\n<td>1<\/td>\n<td>Nazwa produktu<\/td>\n<td>\/<\/td>\n<td>Maszyna do zbierania i transportu bel okr\u0105g\u0142ych<\/td>\n<\/tr>\n<tr>\n<td>2<\/td>\n<td>Model produktu<\/td>\n<td>\/<\/td>\n<td>9JYY-4.5<\/td>\n<\/tr>\n<tr>\n<td>3<\/td>\n<td>Metoda zaczepiania<\/td>\n<td>\/<\/td>\n<td>Typ trakcji<\/td>\n<\/tr>\n<tr>\n<td>4<\/td>\n<td>Formularz za\u0142adunku i roz\u0142adunku<\/td>\n<td>\/<\/td>\n<td>Hydrauliczny<\/td>\n<\/tr>\n<tr>\n<td>5<\/td>\n<td>Maksymalna \u0142adowno\u015b\u0107<\/td>\n<td>kg<\/td>\n<td>4500<\/td>\n<\/tr>\n<tr>\n<td>6<\/td>\n<td>Dopasowany zakres mocy<\/td>\n<td>kW<\/td>\n<td>\u226550<\/td>\n<\/tr>\n<tr>\n<td>7<\/td>\n<td>Ci\u015bnienie robocze (z dwoma zestawami urz\u0105dze\u0144 nap\u0119du hydraulicznego)<\/td>\n<td>MPa<\/td>\n<td>\u226516<\/td>\n<\/tr>\n<tr>\n<td>8<\/td>\n<td>Pr\u0119dko\u015b\u0107 transportu<\/td>\n<td>km\/h<\/td>\n<td>\u226440<\/td>\n<\/tr>\n<tr>\n<td>9<\/td>\n<td>Model opony<\/td>\n<td>\/<\/td>\n<td>400\/60-15,5 (podw\u00f3jna o\u015b, cztery ko\u0142a)<\/td>\n<\/tr>\n<tr>\n<td>10<\/td>\n<td>Rozmiar bel \u0142adowanych i roz\u0142adowywanych<\/td>\n<td>mm<\/td>\n<td>\u015arednica 1000-1400, D\u0142ugo\u015b\u0107 1000-1500<\/td>\n<\/tr>\n<tr>\n<td>11<\/td>\n<td>Wymiary ca\u0142kowite (d\u0142ugo\u015b\u0107 \u00d7 szeroko\u015b\u0107 \u00d7 wysoko\u015b\u0107)<\/td>\n<td>mm<\/td>\n<td>Praca: 9400\u00d76750\u00d71750; Transport: 9400\u00d72900\u00d73300<\/td>\n<\/tr>\n<tr>\n<td>12<\/td>\n<td>Masa ca\u0142kowita<\/td>\n<td>kg<\/td>\n<td>3240<\/td>\n<\/tr>\n<\/tbody>\n<\/table>\n<h1>Maszyna do zbierania i transportu bel okr\u0105g\u0142ych 9JYY-4.5<\/h1>\n<p>Maszyna do zbierania i transportu bel okr\u0105g\u0142ych 9JYY-4.5 to zaawansowana maszyna rolnicza zaprojektowana do wydajnego zbierania, transportu i uk\u0142adania bel siana przy minimalnym nak\u0142adzie pracy i czasu. To urz\u0105dzenie idealnie nadaje si\u0119 do du\u017cych gospodarstw rolnych, kt\u00f3re wymagaj\u0105 szybkiego i niezawodnego przetwarzania bel siana, zwi\u0119kszaj\u0105c produktywno\u015b\u0107 i redukuj\u0105c koszty eksploatacji. Dzi\u0119ki innowacyjnej technologii maszyna charakteryzuje si\u0119 doskona\u0142\u0105 wydajno\u015bci\u0105, trwa\u0142o\u015bci\u0105 i d\u0142ugotrwa\u0142\u0105, stabiln\u0105 prac\u0105.<\/p>\n<h2>Definicja produktu<\/h2>\n<p>Maszyna do zbierania i transportu bel okr\u0105g\u0142ych 9JYY-4.5 to urz\u0105dzenie przeznaczone do automatycznego zbierania i transportu bel siana. Jej solidna konstrukcja i pomys\u0142owa konstrukcja sprawiaj\u0105, \u017ce idealnie nadaje si\u0119 do prac rolniczych wymagaj\u0105cych wydajnego transportu bel siana za pomoc\u0105 ci\u0119\u017ckiego sprz\u0119tu. Maszyna ta, zdolna do wykonywania takich zada\u0144, jak podnoszenie, przenoszenie i uk\u0142adanie bel siana o r\u00f3\u017cnych rozmiarach, jest niezast\u0105pionym narz\u0119dziem w nowoczesnym rolnictwie.<\/p>\n<h2>Rozwi\u0105zane problemy i zastosowania<\/h2>\n<p>Ta maszyna rozwi\u0105zuje szereg typowych problem\u00f3w w produkcji rolnej, w tym niedobory si\u0142y roboczej, nieefektywno\u015b\u0107 r\u0119cznego transportu bel oraz zu\u017cycie spowodowane tradycyjnymi metodami transportu. Jej zastosowania obejmuj\u0105 szeroki zakres prac rolniczych, w tym zbi\u00f3r siana, transport bel i uk\u0142adanie w stosy. Wszechstronno\u015b\u0107 modelu 9JYY-4.5 sprawia, \u017ce \u200b\u200bnadaje si\u0119 on do r\u00f3\u017cnych prac rolniczych, takich jak zbi\u00f3r siana, s\u0142omy i innych rodzaj\u00f3w biomasy. Dzi\u0119ki automatyzacji i optymalizacji procesu zbierania bel rolnicy mog\u0105 skupi\u0107 si\u0119 na innych kluczowych zadaniach, jednocze\u015bnie zwi\u0119kszaj\u0105c og\u00f3ln\u0105 wydajno\u015b\u0107.<\/p>\n<p style=\"text-align: center;\"><img loading=\"lazy\" decoding=\"async\" class=\"alignnone wp-image-263\" src=\"https:\/\/farm-baler.com\/wp-content\/uploads\/2025\/11\/ep-Type-9JYY-4.5-Round-Bale-Picking-and-Transporting-Machine-11-300x300.webp\" alt=\"Zbieranie i transport\" width=\"355\" height=\"355\" \/><\/p>\n<h2>Zalety produktu<\/h2>\n<ul>\n<li>\n<h3>Wysoka wydajno\u015b\u0107<\/h3>\n<p>Maszyna 9JYY-4.5 zosta\u0142a zaprojektowana tak, aby znacznie skr\u00f3ci\u0107 czas potrzebny na zbieranie i transport bel okr\u0105g\u0142ych. Zwi\u0119ksza ona pr\u0119dko\u015b\u0107 pracy i gwarantuje szybsze wykonanie zadania, uwalniaj\u0105c zasoby na inne zadania.<\/li>\n<li>\n<h3>Trwa\u0142o\u015b\u0107 i niezawodno\u015b\u0107<\/h3>\n<p>Zaprojektowana tak, aby wytrzyma\u0107 trudne warunki pracy w rolnictwie, maszyna ta charakteryzuje si\u0119 solidn\u0105 konstrukcj\u0105 i wysokiej jako\u015bci materia\u0142ami, co gwarantuje d\u0142ugotrwa\u0142\u0105 wydajno\u015b\u0107 nawet w najbardziej wymagaj\u0105cych warunkach.<\/li>\n<li>\n<h3>\u0141atwo\u015b\u0107 obs\u0142ugi<\/h3>\n<p>Maszyna jest wyposa\u017cona w intuicyjny system sterowania, kt\u00f3ry u\u0142atwia obs\u0142ug\u0119. Nawet osoby z minimaln\u0105 wiedz\u0105 techniczn\u0105 mog\u0105 sprawnie obs\u0142ugiwa\u0107 maszyn\u0119, co zmniejsza potrzeb\u0119 specjalistycznych szkole\u0144.<\/li>\n<li>\n<h3>Op\u0142acalne<\/h3>\n<p>Automatyzuj\u0105c proces obs\u0142ugi bel, model 9JYY-4.5 zmniejsza zapotrzebowanie na prac\u0119 r\u0119czn\u0105, obni\u017caj\u0105c tym samym koszty operacyjne. To inwestycja, kt\u00f3ra si\u0119 op\u0142aca, zwi\u0119kszaj\u0105c wydajno\u015b\u0107 i zmniejszaj\u0105c ryzyko obra\u017ce\u0144 w\u015br\u00f3d pracownik\u00f3w.<\/li>\n<li>\n<h3>Wszechstronno\u015b\u0107<\/h3>\n<p>Zaprojektowana do obs\u0142ugi bel o r\u00f3\u017cnych rozmiarach, maszyna 9JYY-4.5 sprawdzi si\u0119 w r\u00f3\u017cnych zastosowaniach rolniczych. Niezale\u017cnie od tego, czy masz do czynienia z sianem, s\u0142om\u0105, czy innymi rodzajami biomasy, ta maszyna dopasuje si\u0119 do Twoich potrzeb.<\/li>\n<\/ul>\n<h2>Jak dzia\u0142a maszyna do zbierania i transportu bel okr\u0105g\u0142ych 9JYY-4.5<\/h2>\n<p>Model 9JYY-4.5 jest wyposa\u017cony w mechaniczny system podnoszenia, kt\u00f3ry automatycznie podnosi bele okr\u0105g\u0142e z pod\u0142o\u017ca. Maszyna wykorzystuje szereg ramion hydraulicznych do delikatnego podnoszenia beli i za\u0142adunku na platform\u0119 transportow\u0105. Mechanizm transportowy nast\u0119pnie transportuje bele do wyznaczonego miejsca sk\u0142adowania lub dalszej obr\u00f3bki. Zaawansowany system sterowania maszyny zapewnia precyzyjne przenoszenie bel, minimalizuj\u0105c uszkodzenia i optymalizuj\u0105c pr\u0119dko\u015b\u0107 transportu. Ponadto system transportowy zosta\u0142 zaprojektowany z my\u015bl\u0105 o p\u0142ynnej i stabilnej pracy, zapobiegaj\u0105c przesuwaniu si\u0119 lub toczeniu bel podczas transportu.<\/p>\n<h2>G\u0142\u00f3wne zastosowania<\/h2>\n<ul>\n<li>\n<h3>Zbi\u00f3r siana i s\u0142omy<\/h3>\n<p>Maszyna idealnie nadaje si\u0119 do zbierania bel siana i s\u0142omy, przyspieszaj\u0105c proces i zmniejszaj\u0105c jego pracoch\u0142onno\u015b\u0107. Umo\u017cliwia ona efektywny zbi\u00f3r bel z p\u00f3l i transport do miejsc sk\u0142adowania.<\/li>\n<li>\n<h3>Wydajny transport<\/h3>\n<p>Model 9JYY-4.5 idealnie nadaje si\u0119 do transportu bel na du\u017ce odleg\u0142o\u015bci w obr\u0119bie gospodarstw rolnych lub mi\u0119dzy polami. Wytrzyma\u0142e ko\u0142a i stabilna platforma transportowa gwarantuj\u0105 transport bel bez ryzyka ich przesuwania si\u0119 lub spadania.<\/li>\n<li>\n<h3>Uk\u0142adanie bel<\/h3>\n<p>Maszyna mo\u017ce r\u00f3wnie\u017c uk\u0142ada\u0107 bele w okre\u015blonej konfiguracji, redukuj\u0105c potrzeb\u0119 r\u0119cznego uk\u0142adania i poprawiaj\u0105c organizacj\u0119 miejsc magazynowych.<\/li>\n<li>\n<h3>Obni\u017canie koszt\u00f3w pracy<\/h3>\n<p>Dzi\u0119ki automatyzacji proces\u00f3w kompletacji, transportu i uk\u0142adania, maszyna znacznie zmniejsza ilo\u015b\u0107 niezb\u0119dnej pracy, co przek\u0142ada si\u0119 na redukcj\u0119 zapotrzebowania na personel i wi\u0119ksz\u0105 wydajno\u015b\u0107.<\/li>\n<li>\n<h3>Poprawa bezpiecze\u0144stwa pracownik\u00f3w<\/h3>\n<p>Maszyna minimalizuje obci\u0105\u017cenie fizyczne i ryzyko obra\u017ce\u0144 zwi\u0105zane z r\u0119cznym przenoszeniem bel. Zmniejszaj\u0105c konieczno\u015b\u0107 r\u0119cznego podnoszenia i transportu, model 9JYY-4.5 zwi\u0119ksza bezpiecze\u0144stwo pracownik\u00f3w w gospodarstwie.<\/li>\n<li>\n<h3>Nadaje si\u0119 do du\u017cych gospodarstw<\/h3>\n<p>Ta maszyna idealnie nadaje si\u0119 do du\u017cych gospodarstw, gdzie obs\u0142uga du\u017cej liczby bel mo\u017ce by\u0107 uci\u0105\u017cliwa. Jej wydajno\u015b\u0107 i moc sprawiaj\u0105, \u017ce idealnie nadaje si\u0119 do du\u017cych gospodarstw o \u200b\u200bdu\u017cej produkcji siana lub s\u0142omy.<\/li>\n<\/ul>\n<h2>Jak wybra\u0107 odpowiedni\u0105 maszyn\u0119 do zbierania i transportu bel okr\u0105g\u0142ych 9JYY-4.5<\/h2>\n<ul>\n<li>\n<h3>We\u017a pod uwag\u0119 rozmiar beli<\/h3>\n<p>Upewnij si\u0119, \u017ce wybrana maszyna jest kompatybilna z rozmiarem bel w Twoim gospodarstwie. Model 9JYY-4.5 zosta\u0142 zaprojektowany do obs\u0142ugi standardowych bel okr\u0105g\u0142ych, ale sprawdzenie kompatybilno\u015bci jest kluczowe, aby unikn\u0105\u0107 nieefektywnej pracy sprz\u0119tu.<\/li>\n<li>\n<h3>Ocena terenu operacyjnego<\/h3>\n<p>Je\u015bli Twoje gospodarstwo ma nier\u00f3wny teren lub trudne warunki, wybierz maszyn\u0119 o solidnej konstrukcji i ko\u0142ach odpowiednich do trudnych nawierzchni. Model 9JYY-4.5 ma du\u017ce, wytrzyma\u0142e ko\u0142a, kt\u00f3re poradz\u0105 sobie w r\u00f3\u017cnych warunkach terenowych.<\/li>\n<li>\n<h3>Wydajno\u015b\u0107 maszyny<\/h3>\n<p>We\u017a pod uwag\u0119 ud\u017awig i ud\u017awig maszyny w zale\u017cno\u015bci od wielko\u015bci pracy w Twoim gospodarstwie. Je\u015bli potrzebujesz transportowa\u0107 du\u017ce ilo\u015bci bel, wybierz maszyn\u0119 o wi\u0119kszym ud\u017awigu.<\/li>\n<li>\n<h3>Wydajno\u015b\u0107 uk\u0142adu hydraulicznego<\/h3>\n<p>Sprawd\u017a wydajno\u015b\u0107 uk\u0142adu hydraulicznego, poniewa\u017c jest on kluczowy dla p\u0142ynnego podnoszenia i transportu bel. Modele 9JYY-4.5 <a href=\"https:\/\/agricultural-baler.com\/\" target=\"_blank\" rel=\"noopener\">ramiona hydrauliczne<\/a> zapewniaj\u0105 wydajn\u0105 prac\u0119 nawet przy du\u017cych obci\u0105\u017ceniach.<\/li>\n<li>\n<h3>Wymagania konserwacyjne<\/h3>\n<p>Niekt\u00f3re maszyny wymagaj\u0105 cz\u0119stszej konserwacji. Wybierz tak\u0105, kt\u00f3ra odpowiada Twoim mo\u017cliwo\u015bciom konserwacyjnym. Model 9JYY-4.5 zosta\u0142 zaprojektowany z my\u015bl\u0105 o \u0142atwej konserwacji i minimalnym przestoju.<\/li>\n<li>\n<h3>Gwarancja i wsparcie<\/h3>\n<p>Upewnij si\u0119, \u017ce maszyna jest obj\u0119ta kompleksow\u0105 gwarancj\u0105 i doskona\u0142\u0105 obs\u0142ug\u0105 klienta. Model 9JYY-4.5 oferuje 3-letni\u0105 gwarancj\u0119 i responsywne wsparcie posprzeda\u017cowe.<\/li>\n<\/ul>\n<h2>Metody konserwacji maszyny do zbierania i transportu bel okr\u0105g\u0142ych 9JYY-4.5<\/h2>\n<p>Aby zapewni\u0107 p\u0142ynn\u0105 prac\u0119 silnika 9JYY-4.5, niezb\u0119dna jest regularna konserwacja. Wykonaj nast\u0119puj\u0105ce czynno\u015bci:<\/p>\n<ul>\n<li>\n<h3>Regularna kontrola<\/h3>\n<p>Przeprowadzaj okresowe kontrole, aby upewni\u0107 si\u0119, \u017ce wszystkie cz\u0119\u015bci, a zw\u0142aszcza uk\u0142ad hydrauliczny, dzia\u0142aj\u0105 prawid\u0142owo. Sprawd\u017a ramiona podnosz\u0105ce i platform\u0119 transportow\u0105 pod k\u0105tem zu\u017cycia i uszkodze\u0144.<\/li>\n<li>\n<h3>Smarowanie<\/h3>\n<p>Upewnij si\u0119, \u017ce wszystkie ruchome cz\u0119\u015bci s\u0105 odpowiednio nasmarowane, aby zapobiec tarciu i uszkodzeniom. Regularne smarowanie pomaga utrzyma\u0107 p\u0142ynn\u0105 prac\u0119 maszyny.<\/li>\n<li>\n<h3>Kontrola p\u0142ynu hydraulicznego<\/h3>\n<p>Regularnie sprawdzaj i wymieniaj p\u0142yn hydrauliczny, aby zapewni\u0107 optymaln\u0105 wydajno\u015b\u0107 uk\u0142adu podnoszenia. Aby zapewni\u0107 maksymaln\u0105 wydajno\u015b\u0107, stosuj zalecany typ p\u0142ynu.<\/li>\n<li>\n<h3>Czyszczenie<\/h3>\n<p>Po ka\u017cdym u\u017cyciu nale\u017cy wyczy\u015bci\u0107 maszyn\u0119, aby usun\u0105\u0107 brud i zanieczyszczenia, kt\u00f3re mog\u0105 zatyka\u0107 system. Utrzymywanie maszyny w czysto\u015bci wyd\u0142u\u017ca jej \u017cywotno\u015b\u0107 i poprawia wydajno\u015b\u0107.<\/li>\n<li>\n<h3>Monitoruj ci\u015bnienie w oponach<\/h3>\n<p>Regularnie sprawdzaj ci\u015bnienie w oponach, aby zapewni\u0107 wydajn\u0105 prac\u0119 maszyny na nier\u00f3wnym terenie. Prawid\u0142owe ci\u015bnienie w oponach zapobiega ich uszkodzeniu i zapewnia bezpieczn\u0105 prac\u0119.<\/li>\n<\/ul>\n<h2>Opinie klient\u00f3w<\/h2>\n<p><strong>\u2013 David, Stany Zjednoczone<\/strong><br \/>\n\u201eU\u017cywamy maszyny 9JYY-4.5 w naszym gospodarstwie od roku i znacz\u0105co poprawi\u0142a ona wydajno\u015b\u0107 obs\u0142ugi bel. Maszyna z \u0142atwo\u015bci\u0105 podnosi i przenosi du\u017ce bele bez \u017cadnych problem\u00f3w, a jako\u015b\u0107 wykonania jest wyj\u0105tkowa. Zaoszcz\u0119dzi\u0142a nam czas i koszty pracy, pozwalaj\u0105c naszemu zespo\u0142owi skupi\u0107 si\u0119 na innych wa\u017cnych zadaniach. Gor\u0105co polecam j\u0105 innym rolnikom!\u201d<\/p>\n<p><strong>\u2013 Sarah, Kanada<\/strong><br \/>\n\u201ePocz\u0105tkowo by\u0142em sceptycznie nastawiony do inwestycji w maszyn\u0119 tak\u0105 jak 9JYY-4.5, ale okaza\u0142a si\u0119 ona dla nas prze\u0142omem. Jest bardzo \u0142atwa w obs\u0142udze, a mechanizm podnoszenia dzia\u0142a bez zarzutu. Wytrzyma\u0142o\u015b\u0107 maszyny jest na najwy\u017cszym poziomie, nawet w naszych zimnych i mokrych warunkach. Wykonujemy wi\u0119cej pracy przy mniejszym wysi\u0142ku, a to jest nieocenione\u201d.<\/p>\n<p><strong>\u2013 Marco, Brazylia<\/strong><br \/>\n\u201eJako w\u0142a\u015bciciel gospodarstwa \u015bredniej wielko\u015bci, uzna\u0142em t\u0119 maszyn\u0119 za idealnie dopasowan\u0105 do naszych potrzeb. Model 9JYY-4.5 zwi\u0119kszy\u0142 nasz\u0105 wydajno\u015b\u0107, a pracownicy s\u0105 teraz znacznie bezpieczniejsi, poniewa\u017c nie musz\u0105 r\u0119cznie przenosi\u0107 ci\u0119\u017ckich bel. Ponadto obs\u0142uga klienta by\u0142a doskona\u0142a, gdy zadawali\u015bmy pytania. \u015awietna inwestycja!\u201d<\/p>\n<p><strong>\u2013 Henri, Francja<\/strong><br \/>\n\u201ePo kilku miesi\u0105cach u\u017cytkowania 9JYY-4.5 mog\u0119 powiedzie\u0107, \u017ce to jedna z najlepszych inwestycji, jakie poczyni\u0142em dla mojego gospodarstwa. System zbierania i transportu bel jest szybki i wydajny. Ponadto jest bardzo \u0142atwy w utrzymaniu, co jest ogromnym plusem. Gor\u0105co polecam t\u0119 maszyn\u0119 ka\u017cdemu gospodarstwu, kt\u00f3re chce zoptymalizowa\u0107 swoj\u0105 dzia\u0142alno\u015b\u0107.\u201d<\/p>\n<p><strong>\u2013 John, Australia<\/strong><br \/>\n\u201eW naszym gospodarstwie liczy si\u0119 wydajno\u015b\u0107, a model 9JYY-4.5 bardzo nam w tym pom\u00f3g\u0142. Szybko\u015b\u0107 zbierania i uk\u0142adania bel wzros\u0142a dziesi\u0119ciokrotnie. Dodatkowo maszyna mo\u017ce obs\u0142ugiwa\u0107 bele o r\u00f3\u017cnych rozmiarach, co czyni j\u0105 bardzo wszechstronn\u0105. Zdecydowanie warta zakupu!\u201d<\/p>\n<h2>Dlaczego warto wybra\u0107 nasz produkt?<\/h2>\n<p>Wyb\u00f3r naszej prasy do bel okr\u0105g\u0142ych 9JYY-4.5 <a href=\"https:\/\/farm-baler.com\/pl\/produkt\/4byh-1-3-maszyna-do-wyrywania-fasoli-nerkowej\/\">Maszyna do zbierania i transportu<\/a> Oznacza to, \u017ce otrzymujesz co\u015b wi\u0119cej ni\u017c tylko zaawansowan\u0105 technologi\u0119 i wydajno\u015b\u0107. Oferujemy:<\/p>\n<ul>\n<li>Szybkie us\u0142ugi personalizacji<\/li>\n<li>Doskona\u0142a obs\u0142uga klienta<\/li>\n<li>3-letnia gwarancja<\/li>\n<li>Szybka wysy\u0142ka na ca\u0142y \u015bwiat<\/li>\n<li>Kompleksowy serwis posprzeda\u017cowy<\/li>\n<\/ul>\n<p>Nasz produkt nie tylko spe\u0142nia Twoje bie\u017c\u0105ce potrzeby, ale jest r\u00f3wnie\u017c wspierany przez nasze zaanga\u017cowanie w jako\u015b\u0107 i serwis. Wspieramy Ci\u0119 przez ca\u0142y okres u\u017cytkowania produktu.<\/p>\n<h2>Poznaj nasze produkty<\/h2>\n<p>Opr\u00f3cz modelu 9JYY-4.5 oferujemy r\u00f3wnie\u017c szerok\u0105 gam\u0119 urz\u0105dze\u0144 uzupe\u0142niaj\u0105cych i akcesori\u00f3w. Nasze moce produkcyjne gwarantuj\u0105, \u017ce wszystkie produkty spe\u0142niaj\u0105 wysokie standardy jako\u015bci. Jeste\u015bmy dumni z oferowania produkt\u00f3w w bardzo konkurencyjnych cenach i kompleksowego wsparcia posprzeda\u017cowego. Zapoznaj si\u0119 z nasz\u0105 ofert\u0105 i skontaktuj si\u0119 z nami ju\u017c dzi\u015b, aby uzyska\u0107 wycen\u0119!<\/p>\n<h2>Cz\u0119sto zadawane pytania<\/h2>\n<p><strong>Jakie s\u0105 najwa\u017cniejsze cechy maszyny do zbierania i transportu bel okr\u0105g\u0142ych 9JYY-4.5?<\/strong><\/p>\n<p>Maszyna mo\u017ce pochwali\u0107 si\u0119 takimi funkcjami, jak \u0142atwe zbieranie bel, wydajne mo\u017cliwo\u015bci transportu, kompatybilno\u015b\u0107 z r\u00f3\u017cnymi rozmiarami bel oraz wytrzyma\u0142y hydrauliczny uk\u0142ad podnoszenia.<\/p>\n<p><strong>Czy maszyna 9JYY-4.5 obs\u0142uguje r\u00f3\u017cne rozmiary bel?<\/strong><\/p>\n<p>Tak, maszyna jest zaprojektowana do obs\u0142ugi bel okr\u0105g\u0142ych o r\u00f3\u017cnych rozmiarach, co czyni j\u0105 uniwersaln\u0105 dla gospodarstw o \u200b\u200bzr\u00f3\u017cnicowanych wymaganiach dotycz\u0105cych bel.<\/p>\n<p><strong>Jaka jest gwarancja na maszyn\u0119 9JYY-4.5?<\/strong><\/p>\n<p>Na model 9JYY-4.5 udzielamy 3-letniej gwarancji, co daje pewno\u015b\u0107, \u017ce Twoja maszyna b\u0119dzie dzia\u0142a\u0107 niezawodnie przez wiele lat.<\/p>\n<p><strong>Jak \u0142atwa jest konserwacja maszyny 9JYY-4.5?<\/strong><\/p>\n<p>Konserwacja jest prosta i wymaga regularnych przegl\u0105d\u00f3w, smarowania i czyszczenia. Urz\u0105dzenie zosta\u0142o zaprojektowane z my\u015bl\u0105 o \u0142atwej obs\u0142udze, co minimalizuje przestoje.<\/p>\n<p><strong>Czy mog\u0119 u\u017cywa\u0107 9JYY-4.5 w trudnym terenie?<\/strong><\/p>\n<p>Tak, trwa\u0142e ko\u0142a i solidna konstrukcja maszyny sprawiaj\u0105, \u017ce nadaje si\u0119 ona do stosowania w r\u00f3\u017cnych rodzajach terenu, w tym na nier\u00f3wnych polach.<\/p>\n<p><strong>Jakie typy gospodarstw rolnych odnosz\u0105 najwi\u0119ksze korzy\u015bci ze stosowania normy 9JYY-4.5?<\/strong><\/p>\n<p>Najwi\u0119ksze korzy\u015bci odnios\u0105 gospodarstwa zajmuj\u0105ce si\u0119 produkcj\u0105 siana, s\u0142omy lub biomasy, ale maszyny te b\u0119d\u0105 bardzo przydatne r\u00f3wnie\u017c dla gospodarstw \u015bredniej wielko\u015bci.<\/p>\n<p><strong>W jaki spos\u00f3b 9JYY-4.5 zwi\u0119ksza wydajno\u015b\u0107 gospodarstwa?<\/strong><\/p>\n<p>Dzi\u0119ki automatyzacji procesu zbierania, transportu i uk\u0142adania bel maszyna oszcz\u0119dza czas, obni\u017ca koszty pracy i zapobiega urazom.<\/p>\n<p><strong>Czy obs\u0142uga 9JYY-4.5 jest \u0142atwa?<\/strong><\/p>\n<p>Tak, posiada intuicyjny system sterowania, dzi\u0119ki kt\u00f3remu obs\u0142uga urz\u0105dzenia jest prosta nawet dla os\u00f3b bez obszernego przeszkolenia technicznego.<\/p>\n<p><strong>Jak d\u0142ugo wytrzymuje 9JYY-4.5?<\/strong><\/p>\n<p>Przy prawid\u0142owej konserwacji maszyna 9JYY-4.5 mo\u017ce s\u0142u\u017cy\u0107 przez wiele lat, oferuj\u0105c trwa\u0142\u0105 wydajno\u015b\u0107 w r\u00f3\u017cnych warunkach rolniczych.<\/p>\n<p><strong>Czy jest dost\u0119pny program szkoleniowy dotycz\u0105cy obs\u0142ugi samolotu 9JYY-4.5?<\/strong><\/p>\n<p>Tak, zapewniamy materia\u0142y szkoleniowe i wsparcie, aby zagwarantowa\u0107 p\u0142ynn\u0105 prac\u0119 i maksymaln\u0105 wydajno\u015b\u0107 Twojej nowej maszyny.<\/p>\n<p><strong>Czy maszyna 9JYY-4.5 poradzi sobie z mokrymi belami?<\/strong><\/p>\n<p>Tak, maszyna jest zaprojektowana do pracy z belami suchymi i lekko wilgotnymi, dzi\u0119ki czemu sprawdza si\u0119 w r\u00f3\u017cnych warunkach pogodowych.<\/p>\n<p><strong>Czy 9JYY-4.5 jest energooszcz\u0119dny?<\/strong><\/p>\n<p>Tak, maszyna zosta\u0142a zaprojektowana z my\u015bl\u0105 o oszcz\u0119dno\u015bci energii, co pomaga obni\u017cy\u0107 koszty eksploatacji i wp\u0142yw na \u015brodowisko.<\/p>\n<p><strong>Czy maszyna 9JYY-4.5 mo\u017ce obs\u0142ugiwa\u0107 wiele bel jednocze\u015bnie?<\/strong><\/p>\n<p>Maszyna mo\u017ce obs\u0142u\u017cy\u0107 jedn\u0105 bel\u0119 na raz, ale mo\u017ce te\u017c szybko transportowa\u0107 du\u017c\u0105 liczb\u0119 bel, co zwi\u0119ksza og\u00f3ln\u0105 wydajno\u015b\u0107.<\/p>\n<p><strong>Czy 9JYY-4.5 ma du\u017c\u0105 \u0142adowno\u015b\u0107?<\/strong><\/p>\n<p>Tak, jest on zaprojektowany do obs\u0142ugi du\u017cych \u0142adunk\u00f3w, co pozwala na \u0142atwy transport du\u017cych bel.<\/p>\n<p><strong>Jaki jest najlepszy spos\u00f3b przechowywania maszyny 9JYY-4.5?<\/strong><\/p>\n<p>Przechowuj maszyn\u0119 w suchym i bezpiecznym miejscu, aby chroni\u0107 j\u0105 przed niekorzystnymi warunkami atmosferycznymi. Regularna konserwacja gwarantuje, \u017ce pozostanie ona w optymalnym stanie.<\/p>\n<p>&nbsp;<\/p>","protected":false},"excerpt":{"rendered":"<p>Odkryj maszyn\u0119 do zbierania i transportu bel okr\u0105g\u0142ych 9JYY-4.5, zaprojektowan\u0105 z my\u015bl\u0105 o wydajnym i wydajnym transporcie bel. Zaprojektowana z my\u015bl\u0105 o zwi\u0119kszeniu wydajno\u015bci w rolnictwie, ta wytrzyma\u0142a i \u0142atwa w obs\u0142udze maszyna zapewnia p\u0142ynny zbi\u00f3r i transport bel. Zmaksymalizuj wydajno\u015b\u0107 swojego gospodarstwa ju\u017c dzi\u015b \u2013 zainwestuj w niezawodn\u0105, \u200b\u200bnajnowocze\u015bniejsz\u0105 technologi\u0119. Kup j\u0105 ju\u017c teraz, aby przyspieszy\u0107 prac\u0119 i zwi\u0119kszy\u0107 plony!<\/p>","protected":false},"featured_media":263,"template":"","meta":{"_et_pb_use_builder":"","_et_pb_old_content":"","_et_gb_content_width":""},"product_brand":[],"product_cat":[27],"product_tag":[],"class_list":{"0":"post-212","1":"product","2":"type-product","3":"status-publish","4":"has-post-thumbnail","6":"product_cat-other-series-products","8":"first","9":"instock","10":"shipping-taxable","11":"product-type-simple"},"_links":{"self":[{"href":"https:\/\/farm-baler.com\/pl\/wp-json\/wp\/v2\/product\/212","targetHints":{"allow":["GET"]}}],"collection":[{"href":"https:\/\/farm-baler.com\/pl\/wp-json\/wp\/v2\/product"}],"about":[{"href":"https:\/\/farm-baler.com\/pl\/wp-json\/wp\/v2\/types\/product"}],"wp:featuredmedia":[{"embeddable":true,"href":"https:\/\/farm-baler.com\/pl\/wp-json\/wp\/v2\/media\/263"}],"wp:attachment":[{"href":"https:\/\/farm-baler.com\/pl\/wp-json\/wp\/v2\/media?parent=212"}],"wp:term":[{"taxonomy":"product_brand","embeddable":true,"href":"https:\/\/farm-baler.com\/pl\/wp-json\/wp\/v2\/product_brand?post=212"},{"taxonomy":"product_cat","embeddable":true,"href":"https:\/\/farm-baler.com\/pl\/wp-json\/wp\/v2\/product_cat?post=212"},{"taxonomy":"product_tag","embeddable":true,"href":"https:\/\/farm-baler.com\/pl\/wp-json\/wp\/v2\/product_tag?post=212"}],"curies":[{"name":"wp","href":"https:\/\/api.w.org\/{rel}","templated":true}]}}