{"id":211,"date":"2025-11-19T06:07:47","date_gmt":"2025-11-19T06:07:47","guid":{"rendered":"https:\/\/farm-baler.com\/?post_type=product&#038;p=211"},"modified":"2025-12-17T07:02:51","modified_gmt":"2025-12-17T07:02:51","slug":"prasa-okragla-9yg-1-25","status":"publish","type":"product","link":"https:\/\/farm-baler.com\/pl\/produkt\/prasa-okragla-9yg-1-25\/","title":{"rendered":"Prasa okr\u0105g\u0142a 9YG-1.25"},"content":{"rendered":"<p>Prasa zwijaj\u0105ca 9YG-1.25 to wysokowydajna maszyna rolnicza przeznaczona do zbierania, prasowania i pakowania r\u00f3\u017cnego rodzaju pasz lub materia\u0142\u00f3w ro\u015blinnych w okr\u0105g\u0142e bele. Maszyna ta jest niezb\u0119dnym narz\u0119dziem w nowoczesnym rolnictwie, zapewniaj\u0105c wy\u017csz\u0105 wydajno\u015b\u0107 i sprawniejsze prace polowe. Prasy umo\u017cliwiaj\u0105 rolnikom wydajne przetwarzanie du\u017cych ilo\u015bci materia\u0142u, zwi\u0119kszaj\u0105c tym samym produktywno\u015b\u0107 i rentowno\u015b\u0107. Niezale\u017cnie od tego, czy przetwarzasz siano, s\u0142om\u0119, czy inne pozosta\u0142o\u015bci rolnicze, 9YG-1.25 s\u0142ynie z doskona\u0142ej wydajno\u015bci i niezawodno\u015bci.<\/p>\n<h2>Czym jest prasa?<\/h2>\n<p>Prasy to niezb\u0119dne urz\u0105dzenia rolnicze s\u0142u\u017c\u0105ce do prasowania lu\u017anych plon\u00f3w (takich jak siano, s\u0142oma czy kiszonka) w zwarte, cylindryczne bele. Bele te s\u0105 \u0142atwiejsze w obs\u0142udze, przechowywaniu i transporcie ni\u017c luzem. Prasy wykorzystuj\u0105 szereg rolek, przeno\u015bnik\u00f3w ta\u015bmowych lub innych urz\u0105dze\u0144 kompresuj\u0105cych do zbierania i prasowania materia\u0142u w ciasny, cylindryczny kszta\u0142t, kt\u00f3ry nast\u0119pnie jest zabezpieczany lin\u0105, siatk\u0105 lub drutem. Urz\u0105dzenia te s\u0105 szczeg\u00f3lnie przydatne na polach, gdzie zarz\u0105dzanie plonami i wykorzystanie przestrzeni maj\u0105 kluczowe znaczenie.<\/p>\n<p>Prasy Baer s\u0105 szeroko stosowane w belowaniu siana, zbiorze s\u0142omy i produkcji kiszonki, pomagaj\u0105c rolnikom usprawni\u0107 procesy zbior\u00f3w oraz poprawi\u0107 wydajno\u015b\u0107 magazynowania i transportu. W por\u00f3wnaniu z prasami kostkuj\u0105cymi, prasy okr\u0105g\u0142e charakteryzuj\u0105 si\u0119 wi\u0119ksz\u0105 pr\u0119dko\u015bci\u0105 i mniejszym nak\u0142adem pracy, co czyni je idealnymi do du\u017cych gospodarstw rolnych.<\/p>\n<h2>Dane techniczne<\/h2>\n<table style=\"height: 624px; border-color: #000000;\">\n<thead>\n<tr style=\"height: 47px;\">\n<th style=\"width: 84.6875px; height: 47px;\">Numer seryjny<\/th>\n<th style=\"width: 272.438px; height: 47px;\">Przedmiot<\/th>\n<th style=\"width: 39.6797px; height: 47px;\">Jednostka<\/th>\n<th style=\"width: 252.188px; height: 47px;\">Specyfikacja<\/th>\n<\/tr>\n<\/thead>\n<tbody>\n<tr style=\"height: 23px;\">\n<td style=\"width: 84.6875px; height: 23px;\">1<\/td>\n<td style=\"width: 272.438px; height: 23px;\">Nazwa modelu<\/td>\n<td style=\"width: 39.6797px; height: 23px;\">\/<\/td>\n<td style=\"width: 252.188px; height: 23px;\">Prasa zwijaj\u0105ca typu 9YG-1.25<\/td>\n<\/tr>\n<tr style=\"height: 23px;\">\n<td style=\"width: 84.6875px; height: 23px;\">2<\/td>\n<td style=\"width: 272.438px; height: 23px;\">Metoda zaczepiania<\/td>\n<td style=\"width: 39.6797px; height: 23px;\">\/<\/td>\n<td style=\"width: 252.188px; height: 23px;\">Typ trakcji<\/td>\n<\/tr>\n<tr style=\"height: 23px;\">\n<td style=\"width: 84.6875px; height: 23px;\">3<\/td>\n<td style=\"width: 272.438px; height: 23px;\">Szeroko\u015b\u0107 pobierania<\/td>\n<td style=\"width: 39.6797px; height: 23px;\">mm<\/td>\n<td style=\"width: 252.188px; height: 23px;\">2240<\/td>\n<\/tr>\n<tr style=\"height: 47px;\">\n<td style=\"width: 84.6875px; height: 47px;\">4<\/td>\n<td style=\"width: 272.438px; height: 47px;\">Formularz strukturalny Picker<\/td>\n<td style=\"width: 39.6797px; height: 47px;\">\/<\/td>\n<td style=\"width: 252.188px; height: 47px;\">Wymienne z\u0119by spr\u0119\u017cynowe i pazury m\u0142otkowe<\/td>\n<\/tr>\n<tr style=\"height: 23px;\">\n<td style=\"width: 84.6875px; height: 23px;\">5<\/td>\n<td style=\"width: 272.438px; height: 23px;\">Forma konstrukcyjna podajnika<\/td>\n<td style=\"width: 39.6797px; height: 23px;\">\/<\/td>\n<td style=\"width: 252.188px; height: 23px;\">\u015alimak + walec spr\u0119\u017cynowy + b\u0119ben<\/td>\n<\/tr>\n<tr style=\"height: 47px;\">\n<td style=\"width: 84.6875px; height: 47px;\">6<\/td>\n<td style=\"width: 272.438px; height: 47px;\">Forma mechanizmu belowania w komorze kompresyjnej<\/td>\n<td style=\"width: 39.6797px; height: 47px;\">\/<\/td>\n<td style=\"width: 252.188px; height: 47px;\">Typ b\u0119bna<\/td>\n<\/tr>\n<tr style=\"height: 23px;\">\n<td style=\"width: 84.6875px; height: 23px;\">7<\/td>\n<td style=\"width: 272.438px; height: 23px;\">Szeroko\u015b\u0107 komory spr\u0119\u017cania<\/td>\n<td style=\"width: 39.6797px; height: 23px;\">mm<\/td>\n<td style=\"width: 252.188px; height: 23px;\">1250<\/td>\n<\/tr>\n<tr style=\"height: 23px;\">\n<td style=\"width: 84.6875px; height: 23px;\">8<\/td>\n<td style=\"width: 272.438px; height: 23px;\">\u015arednica komory spr\u0119\u017cania<\/td>\n<td style=\"width: 39.6797px; height: 23px;\">mm<\/td>\n<td style=\"width: 252.188px; height: 23px;\">1200<\/td>\n<\/tr>\n<tr style=\"height: 23px;\">\n<td style=\"width: 84.6875px; height: 23px;\">9<\/td>\n<td style=\"width: 272.438px; height: 23px;\">Liczba tocz\u0105cych si\u0119 element\u00f3w roboczych<\/td>\n<td style=\"width: 39.6797px; height: 23px;\">komputer<\/td>\n<td style=\"width: 252.188px; height: 23px;\">18<\/td>\n<\/tr>\n<tr style=\"height: 23px;\">\n<td style=\"width: 84.6875px; height: 23px;\">10<\/td>\n<td style=\"width: 272.438px; height: 23px;\">\u015arednica b\u0119bna tocznego<\/td>\n<td style=\"width: 39.6797px; height: 23px;\">mm<\/td>\n<td style=\"width: 252.188px; height: 23px;\">222<\/td>\n<\/tr>\n<tr style=\"height: 23px;\">\n<td style=\"width: 84.6875px; height: 23px;\">11<\/td>\n<td style=\"width: 272.438px; height: 23px;\">Metoda belowania<\/td>\n<td style=\"width: 39.6797px; height: 23px;\">\/<\/td>\n<td style=\"width: 252.188px; height: 23px;\">Automatyczne owijanie siatk\u0105<\/td>\n<\/tr>\n<tr style=\"height: 23px;\">\n<td style=\"width: 84.6875px; height: 23px;\">12<\/td>\n<td style=\"width: 272.438px; height: 23px;\">Dopasowana moc<\/td>\n<td style=\"width: 39.6797px; height: 23px;\">kW\/KM<\/td>\n<td style=\"width: 252.188px; height: 23px;\">\u226588,2\/120<\/td>\n<\/tr>\n<tr style=\"height: 23px;\">\n<td style=\"width: 84.6875px; height: 23px;\">13<\/td>\n<td style=\"width: 272.438px; height: 23px;\">Masa konstrukcyjna<\/td>\n<td style=\"width: 39.6797px; height: 23px;\">kg<\/td>\n<td style=\"width: 252.188px; height: 23px;\">4558<\/td>\n<\/tr>\n<tr style=\"height: 23px;\">\n<td style=\"width: 84.6875px; height: 23px;\">14<\/td>\n<td style=\"width: 272.438px; height: 23px;\">Pr\u0119dko\u015b\u0107 wa\u0142u odbioru mocy<\/td>\n<td style=\"width: 39.6797px; height: 23px;\">obr.\/min<\/td>\n<td style=\"width: 252.188px; height: 23px;\">720<\/td>\n<\/tr>\n<tr style=\"height: 23px;\">\n<td style=\"width: 84.6875px; height: 23px;\">15<\/td>\n<td style=\"width: 272.438px; height: 23px;\">Wymiary ca\u0142kowite (d\u0142ugo\u015b\u0107 \u00d7 szeroko\u015b\u0107 \u00d7 wysoko\u015b\u0107)<\/td>\n<td style=\"width: 39.6797px; height: 23px;\">mm<\/td>\n<td style=\"width: 252.188px; height: 23px;\">5250\u00d72700\u00d72350<\/td>\n<\/tr>\n<tr style=\"height: 23px;\">\n<td style=\"width: 84.6875px; height: 23px;\">16<\/td>\n<td style=\"width: 272.438px; height: 23px;\">Kontrola g\u0119sto\u015bci beli<\/td>\n<td style=\"width: 39.6797px; height: 23px;\">\/<\/td>\n<td style=\"width: 252.188px; height: 23px;\">Kontrola czujnika<\/td>\n<\/tr>\n<tr style=\"height: 23px;\">\n<td style=\"width: 84.6875px; height: 23px;\">17<\/td>\n<td style=\"width: 272.438px; height: 23px;\">Rozmiar beli (\u015brednica \u00d7 szeroko\u015b\u0107)<\/td>\n<td style=\"width: 39.6797px; height: 23px;\">mm<\/td>\n<td style=\"width: 252.188px; height: 23px;\">1200\u00d71250<\/td>\n<\/tr>\n<tr style=\"height: 23px;\">\n<td style=\"width: 84.6875px; height: 23px;\">18<\/td>\n<td style=\"width: 272.438px; height: 23px;\">G\u0119sto\u015b\u0107 beli<\/td>\n<td style=\"width: 39.6797px; height: 23px;\">kg\/m\u00b3<\/td>\n<td style=\"width: 252.188px; height: 23px;\">115-200<\/td>\n<\/tr>\n<tr style=\"height: 23px;\">\n<td style=\"width: 84.6875px; height: 23px;\">19<\/td>\n<td style=\"width: 272.438px; height: 23px;\">Wydajno\u015b\u0107<\/td>\n<td style=\"width: 39.6797px; height: 23px;\">bela\/h<\/td>\n<td style=\"width: 252.188px; height: 23px;\">40-80<\/td>\n<\/tr>\n<tr style=\"height: 23px;\">\n<td style=\"width: 84.6875px; height: 23px;\">20<\/td>\n<td style=\"width: 272.438px; height: 23px;\">Rozstaw osi<\/td>\n<td style=\"width: 39.6797px; height: 23px;\">mm<\/td>\n<td style=\"width: 252.188px; height: 23px;\">2450<\/td>\n<\/tr>\n<tr style=\"height: 23px;\">\n<td style=\"width: 84.6875px; height: 23px;\">21<\/td>\n<td style=\"width: 272.438px; height: 23px;\">Pr\u0119dko\u015b\u0107 robocza<\/td>\n<td style=\"width: 39.6797px; height: 23px;\">km\/h<\/td>\n<td style=\"width: 252.188px; height: 23px;\">5-20<\/td>\n<\/tr>\n<tr style=\"height: 23px;\">\n<td style=\"width: 84.6875px; height: 23px;\">22<\/td>\n<td style=\"width: 272.438px; height: 23px;\">Specyfikacja siatki do bel (d\u0142ugo\u015b\u0107 \u00d7 szeroko\u015b\u0107)<\/td>\n<td style=\"width: 39.6797px; height: 23px;\">M<\/td>\n<td style=\"width: 252.188px; height: 23px;\">2000\u00d71,25 na bel\u0119<\/td>\n<\/tr>\n<tr style=\"height: 23px;\">\n<td style=\"width: 84.6875px; height: 23px;\">23<\/td>\n<td style=\"width: 272.438px; height: 23px;\">Liczba zmodyfikowanych pazur\u00f3w m\u0142otkowych<\/td>\n<td style=\"width: 39.6797px; height: 23px;\">komputer<\/td>\n<td style=\"width: 252.188px; height: 23px;\">18<\/td>\n<\/tr>\n<\/tbody>\n<\/table>\n<h2>Definicja produktu<\/h2>\n<p>Prasa zwijaj\u0105ca 9YG-1.25 to kompaktowa i wydajna maszyna rolnicza, zaprojektowana specjalnie do belowania r\u00f3\u017cnych materia\u0142\u00f3w rolniczych w okr\u0105g\u0142e bele. Prasuje i formuje jednorodne okr\u0105g\u0142e bele, u\u0142atwiaj\u0105c przenoszenie, przechowywanie i transport. Maszyna ta idealnie nadaje si\u0119 do \u015brednich i du\u017cych gospodarstw rolnych.<\/p>\n<p style=\"text-align: center;\"><img loading=\"lazy\" decoding=\"async\" class=\"alignnone wp-image-248\" src=\"https:\/\/farm-baler.com\/wp-content\/uploads\/2025\/11\/EP-9YG-1.25-Round-Baler-11-300x300.webp\" alt=\"prasa okr\u0105g\u0142a\" width=\"381\" height=\"381\" \/><\/p>\n<h2>Problemy, kt\u00f3re mo\u017ce rozwi\u0105za\u0107 i jego zastosowania<\/h2>\n<p>Prasa zwijaj\u0105ca 9YG-1.25 zosta\u0142a zaprojektowana z my\u015bl\u0105 o typowych wyzwaniach rolniczych, takich jak efektywne zbieranie i prasowanie resztek po\u017cniwnych, minimalizacja odpad\u00f3w oraz poprawa efektywno\u015bci magazynowania. S\u0142u\u017cy do produkcji wysokiej jako\u015bci bel okr\u0105g\u0142ych, \u0142atwych w przechowywaniu i transporcie. Maszyna zapewnia jednorodno\u015b\u0107 rozmiaru i zwarto\u015b\u0107 bel, optymalizuj\u0105c w ten spos\u00f3b przestrze\u0144 magazynow\u0105 i poprawiaj\u0105c efektywno\u015b\u0107 logistyki transportu.<\/p>\n<h2>Zalety produktu<\/h2>\n<p>Prasa zwijaj\u0105ca 9YG-1.25 oferuje szereg zalet, dzi\u0119ki kt\u00f3rym jest ch\u0119tnie wybierana przez rolnik\u00f3w:<\/p>\n<ul>\n<li><strong>Wysoka wydajno\u015b\u0107:<\/strong> Maszyna pracuje z du\u017c\u0105 wydajno\u015bci\u0105, co pozwala na redukcj\u0119 czasu i nak\u0142ad\u00f3w pracy potrzebnych do belowania.<\/li>\n<li><strong>Trwa\u0142o\u015b\u0107:<\/strong> Wykonany z materia\u0142\u00f3w najwy\u017cszej jako\u015bci model 9YG-1.25 zaprojektowano tak, aby wytrzyma\u0142 trudy ci\u0119\u017ckich prac rolniczych, co gwarantuje d\u0142ug\u0105 \u017cywotno\u015b\u0107.<\/li>\n<li><strong>\u0141atwo\u015b\u0107 u\u017cytkowania:<\/strong> Dzi\u0119ki intuicyjnemu sterowaniu i prostej konstrukcji maszyna jest \u0142atwa w obs\u0142udze, nawet dla rolnik\u00f3w o ograniczonym do\u015bwiadczeniu technicznym.<\/li>\n<li><strong>Kompaktowa konstrukcja:<\/strong> Prasa zwijaj\u0105ca 9YG-1.25 jest kompaktowa, dzi\u0119ki czemu \u0142atwiej ni\u0105 manewrowa\u0107 w ciasnych przestrzeniach i na mniejszych polach.<\/li>\n<li><strong>Sta\u0142a jako\u015b\u0107 bel:<\/strong> Maszyna wytwarza jednolite, \u015bci\u015ble sprasowane bele, kt\u00f3re s\u0105 \u0142atwe do przechowywania, transportu i wykorzystania jako pasza lub \u015bci\u00f3\u0142ka dla zwierz\u0105t gospodarskich.<\/li>\n<\/ul>\n<h2>Jak dzia\u0142a prasa okr\u0105g\u0142a 9YG-1.25<\/h2>\n<p>Prasa do belowania 9YG-1.25 wykonuje szereg czynno\u015bci. Najpierw materia\u0142 jest zbierany do komory prasowania. Po wej\u015bciu do komory, materia\u0142 jest stale prasowany przez rolki w okr\u0105g\u0142y kszta\u0142t. Nast\u0119pnie bele s\u0105 solidnie wi\u0105zane lin\u0105 lub siatk\u0105. Konstrukcja prasy zapewnia r\u00f3wnomierne zag\u0119szczenie bel, co przek\u0142ada si\u0119 na zwarte, jednolite i \u0142atwe w obs\u0142udze bele.<\/p>\n<h2>G\u0142\u00f3wne scenariusze zastosowa\u0144 prasy okr\u0105g\u0142ej 9YG-1.25<\/h2>\n<p>Prasa zwijaj\u0105ca 9YG-1.25 nadaje si\u0119 do r\u00f3\u017cnych zastosowa\u0144 rolniczych. Oto niekt\u00f3re z jej g\u0142\u00f3wnych zastosowa\u0144:<\/p>\n<ul>\n<li><strong>Produkcja siana:<\/strong> Maszyna idealnie nadaje si\u0119 do belowania siana, zapewniaj\u0105c \u015bcis\u0142e upakowanie materia\u0142u i jego w\u0142a\u015bciwe zakonserwowanie w celu karmienia zwierz\u0105t gospodarskich w ch\u0142odniejszych miesi\u0105cach.<\/li>\n<li><strong>Zbi\u00f3rka s\u0142omy:<\/strong> Wydajnie zbiera i belowa s\u0142om\u0119, kt\u00f3ra jest powszechnie stosowana w rolnictwie do \u015bci\u00f3\u0142kowania lub jako materia\u0142 \u015bci\u00f3\u0142kowy dla zwierz\u0105t.<\/li>\n<li><strong>Prasowanie kiszonki:<\/strong> Prasa mo\u017ce r\u00f3wnie\u017c przetwarza\u0107 materia\u0142y kiszonkowe, co czyni j\u0105 uniwersalnym wyborem dla rolnik\u00f3w zajmuj\u0105cych si\u0119 hodowl\u0105 zwierz\u0105t gospodarskich.<\/li>\n<li><strong>Zarz\u0105dzanie u\u017cytkami zielonymi:<\/strong> Przydaje si\u0119 na terenach trawiastych, gdzie konieczne jest usuni\u0119cie ro\u015blinno\u015bci, gdy\u017c pomaga utrzyma\u0107 zdrowe \u0142\u0105ki.<\/li>\n<li><strong>Zarz\u0105dzanie resztkami po\u017cniwnymi:<\/strong> Prasa pomaga w zagospodarowaniu resztek po\u017cniwnych, zapobiega marnotrawstwu i poprawia jako\u015b\u0107 gleby.<\/li>\n<li><strong>Transport:<\/strong> Po sprasowaniu materia\u0142y s\u0105 \u0142atwe w transporcie, co zmniejsza problemy logistyczne w gospodarstwach rolnych i poprawia og\u00f3ln\u0105 wydajno\u015b\u0107.<\/li>\n<\/ul>\n<h2>Jak wybra\u0107 odpowiedni\u0105 pras\u0119 okr\u0105g\u0142\u0105 9YG-1.25<\/h2>\n<p>Przy wyborze prasy okr\u0105g\u0142ej 9YG-1.25 nale\u017cy wzi\u0105\u0107 pod uwag\u0119 kilka czynnik\u00f3w, aby mie\u0107 pewno\u015b\u0107, \u017ce maszyna spe\u0142ni Twoje potrzeby:<\/p>\n<ul>\n<li><strong>Wielko\u015b\u0107 gospodarstwa:<\/strong> W przypadku wi\u0119kszych gospodarstw potrzebna jest bardziej wytrzyma\u0142a i wydajna prasa, natomiast w przypadku mniejszych gospodarstw korzystniejsza mo\u017ce okaza\u0107 si\u0119 wersja kompaktowa.<\/li>\n<li><strong>Typ materia\u0142u:<\/strong> W zale\u017cno\u015bci od rodzaju belowanego plonu nale\u017cy si\u0119 upewni\u0107, \u017ce prasa nadaje si\u0119 do belowania materia\u0142\u00f3w takich jak siano, s\u0142oma lub kiszonka.<\/li>\n<li><strong>Rozmiar beli:<\/strong> Okre\u015bl idealny rozmiar beli odpowiadaj\u0105cy Twoim potrzebom w zakresie przechowywania i transportu, aby zapewni\u0107 jego zgodno\u015b\u0107 z ustawieniami prasy.<\/li>\n<li><strong>Bud\u017cet:<\/strong> We\u017a pod uwag\u0119 sw\u00f3j bud\u017cet i wybierz model, kt\u00f3ry zapewni Ci najlepsz\u0105 inwestycj\u0119 pod wzgl\u0119dem wydajno\u015bci i trwa\u0142o\u015bci.<\/li>\n<li><strong>Cechy:<\/strong> Sprawd\u017a dodatkowe funkcje, takie jak automatyczne wi\u0105zanie, regulowany rozmiar beli i \u0142atwo\u015b\u0107 konserwacji, kt\u00f3re mog\u0105 poprawi\u0107 wydajno\u015b\u0107 i \u0142atwo\u015b\u0107 u\u017cytkowania.<\/li>\n<li><strong>Wsparcie posprzeda\u017cowe:<\/strong> Upewnij si\u0119, \u017ce producent oferuje niezawodn\u0105 obs\u0142ug\u0119 posprzeda\u017cow\u0105 i gwarancje gwarantuj\u0105ce ci\u0105g\u0142\u0105 prac\u0119 urz\u0105dzenia.<\/li>\n<\/ul>\n<h2>Konserwacja prasy okr\u0105g\u0142ej 9YG-1.25<\/h2>\n<p>Konserwacja prasy 9YG-1.25 jest kluczowa dla zapewnienia optymalnej wydajno\u015bci i wyd\u0142u\u017cenia jej \u017cywotno\u015bci. Regularne czynno\u015bci konserwacyjne obejmuj\u0105:<\/p>\n<ul>\n<li><strong>Czyszczenie:<\/strong> Po ka\u017cdym u\u017cyciu nale\u017cy wyczy\u015bci\u0107 maszyn\u0119, aby usun\u0105\u0107 wszelkie pozosta\u0142o\u015bci, brud lub zanieczyszczenia, kt\u00f3re mog\u0105 zatka\u0107 system lub wp\u0142yn\u0105\u0107 na wydajno\u015b\u0107.<\/li>\n<li><strong>Smarowanie:<\/strong> Regularnie smaruj ruchome cz\u0119\u015bci, aby zapobiec ich zu\u017cyciu i zapewni\u0107 p\u0142ynn\u0105 prac\u0119.<\/li>\n<li><strong>Kontrola:<\/strong> Przeprowadzaj rutynowe kontrole maszyny pod k\u0105tem oznak uszkodze\u0144 lub nieprawid\u0142owego dzia\u0142ania. Zwr\u00f3\u0107 szczeg\u00f3ln\u0105 uwag\u0119 na rolki i system sznurka.<\/li>\n<li><strong>Wymiana cz\u0119\u015bci:<\/strong> Szybko wymieniaj zu\u017cyte cz\u0119\u015bci, aby unikn\u0105\u0107 awarii w krytycznych momentach.<\/li>\n<li><strong>Sk\u0142adowanie:<\/strong> Gdy prasa nie jest u\u017cywana, nale\u017cy j\u0105 przechowywa\u0107 w suchym i os\u0142oni\u0119tym miejscu, aby chroni\u0107 j\u0105 przed warunkami atmosferycznymi, kt\u00f3re mog\u0105 powodowa\u0107 rdzewienie lub uszkodzenia.<\/li>\n<\/ul>\n<h2 style=\"text-align: center;\"><img loading=\"lazy\" decoding=\"async\" class=\"alignnone  wp-image-249\" src=\"https:\/\/farm-baler.com\/wp-content\/uploads\/2025\/11\/EP-9YG-1.25-Round-Baler-21-300x300.webp\" alt=\"prasa okr\u0105g\u0142a\" width=\"375\" height=\"375\" \/><\/h2>\n<h2>Opinie klient\u00f3w<\/h2>\n<p>\u201eU\u017cywamy prasy zwijaj\u0105cej 9YG-1.25 w naszym gospodarstwie od ponad roku. Dzia\u0142a znakomicie, produkuj\u0105c r\u00f3wne bele, idealne dla naszych zwierz\u0105t gospodarskich. Maszyna jest \u0142atwa w obs\u0142udze, a jej konserwacja jest stosunkowo tania. Gor\u0105co polecamy j\u0105 ka\u017cdemu, kto pracuje w rolnictwie.\u201d<br \/>\n<strong>\u2013 John, Stany Zjednoczone<\/strong><\/p>\n<p>\u201ePrasa 9YG-1.25 znacznie usprawni\u0142a nasz proces belowania. Jest \u0142atwa w obs\u0142udze, a bele s\u0105 ciasno upakowane, co u\u0142atwia ich przechowywanie i transport. U\u017cywamy jej g\u0142\u00f3wnie do siana i jest niezawodnym uzupe\u0142nieniem naszej floty maszyn\u201d.<br \/>\n<strong>\u2013 Sarah, Kanada<\/strong><\/p>\n<p>\u201eKupi\u0142em 9YG-1.25 <a href=\"https:\/\/agricultural-baler.com\/\" target=\"_blank\" rel=\"noopener\">Prasa zwijaj\u0105ca do mojego ma\u0142ego gospodarstwa<\/a>, i to by\u0142 doskona\u0142y wyb\u00f3r. Jest kompaktowy, a jednocze\u015bnie wydajny i dzia\u0142a wydajnie. Obs\u0142uga klienta by\u0142a na najwy\u017cszym poziomie, a wysy\u0142ka szybka.\u201d<br \/>\n<strong>\u2013 Michael, Wielka Brytania<\/strong><\/p>\n<p>\u201eU\u017cywali\u015bmy kilku pras do belowania bel okr\u0105g\u0142ych w naszym gospodarstwie, a ta jest zdecydowanie najlepsza. Jest prosta w obs\u0142udze i nie wymaga wielu czynno\u015bci konserwacyjnych. Maszyna jest r\u00f3wnie\u017c bardzo trwa\u0142a, nawet w trudnych warunkach\u201d.<br \/>\n<strong>\u2013 Lucas, Australia<\/strong><\/p>\n<p>\u201eZajmuj\u0119 si\u0119 rolnictwem od ponad 20 lat, a 9YG-1.25 to jedna z najlepszych inwestycji, jakie kiedykolwiek zrobi\u0142em. Maszyna dzia\u0142a bez zarzutu, a bele s\u0105 dobrze uformowane. Obs\u0142uga posprzeda\u017cowa jest fantastyczna, co jest kluczowe, gdy polega si\u0119 na tak niezb\u0119dnym sprz\u0119cie\u201d.<br \/>\n<strong>\u2013 Carlos, Brazylia<\/strong><\/p>\n<h2>Dlaczego warto wybra\u0107 nasz produkt?<\/h2>\n<p>Wyb\u00f3r 9YG-1.25 <a href=\"https:\/\/farm-baler.com\/pl\/produkt\/type-9jyy-4-5-round-bale-picking-and-transporting-machine\/\">Prasa okr\u0105g\u0142a<\/a> Wybieraj\u0105c nasz\u0105 ofert\u0119, wybierasz wysokowydajn\u0105 maszyn\u0119 z gwarancj\u0105 wyj\u0105tkowej obs\u0142ugi. Nasze produkty obj\u0119te s\u0105 trzyletni\u0105 gwarancj\u0105, co zapewnia Ci spok\u00f3j ducha przez ca\u0142y okres ich u\u017cytkowania. Oferujemy szybkie opcje personalizacji, aby spe\u0142ni\u0107 Twoje specyficzne potrzeby, idealnie dopasowuj\u0105c si\u0119 do Twojego gospodarstwa. Dzi\u0119ki globalnym mo\u017cliwo\u015bciom wysy\u0142kowym gwarantujemy terminow\u0105 dostaw\u0119 i jeste\u015bmy gotowi wspiera\u0107 operacje na ca\u0142ym \u015bwiecie. Ponadto, zawsze zapewniamy wsparcie posprzeda\u017cowe, aby zapewni\u0107 Ci wszystko, czego potrzebujesz, aby Twoja prasa dzia\u0142a\u0142a bez zarzutu.<\/p>\n<h2>Dlaczego nasza produkcja i jako\u015b\u0107 produkt\u00f3w wyr\u00f3\u017cniaj\u0105 si\u0119<\/h2>\n<p>Nasze zak\u0142ady produkcyjne wykorzystuj\u0105 najnowsze technologie, aby zagwarantowa\u0107, \u017ce ka\u017cda prasa zwijaj\u0105ca 9YG-1.25 spe\u0142nia najwy\u017csze standardy jako\u015bci i wydajno\u015bci. Nasze produkty przechodz\u0105 rygorystyczne procesy kontroli jako\u015bci, aby zagwarantowa\u0107 ich niezawodno\u015b\u0107 i trwa\u0142o\u015b\u0107. Co wi\u0119cej, nasze niezwykle konkurencyjne ceny sprawiaj\u0105, \u017ce wysokiej jako\u015bci rozwi\u0105zania do belowania s\u0105 dost\u0119pne dla ka\u017cdego rodzaju gospodarstwa. Opr\u00f3cz prasy zwijaj\u0105cej 9YG-1.25 oferujemy r\u00f3wnie\u017c szereg maszyn i akcesori\u00f3w rolniczych, zaprojektowanych z my\u015bl\u0105 o potrzebach nowoczesnego rolnictwa. Zapoznaj si\u0119 z nasz\u0105 ofert\u0105 i skontaktuj si\u0119 z nami ju\u017c dzi\u015b, aby dokona\u0107 zakupu!<\/p>\n<p>Dzia\u0142aj ju\u017c teraz! Skontaktuj si\u0119 z nami, aby pozna\u0107 pras\u0119 zwijaj\u0105c\u0105 9YG-1.25 i zwi\u0119kszy\u0107 wydajno\u015b\u0107 swojego gospodarstwa.<\/p>\n<h2>Cz\u0119sto zadawane pytania<\/h2>\n<ol>\n<li><strong>Jaki jest rozmiar beli prasy okr\u0105g\u0142ej 9YG-1.25?<\/strong><br \/>\nPrasa okr\u0105g\u0142a 9YG-1.25 zosta\u0142a zaprojektowana do formowania bel o r\u00f3\u017cnych rozmiarach, zazwyczaj od ma\u0142ych do \u015brednich. Mo\u017cesz dostosowa\u0107 rozmiar do swoich potrzeb magazynowych i transportowych.<\/li>\n<li><strong>Czy prasa zwijaj\u0105ca 9YG-1.25 nadaje si\u0119 do operacji na du\u017c\u0105 skal\u0119?<\/strong><br \/>\nTak, model 9YG-1.25 nadaje si\u0119 do \u015brednich i du\u017cych gospodarstw rolnych, zapewniaj\u0105c du\u017c\u0105 wydajno\u015b\u0107 i efektywno\u015b\u0107 w przypadku szerokiego zakresu upraw.<\/li>\n<li><strong>Czy mog\u0119 u\u017cywa\u0107 urz\u0105dzenia 9YG-1.25 do belowania kiszonki?<\/strong><br \/>\nZdecydowanie! Prasa zwijaj\u0105ca 9YG-1.25 jest wszechstronna i mo\u017ce by\u0107 u\u017cywana do belowania kiszonki, siana i innych materia\u0142\u00f3w rolniczych.<\/li>\n<li><strong>Jakiego rodzaju konserwacji wymaga 9YG-1.25?<\/strong><br \/>\nRutynowa konserwacja obejmuje czyszczenie, smarowanie, kontrol\u0119 cz\u0119\u015bci i terminow\u0105 wymian\u0119 zu\u017cytych podzespo\u0142\u00f3w w celu zapewnienia optymalnej wydajno\u015bci.<\/li>\n<li><strong>Jak d\u0142ugo wytrzymuje prasa zwijaj\u0105ca 9YG-1.25?<\/strong><br \/>\nPrzy prawid\u0142owej konserwacji prasa zwijaj\u0105ca 9YG-1.25 mo\u017ce s\u0142u\u017cy\u0107 przez wiele lat, oferuj\u0105c doskona\u0142\u0105 niezawodno\u015b\u0107 w d\u0142ugim okresie u\u017cytkowania.<\/li>\n<\/ol>\n<p>&nbsp;<\/p>","protected":false},"excerpt":{"rendered":"<p>Odkryj pras\u0119 zwijaj\u0105c\u0105 9YG-1.25, zaprojektowan\u0105 z my\u015bl\u0105 o najwy\u017cszej wydajno\u015bci belowania siana i s\u0142omy. Zbudowana w oparciu o zaawansowan\u0105 technologi\u0119, zapewniaj\u0105c\u0105 niezawodno\u015b\u0107 i wysok\u0105 jako\u015b\u0107. Idealna dla rolnik\u00f3w poszukuj\u0105cych wytrzyma\u0142ego, \u0142atwego w obs\u0142udze sprz\u0119tu, kt\u00f3ry zwi\u0119ksza wydajno\u015b\u0107. Zam\u00f3w ju\u017c dzi\u015b i ciesz si\u0119 g\u0142adkimi, r\u00f3wnymi balotami za ka\u017cdym razem! Skontaktuj si\u0119 z nami, aby uzyska\u0107 wi\u0119cej informacji i oferty specjalne.<\/p>","protected":false},"featured_media":248,"template":"","meta":{"_et_pb_use_builder":"","_et_pb_old_content":"","_et_gb_content_width":""},"product_brand":[],"product_cat":[22],"product_tag":[],"class_list":{"0":"post-211","1":"product","2":"type-product","3":"status-publish","4":"has-post-thumbnail","6":"product_cat-round-baler-rake","8":"first","9":"instock","10":"shipping-taxable","11":"product-type-simple"},"_links":{"self":[{"href":"https:\/\/farm-baler.com\/pl\/wp-json\/wp\/v2\/product\/211","targetHints":{"allow":["GET"]}}],"collection":[{"href":"https:\/\/farm-baler.com\/pl\/wp-json\/wp\/v2\/product"}],"about":[{"href":"https:\/\/farm-baler.com\/pl\/wp-json\/wp\/v2\/types\/product"}],"wp:featuredmedia":[{"embeddable":true,"href":"https:\/\/farm-baler.com\/pl\/wp-json\/wp\/v2\/media\/248"}],"wp:attachment":[{"href":"https:\/\/farm-baler.com\/pl\/wp-json\/wp\/v2\/media?parent=211"}],"wp:term":[{"taxonomy":"product_brand","embeddable":true,"href":"https:\/\/farm-baler.com\/pl\/wp-json\/wp\/v2\/product_brand?post=211"},{"taxonomy":"product_cat","embeddable":true,"href":"https:\/\/farm-baler.com\/pl\/wp-json\/wp\/v2\/product_cat?post=211"},{"taxonomy":"product_tag","embeddable":true,"href":"https:\/\/farm-baler.com\/pl\/wp-json\/wp\/v2\/product_tag?post=211"}],"curies":[{"name":"wp","href":"https:\/\/api.w.org\/{rel}","templated":true}]}}