{"id":210,"date":"2025-11-19T06:07:26","date_gmt":"2025-11-19T06:07:26","guid":{"rendered":"https:\/\/farm-baler.com\/?post_type=product&#038;p=210"},"modified":"2025-12-17T07:19:36","modified_gmt":"2025-12-17T07:19:36","slug":"prasa-okragla-9yg-1-0c","status":"publish","type":"product","link":"https:\/\/farm-baler.com\/pl\/produkt\/prasa-okragla-9yg-1-0c\/","title":{"rendered":"Prasa okr\u0105g\u0142a 9YG-1.0C"},"content":{"rendered":"<p>Prasa zwijaj\u0105ca 9YG-1.0C to wysoce wydajna i niezawodna maszyna do belowania, zaprojektowana z my\u015bl\u0105 o optymalizacji procesu zbioru plon\u00f3w. Niezale\u017cnie od tego, czy zajmujesz si\u0119 sadzeniem siana, zbieraniem s\u0142omy, czy produkcj\u0105 kiszonki, ta prasa rolnicza u\u0142atwi i przyspieszy Twoj\u0105 prac\u0119. Jej kompaktowa, trwa\u0142a i \u0142atwa w obs\u0142udze konstrukcja sprawia, \u017ce \u200b\u200bidealnie nadaje si\u0119 do gospodarstw rolnych ka\u017cdej wielko\u015bci.<\/p>\n<h2>Czym jest prasa zwijaj\u0105ca?<\/h2>\n<p>Prasy zwijaj\u0105ce s\u0105 niezb\u0119dnym elementem rolniczych maszyn do belowania, s\u0142u\u017c\u0105cym do prasowania i pakowania s\u0142omy, takiej jak siano, s\u0142oma czy kiszonka, w zwarte, cylindryczne bele. W por\u00f3wnaniu z s\u0142om\u0105, bele te s\u0105 \u0142atwiejsze w przechowywaniu, transporcie i obs\u0142udze, co poprawia wydajno\u015b\u0107 zbior\u00f3w i zarz\u0105dzania nimi. Prasa zwijaj\u0105ca 9YG-1.0C wykorzystuje zaawansowan\u0105 technologi\u0119, aby precyzyjnie i wygodnie formowa\u0107 bele, pomagaj\u0105c rolnikom osi\u0105gn\u0105\u0107 powtarzalne rezultaty podczas belowania.<\/p>\n<p>Prasy zwijaj\u0105ce s\u0105 szeroko stosowane w rolnictwie, zw\u0142aszcza w operacjach belowania wymagaj\u0105cych szybkiego i wydajnego zbioru du\u017cych ilo\u015bci plon\u00f3w. W przeciwie\u0144stwie do innych pras, kt\u00f3re formuj\u0105 bele kwadratowe, prasy zwijaj\u0105ce formuj\u0105 bele cylindryczne, kt\u00f3re s\u0105 \u0142atwiejsze w transporcie i przechowywaniu, zw\u0142aszcza w trudniejszych warunkach rolniczych.<\/p>\n<h2>Dane techniczne<\/h2>\n<table style=\"border-color: #000000;\">\n<thead>\n<tr>\n<th>Numer seryjny<\/th>\n<th>Przedmiot<\/th>\n<th>Jednostka<\/th>\n<th>Specyfikacja<\/th>\n<\/tr>\n<\/thead>\n<tbody>\n<tr>\n<td>1<\/td>\n<td>Nazwa modelu<\/td>\n<td>\/<\/td>\n<td>Prasa zwijaj\u0105ca typu 9YG-1.0C<\/td>\n<\/tr>\n<tr>\n<td>2<\/td>\n<td>Metoda zaczepiania<\/td>\n<td>\/<\/td>\n<td>Typ trakcji<\/td>\n<\/tr>\n<tr>\n<td>3<\/td>\n<td>Szeroko\u015b\u0107 pobierania<\/td>\n<td>mm<\/td>\n<td>2400<\/td>\n<\/tr>\n<tr>\n<td>4<\/td>\n<td>Typ strukturalny selektora<\/td>\n<td>\/<\/td>\n<td>Typ m\u0142otkowaty<\/td>\n<\/tr>\n<tr>\n<td>5<\/td>\n<td>Typ konstrukcyjny podajnika<\/td>\n<td>\/<\/td>\n<td>\u015alimak + walec spr\u0119\u017cynowy + typ b\u0119bna<\/td>\n<\/tr>\n<tr>\n<td>6<\/td>\n<td>Typ mechanizmu belowania w komorze kompresyjnej<\/td>\n<td>\/<\/td>\n<td>Typ b\u0119bna<\/td>\n<\/tr>\n<tr>\n<td>7<\/td>\n<td>Szeroko\u015b\u0107 komory spr\u0119\u017cania<\/td>\n<td>mm<\/td>\n<td>1250<\/td>\n<\/tr>\n<tr>\n<td>8<\/td>\n<td>\u015arednica komory spr\u0119\u017cania<\/td>\n<td>mm<\/td>\n<td>\u03c61000<\/td>\n<\/tr>\n<tr>\n<td>9<\/td>\n<td>Liczba tocz\u0105cych si\u0119 element\u00f3w roboczych<\/td>\n<td>komputer<\/td>\n<td>16 (perkusja)<\/td>\n<\/tr>\n<tr>\n<td>10<\/td>\n<td>\u015arednica b\u0119bna tocznego<\/td>\n<td>mm<\/td>\n<td>\u03c6222<\/td>\n<\/tr>\n<tr>\n<td>11<\/td>\n<td>Metoda belowania<\/td>\n<td>\/<\/td>\n<td>Automatyczne owijanie siatk\u0105<\/td>\n<\/tr>\n<tr>\n<td>12<\/td>\n<td>Dopasowana moc<\/td>\n<td>kW\/KM<\/td>\n<td>\u226569,8\/95<\/td>\n<\/tr>\n<tr>\n<td>13<\/td>\n<td>Masa konstrukcyjna<\/td>\n<td>kg<\/td>\n<td>3198<\/td>\n<\/tr>\n<tr>\n<td>14<\/td>\n<td>Pr\u0119dko\u015b\u0107 wa\u0142u odbioru mocy<\/td>\n<td>obr.\/min<\/td>\n<td>540<\/td>\n<\/tr>\n<tr>\n<td>15<\/td>\n<td>Wymiary ca\u0142kowite (d\u0142ugo\u015b\u0107 \u00d7 szeroko\u015b\u0107 \u00d7 wysoko\u015b\u0107)<\/td>\n<td>mm<\/td>\n<td>Stan roboczy 3800\u00d72850\u00d72200<\/td>\n<\/tr>\n<tr>\n<td>16<\/td>\n<td>Kontrola g\u0119sto\u015bci beli<\/td>\n<td>\/<\/td>\n<td>Kontrola czujnika<\/td>\n<\/tr>\n<tr>\n<td>17<\/td>\n<td>Rozmiar beli (\u015brednica \u00d7 szeroko\u015b\u0107)<\/td>\n<td>mm<\/td>\n<td>\u03a61000\u00d71250<\/td>\n<\/tr>\n<tr>\n<td>18<\/td>\n<td>G\u0119sto\u015b\u0107 beli<\/td>\n<td>kg\/m\u00b3<\/td>\n<td>115~200<\/td>\n<\/tr>\n<tr>\n<td>19<\/td>\n<td>Wydajno\u015b\u0107<\/td>\n<td>bela\/h<\/td>\n<td>40~80<\/td>\n<\/tr>\n<tr>\n<td>20<\/td>\n<td>Rozstaw osi<\/td>\n<td>mm<\/td>\n<td>2100<\/td>\n<\/tr>\n<tr>\n<td>21<\/td>\n<td>Pr\u0119dko\u015b\u0107 robocza<\/td>\n<td>km\/h<\/td>\n<td>5-20<\/td>\n<\/tr>\n<tr>\n<td>22<\/td>\n<td>Specyfikacja siatki do bel (d\u0142ugo\u015b\u0107 \u00d7 szeroko\u015b\u0107)<\/td>\n<td>M<\/td>\n<td>2000\u00d71,25 m na bel\u0119<\/td>\n<\/tr>\n<tr>\n<td>23<\/td>\n<td>Liczba pazur\u00f3w m\u0142otkowych<\/td>\n<td>komputer<\/td>\n<td>20<\/td>\n<\/tr>\n<\/tbody>\n<\/table>\n<h2>Wprowadzenie do prasy zwijaj\u0105cej 9YG-1.0C<\/h2>\n<p>Prasa zwijaj\u0105ca 9YG-1.0C to nowoczesna maszyna rolnicza zaprojektowana do obs\u0142ugi szerokiego zakresu prac rolnych. Niezale\u017cnie od tego, czy produkujesz siano, s\u0142om\u0119 czy kiszonk\u0119, 9YG-1.0C zapewnia niezr\u00f3wnan\u0105 wydajno\u015b\u0107 i precyzj\u0119, zapewniaj\u0105c rolnikom na ca\u0142ym \u015bwiecie p\u0142ynn\u0105 prac\u0119. Dzi\u0119ki zaawansowanej konstrukcji prasa zwijaj\u0105ca 9YG-1.0C sprawia, \u017ce \u200b\u200bbelowanie jest szybsze, \u0142atwiejsze i bardziej niezawodne. Ta wszechstronna maszyna nadaje si\u0119 zar\u00f3wno do du\u017cych, jak i ma\u0142ych gospodarstw rolnych i mo\u017cna j\u0105 bezproblemowo zintegrowa\u0107 z procesem produkcji rolnej.<\/p>\n<h2>Czym jest prasa zwijaj\u0105ca 9YG-1.0C?<\/h2>\n<p>Prasa zwijaj\u0105ca 9YG-1.0C to wysokowydajna maszyna rolnicza s\u0142u\u017c\u0105ca do prasowania i belowania siana, s\u0142omy lub kiszonki w okr\u0105g\u0142e bele. Zaprojektowana z my\u015bl\u0105 o wydajnym belowaniu, stanowi niezawodne rozwi\u0105zanie dla rolnik\u00f3w poszukuj\u0105cych niezawodnych i trwa\u0142ych maszyn. Dzi\u0119ki innowacyjnej konstrukcji, prasa ta zapewnia wysok\u0105 wydajno\u015b\u0107, skraca przestoje i poprawia rentowno\u015b\u0107 dzia\u0142alno\u015bci rolniczej.<\/p>\n<p style=\"text-align: center;\"><img loading=\"lazy\" decoding=\"async\" class=\"alignnone wp-image-253\" src=\"https:\/\/farm-baler.com\/wp-content\/uploads\/2025\/11\/EP-Type-9YG-1.0C-Round-Baler-11-300x300.webp\" alt=\"prasa okr\u0105g\u0142a\" width=\"360\" height=\"360\" \/><\/p>\n<h2>Wyzwania, kt\u00f3rym stawia czo\u0142a, i ich zastosowania<\/h2>\n<p>Prasa zwijaj\u0105ca 9YG-1.0C zosta\u0142a zaprojektowana z my\u015bl\u0105 o rozwi\u0105zaniu kilku typowych problem\u00f3w, z jakimi borykaj\u0105 si\u0119 rolnicy podczas belowania siana i s\u0142omy. Wyzwania te obejmuj\u0105:<\/p>\n<ul>\n<li>Niska pr\u0119dko\u015b\u0107 i wydajno\u015b\u0107 prasowania w tradycyjnych prasach<\/li>\n<li>Nier\u00f3wnomierne formowanie bel prowadz\u0105ce do marnotrawstwa lub nieefektywno\u015bci<\/li>\n<li>Trudno\u015bci w zarz\u0105dzaniu r\u00f3\u017cnymi rodzajami upraw o r\u00f3\u017cnym poziomie wilgotno\u015bci<\/li>\n<li>Cz\u0119ste konserwacje i awarie starszego sprz\u0119tu<\/li>\n<li>Ograniczona wszechstronno\u015b\u0107 w zakresie r\u00f3\u017cnych potrzeb zwi\u0105zanych z obs\u0142ug\u0105 upraw<\/li>\n<\/ul>\n<p>Rozwi\u0105zuj\u0105c te problemy, prasa zwijaj\u0105ca 9YG-1.0C oferuje doskona\u0142e rozwi\u0105zania, kt\u00f3re zwi\u0119kszaj\u0105 pr\u0119dko\u015b\u0107 i powtarzalno\u015b\u0107 belowania. Nadaje si\u0119 do stosowania w r\u00f3\u017cnych rodzajach dzia\u0142alno\u015bci rolniczej, w tym:<\/p>\n<ul>\n<li>Produkcja siana<\/li>\n<li>Prasowanie s\u0142omy<\/li>\n<li>Zarz\u0105dzanie kiszonk\u0105<\/li>\n<li>Systemy \u017cywienia zwierz\u0105t gospodarskich<\/li>\n<li>Konserwacja pasz<\/li>\n<\/ul>\n<h2>G\u0142\u00f3wne zalety prasy zwijaj\u0105cej 9YG-1.0C<\/h2>\n<p>Prasa zwijaj\u0105ca 9YG-1.0C oferuje liczne zalety, kt\u00f3re czyni\u0105 j\u0105 preferowanym wyborem dla nowoczesnych rolnik\u00f3w. Oto niekt\u00f3re z jej najwa\u017cniejszych zalet:<\/p>\n<h3>1. Wysoka wydajno\u015b\u0107 i szybko\u015b\u0107<\/h3>\n<p>Prasa pracuje z du\u017c\u0105 pr\u0119dko\u015bci\u0105, znacz\u0105co zwi\u0119kszaj\u0105c wydajno\u015b\u0107 gospodarstwa. Pozwala szybko produkowa\u0107 du\u017ce ilo\u015bci bel, skracaj\u0105c czas potrzebny na wykonanie ka\u017cdego zadania i zwi\u0119kszaj\u0105c og\u00f3ln\u0105 wydajno\u015b\u0107 gospodarstwa.<\/p>\n<h3>2. Solidna i trwa\u0142a konstrukcja<\/h3>\n<p>Zaprojektowana z my\u015bl\u0105 o trwa\u0142o\u015bci, prasa roluj\u0105ca 9YG-1.0C zosta\u0142a wykonana z wysokiej jako\u015bci materia\u0142\u00f3w, kt\u00f3re wytrzymuj\u0105 trudy codziennej pracy w rolnictwie. Jej trwa\u0142a konstrukcja gwarantuje d\u0142ugotrwa\u0142\u0105 niezawodno\u015b\u0107, redukuj\u0105c potrzeb\u0119 cz\u0119stych napraw.<\/p>\n<h3>3. \u0141atwa obs\u0142uga<\/h3>\n<p>Dzi\u0119ki przyjaznemu dla u\u017cytkownika interfejsowi prasa zwijaj\u0105ca 9YG-1.0C jest \u0142atwa w obs\u0142udze, nawet dla rolnik\u00f3w z minimalnym do\u015bwiadczeniem w obs\u0142udze sprz\u0119tu do belowania. Intuicyjne sterowanie upraszcza obs\u0142ug\u0119, skracaj\u0105c czas nauki dla nowych u\u017cytkownik\u00f3w.<\/p>\n<h3>4. Jednolite formowanie bel<\/h3>\n<p>Zaawansowany mechanizm prasy zapewnia, \u017ce \u200b\u200bka\u017cda bela jest zwarta i jednolita, co przek\u0142ada si\u0119 na bardziej wydajne przechowywanie i transport. Taka sp\u00f3jno\u015b\u0107 redukuje ilo\u015b\u0107 odpad\u00f3w i poprawia og\u00f3ln\u0105 jako\u015b\u0107 belowanych produkt\u00f3w.<\/p>\n<h3>5. Wszechstronno\u015b\u0107 w obs\u0142udze r\u00f3\u017cnych upraw<\/h3>\n<p>Prasa zwijaj\u0105ca 9YG-1.0C jest niezwykle wszechstronna i mo\u017ce obs\u0142ugiwa\u0107 r\u00f3\u017cnorodne plony, w tym siano, s\u0142om\u0119 i kiszonk\u0119. Dostosowuje si\u0119 do r\u00f3\u017cnych poziom\u00f3w wilgotno\u015bci i rodzaj\u00f3w plon\u00f3w, oferuj\u0105c rolnikom wszechstronne rozwi\u0105zanie do wszystkich potrzeb zwi\u0105zanych z belowaniem.<\/p>\n<h2>Jak dzia\u0142a prasa zwijaj\u0105ca 9YG-1.0C<\/h2>\n<p>Prasa zwijaj\u0105ca 9YG-1.0C wykorzystuje kombinacj\u0119 komponent\u00f3w mechanicznych do zbierania, prasowania i formowania plon\u00f3w w ciasne, okr\u0105g\u0142e bele. Oto opis procesu roboczego:<\/p>\n<ul>\n<li><strong>Kolekcja:<\/strong> Uk\u0142ad podaj\u0105cy prasy zbiera materia\u0142 ro\u015blinny i podaje go do komory prasuj\u0105cej. System ten wykorzystuje du\u017ce rolki, kt\u00f3re pomagaj\u0105 szybko i wydajnie zbiera\u0107 materia\u0142.<\/li>\n<li><strong>Kompresja:<\/strong> W komorze kompresyjnej materia\u0142 jest kompresowany do zwartej, g\u0119stej formy. Im g\u0119\u015bciej upakowana bela, tym \u0142atwiej j\u0105 przechowywa\u0107 i transportowa\u0107.<\/li>\n<li><strong>Formowanie beli:<\/strong> Sprasowany materia\u0142 jest nast\u0119pnie formowany w jednolity, okr\u0105g\u0142y kszta\u0142t. Mechanizm prasy zapewnia, \u017ce \u200b\u200brozmiar i waga ka\u017cdej beli pozostaj\u0105 takie same.<\/li>\n<li><strong>Wi\u0105\u017c\u0105cy:<\/strong> Po uformowaniu beli jest ona wi\u0105zana sznurkiem lub siatk\u0105, aby zachowa\u0107 jej kszta\u0142t. Proces wi\u0105zania jest zautomatyzowany, co minimalizuje koszty pracy.<\/li>\n<li><strong>Wypisa\u0107:<\/strong> Na koniec gotowa bela jest wyrzucana z prasy i gotowa do odbioru lub sk\u0142adowania.<\/li>\n<\/ul>\n<h2>G\u0142\u00f3wne zastosowania prasy okr\u0105g\u0142ej 9YG-1.0C<\/h2>\n<p>Prasa zwijaj\u0105ca 9YG-1.0C idealnie nadaje si\u0119 do stosowania w r\u00f3\u017cnorodnych zastosowaniach rolniczych. Oto g\u0142\u00f3wne scenariusze, w kt\u00f3rych sprawdza si\u0119 znakomicie:<\/p>\n<ul>\n<li><strong>Produkcja siana na du\u017c\u0105 skal\u0119:<\/strong> Doskonale nadaje si\u0119 dla gospodarstw, kt\u00f3re musz\u0105 produkowa\u0107 du\u017ce ilo\u015bci siana na pasz\u0119 dla zwierz\u0105t gospodarskich.<\/li>\n<li><strong>Prasowanie s\u0142omy na \u015bci\u00f3\u0142k\u0119:<\/strong> Wydajne rozwi\u0105zanie do belowania s\u0142omy na \u015bci\u00f3\u0142k\u0119 dla zwierz\u0105t, co jest bardzo po\u017c\u0105dane w hodowli zwierz\u0105t.<\/li>\n<li><strong>Prasowanie kiszonki:<\/strong> S\u0142u\u017cy do produkcji bel kiszonki dla byd\u0142a mlecznego i mi\u0119snego, pomaga w konserwacji paszy i zwi\u0119ksza efektywno\u015b\u0107 \u017cywienia.<\/li>\n<li><strong>Przechowywanie paszy:<\/strong> Dzi\u0119ki prasie pasza mo\u017ce by\u0107 przechowywana przez d\u0142u\u017cszy czas bez ryzyka jej degradacji, co pomaga rolnikom zarz\u0105dza\u0107 sezonow\u0105 produkcj\u0105.<\/li>\n<li><strong>Transport i magazynowanie:<\/strong> Dzi\u0119ki temu, \u017ce bele formowane s\u0105 w r\u00f3wnomierny spos\u00f3b, \u0142atwiej jest je przechowywa\u0107 i transportowa\u0107 w r\u00f3\u017cne miejsca.<\/li>\n<li><strong>Rolnicy z ograniczon\u0105 si\u0142\u0105 robocz\u0105:<\/strong> \u0141atwa obs\u0142uga i niskie wymagania konserwacyjne sprawiaj\u0105, \u017ce urz\u0105dzenie to idealnie nadaje si\u0119 do gospodarstw zatrudniaj\u0105cych niewielk\u0105 liczb\u0119 pracownik\u00f3w.<\/li>\n<\/ul>\n<h2 style=\"text-align: center;\"><img loading=\"lazy\" decoding=\"async\" class=\"alignnone wp-image-254\" src=\"https:\/\/farm-baler.com\/wp-content\/uploads\/2025\/11\/EP-Type-9YG-1.0C-Round-Baler-21-300x300.webp\" alt=\"prasa okr\u0105g\u0142a\" width=\"372\" height=\"372\" \/><\/h2>\n<h2>Jak wybra\u0107 odpowiedni\u0105 pras\u0119 zwijaj\u0105c\u0105 9YG-1.0C<\/h2>\n<p>Wybieraj\u0105c odpowiedni\u0105 pras\u0119 zwijaj\u0105c\u0105 9YG-1.0C dostosowan\u0105 do Twoich potrzeb, we\u017a pod uwag\u0119 nast\u0119puj\u0105ce czynniki:<\/p>\n<h3>1. Rodzaj uprawy<\/h3>\n<p>Upewnij si\u0119, \u017ce prasa jest kompatybilna z rodzajem plonu, kt\u00f3ry planujesz prasowa\u0107. Model 9YG-1.0C jest wszechstronny i skutecznie radzi sobie z sianem, s\u0142om\u0105 i kiszonk\u0105.<\/p>\n<h3>2. Rozmiar i waga beli<\/h3>\n<p>We\u017a pod uwag\u0119 rozmiar i wag\u0119 potrzebnych bel. Prasa 9YG-1.0C produkuje jednorodne okr\u0105g\u0142e bele, ale r\u00f3\u017cne modele mog\u0105 mie\u0107 specyficzne konfiguracje rozmiar\u00f3w.<\/p>\n<h3>3. Pr\u0119dko\u015b\u0107 robocza<\/h3>\n<p>Je\u015bli szybko\u015b\u0107 ma dla Twojej dzia\u0142alno\u015bci kluczowe znaczenie, wybierz model zapewniaj\u0105cy du\u017c\u0105 wydajno\u015b\u0107 na godzin\u0119, kt\u00f3ra spe\u0142ni wymagania Twojego gospodarstwa.<\/p>\n<h3>4. Potrzeby konserwacyjne<\/h3>\n<p>Poszukaj modelu, kt\u00f3ry wymaga minimalnej konserwacji. Model 9YG-1.0C zosta\u0142 zaprojektowany z my\u015bl\u0105 o niskich kosztach utrzymania, ale mimo to wa\u017cne jest, aby uwzgl\u0119dni\u0107 harmonogramy konserwacji.<\/p>\n<h3>5. Cena i bud\u017cet<\/h3>\n<p>Chocia\u017c wyb\u00f3r najlepszej maszyny jest wa\u017cny, warto wzi\u0105\u0107 pod uwag\u0119 sw\u00f3j bud\u017cet. Model 9YG-1.0C oferuje r\u00f3wnowag\u0119 mi\u0119dzy op\u0142acalno\u015bci\u0105 a zaawansowanymi funkcjami.<\/p>\n<h3>6. Dost\u0119pno\u015b\u0107 cz\u0119\u015bci zamiennych<\/h3>\n<p>Wybierz pras\u0119 z \u0142atwym dost\u0119pem do cz\u0119\u015bci zamiennych i wsparcia. Gwarantuje to minimalny czas przestoju i szybsz\u0105 napraw\u0119 w razie potrzeby.<\/p>\n<h2>Wskaz\u00f3wki dotycz\u0105ce konserwacji prasy okr\u0105g\u0142ej 9YG-1.0C<\/h2>\n<p>Aby mie\u0107 pewno\u015b\u0107, \u017ce prasa zwijaj\u0105ca 9YG-1.0C b\u0119dzie dzia\u0142a\u0107 wydajnie, nale\u017cy stosowa\u0107 si\u0119 do poni\u017cszych wskaz\u00f3wek dotycz\u0105cych konserwacji:<\/p>\n<ul>\n<li>Regularnie sprawdzaj i smaruj ruchome cz\u0119\u015bci, aby zapobiega\u0107 ich zu\u017cyciu.<\/li>\n<li>Sprawd\u017a uk\u0142ad dolotowy pod k\u0105tem zablokowania i uszkodze\u0144.<\/li>\n<li>Upewnij si\u0119, \u017ce system wi\u0105zania dzia\u0142a prawid\u0142owo, aby unikn\u0105\u0107 pomini\u0119cia bel lub zmarnowania materia\u0142u.<\/li>\n<li>Po ka\u017cdym u\u017cyciu wyczy\u015b\u0107 maszyn\u0119, aby usun\u0105\u0107 zanieczyszczenia i resztki po\u017cniwne.<\/li>\n<li>Sprawd\u017a stan opon i upewnij si\u0119, \u017ce s\u0105 odpowiednio napompowane.<\/li>\n<\/ul>\n<h2>Opinie klient\u00f3w<\/h2>\n<p>Oto, co klienci z r\u00f3\u017cnych kraj\u00f3w m\u00f3wi\u0105 o prasie zwijaj\u0105cej 9YG-1.0C:<\/p>\n<p>\u201ePrasa 9YG-1.0C zrewolucjonizowa\u0142a nasze operacje belowania siana. Jest szybka, wydajna i trwa\u0142a. Teraz mog\u0119 prasowa\u0107 wi\u0119cej w kr\u00f3tszym czasie, co znacznie zwi\u0119kszy\u0142o wydajno\u015b\u0107 naszego gospodarstwa\u201d.<br \/>\n<strong>\u2014\u2014John Smith, Stany Zjednoczone<\/strong><\/p>\n<p>\u201eJako ma\u0142e gospodarstwo potrzebowali\u015bmy maszyny, kt\u00f3ra wykona zadanie, nie zajmuj\u0105c zbyt du\u017co miejsca i nie wymagaj\u0105c ci\u0105g\u0142ej konserwacji. Model 9YG-1.0C sprawdzi\u0142 si\u0119 u nas idealnie \u2013 jest \u0142atwy w obs\u0142udze i konserwacji\u201d.<br \/>\n<strong>\u2014\u2014Anna M\u00fcller, Niemcy<\/strong><\/p>\n<p>\u201eTa prasa jest dok\u0142adnie tym, czego potrzebowali\u015bmy do produkcji kiszonki. Jest wytrzyma\u0142a, dobrze radzi sobie z mokrymi plonami, a bele s\u0105 za ka\u017cdym razem idealnie uformowane. \u015awietna inwestycja.\u201d<br \/>\n<strong>\u2014\u2014David Johnson, Kanada<\/strong><\/p>\n<p>\u201eNiesamowita maszyna! U\u017cywam jej od kilku miesi\u0119cy i nie mam \u017cadnych problem\u00f3w. Bele s\u0105 kompaktowe, co u\u0142atwia przechowywanie i transport.\u201d<br \/>\n<strong>\u2014\u2014James Brown, Wielka Brytania<\/strong><\/p>\n<p>\u201e9YG-1.0C to prawdziwy ko\u0144 roboczy. Bez problemu radzi sobie ze wszystkim, od siana po s\u0142om\u0119. To teraz kluczowy element naszej dzia\u0142alno\u015bci\u201d.<br \/>\n<strong>\u2014\u2014Juan Carlos, Hiszpania<\/strong><\/p>\n<h2>Dlaczego warto wybra\u0107 nasz\u0105 pras\u0119 zwijaj\u0105c\u0105 9YG-1.0C?<\/h2>\n<p>Nasz 9YG-1.0C <a href=\"https:\/\/farm-baler.com\/pl\/produkt\/type-9yg-1-0c-round-baler\/\">Prasa okr\u0105g\u0142a<\/a> to najlepszy wyb\u00f3r dla rolnik\u00f3w ceni\u0105cych jako\u015b\u0107, wydajno\u015b\u0107 i niezawodno\u015b\u0107. Oto dlaczego:<\/p>\n<ul>\n<li><strong>Szybkie us\u0142ugi personalizacji:<\/strong> Oferujemy szybk\u0105 realizacj\u0119 zam\u00f3wie\u0144 niestandardowych, dzi\u0119ki czemu mamy pewno\u015b\u0107, \u017ce prasa spe\u0142ni Twoje dok\u0142adne potrzeby.<\/li>\n<li><strong>Silna obs\u0142uga klienta:<\/strong> Nasz zesp\u00f3\u0142 jest zawsze gotowy pom\u00f3c Pa\u0144stwu w przypadku jakichkolwiek pyta\u0144 lub w\u0105tpliwo\u015bci, oferuj\u0105c fachowe porady i rozwi\u0105zania.<\/li>\n<li><strong>3-letnia gwarancja:<\/strong> Dzi\u0119ki 3-letniej gwarancji mo\u017cesz mie\u0107 pewno\u015b\u0107 trwa\u0142o\u015bci i d\u0142ugowieczno\u015bci produktu.<\/li>\n<li><strong>Wysy\u0142ka mi\u0119dzynarodowa:<\/strong> Oferujemy szybk\u0105 wysy\u0142k\u0119 na ca\u0142y \u015bwiat, dzi\u0119ki czemu Twoje zam\u00f3wienia dotr\u0105 na czas, niezale\u017cnie od tego, gdzie si\u0119 znajdujesz.<\/li>\n<li><strong>Kompleksowy serwis posprzeda\u017cowy:<\/strong> Od instalacji, przez szkolenie, po konserwacj\u0119 \u2013 nasze us\u0142ugi nie ko\u0144cz\u0105 si\u0119 po zakupie.<\/li>\n<\/ul>\n<h2>Poznaj pras\u0119 zwijaj\u0105c\u0105 9YG-1.0C i nasz\u0105 kompleksow\u0105 ofert\u0119 produkt\u00f3w<\/h2>\n<p>Opr\u00f3cz prasy zwijaj\u0105cej 9YG-1.0C oferujemy r\u00f3wnie\u017c szereg powi\u0105zanych akcesori\u00f3w i produkt\u00f3w, kt\u00f3re usprawni\u0105 i udoskonal\u0105 Pa\u0144stwa dzia\u0142alno\u015b\u0107 rolnicz\u0105. Nasze zaawansowane mo\u017cliwo\u015bci produkcyjne gwarantuj\u0105, \u017ce wszystkie produkty spe\u0142niaj\u0105 najwy\u017csze standardy jako\u015bci, a bardzo konkurencyjne ceny gwarantuj\u0105 doskona\u0142y stosunek jako\u015bci do ceny.<\/p>\n<p>Zapraszamy do zapoznania si\u0119 z naszym katalogiem produkt\u00f3w i do kontaktu z nami ju\u017c dzi\u015b, aby om\u00f3wi\u0107, w jaki spos\u00f3b prasa zwijaj\u0105ca 9YG-1.0C mo\u017ce <a href=\"https:\/\/agricultural-baler.com\/\" target=\"_blank\" rel=\"noopener\">ulepsz swoj\u0105 farm\u0119<\/a>operacji. Nasz zesp\u00f3\u0142 jest gotowy pom\u00f3c Ci we wszystkich Twoich potrzebach.<\/p>\n<h2>Cz\u0119sto zadawane pytania (FAQ)<\/h2>\n<ol>\n<li><strong>Jaki jest maksymalny rozmiar beli, kt\u00f3r\u0105 mo\u017ce wyprodukowa\u0107 prasa zwijaj\u0105ca 9YG-1.0C?<\/strong><br \/>\nMaksymalny rozmiar beli produkowanej przez pras\u0119 okr\u0105g\u0142\u0105 9YG-1.0C wynosi zazwyczaj oko\u0142o 1,2 metra \u015brednicy, dzi\u0119ki czemu nadaje si\u0119 ona do zbioru szerokiej gamy plon\u00f3w.<\/li>\n<li><strong>Jak \u0142atwa jest obs\u0142uga prasy zwijaj\u0105cej 9YG-1.0C?<\/strong><br \/>\nPrasa zosta\u0142a zaprojektowana z my\u015bl\u0105 o \u0142atwo\u015bci u\u017cytkowania dzi\u0119ki intuicyjnemu sterowaniu i minimalnej konieczno\u015bci konfiguracji, dzi\u0119ki czemu nawet pocz\u0105tkuj\u0105cy mog\u0105 sobie z ni\u0105 poradzi\u0107.<\/li>\n<li><strong>Czy prasa zwijaj\u0105ca 9YG-1.0C poradzi sobie z mokrymi plonami?<\/strong><br \/>\nTak, maszyna ta umo\u017cliwia belowanie mokrych plon\u00f3w, w tym kiszonki, bez pogorszenia jako\u015bci bel.<\/li>\n<li><strong>Jakiego rodzaju konserwacji wymaga prasa zwijaj\u0105ca 9YG-1.0C?<\/strong><br \/>\nRegularna konserwacja obejmuje sprawdzanie, czy nie ma blokad, smarowanie ruchomych cz\u0119\u015bci i zapewnienie w\u0142a\u015bciwego naci\u0105gu w uk\u0142adzie wi\u0105\u017c\u0105cym.<\/li>\n<li><strong>Jak wytrzyma\u0142a jest prasa zwijaj\u0105ca 9YG-1.0C?<\/strong><br \/>\nModel 9YG-1.0C zaprojektowano z my\u015bl\u0105 o d\u0142ugiej \u017cywotno\u015bci, wykorzystuj\u0105c wysokiej jako\u015bci materia\u0142y zaprojektowane tak, aby wytrzyma\u0107 trudne warunki rolnicze.<\/li>\n<li><strong>Czy prasa zwijaj\u0105ca 9YG-1.0C nadaje si\u0119 do ma\u0142ych gospodarstw?<\/strong><br \/>\nTak, jest to urz\u0105dzenie idealne dla ma\u0142ych i \u015brednich gospodarstw ze wzgl\u0119du na wydajn\u0105 konstrukcj\u0119 i \u0142atwo\u015b\u0107 obs\u0142ugi.<\/li>\n<li><strong>Jaka jest \u015brednia wydajno\u015b\u0107 prasy zwijaj\u0105cej 9YG-1.0C?<\/strong><br \/>\n\u015arednia wydajno\u015b\u0107 wynosi oko\u0142o 20\u201330 bel na godzin\u0119, w zale\u017cno\u015bci od rodzaju plonu i warunk\u00f3w pracy.<\/li>\n<li><strong>Czy prasa zwijaj\u0105ca 9YG-1.0C obj\u0119ta jest gwarancj\u0105?<\/strong><br \/>\nTak, produkt obj\u0119ty jest 3-letni\u0105 gwarancj\u0105 obejmuj\u0105c\u0105 wady materia\u0142owe i wykonawcze.<\/li>\n<li><strong>Jakie rodzaje upraw mo\u017cna prasowa\u0107 przy u\u017cyciu prasy okr\u0105g\u0142ej 9YG-1.0C?<\/strong><br \/>\nMo\u017ce przetwarza\u0107 r\u00f3\u017cne rodzaje upraw, w tym siano, s\u0142om\u0119 i kiszonk\u0119.<\/li>\n<li><strong>Czy prasa zwijaj\u0105ca 9YG-1.0C jest \u0142atwa w transporcie?<\/strong><br \/>\nTak, zosta\u0142 zaprojektowany z my\u015bl\u0105 o \u0142atwo\u015bci transportu, dlatego charakteryzuje si\u0119 kompaktow\u0105 i mobiln\u0105 konstrukcj\u0105.<\/li>\n<li><strong>Czy mog\u0119 u\u017cywa\u0107 prasy zwijaj\u0105cej 9YG-1.0C w warunkach mokrej pogody?<\/strong><br \/>\nTak, prasa jest zaprojektowana tak, aby dzia\u0142a\u0107 wydajnie nawet w wilgotnych i deszczowych warunkach, szczeg\u00f3lnie podczas pracy z kiszonk\u0105.<\/li>\n<li><strong>Czy wymiana cz\u0119\u015bci w prasie zwijaj\u0105cej 9YG-1.0C jest trudna?<\/strong><br \/>\nNie, cz\u0119\u015bci zamienne s\u0105 \u0142atwe do znalezienia i wymiany, co zapewnia minimalny przestoj.<\/li>\n<li><strong>Ile wa\u017cy prasa zwijaj\u0105ca 9YG-1.0C?<\/strong><br \/>\nPrasa wa\u017cy oko\u0142o 2000 kg, dzi\u0119ki czemu mo\u017cna j\u0105 obs\u0142ugiwa\u0107 za pomoc\u0105 wi\u0119kszo\u015bci standardowych maszyn rolniczych.<\/li>\n<li><strong>Czy mog\u0119 dostosowa\u0107 ustawienia prasy zwijaj\u0105cej 9YG-1.0C?<\/strong><br \/>\nTak, prasa oferuje regulowane ustawienia optymalizuj\u0105ce wydajno\u015b\u0107 w zale\u017cno\u015bci od rodzaju plonu i warunk\u00f3w \u015brodowiskowych.<\/li>\n<\/ol>\n<p>&nbsp;<\/p>","protected":false},"excerpt":{"rendered":"<p>Poznaj pras\u0119 zwijaj\u0105c\u0105 9YG-1.0C \u2013 wydajne i trwa\u0142e rozwi\u0105zanie do efektywnego belowania siana i s\u0142omy. Prasa ta zosta\u0142a zaprojektowana z my\u015bl\u0105 o \u0142atwo\u015bci obs\u0142ugi i wyj\u0105tkowo wysokiej wydajno\u015bci, gwarantuj\u0105c niezawodno\u015b\u0107 w ka\u017cdych warunkach. Zwi\u0119ksz wydajno\u015b\u0107 swojej dzia\u0142alno\u015bci rolniczej ju\u017c dzi\u015b dzi\u0119ki naszej najwy\u017cszej klasy prasie zwijaj\u0105cej. Dowiedz si\u0119 wi\u0119cej i zwi\u0119ksz plony!<\/p>","protected":false},"featured_media":253,"template":"","meta":{"_et_pb_use_builder":"","_et_pb_old_content":"","_et_gb_content_width":""},"product_brand":[],"product_cat":[22],"product_tag":[],"class_list":{"0":"post-210","1":"product","2":"type-product","3":"status-publish","4":"has-post-thumbnail","6":"product_cat-round-baler-rake","8":"first","9":"instock","10":"shipping-taxable","11":"product-type-simple"},"_links":{"self":[{"href":"https:\/\/farm-baler.com\/pl\/wp-json\/wp\/v2\/product\/210","targetHints":{"allow":["GET"]}}],"collection":[{"href":"https:\/\/farm-baler.com\/pl\/wp-json\/wp\/v2\/product"}],"about":[{"href":"https:\/\/farm-baler.com\/pl\/wp-json\/wp\/v2\/types\/product"}],"wp:featuredmedia":[{"embeddable":true,"href":"https:\/\/farm-baler.com\/pl\/wp-json\/wp\/v2\/media\/253"}],"wp:attachment":[{"href":"https:\/\/farm-baler.com\/pl\/wp-json\/wp\/v2\/media?parent=210"}],"wp:term":[{"taxonomy":"product_brand","embeddable":true,"href":"https:\/\/farm-baler.com\/pl\/wp-json\/wp\/v2\/product_brand?post=210"},{"taxonomy":"product_cat","embeddable":true,"href":"https:\/\/farm-baler.com\/pl\/wp-json\/wp\/v2\/product_cat?post=210"},{"taxonomy":"product_tag","embeddable":true,"href":"https:\/\/farm-baler.com\/pl\/wp-json\/wp\/v2\/product_tag?post=210"}],"curies":[{"name":"wp","href":"https:\/\/api.w.org\/{rel}","templated":true}]}}