{"id":209,"date":"2025-11-19T06:07:10","date_gmt":"2025-11-19T06:07:10","guid":{"rendered":"https:\/\/farm-baler.com\/?post_type=product&#038;p=209"},"modified":"2025-12-17T07:33:39","modified_gmt":"2025-12-17T07:33:39","slug":"maszyna-do-belowania-i-owijania-9ycm-850","status":"publish","type":"product","link":"https:\/\/farm-baler.com\/pl\/produkt\/maszyna-do-belowania-i-owijania-9ycm-850\/","title":{"rendered":"Zintegrowana maszyna do belowania i owijania 9YCM-850"},"content":{"rendered":"<p>Zintegrowana maszyna pakuj\u0105co-pakuj\u0105ca 9YCM-850 to wysokowydajne rozwi\u0105zanie przemys\u0142owe, zaprojektowane do integracji proces\u00f3w pakowania i owijania w jeden, sp\u00f3jny system. Urz\u0105dzenie to, odpowiednie dla r\u00f3\u017cnych bran\u017c, wykorzystuje zaawansowan\u0105 technologi\u0119, aby zapewni\u0107 wydajne pakowanie i niezawodn\u0105 obs\u0142ug\u0119 materia\u0142\u00f3w. Celem maszyny jest obni\u017cenie koszt\u00f3w pracy, zwi\u0119kszenie wydajno\u015bci i optymalizacja jako\u015bci pakowania produkt\u00f3w.<\/p>\n<h2>Czym jest zintegrowana maszyna do belowania i owijania?<\/h2>\n<p>Zintegrowana maszyna do belowania i owijania to zaawansowany sprz\u0119t rolniczy, kt\u00f3ry \u0142\u0105czy dwa kluczowe zadania w procesie zbioru \u2013 belowanie i owijanie \u2013 w jedn\u0105, sprawn\u0105 operacj\u0119. Maszyna ta jest zazwyczaj u\u017cywana do zbioru siana, s\u0142omy i kiszonki. Najpierw prasuje lu\u017any materia\u0142 w \u015bci\u015ble zwi\u0105zane bele, dzia\u0142aj\u0105c podobnie jak tradycyjne prasy. Po uformowaniu bel, maszyna natychmiast owija je trwa\u0142\u0105 foli\u0105, aby zabezpieczy\u0107 zawarto\u015b\u0107 i zapobiec uszkodzeniom spowodowanym wilgoci\u0105 i ple\u015bni\u0105.<\/p>\n<p>Zintegrowana konstrukcja redukuje nak\u0142ad pracy, czas i potrzeb\u0119 stosowania wielu maszyn, poprawiaj\u0105c tym samym wydajno\u015b\u0107 ca\u0142ego procesu. Maszyna ta jest idealna dla rolnik\u00f3w, kt\u00f3rzy chc\u0105 zwi\u0119kszy\u0107 produktywno\u015b\u0107, zapewni\u0107 lepsze przechowywanie i transport plon\u00f3w oraz zmniejszy\u0107 ryzyko gnicia plon\u00f3w. Jest szczeg\u00f3lnie przydatna w gospodarstwach, kt\u00f3re musz\u0105 szybko i wydajnie przetwarza\u0107 du\u017ce ilo\u015bci plon\u00f3w.<\/p>\n<p style=\"text-align: center;\"><img loading=\"lazy\" decoding=\"async\" class=\"alignnone size-medium wp-image-262\" src=\"https:\/\/farm-baler.com\/wp-content\/uploads\/2025\/11\/ep-9YCM-850-Baling-and-Wrapping-Integrated-Machine-111-300x300.webp\" alt=\"Belowanie i owijanie\" width=\"300\" height=\"300\" \/><\/p>\n<h2>Dane techniczne<\/h2>\n<table style=\"border-color: #000000;\">\n<thead>\n<tr>\n<th>Numer seryjny<\/th>\n<th>Przedmiot<\/th>\n<th>Jednostka<\/th>\n<th>Specyfikacja<\/th>\n<\/tr>\n<\/thead>\n<tbody>\n<tr>\n<td>1<\/td>\n<td>Nazwa produktu<\/td>\n<td>\/<\/td>\n<td>Zintegrowana maszyna do belowania i owijania typu 9YCM-850<\/td>\n<\/tr>\n<tr>\n<td>2<\/td>\n<td>Rozmiar beli (\u015brednica \u00d7 d\u0142ugo\u015b\u0107)<\/td>\n<td>cm<\/td>\n<td>\u03c685-90\u00d785<\/td>\n<\/tr>\n<tr>\n<td>3<\/td>\n<td>Obj\u0119to\u015b\u0107 beli<\/td>\n<td>M\u00b3<\/td>\n<td>0.48-0.54<\/td>\n<\/tr>\n<tr>\n<td>4<\/td>\n<td>Obj\u0119to\u015b\u0107 leja<\/td>\n<td>M\u00b3<\/td>\n<td>2.5<\/td>\n<\/tr>\n<tr>\n<td>5<\/td>\n<td>Dopasowana moc<\/td>\n<td>\/<\/td>\n<td>\u2265120 KM<\/td>\n<\/tr>\n<tr>\n<td>6<\/td>\n<td>Wymiary ca\u0142kowite (d\u0142ugo\u015b\u0107 \u00d7 szeroko\u015b\u0107 \u00d7 wysoko\u015b\u0107)<\/td>\n<td>M<\/td>\n<td>7,00\u00d72,19\u00d73,03<\/td>\n<\/tr>\n<tr>\n<td>7<\/td>\n<td>Specyfikacja opon<\/td>\n<td>\/<\/td>\n<td>295\/60-15<\/td>\n<\/tr>\n<tr>\n<td>8<\/td>\n<td>Wyj\u015bcie WOM<\/td>\n<td>obr.\/min<\/td>\n<td>540<\/td>\n<\/tr>\n<tr>\n<td>9<\/td>\n<td>Wymagania hydrauliczne<\/td>\n<td>\/<\/td>\n<td>1\u00d71\/2 cala 1\u00d73\/4 cala<\/td>\n<\/tr>\n<tr>\n<td>10<\/td>\n<td>Wymagania elektryczne<\/td>\n<td>\/<\/td>\n<td>12 V pr\u0105du sta\u0142ego<\/td>\n<\/tr>\n<tr>\n<td>11<\/td>\n<td>System sterowania<\/td>\n<td>\/<\/td>\n<td>Elektroniczny system sterowania<\/td>\n<\/tr>\n<tr>\n<td>12<\/td>\n<td>Wydajno\u015b\u0107<\/td>\n<td>bela\/h<\/td>\n<td>30-40<\/td>\n<\/tr>\n<\/tbody>\n<\/table>\n<h2>Definicja produktu<\/h2>\n<p>Maszyna pakuj\u0105co-owijarka 9YCM-850 to urz\u0105dzenie o podw\u00f3jnej funkcji, kt\u00f3re integruje mo\u017cliwo\u015bci pakowania i owijania. Zosta\u0142a zaprojektowana dla bran\u017c wymagaj\u0105cych szczelnego pakowania opakowa\u0144 do przechowywania lub transportu. Maszyna 9YCM-850 wykorzystuje najnowocze\u015bniejsz\u0105 technologi\u0119, kt\u00f3ra znacz\u0105co zwi\u0119ksza wydajno\u015b\u0107 i efektywno\u015b\u0107 operacyjn\u0105.<\/p>\n<h2>Problemy, kt\u00f3re rozwi\u0105zuje i jego zastosowania<\/h2>\n<p>W bran\u017cach takich jak rolnictwo, recykling i logistyka, obs\u0142uga materia\u0142\u00f3w jest cz\u0119sto uci\u0105\u017cliwa i nieefektywna. Maszyna 9YCM-850 rozwi\u0105zuje pracoch\u0142onne problemy zwi\u0105zane z pakowaniem i pakowaniem poprzez automatyzacj\u0119 proces\u00f3w, zwi\u0119kszaj\u0105c wydajno\u015b\u0107 operacyjn\u0105 i zapewniaj\u0105c wy\u017csz\u0105 jako\u015b\u0107 produkt\u00f3w gotowych. Jest szeroko stosowana do pakowania produkt\u00f3w rolnych, takich jak siano, s\u0142oma i bawe\u0142na, a tak\u017ce do pakowania materia\u0142\u00f3w w zak\u0142adach recyklingu i centrach dystrybucyjnych.<\/p>\n<h2>Zalety produktu<\/h2>\n<ul>\n<li><strong>Wysoka wydajno\u015b\u0107<\/strong> \u2013 Zintegrowana konstrukcja urz\u0105dzenia 9YCM-850 redukuje liczb\u0119 czynno\u015bci operacyjnych, oszcz\u0119dzaj\u0105c czas i zwi\u0119kszaj\u0105c og\u00f3ln\u0105 wydajno\u015b\u0107 w por\u00f3wnaniu do stosowania oddzielnych maszyn do belowania i owijania.<\/li>\n<li><strong>Oszcz\u0119dno\u015b\u0107 miejsca<\/strong> \u2013 Dzi\u0119ki kompaktowej konstrukcji urz\u0105dzenie 9YCM-850 zmie\u015bci si\u0119 w ciasnych przestrzeniach, co czyni je odpowiednim rozwi\u0105zaniem dla plac\u00f3wek o ograniczonej przestrzeni, bez uszczerbku dla wydajno\u015bci.<\/li>\n<li><strong>Wszechstronno\u015b\u0107<\/strong> \u2013 Maszyna 9YCM-850 mo\u017ce przetwarza\u0107 r\u00f3\u017cne rodzaje materia\u0142\u00f3w, co czyni j\u0105 niezwykle wszechstronn\u0105 w takich ga\u0142\u0119ziach przemys\u0142u jak rolnictwo, gospodarka odpadami i logistyka.<\/li>\n<li><strong>Op\u0142acalne<\/strong> \u2013 \u0141\u0105cz\u0105c dwie istotne funkcje w jednej maszynie, zmniejszamy potrzeb\u0119 posiadania wielu maszyn, co przek\u0142ada si\u0119 na redukcj\u0119 nak\u0142ad\u00f3w inwestycyjnych, koszt\u00f3w konserwacji i wydatk\u00f3w na prac\u0119.<\/li>\n<li><strong>Trwa\u0142o\u015b\u0107<\/strong> \u2013 Wykonany z wysokiej jako\u015bci materia\u0142\u00f3w i zaprojektowany tak, aby wytrzyma\u0107 wymagaj\u0105ce warunki otoczenia, model 9YCM-850 gwarantuje d\u0142ugoterminow\u0105 niezawodno\u015b\u0107, co czyni go rozs\u0105dn\u0105 inwestycj\u0105 dla firm.<\/li>\n<\/ul>\n<h2>Zasada dzia\u0142ania zintegrowanej maszyny do belowania i owijania 9YCM-850<\/h2>\n<p>Maszyna 9YCM-850 dzia\u0142a poprzez wykorzystanie mechanizmu pakuj\u0105cego do zag\u0119szczania materia\u0142u w ciasno spi\u0119te bele. Po uformowaniu bele s\u0105 natychmiast kierowane do sekcji pakowania, gdzie s\u0105 owijane foli\u0105 plastikow\u0105 lub innymi materia\u0142ami opakowaniowymi w celu przechowywania lub transportu. Ta p\u0142ynna integracja tych dw\u00f3ch funkcji zapewnia automatyzacj\u0119 i wydajno\u015b\u0107 ca\u0142ego procesu, redukuj\u0105c nak\u0142ad pracy r\u0119cznej i gwarantuj\u0105c sta\u0142\u0105 jako\u015b\u0107 pakowania.<\/p>\n<h2>G\u0142\u00f3wne zastosowania zintegrowanej maszyny do belowania i owijania 9YCM-850<\/h2>\n<ul>\n<li><strong>Produkty rolne<\/strong> \u2013 Stosowany powszechnie do pakowania siana, s\u0142omy, bawe\u0142ny i innych materia\u0142\u00f3w rolniczych, kt\u00f3re wymagaj\u0105 \u015bcis\u0142ego owini\u0119cia w celu przechowywania lub transportu.<\/li>\n<li><strong>Przemys\u0142 recyklingowy<\/strong> \u2013 Doskonale nadaje si\u0119 do belowania i owijania materia\u0142\u00f3w nadaj\u0105cych si\u0119 do recyklingu, takich jak papier, plastik i tektura, zapewniaj\u0105c ich wydajne przetwarzanie i przechowywanie.<\/li>\n<li><strong>Logistyka<\/strong> \u2013 W bran\u017cy logistycznej maszyna ta s\u0142u\u017cy do owijania towar\u00f3w i materia\u0142\u00f3w w celu lepszego ich przenoszenia i ochrony podczas transportu.<\/li>\n<li><strong>Gospodarka odpadami<\/strong> \u2013 W gospodarce odpadami s\u0142u\u017cy do kompresowania i pakowania materia\u0142\u00f3w odpadowych, co u\u0142atwia ich obr\u00f3bk\u0119, przechowywanie i utylizacj\u0119.<\/li>\n<li><strong>Le\u015bnictwo i przetw\u00f3rstwo drewna<\/strong> \u2013 Stosowane do pakowania wi\u00f3r\u00f3w drzewnych, k\u0142\u00f3d i innych produkt\u00f3w le\u015bnych w celu zapobiegania zanieczyszczeniom i u\u0142atwienia transportu.<\/li>\n<li><strong>Przemys\u0142 spo\u017cywczy<\/strong> \u2013 W przemy\u015ble spo\u017cywczym mo\u017ce by\u0107 stosowany do pakowania produkt\u00f3w takich jak suszone owoce, warzywa i inne produkty spo\u017cywcze luzem, aby zachowa\u0107 \u015bwie\u017co\u015b\u0107 i czysto\u015b\u0107.<\/li>\n<\/ul>\n<h2>Jak wybra\u0107 odpowiedni\u0105 zintegrowan\u0105 pras\u0119 do belowania i owijania 9YCM-850<\/h2>\n<p>Wybieraj\u0105c odpowiedni 9YCM-850 <a href=\"https:\/\/agricultural-baler.com\/\" target=\"_blank\" rel=\"noopener\">Zintegrowana maszyna do belowania i owijania<\/a>, nale\u017cy wzi\u0105\u0107 pod uwag\u0119 nast\u0119puj\u0105ce czynniki:<\/p>\n<ul>\n<li><strong>Rodzaj materia\u0142u<\/strong> \u2013 R\u00f3\u017cne materia\u0142y mog\u0105 wymaga\u0107 dostosowania ustawie\u0144 lub konfiguracji urz\u0105dzenia, aby zapewni\u0107 optymaln\u0105 wydajno\u015b\u0107.<\/li>\n<li><strong>Wolumen produkcji<\/strong> \u2013 Je\u015bli w Twojej firmie wymagana jest wysoka wydajno\u015b\u0107, upewnij si\u0119, \u017ce maszyna jest w stanie obs\u0142u\u017cy\u0107 wolumen produkcji.<\/li>\n<li><strong>Rozmiar i przestrze\u0144 maszyny<\/strong> \u2013 We\u017a pod uwag\u0119 dost\u0119pn\u0105 przestrze\u0144 w swoim zak\u0142adzie, aby okre\u015bli\u0107, czy rozmiar maszyny b\u0119dzie zgodny z uk\u0142adem operacyjnym.<\/li>\n<li><strong>Funkcje automatyzacji<\/strong> \u2013 Wybierz maszyn\u0119 oferuj\u0105c\u0105 funkcje automatyczne dostosowane do Twoich konkretnych potrzeb, redukuj\u0105c potrzeb\u0119 r\u0119cznej interwencji.<\/li>\n<li><strong>Wymagania konserwacyjne<\/strong> \u2013 Oce\u0144 \u0142atwo\u015b\u0107 konserwacji i dost\u0119pno\u015b\u0107 cz\u0119\u015bci zamiennych, aby mie\u0107 pewno\u015b\u0107, \u017ce maszyna b\u0119dzie dzia\u0142a\u0107 p\u0142ynnie przez d\u0142ugi czas.<\/li>\n<li><strong>Bud\u017cet<\/strong> \u2013 Upewnij si\u0119, \u017ce cena maszyny mie\u015bci si\u0119 w Twoim bud\u017cecie, a jednocze\u015bnie oferuje ona wymagane dla Twojej firmy funkcje i wydajno\u015b\u0107.<\/li>\n<\/ul>\n<h2>Konserwacja zintegrowanej maszyny do belowania i owijania 9YCM-850<\/h2>\n<p>Aby utrzyma\u0107 optymaln\u0105 wydajno\u015b\u0107 urz\u0105dzenia 9YCM-850, konieczna jest regularna konserwacja:<\/p>\n<ul>\n<li><strong>Regularne czyszczenie<\/strong> \u2013 Nale\u017cy regularnie czy\u015bci\u0107 maszyn\u0119, aby zapobiec gromadzeniu si\u0119 kurzu i zanieczyszcze\u0144, kt\u00f3re mog\u0142yby utrudnia\u0107 jej dzia\u0142anie.<\/li>\n<li><strong>Smarowanie<\/strong> \u2013 Regularnie smaruj ruchome cz\u0119\u015bci, aby zminimalizowa\u0107 tarcie i zu\u017cycie, wyd\u0142u\u017caj\u0105c w ten spos\u00f3b \u017cywotno\u015b\u0107 maszyny.<\/li>\n<li><strong>Kontrola komponent\u00f3w<\/strong> \u2013 Okresowo sprawdzaj najwa\u017cniejsze podzespo\u0142y, takie jak prasa beluj\u0105ca i mechanizm owijaj\u0105cy, pod k\u0105tem oznak zu\u017cycia i uszkodze\u0144.<\/li>\n<li><strong>Sprawd\u017a, czy nie ma problem\u00f3w elektrycznych<\/strong> \u2013 Regularnie sprawdzaj elementy elektryczne i okablowanie, aby unikn\u0105\u0107 usterek lub zagro\u017ce\u0144 dla bezpiecze\u0144stwa.<\/li>\n<li><strong>Dost\u0119pno\u015b\u0107 cz\u0119\u015bci zamiennych<\/strong> \u2013 Upewnij si\u0119, \u017ce masz \u0142atwy dost\u0119p do cz\u0119\u015bci zamiennych, szczeg\u00f3lnie materia\u0142\u00f3w eksploatacyjnych, takich jak folia do owijania, aby unikn\u0105\u0107 przestoj\u00f3w w pracy.<\/li>\n<\/ul>\n<h2>Opinie klient\u00f3w<\/h2>\n<p>Poni\u017cej znajduj\u0105 si\u0119 opinie klient\u00f3w z ca\u0142ego \u015bwiata, kt\u00f3rzy korzystali z zintegrowanej maszyny do belowania i owijania 9YCM-850:<\/p>\n<p>\u201e9YCM-850 znacz\u0105co poprawi\u0142a nasz\u0105 wydajno\u015b\u0107. Oszcz\u0119dza czas i jest znacznie wydajniejsza ni\u017c oddzielne belownice i owijarki. Uda\u0142o nam si\u0119 obni\u017cy\u0107 koszty pracy i zwi\u0119kszy\u0107 przepustowo\u015b\u0107. Maszyna jest \u0142atwa w obs\u0142udze, a konserwacja nie sprawia \u017cadnych problem\u00f3w\u201d.<br \/>\n– <strong>Jan, Stany Zjednoczone<\/strong><\/p>\n<p>\u201eU\u017cywamy maszyny 9YCM-850 do pakowania siana i s\u0142omy w naszym gospodarstwie. Wydajno\u015b\u0107 maszyny jest doskona\u0142a. Jest szybka, niezawodna i za ka\u017cdym razem zapewnia idealnie owini\u0119te bele. Nasza wydajno\u015b\u0107 magazynowania r\u00f3wnie\u017c wzros\u0142a dzi\u0119ki szczelnemu owijaniu.\u201d<br \/>\n– <strong>Emma, \u200b\u200bAustralia<\/strong><\/p>\n<p>\u201eW naszym zak\u0142adzie recyklingu maszyna 9YCM-850 okaza\u0142a si\u0119 prze\u0142omem. Teraz mo\u017cemy belowa\u0107 i owija\u0107 tektur\u0119 i papier znacznie szybciej, a produkt ko\u0144cowy jest dobrze zapakowany i \u0142atwy w obs\u0142udze. Maszyna znacz\u0105co obni\u017cy\u0142a nasze koszty operacyjne\u201d.<br \/>\n– <strong>Mark, Wielka Brytania<\/strong><\/p>\n<p>\u201eMaszyna 9YCM-850 pomog\u0142a nam usprawni\u0107 proces pakowania. Jej kompaktowa konstrukcja idealnie wpasowuje si\u0119 w przestrze\u0144, w kt\u00f3rej pracujemy. Dzi\u0119ki niej mogli\u015bmy zwi\u0119kszy\u0107 produkcj\u0119, zachowuj\u0105c jednocze\u015bnie jako\u015b\u0107 pakowanych produkt\u00f3w\u201d.<br \/>\n– <strong>Susan, Kanada<\/strong><\/p>\n<p>\u201eNasza firma logistyczna szuka\u0142a rozwi\u0105zania, kt\u00f3re poprawi\u0142oby wydajno\u015b\u0107 pakowania, i to w\u0142a\u015bnie 9YCM-850 nam to umo\u017cliwi\u0142o. Maszyna pakuje towary szybko i bezpiecznie, zapewniaj\u0105c ich dotarcie w idealnym stanie. Gor\u0105co polecamy t\u0119 maszyn\u0119 ka\u017cdemu centrum dystrybucyjnemu.\u201d<br \/>\n– <strong>Peter, Niemcy<\/strong><\/p>\n<h2>Dlaczego warto wybra\u0107 nasz produkt<\/h2>\n<p>Wybieraj\u0105c 9YCM-850 <a href=\"https:\/\/farm-baler.com\/pl\/produkt\/prasa-okragla-9yg-1-25\/\">Zintegrowana maszyna do belowania i owijania<\/a>, mo\u017cesz skorzysta\u0107 z szybkich us\u0142ug personalizacji i wyj\u0105tkowej obs\u0142ugi klienta. Oferujemy trzyletni\u0105 gwarancj\u0119 dla Twojego spokoju ducha, a tak\u017ce kompleksowy serwis posprzeda\u017cowy, aby zapewni\u0107 p\u0142ynn\u0105 i nieprzerwan\u0105 prac\u0119 Twoich maszyn. Dysponujemy globalnymi mo\u017cliwo\u015bciami wysy\u0142kowymi, co pozwala nam szybko zrealizowa\u0107 Twoje zam\u00f3wienie, niezale\u017cnie od tego, gdzie si\u0119 znajdujesz.<\/p>\n<p>Jeste\u015bmy dumni z produkcji wysokiej jako\u015bci maszyn w konkurencyjnych cenach. Nasze produkty s\u0105 projektowane z my\u015bl\u0105 o trwa\u0142o\u015bci i wydajno\u015bci, zapewniaj\u0105c optymaln\u0105 warto\u015b\u0107 inwestycji. Opr\u00f3cz modelu 9YCM-850 oferujemy r\u00f3wnie\u017c szerok\u0105 gam\u0119 akcesori\u00f3w i produkt\u00f3w powi\u0105zanych, aby zapewni\u0107 pe\u0142n\u0105 optymalizacj\u0119 Pa\u0144stwa dzia\u0142alno\u015bci.<\/p>\n<h2>Cz\u0119sto zadawane pytania<\/h2>\n<ol>\n<li><strong>Jak d\u0142ugo dzia\u0142a lampa 9YCM-850?<\/strong><br \/>\nLampa 9YCM-850 zosta\u0142a zaprojektowana z my\u015bl\u0105 o d\u0142ugotrwa\u0142ym u\u017cytkowaniu, a regularna konserwacja zapewnia \u017cywotno\u015b\u0107 przekraczaj\u0105c\u0105 10 lat w normalnych warunkach.<\/li>\n<li><strong>Jakiego rodzaju materia\u0142y mo\u017ce obrabia\u0107 maszyna 9YCM-850?<\/strong><br \/>\nMaszyna jest wszechstronna i mo\u017ce przetwarza\u0107 r\u00f3\u017cne materia\u0142y, w tym produkty rolne, takie jak siano, s\u0142oma i bawe\u0142na, a tak\u017ce materia\u0142y nadaj\u0105ce si\u0119 do recyklingu, takie jak papier i plastik.<\/li>\n<li><strong>Czy model 9YCM-850 mo\u017cna dostosowa\u0107 do konkretnych potrzeb?<\/strong><br \/>\nTak, oferujemy opcje personalizacji pozwalaj\u0105ce dostosowa\u0107 maszyn\u0119 do Twoich konkretnych wymaga\u0144, niezale\u017cnie od tego, czy chodzi o obs\u0142ug\u0119 materia\u0142\u00f3w, dostosowanie rozmiaru czy funkcje automatyzacji.<\/li>\n<li><strong>Jaki jest okres gwarancji na 9YCM-850?<\/strong><br \/>\nModel 9YCM-850 obj\u0119ty jest trzyletni\u0105 gwarancj\u0105 obejmuj\u0105c\u0105 wszelkie wady produkcyjne i problemy techniczne, jakie mog\u0105 wyst\u0105pi\u0107.<\/li>\n<li><strong>Jak \u0142atwa jest obs\u0142uga urz\u0105dzenia 9YCM-850?<\/strong><br \/>\nMaszyna zosta\u0142a zaprojektowana z my\u015bl\u0105 o \u0142atwo\u015bci obs\u0142ugi, z intuicyjnym sterowaniem, kt\u00f3re pozwala operatorom szybko nauczy\u0107 si\u0119 jej obs\u0142ugi. Dodatkowo, dost\u0119pne s\u0105 instrukcje obs\u0142ugi i szkolenia, aby zapewni\u0107 p\u0142ynn\u0105 obs\u0142ug\u0119.<\/li>\n<li><strong>Czy 9YCM-850 jest energooszcz\u0119dny?<\/strong><br \/>\nTak, model 9YCM-850 zosta\u0142 zaprojektowany z my\u015bl\u0105 o oszcz\u0119dno\u015bci energii, zu\u017cywaj\u0105c minimaln\u0105 ilo\u015b\u0107 energii i zapewniaj\u0105c maksymaln\u0105 moc. Pomaga to obni\u017cy\u0107 koszty eksploatacji.<\/li>\n<li><strong>Czy maszyna poradzi sobie z produkcj\u0105 wielkoseryjn\u0105?<\/strong><br \/>\nTak, maszyna 9YCM-850 zosta\u0142a stworzona z my\u015bl\u0105 o produkcji wielkoseryjnej i umo\u017cliwia wydajne przetwarzanie du\u017cych ilo\u015bci materia\u0142u bez obni\u017cania wydajno\u015bci.<\/li>\n<li><strong>Czy istnieje jakiekolwiek wsparcie posprzeda\u017cowe?<\/strong><br \/>\nOferujemy kompleksowe wsparcie posprzeda\u017cowe, obejmuj\u0105ce doradztwo w zakresie instalacji, rozwi\u0105zywanie problem\u00f3w i us\u0142ugi konserwacyjne, aby zapewni\u0107 optymaln\u0105 wydajno\u015b\u0107 maszyny.<\/li>\n<li><strong>Jaki jest czas dostawy 9YCM-850?<\/strong><br \/>\nCzas dostawy zale\u017cy od miejsca docelowego, ale oferujemy szybk\u0105 dostaw\u0119 na ca\u0142ym \u015bwiecie, aby spe\u0142ni\u0107 Twoje potrzeby.<\/li>\n<li><strong>Czy mog\u0119 dosta\u0107 cz\u0119\u015bci zamienne do 9YCM-850?<\/strong><br \/>\nTak, cz\u0119\u015bci zamienne s\u0105 \u0142atwo dost\u0119pne, a my oferujemy us\u0142ug\u0119 dostawy, aby mie\u0107 pewno\u015b\u0107, \u017ce Twoja maszyna pozostanie w doskona\u0142ym stanie technicznym.<\/li>\n<li><strong>Jak konserwowa\u0107 maszyn\u0119 9YCM-850?<\/strong><br \/>\nRegularna konserwacja obejmuje czyszczenie, smarowanie i kontrol\u0119 kluczowych podzespo\u0142\u00f3w. Szczeg\u00f3\u0142owe instrukcje dotycz\u0105ce konserwacji znajduj\u0105 si\u0119 w instrukcji obs\u0142ugi.<\/li>\n<li><strong>Czy maszyna nadaje si\u0119 do operacji na ma\u0142\u0105 skal\u0119?<\/strong><br \/>\nChocia\u017c model 9YCM-850 zosta\u0142 zaprojektowany do zastosowa\u0144 na skal\u0119 przemys\u0142ow\u0105, jego kompaktowa konstrukcja pozwala na monta\u017c w mniejszych przestrzeniach, dzi\u0119ki czemu nadaje si\u0119 do zastosowa\u0144 o r\u00f3\u017cnej skali.<\/li>\n<li><strong>Co wyr\u00f3\u017cnia model 9YCM-850 na tle innych maszyn?<\/strong><br \/>\nPo\u0142\u0105czenie funkcji belowania i owijania w jednej maszynie zwi\u0119ksza wydajno\u015b\u0107 i zmniejsza potrzeb\u0119 stosowania oddzielnych maszyn, oszcz\u0119dzaj\u0105c czas i pieni\u0105dze.<\/li>\n<li><strong>Czy maszyna mo\u017ce by\u0107 u\u017cywana do pakowania produkt\u00f3w spo\u017cywczych?<\/strong><br \/>\nTak, urz\u0105dzenia 9YCM-850 mo\u017cna u\u017cywa\u0107 do pakowania produkt\u00f3w spo\u017cywczych, np. suszonych owoc\u00f3w i warzyw, zapewniaj\u0105c ich prawid\u0142owe zamkni\u0119cie i zachowanie \u015bwie\u017co\u015bci.<\/li>\n<li><strong>Czy zapewniacie szkolenia dla operator\u00f3w?<\/strong><br \/>\nTak, oferujemy szkolenia, kt\u00f3re pomog\u0105 Twojemu zespo\u0142owi bezpiecznie i wydajnie obs\u0142ugiwa\u0107 maszyn\u0119 9YCM-850.<\/li>\n<\/ol>\n<p>&nbsp;<\/p>","protected":false},"excerpt":{"rendered":"<p>Poznaj maszyn\u0119 pakuj\u0105co-owijark\u0119 9YCM-850 \u2014 wysokowydajne rozwi\u0105zanie do wydajnego, bezproblemowego pakowania i owijania. Zaprojektowana z my\u015bl\u0105 o trwa\u0142o\u015bci i wyj\u0105tkowo wysokiej wydajno\u015bci, maszyna ta gwarantuje doskona\u0142e rezultaty i minimalny czas przestoju. To idealny wyb\u00f3r dla gospodarstw rolnych i przedsi\u0119biorstw przemys\u0142owych poszukuj\u0105cych ekonomicznych i niezawodnych maszyn. Zwi\u0119ksz swoj\u0105 produktywno\u015b\u0107 ju\u017c dzi\u015b, skontaktuj si\u0119 z nami, aby um\u00f3wi\u0107 si\u0119 na prezentacj\u0119 lub uzyska\u0107 wi\u0119cej informacji!<\/p>","protected":false},"featured_media":262,"template":"","meta":{"_et_pb_use_builder":"","_et_pb_old_content":"","_et_gb_content_width":""},"product_brand":[],"product_cat":[27],"product_tag":[],"class_list":{"0":"post-209","1":"product","2":"type-product","3":"status-publish","4":"has-post-thumbnail","6":"product_cat-other-series-products","8":"first","9":"instock","10":"shipping-taxable","11":"product-type-simple"},"_links":{"self":[{"href":"https:\/\/farm-baler.com\/pl\/wp-json\/wp\/v2\/product\/209","targetHints":{"allow":["GET"]}}],"collection":[{"href":"https:\/\/farm-baler.com\/pl\/wp-json\/wp\/v2\/product"}],"about":[{"href":"https:\/\/farm-baler.com\/pl\/wp-json\/wp\/v2\/types\/product"}],"wp:featuredmedia":[{"embeddable":true,"href":"https:\/\/farm-baler.com\/pl\/wp-json\/wp\/v2\/media\/262"}],"wp:attachment":[{"href":"https:\/\/farm-baler.com\/pl\/wp-json\/wp\/v2\/media?parent=209"}],"wp:term":[{"taxonomy":"product_brand","embeddable":true,"href":"https:\/\/farm-baler.com\/pl\/wp-json\/wp\/v2\/product_brand?post=209"},{"taxonomy":"product_cat","embeddable":true,"href":"https:\/\/farm-baler.com\/pl\/wp-json\/wp\/v2\/product_cat?post=209"},{"taxonomy":"product_tag","embeddable":true,"href":"https:\/\/farm-baler.com\/pl\/wp-json\/wp\/v2\/product_tag?post=209"}],"curies":[{"name":"wp","href":"https:\/\/api.w.org\/{rel}","templated":true}]}}