{"id":502,"date":"2025-12-17T09:55:18","date_gmt":"2025-12-17T09:55:18","guid":{"rendered":"https:\/\/farm-baler.com\/?post_type=product&#038;p=502"},"modified":"2025-12-18T02:37:53","modified_gmt":"2025-12-18T02:37:53","slug":"9jyy-2-5-machine-de-prelevement-et-de-transport","status":"publish","type":"product","link":"https:\/\/farm-baler.com\/fr\/produit\/9jyy-2-5-machine-de-prelevement-et-de-transport\/","title":{"rendered":"Machine de ramassage et de transport de balles rondes 9JYY-2.5"},"content":{"rendered":"<p>La ramasseuse-transporteuse de balles rondes 9JYY-2.5 est un \u00e9quipement agricole r\u00e9volutionnaire con\u00e7u pour une collecte et un transport efficaces des balles de foin. Gr\u00e2ce \u00e0 sa conception robuste et \u00e0 sa technologie de pointe, cette machine traite efficacement de grandes quantit\u00e9s de balles de foin, ce qui en fait un outil indispensable pour les exploitations agricoles modernes. Qu'il s'agisse de ramasser les balles rondes de foin dans les champs ou de les transporter vers les zones de stockage, la 9JYY-2.5 r\u00e9pond aux exigences des exploitations agricoles \u00e0 haut rendement.<\/p>\n<h2>Sp\u00e9cifications techniques<\/h2>\n<table style=\"border-color: #000000;\">\n<thead>\n<tr>\n<th align=\"left\">Num\u00e9ro de s\u00e9rie<\/th>\n<th align=\"left\">Article<\/th>\n<th align=\"left\">Unit\u00e9<\/th>\n<th align=\"left\">Sp\u00e9cification<\/th>\n<\/tr>\n<\/thead>\n<tbody>\n<tr>\n<td align=\"left\">1<\/td>\n<td align=\"left\">Nom du produit<\/td>\n<td align=\"left\">\/<\/td>\n<td align=\"left\">Ramasseuse et transporteur de balles rondes<\/td>\n<\/tr>\n<tr>\n<td align=\"left\">2<\/td>\n<td align=\"left\">Mod\u00e8le de produit<\/td>\n<td align=\"left\">\/<\/td>\n<td align=\"left\">9JYY-2.5<\/td>\n<\/tr>\n<tr>\n<td align=\"left\">3<\/td>\n<td align=\"left\">M\u00e9thode d'attelage<\/td>\n<td align=\"left\">\/<\/td>\n<td align=\"left\">Type tra\u00een\u00e9<\/td>\n<\/tr>\n<tr>\n<td align=\"left\">4<\/td>\n<td align=\"left\">Mode de chargement\/d\u00e9chargement<\/td>\n<td align=\"left\">\/<\/td>\n<td align=\"left\">Hydraulique<\/td>\n<\/tr>\n<tr>\n<td align=\"left\">5<\/td>\n<td align=\"left\">Capacit\u00e9 de charge maximale<\/td>\n<td align=\"left\">kg<\/td>\n<td align=\"left\">2500<\/td>\n<\/tr>\n<tr>\n<td align=\"left\">6<\/td>\n<td align=\"left\">Plage de puissance correspondante<\/td>\n<td align=\"left\">kW<\/td>\n<td align=\"left\">\u226520<\/td>\n<\/tr>\n<tr>\n<td align=\"left\">7<\/td>\n<td align=\"left\">Pression de service<\/td>\n<td align=\"left\">MPa<\/td>\n<td align=\"left\">\u226516<\/td>\n<\/tr>\n<tr>\n<td align=\"left\">8<\/td>\n<td align=\"left\">Vitesse de transport<\/td>\n<td align=\"left\">km\/h<\/td>\n<td align=\"left\">\u226440<\/td>\n<\/tr>\n<tr>\n<td align=\"left\">9<\/td>\n<td align=\"left\">Mod\u00e8le de pneu<\/td>\n<td align=\"left\">\/<\/td>\n<td align=\"left\">10.0\/80-12 (Roues jumel\u00e9es)<\/td>\n<\/tr>\n<tr>\n<td align=\"left\">10<\/td>\n<td align=\"left\">Taille des balles chargeables<\/td>\n<td align=\"left\">mm<\/td>\n<td align=\"left\">Diam\u00e8tre 1300, Longueur 1000-1500<\/td>\n<\/tr>\n<tr>\n<td align=\"left\">11<\/td>\n<td align=\"left\">Dimensions hors tout (L\u00d7l\u00d7H)<\/td>\n<td align=\"left\">mm<\/td>\n<td align=\"left\">10300\u00d72420\u00d72485<\/td>\n<\/tr>\n<tr>\n<td align=\"left\">12<\/td>\n<td align=\"left\">Masse totale<\/td>\n<td align=\"left\">kg<\/td>\n<td align=\"left\">1165<\/td>\n<\/tr>\n<\/tbody>\n<\/table>\n<h2>D\u00e9finition du produit<\/h2>\n<p>La machine de ramassage et de transport de balles rondes 9JYY-2.5 est un \u00e9quipement polyvalent con\u00e7u pour ramasser, collecter et transporter efficacement les balles de foin rondes. Sa conception robuste et facile \u00e0 utiliser garantit des performances optimales dans divers environnements agricoles. Cette machine peut traiter des balles de diff\u00e9rentes tailles et est particuli\u00e8rement adapt\u00e9e aux grandes exploitations agricoles o\u00f9 une vitesse et une efficacit\u00e9 \u00e9lev\u00e9es du traitement des balles sont essentielles.<\/p>\n<h2>Gestion des probl\u00e8mes et cas d'utilisation<\/h2>\n<p>Le 9JYY-2.5 r\u00e9pond \u00e0 plusieurs d\u00e9fis majeurs li\u00e9s \u00e0 la manutention des balles, notamment les pertes de productivit\u00e9 manuelle, le gaspillage de temps et l'usure du mat\u00e9riel. Il est con\u00e7u pour optimiser la collecte et le transport des balles, r\u00e9duisant ainsi le temps et les efforts n\u00e9cessaires au d\u00e9placement de gros volumes. Applications courantes\u00a0:<\/p>\n<ul>\n<li>Collecte et transport de balles \u00e0 grande \u00e9chelle<\/li>\n<li>R\u00e9duction des co\u00fbts de main-d'\u0153uvre gr\u00e2ce \u00e0 l'automatisation du processus de d\u00e9placement des balles<\/li>\n<li>Transport des balles de balles des champs vers les zones de stockage ou de traitement<\/li>\n<li>Manutention de balles sur terrain accident\u00e9 ou irr\u00e9gulier<\/li>\n<li>Am\u00e9liorer l'efficacit\u00e9 op\u00e9rationnelle globale des grandes exploitations agricoles et des entreprises agricoles<\/li>\n<\/ul>\n<h2>Avantages du produit<\/h2>\n<ul>\n<li><strong>Haute efficacit\u00e9 :<\/strong> La machine de ramassage et de transport de balles rondes 9JYY-2.5 accro\u00eet l'efficacit\u00e9 op\u00e9rationnelle en r\u00e9duisant consid\u00e9rablement le temps n\u00e9cessaire au d\u00e9placement des balles d'un emplacement \u00e0 un autre. Con\u00e7ue pour traiter de gros volumes de balles en un temps record, elle permet de g\u00e9rer ces volumes beaucoup plus rapidement qu'avec du travail manuel ou des \u00e9quipements moins performants.<\/li>\n<li><strong>Versatilit\u00e9:<\/strong> Cette machine peut traiter des balles de toutes tailles et est con\u00e7ue pour fonctionner dans divers environnements agricoles, des champs plats aux terrains accident\u00e9s. Sa polyvalence lui permet de r\u00e9pondre aux besoins de diverses exploitations agricoles.<\/li>\n<li><strong>Durabilit\u00e9:<\/strong> Fabriqu\u00e9 avec des mat\u00e9riaux de haute qualit\u00e9, le 9JYY-2.5 est con\u00e7u pour une performance durable, m\u00eame dans les conditions les plus extr\u00eames. Sa robustesse minimise les besoins de r\u00e9paration et d'entretien, garantissant un excellent rapport qualit\u00e9-prix sur le long terme.<\/li>\n<li><strong>Facilit\u00e9 d'utilisation\u00a0:<\/strong> Gr\u00e2ce \u00e0 ses commandes intuitives et \u00e0 son m\u00e9canisme de fonctionnement simple, cette machine est facile \u00e0 utiliser et peut \u00eatre mise en \u0153uvre par des op\u00e9rateurs ayant re\u00e7u une formation minimale. Cette facilit\u00e9 d'utilisation r\u00e9duit le temps d'apprentissage et accro\u00eet la productivit\u00e9 globale.<\/li>\n<li><strong>Rentable :<\/strong> En r\u00e9duisant les co\u00fbts de main-d'\u0153uvre et en am\u00e9liorant l'efficacit\u00e9 op\u00e9rationnelle, le 9JYY-2.5 offre une solution \u00e9conomique pour la manutention des balles. Son efficacit\u00e9 permet aux agriculteurs de r\u00e9aliser des \u00e9conomies \u00e0 long terme en am\u00e9liorant la rapidit\u00e9 et la pr\u00e9cision de leurs op\u00e9rations de d\u00e9placement des balles.<\/li>\n<\/ul>\n<h2>Principe de fonctionnement de la machine de ramassage et de transport de balles rondes 9JYY-2.5<\/h2>\n<p>La 9JYY-2.5 fonctionne selon un m\u00e9canisme simple et efficace. Dot\u00e9e d'un syst\u00e8me hydraulique, cette machine soul\u00e8ve et ramasse les balles de foin directement dans le champ. Ses composants m\u00e9caniques robustes les collectent en toute s\u00e9curit\u00e9 et les chargent sur une plateforme de transport. Une fois charg\u00e9e, la machine peut transporter les balles sur diff\u00e9rents types de terrains, ce qui la rend polyvalente. Un moteur puissant garantit un fonctionnement rapide et fluide, tandis que sa conception assure une manipulation optimale des balles pendant le transport, \u00e9vitant ainsi tout dommage.<\/p>\n<p style=\"text-align: center;\"><img loading=\"lazy\" decoding=\"async\" class=\"alignnone wp-image-503\" src=\"https:\/\/farm-baler.com\/wp-content\/uploads\/2025\/12\/ep-Type-9JYY-2.5-Round-Bale-Picking-and-Transporting-Machine-11-1-300x300.webp\" alt=\"Machine de pr\u00e9l\u00e8vement et de transport\" width=\"400\" height=\"400\" \/><\/p>\n<h2>Principaux sc\u00e9narios d'utilisation<\/h2>\n<p>Le 9JYY-2.5 est id\u00e9al pour une large gamme d'applications agricoles. Ses principaux cas d'utilisation sont les suivants\u00a0:<\/p>\n<ul>\n<li><strong>Grandes exploitations de foin :<\/strong> Id\u00e9al pour les exploitations agricoles produisant un volume important de foin, o\u00f9 une collecte et un transport rapides et efficaces des balles sont n\u00e9cessaires.<\/li>\n<li><strong>Exploitations agricoles :<\/strong> Id\u00e9al pour transporter les balles de foin vers les zones d'alimentation, garantissant ainsi un acc\u00e8s rapide au foin pour le b\u00e9tail.<\/li>\n<li><strong>Op\u00e9rations de stockage et d'entreposage :<\/strong> Utilis\u00e9 pour d\u00e9placer les balles de foin dans les installations de stockage, aidant ainsi les agriculteurs \u00e0 g\u00e9rer leurs stocks plus efficacement.<\/li>\n<li><strong>Fermes laiti\u00e8res :<\/strong> Utilis\u00e9 dans les exploitations laiti\u00e8res o\u00f9 des balles de foin sont n\u00e9cessaires rapidement pour nourrir les vaches.<\/li>\n<li><strong>Exploitations agricoles de prairies et d'ensilage\u00a0:<\/strong> Id\u00e9al pour le transport de balles d'ensilage ou d'herbe, r\u00e9duisant ainsi le temps et la main-d'\u0153uvre li\u00e9s \u00e0 la manutention de ces mat\u00e9riaux.<\/li>\n<li><strong>Agriculture contractuelle et r\u00e9colte \u00e0 fa\u00e7on\u00a0:<\/strong> Id\u00e9al pour les entrepreneurs qui g\u00e8rent plusieurs exploitations agricoles, assurant une manutention efficace des balles sur diff\u00e9rents sites.<\/li>\n<\/ul>\n<h2>Comment choisir la machine de ramassage et de transport de balles rondes 9JYY-2.5 adapt\u00e9e ?<\/h2>\n<p>Lors de la s\u00e9lection d'une balle ronde 9JYY-2.5 <a href=\"http:\/\/silage-balers.com\" target=\"_blank\" rel=\"noopener\">Machine de pr\u00e9l\u00e8vement et de transport<\/a>Pour vous assurer de choisir le mat\u00e9riel adapt\u00e9 aux besoins de votre exploitation, tenez compte des facteurs suivants\u00a0:<\/p>\n<ul>\n<li><strong>Taille de la balle :<\/strong> Assurez-vous que la machine puisse traiter les dimensions sp\u00e9cifiques des balles produites sur votre exploitation.<\/li>\n<li><strong>Terrain:<\/strong> Tenez compte du type de terrain sur lequel la machine sera utilis\u00e9e. La 9JYY-2.5 est con\u00e7ue pour une vari\u00e9t\u00e9 de terrains, mais il est important de v\u00e9rifier sa compatibilit\u00e9 avec les conditions de votre terrain.<\/li>\n<li><strong>Volume des balles :<\/strong> Choisissez un mod\u00e8le capable de g\u00e9rer le volume de balles que vous devez d\u00e9placer quotidiennement.<\/li>\n<li><strong>Durabilit\u00e9 et qualit\u00e9 des mat\u00e9riaux :<\/strong> V\u00e9rifiez que les machines sont construites avec des mat\u00e9riaux durables et de haute qualit\u00e9, con\u00e7us pour une utilisation \u00e0 long terme dans des environnements agricoles exigeants.<\/li>\n<li><strong>Facilit\u00e9 d'utilisation :<\/strong> Recherchez une machine dot\u00e9e de commandes conviviales afin de minimiser le temps de formation et les erreurs de manipulation.<\/li>\n<li><strong>Rentabilit\u00e9 :<\/strong> Assurez-vous que le co\u00fbt de la machine soit justifi\u00e9 par les avantages qu'elle procure en termes d'efficacit\u00e9, d'\u00e9conomies de main-d'\u0153uvre et de co\u00fbts op\u00e9rationnels.<\/li>\n<\/ul>\n<h2>Maintenance de la machine de ramassage et de transport de balles rondes 9JYY-2.5<\/h2>\n<p>Pour garantir des performances optimales et une longue dur\u00e9e de vie, un entretien r\u00e9gulier du 9JYY-2.5 est essentiel. Les t\u00e2ches d'entretien r\u00e9guli\u00e8res comprennent\u00a0:<\/p>\n<ul>\n<li><strong>Nettoyage:<\/strong> Apr\u00e8s chaque utilisation, nettoyez la machine pour \u00e9liminer la poussi\u00e8re, la salet\u00e9 et les d\u00e9bris qui pourraient affecter son fonctionnement.<\/li>\n<li><strong>Lubrification:<\/strong> Lubrifiez r\u00e9guli\u00e8rement les pi\u00e8ces mobiles pour pr\u00e9venir l'usure et assurer le bon fonctionnement de la machine.<\/li>\n<li><strong>V\u00e9rification du syst\u00e8me hydraulique\u00a0:<\/strong> Inspectez r\u00e9guli\u00e8rement le syst\u00e8me hydraulique pour vous assurer qu'il n'y a pas de fuites et que le syst\u00e8me fonctionne correctement.<\/li>\n<li><strong>Inspection des pneus\u00a0:<\/strong> V\u00e9rifiez r\u00e9guli\u00e8rement l'\u00e9tat des pneus, en vous assurant qu'ils sont gonfl\u00e9s \u00e0 la pression ad\u00e9quate et qu'ils ne sont pas endommag\u00e9s.<\/li>\n<li><strong>Entretien du moteur :<\/strong> Effectuez des contr\u00f4les r\u00e9guliers sur le moteur, notamment les vidanges d'huile et le remplacement des filtres, afin de garantir un fonctionnement fiable.<\/li>\n<\/ul>\n<h2>Avis clients<\/h2>\n<p>\u00ab La 9JYY-2.5 a consid\u00e9rablement am\u00e9lior\u00e9 notre processus de manutention des balles. Nous pouvons les ramasser et les transporter beaucoup plus rapidement qu'auparavant, ce qui nous permet de r\u00e9duire consid\u00e9rablement la main-d'\u0153uvre. C'est un excellent investissement pour toute exploitation agricole produisant du foin en grande quantit\u00e9. \u00bb<br \/>\n– <strong>John Smith, \u00c9tats-Unis<\/strong><\/p>\n<p>\u00ab J'utilise la 9JYY-2.5 depuis quelques mois et je suis impressionn\u00e9 par ses performances. Elle manipule nos grosses balles sans probl\u00e8me et est tr\u00e8s robuste. Nous travaillons sur des terrains accident\u00e9s et cette machine n'a aucun souci \u00e0 se faire. \u00bb<br \/>\n– <strong>Maria Lopez, Mexique<\/strong><\/p>\n<p>\u00ab C'est le meilleur \u00e9quipement de manutention de balles que j'aie utilis\u00e9. Il est efficace et facile \u00e0 utiliser. Il nous a permis de gagner beaucoup de temps lors du transport des balles du champ \u00e0 l'entrep\u00f4t. \u00bb<br \/>\n– <strong>David Brown, Royaume-Uni<\/strong><\/p>\n<p>\u00ab Nous utilisons le 9JYY-2.5 dans notre ferme laiti\u00e8re et cela a compl\u00e8tement transform\u00e9 notre fa\u00e7on de travailler. Il est facile \u00e0 utiliser et nous permet de d\u00e9placer rapidement les balles de foin vers l'aire d'alimentation. Je le recommande vivement. \u00bb<br \/>\n– <strong>Susan Green, Canada<\/strong><\/p>\n<p>\u00ab En tant qu'entrepreneur, je travaille sur plusieurs grandes exploitations agricoles, et la 9JYY-2.5 est ma machine de pr\u00e9dilection. Elle est polyvalente et peut g\u00e9rer la charge de travail de plusieurs exploitations. Extr\u00eamement fiable et efficace. \u00bb<br \/>\n– <strong>Kenji Tanaka, Japon<\/strong><\/p>\n<h2>Pourquoi choisir nos produits ?<\/h2>\n<p>Nous proposons des services de personnalisation rapides et un excellent service client. Une garantie de trois ans assure la tranquillit\u00e9 d'esprit de tous nos clients. Gr\u00e2ce \u00e0 notre r\u00e9seau d'exp\u00e9dition international, nous garantissons une livraison rapide, quelle que soit la destination de votre commande. Nous assurons un service apr\u00e8s-vente de premier ordre, garantissant un accompagnement \u00e0 long terme apr\u00e8s votre achat. Optez pour nos produits\u00a0: qualit\u00e9 sup\u00e9rieure, grande fiabilit\u00e9 et service client irr\u00e9prochable.<\/p>\n<h2>Promotion des produits<\/h2>\n<p>D\u00e9couvrez d\u00e8s aujourd'hui la machine de ramassage et de transport de balles rondes 9JYY-2.5 et constatez par vous-m\u00eame son impact positif sur votre exploitation. Notre entreprise est sp\u00e9cialis\u00e9e dans la fabrication d'\u00e9quipements agricoles robustes et de haute qualit\u00e9. Outre la 9JYY-2.5, nous proposons \u00e9galement une gamme de produits et d'accessoires pour optimiser l'efficacit\u00e9 de votre ferme. Contactez-nous pour obtenir un devis et des solutions personnalis\u00e9es. Nous nous engageons \u00e0 trouver la solution de manutention de balles la plus adapt\u00e9e \u00e0 vos besoins\u00a0!<\/p>\n<h2>FAQ<\/h2>\n<p><strong>Quelle est la capacit\u00e9 de la ramasseuse de balles rondes 9JYY-2.5 ?<\/strong><\/p>\n<p>La 9JYY-2.5 peut traiter de grands volumes de balles rondes, avec une capacit\u00e9 de chargement impressionnante adapt\u00e9e aux op\u00e9rations agricoles \u00e0 grande \u00e9chelle.<\/p>\n<p><strong>Comment le 9JYY-2.5 se comporte-t-il sur terrain accident\u00e9\u00a0?<\/strong><\/p>\n<p>Le 9JYY-2.5 est con\u00e7u pour s'adapter \u00e0 diff\u00e9rents types de terrains, y compris les champs accident\u00e9s et in\u00e9gaux, ce qui en fait un choix polyvalent pour les exploitations agricoles aux paysages difficiles.<\/p>\n<p><strong>Quel type de maintenance n\u00e9cessite le 9JYY-2.5\u00a0?<\/strong><\/p>\n<p>L'entretien courant comprend le nettoyage r\u00e9gulier, la lubrification des pi\u00e8ces mobiles et la v\u00e9rification du syst\u00e8me hydraulique et des pneus afin d'assurer un bon fonctionnement.<\/p>\n<p><strong>Le 9JYY-2.5 est-il facile \u00e0 utiliser\u00a0?<\/strong><\/p>\n<p>Oui, le 9JYY-2.5 est \u00e9quip\u00e9 de commandes conviviales qui le rendent facile \u00e0 utiliser, m\u00eame pour les personnes ayant une exp\u00e9rience minimale.<\/p>\n<p><strong>La machine de ramassage et de transport de balles rondes 9JYY-2.5 peut-elle \u00eatre personnalis\u00e9e pour r\u00e9pondre \u00e0 des besoins sp\u00e9cifiques\u00a0?<\/strong><\/p>\n<p>Oui, nous proposons des services de personnalisation pour adapter le 9JYY-2.5 aux besoins sp\u00e9cifiques de votre exploitation en mati\u00e8re de manutention et de transport des balles.<\/p>\n<p><strong>Dans quel d\u00e9lai la machine de ramassage et de transport de balles rondes 9JYY-2.5 peut-elle \u00eatre livr\u00e9e\u00a0?<\/strong><\/p>\n<p>Nous proposons une livraison rapide, les d\u00e9lais d\u00e9pendant de votre localisation. Des options de livraison internationale sont disponibles pour garantir une livraison dans les meilleurs d\u00e9lais.<\/p>\n<p><strong>La machine de ramassage et de transport de balles rondes 9JYY-2.5 est-elle adapt\u00e9e aux petites exploitations agricoles ?<\/strong><\/p>\n<p>Bien que la machine de ramassage et de transport de balles rondes 9JYY-2.5 soit id\u00e9ale pour les grandes exploitations, elle peut \u00e9galement \u00eatre utilis\u00e9e dans les petites exploitations produisant des volumes de balles appropri\u00e9s. Sa polyvalence lui permet de s'adapter \u00e0 des op\u00e9rations de diff\u00e9rentes tailles.<\/p>\n<p><strong>La machine de ramassage et de transport de balles rondes 9JYY-2.5 est-elle garantie\u00a0?<\/strong><\/p>\n<p>Oui, la machine de ramassage et de transport de balles rondes 9JYY-2.5 est assortie d'une garantie de 3 ans, offrant une tranquillit\u00e9 d'esprit \u00e0 tous les clients.<\/p>\n<p><strong>Quel est le prix de la machine de ramassage et de transport de balles rondes 9JYY-2.5\u00a0?<\/strong><\/p>\n<p>Les prix varient en fonction des options de personnalisation et des frais de livraison. Contactez-nous pour obtenir un devis adapt\u00e9 \u00e0 vos besoins sp\u00e9cifiques.<\/p>\n<p><strong>L'assistance client\u00e8le est-elle disponible apr\u00e8s l'achat\u00a0?<\/strong><\/p>\n<p>Oui, nous offrons un service apr\u00e8s-vente complet, incluant le d\u00e9pannage et l'assistance \u00e0 la maintenance, afin de garantir votre satisfaction vis-\u00e0-vis du produit.<\/p>\n<p><strong>Quels accessoires sont disponibles pour la machine de ramassage et de transport de balles rondes 9JYY-2.5 ?<\/strong><\/p>\n<p>Nous proposons une gamme d'accessoires et de pi\u00e8ces d\u00e9tach\u00e9es pour am\u00e9liorer la fonctionnalit\u00e9 et la durabilit\u00e9 de la machine de ramassage et de transport de balles rondes 9JYY-2.5.<\/p>\n<p><strong>Comment la machine de ramassage et de transport de balles rondes 9JYY-2.5 se compare-t-elle aux autres machines de transport de balles ?<\/strong><\/p>\n<p>Le 9JYY-2.5 <a href=\"https:\/\/farm-baler.com\/fr\/produit\/rateau-a-roue-a-doigts-9lzy-9-0\/\">Balle ronde<\/a> La machine de ramassage et de transport se distingue par sa polyvalence, sa facilit\u00e9 d'utilisation et sa conception robuste, ce qui en fait un choix de premier ordre pour une manutention efficace des balles.<\/p>\n<p><strong>La machine de ramassage et de transport de balles rondes 9JYY-2.5 peut-elle \u00eatre utilis\u00e9e dans des conditions humides\u00a0?<\/strong><\/p>\n<p>Oui, la machine de ramassage et de transport de balles rondes 9JYY-2.5 est con\u00e7ue pour g\u00e9rer diverses conditions m\u00e9t\u00e9orologiques, y compris les champs humides, sans compromettre ses performances.<\/p>\n<p><strong>La machine de ramassage et de transport de balles rondes 9JYY-2.5 est-elle respectueuse de l'environnement\u00a0?<\/strong><\/p>\n<p>La machine de ramassage et de transport de balles rondes 9JYY-2.5 est con\u00e7ue dans un souci d'efficacit\u00e9, r\u00e9duisant le besoin de main-d'\u0153uvre excessive et minimisant l'impact environnemental gr\u00e2ce \u00e0 une manutention des balles plus rapide et plus propre.<\/p>\n<p>\u00c9dit\u00e9 par gzl<\/p>\n<p>&nbsp;<\/p>","protected":false},"excerpt":{"rendered":"<p>D\u00e9couvrez la ramasseuse-transporteuse de balles rondes 9JYY-2.5\u00a0: la solution id\u00e9ale pour une manutention efficace des balles de foin. Con\u00e7ue pour faciliter la ramassage, le transport et l'empilage, cette machine am\u00e9liore consid\u00e9rablement la productivit\u00e9 des exploitations agricoles de toutes tailles. Robuste, fiable et facile \u00e0 utiliser, elle vous permettra d'optimiser l'efficacit\u00e9 de votre ferme d\u00e8s aujourd'hui\u00a0!<\/p>\n<p>\u00e9dit\u00e9 par gzl<\/p>","protected":false},"featured_media":503,"template":"","meta":{"_et_pb_use_builder":"","_et_pb_old_content":"","_et_gb_content_width":""},"product_brand":[],"product_cat":[15],"product_tag":[],"class_list":{"0":"post-502","1":"product","2":"type-product","3":"status-publish","4":"has-post-thumbnail","6":"product_cat-uncategorized","8":"first","9":"instock","10":"shipping-taxable","11":"product-type-simple"},"_links":{"self":[{"href":"https:\/\/farm-baler.com\/fr\/wp-json\/wp\/v2\/product\/502","targetHints":{"allow":["GET"]}}],"collection":[{"href":"https:\/\/farm-baler.com\/fr\/wp-json\/wp\/v2\/product"}],"about":[{"href":"https:\/\/farm-baler.com\/fr\/wp-json\/wp\/v2\/types\/product"}],"wp:featuredmedia":[{"embeddable":true,"href":"https:\/\/farm-baler.com\/fr\/wp-json\/wp\/v2\/media\/503"}],"wp:attachment":[{"href":"https:\/\/farm-baler.com\/fr\/wp-json\/wp\/v2\/media?parent=502"}],"wp:term":[{"taxonomy":"product_brand","embeddable":true,"href":"https:\/\/farm-baler.com\/fr\/wp-json\/wp\/v2\/product_brand?post=502"},{"taxonomy":"product_cat","embeddable":true,"href":"https:\/\/farm-baler.com\/fr\/wp-json\/wp\/v2\/product_cat?post=502"},{"taxonomy":"product_tag","embeddable":true,"href":"https:\/\/farm-baler.com\/fr\/wp-json\/wp\/v2\/product_tag?post=502"}],"curies":[{"name":"wp","href":"https:\/\/api.w.org\/{rel}","templated":true}]}}