{"id":496,"date":"2025-12-17T08:20:54","date_gmt":"2025-12-17T08:20:54","guid":{"rendered":"https:\/\/farm-baler.com\/?post_type=product&#038;p=496"},"modified":"2025-12-18T01:19:06","modified_gmt":"2025-12-18T01:19:06","slug":"broyeur-a-fourrage-9f-70","status":"publish","type":"product","link":"https:\/\/farm-baler.com\/fr\/produit\/broyeur-a-fourrage-9f-70\/","title":{"rendered":"Broyeur \u00e0 fourrage 9F-70"},"content":{"rendered":"<p>Le broyeur \u00e0 fourrage 9F-70 est une machine agricole performante con\u00e7ue pour traiter efficacement diff\u00e9rents types de fourrage, notamment l'ensilage, le foin et les r\u00e9sidus de r\u00e9colte. Ce broyeur est reconnu pour ses performances exceptionnelles dans la pr\u00e9paration des aliments pour le b\u00e9tail. Il constitue un choix id\u00e9al pour les petites et moyennes exploitations agricoles, am\u00e9liorant consid\u00e9rablement l'efficacit\u00e9 de la production d'aliments et la qualit\u00e9 nutritionnelle du b\u00e9tail.<\/p>\n<h2>Sp\u00e9cifications techniques<\/h2>\n<table style=\"border-color: #000000;\">\n<thead>\n<tr>\n<th>Num\u00e9ro de s\u00e9rie<\/th>\n<th>Article<\/th>\n<th>Unit\u00e9<\/th>\n<th>Sp\u00e9cification<\/th>\n<\/tr>\n<\/thead>\n<tbody>\n<tr>\n<td>1<\/td>\n<td>Nom du mod\u00e8le<\/td>\n<td>\/<\/td>\n<td>Broyeur \u00e0 fourrage de type 9F-70<\/td>\n<\/tr>\n<tr>\n<td>2<\/td>\n<td>Type de structure<\/td>\n<td>\/<\/td>\n<td>Op\u00e9ration fixe<\/td>\n<\/tr>\n<tr>\n<td>3<\/td>\n<td>Mode de conduite<\/td>\n<td>\/<\/td>\n<td>Puissance fixe<\/td>\n<\/tr>\n<tr>\n<td>4<\/td>\n<td>Type d'alimentation<\/td>\n<td>\/<\/td>\n<td>Moteur diesel<\/td>\n<\/tr>\n<tr>\n<td>5<\/td>\n<td>Puissance nominale (BHP)<\/td>\n<td>kW<\/td>\n<td>191<\/td>\n<\/tr>\n<tr>\n<td>6<\/td>\n<td>M\u00e9thode de fabrication de logements<\/td>\n<td>\/<\/td>\n<td>Type soud\u00e9<\/td>\n<\/tr>\n<tr>\n<td>7<\/td>\n<td>Structure du rotor<\/td>\n<td>\/<\/td>\n<td>Type de marteau<\/td>\n<\/tr>\n<tr>\n<td>8<\/td>\n<td>Nombre de marteaux<\/td>\n<td>morceau<\/td>\n<td>64<\/td>\n<\/tr>\n<tr>\n<td>9<\/td>\n<td>Diam\u00e8tre du disque du rotor<\/td>\n<td>mm<\/td>\n<td>450<\/td>\n<\/tr>\n<tr>\n<td>10<\/td>\n<td>Diam\u00e8tre de fonctionnement du rotor<\/td>\n<td>mm<\/td>\n<td>700<\/td>\n<\/tr>\n<tr>\n<td>11<\/td>\n<td>Nombre de marteaux<\/td>\n<td>morceau<\/td>\n<td>64<\/td>\n<\/tr>\n<tr>\n<td>12<\/td>\n<td>Largeur de la chambre de broyage<\/td>\n<td>mm<\/td>\n<td>1100<\/td>\n<\/tr>\n<tr>\n<td>13<\/td>\n<td>Dimensions hors tout (L\u00d7l\u00d7H)<\/td>\n<td>mm<\/td>\n<td>7700\u00d72600\u00d72900<\/td>\n<\/tr>\n<tr>\n<td>14<\/td>\n<td>Puissance de sortie Vitesse de l'arbre<\/td>\n<td>r\/min<\/td>\n<td>1800<\/td>\n<\/tr>\n<tr>\n<td>15<\/td>\n<td>Empattement<\/td>\n<td>mm<\/td>\n<td>2200<\/td>\n<\/tr>\n<tr>\n<td>16<\/td>\n<td>Productivit\u00e9<\/td>\n<td>tonne\/h<\/td>\n<td>5-20<\/td>\n<\/tr>\n<tr>\n<td>17<\/td>\n<td>Poids structurel<\/td>\n<td>kg<\/td>\n<td>5500<\/td>\n<\/tr>\n<tr>\n<td>18<\/td>\n<td>M\u00e9thode d'alimentation<\/td>\n<td>\/<\/td>\n<td>Syst\u00e8me d'alimentation cylindrique<\/td>\n<\/tr>\n<\/tbody>\n<\/table>\n<h2>D\u00e9finition du produit<\/h2>\n<p>Le broyeur \u00e0 fourrage 9F-70 est un \u00e9quipement de pointe principalement utilis\u00e9 pour le broyage du foin, de l'ensilage et autres r\u00e9coltes. Il garantit des granul\u00e9s d'aliments uniformes, am\u00e9liorant ainsi la digestibilit\u00e9 du b\u00e9tail et contribuant \u00e0 son bien-\u00eatre et \u00e0 sa productivit\u00e9. Ce broyeur est con\u00e7u pour traiter de grandes quantit\u00e9s de fourrage, assurant un processus de traitement stable et efficace avec un minimum d'entretien.<\/p>\n<h2>Quels probl\u00e8mes r\u00e9sout le broyeur \u00e0 fourrage 9F-70\u00a0? \u00c0 quoi sert-il\u00a0?<\/h2>\n<p>Le broyeur d'ensilage 9F-70 r\u00e9pond \u00e0 plusieurs d\u00e9fis majeurs rencontr\u00e9s par les agriculteurs et les \u00e9leveurs. Il garantit un broyage homog\u00e8ne des ingr\u00e9dients, essentiel \u00e0 l'am\u00e9lioration de la qualit\u00e9 des aliments pour animaux. Ce broyeur peut traiter diverses r\u00e9coltes, notamment l'ensilage et le foin, ce qui en fait un outil polyvalent pour une production d'aliments efficace. Il contribue \u00e9galement \u00e0 r\u00e9duire le gaspillage d'aliments, \u00e0 gagner du temps et \u00e0 am\u00e9liorer la rentabilit\u00e9 globale des op\u00e9rations agricoles.<\/p>\n<p>Les utilisations du broyeur \u00e0 fourrage 9F-70 comprennent\u00a0:<\/p>\n<ul>\n<li>Transformation de l'ensilage pour l'alimentation animale.<\/li>\n<li>Broyer le foin en fines particules pour une meilleure digestion.<\/li>\n<li>Transformation de cultures comme le ma\u00efs et le bl\u00e9 pour l'alimentation animale.<\/li>\n<li>Am\u00e9liorer la qualit\u00e9 de l'alimentation des bovins laitiers et de boucherie.<\/li>\n<li>Am\u00e9liorer la digestibilit\u00e9 des aliments pour la volaille et les porcs.<\/li>\n<\/ul>\n<h2>Avantages du produit<\/h2>\n<p>L'ensileuse 9F-70 offre de nombreux avantages aux agriculteurs et aux \u00e9leveurs. Parmi ses principaux atouts\u00a0:<\/p>\n<ul>\n<li><strong>Haute efficacit\u00e9 :<\/strong> Ce broyeur est con\u00e7u pour traiter de grands volumes de fourrage, permettant un traitement plus rapide et une productivit\u00e9 accrue. Il est id\u00e9al pour les petites et moyennes exploitations agricoles, assurant une production d'aliments pour animaux rapide et efficace.<\/li>\n<li><strong>Versatilit\u00e9:<\/strong> Cette machine est capable de traiter diff\u00e9rents types de fourrage, comme l'ensilage, le foin et les r\u00e9coltes telles que le ma\u00efs et le bl\u00e9. Sa polyvalence en fait un outil pr\u00e9cieux pour diverses exploitations agricoles.<\/li>\n<li><strong>Am\u00e9lioration de la qualit\u00e9 des aliments pour animaux\u00a0:<\/strong> L'homog\u00e9n\u00e9it\u00e9 de la mouture am\u00e9liore la digestibilit\u00e9 des aliments, ce qui favorise la sant\u00e9 et la croissance du b\u00e9tail. Il en r\u00e9sulte une meilleure nutrition, des animaux plus robustes et des rendements laitiers et carn\u00e9s sup\u00e9rieurs.<\/li>\n<li><strong>Rapport co\u00fbt-efficacit\u00e9 :<\/strong> En r\u00e9duisant le gaspillage d'aliments et en am\u00e9liorant l'efficacit\u00e9 de leur alimentation, le broyeur d'ensilage 9F-70 permet aux exploitations agricoles de r\u00e9aliser des \u00e9conomies sur leurs co\u00fbts d'alimentation. Il minimise \u00e9galement le besoin de main-d'\u0153uvre suppl\u00e9mentaire, ce qui en fait une option \u00e9conomiquement viable pour de nombreuses exploitations.<\/li>\n<li><strong>Durabilit\u00e9 et fiabilit\u00e9 :<\/strong> Fabriqu\u00e9 avec des mat\u00e9riaux robustes et une technologie de pointe, ce broyeur \u00e0 fourrage est con\u00e7u pour r\u00e9sister aux conditions agricoles les plus difficiles. Il offre une performance durable et n\u00e9cessite un entretien minimal, garantissant ainsi un retour sur investissement constant.<\/li>\n<\/ul>\n<h2>Comment fonctionne le broyeur \u00e0 fourrage 9F-70 ?<\/h2>\n<p>Le broyeur \u00e0 fourrage 9F-70 fonctionne gr\u00e2ce \u00e0 un moteur puissant qui actionne le m\u00e9canisme de broyage. Le fourrage est introduit dans la chambre du broyeur, o\u00f9 il est trait\u00e9 par une s\u00e9rie de lames \u00e0 grande vitesse. Ces lames d\u00e9coupent le fourrage en fines particules uniformes, qui sont ensuite expuls\u00e9es du broyeur. La finesse de la mouture est r\u00e9glable en fonction des besoins sp\u00e9cifiques du b\u00e9tail, garantissant ainsi une qualit\u00e9 d'alimentation optimale. Con\u00e7ue pour traiter efficacement de grands volumes de fourrage, cette machine est id\u00e9ale pour les exploitations agricoles ayant d'importants besoins en production fourrag\u00e8re.<\/p>\n<h2>Principaux sc\u00e9narios d'application du broyeur \u00e0 fourrage 9F-70<\/h2>\n<p>Le broyeur d'ensilage 9F-70 convient \u00e0 diverses applications agricoles. Voici quelques-unes de ses principales utilisations\u00a0:<\/p>\n<ul>\n<li><strong>Fermes laiti\u00e8res :<\/strong> Pour la transformation de l'ensilage et du foin destin\u00e9s \u00e0 l'alimentation des vaches laiti\u00e8res, am\u00e9liorant ainsi la production laiti\u00e8re et la sant\u00e9 globale des vaches.<\/li>\n<li><strong>Exploitations d'\u00e9levage de bovins :<\/strong> Broyage de l'ensilage et des mati\u00e8res v\u00e9g\u00e9tales pour l'alimentation des bovins afin d'am\u00e9liorer leur croissance et leur efficacit\u00e9 alimentaire.<\/li>\n<li><strong>Exploitations avicoles :<\/strong> Transformation de diff\u00e9rents types de c\u00e9r\u00e9ales et de foin pour la volaille, garantissant une meilleure nutrition et une production d'\u0153ufs am\u00e9lior\u00e9e.<\/li>\n<li><strong>Exploitations porcines :<\/strong> Pr\u00e9paration d'une vari\u00e9t\u00e9 de fourrages et de cultures pour les porcs, optimisation des taux de conversion alimentaire et des taux de croissance.<\/li>\n<li><strong>Petites exploitations agricoles :<\/strong> Sa conception compacte et son efficacit\u00e9 en font un excellent choix pour les petits exploitants agricoles qui ont besoin d'un broyeur fiable et abordable.<\/li>\n<li><strong>Usines de production d'aliments pour animaux\u00a0:<\/strong> Les exploitations \u00e0 grande \u00e9chelle peuvent utiliser le broyeur de fourrage 9F-70 pour traiter de grands volumes de mati\u00e8res premi\u00e8res destin\u00e9es \u00e0 la fabrication d'aliments pour animaux.<\/li>\n<\/ul>\n<h2>Comment choisir le broyeur \u00e0 fourrage 9F-70 adapt\u00e9 ?<\/h2>\n<p>Le choix du broyeur d'ensilage 9F-70 adapt\u00e9 d\u00e9pend de plusieurs facteurs. Voici quelques points \u00e0 prendre en compte\u00a0:<\/p>\n<ul>\n<li><strong>Type de flux :<\/strong> Assurez-vous que le broyeur puisse traiter les types de fourrage dont vous avez besoin, comme l'ensilage, le foin ou les c\u00e9r\u00e9ales. Choisissez un broyeur avec des r\u00e9glages ajustables pour diff\u00e9rents types d'aliments.<\/li>\n<li><strong>Taille de l'exploitation :<\/strong> Tenez compte de la taille de votre exploitation et du volume d'aliments \u00e0 traiter. Le broyeur d'ensilage 9F-70 convient aux petites et moyennes exploitations, mais les plus grandes peuvent n\u00e9cessiter un mod\u00e8le plus robuste.<\/li>\n<li><strong>Besoins en \u00e9nergie :<\/strong> V\u00e9rifiez les caract\u00e9ristiques \u00e9lectriques du broyeur pour vous assurer de sa compatibilit\u00e9 avec le r\u00e9seau \u00e9lectrique de votre exploitation. Le mod\u00e8le 9F-70 est con\u00e7u pour une consommation d'\u00e9nergie optimis\u00e9e.<\/li>\n<li><strong>Durabilit\u00e9:<\/strong> Choisissez un mod\u00e8le robuste pour garantir sa r\u00e9sistance aux rigueurs d'une utilisation quotidienne \u00e0 la ferme. Le 9F-70 est r\u00e9put\u00e9 pour sa durabilit\u00e9.<\/li>\n<li><strong>Besoins en mati\u00e8re d'entretien :<\/strong> Choisissez un broyeur facile \u00e0 entretenir et \u00e0 r\u00e9parer. Le broyeur \u00e0 fourrage 9F-70 est con\u00e7u pour n\u00e9cessiter peu d'entretien.<\/li>\n<li><strong>Prix:<\/strong> Le prix du broyeur d'ensilage 9F-70 est un facteur important \u00e0 prendre en compte. Il offre un excellent rapport qualit\u00e9-prix, alliant performance et accessibilit\u00e9.<\/li>\n<\/ul>\n<h2>M\u00e9thodes d'entretien du broyeur \u00e0 fourrage 9F-70<\/h2>\n<p>Un entretien r\u00e9gulier est essentiel pour maintenir votre broyeur d'ensilage 9F-70 en bon \u00e9tat de fonctionnement. Voici quelques conseils d'entretien importants\u00a0:<\/p>\n<ul>\n<li><strong>Nettoyage r\u00e9gulier :<\/strong> Nettoyez le broyeur apr\u00e8s chaque utilisation afin d'\u00e9viter l'accumulation de r\u00e9sidus et de r\u00e9duire l'usure des lames.<\/li>\n<li><strong>Entretien des lames\u00a0:<\/strong> Inspectez r\u00e9guli\u00e8rement les lames de broyage pour d\u00e9tecter toute usure et remplacez-les si n\u00e9cessaire afin de garantir un fonctionnement efficace.<\/li>\n<li><strong>Lubrification:<\/strong> Lubrifiez les pi\u00e8ces mobiles pour r\u00e9duire la friction et pr\u00e9venir les pannes m\u00e9caniques.<\/li>\n<li><strong>V\u00e9rifier la pr\u00e9sence de pi\u00e8ces d\u00e9tach\u00e9es\u00a0:<\/strong> V\u00e9rifiez p\u00e9riodiquement la machine afin de rep\u00e9rer les boulons ou pi\u00e8ces desserr\u00e9s et resserrez-les si n\u00e9cessaire pour garantir la s\u00e9curit\u00e9 et le bon fonctionnement.<\/li>\n<li><strong>V\u00e9rification \u00e9lectrique :<\/strong> Assurez-vous du bon fonctionnement des composants \u00e9lectriques afin d'\u00e9viter tout probl\u00e8me li\u00e9 \u00e0 l'alimentation \u00e9lectrique.<\/li>\n<\/ul>\n<h2>Avis clients<\/h2>\n<p>Voici quelques t\u00e9moignages de clients de diff\u00e9rents pays illustrant l'exp\u00e9rience des utilisateurs du broyeur \u00e0 fourrage 9F-70\u00a0:<\/p>\n<p>\u00ab Nous utilisons le broyeur d'ensilage 9F-70 sur notre exploitation laiti\u00e8re depuis plusieurs mois et les r\u00e9sultats sont impressionnants. Le broyeur a consid\u00e9rablement am\u00e9lior\u00e9 la consistance de notre ensilage et nos vaches sont en meilleure sant\u00e9, produisant davantage de lait. Il est facile \u00e0 utiliser et \u00e0 entretenir, et nous sommes tr\u00e8s satisfaits de ses performances. \u00bb<br \/>\n<strong>\u2013 John Doe, \u00c9tats-Unis<\/strong><\/p>\n<p>\u00ab En tant que petit agriculteur, j'avais besoin d'un broyeur \u00e0 fourrage abordable et performant pour mon foin et mon ma\u00efs. Le broyeur 9F-70 r\u00e9pond parfaitement \u00e0 mes besoins. Il broie le foin facilement et le fourrage obtenu est de bien meilleure qualit\u00e9 que celui que nous utilisions auparavant. Je le recommande vivement \u00e0 toutes les petites exploitations. \u00bb<br \/>\n<strong>\u2013 Maria Lopez, Espagne<\/strong><\/p>\n<p>\u00ab Nous avons utilis\u00e9 plusieurs ensileuses par le pass\u00e9, mais la 9F-70 se distingue par sa robustesse et sa puissance. Elle traite de grandes quantit\u00e9s d'ensilage sans effort, ce qui nous permet de gagner du temps et de l'\u00e9nergie. Sa qualit\u00e9 de fabrication est excellente et son entretien est facile. \u00bb<br \/>\n<strong>\u2013 Raj Patel, Inde<\/strong><\/p>\n<p>\u00ab Dans notre \u00e9levage de volailles, nous utilisons beaucoup de c\u00e9r\u00e9ales finement moulues, et cette machine est parfaite. Elle est fiable et rapide. Le broyeur est robuste et offre des r\u00e9sultats constants. Un excellent investissement pour tout \u00e9levage de volailles. \u00bb<br \/>\n<strong>\u2013 Sarah Nguyen, Vietnam<\/strong><\/p>\n<p>\u00ab Nous utilisons l'ensileuse 9F-70 depuis quelques mois sur notre exploitation bovine, et c'est une v\u00e9ritable r\u00e9volution. Elle traite l'ensilage rapidement et uniform\u00e9ment, et nos bovins se portent \u00e0 merveille. C'est un \u00e9quipement robuste que je recommande vivement aux autres \u00e9leveurs de bovins. \u00bb<br \/>\n<strong>\u2013 David Kim, Australie<\/strong><\/p>\n<h2>Pourquoi choisir nos produits ?<\/h2>\n<p>Notre broyeur \u00e0 fourrage 9F-70 est non seulement con\u00e7u pour durer, mais il offre \u00e9galement plusieurs avantages qui en font le choix id\u00e9al pour votre exploitation\u00a0:<\/p>\n<ul>\n<li>Nous proposons des services de personnalisation rapides pour r\u00e9pondre \u00e0 vos besoins sp\u00e9cifiques.<\/li>\n<li>Notre service client est sans \u00e9gal, vous assurant une assistance rapide chaque fois que vous en avez besoin.<\/li>\n<li>Le broyeur \u00e0 fourrage 9F-70 est assorti d'une garantie de 3 ans, assurant ainsi la tranquillit\u00e9 d'esprit de nos clients.<\/li>\n<li>Nous proposons une livraison internationale rapide, vous assurant de recevoir votre produit \u00e0 temps, o\u00f9 que vous soyez.<\/li>\n<li>Notre service apr\u00e8s-vente est complet, avec une assistance disponible longtemps apr\u00e8s votre achat.<\/li>\n<\/ul>\n<p>Nous sommes fiers de notre solide expertise en production et de la qualit\u00e9 sup\u00e9rieure de nos produits. Nos prix tr\u00e8s comp\u00e9titifs et notre excellent service garantissent \u00e0 nos clients un retour sur investissement optimal. Outre le broyeur d'ensilage 9F-70, nous proposons \u00e9galement une vaste gamme d'accessoires et d'\u00e9quipements connexes pour r\u00e9pondre \u00e0 vos besoins en production agricole. Contactez-nous d\u00e8s aujourd'hui pour en savoir plus sur nos produits et optimiser votre exploitation.<\/p>\n<h2>FAQ<\/h2>\n<ol>\n<li><strong>Qu'est-ce que le <a href=\"https:\/\/farm-baler.com\/fr\/produit\/tondeuse-a-lame-unique-de-traction-9gd-2-5-amelioree\/\">meilleur broyeur \u00e0 fourrage pour les petites exploitations agricoles<\/a>?<\/strong><br \/>\nLe choix du meilleur broyeur d'ensilage pour les petites exploitations d\u00e9pend de plusieurs facteurs, notamment le type d'aliments trait\u00e9s, la superficie de l'exploitation et le budget. Le broyeur d'ensilage 9F-70 est un excellent choix pour les petites exploitations gr\u00e2ce \u00e0 sa taille compacte et son efficacit\u00e9.<\/li>\n<li><strong>Comment un broyeur \u00e0 fourrage am\u00e9liore-t-il la qualit\u00e9 de l'alimentation du b\u00e9tail\u00a0?<\/strong><br \/>\nEn assurant une mouture uniforme, un broyeur \u00e0 fourrage am\u00e9liore la digestibilit\u00e9 des aliments. Il en r\u00e9sulte une meilleure nutrition pour le b\u00e9tail, ce qui am\u00e9liore sa sant\u00e9 globale et sa productivit\u00e9.<\/li>\n<li><strong>Quels sont les avantages de l'utilisation d'un broyeur \u00e0 ensilage ?<\/strong><br \/>\nUn broyeur \u00e0 ensilage assure un traitement efficace de l'ensilage, am\u00e9liorant la qualit\u00e9 du fourrage, r\u00e9duisant le gaspillage et optimisant sa digestibilit\u00e9. Il est essentiel pour maximiser la sant\u00e9 du b\u00e9tail et l'efficacit\u00e9 alimentaire.<\/li>\n<li><strong>Le 9F-70 peut-il traiter le foin ?<\/strong><br \/>\nOui, le 9F-70 est con\u00e7u pour traiter le foin, produisant des particules fines et uniformes qui am\u00e9liorent la digestibilit\u00e9 pour le b\u00e9tail.<\/li>\n<li><strong>Quelles sont les options d'alimentation disponibles pour le 9F-70\u00a0?<\/strong><br \/>\nLe mod\u00e8le 9F-70 est disponible en diff\u00e9rentes configurations de puissance pour r\u00e9pondre aux besoins vari\u00e9s des exploitations agricoles. Con\u00e7u pour une consommation d'\u00e9lectricit\u00e9 efficace, il est \u00e9conomique.<\/li>\n<li><strong>Le moteur 9F-70 est-il facile \u00e0 entretenir\u00a0?<\/strong><br \/>\nOui, le broyeur \u00e0 fourrage 9F-70 est con\u00e7u pour un entretien facile. Un nettoyage, une lubrification et une inspection des lames r\u00e9guliers lui assureront un fonctionnement optimal pendant des ann\u00e9es.<\/li>\n<li><strong>Comment choisir ? <a href=\"http:\/\/silage-balers.com\" target=\"_blank\" rel=\"noopener\">un broyeur \u00e0 fourrage pour le traitement de l'ensilage<\/a>?<\/strong><br \/>\nLors du choix d'un broyeur \u00e0 fourrage pour l'ensilage, tenez compte de facteurs tels que la puissance, la capacit\u00e9 d'alimentation et la r\u00e9gularit\u00e9 de la mouture. Le broyeur \u00e0 fourrage 9F-70 constitue une solution fiable pour le broyage de l'ensilage.<\/li>\n<li><strong>Quels mat\u00e9riaux le 9F-70 peut-il traiter\u00a0?<\/strong><br \/>\nLa 9F-70 peut traiter l'ensilage, le foin, le ma\u00efs, le bl\u00e9 et d'autres mati\u00e8res agricoles. C'est une machine polyvalente adapt\u00e9e \u00e0 divers besoins de transformation du fourrage.<\/li>\n<li><strong>Quelles sont les conditions de garantie du 9F-70 ?<\/strong><br \/>\nLe broyeur \u00e0 fourrage 9F-70 est assorti d'une garantie de 3 ans, assurant une fiabilit\u00e9 et un soutien \u00e0 long terme pour nos clients.<\/li>\n<li><strong>Le mod\u00e8le 9F-70 est-il adapt\u00e9 aux grandes exploitations agricoles ?<\/strong><br \/>\nBien que le 9F-70 soit id\u00e9al pour les petites et moyennes exploitations agricoles, les exploitations plus importantes peuvent n\u00e9cessiter un mod\u00e8le plus robuste en fonction de leurs besoins sp\u00e9cifiques de traitement.<\/li>\n<li><strong>Combien de temps faut-il pour traiter le fourrage avec le 9F-70 ?<\/strong><br \/>\nLe temps de traitement du fourrage d\u00e9pend du type et du volume de mati\u00e8re. Cependant, le 9F-70 est con\u00e7u pour une efficacit\u00e9 \u00e9lev\u00e9e, garantissant des temps de traitement rapides.<\/li>\n<li><strong>Le 9F-70 peut-il \u00eatre utilis\u00e9 pour moudre des grains ?<\/strong><br \/>\nOui, le 9F-70 est capable de traiter des c\u00e9r\u00e9ales comme le ma\u00efs et le bl\u00e9, ce qui le rend polyvalent pour diff\u00e9rents types d'aliments pour le b\u00e9tail.<\/li>\n<li><strong>Quelle est la capacit\u00e9 d'alimentation maximale du 9F-70\u00a0?<\/strong><br \/>\nLa 9F-70 peut traiter une quantit\u00e9 importante de fourrage, ce qui la rend id\u00e9ale pour les petites et moyennes exploitations agricoles.<\/li>\n<li><strong>Quel type d'entretien est requis pour le 9F-70 ?<\/strong><br \/>\nUn nettoyage r\u00e9gulier, la lubrification des pi\u00e8ces mobiles et des inspections p\u00e9riodiques des lames sont essentiels pour maintenir le broyeur de fourrage 9F-70 en bon \u00e9tat de fonctionnement.<\/li>\n<li><strong>Le 9F-70 est-il livr\u00e9 avec des accessoires\u00a0?<\/strong><br \/>\nOui, nous proposons une vari\u00e9t\u00e9 d'accessoires et de pi\u00e8ces de rechange pour am\u00e9liorer les performances et la dur\u00e9e de vie du 9F-70.<\/li>\n<\/ol>\n<p>\u00c9dit\u00e9 par gzl<\/p>","protected":false},"excerpt":{"rendered":"<p>D\u00e9couvrez le puissant broyeur \u00e0 fourrage 9F-70, con\u00e7u pour un broyage efficace et \u00e0 grande capacit\u00e9. Id\u00e9al pour les agriculteurs et les entreprises agroalimentaires souhaitant am\u00e9liorer la qualit\u00e9 de l'alimentation animale et leur productivit\u00e9. Robuste et facile \u00e0 utiliser, cette machine r\u00e9volutionnera votre production. Am\u00e9liorez votre \u00e9quipement d\u00e8s aujourd'hui et optimisez la productivit\u00e9 de votre exploitation. Commandez maintenant\u00a0!<\/p>","protected":false},"featured_media":497,"template":"","meta":{"_et_pb_use_builder":"","_et_pb_old_content":"","_et_gb_content_width":""},"product_brand":[],"product_cat":[27],"product_tag":[],"class_list":{"0":"post-496","1":"product","2":"type-product","3":"status-publish","4":"has-post-thumbnail","6":"product_cat-other-series-products","8":"first","9":"instock","10":"shipping-taxable","11":"product-type-simple"},"_links":{"self":[{"href":"https:\/\/farm-baler.com\/fr\/wp-json\/wp\/v2\/product\/496","targetHints":{"allow":["GET"]}}],"collection":[{"href":"https:\/\/farm-baler.com\/fr\/wp-json\/wp\/v2\/product"}],"about":[{"href":"https:\/\/farm-baler.com\/fr\/wp-json\/wp\/v2\/types\/product"}],"wp:featuredmedia":[{"embeddable":true,"href":"https:\/\/farm-baler.com\/fr\/wp-json\/wp\/v2\/media\/497"}],"wp:attachment":[{"href":"https:\/\/farm-baler.com\/fr\/wp-json\/wp\/v2\/media?parent=496"}],"wp:term":[{"taxonomy":"product_brand","embeddable":true,"href":"https:\/\/farm-baler.com\/fr\/wp-json\/wp\/v2\/product_brand?post=496"},{"taxonomy":"product_cat","embeddable":true,"href":"https:\/\/farm-baler.com\/fr\/wp-json\/wp\/v2\/product_cat?post=496"},{"taxonomy":"product_tag","embeddable":true,"href":"https:\/\/farm-baler.com\/fr\/wp-json\/wp\/v2\/product_tag?post=496"}],"curies":[{"name":"wp","href":"https:\/\/api.w.org\/{rel}","templated":true}]}}