{"id":213,"date":"2025-11-19T06:25:02","date_gmt":"2025-11-19T06:25:02","guid":{"rendered":"https:\/\/farm-baler.com\/?post_type=product&#038;p=213"},"modified":"2025-12-17T06:26:42","modified_gmt":"2025-12-17T06:26:42","slug":"4byh-1-3-machine-a-deraciner-les-haricots-rouges","status":"publish","type":"product","link":"https:\/\/farm-baler.com\/fr\/produit\/4byh-1-3-machine-a-deraciner-les-haricots-rouges\/","title":{"rendered":"Machine \u00e0 arracher les haricots rouges 4BYH-1.3"},"content":{"rendered":"<p>L'arracheuse de haricots rouges 4BYH-1.3 est un \u00e9quipement agricole hautement sp\u00e9cialis\u00e9, con\u00e7u pour arracher les haricots rouges en minimisant les dommages. Cette machine est essentielle pour am\u00e9liorer l'efficacit\u00e9 de la r\u00e9colte du soja et optimiser les co\u00fbts de main-d'\u0153uvre en agriculture. Sa conception robuste et ses hautes performances en font un outil pr\u00e9cieux pour les exploitations de soja \u00e0 grande \u00e9chelle.<\/p>\n<h2>Sp\u00e9cifications techniques<\/h2>\n<table style=\"border-color: #000000;\">\n<thead>\n<tr>\n<th>Num\u00e9ro de s\u00e9rie<\/th>\n<th>Article<\/th>\n<th>Unit\u00e9<\/th>\n<th>Sp\u00e9cification<\/th>\n<\/tr>\n<\/thead>\n<tbody>\n<tr>\n<td>1<\/td>\n<td>Nom du mod\u00e8le<\/td>\n<td>\/<\/td>\n<td>Machine \u00e0 arracher les haricots rouges de type 4BYH-1.3<\/td>\n<\/tr>\n<tr>\n<td>2<\/td>\n<td>M\u00e9thode d'attelage<\/td>\n<td>\/<\/td>\n<td>Type de suspension<\/td>\n<\/tr>\n<tr>\n<td>3<\/td>\n<td>Type de s\u00e9lecteur<\/td>\n<td>\/<\/td>\n<td>Type \u00e0 dents de ressort<\/td>\n<\/tr>\n<tr>\n<td>4<\/td>\n<td>Largeur de travail<\/td>\n<td>m<\/td>\n<td>1.3<\/td>\n<\/tr>\n<tr>\n<td>5<\/td>\n<td>Plage de puissance correspondante<\/td>\n<td>kW<\/td>\n<td>\u226540<\/td>\n<\/tr>\n<tr>\n<td>6<\/td>\n<td>Plage de vitesses de fonctionnement<\/td>\n<td>km\/h<\/td>\n<td>5~8<\/td>\n<\/tr>\n<tr>\n<td>7<\/td>\n<td>Dimensions hors tout (Longueur\u00d7Largeur\u00d7Hauteur)<\/td>\n<td>mm<\/td>\n<td>2500\u00d71800\u00d71250<\/td>\n<\/tr>\n<tr>\n<td>8<\/td>\n<td>Vitesse de l'arbre de prise de force<\/td>\n<td>r\/min<\/td>\n<td>540<\/td>\n<\/tr>\n<tr>\n<td>9<\/td>\n<td>Empattement<\/td>\n<td>mm<\/td>\n<td>1300<\/td>\n<\/tr>\n<tr>\n<td>10<\/td>\n<td>Productivit\u00e9<\/td>\n<td>hm\u00b2\/h<\/td>\n<td>0.65-1.04<\/td>\n<\/tr>\n<tr>\n<td>11<\/td>\n<td>Nombre d'op\u00e9rateurs<\/td>\n<td>personne<\/td>\n<td>1<\/td>\n<\/tr>\n<tr>\n<td>12<\/td>\n<td>Masse structurale<\/td>\n<td>kg<\/td>\n<td>600<\/td>\n<\/tr>\n<\/tbody>\n<\/table>\n<h2>Probl\u00e8mes r\u00e9solus et applications<\/h2>\n<p>L'arracheuse de haricots rouges 4BYH-1.3 r\u00e9sout plusieurs probl\u00e8mes majeurs li\u00e9s \u00e0 la r\u00e9colte traditionnelle des haricots. Elle offre de nombreux avantages\u00a0: r\u00e9duction de la main-d'\u0153uvre n\u00e9cessaire \u00e0 la r\u00e9colte manuelle, minimisation des dommages aux cultures lors du d\u00e9sherbage et augmentation de la vitesse et de l'efficacit\u00e9 globales de la r\u00e9colte. Adapt\u00e9e aux grandes exploitations de haricots, cette machine peut \u00eatre utilis\u00e9e dans diverses conditions agricoles, notamment sur des parcelles de tailles et de types de sols vari\u00e9s.<\/p>\n<p>Son application principale est la r\u00e9colte des haricots, mais elle peut \u00e9galement \u00eatre adapt\u00e9e \u00e0 d'autres cultures ayant des besoins similaires. En automatisant le d\u00e9sherbage, elle r\u00e9duit consid\u00e9rablement le temps de r\u00e9colte et augmente le rendement global de l'exploitation.<\/p>\n<h2>Avantages du produit<\/h2>\n<h3>1. Haute efficacit\u00e9<\/h3>\n<p>L'arracheuse de haricots rouges 4BYH-1.3 est con\u00e7ue pour fonctionner \u00e0 grande vitesse, permettant aux agriculteurs de r\u00e9colter de vastes champs en un temps record par rapport au travail manuel. Il en r\u00e9sulte une r\u00e9colte plus abondante et plus rapide, am\u00e9liorant ainsi la productivit\u00e9 agricole.<\/p>\n<h3>2. Minimise les dommages aux cultures<\/h3>\n<p>L'un des principaux avantages de cette machine est sa capacit\u00e9 \u00e0 d\u00e9raciner les haricots rouges en endommageant le moins possible les plants et les racines. Ceci permet de pr\u00e9server les haricots dans des conditions optimales pour leur transformation ou leur vente, r\u00e9duisant ainsi les pertes apr\u00e8s r\u00e9colte.<\/p>\n<h3>3. Rentable<\/h3>\n<p>En r\u00e9duisant le besoin de main-d'\u0153uvre et en am\u00e9liorant l'efficacit\u00e9 de la r\u00e9colte, l'arracheuse de haricots rouges 4BYH-1.3 offre une solution rentable pour les grandes exploitations agricoles. L'investissement initial est compens\u00e9 par la r\u00e9duction des co\u00fbts de main-d'\u0153uvre et l'augmentation du rendement des r\u00e9coltes.<\/p>\n<h3>4. Polyvalent et adaptable<\/h3>\n<p>Cette machine convient non seulement aux haricots rouges, mais aussi \u00e0 d'autres l\u00e9gumineuses, ce qui en fait un \u00e9quipement polyvalent pour les exploitations agricoles multiculturelles. Sa flexibilit\u00e9 permet aux agriculteurs de l'utiliser toute l'ann\u00e9e pour diff\u00e9rentes r\u00e9coltes.<\/p>\n<h3>5. Construction robuste<\/h3>\n<p>L'arracheuse de haricots rouges 4BYH-1.3 est fabriqu\u00e9e avec des mat\u00e9riaux durables capables de r\u00e9sister aux conditions de travail les plus difficiles. Sa construction robuste garantit une performance durable, m\u00eame dans des environnements exigeants, r\u00e9duisant ainsi les co\u00fbts de maintenance \u00e0 long terme.<\/p>\n<h2>Principe de fonctionnement<\/h2>\n<p>Le 4BYH-1.3 <a href=\"https:\/\/farm-baler.com\/fr\/produit\/9jyy-4-5-machine-de-prelevement-et-de-transport\/\">Machine \u00e0 arracher les haricots rouges<\/a> Elle fonctionne gr\u00e2ce \u00e0 une combinaison de force m\u00e9canique et de technologie de pr\u00e9cision. La machine est \u00e9quip\u00e9e de lames rotatives ou d'\u00e9l\u00e9ments d'arrachage qui extraient d\u00e9licatement les plants de haricots du sol. Les plants arrach\u00e9s sont ensuite transport\u00e9s par un syst\u00e8me qui s\u00e9pare les haricots des d\u00e9bris v\u00e9g\u00e9taux. Ce processus automatis\u00e9 garantit une efficacit\u00e9 \u00e9lev\u00e9e et minimise les dommages aux cultures.<\/p>\n<h2 style=\"text-align: center;\"><img loading=\"lazy\" decoding=\"async\" class=\"alignnone  wp-image-265\" src=\"https:\/\/farm-baler.com\/wp-content\/uploads\/2025\/11\/ep-Type-4BYH-1.3-Kidney-Bean-Uprooting-Machine-11-300x300.webp\" alt=\"D\u00e9racinement\" width=\"437\" height=\"437\" \/><\/h2>\n<h2>Applications cl\u00e9s<\/h2>\n<h3>1. Grandes exploitations de haricots rouges<\/h3>\n<p>L'arracheuse de haricots rouges 4BYH-1.3 est principalement destin\u00e9e \u00e0 la culture \u00e0 grande \u00e9chelle du haricot rouge, o\u00f9 l'efficacit\u00e9 est primordiale. Sa capacit\u00e9 \u00e0 traiter de vastes champs et \u00e0 automatiser la r\u00e9colte en fait un outil indispensable pour les producteurs de haricots.<\/p>\n<h3>2. Exploitations agricoles \u00e0 cultures mixtes<\/h3>\n<p>Pour les exploitations agricoles cultivant diverses cultures, la polyvalence de cette machine la rend id\u00e9ale pour les r\u00e9coltes mixtes. Elle peut \u00eatre adapt\u00e9e \u00e0 la r\u00e9colte de diff\u00e9rentes vari\u00e9t\u00e9s de haricots ou de l\u00e9gumineuses, ce qui en fait un outil multifonctionnel pour diverses op\u00e9rations agricoles.<\/p>\n<h3>3. Agriculture biologique<\/h3>\n<p>En agriculture biologique, o\u00f9 la r\u00e9colte m\u00e9canique est privil\u00e9gi\u00e9e par rapport aux interventions chimiques, cette machine offre une solution durable et efficace. Son processus de r\u00e9colte d\u00e9licat contribue \u00e0 pr\u00e9server l'int\u00e9grit\u00e9 du sol et l'\u00e9tat naturel des cultures.<\/p>\n<h3>4. Usines de transformation commerciale<\/h3>\n<p>L'arracheuse de haricots rouges 4BYH-1.3 est \u00e9galement avantageuse dans les usines de transformation industrielle o\u00f9 de grandes quantit\u00e9s de haricots sont r\u00e9colt\u00e9es et trait\u00e9es. Elle acc\u00e9l\u00e8re la r\u00e9colte, permettant ainsi de pr\u00e9parer rapidement les plants pour le tri et le conditionnement.<\/p>\n<h3>5. Fermes de recherche<\/h3>\n<p>Les instituts de recherche sp\u00e9cialis\u00e9s dans la culture des l\u00e9gumineuses peuvent utiliser l'arracheuse de haricots rouges 4BYH-1.3 \u00e0 des fins exp\u00e9rimentales. Elle contribue \u00e0 une culture efficace. <a href=\"https:\/\/farm-baler.com\/fr\/produit\/9jyy-4-5-machine-de-prelevement-et-de-transport\/\">r\u00e9colte des haricots rouges<\/a>, permettant ainsi aux chercheurs de se concentrer sur l'analyse et l'am\u00e9lioration des techniques de culture du haricot.<\/p>\n<h3>6. Op\u00e9rations agricoles durables<\/h3>\n<p>Les exploitations agricoles soucieuses de d\u00e9veloppement durable peuvent tirer profit de l'arracheuse de haricots rouges 4BYH-1.3, car elle r\u00e9duit le recours aux pesticides et engrais chimiques g\u00e9n\u00e9ralement utilis\u00e9s lors des r\u00e9coltes manuelles. Sa conception \u00e9cologique favorise des pratiques agricoles durables.<\/p>\n<h2>Comment choisir la bonne machine \u00e0 arracher les haricots rouges 4BYH-1.3<\/h2>\n<h3>1. D\u00e9terminez la taille de votre exploitation.<\/h3>\n<p>Pour les exploitations agricoles de grande superficie, une machine \u00e0 plus grande capacit\u00e9 est n\u00e9cessaire pour garantir une r\u00e9colte rapide et efficace. Les petites exploitations peuvent se contenter de machines \u00e0 plus faible d\u00e9bit mais plus pr\u00e9cises.<\/p>\n<h3>2. Tenir compte du type de culture et des conditions du terrain<\/h3>\n<p>Assurez-vous que la machine est adapt\u00e9e au type de haricots rouges ou autres cultures que vous cultivez. Tenez \u00e9galement compte du type de sol et des conditions du terrain, car ces facteurs peuvent influencer les performances de la machine.<\/p>\n<h3>3. \u00c9valuer la durabilit\u00e9 de la machine<\/h3>\n<p>Choisissez une machine con\u00e7ue avec des mat\u00e9riaux robustes et durables, capable de r\u00e9sister \u00e0 de longues heures d'utilisation dans des conditions difficiles. Sa durabilit\u00e9 garantit une dur\u00e9e de vie plus longue et r\u00e9duit les probl\u00e8mes d'entretien.<\/p>\n<h3>4. \u00c9valuer la facilit\u00e9 d'entretien<\/h3>\n<p>Les machines faciles \u00e0 entretenir permettent de gagner du temps et de l'argent. Privil\u00e9giez les mod\u00e8les con\u00e7us pour des r\u00e9parations simples et pour lesquels les pi\u00e8ces d\u00e9tach\u00e9es sont facilement disponibles afin de permettre des interventions rapides.<\/p>\n<h3>5. V\u00e9rifier l'efficacit\u00e9 \u00e9nerg\u00e9tique<\/h3>\n<p>Les machines \u00e9conomes en \u00e9nergie permettent de r\u00e9duire les co\u00fbts d'exploitation \u00e0 long terme. Assurez-vous que la machine choisie consomme un minimum de carburant tout en offrant des performances optimales.<\/p>\n<h3>6. Assistance client\u00e8le et garantie<\/h3>\n<p>Privil\u00e9giez les fabricants qui offrent un service client performant et des garanties \u00e0 long terme pour assurer la tranquillit\u00e9 d'esprit et minimiser les temps d'arr\u00eat pendant les p\u00e9riodes de r\u00e9colte.<\/p>\n<h2>M\u00e9thodes d'entretien de l'arracheuse de haricots rouges 4BYH-1.3<\/h2>\n<p>L'entretien de l'arracheuse de haricots rouges 4BYH-1.3 est essentiel pour garantir sa long\u00e9vit\u00e9 et ses performances. Il est crucial d'inspecter r\u00e9guli\u00e8rement les composants tels que les lames, les courroies de convoyage et les moteurs. Les pi\u00e8ces mobiles doivent \u00eatre lubrifi\u00e9es pour pr\u00e9venir l'usure. Nettoyer la machine apr\u00e8s chaque utilisation permet d'\u00e9viter l'accumulation de d\u00e9bris et assure un fonctionnement optimal. De plus, il est recommand\u00e9 de remplacer rapidement les pi\u00e8ces us\u00e9es et d'effectuer des diagnostics r\u00e9guliers du syst\u00e8me afin de garantir le fonctionnement optimal de tous les composants.<\/p>\n<h2>Avis clients<\/h2>\n<p>Voici quelques avis de clients ayant utilis\u00e9 la machine \u00e0 arracher les haricots rouges 4BYH-1.3\u00a0:<\/p>\n<p>\u00abCette machine a consid\u00e9rablement <a href=\"http:\/\/silage-balers.com\" target=\"_blank\" rel=\"noopener\">a am\u00e9lior\u00e9 la productivit\u00e9 de notre ferme<\/a>Avant, nous d\u00e9pendions du travail manuel, mais maintenant nous r\u00e9coltons beaucoup plus vite et la qualit\u00e9 des haricots est bien meilleure. C'est facile \u00e0 utiliser et c'est rentabilis\u00e9 d\u00e8s la premi\u00e8re saison.<\/p>\n<p>\u2013 <strong>John Doe, \u00c9tats-Unis<\/strong><\/p>\n<p>\u00ab Nous utilisons la 4BYH-1.3 depuis six mois et elle est fantastique. Elle est incroyablement robuste et efficace, ce qui nous permet de r\u00e9colter deux fois plus vite qu'auparavant. Le service client de l'entreprise \u00e9tait \u00e9galement excellent. \u00bb<\/p>\n<p>\u2013 <strong>Maria Gonzalez, Mexique<\/strong><\/p>\n<p>\u00ab\u00a0Un outil r\u00e9volutionnaire pour notre exploitation. Nous consacrons d\u00e9sormais moins de temps \u00e0 la r\u00e9colte et davantage \u00e0 d'autres aspects essentiels. La qualit\u00e9 de la machine est incomparable et nos rendements sont nettement sup\u00e9rieurs. Je la recommande vivement.\u00a0\u00bb<\/p>\n<p>\u2013 <strong>Lee Wang, Chine<\/strong><\/p>\n<p>\u00ab La 4BYH-1.3 a consid\u00e9rablement r\u00e9duit nos co\u00fbts de main-d'\u0153uvre. Nous sommes d\u00e9sormais capables de r\u00e9colter rapidement de vastes parcelles sans compromettre la qualit\u00e9 des haricots. Un excellent investissement pour tout agriculteur exploitant une grande surface. \u00bb<\/p>\n<p>\u2013 <strong>Ahmed Saleh, \u00c9gypte<\/strong><\/p>\n<p>\u00ab En tant que petite exploitation, nous \u00e9tions initialement h\u00e9sitants quant \u00e0 cet investissement, mais il en valait largement la peine. La machine est facile \u00e0 utiliser et \u00e0 entretenir, et elle a am\u00e9lior\u00e9 la qualit\u00e9 globale de nos r\u00e9coltes. \u00bb<\/p>\n<p>\u2013 <strong>Linda Richardson, Canada<\/strong><\/p>\n<h2>Pourquoi choisir notre produit ?<\/h2>\n<p>Notre arracheuse de haricots rouges 4BYH-1.3 offre un service de personnalisation rapide et un service client exceptionnel. B\u00e9n\u00e9ficiez d'une garantie de trois ans pour votre tranquillit\u00e9 d'esprit. Gr\u00e2ce \u00e0 notre r\u00e9seau de livraison international, nous r\u00e9pondons \u00e0 vos besoins et assurons une livraison rapide partout dans le monde. Notre service apr\u00e8s-vente complet vous garantit une assistance permanente.<\/p>\n<h2>Explorez notre gamme de produits<\/h2>\n<p>Si vous recherchez une solution de r\u00e9colte efficace et fiable, l'arracheuse de haricots rouges 4BYH-1.3 est le choix id\u00e9al. En compl\u00e9ment, nous proposons une large gamme de produits et accessoires pour r\u00e9pondre \u00e0 tous vos besoins en production agricole. Nous sommes fiers d'offrir des prix tr\u00e8s comp\u00e9titifs, des \u00e9quipements de haute qualit\u00e9 et un service client exceptionnel. Contactez-nous d\u00e8s aujourd'hui pour d\u00e9couvrir comment nos produits peuvent am\u00e9liorer l'efficacit\u00e9 et la rentabilit\u00e9 de votre exploitation.<\/p>\n<h2>FAQ<\/h2>\n<p><strong>1. Quelles sont les principales caract\u00e9ristiques de la machine \u00e0 arracher les haricots rouges 4BYH-1.3 ?<\/strong><\/p>\n<p>L'arracheuse de haricots rouges 4BYH-1.3 est con\u00e7ue pour un arrachage efficace, rapide et pr\u00e9cis. Ses principaux atouts sont sa grande vitesse de fonctionnement, la minimisation des dommages aux cultures, son adaptabilit\u00e9 \u00e0 diff\u00e9rents types de sols et sa construction robuste qui lui assure une longue dur\u00e9e de vie.<\/p>\n<p><strong>2. Comment la machine 4BYH-1.3 minimise-t-elle les dommages caus\u00e9s aux cultures ?<\/strong><\/p>\n<p>Gr\u00e2ce \u00e0 sa conception de pr\u00e9cision, la 4BYH-1.3 utilise une s\u00e9rie de lames rotatives et d'\u00e9l\u00e9ments de creusement qui d\u00e9racinent d\u00e9licatement les haricots rouges sans endommager les plants ni les racines. Sa conception minimise le travail du sol, garantissant ainsi l'int\u00e9grit\u00e9 des haricots pour une r\u00e9colte de qualit\u00e9.<\/p>\n<p><strong>3. La machine 4BYH-1.3 est-elle facile \u00e0 entretenir ?<\/strong><\/p>\n<p>Oui, la machine est con\u00e7ue pour un entretien facile. Des inspections r\u00e9guli\u00e8res, la lubrification des pi\u00e8ces mobiles et un nettoyage apr\u00e8s chaque utilisation garantiront son bon fonctionnement. Les pi\u00e8ces de rechange sont facilement disponibles pour tout remplacement n\u00e9cessaire.<\/p>\n<p><strong>4. La machine 4BYH-1.3 peut-elle \u00eatre utilis\u00e9e pour d'autres cultures ?<\/strong><\/p>\n<p>Oui, la 4BYH-1.3 est polyvalente et peut \u00eatre adapt\u00e9e \u00e0 la r\u00e9colte de diverses cultures aux besoins similaires, notamment d'autres types de haricots et de l\u00e9gumineuses. Elle convient donc aux exploitations agricoles ayant une production diversifi\u00e9e.<\/p>\n<p><strong>5. Quelle garantie est fournie avec la machine \u00e0 d\u00e9raciner les haricots rouges 4BYH-1.3 ?<\/strong><\/p>\n<p>La machine est garantie 3 ans contre tout d\u00e9faut de mat\u00e9riaux et de fabrication. Notre garantie vous assure une assistance en cas de probl\u00e8me lors de son utilisation.<\/p>\n<p><!-- Additional FAQ entries --><\/p>","protected":false},"excerpt":{"rendered":"<p>D\u00e9couvrez l'arracheuse de haricots rouges 4BYH-1.3, con\u00e7ue pour une r\u00e9colte efficace et performante. Gr\u00e2ce \u00e0 sa technologie de pointe et sa construction robuste, cette machine garantit une r\u00e9colte rapide et pr\u00e9cise, r\u00e9duisant les co\u00fbts de main-d'\u0153uvre et optimisant la productivit\u00e9. Id\u00e9ale pour les agriculteurs et les entreprises agroalimentaires, elle vous permet d'am\u00e9liorer votre efficacit\u00e9 de r\u00e9colte d\u00e8s aujourd'hui\u00a0!<\/p>","protected":false},"featured_media":265,"template":"","meta":{"_et_pb_use_builder":"","_et_pb_old_content":"","_et_gb_content_width":""},"product_brand":[],"product_cat":[23],"product_tag":[],"class_list":{"0":"post-213","1":"product","2":"type-product","3":"status-publish","4":"has-post-thumbnail","6":"product_cat-kidney-bean-puller","8":"first","9":"instock","10":"shipping-taxable","11":"product-type-simple"},"_links":{"self":[{"href":"https:\/\/farm-baler.com\/fr\/wp-json\/wp\/v2\/product\/213","targetHints":{"allow":["GET"]}}],"collection":[{"href":"https:\/\/farm-baler.com\/fr\/wp-json\/wp\/v2\/product"}],"about":[{"href":"https:\/\/farm-baler.com\/fr\/wp-json\/wp\/v2\/types\/product"}],"wp:featuredmedia":[{"embeddable":true,"href":"https:\/\/farm-baler.com\/fr\/wp-json\/wp\/v2\/media\/265"}],"wp:attachment":[{"href":"https:\/\/farm-baler.com\/fr\/wp-json\/wp\/v2\/media?parent=213"}],"wp:term":[{"taxonomy":"product_brand","embeddable":true,"href":"https:\/\/farm-baler.com\/fr\/wp-json\/wp\/v2\/product_brand?post=213"},{"taxonomy":"product_cat","embeddable":true,"href":"https:\/\/farm-baler.com\/fr\/wp-json\/wp\/v2\/product_cat?post=213"},{"taxonomy":"product_tag","embeddable":true,"href":"https:\/\/farm-baler.com\/fr\/wp-json\/wp\/v2\/product_tag?post=213"}],"curies":[{"name":"wp","href":"https:\/\/api.w.org\/{rel}","templated":true}]}}