{"id":212,"date":"2025-11-19T06:09:06","date_gmt":"2025-11-19T06:09:06","guid":{"rendered":"https:\/\/farm-baler.com\/?post_type=product&#038;p=212"},"modified":"2025-12-17T06:46:31","modified_gmt":"2025-12-17T06:46:31","slug":"9jyy-4-5-machine-de-prelevement-et-de-transport","status":"publish","type":"product","link":"https:\/\/farm-baler.com\/fr\/produit\/9jyy-4-5-machine-de-prelevement-et-de-transport\/","title":{"rendered":"Machine de ramassage et de transport de balles rondes 9JYY-4.5"},"content":{"rendered":"<p>La machine de ramassage et de transport de balles rondes 9JYY-4.5 est une machine agricole r\u00e9volutionnaire con\u00e7ue pour simplifier et acc\u00e9l\u00e9rer le ramassage et le transport des balles rondes dans les exploitations agricoles. Robuste et fiable, cette machine est un choix indispensable pour toute exploitation traitant de grandes quantit\u00e9s de foin, de paille ou d'ensilage, offrant une efficacit\u00e9 et une facilit\u00e9 d'utilisation in\u00e9gal\u00e9es. La 9JYY-4.5 est con\u00e7ue pour optimiser le flux de travail, r\u00e9duire les co\u00fbts de main-d'\u0153uvre et rendre la manutention des balles plus facile que jamais.<\/p>\n<h2>Sp\u00e9cifications techniques<\/h2>\n<table style=\"border-color: #000000;\">\n<thead>\n<tr>\n<th>Num\u00e9ro de s\u00e9rie<\/th>\n<th>Article<\/th>\n<th>Unit\u00e9<\/th>\n<th>Sp\u00e9cification<\/th>\n<\/tr>\n<\/thead>\n<tbody>\n<tr>\n<td>1<\/td>\n<td>Nom du produit<\/td>\n<td>\/<\/td>\n<td>Machine de ramassage et de transport de balles rondes<\/td>\n<\/tr>\n<tr>\n<td>2<\/td>\n<td>Mod\u00e8le de produit<\/td>\n<td>\/<\/td>\n<td>9JYY-4.5<\/td>\n<\/tr>\n<tr>\n<td>3<\/td>\n<td>M\u00e9thode d'attelage<\/td>\n<td>\/<\/td>\n<td>Type de traction<\/td>\n<\/tr>\n<tr>\n<td>4<\/td>\n<td>Formulaire de chargement et de d\u00e9chargement<\/td>\n<td>\/<\/td>\n<td>Hydraulique<\/td>\n<\/tr>\n<tr>\n<td>5<\/td>\n<td>Capacit\u00e9 de charge maximale<\/td>\n<td>kg<\/td>\n<td>4500<\/td>\n<\/tr>\n<tr>\n<td>6<\/td>\n<td>Plage de puissance correspondante<\/td>\n<td>kW<\/td>\n<td>\u226550<\/td>\n<\/tr>\n<tr>\n<td>7<\/td>\n<td>Pression de service (avec deux jeux de dispositifs d'entra\u00eenement hydrauliques)<\/td>\n<td>MPa<\/td>\n<td>\u226516<\/td>\n<\/tr>\n<tr>\n<td>8<\/td>\n<td>Vitesse de transport<\/td>\n<td>km\/h<\/td>\n<td>\u226440<\/td>\n<\/tr>\n<tr>\n<td>9<\/td>\n<td>Mod\u00e8le de pneu<\/td>\n<td>\/<\/td>\n<td>400\/60-15,5 (Quatre roues \u00e0 double essieu)<\/td>\n<\/tr>\n<tr>\n<td>10<\/td>\n<td>Taille des balles chargeables et d\u00e9chargeables<\/td>\n<td>mm<\/td>\n<td>Diam\u00e8tre 1000-1400, Longueur 1000-1500<\/td>\n<\/tr>\n<tr>\n<td>11<\/td>\n<td>Dimensions hors tout (Longueur\u00d7Largeur\u00d7Hauteur)<\/td>\n<td>mm<\/td>\n<td>R\u00e9solution de travail\u00a0: 9400\u00d76750\u00d71750\u00a0; R\u00e9solution de transport\u00a0: 9400\u00d72900\u00d73300<\/td>\n<\/tr>\n<tr>\n<td>12<\/td>\n<td>Masse totale<\/td>\n<td>kg<\/td>\n<td>3240<\/td>\n<\/tr>\n<\/tbody>\n<\/table>\n<h1>Machine de ramassage et de transport de balles rondes 9JYY-4.5<\/h1>\n<p>La machine de ramassage et de transport de balles rondes 9JYY-4.5 est un engin agricole de pointe con\u00e7u pour ramasser, transporter et empiler efficacement les balles de foin rondes, avec un minimum de main-d'\u0153uvre et de temps. Cet \u00e9quipement est id\u00e9al pour les grandes exploitations agricoles qui exigent un traitement rapide et fiable des balles de foin, permettant d'accro\u00eetre la productivit\u00e9 et de r\u00e9duire les co\u00fbts d'exploitation. Gr\u00e2ce \u00e0 sa technologie innovante, la machine offre des performances sup\u00e9rieures, une grande durabilit\u00e9 et un fonctionnement stable sur le long terme.<\/p>\n<h2>D\u00e9finition du produit<\/h2>\n<p>La machine de ramassage et de transport de balles rondes 9JYY-4.5 est con\u00e7ue pour ramasser et transporter automatiquement les balles de foin rondes. Sa structure robuste et sa conception ing\u00e9nieuse la rendent id\u00e9ale pour les op\u00e9rations agricoles n\u00e9cessitant une manutention efficace des balles de foin avec du mat\u00e9riel lourd. Capable d'effectuer des t\u00e2ches telles que le levage, le d\u00e9placement et l'empilage de balles de foin de diff\u00e9rentes tailles, cette machine est un outil indispensable dans l'agriculture moderne.<\/p>\n<h2>Probl\u00e8mes r\u00e9solus et utilisations<\/h2>\n<p>Cette machine r\u00e9sout plusieurs probl\u00e8mes courants en production agricole, notamment la p\u00e9nurie de main-d'\u0153uvre, le manque d'efficacit\u00e9 li\u00e9 \u00e0 la manutention manuelle des balles et l'usure due aux m\u00e9thodes traditionnelles. Ses applications couvrent diverses op\u00e9rations agricoles, telles que la r\u00e9colte du foin, le transport et le stockage des balles. La polyvalence de la 9JYY-4.5 la rend adapt\u00e9e \u00e0 diff\u00e9rentes activit\u00e9s agricoles, comme la collecte du foin, de la paille et d'autres types de biomasse. En automatisant et en optimisant le processus de r\u00e9colte des balles, les agriculteurs peuvent se concentrer sur d'autres t\u00e2ches essentielles tout en am\u00e9liorant leur productivit\u00e9 globale.<\/p>\n<p style=\"text-align: center;\"><img loading=\"lazy\" decoding=\"async\" class=\"alignnone wp-image-263\" src=\"https:\/\/farm-baler.com\/wp-content\/uploads\/2025\/11\/ep-Type-9JYY-4.5-Round-Bale-Picking-and-Transporting-Machine-11-300x300.webp\" alt=\"Cueillette et transport\" width=\"355\" height=\"355\" \/><\/p>\n<h2>Avantages du produit<\/h2>\n<ul>\n<li>\n<h3>Haute efficacit\u00e9<\/h3>\n<p>La machine 9JYY-4.5 est con\u00e7ue pour r\u00e9duire consid\u00e9rablement le temps n\u00e9cessaire \u00e0 la collecte et au transport des balles rondes. Elle accro\u00eet la cadence de travail et permet d'effectuer les op\u00e9rations plus rapidement, lib\u00e9rant ainsi des ressources pour d'autres t\u00e2ches.<\/li>\n<li>\n<h3>Durabilit\u00e9 et fiabilit\u00e9<\/h3>\n<p>Con\u00e7ue pour r\u00e9sister aux conditions difficiles du travail agricole, cette machine b\u00e9n\u00e9ficie d'une conception robuste et de mat\u00e9riaux de haute qualit\u00e9, garantissant des performances durables m\u00eame dans les conditions les plus exigeantes.<\/li>\n<li>\n<h3>Facilit\u00e9 d'utilisation<\/h3>\n<p>La machine est dot\u00e9e d'un syst\u00e8me de commande intuitif, ce qui la rend facile \u00e0 utiliser. M\u00eame les personnes ayant des connaissances techniques minimales peuvent la manipuler efficacement, r\u00e9duisant ainsi le besoin de formation sp\u00e9cialis\u00e9e.<\/li>\n<li>\n<h3>Rentable<\/h3>\n<p>En automatisant la manutention des balles, la 9JYY-4.5 r\u00e9duit le besoin de main-d'\u0153uvre, et donc les co\u00fbts d'exploitation. C'est un investissement rentable qui accro\u00eet la productivit\u00e9 et diminue les risques de blessures pour les travailleurs.<\/li>\n<li>\n<h3>Versatilit\u00e9<\/h3>\n<p>Con\u00e7ue pour traiter des balles de diff\u00e9rentes tailles, la 9JYY-4.5 convient \u00e0 diverses op\u00e9rations agricoles. Que vous travailliez du foin, de la paille ou d'autres types de biomasse, cette machine s'adapte \u00e0 vos besoins.<\/li>\n<\/ul>\n<h2>Fonctionnement de la machine de ramassage et de transport de balles rondes 9JYY-4.5<\/h2>\n<p>La 9JYY-4.5 est \u00e9quip\u00e9e d'un syst\u00e8me de levage m\u00e9canique qui ramasse automatiquement les balles rondes au sol. La machine utilise une s\u00e9rie de bras hydrauliques pour soulever d\u00e9licatement les balles et les charger sur une plateforme de transport. Le m\u00e9canisme de transport achemine ensuite les balles vers un emplacement d\u00e9sign\u00e9 pour le stockage ou un traitement ult\u00e9rieur. Le syst\u00e8me de contr\u00f4le avanc\u00e9 de la machine garantit une manutention pr\u00e9cise des balles, minimisant les dommages et optimisant la vitesse de transport. De plus, le syst\u00e8me de transport est con\u00e7u pour un fonctionnement fluide et stable, emp\u00eachant les balles de se d\u00e9placer ou de rouler pendant le transport.<\/p>\n<h2>Principales applications<\/h2>\n<ul>\n<li>\n<h3>Collecte de foin et de paille<\/h3>\n<p>Cette machine est id\u00e9ale pour la collecte des balles de foin et de paille, rendant le processus plus rapide et moins laborieux. Elle peut ramasser les balles dans les champs et les transporter efficacement vers les lieux de stockage.<\/li>\n<li>\n<h3>Transport efficace<\/h3>\n<p>Le mod\u00e8le 9JYY-4.5 est id\u00e9al pour le transport de balles de foin sur de longues distances, que ce soit au sein d'une exploitation agricole ou entre les champs. Ses roues robustes et sa plateforme de transport stable garantissent un d\u00e9placement des balles sans risque de d\u00e9placement ni de chute.<\/li>\n<li>\n<h3>Empiler les balles<\/h3>\n<p>La machine peut \u00e9galement empiler les balles selon une configuration sp\u00e9cifique, r\u00e9duisant ainsi le besoin d'empilage manuel et am\u00e9liorant l'organisation des zones de stockage.<\/li>\n<li>\n<h3>R\u00e9duire les co\u00fbts de main-d'\u0153uvre<\/h3>\n<p>En automatisant les processus de pr\u00e9l\u00e8vement, de transport et d'empilage, la machine r\u00e9duit consid\u00e9rablement la quantit\u00e9 de main-d'\u0153uvre n\u00e9cessaire, diminuant ainsi les besoins en personnel et am\u00e9liorant l'efficacit\u00e9.<\/li>\n<li>\n<h3>Am\u00e9lioration de la s\u00e9curit\u00e9 des travailleurs<\/h3>\n<p>Cette machine minimise les efforts physiques et les risques de blessures li\u00e9s \u00e0 la manutention manuelle des balles. En r\u00e9duisant le levage et le transport manuels, la 9JYY-4.5 am\u00e9liore la s\u00e9curit\u00e9 des travailleurs agricoles.<\/li>\n<li>\n<h3>Convient aux grandes exploitations agricoles<\/h3>\n<p>Cette machine est id\u00e9ale pour les exploitations \u00e0 grande \u00e9chelle, o\u00f9 la manutention d'un grand nombre de balles peut s'av\u00e9rer complexe. Son efficacit\u00e9 et sa puissance la rendent parfaite pour les grandes exploitations agricoles produisant d'importants volumes de foin ou de paille.<\/li>\n<\/ul>\n<h2>Comment choisir la machine de ramassage et de transport de balles rondes 9JYY-4.5 adapt\u00e9e ?<\/h2>\n<ul>\n<li>\n<h3>Tenez compte de la taille des balles<\/h3>\n<p>Assurez-vous que la machine choisie est compatible avec la taille des balles de votre exploitation. La 9JYY-4.5 est con\u00e7ue pour traiter les balles rondes standard, mais il est essentiel de v\u00e9rifier la compatibilit\u00e9 afin d'\u00e9viter tout dysfonctionnement.<\/li>\n<li>\n<h3>\u00c9valuer le terrain op\u00e9rationnel<\/h3>\n<p>Si votre exploitation pr\u00e9sente un terrain accident\u00e9 ou des conditions difficiles, choisissez une machine robuste \u00e9quip\u00e9e de roues adapt\u00e9es aux surfaces difficiles. La 9JYY-4.5 poss\u00e8de de grandes roues r\u00e9sistantes qui lui permettent d'\u00e9voluer sur une grande vari\u00e9t\u00e9 de terrains.<\/li>\n<li>\n<h3>Capacit\u00e9 de la machine<\/h3>\n<p>Tenez compte de la capacit\u00e9 de levage et de transport de la machine en fonction du volume d'activit\u00e9 de votre exploitation. Si vous devez transporter de grandes quantit\u00e9s de balles de foin, optez pour une machine \u00e0 capacit\u00e9 de charge sup\u00e9rieure.<\/li>\n<li>\n<h3>Efficacit\u00e9 du syst\u00e8me hydraulique<\/h3>\n<p>V\u00e9rifiez l'efficacit\u00e9 du syst\u00e8me hydraulique, car elle est essentielle pour le levage et le transport fluides des balles. Les 9JYY-4.5 <a href=\"https:\/\/agricultural-baler.com\/\" target=\"_blank\" rel=\"noopener\">bras hydrauliques<\/a> assurer des performances efficaces m\u00eame sous de fortes charges.<\/li>\n<li>\n<h3>Exigences de maintenance<\/h3>\n<p>Certaines machines n\u00e9cessitent un entretien plus fr\u00e9quent. Assurez-vous de choisir un mod\u00e8le adapt\u00e9 \u00e0 vos capacit\u00e9s de maintenance. La 9JYY-4.5 est con\u00e7ue pour une maintenance ais\u00e9e et des temps d'arr\u00eat minimaux.<\/li>\n<li>\n<h3>Garantie et assistance<\/h3>\n<p>Assurez-vous que la machine b\u00e9n\u00e9ficie d'une garantie compl\u00e8te et d'un excellent service client. La 9JYY-4.5 offre une garantie de 3 ans et un service apr\u00e8s-vente r\u00e9actif.<\/li>\n<\/ul>\n<h2>M\u00e9thodes de maintenance de la machine de ramassage et de transport de balles rondes 9JYY-4.5<\/h2>\n<p>Pour assurer le bon fonctionnement du 9JYY-4.5, un entretien r\u00e9gulier est indispensable. Proc\u00e9dez comme suit\u00a0:<\/p>\n<ul>\n<li>\n<h3>Inspection r\u00e9guli\u00e8re<\/h3>\n<p>Effectuez des contr\u00f4les p\u00e9riodiques pour vous assurer du bon fonctionnement de toutes les pi\u00e8ces, notamment du syst\u00e8me hydraulique. Inspectez l'usure des bras de levage et de la plateforme de transport.<\/li>\n<li>\n<h3>Lubrification<\/h3>\n<p>Veillez \u00e0 ce que toutes les pi\u00e8ces mobiles soient correctement lubrifi\u00e9es afin de pr\u00e9venir les frottements et les dommages. Une lubrification r\u00e9guli\u00e8re contribue au bon fonctionnement de la machine.<\/li>\n<li>\n<h3>Contr\u00f4les du fluide hydraulique<\/h3>\n<p>Contr\u00f4lez et remplacez r\u00e9guli\u00e8rement l'huile hydraulique pour garantir un fonctionnement optimal du syst\u00e8me de levage. Utilisez le type d'huile recommand\u00e9 pour une efficacit\u00e9 maximale.<\/li>\n<li>\n<h3>Nettoyage<\/h3>\n<p>Apr\u00e8s chaque utilisation, nettoyez la machine pour \u00e9liminer les salet\u00e9s et les d\u00e9bris susceptibles d'obstruer le syst\u00e8me. Un entretien r\u00e9gulier de la machine am\u00e9liore sa dur\u00e9e de vie et ses performances.<\/li>\n<li>\n<h3>Surveillez la pression des pneus.<\/h3>\n<p>V\u00e9rifiez r\u00e9guli\u00e8rement la pression des pneus pour garantir le bon fonctionnement de la machine sur terrain accident\u00e9. Une pression ad\u00e9quate pr\u00e9vient l'usure des pneus et assure une utilisation en toute s\u00e9curit\u00e9.<\/li>\n<\/ul>\n<h2>Avis clients<\/h2>\n<p><strong>\u2013 David, \u00c9tats-Unis<\/strong><br \/>\n\u00ab Nous utilisons la 9JYY-4.5 sur notre exploitation depuis un an et elle a consid\u00e9rablement am\u00e9lior\u00e9 l'efficacit\u00e9 de la manutention de nos balles. La machine soul\u00e8ve et d\u00e9place facilement les grosses balles sans probl\u00e8me, et sa qualit\u00e9 de fabrication est exceptionnelle. Elle nous a permis de gagner du temps et de r\u00e9duire nos co\u00fbts de main-d'\u0153uvre, ce qui a permis \u00e0 notre \u00e9quipe de se concentrer sur d'autres t\u00e2ches importantes. Nous la recommandons vivement aux autres agriculteurs ! \u00bb<\/p>\n<p><strong>\u2013 Sarah, Canada<\/strong><br \/>\n\u00ab J'\u00e9tais initialement sceptique quant \u00e0 l'investissement dans une machine comme la 9JYY-4.5, mais elle a radicalement chang\u00e9 la donne pour nous. Son utilisation est d'une simplicit\u00e9 enfantine et le m\u00e9canisme de levage est d'une efficacit\u00e9 remarquable. La robustesse de la machine est exceptionnelle, m\u00eame dans nos conditions climatiques froides et humides. Nous accomplissons davantage de travail avec moins d'efforts, et c'est inestimable. \u00bb<\/p>\n<p><strong>\u2013 Marco, Br\u00e9sil<\/strong><br \/>\n\u00ab En tant que propri\u00e9taire d'une exploitation agricole de taille moyenne, j'ai trouv\u00e9 cette machine parfaitement adapt\u00e9e \u00e0 nos besoins. La 9JYY-4.5 a augment\u00e9 notre productivit\u00e9 et nos employ\u00e9s sont beaucoup plus en s\u00e9curit\u00e9 maintenant qu'ils n'ont plus \u00e0 manipuler manuellement de lourdes balles de foin. De plus, le service client a \u00e9t\u00e9 excellent lorsque nous avions une question. Un excellent investissement ! \u00bb<\/p>\n<p><strong>\u2013 Henri, France<\/strong><br \/>\n\u00ab Apr\u00e8s avoir utilis\u00e9 la 9JYY-4.5 pendant quelques mois, je peux affirmer que c'est l'un des meilleurs investissements que j'aie faits pour mon exploitation. Le syst\u00e8me de ramassage et de transport des balles est rapide et efficace. De plus, son entretien est minimal, ce qui est un atout consid\u00e9rable. Je recommande vivement cette machine \u00e0 toute exploitation agricole souhaitant optimiser son fonctionnement. \u00bb<\/p>\n<p><strong>\u2013 John, Australie<\/strong><br \/>\n\u00ab Notre exploitation agricole mise sur l'efficacit\u00e9, et la 9JYY-4.5 nous a \u00e9t\u00e9 d'une aide pr\u00e9cieuse. La vitesse de ramassage et d'empilage des balles a \u00e9t\u00e9 multipli\u00e9e par dix. De plus, la machine peut traiter des balles de diff\u00e9rentes tailles, ce qui la rend tr\u00e8s polyvalente. Un achat qui en vaut vraiment la peine ! \u00bb<\/p>\n<h2>Pourquoi choisir notre produit ?<\/h2>\n<p>Choisir notre balle ronde 9JYY-4.5 <a href=\"https:\/\/farm-baler.com\/fr\/produit\/4byh-1-3-machine-a-deraciner-les-haricots-rouges\/\">Machine de pr\u00e9l\u00e8vement et de transport<\/a> Cela signifie que vous b\u00e9n\u00e9ficiez de bien plus qu'une technologie de pointe et une efficacit\u00e9 accrue. Nous vous proposons\u00a0:<\/p>\n<ul>\n<li>Services de personnalisation rapide<\/li>\n<li>Excellent service client<\/li>\n<li>Garantie de 3 ans<\/li>\n<li>Livraison rapide internationale<\/li>\n<li>Service apr\u00e8s-vente complet<\/li>\n<\/ul>\n<p>Non seulement notre produit r\u00e9pond \u00e0 vos besoins imm\u00e9diats, mais il b\u00e9n\u00e9ficie \u00e9galement de notre engagement envers la qualit\u00e9 et le service. Nous vous accompagnons tout au long de la dur\u00e9e de vie du produit.<\/p>\n<h2>D\u00e9couvrez nos produits<\/h2>\n<p>Outre le 9JYY-4.5, nous proposons \u00e9galement une vaste gamme d'\u00e9quipements et d'accessoires compl\u00e9mentaires. Notre capacit\u00e9 de production garantit la haute qualit\u00e9 de tous nos produits. Nous sommes fiers d'offrir des prix tr\u00e8s comp\u00e9titifs et un service apr\u00e8s-vente complet. Consultez notre gamme de produits et contactez-nous d\u00e8s aujourd'hui pour obtenir un devis\u00a0!<\/p>\n<h2>FAQ<\/h2>\n<p><strong>Quelles sont les principales caract\u00e9ristiques de la machine de ramassage et de transport de balles rondes 9JYY-4.5 ?<\/strong><\/p>\n<p>La machine poss\u00e8de des caract\u00e9ristiques telles qu'une prise en main facile des balles, des capacit\u00e9s de transport efficaces, une compatibilit\u00e9 avec diff\u00e9rentes tailles de balles et un syst\u00e8me de levage hydraulique durable.<\/p>\n<p><strong>Le mod\u00e8le 9JYY-4.5 peut-il traiter des balles de diff\u00e9rentes tailles\u00a0?<\/strong><\/p>\n<p>Oui, la machine est con\u00e7ue pour traiter des balles rondes de diff\u00e9rentes tailles, ce qui la rend polyvalente pour les exploitations agricoles ayant des besoins vari\u00e9s en mati\u00e8re de balles.<\/p>\n<p><strong>Quelle est la garantie de la machine 9JYY-4.5\u00a0?<\/strong><\/p>\n<p>Nous offrons une garantie de 3 ans sur le 9JYY-4.5, vous assurant ainsi un fonctionnement fiable de votre machine pour les ann\u00e9es \u00e0 venir.<\/p>\n<p><strong>La machine 9JYY-4.5 est-elle facile \u00e0 entretenir\u00a0?<\/strong><\/p>\n<p>L'entretien est simple et n\u00e9cessite une inspection, une lubrification et un nettoyage r\u00e9guliers. Sa conception facilite la maintenance afin de minimiser les temps d'arr\u00eat.<\/p>\n<p><strong>Puis-je utiliser le 9JYY-4.5 sur un terrain accident\u00e9\u00a0?<\/strong><\/p>\n<p>Oui, gr\u00e2ce \u00e0 ses roues r\u00e9sistantes et \u00e0 sa conception robuste, cette machine est adapt\u00e9e \u00e0 une utilisation sur divers terrains, y compris les champs accident\u00e9s.<\/p>\n<p><strong>Quels types d'exploitations agricoles b\u00e9n\u00e9ficient le plus du 9JYY-4.5 ?<\/strong><\/p>\n<p>Les exploitations agricoles de grande taille produisant du foin, de la paille ou de la biomasse en tireront le plus grand b\u00e9n\u00e9fice, mais les exploitations de taille moyenne pourront \u00e9galement trouver une grande utilit\u00e9 \u00e0 cette machine.<\/p>\n<p><strong>Comment le 9JYY-4.5 am\u00e9liore-t-il l'efficacit\u00e9 agricole\u00a0?<\/strong><\/p>\n<p>En automatisant le processus de ramassage, de transport et d'empilage des balles, la machine permet de gagner du temps, de r\u00e9duire les co\u00fbts de main-d'\u0153uvre et de pr\u00e9venir les blessures.<\/p>\n<p><strong>Le 9JYY-4.5 est-il facile \u00e0 utiliser\u00a0?<\/strong><\/p>\n<p>Oui, il poss\u00e8de un syst\u00e8me de commande intuitif qui simplifie son utilisation, m\u00eame pour les personnes n'ayant pas de formation technique approfondie.<\/p>\n<p><strong>Quelle est la dur\u00e9e de vie de la batterie 9JYY-4.5\u00a0?<\/strong><\/p>\n<p>Avec un entretien appropri\u00e9, le 9JYY-4.5 peut durer de nombreuses ann\u00e9es, offrant des performances durables dans divers environnements agricoles.<\/p>\n<p><strong>Existe-t-il un programme de formation pour l'utilisation du 9JYY-4.5\u00a0?<\/strong><\/p>\n<p>Oui, nous fournissons des supports de formation et une assistance pour garantir un fonctionnement optimal et une efficacit\u00e9 maximale de votre nouvelle machine.<\/p>\n<p><strong>Le mod\u00e8le 9JYY-4.5 peut-il traiter des balles humides\u00a0?<\/strong><\/p>\n<p>Oui, la machine est con\u00e7ue pour traiter aussi bien les balles s\u00e8ches que les balles l\u00e9g\u00e8rement humides, ce qui la rend polyvalente dans diff\u00e9rentes conditions m\u00e9t\u00e9orologiques.<\/p>\n<p><strong>Le mod\u00e8le 9JYY-4.5 est-il \u00e9conome en \u00e9nergie\u00a0?<\/strong><\/p>\n<p>Oui, la machine est con\u00e7ue dans un souci d'efficacit\u00e9 \u00e9nerg\u00e9tique, contribuant ainsi \u00e0 r\u00e9duire les co\u00fbts d'exploitation et l'impact environnemental.<\/p>\n<p><strong>Le mod\u00e8le 9JYY-4.5 peut-il traiter plusieurs balles simultan\u00e9ment\u00a0?<\/strong><\/p>\n<p>La machine peut traiter une balle \u00e0 la fois, mais elle peut transporter rapidement un grand nombre de balles, am\u00e9liorant ainsi la productivit\u00e9 globale.<\/p>\n<p><strong>Le 9JYY-4.5 poss\u00e8de-t-il une capacit\u00e9 de charge utile \u00e9lev\u00e9e\u00a0?<\/strong><\/p>\n<p>Oui, il est con\u00e7u pour supporter une charge utile \u00e9lev\u00e9e, vous permettant de transporter facilement de grosses balles de foin.<\/p>\n<p><strong>Quelle est la meilleure fa\u00e7on de stocker la machine 9JYY-4.5\u00a0?<\/strong><\/p>\n<p>Rangez la machine dans un endroit sec et s\u00fbr pour la prot\u00e9ger des intemp\u00e9ries. Un entretien r\u00e9gulier garantit son fonctionnement optimal.<\/p>\n<p>&nbsp;<\/p>","protected":false},"excerpt":{"rendered":"<p>D\u00e9couvrez la ramasseuse-transporteuse de balles rondes 9JYY-4.5, con\u00e7ue pour une manutention efficace et \u00e0 haut rendement. Con\u00e7ue pour am\u00e9liorer la productivit\u00e9 agricole, cette machine robuste et facile d'utilisation assure une collecte et un transport fluides des balles. Optimisez l'efficacit\u00e9 de votre exploitation d\u00e8s aujourd'hui\u00a0: investissez dans une technologie fiable et de pointe. Commandez la v\u00f4tre maintenant pour des op\u00e9rations plus rapides et un meilleur rendement\u00a0!<\/p>","protected":false},"featured_media":263,"template":"","meta":{"_et_pb_use_builder":"","_et_pb_old_content":"","_et_gb_content_width":""},"product_brand":[],"product_cat":[27],"product_tag":[],"class_list":{"0":"post-212","1":"product","2":"type-product","3":"status-publish","4":"has-post-thumbnail","6":"product_cat-other-series-products","8":"first","9":"instock","10":"shipping-taxable","11":"product-type-simple"},"_links":{"self":[{"href":"https:\/\/farm-baler.com\/fr\/wp-json\/wp\/v2\/product\/212","targetHints":{"allow":["GET"]}}],"collection":[{"href":"https:\/\/farm-baler.com\/fr\/wp-json\/wp\/v2\/product"}],"about":[{"href":"https:\/\/farm-baler.com\/fr\/wp-json\/wp\/v2\/types\/product"}],"wp:featuredmedia":[{"embeddable":true,"href":"https:\/\/farm-baler.com\/fr\/wp-json\/wp\/v2\/media\/263"}],"wp:attachment":[{"href":"https:\/\/farm-baler.com\/fr\/wp-json\/wp\/v2\/media?parent=212"}],"wp:term":[{"taxonomy":"product_brand","embeddable":true,"href":"https:\/\/farm-baler.com\/fr\/wp-json\/wp\/v2\/product_brand?post=212"},{"taxonomy":"product_cat","embeddable":true,"href":"https:\/\/farm-baler.com\/fr\/wp-json\/wp\/v2\/product_cat?post=212"},{"taxonomy":"product_tag","embeddable":true,"href":"https:\/\/farm-baler.com\/fr\/wp-json\/wp\/v2\/product_tag?post=212"}],"curies":[{"name":"wp","href":"https:\/\/api.w.org\/{rel}","templated":true}]}}