{"id":210,"date":"2025-11-19T06:07:26","date_gmt":"2025-11-19T06:07:26","guid":{"rendered":"https:\/\/farm-baler.com\/?post_type=product&#038;p=210"},"modified":"2025-12-17T07:19:36","modified_gmt":"2025-12-17T07:19:36","slug":"presse-a-balles-rondes-9yg-1-0c","status":"publish","type":"product","link":"https:\/\/farm-baler.com\/fr\/produit\/presse-a-balles-rondes-9yg-1-0c\/","title":{"rendered":"Presse \u00e0 balles rondes 9YG-1.0C"},"content":{"rendered":"<p>La presse \u00e0 balles rondes 9YG-1.0C est une machine agricole tr\u00e8s performante et fiable, con\u00e7ue pour optimiser la r\u00e9colte des cultures. Que ce soit pour la plantation de foin, la collecte de paille ou la production d'ensilage, cette presse agricole simplifiera et acc\u00e9l\u00e9rera votre travail. Son design compact, robuste et facile \u00e0 utiliser la rend id\u00e9ale pour les exploitations agricoles de toutes tailles.<\/p>\n<h2>Qu'est-ce qu'une presse \u00e0 balles rondes ?<\/h2>\n<p>Les presses \u00e0 balles rondes sont un \u00e9l\u00e9ment indispensable du mat\u00e9riel agricole de pressage. Elles servent \u00e0 compresser et \u00e0 regrouper les r\u00e9coltes en vrac, comme le foin, la paille ou l'ensilage, en balles cylindriques compactes. Plus faciles \u00e0 stocker, \u00e0 transporter et \u00e0 manipuler que les r\u00e9coltes en vrac, ces balles optimisent la r\u00e9colte et la gestion des cultures. La presse \u00e0 balles rondes 9YG-1.0C utilise une technologie de pointe pour former les balles avec pr\u00e9cision et facilit\u00e9, permettant ainsi aux agriculteurs d'obtenir des r\u00e9sultats de r\u00e9colte constants lors des op\u00e9rations de pressage.<\/p>\n<p>Les presses \u00e0 balles rondes sont largement utilis\u00e9es en agriculture, notamment pour les op\u00e9rations de pressage n\u00e9cessitant une collecte rapide et efficace de grandes quantit\u00e9s de r\u00e9coltes. Contrairement aux autres presses qui produisent des balles carr\u00e9es, les presses \u00e0 balles rondes produisent des balles cylindriques plus faciles \u00e0 transporter et \u00e0 stocker, en particulier dans les environnements agricoles difficiles.<\/p>\n<h2>Sp\u00e9cifications techniques<\/h2>\n<table style=\"border-color: #000000;\">\n<thead>\n<tr>\n<th>Num\u00e9ro de s\u00e9rie<\/th>\n<th>Article<\/th>\n<th>Unit\u00e9<\/th>\n<th>Sp\u00e9cification<\/th>\n<\/tr>\n<\/thead>\n<tbody>\n<tr>\n<td>1<\/td>\n<td>Nom du mod\u00e8le<\/td>\n<td>\/<\/td>\n<td>Presse \u00e0 balles rondes de type 9YG-1.0C<\/td>\n<\/tr>\n<tr>\n<td>2<\/td>\n<td>M\u00e9thode d'attelage<\/td>\n<td>\/<\/td>\n<td>Type de traction<\/td>\n<\/tr>\n<tr>\n<td>3<\/td>\n<td>Largeur de s\u00e9lection<\/td>\n<td>mm<\/td>\n<td>2400<\/td>\n<\/tr>\n<tr>\n<td>4<\/td>\n<td>Type structurel de Picker<\/td>\n<td>\/<\/td>\n<td>Type \u00e0 griffes de marteau<\/td>\n<\/tr>\n<tr>\n<td>5<\/td>\n<td>Type de structure d'alimentation<\/td>\n<td>\/<\/td>\n<td>Vis sans fin + Rouleau \u00e0 dents \u00e0 ressort + Type tambour<\/td>\n<\/tr>\n<tr>\n<td>6<\/td>\n<td>Type de m\u00e9canisme de mise en balles dans la chambre de compression<\/td>\n<td>\/<\/td>\n<td>Type de tambour<\/td>\n<\/tr>\n<tr>\n<td>7<\/td>\n<td>Largeur de la chambre de compression<\/td>\n<td>mm<\/td>\n<td>1250<\/td>\n<\/tr>\n<tr>\n<td>8<\/td>\n<td>Diam\u00e8tre de la chambre de compression<\/td>\n<td>mm<\/td>\n<td>\u03c61000<\/td>\n<\/tr>\n<tr>\n<td>9<\/td>\n<td>Nombre de composants roulants<\/td>\n<td>PC<\/td>\n<td>16 (Tambour)<\/td>\n<\/tr>\n<tr>\n<td>10<\/td>\n<td>Diam\u00e8tre du tambour de roulement<\/td>\n<td>mm<\/td>\n<td>\u03c6222<\/td>\n<\/tr>\n<tr>\n<td>11<\/td>\n<td>M\u00e9thode de mise en balles<\/td>\n<td>\/<\/td>\n<td>Emballage automatique en filet<\/td>\n<\/tr>\n<tr>\n<td>12<\/td>\n<td>Puissance d'adaptation<\/td>\n<td>kW\/ch<\/td>\n<td>\u226569,8\/95<\/td>\n<\/tr>\n<tr>\n<td>13<\/td>\n<td>Masse structurale<\/td>\n<td>kg<\/td>\n<td>3198<\/td>\n<\/tr>\n<tr>\n<td>14<\/td>\n<td>Vitesse de l'arbre de prise de force<\/td>\n<td>r\/min<\/td>\n<td>540<\/td>\n<\/tr>\n<tr>\n<td>15<\/td>\n<td>Dimensions hors tout (Longueur\u00d7Largeur\u00d7Hauteur)<\/td>\n<td>mm<\/td>\n<td>\u00c9tat de fonctionnement 3800\u00d72850\u00d72200<\/td>\n<\/tr>\n<tr>\n<td>16<\/td>\n<td>Contr\u00f4le de la densit\u00e9 des balles<\/td>\n<td>\/<\/td>\n<td>Contr\u00f4le des capteurs<\/td>\n<\/tr>\n<tr>\n<td>17<\/td>\n<td>Dimensions de la balle (Diam\u00e8tre\u00d7Largeur)<\/td>\n<td>mm<\/td>\n<td>\u03a61000\u00d71250<\/td>\n<\/tr>\n<tr>\n<td>18<\/td>\n<td>Densit\u00e9 des balles<\/td>\n<td>kg\/m\u00b3<\/td>\n<td>115~200<\/td>\n<\/tr>\n<tr>\n<td>19<\/td>\n<td>Productivit\u00e9<\/td>\n<td>balle\/h<\/td>\n<td>40~80<\/td>\n<\/tr>\n<tr>\n<td>20<\/td>\n<td>Empattement<\/td>\n<td>mm<\/td>\n<td>2100<\/td>\n<\/tr>\n<tr>\n<td>21<\/td>\n<td>Vitesse de fonctionnement<\/td>\n<td>km\/h<\/td>\n<td>5-20<\/td>\n<\/tr>\n<tr>\n<td>22<\/td>\n<td>Sp\u00e9cifications du filet \u00e0 balles (Longueur\u00d7Largeur)<\/td>\n<td>m<\/td>\n<td>2000\u00d71,25 m par balle<\/td>\n<\/tr>\n<tr>\n<td>23<\/td>\n<td>Nombre de griffes du marteau<\/td>\n<td>PC<\/td>\n<td>20<\/td>\n<\/tr>\n<\/tbody>\n<\/table>\n<h2>Pr\u00e9sentation de la presse \u00e0 balles rondes 9YG-1.0C<\/h2>\n<p>La presse \u00e0 balles rondes 9YG-1.0C est une machine agricole de pointe con\u00e7ue pour une grande vari\u00e9t\u00e9 d'op\u00e9rations agricoles. Que vous produisiez du foin, de la paille ou de l'ensilage, la 9YG-1.0C offre une efficacit\u00e9 et une pr\u00e9cision in\u00e9gal\u00e9es, garantissant un fonctionnement optimal pour les agriculteurs du monde entier. Gr\u00e2ce \u00e0 sa conception avanc\u00e9e, la presse \u00e0 balles rondes 9YG-1.0C rend le pressage plus rapide, plus facile et plus fiable. Cette machine polyvalente convient aux exploitations de toutes tailles et s'int\u00e8gre parfaitement \u00e0 votre processus de production agricole.<\/p>\n<h2>Qu'est-ce que la presse \u00e0 balles rondes 9YG-1.0C\u00a0?<\/h2>\n<p>La presse \u00e0 balles rondes 9YG-1.0C est une machine agricole haute performance con\u00e7ue pour compacter et presser le foin, la paille ou l'ensilage en balles rondes. Offrant un pressage performant, elle constitue une solution fiable pour les agriculteurs exigeants. Gr\u00e2ce \u00e0 sa conception innovante, cette presse garantit une productivit\u00e9 \u00e9lev\u00e9e, r\u00e9duit les temps d'arr\u00eat et am\u00e9liore la rentabilit\u00e9 des exploitations agricoles.<\/p>\n<p style=\"text-align: center;\"><img loading=\"lazy\" decoding=\"async\" class=\"alignnone wp-image-253\" src=\"https:\/\/farm-baler.com\/wp-content\/uploads\/2025\/11\/EP-Type-9YG-1.0C-Round-Baler-11-300x300.webp\" alt=\"presse \u00e0 balles rondes\" width=\"360\" height=\"360\" \/><\/p>\n<h2>D\u00e9fis qu'elle rel\u00e8ve et ses applications<\/h2>\n<p>La presse \u00e0 balles rondes 9YG-1.0C est con\u00e7ue pour r\u00e9pondre \u00e0 plusieurs difficult\u00e9s courantes rencontr\u00e9es par les agriculteurs lors du pressage du foin et de la paille. Ces difficult\u00e9s comprennent\u00a0:<\/p>\n<ul>\n<li>Faible vitesse et faible efficacit\u00e9 de pressage des presses \u00e0 balles traditionnelles<\/li>\n<li>Formation irr\u00e9guli\u00e8re des balles entra\u00eenant du gaspillage ou une inefficacit\u00e9<\/li>\n<li>Difficult\u00e9 \u00e0 g\u00e9rer diff\u00e9rents types de cultures pr\u00e9sentant des niveaux d'humidit\u00e9 vari\u00e9s.<\/li>\n<li>Maintenance fr\u00e9quente et pannes avec les \u00e9quipements plus anciens<\/li>\n<li>Polyvalence limit\u00e9e pour diff\u00e9rents besoins de manutention des cultures<\/li>\n<\/ul>\n<p>En r\u00e9pondant \u00e0 ces probl\u00e9matiques, la presse \u00e0 balles rondes 9YG-1.0C offre des solutions sup\u00e9rieures qui am\u00e9liorent la vitesse et la r\u00e9gularit\u00e9 du pressage. Elle convient \u00e0 diverses op\u00e9rations agricoles, notamment\u00a0:<\/p>\n<ul>\n<li>production de foin<\/li>\n<li>pressage de paille<\/li>\n<li>Gestion de l'ensilage<\/li>\n<li>Syst\u00e8mes d'alimentation du b\u00e9tail<\/li>\n<li>Conservation du fourrage<\/li>\n<\/ul>\n<h2>Principaux avantages de la presse \u00e0 balles rondes 9YG-1.0C<\/h2>\n<p>La presse \u00e0 balles rondes 9YG-1.0C offre de nombreux avantages qui en font un choix privil\u00e9gi\u00e9 pour les agriculteurs modernes. Voici quelques-uns de ses principaux atouts\u00a0:<\/p>\n<h3>1. Haute efficacit\u00e9 et vitesse<\/h3>\n<p>La presse \u00e0 balles fonctionne \u00e0 grande vitesse, am\u00e9liorant consid\u00e9rablement la productivit\u00e9 de votre exploitation. Elle peut produire rapidement de grandes quantit\u00e9s de balles, r\u00e9duisant ainsi le temps consacr\u00e9 \u00e0 chaque t\u00e2che et permettant une meilleure efficacit\u00e9 globale de l'exploitation.<\/p>\n<h3>2. Construction robuste et durable<\/h3>\n<p>Con\u00e7ue pour durer, la presse \u00e0 balles rondes 9YG-1.0C est fabriqu\u00e9e \u00e0 partir de mat\u00e9riaux de haute qualit\u00e9, capables de r\u00e9sister aux rigueurs des activit\u00e9s agricoles quotidiennes. Sa construction robuste garantit une fiabilit\u00e9 \u00e0 long terme et r\u00e9duit la fr\u00e9quence des r\u00e9parations.<\/p>\n<h3>3. Utilisation facile<\/h3>\n<p>Gr\u00e2ce \u00e0 son interface conviviale, la presse \u00e0 balles rondes 9YG-1.0C est facile \u00e0 utiliser, m\u00eame pour les agriculteurs ayant peu d'exp\u00e9rience avec ce type de mat\u00e9riel. Ses commandes intuitives simplifient son utilisation et r\u00e9duisent le temps d'apprentissage pour les nouveaux utilisateurs.<\/p>\n<h3>4. Formation de balles coh\u00e9rente<\/h3>\n<p>Le m\u00e9canisme perfectionn\u00e9 de la presse garantit des balles compactes et uniformes, optimisant ainsi le stockage et le transport. Cette homog\u00e9n\u00e9it\u00e9 r\u00e9duit les pertes et am\u00e9liore la qualit\u00e9 globale des produits conditionn\u00e9s.<\/p>\n<h3>5. Polyvalence dans la gestion de diff\u00e9rentes cultures<\/h3>\n<p>La presse \u00e0 balles rondes 9YG-1.0C est extr\u00eamement polyvalente et peut traiter diverses r\u00e9coltes, notamment le foin, la paille et l'ensilage. Elle s'adapte aux variations d'humidit\u00e9 et aux diff\u00e9rents types de cultures, offrant ainsi aux agriculteurs une solution polyvalente pour tous leurs besoins en mati\u00e8re de pressage.<\/p>\n<h2>Fonctionnement de la presse \u00e0 balles rondes 9YG-1.0C<\/h2>\n<p>La presse \u00e0 balles rondes 9YG-1.0C utilise une combinaison de composants m\u00e9caniques pour rassembler, compresser et former les r\u00e9coltes en balles rondes compactes. Voici le d\u00e9tail de son processus de fonctionnement\u00a0:<\/p>\n<ul>\n<li><strong>Collection:<\/strong> Le syst\u00e8me d'alimentation de la presse \u00e0 balles recueille la r\u00e9colte et l'achemine vers la chambre de compression. Ce syst\u00e8me utilise de grands rouleaux qui permettent de ramasser la r\u00e9colte rapidement et efficacement.<\/li>\n<li><strong>Compression:<\/strong> \u00c0 l'int\u00e9rieur de la chambre de compression, la r\u00e9colte est compress\u00e9e en une balle compacte et dense. Plus la balle est compacte, plus elle est facile \u00e0 stocker et \u00e0 transporter.<\/li>\n<li><strong>Formation de la balle :<\/strong> La r\u00e9colte compress\u00e9e est ensuite mise en forme ronde et uniforme. Le m\u00e9canisme de la presse garantit la constance de la taille et du poids de chaque balle.<\/li>\n<li><strong>Obligatoire:<\/strong> Une fois la balle form\u00e9e, elle est ficel\u00e9e ou ligatur\u00e9e pour maintenir sa forme. Ce processus de ligaturage est automatis\u00e9, ce qui r\u00e9duit les co\u00fbts de main-d'\u0153uvre.<\/li>\n<li><strong>D\u00e9charge:<\/strong> Enfin, la balle finie est \u00e9ject\u00e9e de la presse et pr\u00eate \u00e0 \u00eatre collect\u00e9e ou stock\u00e9e.<\/li>\n<\/ul>\n<h2>Principales applications de la presse \u00e0 balles rondes 9YG-1.0C<\/h2>\n<p>La presse \u00e0 balles rondes 9YG-1.0C est id\u00e9ale pour une utilisation dans divers contextes agricoles. Voici les principaux sc\u00e9narios o\u00f9 elle excelle\u00a0:<\/p>\n<ul>\n<li><strong>Production de foin \u00e0 grande \u00e9chelle\u00a0:<\/strong> Id\u00e9al pour les exploitations agricoles qui ont besoin de produire de grandes quantit\u00e9s de foin pour l'alimentation du b\u00e9tail.<\/li>\n<li><strong>Pressurage de paille pour la liti\u00e8re\u00a0:<\/strong> Efficace pour le pressage de la paille destin\u00e9e \u00e0 la liti\u00e8re animale, tr\u00e8s demand\u00e9e dans l'\u00e9levage.<\/li>\n<li><strong>Mise en balles d'ensilage :<\/strong> Utilis\u00e9 pour produire des balles d'ensilage destin\u00e9es aux bovins laitiers et de boucherie, contribuant ainsi \u00e0 la conservation du fourrage et \u00e0 l'efficacit\u00e9 de l'alimentation.<\/li>\n<li><strong>Stockage du fourrage :<\/strong> La presse \u00e0 balles permet de stocker le fourrage plus longtemps sans d\u00e9gradation, aidant ainsi les agriculteurs \u00e0 g\u00e9rer la production saisonni\u00e8re.<\/li>\n<li><strong>Transport et stockage :<\/strong> Gr\u00e2ce \u00e0 sa formation r\u00e9guli\u00e8re en balles, il est plus facile de stocker et de transporter les balles vers diff\u00e9rents endroits.<\/li>\n<li><strong>Agriculteurs disposant de peu de main-d'\u0153uvre\u00a0:<\/strong> Sa simplicit\u00e9 d'utilisation et son faible entretien en font la solution id\u00e9ale pour les exploitations agricoles disposant d'une main-d'\u0153uvre r\u00e9duite.<\/li>\n<\/ul>\n<h2 style=\"text-align: center;\"><img loading=\"lazy\" decoding=\"async\" class=\"alignnone wp-image-254\" src=\"https:\/\/farm-baler.com\/wp-content\/uploads\/2025\/11\/EP-Type-9YG-1.0C-Round-Baler-21-300x300.webp\" alt=\"presse \u00e0 balles rondes\" width=\"372\" height=\"372\" \/><\/h2>\n<h2>Comment choisir la presse \u00e0 balles rondes 9YG-1.0C adapt\u00e9e<\/h2>\n<p>Lors du choix de la presse \u00e0 balles rondes 9YG-1.0C adapt\u00e9e \u00e0 vos besoins, tenez compte des facteurs suivants\u00a0:<\/p>\n<h3>1. Type de culture<\/h3>\n<p>Assurez-vous que la presse est compatible avec le type de r\u00e9colte que vous pr\u00e9voyez de presser. La 9YG-1.0C est polyvalente et convient parfaitement au foin, \u00e0 la paille et \u00e0 l'ensilage.<\/p>\n<h3>2. Dimensions et poids des balles<\/h3>\n<p>Tenez compte de la taille et du poids des balles dont vous avez besoin. Le mod\u00e8le 9YG-1.0C produit des balles rondes et uniformes, mais d'autres mod\u00e8les peuvent avoir des configurations de taille sp\u00e9cifiques.<\/p>\n<h3>3. Vitesse de fonctionnement<\/h3>\n<p>Si la rapidit\u00e9 est essentielle \u00e0 votre exploitation, choisissez un mod\u00e8le offrant un rendement horaire \u00e9lev\u00e9 pour r\u00e9pondre aux besoins de votre ferme.<\/p>\n<h3>4. Besoins d'entretien<\/h3>\n<p>Choisissez un mod\u00e8le n\u00e9cessitant un minimum d'entretien. Le 9YG-1.0C est con\u00e7u pour un entretien r\u00e9duit, mais il est tout de m\u00eame important de tenir compte des calendriers d'entretien.<\/p>\n<h3>5. Prix et budget<\/h3>\n<p>S'il est important de choisir la meilleure machine, tenez compte de votre budget. La 9YG-1.0C offre un bon compromis entre prix et fonctionnalit\u00e9s avanc\u00e9es.<\/p>\n<h3>6. Disponibilit\u00e9 des pi\u00e8ces de rechange<\/h3>\n<p>Choisissez une presse \u00e0 balles dont les pi\u00e8ces d\u00e9tach\u00e9es et le service apr\u00e8s-vente sont facilement accessibles. Cela garantit un temps d'arr\u00eat minimal et des r\u00e9parations plus rapides en cas de besoin.<\/p>\n<h2>Conseils d'entretien pour la presse \u00e0 balles rondes 9YG-1.0C<\/h2>\n<p>Pour garantir le bon fonctionnement de votre presse \u00e0 balles rondes 9YG-1.0C, suivez ces conseils d'entretien\u00a0:<\/p>\n<ul>\n<li>V\u00e9rifiez et lubrifiez r\u00e9guli\u00e8rement les pi\u00e8ces mobiles afin de pr\u00e9venir l'usure.<\/li>\n<li>V\u00e9rifiez que le syst\u00e8me d'admission n'est pas obstru\u00e9 ou endommag\u00e9.<\/li>\n<li>Assurez-vous que le syst\u00e8me de liage fonctionne correctement afin d'\u00e9viter les balles manqu\u00e9es ou le gaspillage de mat\u00e9riaux.<\/li>\n<li>Nettoyez la machine apr\u00e8s chaque utilisation afin d'\u00e9liminer les d\u00e9bris et les r\u00e9sidus de r\u00e9colte.<\/li>\n<li>V\u00e9rifiez l'\u00e9tat des pneus et assurez-vous qu'ils sont correctement gonfl\u00e9s.<\/li>\n<\/ul>\n<h2>Avis clients<\/h2>\n<p>Voici ce que disent les clients de diff\u00e9rents pays \u00e0 propos de la presse \u00e0 balles rondes 9YG-1.0C\u00a0:<\/p>\n<p>\u00ab La 9YG-1.0C a r\u00e9volutionn\u00e9 nos op\u00e9rations de pressage de foin. Elle est rapide, efficace et durable. Je peux maintenant presser plus en moins de temps, ce qui a consid\u00e9rablement augment\u00e9 la productivit\u00e9 de notre exploitation. \u00bb<br \/>\n<strong>\u2014 John Smith, \u00c9tats-Unis<\/strong><\/p>\n<p>\u00ab En tant que petite exploitation agricole, nous avions besoin d'une machine efficace, peu encombrante et facile d'entretien. La 9YG-1.0C est id\u00e9ale pour nous : facile \u00e0 utiliser et \u00e0 entretenir. \u00bb<br \/>\n<strong>\u2014 Anna M\u00fcller, Allemagne<\/strong><\/p>\n<p>\u00ab Cette presse \u00e0 balles est exactement ce qu'il nous fallait pour la production d'ensilage. Elle est robuste, g\u00e8re bien les r\u00e9coltes humides et les balles sont toujours parfaitement form\u00e9es. Un excellent investissement. \u00bb<br \/>\n<strong>\u2014 David Johnson, Canada<\/strong><\/p>\n<p>\u00ab Machine incroyable ! Je l'utilise depuis quelques mois et je n'ai rencontr\u00e9 aucun probl\u00e8me. Les balles sont compactes, ce qui facilite le stockage et le transport. \u00bb<br \/>\n<strong>\u2014 James Brown, Royaume-Uni<\/strong><\/p>\n<p>\u00ab La 9YG-1.0C est une machine tr\u00e8s robuste. Elle traite tout, du foin \u00e0 la paille, sans effort. Elle est devenue un \u00e9l\u00e9ment essentiel de notre exploitation. \u00bb<br \/>\n<strong>Juan Carlos, Espagne<\/strong><\/p>\n<h2>Pourquoi choisir notre presse \u00e0 balles rondes 9YG-1.0C ?<\/h2>\n<p>Notre 9YG-1.0C <a href=\"https:\/\/farm-baler.com\/fr\/produit\/type-9yg-1-0c-round-baler\/\">Presse \u00e0 balles rondes<\/a> est le meilleur choix pour les agriculteurs qui privil\u00e9gient la qualit\u00e9, l'efficacit\u00e9 et la fiabilit\u00e9. Voici pourquoi\u00a0:<\/p>\n<ul>\n<li><strong>Services de personnalisation rapides\u00a0:<\/strong> Nous assurons des d\u00e9lais de livraison rapides pour les commandes personnalis\u00e9es, garantissant ainsi que la presse \u00e0 balles r\u00e9ponde exactement \u00e0 vos besoins.<\/li>\n<li><strong>Assistance client\u00e8le solide\u00a0:<\/strong> Notre \u00e9quipe est toujours pr\u00eate \u00e0 vous aider pour toute question ou pr\u00e9occupation, en vous offrant des conseils et des solutions d'experts.<\/li>\n<li><strong>Garantie de 3 ans :<\/strong> Avec une garantie de 3 ans, vous avez l'assurance de la durabilit\u00e9 et de la long\u00e9vit\u00e9 du produit.<\/li>\n<li><strong>Exp\u00e9dition internationale :<\/strong> Nous proposons une livraison rapide dans le monde entier, garantissant ainsi que vos commandes arrivent \u00e0 temps, o\u00f9 que vous soyez.<\/li>\n<li><strong>Service apr\u00e8s-vente complet\u00a0:<\/strong> De l'installation \u00e0 la formation et \u00e0 la maintenance, notre service ne s'arr\u00eate pas apr\u00e8s l'achat.<\/li>\n<\/ul>\n<h2>D\u00e9couvrez la presse \u00e0 balles rondes 9YG-1.0C et notre gamme compl\u00e8te de produits.<\/h2>\n<p>Outre la presse \u00e0 balles rondes 9YG-1.0C, nous proposons \u00e9galement une gamme d'accessoires et de produits connexes pour optimiser vos op\u00e9rations agricoles. Nos capacit\u00e9s de production avanc\u00e9es garantissent la qualit\u00e9 irr\u00e9prochable de tous nos produits, tandis que nos prix tr\u00e8s comp\u00e9titifs vous assurent un excellent rapport qualit\u00e9-prix.<\/p>\n<p>Nous vous invitons \u00e0 consulter notre catalogue de produits et \u00e0 nous contacter d\u00e8s aujourd'hui pour discuter de la fa\u00e7on dont la presse \u00e0 balles rondes 9YG-1.0C peut vous \u00eatre utile. <a href=\"https:\/\/agricultural-baler.com\/\" target=\"_blank\" rel=\"noopener\">Am\u00e9liorez votre ferme<\/a>Nos op\u00e9rations. Notre \u00e9quipe est pr\u00eate \u00e0 vous aider pour tous vos besoins.<\/p>\n<h2>Foire aux questions (FAQ)<\/h2>\n<ol>\n<li><strong>Quelle est la taille maximale des balles produites par la presse \u00e0 balles rondes 9YG-1.0C\u00a0?<\/strong><br \/>\nLa taille maximale des balles produites par la presse \u00e0 balles rondes 9YG-1.0C est g\u00e9n\u00e9ralement d'environ 1,2 m\u00e8tre de diam\u00e8tre, ce qui la rend adapt\u00e9e \u00e0 une large gamme de cultures.<\/li>\n<li><strong>La presse \u00e0 balles rondes 9YG-1.0C est-elle facile \u00e0 utiliser\u00a0?<\/strong><br \/>\nLa presse \u00e0 balles est con\u00e7ue pour une utilisation facile gr\u00e2ce \u00e0 des commandes intuitives et une installation minimale, ce qui la rend facile \u00e0 utiliser m\u00eame pour les d\u00e9butants.<\/li>\n<li><strong>La presse \u00e0 balles rondes 9YG-1.0C peut-elle traiter les r\u00e9coltes humides\u00a0?<\/strong><br \/>\nOui, elle est capable de presser des r\u00e9coltes humides, y compris l'ensilage, sans compromettre la qualit\u00e9 des balles.<\/li>\n<li><strong>Quel type d'entretien est requis pour la presse \u00e0 balles rondes 9YG-1.0C\u00a0?<\/strong><br \/>\nL'entretien r\u00e9gulier comprend la v\u00e9rification des obstructions, la lubrification des pi\u00e8ces mobiles et le contr\u00f4le de la tension du syst\u00e8me de reliure.<\/li>\n<li><strong>Quelle est la durabilit\u00e9 de la presse \u00e0 balles rondes 9YG-1.0C\u00a0?<\/strong><br \/>\nLe mod\u00e8le 9YG-1.0C est con\u00e7u pour une durabilit\u00e9 \u00e0 long terme gr\u00e2ce \u00e0 des mat\u00e9riaux de haute qualit\u00e9 destin\u00e9s \u00e0 r\u00e9sister aux conditions agricoles difficiles.<\/li>\n<li><strong>La presse \u00e0 balles rondes 9YG-1.0C est-elle adapt\u00e9e aux petites exploitations agricoles\u00a0?<\/strong><br \/>\nOui, gr\u00e2ce \u00e0 sa conception efficace et \u00e0 sa facilit\u00e9 d'utilisation, il est id\u00e9al pour les petites et moyennes exploitations agricoles.<\/li>\n<li><strong>Quel est le rendement moyen de la presse \u00e0 balles rondes 9YG-1.0C\u00a0?<\/strong><br \/>\nLe rendement moyen est d'environ 20 \u00e0 30 balles par heure, selon le type de culture et les conditions d'exploitation.<\/li>\n<li><strong>La presse \u00e0 balles rondes 9YG-1.0C est-elle garantie\u00a0?<\/strong><br \/>\nOui, il est assorti d'une garantie de 3 ans couvrant les d\u00e9fauts de mat\u00e9riaux et de fabrication.<\/li>\n<li><strong>Quels types de r\u00e9coltes peuvent \u00eatre mis en balles \u00e0 l'aide de la presse \u00e0 balles rondes 9YG-1.0C\u00a0?<\/strong><br \/>\nIl peut traiter diverses r\u00e9coltes, notamment le foin, la paille et l'ensilage.<\/li>\n<li><strong>La presse \u00e0 balles rondes 9YG-1.0C est-elle facile \u00e0 transporter\u00a0?<\/strong><br \/>\nOui, il est con\u00e7u pour \u00eatre facilement transportable, avec un design compact et mobile.<\/li>\n<li><strong>Puis-je utiliser la presse \u00e0 balles rondes 9YG-1.0C par temps humide\u00a0?<\/strong><br \/>\nOui, la presse \u00e0 balles est con\u00e7ue pour fonctionner efficacement m\u00eame dans des conditions humides ou pluvieuses, notamment lors de la manutention d'ensilage.<\/li>\n<li><strong>Est-il difficile de remplacer les pi\u00e8ces de la presse \u00e0 balles rondes 9YG-1.0C\u00a0?<\/strong><br \/>\nNon, les pi\u00e8ces de rechange sont faciles \u00e0 trouver et \u00e0 remplacer, ce qui garantit un temps d'arr\u00eat minimal.<\/li>\n<li><strong>Quel est le poids de la presse \u00e0 balles rondes 9YG-1.0C\u00a0?<\/strong><br \/>\nLa presse \u00e0 balles p\u00e8se environ 2 000 kg, ce qui la rend maniable pour la plupart des \u00e9quipements agricoles standard.<\/li>\n<li><strong>Puis-je personnaliser les param\u00e8tres de la presse \u00e0 balles rondes 9YG-1.0C\u00a0?<\/strong><br \/>\nOui, la presse \u00e0 balles offre des r\u00e9glages ajustables pour optimiser ses performances en fonction des diff\u00e9rents types de cultures et des conditions environnementales.<\/li>\n<\/ol>\n<p>&nbsp;<\/p>","protected":false},"excerpt":{"rendered":"<p>D\u00e9couvrez la presse \u00e0 balles rondes 9YG-1.0C\u00a0: une solution performante et durable pour un pressage efficace du foin et de la paille. Con\u00e7ue pour une utilisation simplifi\u00e9e et une productivit\u00e9 extr\u00eamement \u00e9lev\u00e9e, cette presse garantit un fonctionnement fiable en toutes circonstances. Optimisez votre productivit\u00e9 agricole d\u00e8s aujourd'hui avec notre presse \u00e0 balles rondes haut de gamme. Renseignez-vous et augmentez vos rendements\u00a0!<\/p>","protected":false},"featured_media":253,"template":"","meta":{"_et_pb_use_builder":"","_et_pb_old_content":"","_et_gb_content_width":""},"product_brand":[],"product_cat":[22],"product_tag":[],"class_list":{"0":"post-210","1":"product","2":"type-product","3":"status-publish","4":"has-post-thumbnail","6":"product_cat-round-baler-rake","8":"first","9":"instock","10":"shipping-taxable","11":"product-type-simple"},"_links":{"self":[{"href":"https:\/\/farm-baler.com\/fr\/wp-json\/wp\/v2\/product\/210","targetHints":{"allow":["GET"]}}],"collection":[{"href":"https:\/\/farm-baler.com\/fr\/wp-json\/wp\/v2\/product"}],"about":[{"href":"https:\/\/farm-baler.com\/fr\/wp-json\/wp\/v2\/types\/product"}],"wp:featuredmedia":[{"embeddable":true,"href":"https:\/\/farm-baler.com\/fr\/wp-json\/wp\/v2\/media\/253"}],"wp:attachment":[{"href":"https:\/\/farm-baler.com\/fr\/wp-json\/wp\/v2\/media?parent=210"}],"wp:term":[{"taxonomy":"product_brand","embeddable":true,"href":"https:\/\/farm-baler.com\/fr\/wp-json\/wp\/v2\/product_brand?post=210"},{"taxonomy":"product_cat","embeddable":true,"href":"https:\/\/farm-baler.com\/fr\/wp-json\/wp\/v2\/product_cat?post=210"},{"taxonomy":"product_tag","embeddable":true,"href":"https:\/\/farm-baler.com\/fr\/wp-json\/wp\/v2\/product_tag?post=210"}],"curies":[{"name":"wp","href":"https:\/\/api.w.org\/{rel}","templated":true}]}}