{"id":502,"date":"2025-12-17T09:55:18","date_gmt":"2025-12-17T09:55:18","guid":{"rendered":"https:\/\/farm-baler.com\/?post_type=product&#038;p=502"},"modified":"2025-12-18T02:37:53","modified_gmt":"2025-12-18T02:37:53","slug":"9jyy-2-5-maquina-de-recogida-y-transporte","status":"publish","type":"product","link":"https:\/\/farm-baler.com\/es\/producto\/9jyy-2-5-maquina-de-recogida-y-transporte\/","title":{"rendered":"M\u00e1quina recolectora y transportadora de pacas redondas 9JYY-2.5"},"content":{"rendered":"<p>La recogedora y transportadora de pacas redondas 9JYY-2.5 es una revolucionaria m\u00e1quina agr\u00edcola dise\u00f1ada para la recolecci\u00f3n y el transporte eficientes de pacas. Gracias a su robusta ingenier\u00eda y tecnolog\u00eda avanzada, esta m\u00e1quina puede procesar eficientemente grandes cantidades de pacas de heno, lo que la convierte en una herramienta indispensable para las explotaciones agr\u00edcolas modernas. Ya sea para recoger pacas redondas de heno del campo o transportarlas a las \u00e1reas de almacenamiento, la 9JYY-2.5 satisface las necesidades de las explotaciones agr\u00edcolas de alto rendimiento.<\/p>\n<h2>Especificaci\u00f3n t\u00e9cnica<\/h2>\n<table style=\"border-color: #000000;\">\n<thead>\n<tr>\n<th align=\"left\">N\u00famero de serie<\/th>\n<th align=\"left\">Art\u00edculo<\/th>\n<th align=\"left\">Unidad<\/th>\n<th align=\"left\">Especificaci\u00f3n<\/th>\n<\/tr>\n<\/thead>\n<tbody>\n<tr>\n<td align=\"left\">1<\/td>\n<td align=\"left\">Nombre del producto<\/td>\n<td align=\"left\">\/<\/td>\n<td align=\"left\">Recolector y transportador de pacas redondas<\/td>\n<\/tr>\n<tr>\n<td align=\"left\">2<\/td>\n<td align=\"left\">Modelo de producto<\/td>\n<td align=\"left\">\/<\/td>\n<td align=\"left\">9JYY-2.5<\/td>\n<\/tr>\n<tr>\n<td align=\"left\">3<\/td>\n<td align=\"left\">M\u00e9todo de enganche<\/td>\n<td align=\"left\">\/<\/td>\n<td align=\"left\">Tipo remolcado<\/td>\n<\/tr>\n<tr>\n<td align=\"left\">4<\/td>\n<td align=\"left\">Modo de carga\/descarga<\/td>\n<td align=\"left\">\/<\/td>\n<td align=\"left\">Hidr\u00e1ulico<\/td>\n<\/tr>\n<tr>\n<td align=\"left\">5<\/td>\n<td align=\"left\">Capacidad m\u00e1xima de carga<\/td>\n<td align=\"left\">kilogramo<\/td>\n<td align=\"left\">2500<\/td>\n<\/tr>\n<tr>\n<td align=\"left\">6<\/td>\n<td align=\"left\">Rango de potencia correspondiente<\/td>\n<td align=\"left\">kW<\/td>\n<td align=\"left\">\u226520<\/td>\n<\/tr>\n<tr>\n<td align=\"left\">7<\/td>\n<td align=\"left\">Presi\u00f3n de trabajo<\/td>\n<td align=\"left\">MPa<\/td>\n<td align=\"left\">\u226516<\/td>\n<\/tr>\n<tr>\n<td align=\"left\">8<\/td>\n<td align=\"left\">Velocidad de transporte<\/td>\n<td align=\"left\">kil\u00f3metros por hora<\/td>\n<td align=\"left\">\u226440<\/td>\n<\/tr>\n<tr>\n<td align=\"left\">9<\/td>\n<td align=\"left\">Modelo de neum\u00e1tico<\/td>\n<td align=\"left\">\/<\/td>\n<td align=\"left\">10.0\/80-12 (Ruedas dobles)<\/td>\n<\/tr>\n<tr>\n<td align=\"left\">10<\/td>\n<td align=\"left\">Tama\u00f1o de paca cargable<\/td>\n<td align=\"left\">mm<\/td>\n<td align=\"left\">Di\u00e1metro 1300, Longitud 1000-1500<\/td>\n<\/tr>\n<tr>\n<td align=\"left\">11<\/td>\n<td align=\"left\">Dimensiones generales (L\u00d7An\u00d7Al)<\/td>\n<td align=\"left\">mm<\/td>\n<td align=\"left\">10300\u00d72420\u00d72485<\/td>\n<\/tr>\n<tr>\n<td align=\"left\">12<\/td>\n<td align=\"left\">Masa total<\/td>\n<td align=\"left\">kilogramo<\/td>\n<td align=\"left\">1165<\/td>\n<\/tr>\n<\/tbody>\n<\/table>\n<h2>Definici\u00f3n del producto<\/h2>\n<p>La recogedora y transportadora de pacas redondas 9JYY-2.5 es un equipo vers\u00e1til dise\u00f1ado para recoger, recolectar y transportar eficientemente pacas redondas de heno. Su dise\u00f1o robusto y f\u00e1cil de usar garantiza un rendimiento \u00f3ptimo en diversos entornos agr\u00edcolas. Esta m\u00e1quina puede manipular pacas de diversos tama\u00f1os y es especialmente adecuada para explotaciones agr\u00edcolas a gran escala que requieren alta velocidad y eficiencia en el procesamiento de pacas.<\/p>\n<h2>Manejo de problemas y casos de uso<\/h2>\n<p>La 9JYY-2.5 aborda varios desaf\u00edos clave en la manipulaci\u00f3n de pacas, como la ineficiencia de la mano de obra, el consumo de tiempo y el desgaste del equipo. Est\u00e1 dise\u00f1ada para optimizar la recolecci\u00f3n y el transporte de pacas, reduciendo el tiempo y el esfuerzo necesarios para mover grandes vol\u00famenes. Sus aplicaciones comunes incluyen:<\/p>\n<ul>\n<li>Recogida y transporte de pacas a gran escala<\/li>\n<li>Reducci\u00f3n de los costes laborales mediante la automatizaci\u00f3n del proceso de movimiento de pacas<\/li>\n<li>Transporte de pacas desde el campo hasta las \u00e1reas de almacenamiento o procesamiento<\/li>\n<li>Manipulaci\u00f3n de pacas en terrenos accidentados o irregulares<\/li>\n<li>Mejorar la eficiencia operativa general de grandes explotaciones agr\u00edcolas y empresas agr\u00edcolas<\/li>\n<\/ul>\n<h2>Ventajas del producto<\/h2>\n<ul>\n<li><strong>Alta eficiencia:<\/strong> La m\u00e1quina recogedora y transportadora de pacas redondas 9JYY-2.5 aumenta la eficiencia operativa al reducir significativamente el tiempo necesario para mover las pacas. Esta m\u00e1quina est\u00e1 dise\u00f1ada para manipular grandes vol\u00famenes de pacas en mucho menos tiempo que con mano de obra o equipos menos eficientes.<\/li>\n<li><strong>Versatilidad:<\/strong> Esta m\u00e1quina es capaz de manipular pacas de diversos tama\u00f1os y est\u00e1 dise\u00f1ada para operar en diversos entornos agr\u00edcolas, desde terrenos llanos hasta terrenos irregulares. Su versatilidad garantiza que satisfaga las necesidades de diversas operaciones agr\u00edcolas.<\/li>\n<li><strong>Durabilidad:<\/strong> Fabricado con materiales de alta calidad, el 9JYY-2.5 est\u00e1 dise\u00f1ado para un rendimiento duradero incluso en las condiciones m\u00e1s adversas. Su durabilidad minimiza la necesidad de reparaciones y mantenimiento, ofreciendo una excelente relaci\u00f3n calidad-precio a largo plazo.<\/li>\n<li><strong>Facilidad de uso:<\/strong> Con controles intuitivos y un mecanismo de operaci\u00f3n sencillo, esta m\u00e1quina es f\u00e1cil de usar y puede ser operada por trabajadores con m\u00ednima capacitaci\u00f3n. Esta facilidad de uso reduce la curva de aprendizaje y aumenta la productividad general.<\/li>\n<li><strong>Rentable:<\/strong> Al reducir los costos de mano de obra y mejorar la eficiencia operativa, la 9JYY-2.5 ofrece una soluci\u00f3n rentable para el manejo de pacas. Su eficiencia ayuda a los agricultores a ahorrar dinero a largo plazo al mejorar la velocidad y la precisi\u00f3n de sus operaciones de manejo de pacas.<\/li>\n<\/ul>\n<h2>Principio de funcionamiento de la m\u00e1quina recogedora y transportadora de pacas redondas 9JYY-2.5<\/h2>\n<p>La 9JYY-2.5 funciona con un mecanismo sencillo pero eficiente. Equipada con un sistema hidr\u00e1ulico, esta m\u00e1quina puede levantar y recoger pacas del campo. Sus robustos componentes mec\u00e1nicos recogen las pacas de forma segura y las cargan en una plataforma de transporte. Una vez cargada, la m\u00e1quina puede transportar pacas por diversos terrenos, lo que la hace vers\u00e1til. Un potente motor garantiza un funcionamiento r\u00e1pido y suave, mientras que su dise\u00f1o garantiza una manipulaci\u00f3n adecuada de las pacas durante el transporte, evitando da\u00f1os.<\/p>\n<p style=\"text-align: center;\"><img loading=\"lazy\" decoding=\"async\" class=\"alignnone wp-image-503\" src=\"https:\/\/farm-baler.com\/wp-content\/uploads\/2025\/12\/ep-Type-9JYY-2.5-Round-Bale-Picking-and-Transporting-Machine-11-1-300x300.webp\" alt=\"M\u00e1quina de recogida y transporte\" width=\"400\" height=\"400\" \/><\/p>\n<h2>Principales escenarios de uso<\/h2>\n<p>El 9JYY-2.5 es ideal para una amplia gama de aplicaciones agr\u00edcolas. Sus principales usos incluyen:<\/p>\n<ul>\n<li><strong>Granjas de heno a gran escala:<\/strong> Ideal para granjas que producen un gran volumen de heno, donde es necesaria una recolecci\u00f3n y transporte r\u00e1pido y eficiente de las pacas.<\/li>\n<li><strong>Granjas Ganaderas:<\/strong> Perfecto para transportar pacas a \u00e1reas de alimentaci\u00f3n, garantizando que el ganado tenga acceso al heno de manera oportuna.<\/li>\n<li><strong>Operaciones de almacenamiento y dep\u00f3sito:<\/strong> Se utiliza para trasladar fardos a instalaciones de almacenamiento, lo que ayuda a los agricultores a gestionar su ganado de forma m\u00e1s eficiente.<\/li>\n<li><strong>Granjas lecheras:<\/strong> Se utiliza en operaciones lecheras donde se necesitan fardos de heno r\u00e1pidamente para alimentar a las vacas.<\/li>\n<li><strong>Granjas de pastizales y ensilaje:<\/strong> Eficaz para transportar fardos de ensilaje o pasto, reduciendo el tiempo y la mano de obra asociados con el movimiento de dichos materiales.<\/li>\n<li><strong>Agricultura por contrato y cosecha personalizada:<\/strong> Ideal para contratistas que manejan m\u00faltiples granjas, proporcionando un manejo eficiente de pacas en varios sitios.<\/li>\n<\/ul>\n<h2>C\u00f3mo elegir la m\u00e1quina recolectora y transportadora de pacas redondas 9JYY-2.5 adecuada<\/h2>\n<p>Al seleccionar una paca redonda 9JYY-2.5 <a href=\"http:\/\/silage-balers.com\" target=\"_blank\" rel=\"noopener\">M\u00e1quina de recogida y transporte<\/a>, tenga en cuenta los siguientes factores para asegurarse de elegir el equipo adecuado para las necesidades de su granja:<\/p>\n<ul>\n<li><strong>Tama\u00f1o de la paca:<\/strong> Aseg\u00farese de que la m\u00e1quina pueda manejar los tama\u00f1os espec\u00edficos de pacas producidas en su granja.<\/li>\n<li><strong>Terreno:<\/strong> Tenga en cuenta el tipo de terreno en el que operar\u00e1 la m\u00e1quina. El 9JYY-2.5 est\u00e1 dise\u00f1ado para una variedad de terrenos, pero es importante asegurarse de que sea compatible con las condiciones de su campo.<\/li>\n<li><strong>Volumen de pacas:<\/strong> Elija un modelo que pueda manejar el volumen de pacas que normalmente necesita mover a diario.<\/li>\n<li><strong>Durabilidad y calidad del material:<\/strong> Busque m\u00e1quinas construidas con materiales duraderos y de alta calidad para uso a largo plazo en entornos agr\u00edcolas exigentes.<\/li>\n<li><strong>Facilidad de operaci\u00f3n:<\/strong> Busque una m\u00e1quina que ofrezca controles f\u00e1ciles de usar para minimizar el tiempo de capacitaci\u00f3n y los errores operativos.<\/li>\n<li><strong>Eficiencia de costos:<\/strong> Aseg\u00farese de que el costo de la m\u00e1quina est\u00e9 justificado por los beneficios que proporciona en t\u00e9rminos de eficiencia, ahorro de mano de obra y costos operativos.<\/li>\n<\/ul>\n<h2>Mantenimiento de la m\u00e1quina recolectora y transportadora de pacas redondas 9JYY-2.5<\/h2>\n<p>Para garantizar un rendimiento \u00f3ptimo y una larga vida \u00fatil, es fundamental realizar un mantenimiento adecuado del 9JYY-2.5. Las tareas de mantenimiento regulares incluyen:<\/p>\n<ul>\n<li><strong>Limpieza:<\/strong> Despu\u00e9s de cada uso, limpie la m\u00e1quina para eliminar el polvo, la suciedad y los residuos que podr\u00edan afectar su rendimiento.<\/li>\n<li><strong>Lubricaci\u00f3n:<\/strong> Lubrique peri\u00f3dicamente las piezas m\u00f3viles para evitar el desgaste y mantener la m\u00e1quina funcionando sin problemas.<\/li>\n<li><strong>Comprobaci\u00f3n del sistema hidr\u00e1ulico:<\/strong> Inspeccione peri\u00f3dicamente el sistema hidr\u00e1ulico para asegurarse de que no haya fugas y que el sistema funcione correctamente.<\/li>\n<li><strong>Inspecci\u00f3n de neum\u00e1ticos:<\/strong> Revise peri\u00f3dicamente el estado de los neum\u00e1ticos, asegur\u00e1ndose de que est\u00e9n inflados a la presi\u00f3n adecuada y libres de da\u00f1os.<\/li>\n<li><strong>Mantenimiento del motor:<\/strong> Realice controles de rutina en el motor, incluidos cambios de aceite y reemplazo de filtros, para garantizar un rendimiento confiable.<\/li>\n<\/ul>\n<h2>Opiniones de clientes<\/h2>\n<p>La 9JYY-2.5 ha mejorado enormemente nuestro proceso de manejo de pacas. Podemos recolectar y transportar pacas mucho m\u00e1s r\u00e1pido que antes, y nos ahorra mucho trabajo manual. Es una excelente inversi\u00f3n para cualquier granja con una gran producci\u00f3n de heno.<br \/>\n– <strong>John Smith, Estados Unidos<\/strong><\/p>\n<p>Llevo usando la 9JYY-2.5 unos meses y estoy impresionado con su rendimiento. Maneja nuestras pacas grandes con facilidad y es muy duradera. Trabajamos en terrenos dif\u00edciles y esta m\u00e1quina no tiene ning\u00fan problema.<br \/>\n– <strong>Mar\u00eda L\u00f3pez, M\u00e9xico<\/strong><\/p>\n<p>Este es el mejor equipo de manipulaci\u00f3n de pacas que he usado. Es eficiente y f\u00e1cil de usar. Nos ha ahorrado mucho tiempo al transportar las pacas del campo al almac\u00e9n.<br \/>\n– <strong>David Brown, Reino Unido<\/strong><\/p>\n<p>Hemos estado usando la 9JYY-2.5 en nuestra granja lechera y ha sido una revoluci\u00f3n. Es f\u00e1cil de usar y nos ayuda a mover las pacas r\u00e1pidamente al \u00e1rea de alimentaci\u00f3n. La recomiendo ampliamente.<br \/>\n– <strong>Susan Green, Canad\u00e1<\/strong><\/p>\n<p>Como contratista, trabajo en varias granjas grandes, y la 9JYY-2.5 es mi m\u00e1quina predilecta. Es vers\u00e1til y puede gestionar la carga de trabajo de varias granjas. Es muy fiable y eficiente.<br \/>\n– <strong>Kenji Tanaka, Jap\u00f3n<\/strong><\/p>\n<h2>\u00bfPor qu\u00e9 elegir nuestros productos?<\/h2>\n<p>Ofrecemos servicios de personalizaci\u00f3n r\u00e1pidos y una excelente atenci\u00f3n al cliente. Una garant\u00eda de tres a\u00f1os brinda tranquilidad a todos nuestros clientes. Contamos con capacidad de env\u00edo global, lo que garantiza una entrega r\u00e1pida sin importar d\u00f3nde se encuentre su pedido. Ofrecemos un servicio posventa de primera calidad, garantizando soporte a largo plazo para nuestros clientes despu\u00e9s de la compra. Elija nuestros productos por su calidad superior, alta confiabilidad y un servicio centrado en el cliente.<\/p>\n<h2>Promoci\u00f3n de productos<\/h2>\n<p>Explore hoy mismo la m\u00e1quina recogedora y transportadora de pacas redondas 9JYY-2.5 y experimente la diferencia que puede marcar en su explotaci\u00f3n. Nuestra empresa se especializa en la fabricaci\u00f3n de equipos agr\u00edcolas duraderos y de alta calidad. Adem\u00e1s de la 9JYY-2.5, tambi\u00e9n ofrecemos una gama de productos y accesorios relacionados para mejorar la eficiencia operativa de su explotaci\u00f3n. Cont\u00e1ctenos hoy mismo para consultar precios y soluciones personalizadas. \u00a1Nos dedicamos a encontrar la soluci\u00f3n de manipulaci\u00f3n de pacas m\u00e1s adecuada para usted!<\/p>\n<h2>Preguntas frecuentes<\/h2>\n<p><strong>\u00bfCu\u00e1l es la capacidad de la recolectora de pacas redondas 9JYY-2.5?<\/strong><\/p>\n<p>El 9JYY-2.5 puede manejar grandes vol\u00famenes de pacas redondas, con una capacidad de carga impresionante adecuada para operaciones agr\u00edcolas a gran escala.<\/p>\n<p><strong>\u00bfC\u00f3mo se comporta el 9JYY-2.5 en terrenos dif\u00edciles?<\/strong><\/p>\n<p>El 9JYY-2.5 est\u00e1 dise\u00f1ado para manejar diversos terrenos, incluidos campos accidentados y desiguales, lo que lo convierte en una opci\u00f3n vers\u00e1til para granjas con paisajes desafiantes.<\/p>\n<p><strong>\u00bfQu\u00e9 tipo de mantenimiento requiere el 9JYY-2.5?<\/strong><\/p>\n<p>El mantenimiento de rutina incluye limpieza regular, lubricaci\u00f3n de partes m\u00f3viles y controles del sistema hidr\u00e1ulico y de los neum\u00e1ticos para garantizar un funcionamiento sin problemas.<\/p>\n<p><strong>\u00bfEs f\u00e1cil de operar el 9JYY-2.5?<\/strong><\/p>\n<p>S\u00ed, el 9JYY-2.5 est\u00e1 equipado con controles f\u00e1ciles de usar que hacen que sea f\u00e1cil de operar, incluso para aquellos con experiencia m\u00ednima.<\/p>\n<p><strong>\u00bfSe puede personalizar la m\u00e1quina recolectora y transportadora de pacas redondas 9JYY-2.5 para necesidades espec\u00edficas?<\/strong><\/p>\n<p>S\u00ed, ofrecemos servicios de personalizaci\u00f3n para adaptar el 9JYY-2.5 a los requisitos espec\u00edficos de manipulaci\u00f3n y transporte de pacas de su granja.<\/p>\n<p><strong>\u00bfQu\u00e9 tan r\u00e1pido se puede entregar la m\u00e1quina recolectora y transportadora de pacas redondas 9JYY-2.5?<\/strong><\/p>\n<p>Ofrecemos env\u00edos r\u00e1pidos, con plazos de entrega que var\u00edan seg\u00fan tu ubicaci\u00f3n. Disponemos de opciones de env\u00edo global para garantizar una entrega puntual.<\/p>\n<p><strong>\u00bfLa m\u00e1quina recolectora y transportadora de pacas redondas 9JYY-2.5 es adecuada para granjas peque\u00f1as?<\/strong><\/p>\n<p>Si bien la m\u00e1quina recogedora y transportadora de pacas redondas 9JYY-2.5 es ideal para granjas grandes, tambi\u00e9n puede utilizarse en granjas m\u00e1s peque\u00f1as con vol\u00famenes de pacas adecuados. Es lo suficientemente vers\u00e1til para operaciones de diversas escalas.<\/p>\n<p><strong>\u00bfLa m\u00e1quina recolectora y transportadora de pacas redondas 9JYY-2.5 tiene garant\u00eda?<\/strong><\/p>\n<p>S\u00ed, la m\u00e1quina recolectora y transportadora de pacas redondas 9JYY-2.5 viene con una garant\u00eda de 3 a\u00f1os, lo que ofrece tranquilidad a todos los clientes.<\/p>\n<p><strong>\u00bfCu\u00e1nto cuesta la m\u00e1quina recolectora y transportadora de pacas redondas 9JYY-2.5?<\/strong><\/p>\n<p>El precio var\u00eda seg\u00fan la personalizaci\u00f3n y las necesidades de env\u00edo. Cont\u00e1ctenos para obtener un presupuesto adaptado a sus necesidades espec\u00edficas.<\/p>\n<p><strong>\u00bfEst\u00e1 disponible la atenci\u00f3n al cliente despu\u00e9s de la compra?<\/strong><\/p>\n<p>S\u00ed, ofrecemos soporte posventa integral, que incluye resoluci\u00f3n de problemas y asistencia de mantenimiento, para garantizar su satisfacci\u00f3n con el producto.<\/p>\n<p><strong>\u00bfQu\u00e9 accesorios est\u00e1n disponibles para la m\u00e1quina recolectora y transportadora de pacas redondas 9JYY-2.5?<\/strong><\/p>\n<p>Ofrecemos una gama de accesorios y repuestos para mejorar la funcionalidad y durabilidad de la m\u00e1quina recolectora y transportadora de pacas redondas 9JYY-2.5.<\/p>\n<p><strong>\u00bfC\u00f3mo se compara la m\u00e1quina recolectora y transportadora de pacas redondas 9JYY-2.5 con otras m\u00e1quinas de transporte de pacas?<\/strong><\/p>\n<p>El 9JYY-2.5 <a href=\"https:\/\/farm-baler.com\/es\/producto\/9lzy-9-0-finger-wheel-rake\/\">Paca redonda<\/a> La m\u00e1quina recolectora y transportadora se destaca por su versatilidad, facilidad de uso y dise\u00f1o robusto, lo que la convierte en la mejor opci\u00f3n para el manejo eficiente de pacas.<\/p>\n<p><strong>\u00bfSe puede utilizar la m\u00e1quina recolectora y transportadora de pacas redondas 9JYY-2.5 en condiciones h\u00famedas?<\/strong><\/p>\n<p>S\u00ed, la m\u00e1quina recolectora y transportadora de pacas redondas 9JYY-2.5 est\u00e1 dise\u00f1ada para soportar diversas condiciones clim\u00e1ticas, incluidos campos h\u00famedos, sin comprometer el rendimiento.<\/p>\n<p><strong>\u00bfLa m\u00e1quina recolectora y transportadora de pacas redondas 9JYY-2.5 es respetuosa con el medio ambiente?<\/strong><\/p>\n<p>La m\u00e1quina recolectora y transportadora de pacas redondas 9JYY-2.5 est\u00e1 dise\u00f1ada teniendo en cuenta la eficiencia, reduciendo la necesidad de mano de obra excesiva y minimizando el impacto ambiental a trav\u00e9s de un manejo de pacas m\u00e1s r\u00e1pido y limpio.<\/p>\n<p>Editado por gzl<\/p>\n<p>&nbsp;<\/p>","protected":false},"excerpt":{"rendered":"<p>Descubra la m\u00e1quina recogedora y transportadora de pacas redondas 9JYY-2.5: la soluci\u00f3n definitiva para manipular pacas de heno de forma eficiente. Dise\u00f1ada para facilitar la recogida, el transporte y el apilado, esta m\u00e1quina mejora significativamente la productividad en granjas de todos los tama\u00f1os. Duradera, fiable y f\u00e1cil de usar. Aumente la eficiencia de su granja: \u00a1cons\u00edgala hoy mismo!<\/p>\n<p>editado por gzl<\/p>","protected":false},"featured_media":503,"template":"","meta":{"_et_pb_use_builder":"","_et_pb_old_content":"","_et_gb_content_width":""},"product_brand":[],"product_cat":[15],"product_tag":[],"class_list":{"0":"post-502","1":"product","2":"type-product","3":"status-publish","4":"has-post-thumbnail","6":"product_cat-uncategorized","8":"first","9":"instock","10":"shipping-taxable","11":"product-type-simple"},"_links":{"self":[{"href":"https:\/\/farm-baler.com\/es\/wp-json\/wp\/v2\/product\/502","targetHints":{"allow":["GET"]}}],"collection":[{"href":"https:\/\/farm-baler.com\/es\/wp-json\/wp\/v2\/product"}],"about":[{"href":"https:\/\/farm-baler.com\/es\/wp-json\/wp\/v2\/types\/product"}],"wp:featuredmedia":[{"embeddable":true,"href":"https:\/\/farm-baler.com\/es\/wp-json\/wp\/v2\/media\/503"}],"wp:attachment":[{"href":"https:\/\/farm-baler.com\/es\/wp-json\/wp\/v2\/media?parent=502"}],"wp:term":[{"taxonomy":"product_brand","embeddable":true,"href":"https:\/\/farm-baler.com\/es\/wp-json\/wp\/v2\/product_brand?post=502"},{"taxonomy":"product_cat","embeddable":true,"href":"https:\/\/farm-baler.com\/es\/wp-json\/wp\/v2\/product_cat?post=502"},{"taxonomy":"product_tag","embeddable":true,"href":"https:\/\/farm-baler.com\/es\/wp-json\/wp\/v2\/product_tag?post=502"}],"curies":[{"name":"wp","href":"https:\/\/api.w.org\/{rel}","templated":true}]}}