{"id":499,"date":"2025-12-17T09:28:51","date_gmt":"2025-12-17T09:28:51","guid":{"rendered":"https:\/\/farm-baler.com\/?post_type=product&#038;p=499"},"modified":"2025-12-18T01:18:39","modified_gmt":"2025-12-18T01:18:39","slug":"henificadora-con-rueda-de-dedo-9fz-2-0","status":"publish","type":"product","link":"https:\/\/farm-baler.com\/es\/producto\/henificadora-con-rueda-de-dedo-9fz-2-0\/","title":{"rendered":"Henificadora de rueda de dedos 9FZ-2.0"},"content":{"rendered":"<p>La henificadora de rueda de dedos 9FZ-2.0 es una innovadora herramienta agr\u00edcola dise\u00f1ada para facilitar el secado de heno y pasto. Ventila y distribuye el heno de forma eficiente y uniforme en el campo, optimizando el proceso de secado y garantizando que el ganado reciba alimento de alta calidad. Equipada con rodillos robustos y duraderos, la m\u00e1quina optimiza a\u00fan m\u00e1s su rendimiento, convirti\u00e9ndola en un recurso valioso para granjas de todos los tama\u00f1os.<\/p>\n<h2>Especificaci\u00f3n t\u00e9cnica<\/h2>\n<table style=\"border-color: #000000;\">\n<thead>\n<tr>\n<th align=\"left\">N\u00famero de serie<\/th>\n<th align=\"left\">Art\u00edculo<\/th>\n<th align=\"left\">Unidad<\/th>\n<th align=\"left\">Especificaci\u00f3n<\/th>\n<\/tr>\n<\/thead>\n<tbody>\n<tr>\n<td align=\"left\">1<\/td>\n<td align=\"left\">Nombre del producto<\/td>\n<td align=\"left\">–<\/td>\n<td align=\"left\">Henificadora de disco de dedos 9FZ-2.0<\/td>\n<\/tr>\n<tr>\n<td align=\"left\">2<\/td>\n<td align=\"left\">M\u00e9todo de enganche<\/td>\n<td align=\"left\">–<\/td>\n<td align=\"left\">Tipo montado<\/td>\n<\/tr>\n<tr>\n<td align=\"left\">3<\/td>\n<td align=\"left\">Tipo de mecanismo de plegado<\/td>\n<td align=\"left\">–<\/td>\n<td align=\"left\">Tipo hidr\u00e1ulico<\/td>\n<\/tr>\n<tr>\n<td align=\"left\">4<\/td>\n<td align=\"left\">Cantidad de p\u00faas<\/td>\n<td align=\"left\">–<\/td>\n<td align=\"left\">120 (40 dientes\/disco \u00d7 3 discos)<\/td>\n<\/tr>\n<tr>\n<td align=\"left\">5<\/td>\n<td align=\"left\">Cantidad de ruedas de dedo<\/td>\n<td align=\"left\">–<\/td>\n<td align=\"left\">Cantidad de ruedas de dedo<\/td>\n<\/tr>\n<tr>\n<td align=\"left\">6<\/td>\n<td align=\"left\">Di\u00e1metro de la rueda de dedo<\/td>\n<td align=\"left\">mm<\/td>\n<td align=\"left\">\u03a61500<\/td>\n<\/tr>\n<tr>\n<td align=\"left\">7<\/td>\n<td align=\"left\">Ancho de henificaci\u00f3n<\/td>\n<td align=\"left\">metro<\/td>\n<td align=\"left\">2<\/td>\n<\/tr>\n<tr>\n<td align=\"left\">8<\/td>\n<td align=\"left\">Rango de potencia correspondiente<\/td>\n<td align=\"left\">kW<\/td>\n<td align=\"left\">\u226525,73<\/td>\n<\/tr>\n<tr>\n<td align=\"left\">9<\/td>\n<td align=\"left\">Rango de velocidad de funcionamiento<\/td>\n<td align=\"left\">kil\u00f3metros por hora<\/td>\n<td align=\"left\">7-10<\/td>\n<\/tr>\n<tr>\n<td align=\"left\">10<\/td>\n<td align=\"left\">Dimensiones generales (largo \u00d7 ancho \u00d7 alto) en estado de funcionamiento<\/td>\n<td align=\"left\">mm<\/td>\n<td align=\"left\">3500\u00d73500\u00d71500<\/td>\n<\/tr>\n<tr>\n<td align=\"left\">11<\/td>\n<td align=\"left\">Masa total<\/td>\n<td align=\"left\">kilogramo<\/td>\n<td align=\"left\">372<\/td>\n<\/tr>\n<tr>\n<td align=\"left\">12<\/td>\n<td align=\"left\">Est\u00e1ndar de ejecuci\u00f3n del producto<\/td>\n<td align=\"left\">–<\/td>\n<td align=\"left\">JB\/T7766-2011<\/td>\n<\/tr>\n<\/tbody>\n<\/table>\n<h2>Definici\u00f3n del producto<\/h2>\n<p>La henificadora de rueda de dedos 9FZ-2.0 es un dispositivo mec\u00e1nico dise\u00f1ado para la distribuci\u00f3n eficiente de heno y hierba. Est\u00e1 equipada con un conjunto de rodillos giratorios que distribuyen suavemente el heno en el campo, garantizando que est\u00e9 en pleno contacto con la luz solar y el aire. Este proceso acelera el secado, crucial para producir heno de alta calidad.<\/p>\n<h2>\u00bfQu\u00e9 problemas soluciona la henificadora 9FZ-2.0?<\/h2>\n<p>La henificadora 9FZ-2.0 soluciona varios problemas clave relacionados con la cosecha de heno. Reduce el tiempo de secado al mejorar la circulaci\u00f3n del aire, lo cual es crucial para prevenir la formaci\u00f3n de moho y garantizar que el heno conserve su valor nutricional. Adem\u00e1s, ayuda a prevenir la ca\u00edda de hojas y garantiza un secado uniforme del heno, lo que la hace m\u00e1s eficiente que los m\u00e9todos manuales u otros equipos tradicionales.<\/p>\n<h2>Usos de la henificadora 9FZ-2.0<\/h2>\n<p>La henificadora de rueda de dedos 9FZ-2.0 se utiliza principalmente en la cosecha de heno. Mejora el proceso de secado al permitir que el heno se distribuya de forma m\u00e1s uniforme en el campo. Tambi\u00e9n es adecuada para la gesti\u00f3n de pastizales y para agricultores que necesitan preparar heno r\u00e1pidamente para la alimentaci\u00f3n animal. Su versatilidad la hace ideal tanto para explotaciones peque\u00f1as como grandes.<\/p>\n<h2>Ventajas de la henificadora 9FZ-2.0<\/h2>\n<p>La henificadora de rueda de dedos 9FZ-2.0 ofrece varias ventajas importantes, lo que la convierte en una herramienta indispensable para la cosecha de heno:<\/p>\n<h3>1. Tiempo de secado m\u00e1s r\u00e1pido<\/h3>\n<p>Al distribuir uniformemente el heno y aumentar su exposici\u00f3n a la luz solar y al aire, el 9FZ-2.0 reduce significativamente el tiempo de secado. Esto es especialmente importante en regiones con condiciones clim\u00e1ticas impredecibles.<\/p>\n<h3>2. Mejor calidad del forraje<\/h3>\n<p>La distribuci\u00f3n uniforme del heno garantiza que ninguna parte del cultivo quede sobreexpuesta ni subexpuesta a los elementos que lo desecan. Esto da como resultado un forraje de alta calidad y m\u00e1s nutritivo para el ganado.<\/p>\n<h3>3. F\u00e1cil de usar<\/h3>\n<p>La m\u00e1quina est\u00e1 dise\u00f1ada para ser f\u00e1cil de usar, lo que permite a los agricultores operarla con el m\u00ednimo esfuerzo. Sus controles sencillos y su eficiente mecanismo la hacen f\u00e1cil de usar tanto para principiantes como para operadores experimentados.<\/p>\n<h3>4. Construcci\u00f3n duradera<\/h3>\n<p>Fabricada con materiales de alta calidad, la henificadora 9FZ-2.0 es duradera y soporta las duras condiciones del trabajo agr\u00edcola diario. Su larga vida \u00fatil garantiza que los agricultores rindan frutos a largo plazo.<\/p>\n<h3>5. Aplicaci\u00f3n vers\u00e1til<\/h3>\n<p>Ya sea que trabaje en una granja peque\u00f1a o en una operaci\u00f3n a gran escala, la 9FZ-2.0 es lo suficientemente vers\u00e1til como para satisfacer las necesidades de granjas de diversos tama\u00f1os. Puede procesar distintos tipos de heno y hierba, lo que la convierte en una herramienta vers\u00e1til para diferentes cultivos y condiciones.<\/p>\n<h2>Principio de funcionamiento de la henificadora 9FZ-2.0<\/h2>\n<p>La henificadora 9FZ-2.0 funciona con un mecanismo sencillo pero eficiente. Est\u00e1 equipada con un conjunto de rodillos giratorios que recogen y levantan suavemente el heno del suelo. Estos rodillos lo distribuyen uniformemente por el campo, garantizando una distribuci\u00f3n uniforme para un secado \u00f3ptimo. La rotaci\u00f3n continua de los rodillos garantiza una distribuci\u00f3n uniforme del heno, lo que facilita un secado m\u00e1s r\u00e1pido y eficiente.<\/p>\n<p style=\"text-align: center;\"><img loading=\"lazy\" decoding=\"async\" class=\"alignnone size-medium wp-image-500\" src=\"https:\/\/farm-baler.com\/wp-content\/uploads\/2025\/12\/ep-9FZ-2.0-Finger-Wheel-Tedding-Machine-1-1-1-300x300.webp\" alt=\"M\u00e1quina henificadora\" width=\"300\" height=\"300\" \/><\/p>\n<h2>Aplicaciones clave de la henificadora 9FZ-2.0<\/h2>\n<p>El 9FZ-2.0 <a href=\"http:\/\/silage-balers.com\" target=\"_blank\" rel=\"noopener\">Henificadora con rueda de dedo<\/a> Se utiliza en una variedad de escenarios, incluidos:<\/p>\n<h3>1. Cosecha de heno<\/h3>\n<p>La m\u00e1quina se utiliza m\u00e1s com\u00fanmente para la cosecha de heno, donde ayuda a distribuir el heno por todo el campo, acelerando el proceso de secado y mejorando la calidad del forraje.<\/p>\n<h3>2. Secado de c\u00e9sped<\/h3>\n<p>Tambi\u00e9n es ideal para el secado de pasto, especialmente para granjas que necesitan secar grandes cantidades de pasto para alimentaci\u00f3n animal.<\/p>\n<h3>3. Preparaci\u00f3n del forraje<\/h3>\n<p>Los agricultores utilizan esta m\u00e1quina para preparar el forraje para la alimentaci\u00f3n invernal. Al secar el heno eficientemente, se garantiza que el forraje conserve su valor nutricional durante todo el a\u00f1o.<\/p>\n<h3>4. Gesti\u00f3n de pastizales<\/h3>\n<p>Los agricultores que practican el manejo de pastizales encuentran \u00fatil el 9FZ-2.0 para mantener campos de pasto saludables al garantizar un secado adecuado antes del almacenamiento.<\/p>\n<h3>5. Granjas de peque\u00f1a y gran escala<\/h3>\n<p>El dise\u00f1o vers\u00e1til de la m\u00e1quina permite su uso tanto en granjas peque\u00f1as como grandes, lo que la convierte en una soluci\u00f3n ideal para una variedad de operaciones agr\u00edcolas.<\/p>\n<h3>6. Preparaci\u00f3n de forraje verde<\/h3>\n<p>Los agricultores utilizan el 9FZ-2.0 para secar forraje verde, que es esencial para preparar alimentos nutritivos para animales durante todo el a\u00f1o.<\/p>\n<h2>C\u00f3mo elegir la henificadora 9FZ-2.0 adecuada<\/h2>\n<p>Al seleccionar el 9FZ-2.0 adecuado <a href=\"https:\/\/farm-baler.com\/es\/producto\/9lzy-9-0-finger-wheel-rake\/\">Henificadora con rueda de dedo<\/a>, se deben tener en cuenta varios factores para garantizar que la m\u00e1quina satisfaga las necesidades espec\u00edficas de su explotaci\u00f3n:<\/p>\n<h3>1. Tama\u00f1o de la granja<\/h3>\n<p>El tama\u00f1o de su explotaci\u00f3n determinar\u00e1 si necesita un modelo peque\u00f1o y compacto o una m\u00e1quina m\u00e1s grande para operaciones a gran escala. Elija un modelo que se ajuste a la capacidad de su explotaci\u00f3n.<\/p>\n<h3>2. Tipo de terreno<\/h3>\n<p>Tenga en cuenta el tipo de terreno donde utilizar\u00e1 la henificadora. Algunos modelos son m\u00e1s adecuados para terrenos planos y uniformes, mientras que otros est\u00e1n dise\u00f1ados para condiciones m\u00e1s dif\u00edciles.<\/p>\n<h3>3. Tipo de cultivo<\/h3>\n<p>Distintos tipos de cultivos pueden requerir distintas henificadoras. Aseg\u00farese de que la 9FZ-2.0 sea adecuada para el tipo espec\u00edfico de heno o hierba que est\u00e9 trabajando.<\/p>\n<h3>4. Durabilidad<\/h3>\n<p>Busque una m\u00e1quina con una construcci\u00f3n robusta que pueda soportar el desgaste del uso frecuente, especialmente si opera en condiciones dif\u00edciles.<\/p>\n<h3>5. Facilidad de mantenimiento<\/h3>\n<p>Elija un modelo f\u00e1cil de mantener y reparar. Un mantenimiento regular garantizar\u00e1 que su henificadora funcione de forma \u00f3ptima durante toda su vida \u00fatil.<\/p>\n<h3>6. Presupuesto<\/h3>\n<p>Por \u00faltimo, aseg\u00farese de que la henificadora 9FZ-2.0 se ajuste a su presupuesto. Si bien invertir en equipos de calidad es importante, tambi\u00e9n es fundamental considerar los beneficios a largo plazo y la rentabilidad de la m\u00e1quina.<\/p>\n<h2>Consejos de mantenimiento para la henificadora 9FZ-2.0<\/h2>\n<p>Para garantizar la longevidad y el rendimiento \u00f3ptimo de la henificadora 9FZ-2.0, es fundamental realizar un mantenimiento regular. A continuaci\u00f3n, se ofrecen algunos consejos de mantenimiento:<\/p>\n<ul>\n<li>Revise y limpie peri\u00f3dicamente las ruedas de los dedos para evitar obstrucciones y garantizar un funcionamiento suave.<\/li>\n<li>Lubrique las partes m\u00f3viles de la m\u00e1quina para evitar la fricci\u00f3n y el desgaste.<\/li>\n<li>Inspeccione la m\u00e1quina para detectar pernos o piezas flojas y aj\u00fastelas seg\u00fan sea necesario.<\/li>\n<li>Aseg\u00farese de que los neum\u00e1ticos de la m\u00e1quina est\u00e9n inflados correctamente para un transporte seguro y eficiente.<\/li>\n<li>Guarde la m\u00e1quina en un lugar seco y protegido para evitar la oxidaci\u00f3n y la corrosi\u00f3n.<\/li>\n<\/ul>\n<h2>Opiniones de clientes de diferentes pa\u00edses<\/h2>\n<p>A continuaci\u00f3n se muestran algunas opiniones de clientes reales de varios pa\u00edses:<\/p>\n<p>Esta henificadora ha reducido significativamente el tiempo de secado en nuestra granja. Antes esper\u00e1bamos d\u00edas para secar el heno, pero ahora lo hacemos en tan solo unas horas. La calidad de construcci\u00f3n es excelente y es f\u00e1cil de usar. \u00a1La recomiendo ampliamente!<\/p>\n<p>– <strong>John, Estados Unidos<\/strong><\/p>\n<p>Hemos estado usando la 9FZ-2.0 para secar el pasto y ha funcionado de maravilla. La m\u00e1quina es eficiente y la calidad del heno ha mejorado considerablemente. Es imprescindible para cualquier agricultor que se precie de ser henificador.<\/p>\n<p>– <strong>Anna, Reino Unido<\/strong><\/p>\n<p>Al vivir en una zona con clima impredecible, esta m\u00e1quina ha sido revolucionaria. Acelera el proceso de secado y evita la formaci\u00f3n de moho en el heno.<\/p>\n<p>– <strong>Lucas, Australia<\/strong><\/p>\n<p>Como peque\u00f1o agricultor, buscaba una henificadora fiable y asequible. La 9FZ-2.0 se adapta perfectamente a mis necesidades. Es f\u00e1cil de usar y funciona de maravilla en nuestra peque\u00f1a explotaci\u00f3n.<\/p>\n<p>– <strong>Mar\u00eda, Espa\u00f1a<\/strong><\/p>\n<p>Llevamos varios meses usando la 9FZ-2.0 y nunca nos ha fallado. La m\u00e1quina funciona eficientemente y nos ahorra mucho tiempo en la cosecha de heno. Excelente relaci\u00f3n calidad-precio.<\/p>\n<p>– <strong>Hans, Alemania<\/strong><\/p>\n<h2>\u00bfPor qu\u00e9 elegir nuestra henificadora 9FZ-2.0?<\/h2>\n<p>Nuestra henificadora de rueda de dedos 9FZ-2.0 destaca por sus r\u00e1pidas opciones de personalizaci\u00f3n, excelente servicio al cliente y tres a\u00f1os de garant\u00eda. Ofrecemos env\u00edos internacionales r\u00e1pidos para satisfacer todas sus necesidades y garantizamos un servicio posventa integral para garantizar una experiencia de usuario sin preocupaciones. Nuestras m\u00e1quinas est\u00e1n meticulosamente dise\u00f1adas para ser eficientes y duraderas, garantizando as\u00ed que su inversi\u00f3n valga la pena.<\/p>\n<p>Adem\u00e1s de la henificadora 9FZ-2.0, tambi\u00e9n ofrecemos una amplia gama de accesorios y productos relacionados para satisfacer todas sus necesidades de cosecha de heno. Con una gran capacidad de producci\u00f3n y una calidad superior, le garantizamos soluciones agr\u00edcolas fiables y rentables. \u00a1Cont\u00e1ctenos hoy mismo para obtener m\u00e1s informaci\u00f3n sobre nuestros productos y realizar su compra!<\/p>\n<h2>Preguntas frecuentes<\/h2>\n<p><strong>\u00bfCu\u00e1l es el prop\u00f3sito principal de la henificadora 9FZ-2.0?<\/strong><\/p>\n<p>La henificadora 9FZ-2.0 est\u00e1 dise\u00f1ada para distribuir el heno y la hierba uniformemente por el campo, acelerando el proceso de secado y garantizando un forraje de alta calidad para el ganado. Es ideal para la cosecha de heno y el secado de hierba, mejorando la eficiencia del proceso.<\/p>\n<p><strong>\u00bfC\u00f3mo funciona la henificadora 9FZ-2.0?<\/strong><\/p>\n<p>La m\u00e1quina cuenta con ruedas giratorias que elevan y distribuyen el heno por el campo, mejorando el flujo de aire y reduciendo el tiempo de secado. La rotaci\u00f3n continua garantiza una distribuci\u00f3n uniforme del heno, optimizando as\u00ed el proceso de secado.<\/p>\n<p><strong>\u00bfSe puede utilizar el 9FZ-2.0 en granjas de gran escala?<\/strong><\/p>\n<p>S\u00ed, la henificadora 9FZ-2.0 es adecuada tanto para granjas peque\u00f1as como grandes. Su dise\u00f1o garantiza la capacidad de manejar grandes vol\u00famenes de heno, lo que la hace perfecta para operaciones de cosecha de heno a gran escala.<\/p>\n<p><strong>\u00bfEs f\u00e1cil de operar el 9FZ-2.0?<\/strong><\/p>\n<p>S\u00ed, la m\u00e1quina est\u00e1 dise\u00f1ada para ser f\u00e1cil de usar, con controles sencillos que permiten a los agricultores operarla con el m\u00ednimo esfuerzo. Es adecuada tanto para usuarios principiantes como experimentados.<\/p>\n<p><strong>\u00bfQu\u00e9 mantenimiento se requiere para la henificadora 9FZ-2.0?<\/strong><\/p>\n<p>El mantenimiento regular incluye la revisi\u00f3n y limpieza de las ruedas dentadas, la lubricaci\u00f3n de las piezas m\u00f3viles y el apriete correcto de los pernos de la m\u00e1quina. Un cuidado adecuado garantizar\u00e1 la longevidad y el rendimiento \u00f3ptimo de la m\u00e1quina.<\/p>\n<p>Editado por gzl<\/p>\n<p><!-- More FAQs --><\/p>\n<p>&nbsp;<\/p>","protected":false},"excerpt":{"rendered":"<p>Explore la henificadora de rueda dentada 9FZ-2.0, dise\u00f1ada para voltear heno y paja eficientemente. Su robusta construcci\u00f3n, su precisa tecnolog\u00eda de rueda dentada y su f\u00e1cil manejo ofrecen un rendimiento excepcional en diversas aplicaciones. \u00a1Aumente su productividad agr\u00edcola ahora! Haga clic para obtener m\u00e1s informaci\u00f3n y actualizar su equipo.<\/p>","protected":false},"featured_media":500,"template":"","meta":{"_et_pb_use_builder":"","_et_pb_old_content":"","_et_gb_content_width":""},"product_brand":[],"product_cat":[27],"product_tag":[],"class_list":{"0":"post-499","1":"product","2":"type-product","3":"status-publish","4":"has-post-thumbnail","6":"product_cat-other-series-products","8":"first","9":"instock","10":"shipping-taxable","11":"product-type-simple"},"_links":{"self":[{"href":"https:\/\/farm-baler.com\/es\/wp-json\/wp\/v2\/product\/499","targetHints":{"allow":["GET"]}}],"collection":[{"href":"https:\/\/farm-baler.com\/es\/wp-json\/wp\/v2\/product"}],"about":[{"href":"https:\/\/farm-baler.com\/es\/wp-json\/wp\/v2\/types\/product"}],"wp:featuredmedia":[{"embeddable":true,"href":"https:\/\/farm-baler.com\/es\/wp-json\/wp\/v2\/media\/500"}],"wp:attachment":[{"href":"https:\/\/farm-baler.com\/es\/wp-json\/wp\/v2\/media?parent=499"}],"wp:term":[{"taxonomy":"product_brand","embeddable":true,"href":"https:\/\/farm-baler.com\/es\/wp-json\/wp\/v2\/product_brand?post=499"},{"taxonomy":"product_cat","embeddable":true,"href":"https:\/\/farm-baler.com\/es\/wp-json\/wp\/v2\/product_cat?post=499"},{"taxonomy":"product_tag","embeddable":true,"href":"https:\/\/farm-baler.com\/es\/wp-json\/wp\/v2\/product_tag?post=499"}],"curies":[{"name":"wp","href":"https:\/\/api.w.org\/{rel}","templated":true}]}}