{"id":365,"date":"2025-12-02T02:49:29","date_gmt":"2025-12-02T02:49:29","guid":{"rendered":"https:\/\/farm-baler.com\/?post_type=product&#038;p=365"},"modified":"2025-12-11T05:10:19","modified_gmt":"2025-12-11T05:10:19","slug":"4byhd-4byhs-3-9-tirador-de-frijoles-6-filas","status":"publish","type":"product","link":"https:\/\/farm-baler.com\/es\/producto\/4byhd-4byhs-3-9-tirador-de-frijoles-6-filas\/","title":{"rendered":"4BYHD\/4BYHS-3.9 Extractor de frijoles (6 filas)"},"content":{"rendered":"<p>La cosechadora de frijoles 4BYHD\/4BYHS-3.9 (6 hileras) es una innovadora m\u00e1quina agr\u00edcola dise\u00f1ada para una cosecha eficiente de frijoles. Esta m\u00e1quina simplifica el proceso de cosecha, mejora significativamente la productividad y minimiza los costos de mano de obra. Centrada en la durabilidad y el rendimiento, esta cosechadora ofrece a los agricultores una soluci\u00f3n confiable y de alto rendimiento para la cosecha de frijoles. Independientemente del tama\u00f1o de su finca, la cosechadora de frijoles de seis hileras 4BYHD\/4BYHS-3.9 puede brindar un valioso apoyo a su producci\u00f3n agr\u00edcola.<\/p>\n<h3>Definici\u00f3n del producto<\/h3>\n<p>La desgranadora de frijoles 4BYHD\/4BYHS-3.9 (6 hileras) es una m\u00e1quina especializada dise\u00f1ada para la cosecha eficiente de frijoles. Este equipo puede procesar seis hileras de frijoles simult\u00e1neamente, operando r\u00e1pidamente para garantizar una cosecha limpia y eficiente. Dise\u00f1ada para diversos terrenos, esta m\u00e1quina es ideal para cualquier finca.<\/p>\n<h2>Especificaciones t\u00e9cnicas<\/h2>\n<table style=\"border-color: #000000;\">\n<thead>\n<tr>\n<th>No.<\/th>\n<th>Art\u00edculo<\/th>\n<th>Unidad<\/th>\n<th>Especificaci\u00f3n<\/th>\n<\/tr>\n<\/thead>\n<tbody>\n<tr>\n<td>1<\/td>\n<td>Nombre del modelo<\/td>\n<td>\/<\/td>\n<td>Extractor de lentejas 4BYHD \/ 4BYHS-3.9<\/td>\n<\/tr>\n<tr>\n<td>2<\/td>\n<td>M\u00e9todo de enganche<\/td>\n<td>\/<\/td>\n<td>Tipo montado<\/td>\n<\/tr>\n<tr>\n<td>3<\/td>\n<td>Tipo de selector<\/td>\n<td>\/<\/td>\n<td>Tipo de diente de resorte<\/td>\n<\/tr>\n<tr>\n<td>4<\/td>\n<td>Ancho de trabajo<\/td>\n<td>metro<\/td>\n<td>3.9<\/td>\n<\/tr>\n<tr>\n<td>5<\/td>\n<td>Rango de potencia correspondiente<\/td>\n<td>kW<\/td>\n<td>132-147<\/td>\n<\/tr>\n<tr>\n<td>6<\/td>\n<td>Rango de velocidad de funcionamiento<\/td>\n<td>kil\u00f3metros por hora<\/td>\n<td>6~10<\/td>\n<\/tr>\n<tr>\n<td>7<\/td>\n<td>Dimensiones generales (L\u00d7An\u00d7Al)<\/td>\n<td>mm<\/td>\n<td>4760\u00d74280\u00d71300<\/td>\n<\/tr>\n<tr>\n<td>8<\/td>\n<td>Velocidad de la toma de fuerza<\/td>\n<td>r\/min<\/td>\n<td>540<\/td>\n<\/tr>\n<tr>\n<td>9<\/td>\n<td>Pista de rueda<\/td>\n<td>mm<\/td>\n<td>3900<\/td>\n<\/tr>\n<tr>\n<td>10<\/td>\n<td>Productividad<\/td>\n<td>hm\u00b2\/h<\/td>\n<td>2.34-3.9<\/td>\n<\/tr>\n<tr>\n<td>11<\/td>\n<td>Conteo de operadores<\/td>\n<td>persona<\/td>\n<td>1<\/td>\n<\/tr>\n<tr>\n<td>12<\/td>\n<td>Masa estructural<\/td>\n<td>kilogramo<\/td>\n<td>1675\/1780<\/td>\n<\/tr>\n<\/tbody>\n<\/table>\n<h3>Problemas abordados y aplicaciones<\/h3>\n<p>La desgranadora de jud\u00edas 4BYHD\/4BYHS-3.9 (6 hileras) soluciona diversos problemas comunes en la cosecha tradicional de jud\u00edas, como tiempos de cosecha lentos, rendimientos irregulares y altos costos de mano de obra. Al automatizar el proceso de desgranado, minimiza la mano de obra y mejora la eficiencia. Esta m\u00e1quina es especialmente \u00fatil para explotaciones agr\u00edcolas a gran escala, donde los m\u00e9todos tradicionales ser\u00edan demasiado lentos y costosos.<\/p>\n<p><strong>Aplicaciones:<\/strong><\/p>\n<ol>\n<li>Cultivo de frijol a gran escala<\/li>\n<li>Granjas comerciales de hortalizas<\/li>\n<li>Granjas de investigaci\u00f3n y desarrollo agr\u00edcola<\/li>\n<li>Agricultura ecol\u00f3gica (debido a su m\u00ednima alteraci\u00f3n del suelo)<\/li>\n<li>Sistemas de cosecha mecanizada para operaciones de alta eficiencia<\/li>\n<li>Explotaciones multicultivo que necesitan soluciones de cosecha vers\u00e1tiles<\/li>\n<\/ol>\n<p style=\"text-align: center;\"><img loading=\"lazy\" decoding=\"async\" class=\"alignnone wp-image-370\" src=\"https:\/\/farm-baler.com\/wp-content\/uploads\/2025\/12\/ep-4BYHD4BYHS-3.9-Kidney-Bean-Puller-4-1.webp\" alt=\"Extractor de frijoles\" width=\"465\" height=\"465\" srcset=\"https:\/\/farm-baler.com\/wp-content\/uploads\/2025\/12\/ep-4BYHD4BYHS-3.9-Kidney-Bean-Puller-4-1.webp 274w, https:\/\/farm-baler.com\/wp-content\/uploads\/2025\/12\/ep-4BYHD4BYHS-3.9-Kidney-Bean-Puller-4-1-150x150.webp 150w, https:\/\/farm-baler.com\/wp-content\/uploads\/2025\/12\/ep-4BYHD4BYHS-3.9-Kidney-Bean-Puller-4-1-12x12.webp 12w, https:\/\/farm-baler.com\/wp-content\/uploads\/2025\/12\/ep-4BYHD4BYHS-3.9-Kidney-Bean-Puller-4-1-100x100.webp 100w\" sizes=\"(max-width: 465px) 100vw, 465px\" \/><\/p>\n<h3>Ventajas del producto<\/h3>\n<ol>\n<li><strong>Alta eficiencia<\/strong><br \/>\nLa desgranadora de jud\u00edas rojas 4BYHD\/4BYHS-3.9 (6 hileras) funciona a mayor velocidad que la manual, lo que permite a los agricultores cubrir \u00e1reas m\u00e1s extensas en menos tiempo. La funcionalidad de seis hileras garantiza la cosecha simult\u00e1nea de una gran superficie, lo que reduce significativamente el tiempo total de cosecha.<\/li>\n<li><strong>Ahorros de mano de obra<\/strong><br \/>\nEste extractor reduce significativamente la necesidad de mano de obra, una ventaja crucial en una industria donde los costos laborales pueden ser elevados. Ayuda a las granjas a operar con menos trabajadores, mejorando la rentabilidad y permitiendo que los trabajadores se concentren en otras tareas esenciales.<\/li>\n<li><strong>Versatilidad<\/strong><br \/>\nEl modelo 4BYHD\/4BYHS-3.9 est\u00e1 dise\u00f1ado para adaptarse a diferentes terrenos y tipos de suelo. Ya sea que el terreno sea llano, inclinado o rocoso, el extractor mantiene su eficacia, lo que lo convierte en una excelente opci\u00f3n para diversos entornos agr\u00edcolas.<\/li>\n<li><strong>Durabilidad<\/strong><br \/>\nFabricado con materiales de alta calidad, este extractor de granos est\u00e1 dise\u00f1ado para un uso prolongado. Su robusta construcci\u00f3n garantiza que resista el desgaste de las operaciones frecuentes, minimizando el tiempo de inactividad y reduciendo los costos de mantenimiento.<\/li>\n<li><strong>Mejora de la calidad del grano<\/strong><br \/>\nLa m\u00e1quina est\u00e1 dise\u00f1ada para extraer cuidadosamente los granos del suelo sin causar da\u00f1os, garantizando as\u00ed una cosecha en \u00f3ptimas condiciones. Esto se traduce en granos de mejor calidad, lo que puede mejorar el valor de mercado de la cosecha.<\/li>\n<\/ol>\n<h2>C\u00f3mo funciona la desgranadora de jud\u00edas verdes 4BYHD\/4BYHS-3.9 (6 hileras)<\/h2>\n<p>La cosechadora de frijoles 4BYHD\/4BYHS-3.9 (6 hileras) utiliza una serie de mecanismos giratorios para extraer eficientemente los frijoles del suelo. A medida que la m\u00e1quina se desplaza por el campo, sus dientes o garras rastrillan suavemente los frijoles. Luego, los granos se elevan y se transportan a la secci\u00f3n de cosecha, donde se separan y almacenan para su posterior procesamiento.<\/p>\n<p>Este sistema est\u00e1 dise\u00f1ado para minimizar la alteraci\u00f3n del suelo, protegiendo as\u00ed la integridad del entorno agr\u00edcola. La configuraci\u00f3n de la m\u00e1quina tambi\u00e9n ayuda a mantener un patr\u00f3n de cosecha uniforme, garantizando que no se pierdan granos y logrando una cosecha eficiente y completa.<\/p>\n<p><img loading=\"lazy\" decoding=\"async\" class=\"alignnone wp-image-369 aligncenter\" src=\"https:\/\/farm-baler.com\/wp-content\/uploads\/2025\/12\/ep-4BYHD4BYHS-3.9-Kidney-Bean-Puller-3-1.webp\" alt=\"Extractor de frijoles\" width=\"449\" height=\"449\" srcset=\"https:\/\/farm-baler.com\/wp-content\/uploads\/2025\/12\/ep-4BYHD4BYHS-3.9-Kidney-Bean-Puller-3-1.webp 273w, https:\/\/farm-baler.com\/wp-content\/uploads\/2025\/12\/ep-4BYHD4BYHS-3.9-Kidney-Bean-Puller-3-1-150x150.webp 150w, https:\/\/farm-baler.com\/wp-content\/uploads\/2025\/12\/ep-4BYHD4BYHS-3.9-Kidney-Bean-Puller-3-1-12x12.webp 12w, https:\/\/farm-baler.com\/wp-content\/uploads\/2025\/12\/ep-4BYHD4BYHS-3.9-Kidney-Bean-Puller-3-1-100x100.webp 100w\" sizes=\"(max-width: 449px) 100vw, 449px\" \/><\/p>\n<h2>Usos principales de la desgranadora de jud\u00edas verdes 4BYHD\/4BYHS-3.9 (6 hileras)<\/h2>\n<ol>\n<li><strong>Agricultura comercial a gran escala<\/strong><br \/>\nIdeal para la producci\u00f3n comercial de frijoles, esta m\u00e1quina puede manejar operaciones agr\u00edcolas extensivas, permitiendo a los agricultores cosechar grandes cantidades de frijoles de manera r\u00e1pida y eficiente.<\/li>\n<li><strong>Agricultura ecol\u00f3gica<\/strong><br \/>\nEl dise\u00f1o de bajo impacto del extractor lo hace adecuado para la agricultura org\u00e1nica, donde la m\u00ednima alteraci\u00f3n del suelo es esencial para mantener la salud y la fertilidad del suelo.<\/li>\n<li><strong>Granjas de investigaci\u00f3n y desarrollo<\/strong><br \/>\nLas instituciones de investigaci\u00f3n agr\u00edcola y las granjas de desarrollo a menudo utilizan esta m\u00e1quina para probar diversas t\u00e9cnicas de cosecha y el rendimiento del cultivo en diferentes condiciones.<\/li>\n<li><strong>Granjas de cultivos m\u00faltiples<\/strong><br \/>\nLas granjas que cultivan varios tipos de cultivos pueden beneficiarse de la versatilidad del extractor de frijoles 4BYHD\/4BYHS-3.9, ya que se puede utilizar para otros tipos de frijoles y cultivos similares.<\/li>\n<li><strong>Empresas agroindustriales<\/strong><br \/>\nLas grandes operaciones agroindustriales que procesan frijoles a escala industrial encontrar\u00e1n esta m\u00e1quina invaluable para mantener un flujo de trabajo de cosecha constante y eficiente.<\/li>\n<li><strong>Iniciativas gubernamentales y cooperativas agr\u00edcolas<\/strong><br \/>\nLas iniciativas agr\u00edcolas patrocinadas por el gobierno, particularmente aquellas centradas en la seguridad alimentaria y la agricultura sostenible, a menudo utilizan esta m\u00e1quina debido a su eficiencia y escalabilidad.<\/li>\n<\/ol>\n<h2>C\u00f3mo elegir la desgranadora de jud\u00edas 4BYHD\/4BYHS-3.9 adecuada (6 hileras)<\/h2>\n<ol>\n<li><strong>Considere el tama\u00f1o de su granja<\/strong><br \/>\nPara explotaciones grandes, el modelo de seis hileras ofrece el equilibrio perfecto entre velocidad y cobertura. Las explotaciones m\u00e1s peque\u00f1as pueden optar por una configuraci\u00f3n diferente, pero para operaciones de alta eficiencia, la versi\u00f3n de seis hileras es ideal.<\/li>\n<li><strong>Evaluar la condici\u00f3n del suelo<\/strong><br \/>\nAseg\u00farese de que el extractor sea adecuado para su tipo de suelo. El extractor de jud\u00edas verdes 4BYHD\/4BYHS-3.9 es compatible con la mayor\u00eda de las condiciones de suelo, pero los suelos \u00e1speros o muy compactados pueden requerir ajustes adicionales.<\/li>\n<li><strong>Eval\u00fae sus necesidades de cosecha<\/strong><br \/>\nSi necesita una cosecha consistente y de gran volumen con un tiempo de inactividad m\u00ednimo, el sistema de 6 hileras ofrece una excelente soluci\u00f3n. Para cosechas m\u00e1s peque\u00f1as, un modelo menos complejo podr\u00eda ser m\u00e1s econ\u00f3mico.<\/li>\n<li><strong>Busque soporte de durabilidad y mantenimiento<\/strong><br \/>\nElija un modelo con una garant\u00eda s\u00f3lida y disponibilidad de repuestos. El 4BYHD\/4BYHS-3.9 incluye una garant\u00eda de 3 a\u00f1os, lo que le brinda tranquilidad para un uso prolongado.<\/li>\n<li><strong>Comprobar compatibilidad con otros equipos<\/strong><br \/>\nSi ya utiliza otra maquinaria agr\u00edcola, verifique si la desgranadora de jud\u00edas verdes 4BYHD\/4BYHS-3.9 puede integrarse perfectamente con su configuraci\u00f3n actual.<\/li>\n<li><strong>Consideraciones presupuestarias<\/strong><br \/>\nSi bien el costo inicial puede ser mayor que el de los m\u00e9todos de cosecha manual, la rentabilidad de la inversi\u00f3n es r\u00e1pida gracias al ahorro en mano de obra y al aumento de la productividad. Aseg\u00farese de que el modelo se ajuste a su presupuesto y ofrezca beneficios a largo plazo.<\/li>\n<\/ol>\n<h2>Consejos de mantenimiento para la desgranadora de jud\u00edas verdes 4BYHD\/4BYHS-3.9 (6 hileras)<\/h2>\n<ol>\n<li><strong>Limpieza regular<\/strong><br \/>\nDespu\u00e9s de cada uso, limpie a fondo la m\u00e1quina para eliminar la tierra, los restos de plantas y los residuos de frijoles. Esto ayuda a evitar la acumulaci\u00f3n de suciedad que podr\u00eda afectar el rendimiento de la m\u00e1quina.<\/li>\n<li><strong>Lubricar las piezas m\u00f3viles<\/strong><br \/>\nLa lubricaci\u00f3n regular de los componentes m\u00f3viles, como engranajes y p\u00faas, garantiza un funcionamiento suave y reduce el desgaste.<\/li>\n<li><strong>Comprobar el desgaste<\/strong><br \/>\nInspeccione las p\u00faas, cuchillas y dem\u00e1s componentes del extractor para detectar cualquier signo de da\u00f1o o desgaste. Reemplace las piezas desgastadas con prontitud para evitar reparaciones costosas.<\/li>\n<li><strong>Comprobar sistemas hidr\u00e1ulicos<\/strong><br \/>\nAseg\u00farese del correcto funcionamiento de los sistemas hidr\u00e1ulicos. Las revisiones y el mantenimiento peri\u00f3dicos de los componentes hidr\u00e1ulicos ayudan a evitar fallos durante el funcionamiento.<\/li>\n<li><strong>Realizar controles de servicio anuales<\/strong><br \/>\nRealice una revisi\u00f3n completa al menos una vez al a\u00f1o para garantizar que todos los componentes est\u00e9n en \u00f3ptimas condiciones de funcionamiento. Un servicio profesional puede prolongar la vida \u00fatil de su equipo.<\/li>\n<\/ol>\n<p style=\"text-align: center;\" data-start=\"5203\" data-end=\"5270\"><img loading=\"lazy\" decoding=\"async\" class=\"alignnone wp-image-368\" src=\"https:\/\/farm-baler.com\/wp-content\/uploads\/2025\/12\/ep-4BYHD4BYHS-3.9-Kidney-Bean-Puller-2-1.webp\" alt=\"Extractor de frijoles\" width=\"448\" height=\"448\" srcset=\"https:\/\/farm-baler.com\/wp-content\/uploads\/2025\/12\/ep-4BYHD4BYHS-3.9-Kidney-Bean-Puller-2-1.webp 264w, https:\/\/farm-baler.com\/wp-content\/uploads\/2025\/12\/ep-4BYHD4BYHS-3.9-Kidney-Bean-Puller-2-1-150x150.webp 150w, https:\/\/farm-baler.com\/wp-content\/uploads\/2025\/12\/ep-4BYHD4BYHS-3.9-Kidney-Bean-Puller-2-1-12x12.webp 12w, https:\/\/farm-baler.com\/wp-content\/uploads\/2025\/12\/ep-4BYHD4BYHS-3.9-Kidney-Bean-Puller-2-1-100x100.webp 100w\" sizes=\"(max-width: 448px) 100vw, 448px\" \/><\/p>\n<h2>Opiniones de clientes<\/h2>\n<p data-start=\"45\" data-end=\"777\">La desgranadora de frijoles 4BYHD\/4BYHS-3.9 ha transformado por completo nuestro proceso de cosecha. Anteriormente, depend\u00edamos en gran medida del trabajo manual, que no solo requer\u00eda mucho tiempo, sino que tambi\u00e9n era costoso. Desde que empezamos a usar esta desgranadora, el tiempo de cosecha se ha reducido en m\u00e1s de 50% y la calidad de nuestros frijoles tambi\u00e9n ha mejorado. Ya no tenemos que preocuparnos por perder granos o da\u00f1arlos durante la cosecha. La m\u00e1quina funciona sin problemas en nuestros campos, incluso en suelos ligeramente pedregosos. Adem\u00e1s, es muy f\u00e1cil de mantener, con un tiempo de inactividad m\u00ednimo. Estamos muy satisfechos con esta inversi\u00f3n y la recomendamos ampliamente a cualquier granjero de frijoles que busque aumentar la eficiencia y reducir los costos de mano de obra.<br data-start=\"763\" data-end=\"766\" \/><strong>\u2013 John, Estados Unidos<\/strong><\/p>\n<p data-start=\"45\" data-end=\"777\">\u201cComo granja cooperativa en Espa\u00f1a, hemos estado utilizando el 4BYHD\/4BYHS-3.9 <a href=\"http:\/\/silage-balers.com\" target=\"_blank\" rel=\"noopener\">Extractor de frijoles<\/a> Durante varios meses, y estamos encantados con su rendimiento. La capacidad de seis hileras es una aut\u00e9ntica revoluci\u00f3n para nosotros, ya que nos permite cosechar grandes campos en mucho menos tiempo que lo que nos llevar\u00eda hacerlo manualmente. Una de las cosas que m\u00e1s apreciamos es el cuidado que el extractor tiene con los granos. Su delicado mecanismo de extracci\u00f3n no da\u00f1a ni da\u00f1a los granos, lo que ha mejorado significativamente la calidad de nuestra cosecha. Adem\u00e1s, el servicio posventa ha sido excepcional. El equipo nos ayud\u00f3 a configurar la m\u00e1quina y brind\u00f3 una formaci\u00f3n completa a nuestro personal. Creemos que fue una gran inversi\u00f3n y ya estamos viendo sus frutos.<br data-start=\"1542\" data-end=\"1545\" \/><strong>\u2013 Mar\u00eda, Espa\u00f1a<\/strong><\/p>\n<p data-start=\"45\" data-end=\"777\">Al trabajar en una granja a gran escala en Egipto, nos enfrentamos a desaf\u00edos \u00fanicos en cuanto a las condiciones del suelo y el gran volumen de nuestras cosechas de frijoles. La desgranadora de frijoles 4BYHD\/4BYHS-3.9 ha demostrado ser una soluci\u00f3n fiable para ambos casos. A pesar del suelo, a veces duro y rocoso, de nuestra regi\u00f3n, la desgranadora realiza un excelente trabajo desenterrando y recolectando los frijoles de manera eficiente. Hemos notado una reducci\u00f3n significativa en la cantidad de frijoles da\u00f1ados y nuestra velocidad de cosecha se ha m\u00e1s que duplicado. La durabilidad de la m\u00e1quina es impresionante; ha soportado una temporada completa de uso intensivo sin mayores problemas. El mantenimiento es sencillo y la disponibilidad de repuestos garantiza que podamos mantenerla en funcionamiento durante muchos a\u00f1os. Es muy recomendable para granjas con condiciones exigentes.<br data-start=\"2352\" data-end=\"2355\" \/><strong>\u2013 Ahmed, Egipto<\/strong><\/p>\n<p data-start=\"45\" data-end=\"777\">Como granja en China, buscamos constantemente maneras de mejorar la eficiencia y reducir los costos de mano de obra, especialmente durante la temporada alta de cosecha. El extractor de jud\u00edas 4BYHD\/4BYHS-3.9 ha sido un recurso fundamental para nuestras operaciones. Su sistema de seis hileras es perfecto para nuestros campos grandes y nos permite cubrir mucho m\u00e1s terreno en menos tiempo. Nos impresion\u00f3 especialmente lo f\u00e1cil que fue integrar el extractor en nuestra configuraci\u00f3n actual. Funciona bien con el resto de nuestra maquinaria agr\u00edcola y no requiere mucha capacitaci\u00f3n adicional para nuestros operadores. El extractor tambi\u00e9n funciona bien en diversos tipos de suelo, desde blando hasta ligeramente compactado. Nos ha ahorrado tiempo y dinero, y ahora estamos considerando comprar otro para una mayor eficiencia.<br data-start=\"3138\" data-end=\"3141\" \/><strong>\u2013 Chen, China<\/strong><\/p>\n<p data-start=\"3156\" data-end=\"4023\"><strong data-start=\"3156\" data-end=\"3168\">Rese\u00f1a 5<\/strong><br data-start=\"3168\" data-end=\"3171\" \/>Llevamos poco m\u00e1s de un a\u00f1o usando la desgranadora de jud\u00edas rojas 4BYHD\/4BYHS-3.9 en nuestra finca de Canad\u00e1 y estamos encantados. Antes, utiliz\u00e1bamos m\u00e9todos m\u00e1s tradicionales, mucho m\u00e1s lentos y con mayor mano de obra. La desgranadora ha reducido dr\u00e1sticamente el tiempo de cosecha, manteniendo un alto nivel de calidad. Una de las principales ventajas que hemos notado es su capacidad para adaptarse a diversas condiciones de suelo. Nuestra finca cuenta con zonas tanto llanas como monta\u00f1osas, y la desgranadora funciona con la misma eficacia en ambas. Adem\u00e1s, el servicio al cliente que recibimos fue excepcional. El equipo nos brind\u00f3 una capacitaci\u00f3n exhaustiva y ha sido muy receptivo ante cualquier duda o inquietud. La garant\u00eda de 3 a\u00f1os tambi\u00e9n es una gran ventaja, ya que nos da confianza en la fiabilidad a largo plazo de la m\u00e1quina.<br data-start=\"4005\" data-end=\"4008\" \/>\u2013 Sarah, Canad\u00e1<\/p>\n<h2>\u00bfPor qu\u00e9 elegir nuestro producto?<\/h2>\n<p>Nuestra desmenuzadora de jud\u00edas 4BYHD\/4BYHS-3.9 destaca por su r\u00e1pida personalizaci\u00f3n, un completo servicio posventa y una garant\u00eda de tres a\u00f1os. Nos comprometemos con el cliente como prioridad, garantizando un servicio y mantenimiento confiables para su tranquilidad. Adem\u00e1s, ofrecemos env\u00edos internacionales r\u00e1pidos y podemos satisfacer las necesidades regionales espec\u00edficas. Tambi\u00e9n ofrecemos una gama completa de repuestos y accesorios para garantizar la compatibilidad \u00f3ptima del producto.<\/p>\n<h2>Preguntas frecuentes<\/h2>\n<p><strong>1. \u00bfCu\u00e1l es la capacidad del extractor de frijoles 4BYHD\/4BYHS-3.9?<\/strong><br \/>\nLa desgranadora de frijoles 4BYHD\/4BYHS-3.9 puede manejar hasta seis hileras a la vez, lo que la hace adecuada para operaciones comerciales a gran escala.<\/p>\n<p><strong>2. \u00bfC\u00f3mo reduce los costos de mano de obra la desgranadora de jud\u00edas verdes 4BYHD\/4BYHS-3.9?<\/strong><br \/>\nAl automatizar el proceso de cosecha, este extractor minimiza la necesidad de mano de obra, reduciendo significativamente los costos laborales en operaciones grandes.<\/p>\n<p><strong>3. \u00bfSe puede utilizar el extractor de frijoles 4BYHD\/4BYHS-3.9 para otros tipos de frijoles?<\/strong><br \/>\nS\u00ed, el extractor es vers\u00e1til y puede manejar diferentes tipos de frijoles y cultivos similares, lo que lo convierte en una herramienta multiusos para diversas operaciones agr\u00edcolas.<\/p>\n<p><strong>4. \u00bfEl extractor de jud\u00edas verdes 4BYHD\/4BYHS-3.9 es adecuado para terrenos rocosos?<\/strong><br \/>\nS\u00ed, el extractor est\u00e1 dise\u00f1ado para trabajar en diversos terrenos, incluidos campos rocosos, con una alteraci\u00f3n m\u00ednima del suelo.<\/p>\n<p><strong>5. \u00bfQu\u00e9 tipo de mantenimiento requiere la desgranadora de jud\u00edas verdes 4BYHD\/4BYHS-3.9?<\/strong><br \/>\nLa limpieza, lubricaci\u00f3n e inspecci\u00f3n peri\u00f3dicas de componentes clave, como dientes y sistemas hidr\u00e1ulicos, son esenciales para un rendimiento \u00f3ptimo.<\/p>\n<p><strong>6. \u00bfCu\u00e1nto dura la garant\u00eda del extractor de frijoles 4BYHD\/4BYHS-3.9?<\/strong><br \/>\nEl producto viene con una garant\u00eda de 3 a\u00f1os, asegurando tranquilidad y soporte para mantenimiento y reparaciones.<\/p>\n<p><strong>7. \u00bfSe puede utilizar la desgranadora de jud\u00edas 4BYHD\/4BYHS-3.9 en agricultura ecol\u00f3gica?<\/strong><br \/>\nS\u00ed, el dise\u00f1o del extractor minimiza la alteraci\u00f3n del suelo, lo que lo hace adecuado para pr\u00e1cticas de agricultura org\u00e1nica.<\/p>\n<p><strong>8. \u00bfCu\u00e1l es el \u00e1rea m\u00e1xima que puede cubrir la desbrozadora de frijoles 4BYHD\/4BYHS-3.9 en un d\u00eda?<\/strong><br \/>\nEl arrancador puede cubrir grandes \u00e1reas con eficiencia, y su productividad depende de las condiciones del suelo y la densidad del grano. Sin embargo, una m\u00e1quina bien mantenida puede cosechar varias hect\u00e1reas en un d\u00eda.<\/p>\n<p><strong>9. \u00bfEs f\u00e1cil de utilizar el extractor de jud\u00edas verdes 4BYHD\/4BYHS-3.9?<\/strong><br \/>\nS\u00ed, el extractor es f\u00e1cil de usar y operar, con controles simples y una configuraci\u00f3n m\u00ednima requerida para su uso.<\/p>\n<p><strong>10. \u00bfEl extractor de frijoles 4BYHD\/4BYHS-3.9 requiere capacitaci\u00f3n especial?<\/strong><br \/>\nNo, la formaci\u00f3n operativa b\u00e1sica es suficiente para utilizar la m\u00e1quina. La mayor\u00eda de los agricultores pueden operarla con una instrucci\u00f3n m\u00ednima.<\/p>\n<p><strong>11. \u00bfCu\u00e1les son los requisitos de energ\u00eda para el extractor de frijoles 4BYHD\/4BYHS-3.9?<\/strong><br \/>\nEl extractor est\u00e1 dise\u00f1ado para ser compatible con fuentes de energ\u00eda agr\u00edcolas est\u00e1ndar y se puede integrar f\u00e1cilmente en los sistemas de maquinaria agr\u00edcola existentes.<\/p>\n<p><strong>12. \u00bfLa desbrozadora de frijoles 4BYHD\/4BYHS-3.9 puede soportar condiciones de suelo h\u00famedo?<\/strong><br \/>\nSi bien el extractor funciona mejor en suelos secos a moderadamente h\u00famedos, tambi\u00e9n puede funcionar en condiciones h\u00famedas con una eficiencia ligeramente reducida.<\/p>\n<p><strong>13. \u00bfCu\u00e1l es la vida \u00fatil del extractor de frijoles 4BYHD\/4BYHS-3.9?<\/strong><br \/>\nCon un mantenimiento adecuado, el extractor puede durar muchos a\u00f1os, y se espera que su vida \u00fatil sea superior a 10 a\u00f1os en condiciones normales de funcionamiento.<\/p>\n<p><strong>14. \u00bfC\u00f3mo puedo solicitar el extractor de frijoles 4BYHD\/4BYHS-3.9?<\/strong><br \/>\nPuede contactarnos directamente a trav\u00e9s de nuestro sitio web o canales de atenci\u00f3n al cliente para realizar un pedido u obtener m\u00e1s detalles.<\/p>\n<p><strong>15. \u00bfLa desgranadora de jud\u00edas verdes 4BYHD\/4BYHS-3.9 es adecuada para granjas peque\u00f1as?<\/strong><br \/>\nSi bien es ideal para operaciones a gran escala, tambi\u00e9n puede beneficiar a granjas m\u00e1s peque\u00f1as que requieren sistemas de cosecha de alta eficiencia.<\/p>\n<h3>Explore nuestra gama completa de productos<\/h3>\n<p>Adem\u00e1s de la desgranadora de jud\u00edas 4BYHD\/4BYHS-3.9, tambi\u00e9n ofrecemos una variedad de maquinaria agr\u00edcola y accesorios dise\u00f1ados para optimizar la producci\u00f3n. Gracias a la calidad superior de nuestros productos, precios competitivos y un excelente servicio, garantizamos que cada m\u00e1quina cumpla con los m\u00e1s altos est\u00e1ndares.<\/p>\n<p>Cont\u00e1ctenos hoy para obtener m\u00e1s informaci\u00f3n sobre el 4BYHD\/4BYHS-3.9 <a href=\"https:\/\/farm-baler.com\/es\/producto\/4byh-2-6-kidney-bean-puller\/\">Extractor de frijoles<\/a> y nuestra gama completa de productos. Esperamos ayudarle a llevar sus operaciones agr\u00edcolas al siguiente nivel.<\/p>\n<p>editado por gzl<\/p>","protected":false},"excerpt":{"rendered":"<p>La desgranadora de frijoles rojos 4BYHD\/4BYHS-3.9 (6 hileras) es una m\u00e1quina de alta eficiencia dise\u00f1ada para cosechar frijoles rojos de seis hileras a la vez, ideal para grandes explotaciones agr\u00edcolas. Gracias a su dise\u00f1o duradero y f\u00e1cil de usar, aumenta la productividad, reduce los costos de mano de obra y garantiza cosechas de alta calidad. Tambi\u00e9n es adaptable a otros cultivos de leguminosas, ofreciendo flexibilidad para diversas necesidades agr\u00edcolas. Maximice la eficiencia de su cosecha: \u00a1elija la 4BYHD\/4BYHS-3.9 hoy mismo!<\/p>","protected":false},"featured_media":367,"template":"","meta":{"_et_pb_use_builder":"","_et_pb_old_content":"","_et_gb_content_width":""},"product_brand":[],"product_cat":[23],"product_tag":[],"class_list":{"0":"post-365","1":"product","2":"type-product","3":"status-publish","4":"has-post-thumbnail","6":"product_cat-kidney-bean-puller","8":"first","9":"instock","10":"shipping-taxable","11":"product-type-simple"},"_links":{"self":[{"href":"https:\/\/farm-baler.com\/es\/wp-json\/wp\/v2\/product\/365","targetHints":{"allow":["GET"]}}],"collection":[{"href":"https:\/\/farm-baler.com\/es\/wp-json\/wp\/v2\/product"}],"about":[{"href":"https:\/\/farm-baler.com\/es\/wp-json\/wp\/v2\/types\/product"}],"wp:featuredmedia":[{"embeddable":true,"href":"https:\/\/farm-baler.com\/es\/wp-json\/wp\/v2\/media\/367"}],"wp:attachment":[{"href":"https:\/\/farm-baler.com\/es\/wp-json\/wp\/v2\/media?parent=365"}],"wp:term":[{"taxonomy":"product_brand","embeddable":true,"href":"https:\/\/farm-baler.com\/es\/wp-json\/wp\/v2\/product_brand?post=365"},{"taxonomy":"product_cat","embeddable":true,"href":"https:\/\/farm-baler.com\/es\/wp-json\/wp\/v2\/product_cat?post=365"},{"taxonomy":"product_tag","embeddable":true,"href":"https:\/\/farm-baler.com\/es\/wp-json\/wp\/v2\/product_tag?post=365"}],"curies":[{"name":"wp","href":"https:\/\/api.w.org\/{rel}","templated":true}]}}