{"id":335,"date":"2025-12-01T09:47:03","date_gmt":"2025-12-01T09:47:03","guid":{"rendered":"https:\/\/farm-baler.com\/?post_type=product&#038;p=335"},"modified":"2025-12-18T01:39:02","modified_gmt":"2025-12-18T01:39:02","slug":"empacadora-redonda-de-9-anos-y-2-anos-y-24-dias","status":"publish","type":"product","link":"https:\/\/farm-baler.com\/es\/producto\/empacadora-redonda-de-9-anos-y-2-anos-y-24-dias\/","title":{"rendered":"Empacadora redonda 9YG-2.24D"},"content":{"rendered":"<p>La empacadora de pacas redondas 9YG-2.24D es un equipo agr\u00edcola vers\u00e1til y eficiente, dise\u00f1ado para ayudar a agricultores y profesionales del sector agr\u00edcola a empacar heno, paja u otros residuos de cultivos en pacas compactas y uniformes. Esta empacadora se utiliza ampliamente en diversos sectores agr\u00edcolas gracias a su alto rendimiento, fiabilidad y facilidad de uso.<\/p>\n<h2>Especificaciones t\u00e9cnicas<\/h2>\n<table style=\"border-color: #000000;\">\n<thead>\n<tr>\n<th>No.<\/th>\n<th>Art\u00edculo<\/th>\n<th>Unidad<\/th>\n<th>Especificaci\u00f3n<\/th>\n<\/tr>\n<\/thead>\n<tbody>\n<tr>\n<td>1<\/td>\n<td>Nombre del modelo<\/td>\n<td>\/<\/td>\n<td>Empacadora redonda 9YG-2.24D<\/td>\n<\/tr>\n<tr>\n<td>2<\/td>\n<td>M\u00e9todo de enganche<\/td>\n<td>\/<\/td>\n<td>Tipo de tracci\u00f3n<\/td>\n<\/tr>\n<tr>\n<td>3<\/td>\n<td>Ancho de selecci\u00f3n<\/td>\n<td>mm<\/td>\n<td>2240<\/td>\n<\/tr>\n<tr>\n<td>4<\/td>\n<td>Tipo de estructura del selector<\/td>\n<td>\/<\/td>\n<td>Tipo de diente de resorte<\/td>\n<\/tr>\n<tr>\n<td>5<\/td>\n<td>Tipo de estructura del alimentador<\/td>\n<td>\/<\/td>\n<td>Cadena de dedo + tipo tambor<\/td>\n<\/tr>\n<tr>\n<td>6<\/td>\n<td>Tipo de mecanismo de c\u00e1mara de compresi\u00f3n<\/td>\n<td>\/<\/td>\n<td>Tipo de tambor<\/td>\n<\/tr>\n<tr>\n<td>7<\/td>\n<td>Ancho de la c\u00e1mara de compresi\u00f3n<\/td>\n<td>mm<\/td>\n<td>1400<\/td>\n<\/tr>\n<tr>\n<td>8<\/td>\n<td>Di\u00e1metro de la c\u00e1mara de compresi\u00f3n<\/td>\n<td>mm<\/td>\n<td>\u03a61200<\/td>\n<\/tr>\n<tr>\n<td>9<\/td>\n<td>N\u00famero de componentes de la c\u00e1mara de compresi\u00f3n<\/td>\n<td>piezas<\/td>\n<td>18 (Bater\u00eda)<\/td>\n<\/tr>\n<tr>\n<td>10<\/td>\n<td>Di\u00e1metro del tambor de pacas<\/td>\n<td>mm<\/td>\n<td>\u03a6222<\/td>\n<\/tr>\n<tr>\n<td>11<\/td>\n<td>M\u00e9todo de atado<\/td>\n<td>\/<\/td>\n<td>Envoltura de red<\/td>\n<\/tr>\n<tr>\n<td>12<\/td>\n<td>Poder de igualaci\u00f3n<\/td>\n<td>kilovatios<\/td>\n<td>55-100<\/td>\n<\/tr>\n<tr>\n<td>13<\/td>\n<td>Masa estructural<\/td>\n<td>kilogramo<\/td>\n<td>3922<\/td>\n<\/tr>\n<tr>\n<td>14<\/td>\n<td>Velocidad de la toma de fuerza<\/td>\n<td>r\/min<\/td>\n<td>720<\/td>\n<\/tr>\n<tr>\n<td>15<\/td>\n<td>Dimensiones generales (L\u00d7An\u00d7Al)<\/td>\n<td>mm<\/td>\n<td>4110\u00d73010\u00d72450 (Condiciones de funcionamiento)<\/td>\n<\/tr>\n<tr>\n<td>16<\/td>\n<td>Control de densidad de pacas<\/td>\n<td>\/<\/td>\n<td>Control de sensores<\/td>\n<\/tr>\n<tr>\n<td>17<\/td>\n<td>Tama\u00f1o de la paca (di\u00e1metro \u00d7 ancho)<\/td>\n<td>mm<\/td>\n<td>\u03a61300\u00d71400<\/td>\n<\/tr>\n<tr>\n<td>18<\/td>\n<td>Densidad de pacas<\/td>\n<td>kg\/m\u00b3<\/td>\n<td>100~200<\/td>\n<\/tr>\n<tr>\n<td>19<\/td>\n<td>Productividad<\/td>\n<td>pacas\/h<\/td>\n<td>40~100<\/td>\n<\/tr>\n<tr>\n<td>20<\/td>\n<td>Pista de rueda<\/td>\n<td>mm<\/td>\n<td>2600<\/td>\n<\/tr>\n<tr>\n<td>21<\/td>\n<td>Velocidad de operaci\u00f3n<\/td>\n<td>kil\u00f3metros por hora<\/td>\n<td>5-35<\/td>\n<\/tr>\n<tr>\n<td>22<\/td>\n<td>Especificaciones de la red de envoltura (largo \u00d7 ancho)<\/td>\n<td>metro<\/td>\n<td>2000\u00d71,4 m\/paca<\/td>\n<\/tr>\n<\/tbody>\n<\/table>\n<h2>Definici\u00f3n del producto<\/h2>\n<p>La empacadora de pacas redondas 9YG-2.24D es una m\u00e1quina avanzada que recolecta, comprime y aglomera heno, paja u otros materiales vegetales en pacas redondas y compactas. Este innovador equipo garantiza un tama\u00f1o de paca uniforme y una alta calidad del producto, mejorando as\u00ed la productividad y la eficiencia de los agricultores.<\/p>\n<h2>Problemas resueltos por la empacadora redonda 9YG-2.24D<\/h2>\n<p>La empacadora redonda 9YG-2.24D aborda varios problemas clave en la agricultura moderna, entre ellos:<\/p>\n<ul>\n<li><strong>Eficiencia de tiempo:<\/strong> Reduce el tiempo empleado en la formaci\u00f3n de pacas automatizando el proceso.<\/li>\n<li><strong>Intensidad laboral:<\/strong> Minimiza el trabajo manual, permitiendo que los trabajadores agr\u00edcolas se concentren en otras tareas.<\/li>\n<li><strong>Control de calidad:<\/strong> Garantiza un tama\u00f1o y una densidad de paca consistentes, lo que resulta en un almacenamiento y transporte m\u00e1s uniformes.<\/li>\n<li><strong>Manejo de Residuos de Cultivos:<\/strong> Maneja eficientemente heno, paja y otros residuos, reduciendo el desperdicio y mejorando la calidad del suelo.<\/li>\n<li><strong>Simplicidad operativa:<\/strong> Interfaz f\u00e1cil de usar con controles intuitivos, lo que reduce la curva de aprendizaje para los operadores.<\/li>\n<\/ul>\n<h2>Ventajas del producto<\/h2>\n<h3>1. Alta eficiencia<\/h3>\n<p>La 9YG-2.24D ofrece una alta eficiencia operativa, capaz de procesar grandes cantidades de cultivos en poco tiempo. Su potente mecanismo garantiza un empacado r\u00e1pido, optimizando as\u00ed el tiempo durante la temporada alta de cosecha.<\/p>\n<h3>2. Calidad constante de las pacas<\/h3>\n<p>Esta m\u00e1quina produce pacas uniformes con tama\u00f1o y densidad constantes, lo que garantiza que cada paca cumpla con los est\u00e1ndares de la industria. Esta consistencia facilita un mejor almacenamiento, transporte y uso final tanto para agricultores como para empresas.<\/p>\n<h3>3. F\u00e1cil de mantener<\/h3>\n<p>El dise\u00f1o de la empacadora redonda 9YG-2.24D incorpora piezas de f\u00e1cil acceso, lo que facilita y agiliza el mantenimiento regular. Esto reduce el tiempo de inactividad y prolonga la vida \u00fatil de la m\u00e1quina.<\/p>\n<h3>4. Construcci\u00f3n duradera<\/h3>\n<p>Fabricada con materiales de alta calidad y componentes robustos, esta empacadora est\u00e1 dise\u00f1ada para soportar el desgaste de entornos agr\u00edcolas exigentes. Ofrece fiabilidad a largo plazo incluso en condiciones dif\u00edciles.<\/p>\n<h3>5. Reducci\u00f3n de los requisitos de mano de obra<\/h3>\n<p>Las funciones automatizadas de la empacadora de pacas redondas 9YG-2.24D reducen dr\u00e1sticamente la necesidad de mano de obra. Esto no solo reduce los costos operativos, sino que tambi\u00e9n aumenta la seguridad y la productividad en la explotaci\u00f3n.<\/p>\n<p style=\"text-align: center;\"><img loading=\"lazy\" decoding=\"async\" class=\"alignnone wp-image-339\" src=\"https:\/\/farm-baler.com\/wp-content\/uploads\/2025\/12\/ep-9YG-2.24D-Round-Baler-3.jpg\" alt=\"Empacadora redonda\" width=\"473\" height=\"473\" srcset=\"https:\/\/farm-baler.com\/wp-content\/uploads\/2025\/12\/ep-9YG-2.24D-Round-Baler-3.jpg 248w, https:\/\/farm-baler.com\/wp-content\/uploads\/2025\/12\/ep-9YG-2.24D-Round-Baler-3-150x150.jpg 150w, https:\/\/farm-baler.com\/wp-content\/uploads\/2025\/12\/ep-9YG-2.24D-Round-Baler-3-12x12.jpg 12w, https:\/\/farm-baler.com\/wp-content\/uploads\/2025\/12\/ep-9YG-2.24D-Round-Baler-3-100x100.jpg 100w\" sizes=\"(max-width: 473px) 100vw, 473px\" \/><\/p>\n<h2>C\u00f3mo funciona la empacadora redonda 9YG-2.24D<\/h2>\n<p>La empacadora de pacas redondas 9YG-2.24D utiliza su amplio mecanismo de recogida para recolectar cultivos sueltos. Los cultivos recolectados se introducen en la c\u00e1mara de compresi\u00f3n y se comprimen en formas redondas. La empacadora utiliza cuerdas o redes para atar firmemente las pacas, lo que facilita su manipulaci\u00f3n y almacenamiento. Una vez completadas, la m\u00e1quina las expulsa autom\u00e1ticamente para su recolecci\u00f3n y transporte.<\/p>\n<h2>Escenarios de aplicaci\u00f3n principales<\/h2>\n<ul>\n<li><strong>Cultivo de heno:<\/strong> Ideal para crear pacas de heno compactas para facilitar su almacenamiento y transporte.<\/li>\n<li><strong>Colecci\u00f3n de paja:<\/strong> Eficaz para recoger paja de los cultivos de cereales, reduciendo el desperdicio y mejorando la fertilidad del suelo.<\/li>\n<li><strong>Corte de c\u00e9sped:<\/strong> Perfecto para recoger y empacar hierba de pastos o prados.<\/li>\n<li><strong>Alimentaci\u00f3n animal:<\/strong> Se utiliza para crear pacas de heno o paja para almacenar alimento para animales.<\/li>\n<li><strong>Gesti\u00f3n de residuos de cultivos:<\/strong> Ayuda a gestionar los restos de material de cultivo de la cosecha, minimizando el desperdicio.<\/li>\n<li><strong>Granjas de peque\u00f1a escala:<\/strong> Adecuado para operaciones agr\u00edcolas m\u00e1s peque\u00f1as debido a su tama\u00f1o compacto y dise\u00f1o eficiente.<\/li>\n<\/ul>\n<h2>C\u00f3mo elegir la empacadora cil\u00edndrica 9YG-2.24D adecuada<\/h2>\n<h3>1. Determinar los requisitos de tama\u00f1o de la paca<\/h3>\n<p>Considere el tama\u00f1o y el peso de las pacas que necesita para su operaci\u00f3n. La empacadora de pacas redondas 9YG-2.24D ofrece varios ajustes para ajustar el tama\u00f1o de las pacas, permiti\u00e9ndole ajustarse con precisi\u00f3n a sus necesidades.<\/p>\n<h3>2. Evaluar el tipo de cultivo<\/h3>\n<p>Aseg\u00farese de que la empacadora sea compatible con el tipo de cultivo que est\u00e1 trabajando. Este modelo es excelente para heno, paja y hierba, lo que la hace vers\u00e1til para diversas aplicaciones agr\u00edcolas.<\/p>\n<h3>3. Evaluar el tama\u00f1o de la explotaci\u00f3n<\/h3>\n<p>La empacadora de pacas redondas 9YG-2.24D est\u00e1 dise\u00f1ada para granjas de diversos tama\u00f1os. Para granjas m\u00e1s peque\u00f1as, este modelo ofrece una soluci\u00f3n compacta sin sacrificar el rendimiento.<\/p>\n<h3>4. Considere su presupuesto<\/h3>\n<p>Aseg\u00farese de que el costo de la empacadora se ajuste a su presupuesto. La 9YG-2.24D ofrece un buen equilibrio entre asequibilidad y alto rendimiento.<\/p>\n<h3>5. Piense en el mantenimiento a largo plazo<\/h3>\n<p>Compruebe si la m\u00e1quina ofrece f\u00e1cil acceso a las piezas y una amplia red de servicio. La 9YG-2.24D es conocida por su bajo mantenimiento, lo que reduce los costes operativos generales.<\/p>\n<h3>6. Revisar los comentarios de los clientes<\/h3>\n<p>Consulte las rese\u00f1as y los comentarios de otros usuarios para tener una idea del rendimiento y la confiabilidad de la m\u00e1quina en el mundo real.<\/p>\n<p style=\"text-align: center;\"><img loading=\"lazy\" decoding=\"async\" class=\"alignnone wp-image-337\" src=\"https:\/\/farm-baler.com\/wp-content\/uploads\/2025\/12\/ep-9YG-2.24D-Round-Baler-2.jpg\" alt=\"Empacadora redonda\" width=\"478\" height=\"478\" srcset=\"https:\/\/farm-baler.com\/wp-content\/uploads\/2025\/12\/ep-9YG-2.24D-Round-Baler-2.jpg 258w, https:\/\/farm-baler.com\/wp-content\/uploads\/2025\/12\/ep-9YG-2.24D-Round-Baler-2-150x150.jpg 150w, https:\/\/farm-baler.com\/wp-content\/uploads\/2025\/12\/ep-9YG-2.24D-Round-Baler-2-12x12.jpg 12w, https:\/\/farm-baler.com\/wp-content\/uploads\/2025\/12\/ep-9YG-2.24D-Round-Baler-2-100x100.jpg 100w\" sizes=\"(max-width: 478px) 100vw, 478px\" \/><\/p>\n<h2>Mantenimiento de la empacadora redonda 9YG-2.24D<\/h2>\n<p>El mantenimiento de la empacadora de pacas redondas 9YG-2.24D es crucial para su longevidad y rendimiento \u00f3ptimo. A continuaci\u00f3n, se ofrecen algunos consejos clave de mantenimiento:<\/p>\n<ul>\n<li><strong>Lubricaci\u00f3n regular:<\/strong> Aseg\u00farese de que todas las piezas m\u00f3viles est\u00e9n correctamente lubricadas para evitar el desgaste.<\/li>\n<li><strong>Compruebe el mecanismo de recogida:<\/strong> Inspeccione peri\u00f3dicamente el mecanismo de recolecci\u00f3n para detectar residuos y da\u00f1os.<\/li>\n<li><strong>Reemplazar el cordel o la red:<\/strong> Reemplace peri\u00f3dicamente el cordel o la red para garantizar que los fardos est\u00e9n seguros.<\/li>\n<li><strong>Monitorear la tensi\u00f3n de la correa:<\/strong> Ajuste la tensi\u00f3n de las correas para evitar resbalones o da\u00f1os.<\/li>\n<li><strong>Inspeccionar el sistema hidr\u00e1ulico:<\/strong> Revise peri\u00f3dicamente el sistema hidr\u00e1ulico para detectar fugas o problemas de presi\u00f3n.<\/li>\n<\/ul>\n<h2>Opiniones de clientes<\/h2>\n<blockquote><p>La empacadora de pacas redondas 9YG-2.24D ha mejorado significativamente nuestra productividad en la granja. Ahora podemos empacar con mayor eficiencia y la uniformidad de las pacas es excepcional. La m\u00e1quina es f\u00e1cil de usar y su mantenimiento es facil\u00edsimo. \u00a1La recomiendo ampliamente para cualquier granja mediana o grande!<\/p>\n<footer>\u2014\u2014John Doe, Estados Unidos<\/footer>\n<\/blockquote>\n<blockquote><p>Llevamos m\u00e1s de un a\u00f1o usando la empacadora redonda 9YG-2.24D y ha sido una aut\u00e9ntica revoluci\u00f3n en nuestras operaciones de empacado de paja. Es fiable, r\u00e1pida y muy rentable. \u00a1Y adem\u00e1s, ofrece una excelente atenci\u00f3n al cliente!<\/p>\n<footer>\u2014\u2014Jane Smith, Canad\u00e1<\/footer>\n<\/blockquote>\n<blockquote><p>Como propietario de una peque\u00f1a granja, buscaba una empacadora compacta que no sacrificara el rendimiento. La 9YG-2.24D ha cumplido todas mis expectativas. Es f\u00e1cil de manejar y las pacas salen siempre perfectas.<\/p>\n<footer>\u2014\u2014Martin Lee, Reino Unido<\/footer>\n<\/blockquote>\n<blockquote><p>Recientemente adquirimos la empacadora redonda 9YG-2.24D para nuestro negocio de heno. Procesa grandes vol\u00famenes de heno r\u00e1pidamente y la densidad de las pacas es perfecta. Hemos logrado aumentar nuestra productividad general y reducir los costos de mano de obra.<\/p>\n<footer>\u2014Michael Brown, Australia<\/footer>\n<\/blockquote>\n<blockquote><p>Al principio era esc\u00e9ptico sobre cambiar a una empacadora de pacas redondas, pero despu\u00e9s de usar la 9YG-2.24D, veo su valor. Es incre\u00edblemente eficiente y su dise\u00f1o compacto facilita su almacenamiento y transporte por la granja. \u00a1Una inversi\u00f3n s\u00f3lida!<\/p>\n<footer>\u2014Robert Tan, Singapur<\/footer>\n<\/blockquote>\n<h2>\u00bfPor qu\u00e9 elegir nuestra empacadora cil\u00edndrica 9YG-2.24D?<\/h2>\n<p>Elegir nuestra empacadora redonda 9YG-2.24D conlleva varias ventajas clave:<\/p>\n<ul>\n<li><strong>Personalizaci\u00f3n r\u00e1pida:<\/strong> Ofrecemos opciones de personalizaci\u00f3n r\u00e1pida adaptadas a sus necesidades agr\u00edcolas espec\u00edficas.<\/li>\n<li><strong>Servicio al cliente excepcional:<\/strong> Nuestro equipo de soporte est\u00e1 siempre listo para ayudarle con cualquier consulta o problema.<\/li>\n<li><strong>Garant\u00eda de 3 a\u00f1os:<\/strong> Disfrute de la tranquilidad que le proporciona nuestra garant\u00eda integral de 3 a\u00f1os en todas las piezas y mano de obra.<\/li>\n<li><strong>Env\u00edo r\u00e1pido global:<\/strong> Ofrecemos env\u00edos internacionales r\u00e1pidos para satisfacer sus demandas sin importar d\u00f3nde se encuentre.<\/li>\n<li><strong>Servicio postventa integral:<\/strong> Nuestro equipo de posventa garantiza que reciba todo el apoyo que necesita despu\u00e9s de la compra.<\/li>\n<\/ul>\n<h2>Explore la empacadora redonda 9YG-2.24D hoy<\/h2>\n<p>No pierda la oportunidad de elevar la productividad de su granja con el 9YG-2.24D <a href=\"https:\/\/farm-baler.com\/es\/producto\/empacadora-redonda-de-9-anos-y-10-pulgadas\/\">Empacadora redonda.<\/a> Nuestras empacadoras de alta calidad est\u00e1n dise\u00f1adas para satisfacer las necesidades de la agricultura moderna, ofreciendo un valor, durabilidad y eficiencia excepcionales. Cont\u00e1ctenos hoy mismo para conocer nuestra gama completa de productos, incluyendo accesorios y maquinaria relacionada. \u00a1Esperamos ayudarle a que su negocio crezca con los mejores equipos del mercado!<\/p>\n<h3 style=\"text-align: center;\" data-start=\"2578\" data-end=\"2618\"><img loading=\"lazy\" decoding=\"async\" class=\"alignnone wp-image-338\" src=\"https:\/\/farm-baler.com\/wp-content\/uploads\/2025\/12\/ep-9YG-2.24D-Round-Baler-2-1.webp\" alt=\"Empacadora redonda\" width=\"491\" height=\"491\" srcset=\"https:\/\/farm-baler.com\/wp-content\/uploads\/2025\/12\/ep-9YG-2.24D-Round-Baler-2-1.webp 258w, https:\/\/farm-baler.com\/wp-content\/uploads\/2025\/12\/ep-9YG-2.24D-Round-Baler-2-1-150x150.webp 150w, https:\/\/farm-baler.com\/wp-content\/uploads\/2025\/12\/ep-9YG-2.24D-Round-Baler-2-1-12x12.webp 12w, https:\/\/farm-baler.com\/wp-content\/uploads\/2025\/12\/ep-9YG-2.24D-Round-Baler-2-1-100x100.webp 100w\" sizes=\"(max-width: 491px) 100vw, 491px\" \/><\/h3>\n<h2>Preguntas frecuentes<\/h2>\n<p><strong>1. \u00bfCu\u00e1l es el tama\u00f1o de paca \u00f3ptimo para la empacadora redonda 9YG-2.24D?<\/strong><\/p>\n<p>El tama\u00f1o \u00f3ptimo de paca depende de las necesidades espec\u00edficas de su explotaci\u00f3n. La 9YG-2.24D se puede ajustar para producir pacas de diferentes tama\u00f1os, lo que ofrece flexibilidad seg\u00fan las necesidades de almacenamiento y transporte de su operaci\u00f3n.<\/p>\n<p><strong>2. \u00bfLa empacadora redonda 9YG-2.24D puede manipular heno h\u00famedo?<\/strong><\/p>\n<p>S\u00ed, la empacadora redonda 9YG-2.24D puede procesar heno seco y ligeramente h\u00famedo. Sin embargo, se recomienda empacar el heno cuando tenga el nivel de humedad adecuado para obtener mejores resultados.<\/p>\n<p><strong>3. \u00bfCon qu\u00e9 frecuencia debo realizar mantenimiento en el 9YG-2.24D?<\/strong><\/p>\n<p>El mantenimiento regular debe realizarse cada 50 a 100 horas de funcionamiento, dependiendo de la intensidad de uso. Las \u00e1reas clave a considerar incluyen la lubricaci\u00f3n, la tensi\u00f3n de la correa y las revisiones hidr\u00e1ulicas.<\/p>\n<p><strong>4. \u00bfLa empacadora redonda 9YG-2.24D es compatible con otros equipos?<\/strong><\/p>\n<p>S\u00ed, la empacadora redonda 9YG-2.24D est\u00e1 dise\u00f1ada para funcionar sin problemas con otros equipos agr\u00edcolas, como tractores y cargadoras de fardos.<\/p>\n<p><strong>5. \u00bfCu\u00e1l es el per\u00edodo de garant\u00eda de la empacadora redonda 9YG-2.24D?<\/strong><\/p>\n<p>La empacadora redonda 9YG-2.24D viene con una garant\u00eda de 3 a\u00f1os, que cubre todas las piezas y la mano de obra para su tranquilidad.<\/p>\n<p><strong>6. \u00bfCu\u00e1l es el tiempo de entrega de la empacadora redonda 9YG-2.24D?<\/strong><\/p>\n<p>Ofrecemos env\u00edo r\u00e1pido a nivel mundial, con tiempos de entrega que normalmente var\u00edan entre 7 y 14 d\u00edas dependiendo de su ubicaci\u00f3n.<\/p>\n<p><strong>7. \u00bfPuedo personalizar la empacadora redonda 9YG-2.24D para aplicaciones espec\u00edficas?<\/strong><\/p>\n<p>S\u00ed, ofrecemos opciones de personalizaci\u00f3n para satisfacer las necesidades espec\u00edficas de su explotaci\u00f3n agr\u00edcola. Ind\u00edquenos sus requisitos y adaptaremos la empacadora a sus necesidades.<\/p>\n<p><strong>8. \u00bfCu\u00e1nto cuesta la empacadora redonda 9YG-2.24D?<\/strong><\/p>\n<p>El costo de la empacadora de pacas redondas 9YG-2.24D var\u00eda seg\u00fan la configuraci\u00f3n y las opciones de personalizaci\u00f3n elegidas. Cont\u00e1ctenos para obtener un presupuesto detallado seg\u00fan sus necesidades.<\/p>\n<p><strong>9. \u00bfQu\u00e9 tipos de cultivos puede procesar la empacadora redonda 9YG-2.24D?<\/strong><\/p>\n<p>El 9YG-2.24D es adecuado para una amplia gama de cultivos, incluidos heno, paja, pasto y otros residuos de cultivos.<\/p>\n<p><strong>10. \u00bfLa empacadora redonda 9YG-2.24D es adecuada para granjas peque\u00f1as?<\/strong><\/p>\n<p>S\u00ed, este modelo es compacto y eficiente, lo que lo hace ideal para granjas de tama\u00f1o peque\u00f1o a mediano.<\/p>\n<p><strong>11. \u00bfCu\u00e1l es el mejor momento para empacar heno utilizando el 9YG-2.24D?<\/strong><\/p>\n<p>El mejor momento para empacar heno es cuando alcanza el nivel de humedad adecuado, generalmente entre 18 y 221 TP4T. Un empacado demasiado h\u00famedo o demasiado seco puede afectar la calidad de la paca.<\/p>\n<p><strong>12. \u00bfSe puede utilizar la empacadora redonda 9YG-2.24D para operaciones a gran escala?<\/strong><\/p>\n<p>S\u00ed, la empacadora redonda 9YG-2.24D est\u00e1 dise\u00f1ada para manejar operaciones agr\u00edcolas tanto de peque\u00f1a como de gran escala, ofreciendo alta eficiencia tambi\u00e9n para granjas m\u00e1s grandes.<\/p>\n<p><strong>13. \u00bfQu\u00e9 tipo de servicio posventa se ofrece para el 9YG-2.24D?<\/strong><\/p>\n<p>Nuestro servicio posventa incluye resoluci\u00f3n de problemas, suministro de repuestos y soporte continuo para garantizar que su empacadora permanezca en excelentes condiciones durante toda su vida \u00fatil.<\/p>\n<p><strong>14. \u00bfExiste alg\u00fan requisito de tractor espec\u00edfico para la empacadora redonda 9YG-2.24D?<\/strong><\/p>\n<p>La empacadora redonda 9YG-2.24D es compatible con la mayor\u00eda de los tractores modernos, pero es importante adaptar los requisitos de potencia de la empacadora a las especificaciones del tractor para obtener un rendimiento \u00f3ptimo.<\/p>\n<p><strong>15. \u00bfC\u00f3mo puedo comunicarme con usted para obtener m\u00e1s informaci\u00f3n sobre la empacadora redonda 9YG-2.24D?<\/strong><\/p>\n<p>Puede contactarnos a trav\u00e9s del formulario de contacto de nuestro sitio web o llamar directamente a nuestro equipo de atenci\u00f3n al cliente. Estamos a su disposici\u00f3n para cualquier consulta sobre la empacadora de pacas redondas 9YG-2.24D.<\/p>\n<p>Editado por gzl<\/p>","protected":false},"excerpt":{"rendered":"<p>La empacadora redonda 9YG-2.24D es una m\u00e1quina de alto rendimiento dise\u00f1ada para la producci\u00f3n a gran escala de heno, paja y ensilado. Con una amplia c\u00e1mara de empacado y un sistema de atado autom\u00e1tico, crea pacas compactas y bien atadas, f\u00e1ciles de manipular y almacenar. Dise\u00f1ada para uso intensivo, ofrece un funcionamiento r\u00e1pido y eficiente para empacados de alto rendimiento. Ya sea que trabaje con heno h\u00famedo o seco, esta empacadora ofrece un rendimiento confiable en todas las condiciones. Su construcci\u00f3n robusta garantiza un uso prolongado, lo que la hace ideal para grandes explotaciones. La 9YG-2.24D ofrece un rendimiento impresionante y facilidad de uso, lo que la convierte en la mejor opci\u00f3n para la producci\u00f3n de heno de alto volumen. \u00a1Cont\u00e1ctenos hoy mismo para obtener m\u00e1s informaci\u00f3n!<\/p>","protected":false},"featured_media":336,"template":"","meta":{"_et_pb_use_builder":"","_et_pb_old_content":"","_et_gb_content_width":""},"product_brand":[],"product_cat":[22],"product_tag":[],"class_list":{"0":"post-335","1":"product","2":"type-product","3":"status-publish","4":"has-post-thumbnail","6":"product_cat-round-baler-rake","8":"first","9":"instock","10":"shipping-taxable","11":"product-type-simple"},"_links":{"self":[{"href":"https:\/\/farm-baler.com\/es\/wp-json\/wp\/v2\/product\/335","targetHints":{"allow":["GET"]}}],"collection":[{"href":"https:\/\/farm-baler.com\/es\/wp-json\/wp\/v2\/product"}],"about":[{"href":"https:\/\/farm-baler.com\/es\/wp-json\/wp\/v2\/types\/product"}],"wp:featuredmedia":[{"embeddable":true,"href":"https:\/\/farm-baler.com\/es\/wp-json\/wp\/v2\/media\/336"}],"wp:attachment":[{"href":"https:\/\/farm-baler.com\/es\/wp-json\/wp\/v2\/media?parent=335"}],"wp:term":[{"taxonomy":"product_brand","embeddable":true,"href":"https:\/\/farm-baler.com\/es\/wp-json\/wp\/v2\/product_brand?post=335"},{"taxonomy":"product_cat","embeddable":true,"href":"https:\/\/farm-baler.com\/es\/wp-json\/wp\/v2\/product_cat?post=335"},{"taxonomy":"product_tag","embeddable":true,"href":"https:\/\/farm-baler.com\/es\/wp-json\/wp\/v2\/product_tag?post=335"}],"curies":[{"name":"wp","href":"https:\/\/api.w.org\/{rel}","templated":true}]}}