{"id":212,"date":"2025-11-19T06:09:06","date_gmt":"2025-11-19T06:09:06","guid":{"rendered":"https:\/\/farm-baler.com\/?post_type=product&#038;p=212"},"modified":"2025-12-17T06:46:31","modified_gmt":"2025-12-17T06:46:31","slug":"maquina-de-recogida-y-transporte-9jyy-4-5","status":"publish","type":"product","link":"https:\/\/farm-baler.com\/es\/producto\/maquina-de-recogida-y-transporte-9jyy-4-5\/","title":{"rendered":"9JYY-4.5 M\u00e1quina recolectora y transportadora de pacas redondas"},"content":{"rendered":"<p>La m\u00e1quina recogedora y transportadora de pacas redondas 9JYY-4.5 es una revolucionaria empacadora agr\u00edcola dise\u00f1ada para simplificar y agilizar la recogida y el transporte de pacas redondas en las explotaciones agr\u00edcolas. Esta m\u00e1quina robusta y fiable es una opci\u00f3n esencial para cualquier explotaci\u00f3n que gestione grandes cantidades de heno, paja o ensilado, ofreciendo una eficiencia y facilidad de uso inigualables. La 9JYY-4.5 est\u00e1 dise\u00f1ada para optimizar el flujo de trabajo, reducir los costes de mano de obra y simplificar la manipulaci\u00f3n de pacas como nunca antes.<\/p>\n<h2>Especificaciones t\u00e9cnicas<\/h2>\n<table style=\"border-color: #000000;\">\n<thead>\n<tr>\n<th>N\u00famero de serie<\/th>\n<th>Art\u00edculo<\/th>\n<th>Unidad<\/th>\n<th>Especificaci\u00f3n<\/th>\n<\/tr>\n<\/thead>\n<tbody>\n<tr>\n<td>1<\/td>\n<td>Nombre del producto<\/td>\n<td>\/<\/td>\n<td>M\u00e1quina recolectora y transportadora de pacas redondas<\/td>\n<\/tr>\n<tr>\n<td>2<\/td>\n<td>Modelo de producto<\/td>\n<td>\/<\/td>\n<td>9JYY-4.5<\/td>\n<\/tr>\n<tr>\n<td>3<\/td>\n<td>M\u00e9todo de enganche<\/td>\n<td>\/<\/td>\n<td>Tipo de tracci\u00f3n<\/td>\n<\/tr>\n<tr>\n<td>4<\/td>\n<td>Formulario de carga y descarga<\/td>\n<td>\/<\/td>\n<td>Hidr\u00e1ulico<\/td>\n<\/tr>\n<tr>\n<td>5<\/td>\n<td>Capacidad m\u00e1xima de carga<\/td>\n<td>kilogramo<\/td>\n<td>4500<\/td>\n<\/tr>\n<tr>\n<td>6<\/td>\n<td>Rango de potencia correspondiente<\/td>\n<td>kW<\/td>\n<td>\u226550<\/td>\n<\/tr>\n<tr>\n<td>7<\/td>\n<td>Presi\u00f3n de trabajo (con dos juegos de dispositivos de accionamiento hidr\u00e1ulico)<\/td>\n<td>MPa<\/td>\n<td>\u226516<\/td>\n<\/tr>\n<tr>\n<td>8<\/td>\n<td>Velocidad de transporte<\/td>\n<td>kil\u00f3metros por hora<\/td>\n<td>\u226440<\/td>\n<\/tr>\n<tr>\n<td>9<\/td>\n<td>Modelo de neum\u00e1tico<\/td>\n<td>\/<\/td>\n<td>400\/60-15.5 (Doble eje, cuatro ruedas)<\/td>\n<\/tr>\n<tr>\n<td>10<\/td>\n<td>Tama\u00f1o de paca cargable y descargable<\/td>\n<td>mm<\/td>\n<td>Di\u00e1metro 1000-1400, Longitud 1000-1500<\/td>\n<\/tr>\n<tr>\n<td>11<\/td>\n<td>Dimensiones generales (largo \u00d7 ancho \u00d7 alto)<\/td>\n<td>mm<\/td>\n<td>Trabajo: 9400\u00d76750\u00d71750; Transporte: 9400\u00d72900\u00d73300<\/td>\n<\/tr>\n<tr>\n<td>12<\/td>\n<td>Masa total<\/td>\n<td>kilogramo<\/td>\n<td>3240<\/td>\n<\/tr>\n<\/tbody>\n<\/table>\n<h1>9JYY-4.5 M\u00e1quina recolectora y transportadora de pacas redondas<\/h1>\n<p>La recogedora y transportadora de pacas redondas 9JYY-4.5 es una m\u00e1quina agr\u00edcola avanzada dise\u00f1ada para recoger, transportar y apilar pacas redondas de heno de forma eficiente con una inversi\u00f3n m\u00ednima de tiempo y mano de obra. Este equipo es ideal para grandes explotaciones agr\u00edcolas que requieren un procesamiento r\u00e1pido y fiable de las pacas de heno, lo que aumenta la productividad y reduce los costes operativos. Gracias a su tecnolog\u00eda innovadora, la m\u00e1quina ofrece un rendimiento superior, durabilidad y un funcionamiento estable a largo plazo.<\/p>\n<h2>Definici\u00f3n del producto<\/h2>\n<p>La recogedora y transportadora de pacas redondas 9JYY-4.5 es una m\u00e1quina dise\u00f1ada para recoger y transportar autom\u00e1ticamente pacas redondas de heno. Su robusta estructura y su ingenioso dise\u00f1o la hacen ideal para operaciones agr\u00edcolas que requieren el manejo eficiente de pacas de heno con maquinaria pesada. Capaz de realizar tareas como levantar, mover y apilar pacas de heno de diversos tama\u00f1os, esta m\u00e1quina es una herramienta indispensable en la agricultura moderna.<\/p>\n<h2>Problemas resueltos y usos<\/h2>\n<p>Esta m\u00e1quina soluciona varios problemas comunes en la producci\u00f3n agr\u00edcola, como la escasez de mano de obra, la ineficiencia en el manejo manual de pacas y el desgaste causado por los m\u00e9todos tradicionales. Sus aplicaciones abarcan diversas operaciones agr\u00edcolas, como la recolecci\u00f3n de heno, el transporte de pacas y el apilado. La versatilidad de la 9JYY-4.5 la hace adecuada para diversas actividades agr\u00edcolas, como la recolecci\u00f3n de heno, paja y otros tipos de biomasa. Al automatizar y optimizar el proceso de recolecci\u00f3n de pacas, los agricultores pueden centrarse en otras tareas clave y, al mismo tiempo, mejorar la productividad general.<\/p>\n<p style=\"text-align: center;\"><img loading=\"lazy\" decoding=\"async\" class=\"alignnone wp-image-263\" src=\"https:\/\/farm-baler.com\/wp-content\/uploads\/2025\/11\/ep-Type-9JYY-4.5-Round-Bale-Picking-and-Transporting-Machine-11-300x300.webp\" alt=\"Recogida y transporte\" width=\"355\" height=\"355\" \/><\/p>\n<h2>Ventajas del producto<\/h2>\n<ul>\n<li>\n<h3>Alta eficiencia<\/h3>\n<p>La m\u00e1quina 9JYY-4.5 est\u00e1 dise\u00f1ada para reducir significativamente el tiempo necesario para la recolecci\u00f3n y el transporte de pacas redondas. Aumenta la velocidad operativa y garantiza una ejecuci\u00f3n m\u00e1s r\u00e1pida del trabajo, liberando recursos para otras tareas.<\/li>\n<li>\n<h3>Durabilidad y confiabilidad<\/h3>\n<p>Construida para soportar las duras condiciones del trabajo agr\u00edcola, esta m\u00e1quina presenta un dise\u00f1o robusto y materiales de alta calidad, lo que garantiza un rendimiento duradero incluso en las condiciones m\u00e1s exigentes.<\/li>\n<li>\n<h3>Facilidad de operaci\u00f3n<\/h3>\n<p>La m\u00e1quina est\u00e1 equipada con un sistema de control intuitivo que facilita su manejo. Incluso personas con conocimientos t\u00e9cnicos m\u00ednimos pueden manejarla eficazmente, lo que reduce la necesidad de formaci\u00f3n especializada.<\/li>\n<li>\n<h3>Rentable<\/h3>\n<p>Al automatizar el proceso de manipulaci\u00f3n de pacas, la 9JYY-4.5 reduce la necesidad de mano de obra, lo que a su vez reduce los costos operativos. Es una inversi\u00f3n que se amortiza al aumentar la productividad y reducir el riesgo de lesiones entre los trabajadores.<\/li>\n<li>\n<h3>Versatilidad<\/h3>\n<p>Dise\u00f1ada para manipular pacas de diferentes tama\u00f1os, la 9JYY-4.5 es adecuada para diversas operaciones agr\u00edcolas. Ya sea que trabaje con heno, paja u otros tipos de biomasa, esta m\u00e1quina se adapta a sus necesidades.<\/li>\n<\/ul>\n<h2>C\u00f3mo funciona la m\u00e1quina recolectora y transportadora de pacas redondas 9JYY-4.5<\/h2>\n<p>La 9JYY-4.5 est\u00e1 equipada con un sistema de elevaci\u00f3n mec\u00e1nico que recoge autom\u00e1ticamente las pacas redondas del suelo. La m\u00e1quina utiliza brazos hidr\u00e1ulicos para levantar suavemente las pacas y cargarlas en una plataforma de transporte. El mecanismo de transporte las traslada a un lugar designado para su almacenamiento o posterior procesamiento. El avanzado sistema de control de la m\u00e1quina garantiza una manipulaci\u00f3n precisa de las pacas, minimizando los da\u00f1os y optimizando la velocidad de transporte. Adem\u00e1s, el sistema de transporte est\u00e1 dise\u00f1ado para un funcionamiento suave y estable, evitando que las pacas se muevan o rueden durante el transporte.<\/p>\n<h2>Aplicaciones principales<\/h2>\n<ul>\n<li>\n<h3>Colecci\u00f3n de heno y paja<\/h3>\n<p>La m\u00e1quina es ideal para recolectar pacas de heno y paja, lo que agiliza el proceso y reduce la mano de obra. Puede recoger pacas de los campos y transportarlas eficientemente a los lugares de almacenamiento.<\/li>\n<li>\n<h3>Transporte eficiente<\/h3>\n<p>El 9JYY-4.5 es perfecto para transportar pacas a grandes distancias dentro de fincas o entre campos. Sus robustas ruedas y su estable plataforma de transporte garantizan que las pacas se muevan sin que se caigan.<\/li>\n<li>\n<h3>Apilamiento de pacas<\/h3>\n<p>La m\u00e1quina tambi\u00e9n puede apilar pacas en una configuraci\u00f3n espec\u00edfica, reduciendo la necesidad de apilamiento manual y mejorando la organizaci\u00f3n de las \u00e1reas de almacenamiento.<\/li>\n<li>\n<h3>Reducci\u00f3n de los costos laborales<\/h3>\n<p>Al automatizar los procesos de selecci\u00f3n, transporte y apilado, la m\u00e1quina reduce significativamente la cantidad de mano de obra necesaria, disminuyendo las necesidades de personal y mejorando la eficiencia.<\/li>\n<li>\n<h3>Mayor seguridad de los trabajadores<\/h3>\n<p>La m\u00e1quina minimiza el esfuerzo f\u00edsico y los riesgos de lesiones asociados con la manipulaci\u00f3n manual de pacas. Al reducir la elevaci\u00f3n y el transporte manuales, la 9JYY-4.5 mejora la seguridad de los trabajadores en la explotaci\u00f3n.<\/li>\n<li>\n<h3>Adecuado para grandes explotaciones<\/h3>\n<p>Esta m\u00e1quina es ideal para operaciones a gran escala, donde la manipulaci\u00f3n de grandes cantidades de pacas puede resultar abrumadora. Su eficiencia y potencia la hacen perfecta para grandes explotaciones con una alta producci\u00f3n de heno o paja.<\/li>\n<\/ul>\n<h2>C\u00f3mo elegir la m\u00e1quina recolectora y transportadora de pacas redondas 9JYY-4.5 adecuada<\/h2>\n<ul>\n<li>\n<h3>Considere el tama\u00f1o del fardo<\/h3>\n<p>Aseg\u00farese de que la m\u00e1quina que elija sea compatible con el tama\u00f1o de las pacas de su explotaci\u00f3n. La 9JYY-4.5 est\u00e1 dise\u00f1ada para manipular pacas redondas est\u00e1ndar, pero verificar la compatibilidad es crucial para evitar la ineficiencia del equipo.<\/li>\n<li>\n<h3>Evaluar el terreno operacional<\/h3>\n<p>Si su finca presenta terrenos irregulares o condiciones dif\u00edciles, elija una m\u00e1quina con un dise\u00f1o robusto y ruedas aptas para superficies irregulares. El 9JYY-4.5 cuenta con ruedas grandes y duraderas que se adaptan a diversos terrenos.<\/li>\n<li>\n<h3>Capacidad de la m\u00e1quina<\/h3>\n<p>Considere la capacidad de elevaci\u00f3n y transporte de la m\u00e1quina seg\u00fan el volumen de trabajo de su explotaci\u00f3n. Si necesita transportar grandes cantidades de pacas, opte por una m\u00e1quina con mayor capacidad de carga.<\/li>\n<li>\n<h3>Eficiencia del sistema hidr\u00e1ulico<\/h3>\n<p>Verifique la eficiencia del sistema hidr\u00e1ulico, ya que es clave para levantar y transportar las pacas sin problemas. El 9JYY-4.5 <a href=\"https:\/\/agricultural-baler.com\/\" target=\"_blank\" rel=\"noopener\">brazos hidr\u00e1ulicos<\/a> Proporcionan un rendimiento eficiente incluso bajo cargas pesadas.<\/li>\n<li>\n<h3>Requisitos de mantenimiento<\/h3>\n<p>Algunas m\u00e1quinas requieren un mantenimiento m\u00e1s frecuente. Aseg\u00farese de elegir una que se ajuste a sus necesidades de mantenimiento. La 9JYY-4.5 est\u00e1 dise\u00f1ada para facilitar el mantenimiento y minimizar el tiempo de inactividad.<\/li>\n<li>\n<h3>Garant\u00eda y soporte<\/h3>\n<p>Aseg\u00farese de que la m\u00e1quina cuente con una garant\u00eda completa y un excelente servicio al cliente. La 9JYY-4.5 ofrece 3 a\u00f1os de garant\u00eda y un eficiente servicio posventa.<\/li>\n<\/ul>\n<h2>M\u00e9todos de mantenimiento para la m\u00e1quina recolectora y transportadora de pacas redondas 9JYY-4.5<\/h2>\n<p>Para que el 9JYY-4.5 funcione correctamente, es fundamental realizar un mantenimiento regular. Siga estos pasos:<\/p>\n<ul>\n<li>\n<h3>Inspecci\u00f3n regular<\/h3>\n<p>Realice revisiones peri\u00f3dicas para garantizar el correcto funcionamiento de todas las piezas, especialmente del sistema hidr\u00e1ulico. Inspeccione los brazos de elevaci\u00f3n y la plataforma de transporte para detectar desgaste.<\/li>\n<li>\n<h3>Lubricaci\u00f3n<\/h3>\n<p>Aseg\u00farese de que todas las piezas m\u00f3viles est\u00e9n correctamente lubricadas para evitar fricci\u00f3n y da\u00f1os. La lubricaci\u00f3n regular ayuda a mantener el buen funcionamiento de la m\u00e1quina.<\/li>\n<li>\n<h3>Comprobaciones de fluidos hidr\u00e1ulicos<\/h3>\n<p>Revise y reemplace peri\u00f3dicamente el fluido hidr\u00e1ulico para garantizar el rendimiento \u00f3ptimo del sistema de elevaci\u00f3n. Utilice el tipo de fluido recomendado para obtener la m\u00e1xima eficiencia.<\/li>\n<li>\n<h3>Limpieza<\/h3>\n<p>Despu\u00e9s de cada uso, limpie la m\u00e1quina para eliminar la suciedad y los residuos que puedan obstruir el sistema. Mantenerla limpia mejora su vida \u00fatil y rendimiento.<\/li>\n<li>\n<h3>Monitorear la presi\u00f3n de los neum\u00e1ticos<\/h3>\n<p>Revise la presi\u00f3n de los neum\u00e1ticos regularmente para garantizar el buen funcionamiento de la m\u00e1quina en terrenos irregulares. Una presi\u00f3n correcta previene da\u00f1os en los neum\u00e1ticos y garantiza un funcionamiento seguro.<\/li>\n<\/ul>\n<h2>Opiniones de clientes<\/h2>\n<p><strong>\u2013 David, Estados Unidos<\/strong><br \/>\nLlevamos usando la 9JYY-4.5 en nuestra granja el \u00faltimo a\u00f1o y ha mejorado dr\u00e1sticamente la eficiencia de manejo de pacas. La m\u00e1quina recoge y mueve pacas grandes f\u00e1cilmente y sin problemas, y la calidad de construcci\u00f3n es excepcional. Nos ha ahorrado tiempo y mano de obra, lo que ha permitido que nuestro equipo se concentre en otras tareas importantes. \u00a1La recomiendo ampliamente a otros agricultores!<\/p>\n<p><strong>\u2013 Sarah, Canad\u00e1<\/strong><br \/>\nAl principio era esc\u00e9ptico sobre invertir en una m\u00e1quina como la 9JYY-4.5, pero ha sido una revoluci\u00f3n para nosotros. Es muy f\u00e1cil de usar y el mecanismo de elevaci\u00f3n funciona de maravilla. La durabilidad de la m\u00e1quina es excelente, incluso en condiciones de fr\u00edo y humedad. Estamos logrando m\u00e1s trabajo con menos esfuerzo, y eso es invaluable.<\/p>\n<p><strong>\u2013 Marco, Brasil<\/strong><br \/>\nComo propietario de una granja mediana, esta m\u00e1quina me pareci\u00f3 perfecta para nuestras necesidades. La 9JYY-4.5 ha aumentado nuestra productividad y los trabajadores est\u00e1n mucho m\u00e1s seguros ahora que no tienen que manipular manualmente pacas pesadas. Adem\u00e1s, el servicio de atenci\u00f3n al cliente fue excelente cuando tuvimos alguna pregunta. \u00a1Una gran inversi\u00f3n!<\/p>\n<p><strong>\u2013 Henri, Francia<\/strong><br \/>\nTras usar la 9JYY-4.5 durante unos meses, puedo decir que es una de las mejores inversiones que he hecho para mi explotaci\u00f3n. El sistema de recogida y transporte de pacas es r\u00e1pido y eficiente. Adem\u00e1s, requiere muy poco mantenimiento, lo cual es una gran ventaja. Recomiendo ampliamente esta m\u00e1quina a cualquier explotaci\u00f3n que busque optimizar sus operaciones.<\/p>\n<p><strong>\u2013 John, Australia<\/strong><br \/>\nNuestra granja depende de la eficiencia, y la 9JYY-4.5 nos ha ayudado enormemente. La velocidad de recolecci\u00f3n y apilado de pacas se ha multiplicado por diez. Adem\u00e1s, la m\u00e1quina puede manipular pacas de varios tama\u00f1os, lo que la hace muy vers\u00e1til. \u00a1Sin duda, una compra que vale la pena!<\/p>\n<h2>\u00bfPor qu\u00e9 elegir nuestro producto?<\/h2>\n<p>Elecci\u00f3n de nuestra paca redonda 9JYY-4.5 <a href=\"https:\/\/farm-baler.com\/es\/producto\/4byh-1-3-kidney-bean-uprooting-machine\/\">M\u00e1quina de recogida y transporte<\/a> Significa que obtienes m\u00e1s que solo tecnolog\u00eda avanzada y eficiencia. Ofrecemos:<\/p>\n<ul>\n<li>Servicios de personalizaci\u00f3n r\u00e1pida<\/li>\n<li>Excelente atenci\u00f3n al cliente<\/li>\n<li>Garant\u00eda de 3 a\u00f1os<\/li>\n<li>Env\u00edo r\u00e1pido global<\/li>\n<li>Servicio posventa integral<\/li>\n<\/ul>\n<p>Nuestro producto no solo satisface sus necesidades inmediatas, sino que tambi\u00e9n est\u00e1 respaldado por nuestro compromiso con la calidad y el servicio. Le acompa\u00f1amos durante toda la vida \u00fatil del producto.<\/p>\n<h2>Explora nuestros productos<\/h2>\n<p>Adem\u00e1s del modelo 9JYY-4.5, tambi\u00e9n ofrecemos una amplia gama de equipos y accesorios complementarios. Nuestra capacidad de producci\u00f3n garantiza que todos nuestros productos cumplan con altos est\u00e1ndares de calidad. Nos enorgullecemos de ofrecer productos a precios muy competitivos y un completo servicio posventa. \u00a1Explore nuestra gama de productos y cont\u00e1ctenos hoy mismo para solicitar un presupuesto!<\/p>\n<h2>Preguntas frecuentes<\/h2>\n<p><strong>\u00bfCu\u00e1les son las caracter\u00edsticas principales de la m\u00e1quina recolectora y transportadora de pacas redondas 9JYY-4.5?<\/strong><\/p>\n<p>La m\u00e1quina cuenta con caracter\u00edsticas tales como f\u00e1cil recolecci\u00f3n de pacas, capacidades de transporte eficientes, compatibilidad vers\u00e1til con tama\u00f1os de pacas y un sistema de elevaci\u00f3n hidr\u00e1ulico duradero.<\/p>\n<p><strong>\u00bfPuede la 9JYY-4.5 manejar pacas de distintos tama\u00f1os?<\/strong><\/p>\n<p>S\u00ed, la m\u00e1quina est\u00e1 dise\u00f1ada para manejar diferentes tama\u00f1os de pacas redondas, lo que la hace vers\u00e1til para granjas con diferentes requisitos de pacas.<\/p>\n<p><strong>\u00bfCu\u00e1l es la garant\u00eda de la m\u00e1quina 9JYY-4.5?<\/strong><\/p>\n<p>Ofrecemos una garant\u00eda de 3 a\u00f1os en el 9JYY-4.5, asegurando que su m\u00e1quina funcionar\u00e1 de manera confiable durante los pr\u00f3ximos a\u00f1os.<\/p>\n<p><strong>\u00bfQu\u00e9 tan f\u00e1cil es mantener la m\u00e1quina 9JYY-4.5?<\/strong><\/p>\n<p>El mantenimiento es sencillo y requiere inspecci\u00f3n, lubricaci\u00f3n y limpieza peri\u00f3dicas. Est\u00e1 dise\u00f1ado para facilitar su mantenimiento y minimizar el tiempo de inactividad.<\/p>\n<p><strong>\u00bfPuedo utilizar el 9JYY-4.5 en terrenos dif\u00edciles?<\/strong><\/p>\n<p>S\u00ed, las ruedas duraderas y el dise\u00f1o robusto de la m\u00e1quina la hacen adecuada para su uso en una variedad de terrenos, incluidos campos irregulares.<\/p>\n<p><strong>\u00bfQu\u00e9 tipos de granjas se benefician m\u00e1s del 9JYY-4.5?<\/strong><\/p>\n<p>Las granjas de heno, paja o biomasa a gran escala ser\u00e1n las m\u00e1s beneficiadas, pero las granjas de tama\u00f1o mediano tambi\u00e9n pueden encontrar un gran valor en esta m\u00e1quina.<\/p>\n<p><strong>\u00bfC\u00f3mo aumenta el 9JYY-4.5 la eficiencia de la granja?<\/strong><\/p>\n<p>Al automatizar el proceso de selecci\u00f3n, transporte y apilado de pacas, la m\u00e1quina ahorra tiempo, reduce los costos de mano de obra y previene lesiones.<\/p>\n<p><strong>\u00bfEs f\u00e1cil de operar el 9JYY-4.5?<\/strong><\/p>\n<p>S\u00ed, tiene un sistema de control intuitivo que hace que su manejo sea sencillo incluso para aquellos que no cuentan con una amplia formaci\u00f3n t\u00e9cnica.<\/p>\n<p><strong>\u00bfCu\u00e1nto dura el 9JYY-4.5?<\/strong><\/p>\n<p>Con un mantenimiento adecuado, el 9JYY-4.5 puede durar muchos a\u00f1os y ofrecer un rendimiento duradero en diversos entornos agr\u00edcolas.<\/p>\n<p><strong>\u00bfExiste un programa de capacitaci\u00f3n disponible para operar el 9JYY-4.5?<\/strong><\/p>\n<p>S\u00ed, proporcionamos materiales de capacitaci\u00f3n y soporte para garantizar el buen funcionamiento y la m\u00e1xima eficiencia de su nueva m\u00e1quina.<\/p>\n<p><strong>\u00bfPuede el 9JYY-4.5 manipular pacas h\u00famedas?<\/strong><\/p>\n<p>S\u00ed, la m\u00e1quina est\u00e1 dise\u00f1ada para manipular pacas secas y ligeramente h\u00famedas, lo que la hace vers\u00e1til en diferentes condiciones clim\u00e1ticas.<\/p>\n<p><strong>\u00bfEl 9JYY-4.5 es energ\u00e9ticamente eficiente?<\/strong><\/p>\n<p>S\u00ed, la m\u00e1quina est\u00e1 dise\u00f1ada teniendo en cuenta la eficiencia energ\u00e9tica, lo que ayuda a reducir los costos operativos y el impacto ambiental.<\/p>\n<p><strong>\u00bfPuede la 9JYY-4.5 manipular varios pacas a la vez?<\/strong><\/p>\n<p>La m\u00e1quina puede manipular un solo fardo a la vez, pero puede transportar grandes cantidades de fardos r\u00e1pidamente, mejorando la productividad general.<\/p>\n<p><strong>\u00bfTiene el 9JYY-4.5 una alta capacidad de carga \u00fatil?<\/strong><\/p>\n<p>S\u00ed, est\u00e1 dise\u00f1ado para soportar una gran carga \u00fatil, lo que le permite transportar pacas grandes con facilidad.<\/p>\n<p><strong>\u00bfCu\u00e1l es la mejor manera de almacenar la m\u00e1quina 9JYY-4.5?<\/strong><\/p>\n<p>Guarde la m\u00e1quina en un lugar seco y seguro para protegerla de las inclemencias del tiempo. El mantenimiento regular garantiza su \u00f3ptimo estado.<\/p>\n<p>&nbsp;<\/p>","protected":false},"excerpt":{"rendered":"<p>Descubra la recogedora y transportadora de pacas redondas 9JYY-4.5, dise\u00f1ada para un manejo eficiente y de alta capacidad. Dise\u00f1ada para mejorar la productividad agr\u00edcola, esta m\u00e1quina duradera y f\u00e1cil de usar garantiza una recogida y transporte fluidos de las pacas. Maximice la eficiencia de su explotaci\u00f3n hoy mismo: invierta en tecnolog\u00eda fiable y de vanguardia. \u00a1Consiga la suya ahora para obtener operaciones m\u00e1s r\u00e1pidas y un mayor rendimiento!<\/p>","protected":false},"featured_media":263,"template":"","meta":{"_et_pb_use_builder":"","_et_pb_old_content":"","_et_gb_content_width":""},"product_brand":[],"product_cat":[27],"product_tag":[],"class_list":{"0":"post-212","1":"product","2":"type-product","3":"status-publish","4":"has-post-thumbnail","6":"product_cat-other-series-products","8":"first","9":"instock","10":"shipping-taxable","11":"product-type-simple"},"_links":{"self":[{"href":"https:\/\/farm-baler.com\/es\/wp-json\/wp\/v2\/product\/212","targetHints":{"allow":["GET"]}}],"collection":[{"href":"https:\/\/farm-baler.com\/es\/wp-json\/wp\/v2\/product"}],"about":[{"href":"https:\/\/farm-baler.com\/es\/wp-json\/wp\/v2\/types\/product"}],"wp:featuredmedia":[{"embeddable":true,"href":"https:\/\/farm-baler.com\/es\/wp-json\/wp\/v2\/media\/263"}],"wp:attachment":[{"href":"https:\/\/farm-baler.com\/es\/wp-json\/wp\/v2\/media?parent=212"}],"wp:term":[{"taxonomy":"product_brand","embeddable":true,"href":"https:\/\/farm-baler.com\/es\/wp-json\/wp\/v2\/product_brand?post=212"},{"taxonomy":"product_cat","embeddable":true,"href":"https:\/\/farm-baler.com\/es\/wp-json\/wp\/v2\/product_cat?post=212"},{"taxonomy":"product_tag","embeddable":true,"href":"https:\/\/farm-baler.com\/es\/wp-json\/wp\/v2\/product_tag?post=212"}],"curies":[{"name":"wp","href":"https:\/\/api.w.org\/{rel}","templated":true}]}}