{"id":210,"date":"2025-11-19T06:07:26","date_gmt":"2025-11-19T06:07:26","guid":{"rendered":"https:\/\/farm-baler.com\/?post_type=product&#038;p=210"},"modified":"2025-12-17T07:19:36","modified_gmt":"2025-12-17T07:19:36","slug":"empacadora-redonda-de-9-anos-y-1-0-centavos","status":"publish","type":"product","link":"https:\/\/farm-baler.com\/es\/producto\/empacadora-redonda-de-9-anos-y-1-0-centavos\/","title":{"rendered":"Empacadora redonda 9YG-1.0C"},"content":{"rendered":"<p>La empacadora redonda 9YG-1.0C es una m\u00e1quina empacadora agr\u00edcola altamente eficiente y confiable, dise\u00f1ada para ayudar a los agricultores a optimizar su proceso de cosecha. Ya sea que se dedique a la siembra de heno, la recolecci\u00f3n de paja o la producci\u00f3n de ensilado, esta empacadora agr\u00edcola le facilitar\u00e1 y agilizar\u00e1 su trabajo. Su dise\u00f1o compacto, duradero y f\u00e1cil de operar la hace ideal para explotaciones agr\u00edcolas de todos los tama\u00f1os.<\/p>\n<h2>\u00bfQu\u00e9 es una empacadora redonda?<\/h2>\n<p>Las rotoempacadoras son un componente indispensable de la maquinaria agr\u00edcola, ya que se utilizan para comprimir y agrupar cultivos a granel, como heno, paja o ensilado, en pacas cil\u00edndricas compactas. En comparaci\u00f3n con los cultivos a granel, estas pacas son m\u00e1s f\u00e1ciles de almacenar, transportar y manipular, lo que mejora la eficiencia de la cosecha y la gesti\u00f3n de los cultivos. La rotoempacadora 9YG-1.0C utiliza tecnolog\u00eda avanzada para completar la formaci\u00f3n de pacas con precisi\u00f3n y comodidad, lo que ayuda a los agricultores a obtener resultados de cosecha consistentes durante las operaciones de empacado.<\/p>\n<p>Las empacadoras redondas se utilizan ampliamente en la agricultura, especialmente en operaciones de empacado que requieren la recolecci\u00f3n r\u00e1pida y eficiente de grandes cantidades de cultivos. A diferencia de otras empacadoras que producen pacas cuadradas, las empacadoras redondas producen pacas cil\u00edndricas que son m\u00e1s f\u00e1ciles de transportar y almacenar, especialmente en entornos agr\u00edcolas m\u00e1s hostiles.<\/p>\n<h2>Especificaciones t\u00e9cnicas<\/h2>\n<table style=\"border-color: #000000;\">\n<thead>\n<tr>\n<th>N\u00famero de serie<\/th>\n<th>Art\u00edculo<\/th>\n<th>Unidad<\/th>\n<th>Especificaci\u00f3n<\/th>\n<\/tr>\n<\/thead>\n<tbody>\n<tr>\n<td>1<\/td>\n<td>Nombre del modelo<\/td>\n<td>\/<\/td>\n<td>Empacadora redonda tipo 9YG-1.0C<\/td>\n<\/tr>\n<tr>\n<td>2<\/td>\n<td>M\u00e9todo de enganche<\/td>\n<td>\/<\/td>\n<td>Tipo de tracci\u00f3n<\/td>\n<\/tr>\n<tr>\n<td>3<\/td>\n<td>Ancho de selecci\u00f3n<\/td>\n<td>mm<\/td>\n<td>2400<\/td>\n<\/tr>\n<tr>\n<td>4<\/td>\n<td>Tipo estructural del selector<\/td>\n<td>\/<\/td>\n<td>Tipo garra de martillo<\/td>\n<\/tr>\n<tr>\n<td>5<\/td>\n<td>Tipo estructural del alimentador<\/td>\n<td>\/<\/td>\n<td>Barrena + Rodillo de dientes el\u00e1sticos + Tipo tambor<\/td>\n<\/tr>\n<tr>\n<td>6<\/td>\n<td>Tipo de mecanismo de empacado en la c\u00e1mara de compresi\u00f3n<\/td>\n<td>\/<\/td>\n<td>Tipo de tambor<\/td>\n<\/tr>\n<tr>\n<td>7<\/td>\n<td>Ancho de la c\u00e1mara de compresi\u00f3n<\/td>\n<td>mm<\/td>\n<td>1250<\/td>\n<\/tr>\n<tr>\n<td>8<\/td>\n<td>Di\u00e1metro de la c\u00e1mara de compresi\u00f3n<\/td>\n<td>mm<\/td>\n<td>\u03c61000<\/td>\n<\/tr>\n<tr>\n<td>9<\/td>\n<td>N\u00famero de componentes de trabajo rodantes<\/td>\n<td>ordenador personal<\/td>\n<td>16 (Tambor)<\/td>\n<\/tr>\n<tr>\n<td>10<\/td>\n<td>Di\u00e1metro del tambor rodante<\/td>\n<td>mm<\/td>\n<td>\u03c6222<\/td>\n<\/tr>\n<tr>\n<td>11<\/td>\n<td>M\u00e9todo de empacado<\/td>\n<td>\/<\/td>\n<td>Envoltura autom\u00e1tica de red<\/td>\n<\/tr>\n<tr>\n<td>12<\/td>\n<td>Poder de igualaci\u00f3n<\/td>\n<td>Kw\/cv<\/td>\n<td>\u226569,8\/95<\/td>\n<\/tr>\n<tr>\n<td>13<\/td>\n<td>Masa estructural<\/td>\n<td>kilogramo<\/td>\n<td>3198<\/td>\n<\/tr>\n<tr>\n<td>14<\/td>\n<td>Velocidad del eje de la toma de fuerza<\/td>\n<td>r\/min<\/td>\n<td>540<\/td>\n<\/tr>\n<tr>\n<td>15<\/td>\n<td>Dimensiones generales (largo \u00d7 ancho \u00d7 alto)<\/td>\n<td>mm<\/td>\n<td>Estado de trabajo 3800\u00d72850\u00d72200<\/td>\n<\/tr>\n<tr>\n<td>16<\/td>\n<td>Control de densidad de pacas<\/td>\n<td>\/<\/td>\n<td>Control de sensores<\/td>\n<\/tr>\n<tr>\n<td>17<\/td>\n<td>Tama\u00f1o de la paca (di\u00e1metro \u00d7 ancho)<\/td>\n<td>mm<\/td>\n<td>\u03a61000\u00d71250<\/td>\n<\/tr>\n<tr>\n<td>18<\/td>\n<td>Densidad de pacas<\/td>\n<td>kg\/m\u00b3<\/td>\n<td>115~200<\/td>\n<\/tr>\n<tr>\n<td>19<\/td>\n<td>Productividad<\/td>\n<td>paca\/h<\/td>\n<td>40~80<\/td>\n<\/tr>\n<tr>\n<td>20<\/td>\n<td>Distancia entre ejes<\/td>\n<td>mm<\/td>\n<td>2100<\/td>\n<\/tr>\n<tr>\n<td>21<\/td>\n<td>Velocidad de operaci\u00f3n<\/td>\n<td>kil\u00f3metros por hora<\/td>\n<td>5-20<\/td>\n<\/tr>\n<tr>\n<td>22<\/td>\n<td>Especificaci\u00f3n de la red de pacas (largo \u00d7 ancho)<\/td>\n<td>metro<\/td>\n<td>2000\u00d71,25 m por paca<\/td>\n<\/tr>\n<tr>\n<td>23<\/td>\n<td>N\u00famero de garras de martillo<\/td>\n<td>ordenador personal<\/td>\n<td>20<\/td>\n<\/tr>\n<\/tbody>\n<\/table>\n<h2>Introducci\u00f3n a la empacadora cil\u00edndrica 9YG-1.0C<\/h2>\n<p>La rotoempacadora 9YG-1.0C es una m\u00e1quina agr\u00edcola de vanguardia dise\u00f1ada para una amplia gama de operaciones agr\u00edcolas. Ya sea que produzca heno, paja o ensilado, la 9YG-1.0C ofrece una eficiencia y precisi\u00f3n inigualables, garantizando un trabajo sin contratiempos para agricultores de todo el mundo. Gracias a su dise\u00f1o avanzado, la rotoempacadora 9YG-1.0C permite empacar de forma m\u00e1s r\u00e1pida, sencilla y fiable. Esta vers\u00e1til m\u00e1quina es adecuada tanto para explotaciones agr\u00edcolas grandes como peque\u00f1as y se integra a la perfecci\u00f3n en su proceso de producci\u00f3n agr\u00edcola.<\/p>\n<h2>\u00bfQu\u00e9 es la empacadora redonda 9YG-1.0C?<\/h2>\n<p>La empacadora de pacas redondas 9YG-1.0C es una m\u00e1quina agr\u00edcola de alta eficiencia que se utiliza para compactar y empacar heno, paja o ensilado en pacas redondas. Dise\u00f1ada para un empacado de alto rendimiento, ofrece una soluci\u00f3n fiable para agricultores que necesitan maquinaria fiable y duradera. Gracias a su dise\u00f1o innovador, esta empacadora garantiza una alta productividad, reduce el tiempo de inactividad y mejora la rentabilidad de las operaciones agr\u00edcolas.<\/p>\n<p style=\"text-align: center;\"><img loading=\"lazy\" decoding=\"async\" class=\"alignnone wp-image-253\" src=\"https:\/\/farm-baler.com\/wp-content\/uploads\/2025\/11\/EP-Type-9YG-1.0C-Round-Baler-11-300x300.webp\" alt=\"empacadora redonda\" width=\"360\" height=\"360\" \/><\/p>\n<h2>Desaf\u00edos que aborda y sus aplicaciones<\/h2>\n<p>La empacadora de pacas redondas 9YG-1.0C est\u00e1 dise\u00f1ada para abordar varios desaf\u00edos comunes que enfrentan los agricultores durante el proceso de empacado de heno y paja. Estos desaf\u00edos incluyen:<\/p>\n<ul>\n<li>Baja velocidad de empacado y eficiencia en empacadoras tradicionales<\/li>\n<li>Formaci\u00f3n inconsistente de pacas que genera desperdicio o ineficiencia<\/li>\n<li>Dificultad para gestionar distintos tipos de cultivos con diferentes niveles de humedad<\/li>\n<li>Mantenimiento frecuente y aver\u00edas con equipos antiguos<\/li>\n<li>Versatilidad limitada para diferentes necesidades de manejo de cultivos<\/li>\n<\/ul>\n<p>Al abordar estos problemas, la empacadora de pacas redondas 9YG-1.0C ofrece soluciones superiores que mejoran la velocidad y la consistencia del empacado. Es adecuada para diversas operaciones agr\u00edcolas, incluyendo:<\/p>\n<ul>\n<li>Producci\u00f3n de heno<\/li>\n<li>Empacado de paja<\/li>\n<li>Manejo del ensilaje<\/li>\n<li>Sistemas de alimentaci\u00f3n del ganado<\/li>\n<li>Conservaci\u00f3n de forrajes<\/li>\n<\/ul>\n<h2>Ventajas clave de la empacadora redonda 9YG-1.0C<\/h2>\n<p>La empacadora de pacas redondas 9YG-1.0C ofrece numerosas ventajas que la convierten en la opci\u00f3n preferida de los agricultores modernos. Estas son algunas de sus principales ventajas:<\/p>\n<h3>1. Alta eficiencia y velocidad<\/h3>\n<p>La empacadora opera a alta velocidad, lo que mejora significativamente la productividad de su explotaci\u00f3n. Puede producir grandes cantidades de pacas r\u00e1pidamente, reduciendo el tiempo dedicado a cada tarea y permitiendo una mayor eficiencia general de la explotaci\u00f3n.<\/p>\n<h3>2. Construcci\u00f3n robusta y duradera<\/h3>\n<p>Dise\u00f1ada para durar, la empacadora redonda 9YG-1.0C est\u00e1 fabricada con materiales de alta calidad dise\u00f1ados para soportar los rigores de las actividades agr\u00edcolas diarias. Su construcci\u00f3n duradera garantiza una fiabilidad duradera, reduciendo la necesidad de reparaciones frecuentes.<\/p>\n<h3>3. F\u00e1cil operaci\u00f3n<\/h3>\n<p>Gracias a su interfaz intuitiva, la empacadora de pacas redondas 9YG-1.0C es f\u00e1cil de usar, incluso para agricultores con poca experiencia en el uso de equipos de empacado. Sus controles intuitivos simplifican su uso, reduciendo la curva de aprendizaje para los nuevos usuarios.<\/p>\n<h3>4. Formaci\u00f3n consistente de pacas<\/h3>\n<p>El avanzado mecanismo de la empacadora garantiza que cada paca sea compacta y uniforme, lo que permite un almacenamiento y transporte m\u00e1s eficientes. Esta consistencia reduce el desperdicio y mejora la calidad general de sus productos empacados.<\/p>\n<h3>5. Versatilidad en el manejo de diferentes cultivos<\/h3>\n<p>La empacadora de pacas redondas 9YG-1.0C es muy adaptable y puede procesar una variedad de cultivos, como heno, paja y ensilado. Se ajusta a diferentes niveles de humedad y tipos de cultivo, ofreciendo a los agricultores una soluci\u00f3n vers\u00e1til para todas sus necesidades de empacado.<\/p>\n<h2>C\u00f3mo funciona la empacadora redonda 9YG-1.0C<\/h2>\n<p>La empacadora de pacas redondas 9YG-1.0C utiliza una combinaci\u00f3n de componentes mec\u00e1nicos para recolectar, comprimir y formar pacas redondas compactas. A continuaci\u00f3n, se detalla su proceso de trabajo:<\/p>\n<ul>\n<li><strong>Recopilaci\u00f3n:<\/strong> El sistema de admisi\u00f3n de la empacadora recoge el material de cultivo y lo introduce en la c\u00e1mara de compresi\u00f3n. Este sistema utiliza rodillos de gran tama\u00f1o que ayudan a recoger el cultivo con rapidez y eficiencia.<\/li>\n<li><strong>Compresi\u00f3n:<\/strong> Dentro de la c\u00e1mara de compresi\u00f3n, el cultivo se compacta hasta formar una paca compacta y compacta. Cuanto m\u00e1s compacta est\u00e9 la paca, m\u00e1s f\u00e1cil ser\u00e1 almacenarla y transportarla.<\/li>\n<li><strong>Formaci\u00f3n de pacas:<\/strong> El cultivo comprimido se moldea entonces hasta obtener una forma redonda y uniforme. El mecanismo de la empacadora garantiza que el tama\u00f1o y el peso de cada paca se mantengan constantes.<\/li>\n<li><strong>Vinculante:<\/strong> Una vez formada la paca, se ata con hilo o red para mantener su forma. Este proceso de atado est\u00e1 automatizado, lo que minimiza los costos de mano de obra.<\/li>\n<li><strong>Descargar:<\/strong> Finalmente, la paca terminada se expulsa de la empacadora y queda lista para su recolecci\u00f3n o almacenamiento.<\/li>\n<\/ul>\n<h2>Aplicaciones principales de la empacadora cil\u00edndrica 9YG-1.0C<\/h2>\n<p>La empacadora de pacas redondas 9YG-1.0C es ideal para diversos entornos agr\u00edcolas. Estos son los principales escenarios en los que destaca:<\/p>\n<ul>\n<li><strong>Producci\u00f3n de heno a gran escala:<\/strong> Perfecto para granjas que necesitan producir grandes cantidades de heno para la alimentaci\u00f3n del ganado.<\/li>\n<li><strong>Empacado de paja para cama:<\/strong> Eficiente para empacar paja para cama de animales, muy demandada en la ganader\u00eda.<\/li>\n<li><strong>Empacado de ensilaje:<\/strong> Se utiliza para producir pacas de ensilaje para ganado lechero y de carne, lo que ayuda a la conservaci\u00f3n del forraje y a la eficiencia de la alimentaci\u00f3n.<\/li>\n<li><strong>Almacenamiento de forraje:<\/strong> La empacadora garantiza que el forraje pueda almacenarse durante per\u00edodos m\u00e1s largos sin degradarse, lo que ayuda a los agricultores a gestionar la producci\u00f3n estacional.<\/li>\n<li><strong>Transporte y almacenamiento:<\/strong> Debido a su formaci\u00f3n uniforme de pacas, es m\u00e1s f\u00e1cil almacenar y transportar pacas a diferentes ubicaciones.<\/li>\n<li><strong>Agricultores con mano de obra limitada:<\/strong> Su f\u00e1cil operaci\u00f3n y bajo mantenimiento lo hacen ideal para fincas con poca fuerza laboral.<\/li>\n<\/ul>\n<h2 style=\"text-align: center;\"><img loading=\"lazy\" decoding=\"async\" class=\"alignnone wp-image-254\" src=\"https:\/\/farm-baler.com\/wp-content\/uploads\/2025\/11\/EP-Type-9YG-1.0C-Round-Baler-21-300x300.webp\" alt=\"empacadora redonda\" width=\"372\" height=\"372\" \/><\/h2>\n<h2>C\u00f3mo elegir la empacadora cil\u00edndrica 9YG-1.0C adecuada<\/h2>\n<p>Al seleccionar la empacadora redonda 9YG-1.0C adecuada para sus necesidades, tenga en cuenta los siguientes factores:<\/p>\n<h3>1. Tipo de cultivo<\/h3>\n<p>Aseg\u00farese de que la empacadora sea compatible con el tipo de cultivo que planea empacar. La 9YG-1.0C es vers\u00e1til y maneja heno, paja y ensilado con eficacia.<\/p>\n<h3>2. Tama\u00f1o y peso de la paca<\/h3>\n<p>Considere el tama\u00f1o y el peso de las pacas que necesita. La 9YG-1.0C produce pacas redondas uniformes, pero los diferentes modelos pueden tener configuraciones de tama\u00f1o espec\u00edficas.<\/p>\n<h3>3. Velocidad de funcionamiento<\/h3>\n<p>Si la velocidad es fundamental para su operaci\u00f3n, elija un modelo que proporcione un alto rendimiento por hora para satisfacer las demandas de su granja.<\/p>\n<h3>4. Necesidades de mantenimiento<\/h3>\n<p>Busque un modelo que requiera un mantenimiento m\u00ednimo. El 9YG-1.0C est\u00e1 dise\u00f1ado para un mantenimiento m\u00ednimo, pero aun as\u00ed es importante considerar los programas de mantenimiento.<\/p>\n<h3>5. Precio y presupuesto<\/h3>\n<p>Si bien es importante elegir la mejor m\u00e1quina, tenga en cuenta su presupuesto. La 9YG-1.0C ofrece un equilibrio entre rentabilidad y funciones avanzadas.<\/p>\n<h3>6. Disponibilidad de repuestos<\/h3>\n<p>Elija una empacadora con f\u00e1cil acceso a repuestos y soporte. Esto garantiza un tiempo de inactividad m\u00ednimo y reparaciones m\u00e1s r\u00e1pidas cuando sea necesario.<\/p>\n<h2>Consejos de mantenimiento para la empacadora redonda 9YG-1.0C<\/h2>\n<p>Para garantizar que su empacadora redonda 9YG-1.0C siga funcionando de manera eficiente, siga estos consejos de mantenimiento:<\/p>\n<ul>\n<li>Revise y lubrique peri\u00f3dicamente las piezas m\u00f3viles para evitar el desgaste.<\/li>\n<li>Inspeccione el sistema de admisi\u00f3n para detectar bloqueos o da\u00f1os.<\/li>\n<li>Aseg\u00farese de que el sistema de encuadernaci\u00f3n funcione correctamente para evitar que se pierdan pacas o se desperdicie material.<\/li>\n<li>Limpie la m\u00e1quina despu\u00e9s de cada uso para eliminar residuos y desechos de cultivos.<\/li>\n<li>Verifique el estado de los neum\u00e1ticos y aseg\u00farese de que est\u00e9n inflados correctamente.<\/li>\n<\/ul>\n<h2>Opiniones de clientes<\/h2>\n<p>Esto es lo que dicen los clientes de diferentes pa\u00edses sobre la empacadora redonda 9YG-1.0C:<\/p>\n<p>La 9YG-1.0C ha revolucionado nuestras operaciones de empacado de heno. Es r\u00e1pida, eficiente y duradera. Ahora puedo empacar m\u00e1s en menos tiempo, lo que ha aumentado significativamente la productividad de nuestra granja.<br \/>\n<strong>\u2014John Smith, Estados Unidos<\/strong><\/p>\n<p>Como peque\u00f1a granja, necesit\u00e1bamos una m\u00e1quina que cumpliera con su funci\u00f3n sin ocupar demasiado espacio ni requerir mantenimiento constante. La 9YG-1.0C ha sido perfecta para nosotros: f\u00e1cil de operar y mantener.<br \/>\n<strong>\u2014Anna M\u00fcller, Alemania<\/strong><\/p>\n<p>Esta empacadora es justo lo que necesit\u00e1bamos para la producci\u00f3n de ensilado. Es robusta, maneja bien los cultivos h\u00famedos y las pacas quedan perfectamente formadas en todo momento. Una gran inversi\u00f3n.<br \/>\n<strong>\u2014David Johnson, Canad\u00e1<\/strong><\/p>\n<p>\u00a1Una m\u00e1quina incre\u00edble! Llevo us\u00e1ndola unos meses y no he tenido ning\u00fan problema. Las pacas son compactas, lo que facilita su almacenamiento y transporte.<br \/>\n<strong>\u2014James Brown, Reino Unido<\/strong><\/p>\n<p>La 9YG-1.0C es una m\u00e1quina de trabajo incansable. Procesa todo, desde heno hasta paja, sin esfuerzo. Ahora es una parte vital de nuestras operaciones.<br \/>\n<strong>\u2014\u2014Juan Carlos, Espa\u00f1a<\/strong><\/p>\n<h2>\u00bfPor qu\u00e9 elegir nuestra empacadora redonda 9YG-1.0C?<\/h2>\n<p>Nuestro 9YG-1.0C <a href=\"https:\/\/farm-baler.com\/es\/producto\/type-9yg-1-0c-round-baler\/\">Empacadora redonda<\/a> Es la mejor opci\u00f3n para los agricultores que valoran la calidad, la eficiencia y un rendimiento fiable. Aqu\u00ed te explicamos por qu\u00e9:<\/p>\n<ul>\n<li><strong>Servicios de personalizaci\u00f3n r\u00e1pida:<\/strong> Ofrecemos tiempos de respuesta r\u00e1pidos para pedidos personalizados, lo que garantiza que la empacadora satisfaga sus necesidades exactas.<\/li>\n<li><strong>Fuerte soporte al cliente:<\/strong> Nuestro equipo est\u00e1 siempre dispuesto a ayudarle con cualquier consulta o inquietud, ofreciendo asesoramiento y soluciones expertas.<\/li>\n<li><strong>Garant\u00eda de 3 a\u00f1os:<\/strong> Con una garant\u00eda de 3 a\u00f1os, puede estar seguro de la durabilidad y longevidad del producto.<\/li>\n<li><strong>Env\u00edo global:<\/strong> Apoyamos env\u00edos r\u00e1pidos a nivel mundial, garantizando que sus pedidos lleguen a tiempo, dondequiera que se encuentre.<\/li>\n<li><strong>Servicio postventa integral:<\/strong> Desde la instalaci\u00f3n hasta la capacitaci\u00f3n y el mantenimiento, nuestro servicio no termina despu\u00e9s de la compra.<\/li>\n<\/ul>\n<h2>Explore la empacadora redonda 9YG-1.0C y nuestra amplia gama de productos<\/h2>\n<p>Adem\u00e1s de la rotoempacadora 9YG-1.0C, tambi\u00e9n ofrecemos una gama de accesorios y productos relacionados para optimizar sus operaciones agr\u00edcolas. Nuestra avanzada capacidad de fabricaci\u00f3n garantiza que todos los productos cumplan con los m\u00e1s altos est\u00e1ndares de calidad, a la vez que nuestros precios altamente competitivos garantizan una excelente relaci\u00f3n calidad-precio.<\/p>\n<p>Lo invitamos a explorar nuestro cat\u00e1logo de productos y contactarnos hoy para analizar c\u00f3mo la empacadora redonda 9YG-1.0C puede... <a href=\"https:\/\/agricultural-baler.com\/\" target=\"_blank\" rel=\"noopener\">mejora tu granja<\/a>Operaciones de . Nuestro equipo est\u00e1 listo para ayudarle con todas sus necesidades.<\/p>\n<h2>Preguntas frecuentes (FAQ)<\/h2>\n<ol>\n<li><strong>\u00bfCu\u00e1l es el tama\u00f1o m\u00e1ximo de paca que produce la empacadora redonda 9YG-1.0C?<\/strong><br \/>\nEl tama\u00f1o m\u00e1ximo de paca producida por la empacadora redonda 9YG-1.0C suele ser de alrededor de 1,2 metros de di\u00e1metro, lo que la hace adecuada para una amplia gama de cultivos.<\/li>\n<li><strong>\u00bfQu\u00e9 tan f\u00e1cil es operar la empacadora redonda 9YG-1.0C?<\/strong><br \/>\nLa empacadora est\u00e1 dise\u00f1ada para facilitar su uso con controles intuitivos y una configuraci\u00f3n m\u00ednima, lo que hace que sea f\u00e1cil de operar incluso para principiantes.<\/li>\n<li><strong>\u00bfPuede la empacadora redonda 9YG-1.0C manipular cultivos h\u00famedos?<\/strong><br \/>\nS\u00ed, es capaz de empacar cultivos h\u00famedos, incluido ensilaje, sin comprometer la calidad del fardo.<\/li>\n<li><strong>\u00bfQu\u00e9 tipo de mantenimiento se requiere para la empacadora redonda 9YG-1.0C?<\/strong><br \/>\nEl mantenimiento regular incluye verificar si hay bloqueos, lubricar las partes m\u00f3viles y garantizar la tensi\u00f3n adecuada en el sistema de encuadernaci\u00f3n.<\/li>\n<li><strong>\u00bfQu\u00e9 tan duradera es la empacadora redonda 9YG-1.0C?<\/strong><br \/>\nEl 9YG-1.0C est\u00e1 dise\u00f1ado para una larga durabilidad con materiales de alta calidad dise\u00f1ados para soportar duras condiciones agr\u00edcolas.<\/li>\n<li><strong>\u00bfLa empacadora redonda 9YG-1.0C es adecuada para granjas peque\u00f1as?<\/strong><br \/>\nS\u00ed, es ideal para granjas peque\u00f1as y medianas debido a su dise\u00f1o eficiente y facilidad de operaci\u00f3n.<\/li>\n<li><strong>\u00bfCu\u00e1l es la producci\u00f3n promedio de la empacadora redonda 9YG-1.0C?<\/strong><br \/>\nLa producci\u00f3n media es de unas 20-30 pacas por hora, dependiendo del tipo de cultivo y de las condiciones de explotaci\u00f3n.<\/li>\n<li><strong>\u00bfLa empacadora redonda 9YG-1.0C viene con garant\u00eda?<\/strong><br \/>\nS\u00ed, viene con una garant\u00eda de 3 a\u00f1os que cubre defectos de materiales y mano de obra.<\/li>\n<li><strong>\u00bfQu\u00e9 tipos de cultivos se pueden empacar utilizando la empacadora redonda 9YG-1.0C?<\/strong><br \/>\nPuede manejar una variedad de cultivos, incluidos heno, paja y ensilaje.<\/li>\n<li><strong>\u00bfEs f\u00e1cil transportar la empacadora redonda 9YG-1.0C?<\/strong><br \/>\nS\u00ed, est\u00e1 dise\u00f1ado teniendo en cuenta la transportabilidad, presentando un dise\u00f1o compacto y m\u00f3vil.<\/li>\n<li><strong>\u00bfPuedo utilizar la empacadora redonda 9YG-1.0C en condiciones clim\u00e1ticas h\u00famedas?<\/strong><br \/>\nS\u00ed, la empacadora est\u00e1 dise\u00f1ada para funcionar eficientemente incluso en condiciones de humedad o lluvia, especialmente al manipular ensilaje.<\/li>\n<li><strong>\u00bfEs dif\u00edcil reemplazar piezas en la empacadora redonda 9YG-1.0C?<\/strong><br \/>\nNo, las piezas de repuesto son f\u00e1ciles de encontrar y reemplazar, lo que garantiza un tiempo de inactividad m\u00ednimo.<\/li>\n<li><strong>\u00bfCu\u00e1nto pesa la empacadora redonda 9YG-1.0C?<\/strong><br \/>\nLa empacadora pesa aproximadamente 2.000 kg, lo que la hace manejable para la mayor\u00eda de los equipos agr\u00edcolas est\u00e1ndar.<\/li>\n<li><strong>\u00bfPuedo personalizar la configuraci\u00f3n de la empacadora cil\u00edndrica 9YG-1.0C?<\/strong><br \/>\nS\u00ed, la empacadora ofrece configuraciones ajustables para optimizar el rendimiento en funci\u00f3n de diferentes tipos de cultivos y condiciones ambientales.<\/li>\n<\/ol>\n<p>&nbsp;<\/p>","protected":false},"excerpt":{"rendered":"<p>Descubra la empacadora redonda 9YG-1.0C: una soluci\u00f3n duradera y de alto rendimiento para empacar heno y paja de forma eficiente. Esta empacadora est\u00e1 dise\u00f1ada para ofrecer una operaci\u00f3n sencilla y una productividad extremadamente alta, garantizando un funcionamiento fiable en cualquier condici\u00f3n. Aumente su productividad agr\u00edcola hoy mismo con nuestra empacadora redonda de gama alta. \u00a1Inf\u00f3rmese y aumente su rendimiento agr\u00edcola!<\/p>","protected":false},"featured_media":253,"template":"","meta":{"_et_pb_use_builder":"","_et_pb_old_content":"","_et_gb_content_width":""},"product_brand":[],"product_cat":[22],"product_tag":[],"class_list":{"0":"post-210","1":"product","2":"type-product","3":"status-publish","4":"has-post-thumbnail","6":"product_cat-round-baler-rake","8":"first","9":"instock","10":"shipping-taxable","11":"product-type-simple"},"_links":{"self":[{"href":"https:\/\/farm-baler.com\/es\/wp-json\/wp\/v2\/product\/210","targetHints":{"allow":["GET"]}}],"collection":[{"href":"https:\/\/farm-baler.com\/es\/wp-json\/wp\/v2\/product"}],"about":[{"href":"https:\/\/farm-baler.com\/es\/wp-json\/wp\/v2\/types\/product"}],"wp:featuredmedia":[{"embeddable":true,"href":"https:\/\/farm-baler.com\/es\/wp-json\/wp\/v2\/media\/253"}],"wp:attachment":[{"href":"https:\/\/farm-baler.com\/es\/wp-json\/wp\/v2\/media?parent=210"}],"wp:term":[{"taxonomy":"product_brand","embeddable":true,"href":"https:\/\/farm-baler.com\/es\/wp-json\/wp\/v2\/product_brand?post=210"},{"taxonomy":"product_cat","embeddable":true,"href":"https:\/\/farm-baler.com\/es\/wp-json\/wp\/v2\/product_cat?post=210"},{"taxonomy":"product_tag","embeddable":true,"href":"https:\/\/farm-baler.com\/es\/wp-json\/wp\/v2\/product_tag?post=210"}],"curies":[{"name":"wp","href":"https:\/\/api.w.org\/{rel}","templated":true}]}}