{"id":341,"date":"2025-12-02T01:07:12","date_gmt":"2025-12-02T01:07:12","guid":{"rendered":"https:\/\/farm-baler.com\/?post_type=product&#038;p=341"},"modified":"2025-12-18T01:39:13","modified_gmt":"2025-12-18T01:39:13","slug":"9yg-2-24d-rundballenpresse","status":"publish","type":"product","link":"https:\/\/farm-baler.com\/de\/produkt\/9yg-2-24d-rundballenpresse\/","title":{"rendered":"9YG-2.24D Rundballenpresse (S9000 Beyond) \u2013 Ballenpressenausr\u00fcstung"},"content":{"rendered":"<p>Die Rundballenpresse 9YG-2.24D (S9000 Beyond) ist eine moderne Landmaschine, die f\u00fcr effizientes Pressen in verschiedenen landwirtschaftlichen Umgebungen entwickelt wurde. Bekannt f\u00fcr ihre \u00fcberragende Leistung und Zuverl\u00e4ssigkeit, unterst\u00fctzt sie Landwirte dabei, optimale Produktivit\u00e4t zu erzielen und gleichzeitig Zeit und Arbeitskosten zu sparen. Dank ihrer erweiterten Funktionen ist das Modell 9YG-2.24D die ideale L\u00f6sung f\u00fcr kleine und gro\u00dfe landwirtschaftliche Betriebe.<\/p>\n<h2>Technische Spezifikationen<\/h2>\n<table style=\"border-color: #000000;\">\n<thead>\n<tr>\n<th>\u00a0NEIN.<\/th>\n<th>Artikel<\/th>\n<th>Einheit<\/th>\n<th>Spezifikation<\/th>\n<\/tr>\n<\/thead>\n<tbody>\n<tr>\n<td>1<\/td>\n<td>Modellname<\/td>\n<td>\/<\/td>\n<td>9YG-2.24D Rundballenpresse (S9000 Ultra)<\/td>\n<\/tr>\n<tr>\n<td>2<\/td>\n<td>Anbindemethode<\/td>\n<td>\/<\/td>\n<td>Traktionstyp<\/td>\n<\/tr>\n<tr>\n<td>3<\/td>\n<td>Pickingbreite<\/td>\n<td>mm<\/td>\n<td>2240<\/td>\n<\/tr>\n<tr>\n<td>4<\/td>\n<td>Picker-Strukturtyp<\/td>\n<td>\/<\/td>\n<td>Federzahntyp<\/td>\n<\/tr>\n<tr>\n<td>5<\/td>\n<td>Speisestrukturtyp<\/td>\n<td>\/<\/td>\n<td>Fingerkette + Trommeltyp<\/td>\n<\/tr>\n<tr>\n<td>6<\/td>\n<td>Kompressionskammer-Mechanismus-Typ<\/td>\n<td>\/<\/td>\n<td>Trommeltyp<\/td>\n<\/tr>\n<tr>\n<td>7<\/td>\n<td>Kompressionskammerbreite<\/td>\n<td>mm<\/td>\n<td>1400<\/td>\n<\/tr>\n<tr>\n<td>8<\/td>\n<td>Kompressionskammerdurchmesser<\/td>\n<td>mm<\/td>\n<td>\u03a61200<\/td>\n<\/tr>\n<tr>\n<td>9<\/td>\n<td>Anzahl der Komponenten der Kompressionskammer<\/td>\n<td>St\u00fcck<\/td>\n<td>18 (Schlagzeug)<\/td>\n<\/tr>\n<tr>\n<td>10<\/td>\n<td>Ballentrommeldurchmesser<\/td>\n<td>mm<\/td>\n<td>\u03a6222<\/td>\n<\/tr>\n<tr>\n<td>11<\/td>\n<td>Bindemethode<\/td>\n<td>\/<\/td>\n<td>Netzverpackung<\/td>\n<\/tr>\n<tr>\n<td>12<\/td>\n<td>Anpassungsleistung<\/td>\n<td>kW<\/td>\n<td>55-100<\/td>\n<\/tr>\n<tr>\n<td>13<\/td>\n<td>Strukturmasse<\/td>\n<td>kg<\/td>\n<td>4570<\/td>\n<\/tr>\n<tr>\n<td>14<\/td>\n<td>Zapfwellendrehzahl<\/td>\n<td>r\/min<\/td>\n<td>720<\/td>\n<\/tr>\n<tr>\n<td>15<\/td>\n<td>Gesamtabmessungen (L\u00d7B\u00d7H)<\/td>\n<td>mm<\/td>\n<td>4600\u00d73010\u00d72370 (Funktionszustand)<\/td>\n<\/tr>\n<tr>\n<td>16<\/td>\n<td>Ballendichtekontrolle<\/td>\n<td>\/<\/td>\n<td>Sensorsteuerung<\/td>\n<\/tr>\n<tr>\n<td>17<\/td>\n<td>Ballengr\u00f6\u00dfe (Durchmesser \u00d7 Breite)<\/td>\n<td>mm<\/td>\n<td>\u03a61300\u00d71400<\/td>\n<\/tr>\n<tr>\n<td>18<\/td>\n<td>Ballendichte<\/td>\n<td>kg\/m\u00b3<\/td>\n<td>100-200<\/td>\n<\/tr>\n<tr>\n<td>19<\/td>\n<td>Produktivit\u00e4t<\/td>\n<td>Ballen\/h<\/td>\n<td>40~100<\/td>\n<\/tr>\n<tr>\n<td>20<\/td>\n<td>Spurweite<\/td>\n<td>mm<\/td>\n<td>2600<\/td>\n<\/tr>\n<tr>\n<td>21<\/td>\n<td>Betriebsgeschwindigkeit<\/td>\n<td>km\/h<\/td>\n<td>5-35<\/td>\n<\/tr>\n<tr>\n<td>22<\/td>\n<td>Verpackungsnetzspezifikation (L\u00e4nge\u00d7Breite)<\/td>\n<td>\/<\/td>\n<td>2000 \u00d7 1,4 m\/Ballen<\/td>\n<\/tr>\n<\/tbody>\n<\/table>\n<h2>Produktdefinition<\/h2>\n<p>Die Rundballenpresse 9YG-2.24D (S9000 Beyond) ist eine hochmoderne Maschine, die sich durch ihre hohe Leistungsf\u00e4higkeit bei der Herstellung hochwertiger Rundballen f\u00fcr landwirtschaftliche Betriebe auszeichnet. Sie ist f\u00fcr die Verarbeitung verschiedenster Erntematerialien konzipiert und gew\u00e4hrleistet ein effizientes Pressen mit minimalen Ertragsverlusten. Dank ihrer pr\u00e4zisen Mechanik eignet sie sich ideal f\u00fcr die Verarbeitung gro\u00dfer Mengen an Heu, Stroh oder \u00e4hnlichen Materialien.<\/p>\n<h2>Probleml\u00f6sung und Anwendungen<\/h2>\n<p>Die Rundballenpresse 9YG-2.24D (S9000 Beyond) l\u00f6st verschiedene Probleme, mit denen Landwirte und Agrarfachleute beim Ballenpressen konfrontiert sind. Hier einige der Probleme, die sie behebt:<\/p>\n<ul>\n<li><strong>Effiziente Ernteabwicklung:<\/strong> Die Maschine erm\u00f6glicht die effiziente Sammlung und Komprimierung der Ernte, wodurch Ernteverluste minimiert werden.<\/li>\n<li><strong>Zeitsparend:<\/strong> Dank seiner fortschrittlichen Technologie kann diese Ballenpresse gro\u00dfe Materialmengen schnell verarbeiten, was Arbeitszeit spart und die Produktivit\u00e4t steigert.<\/li>\n<li><strong>Langlebigkeit und Zuverl\u00e4ssigkeit:<\/strong> Es wurde f\u00fcr Langlebigkeit entwickelt und gew\u00e4hrleistet auch unter h\u00e4rtesten Bedingungen eine gleichbleibende Leistung, wodurch Ausfallzeiten und Reparaturkosten reduziert werden.<\/li>\n<li><strong>Benutzerfreundlichkeit:<\/strong> Dank des intuitiven Designs ist die Ballenpresse sowohl f\u00fcr Anf\u00e4nger als auch f\u00fcr erfahrene Landwirte einfach zu bedienen.<\/li>\n<li><strong>Vielseitigkeit:<\/strong> Es ist in der Lage, verschiedene Materialien zu verarbeiten, von Heu bis Stroh, und bietet daher ein breites Anwendungsspektrum in unterschiedlichen landwirtschaftlichen Praktiken.<\/li>\n<\/ul>\n<p style=\"text-align: center;\"><img loading=\"lazy\" decoding=\"async\" class=\"alignnone wp-image-347\" src=\"https:\/\/farm-baler.com\/wp-content\/uploads\/2025\/12\/ep-9YG-2.24D-Round-Baler-S9000-Beyond-3.webp\" alt=\"Ballenpressenausr\u00fcstung\" width=\"463\" height=\"463\" srcset=\"https:\/\/farm-baler.com\/wp-content\/uploads\/2025\/12\/ep-9YG-2.24D-Round-Baler-S9000-Beyond-3.webp 289w, https:\/\/farm-baler.com\/wp-content\/uploads\/2025\/12\/ep-9YG-2.24D-Round-Baler-S9000-Beyond-3-150x150.webp 150w, https:\/\/farm-baler.com\/wp-content\/uploads\/2025\/12\/ep-9YG-2.24D-Round-Baler-S9000-Beyond-3-12x12.webp 12w, https:\/\/farm-baler.com\/wp-content\/uploads\/2025\/12\/ep-9YG-2.24D-Round-Baler-S9000-Beyond-3-100x100.webp 100w\" sizes=\"(max-width: 463px) 100vw, 463px\" \/><\/p>\n<h2>Produktvorteile<\/h2>\n<p>Die Rundballenpresse 9YG-2.24D (S9000 Beyond) zeichnet sich im wettbewerbsintensiven Markt f\u00fcr Landmaschinen durch folgende Vorteile aus:<\/p>\n<ul>\n<li><strong>Fortschrittliche Technologie:<\/strong> Der Einsatz modernster Technologie erm\u00f6glicht eine optimale Ballenbildung und Materialhandhabung. Dies f\u00fchrt zu h\u00f6herer Effizienz und qualitativ hochwertigeren Produkten.<\/li>\n<li><strong>Hohe Kapazit\u00e4t:<\/strong> Dank ihrer hohen Verarbeitungskapazit\u00e4t kann diese Ballenpresse gro\u00dfe Mengen an Erntegut verarbeiten und ist somit ideal f\u00fcr landwirtschaftliche Betriebe mit hohem Bedarf.<\/li>\n<li><strong>Geringer Wartungsaufwand:<\/strong> Die Konstruktion des 9YG-2.24D gew\u00e4hrleistet einen geringeren Wartungsaufwand, was zu niedrigeren Betriebskosten und weniger Reparaturen f\u00fchrt.<\/li>\n<li><strong>Kraftstoffeffizienz:<\/strong> Die Rundballenpresse 9YG-2.24D ist mit kraftstoffsparenden Funktionen ausgestattet, die einen effizienten Betrieb bei minimalem Energieverbrauch gew\u00e4hrleisten.<\/li>\n<li><strong>Kompaktes und robustes Design:<\/strong> Die Ger\u00e4te sind kompakt, aber dennoch so konstruiert, dass sie auch rauen Umgebungsbedingungen standhalten, wodurch sie sich sowohl f\u00fcr kleine als auch f\u00fcr gro\u00dfe landwirtschaftliche Betriebe eignen.<\/li>\n<\/ul>\n<h2>Funktionsweise der Rundballenpresse 9YG-2.24D<\/h2>\n<p>Die Rundballenpresse 9YG-2.24D (S9000 Beyond) sammelt Sch\u00fcttgut wie Heu oder Stroh und f\u00fchrt es in eine Presskammer, wo es zu festen Rundballen verpresst wird. Die fortschrittlichen Walzen und das Hydrauliksystem der Maschine gew\u00e4hrleisten eine gleichm\u00e4\u00dfige Ballenbildung. Nach Fertigstellung wird der Ballen automatisch abgebunden und ausgeworfen. Der gesamte Prozess ist automatisiert und erm\u00f6glicht so einen kontinuierlichen Betrieb mit minimalem Bedienereingriff. Diese Effizienz steigert die Gesamtproduktivit\u00e4t landwirtschaftlicher Betriebe und sichert gleichbleibende Qualit\u00e4t und einen schnellen Durchsatz.<\/p>\n<h2>Hauptanwendungsszenarien<\/h2>\n<p>Die Rundballenpresse 9YG-2.24D (S9000 Beyond) eignet sich perfekt f\u00fcr diverse landwirtschaftliche Aufgaben. Hier sind die wichtigsten Anwendungsbereiche, in denen diese Ballenpresse ihre St\u00e4rken ausspielt:<\/p>\n<ul>\n<li><strong>Heuballenpressen:<\/strong> Die Maschine verdichtet Heu effizient zu gleichm\u00e4\u00dfigen Ballen und gew\u00e4hrleistet so eine gute Lagerf\u00e4higkeit und einen einfachen Transport.<\/li>\n<li><strong>Strohballenpressen:<\/strong> Es verarbeitet Stroh effizient und erleichtert so dessen Lagerung und Verwendung als Einstreu f\u00fcr Nutztiere oder f\u00fcr andere Zwecke.<\/li>\n<li><strong>Grasballenpressen:<\/strong> Die Ballenpresse eignet sich ideal f\u00fcr die Gr\u00fcnlandwirtschaft und produziert gleichm\u00e4\u00dfige Rundballen, die sich f\u00fcr die F\u00fctterung oder andere Zwecke eignen.<\/li>\n<li><strong>Lagerung von Tierfutter:<\/strong> Die mit dieser Ballenpresse hergestellten Rundballen eignen sich ideal zur Lagerung gro\u00dfer Mengen an Tierfutter und sch\u00fctzen dieses vor Witterungseinfl\u00fcssen.<\/li>\n<li><strong>Sammlung von Ernter\u00fcckst\u00e4nden:<\/strong> Die Ballenpresse kann auch zum Sammeln von Ernter\u00fcckst\u00e4nden wie Maisst\u00e4ngeln oder Weizenstroh verwendet werden, wodurch der Boden f\u00fcr zuk\u00fcnftige Nutzpflanzen effizienter genutzt werden kann.<\/li>\n<li><strong>Landwirtschaftliche Gro\u00dfbetriebe:<\/strong> Dank ihrer hohen Kapazit\u00e4t und schnellen Arbeitsweise eignet sich die 9YG-2.24D f\u00fcr Gro\u00dfprojekte, bei denen Effizienz Priorit\u00e4t hat.<\/li>\n<\/ul>\n<h2>Wie Sie die richtige Rundballenpresse 9YG-2.24D (S9000 Beyond) ausw\u00e4hlen<\/h2>\n<p>Bei der Auswahl der f\u00fcr Ihre Bed\u00fcrfnisse passenden Ballenpresse sollten Sie folgende Faktoren ber\u00fccksichtigen:<\/p>\n<ul>\n<li><strong>Materialart:<\/strong> Stellen Sie sicher, dass die Ballenpresse mit dem zu pressenden Material kompatibel ist, egal ob es sich um Heu, Stroh oder Gras handelt.<\/li>\n<li><strong>Betriebsgr\u00f6\u00dfe:<\/strong> F\u00fcr die Landwirtschaft im gro\u00dfen Stil sollte ein Modell mit h\u00f6herer Kapazit\u00e4t und Langlebigkeit gew\u00e4hlt werden, um den hohen Anforderungen gerecht zu werden.<\/li>\n<li><strong>Betriebsbedingungen:<\/strong> W\u00e4hlen Sie eine Ballenpresse, die in Ihrer lokalen Umgebung effektiv arbeiten kann, egal ob es sich um trockene, nasse oder raue Bedingungen handelt.<\/li>\n<li><strong>Wartungsfreundlichkeit:<\/strong> Entscheiden Sie sich f\u00fcr ein Modell, das nur minimalen Wartungsaufwand erfordert, um Ausfallzeiten zu reduzieren und die Betriebskosten niedrig zu halten.<\/li>\n<li><strong>Energieeffizienz:<\/strong> Ziehen Sie eine Ballenpresse in Betracht, die weniger Kraftstoff verbraucht, wodurch Ihre gesamten Betriebskosten gesenkt werden k\u00f6nnen.<\/li>\n<li><strong>Preis:<\/strong> Achten Sie bei der Auswahl der Funktionen darauf, dass die Ballenpresse in Ihr Budget passt, ohne Kompromisse bei den wesentlichen Funktionen einzugehen.<\/li>\n<\/ul>\n<h2>Wartungsmethoden f\u00fcr die Rundballenpresse 9YG-2.24D (S9000 Beyond)<\/h2>\n<p>Die regelm\u00e4\u00dfige Wartung der Rundballenpresse 9YG-2.24D gew\u00e4hrleistet optimale Leistung und lange Lebensdauer. Zu den regelm\u00e4\u00dfigen Wartungsma\u00dfnahmen geh\u00f6ren:<\/p>\n<ul>\n<li><strong>Regelm\u00e4\u00dfige Reinigung:<\/strong> Reinigen Sie die Ballenpresse nach jedem Gebrauch, um die Ansammlung von Staub und Schmutz zu verhindern, da dies die Leistung beeintr\u00e4chtigen kann.<\/li>\n<li><strong>Schmierung:<\/strong> Schmieren Sie die beweglichen Teile der Ballenpresse, um Verschlei\u00df vorzubeugen und einen reibungslosen Betrieb zu gew\u00e4hrleisten.<\/li>\n<li><strong>\u00dcberpr\u00fcfung des Hydrauliksystems:<\/strong> \u00dcberpr\u00fcfen Sie das Hydrauliksystem regelm\u00e4\u00dfig auf Lecks und stellen Sie sicher, dass es mit dem richtigen Druck arbeitet.<\/li>\n<li><strong>Riemen und Rollen pr\u00fcfen:<\/strong> \u00dcberpr\u00fcfen Sie regelm\u00e4\u00dfig den Zustand der Riemen und Rollen und tauschen Sie verschlissene Teile aus, um die Effizienz aufrechtzuerhalten.<\/li>\n<li><strong>Ballenqualit\u00e4t \u00fcberwachen:<\/strong> Achten Sie darauf, dass die Ballen fest zusammengepresst und ordnungsgem\u00e4\u00df verschn\u00fcrt sind, um Probleme bei der Lagerung oder beim Transport zu vermeiden.<\/li>\n<\/ul>\n<p style=\"text-align: center;\"><img loading=\"lazy\" decoding=\"async\" class=\"alignnone wp-image-348\" src=\"https:\/\/farm-baler.com\/wp-content\/uploads\/2025\/12\/ep-9YG-2.24D-Round-Baler-S9000-Beyond-4.webp\" alt=\"Ballenpressenausr\u00fcstung\" width=\"504\" height=\"504\" srcset=\"https:\/\/farm-baler.com\/wp-content\/uploads\/2025\/12\/ep-9YG-2.24D-Round-Baler-S9000-Beyond-4.webp 285w, https:\/\/farm-baler.com\/wp-content\/uploads\/2025\/12\/ep-9YG-2.24D-Round-Baler-S9000-Beyond-4-150x150.webp 150w, https:\/\/farm-baler.com\/wp-content\/uploads\/2025\/12\/ep-9YG-2.24D-Round-Baler-S9000-Beyond-4-12x12.webp 12w, https:\/\/farm-baler.com\/wp-content\/uploads\/2025\/12\/ep-9YG-2.24D-Round-Baler-S9000-Beyond-4-100x100.webp 100w\" sizes=\"(max-width: 504px) 100vw, 504px\" \/><\/p>\n<h2>Kundenrezensionen<\/h2>\n<p>Die Rundballenpresse 9YG-2.24D hat unseren Betrieb revolutioniert. Wir nutzen sie zum Pressen von Heu und Stroh und sie ist unglaublich effizient. Die Maschine ist einfach zu bedienen und die Ballen sind perfekt verdichtet. Sie spart uns Zeit und Arbeitskosten. Wir konnten unsere Gesamtproduktivit\u00e4t steigern und die Presse hat sich bei jedem Wetter als zuverl\u00e4ssig erwiesen. Auch der geringe Kraftstoffverbrauch ist ein Pluspunkt, da er uns hilft, die Betriebskosten niedrig zu halten. Wir k\u00f6nnen diese Ballenpresse jedem Betrieb w\u00e4rmstens empfehlen, der Wert auf Qualit\u00e4t und Effizienz legt!<\/p>\n<p><strong>\u2014 Maria, Argentinien<\/strong><\/p>\n<p>Als Landwirt in Argentinien hatte ich Schwierigkeiten, die richtige Ausr\u00fcstung f\u00fcr das besondere Klima und Gel\u00e4nde hier zu finden. Die Rundballenpresse 9YG-2.24D ist perfekt f\u00fcr unsere Bed\u00fcrfnisse. Wir verwenden sie haupts\u00e4chlich zum Pressen von Grasballen, und sie bew\u00e4ltigt alles m\u00fchelos. Die Ballen sind fest gepresst, was die Lagerung deutlich erleichtert. Es ist eine robuste Maschine, die den rauen Bedingungen auf unserem Hof \u200b\u200bbestens standh\u00e4lt. Ich w\u00fcrde sie jederzeit wieder kaufen, und sie ist jeden Cent wert.<\/p>\n<p><strong>\u2014 David, Kanada<\/strong><\/p>\n<p>Wir nutzen die Rundballenpresse 9YG-2.24D nun schon seit einigen Saisons und sie hat sich als \u00e4u\u00dferst zuverl\u00e4ssig erwiesen. Wir pressen damit Stroh f\u00fcr die Einstreu unserer Tiere und sie funktioniert einwandfrei. Die Rundballen sind gleichm\u00e4\u00dfig und lassen sich leicht stapeln. Besonders hervorzuheben ist der geringe Wartungsaufwand. Nach der Ersteinrichtung hatten wir keine gr\u00f6\u00dferen Probleme. Sie l\u00e4uft ruhig und ist sehr sparsam im Verbrauch. Eine gro\u00dfartige Maschine, mit der ich sehr zufrieden bin!<\/p>\n<p><strong>\u2014 Luciana, Brasilien<\/strong><\/p>\n<p>Die Ballenpresse 9YG-2.24D hat unseren Betrieb enorm erleichtert. Wir produzieren haupts\u00e4chlich Heu und Stroh f\u00fcr den Verkauf, und diese Presse macht den Prozess schnell und einfach. Wir haben eine deutliche Produktionssteigerung festgestellt, und die Ballen sind viel gleichm\u00e4\u00dfiger in der Gr\u00f6\u00dfe. Sie ist au\u00dferdem leicht zu transportieren, was sie ideal f\u00fcr unsere gro\u00dfen Felder macht. Wenn Sie eine Ballenpresse f\u00fcr den gewerblichen Einsatz suchen, ist dies eine hervorragende Option. Es ist eine Investition, die sich auszahlt.<\/p>\n<p><strong>\u2014 Oliver, Vereinigtes K\u00f6nigreich<\/strong><\/p>\n<p>Die Rundballenpresse 9YG-2.24D ist die beste Ballenpresse, die ich in meinen 20 Jahren als Landwirt benutzt habe. Sie ist robust, zuverl\u00e4ssig und produziert Ballen von hervorragender Qualit\u00e4t. Wir verwenden sie sowohl f\u00fcr Heu als auch f\u00fcr Stroh, und sie ist perfekt f\u00fcr die britischen Wetterbedingungen geeignet. Die Technologie ist erstklassig, und die Bedienung ist kinderleicht. Ich habe sie all meinen Kollegen empfohlen, und jeder, der sie ausprobiert hat, war begeistert. Sie ist mittlerweile ein unverzichtbarer Bestandteil unserer landwirtschaftlichen Ausr\u00fcstung!<\/p>\n<p><strong>\u2014John, Vereinigte Staaten<\/strong><\/p>\n<h2>Warum Sie sich f\u00fcr unser Produkt entscheiden sollten<\/h2>\n<p>Wenn Sie sich f\u00fcr das 9YG-2.24D entscheiden <a href=\"http:\/\/silage-balers.com\" target=\"_blank\" rel=\"noopener\">Rundballenpresse<\/a> Mit (S9000 Beyond) entscheiden Sie sich f\u00fcr ein Produkt, das mit beispiellosem Service und h\u00f6chster Zuverl\u00e4ssigkeit \u00fcberzeugt. Wir bieten:<\/p>\n<ul>\n<li><strong>Schnelle Anpassungsdienste:<\/strong> Passen Sie die Ballenpresse mit unserem schnellen Anpassungsservice an Ihre spezifischen landwirtschaftlichen Bed\u00fcrfnisse an.<\/li>\n<li><strong>3 Jahre Garantie:<\/strong> Genie\u00dfen Sie sorgenfreies Arbeiten dank unserer 3-Jahres-Garantie, die langfristige Zuverl\u00e4ssigkeit und Leistung gew\u00e4hrleistet.<\/li>\n<li><strong>Weltweiter Expressversand:<\/strong> Wir garantieren Ihnen eine schnelle Lieferung an Ihren Standort und erf\u00fcllen Ihre Anforderungen zeitnah.<\/li>\n<li><strong>Umfassender Kundendienst:<\/strong> Unser engagiertes Kundenservice-Team steht Ihnen bei Fragen und Anliegen jederzeit gerne zur Verf\u00fcgung.<\/li>\n<\/ul>\n<h2>Entdecken Sie noch heute die Rundballenpresse 9YG-2.24D.<\/h2>\n<p>Verpassen Sie nicht die Chance, Ihre landwirtschaftlichen Betriebe mit der Rundballenpresse 9YG-2.24D (S9000 Beyond) zu optimieren. Dank erstklassiger Qualit\u00e4t, herausragender Funktionen und un\u00fcbertroffenem Kundenservice steigert diese Ballenpresse Ihre Produktivit\u00e4t und Effizienz. Entdecken Sie dieses bemerkenswerte Produkt und kontaktieren Sie uns f\u00fcr weitere Informationen oder um eine Bestellung aufzugeben. Wir bieten Ihnen au\u00dferdem ein breites Sortiment an Zubeh\u00f6r und verwandten Produkten f\u00fcr Ihre landwirtschaftlichen Bed\u00fcrfnisse.<\/p>\n<h2>H\u00e4ufig gestellte Fragen<\/h2>\n<ol>\n<li><strong>Was ist der Hauptvorteil der Verwendung eines\/einer <a href=\"https:\/\/farm-baler.com\/de\/produkt\/9yg-2-24d-round-baler\/\">Rundballenpresse<\/a>?<\/strong><br \/>\nRundballenpressen erm\u00f6glichen ein schnelles und effizientes Pressen von Ballen und liefern qualitativ hochwertige Ballen mit minimalem Abfall. Sie helfen Landwirten, Arbeitskosten zu senken und die Produktivit\u00e4t zu steigern, insbesondere bei Gro\u00dfbetrieben.<\/li>\n<li><strong>Wie verbessert die 9YG-2.24D die Effizienz?<\/strong><br \/>\nDie 9YG-2.24D zeichnet sich durch fortschrittliche Automatisierung aus, die eine schnelle Ballenbildung mit minimalem Bedienereingriff erm\u00f6glicht. Dies reduziert Ausfallzeiten und verbessert die Gesamteffizienz der Arbeitsabl\u00e4ufe auf dem landwirtschaftlichen Betrieb.<\/li>\n<li><strong>Kann die 9YG-2.24D unter verschiedenen Wetterbedingungen eingesetzt werden?<\/strong><br \/>\nJa, das Modell 9YG-2.24D ist f\u00fcr den effektiven Einsatz unter verschiedenen Wetterbedingungen konzipiert, darunter trockene, nasse und raue Umgebungen. Seine robuste Bauweise gew\u00e4hrleistet zuverl\u00e4ssige Leistung.<\/li>\n<li><strong>Welche Materialien kann das 9YG-2.24D verarbeiten?<\/strong><br \/>\nDie 9YG-2.24D kann eine Vielzahl von landwirtschaftlichen Materialien verarbeiten, darunter Heu, Stroh, Gras und \u00e4hnliche Feldfr\u00fcchte. Sie ist vielseitig genug f\u00fcr verschiedene landwirtschaftliche Anwendungen.<\/li>\n<li><strong>Ist die Rundballenpresse 9YG-2.24D wartungsfreundlich?<\/strong><br \/>\nJa, die 9YG-2.24D ist auf minimalen Wartungsaufwand ausgelegt. Regelm\u00e4\u00dfige Kontrollen des Hydrauliksystems, der Walzen und Riemen gew\u00e4hrleisten einen reibungslosen Betrieb ohne aufwendige Instandhaltung.<\/li>\n<li><strong>Wie lange gilt die Garantie?<\/strong><br \/>\nDas Modell 9YG-2.24D wird mit einer 3-Jahres-Garantie geliefert, die Ihnen Sicherheit gibt und gew\u00e4hrleistet, dass Ihre Investition langfristig gesch\u00fctzt ist.<\/li>\n<li><strong>Kann ich die 9YG-2.24D an meine Bed\u00fcrfnisse anpassen?<\/strong><br \/>\nJa, wir bieten schnelle Anpassungsdienste an, um die Ballenpresse optimal auf Ihre spezifischen landwirtschaftlichen Anforderungen abzustimmen und so sicherzustellen, dass Sie das Beste aus Ihrer Ausr\u00fcstung herausholen.<\/li>\n<li><strong>Wie hoch ist die zu erwartende Lebensdauer der Rundballenpresse 9YG-2.24D?<\/strong><br \/>\nBei ordnungsgem\u00e4\u00dfer Wartung kann die 9YG-2.24D viele Jahre halten und bietet Ihrem landwirtschaftlichen Betrieb langfristige Zuverl\u00e4ssigkeit.<\/li>\n<li><strong>Ist der 9YG-2.24D kraftstoffsparend?<\/strong><br \/>\nJa, der 9YG-2.24D ist mit kraftstoffsparenden Funktionen ausgestattet, um den Kraftstoffverbrauch zu optimieren, was zur Senkung der Betriebskosten beitr\u00e4gt.<\/li>\n<li><strong>Wie einfach ist die Bedienung des 9YG-2.24D?<\/strong><br \/>\nDie Bedienung des 9YG-2.24D ist einfach und intuitiv, selbst f\u00fcr Anwender mit geringer Erfahrung. Dank seiner Automatisierungsfunktionen ist er benutzerfreundlich und erfordert nur minimale Eingriffe des Bedieners.<\/li>\n<li><strong>Welche Arten von landwirtschaftlichen Betrieben profitieren vom 9YG-2.24D?<\/strong><br \/>\nDer 9YG-2.24D eignet sich ideal f\u00fcr eine Reihe von landwirtschaftlichen Betrieben, darunter gro\u00dfe Heuproduzenten, Viehzuchtbetriebe und solche, die ein effizientes Management von Ernter\u00fcckst\u00e4nden ben\u00f6tigen.<\/li>\n<li><strong>Wie tr\u00e4gt der 9YG-2.24D zur Speicheroptimierung bei?<\/strong><br \/>\nDie von der 9YG-2.24D produzierten, dicht gepressten Rundballen eignen sich perfekt f\u00fcr eine einfache Lagerung, sch\u00fctzen die Ernte vor Witterungseinfl\u00fcssen und gew\u00e4hrleisten eine bessere Lagereffizienz.<\/li>\n<li><strong>Kann die 9YG-2.24D unterschiedliche Ballengr\u00f6\u00dfen verarbeiten?<\/strong><br \/>\nDie 9YG-2.24D ist in der Lage, gleichm\u00e4\u00dfige Rundballen herzustellen, wobei die Gr\u00f6\u00dfe an Ihre Bed\u00fcrfnisse angepasst werden kann.<\/li>\n<li><strong>L\u00e4sst sich die 9YG-2.24D problemlos transportieren?<\/strong><br \/>\nJa, die 9YG-2.24D ist kompakt und l\u00e4sst sich leicht \u00fcber gro\u00dfe Felder transportieren, was sie f\u00fcr verschiedene landwirtschaftliche Standorte geeignet macht.<\/li>\n<li><strong>Was unterscheidet die 9YG-2.24D von anderen Ballenpressen?<\/strong><br \/>\nDer 9YG-2.24D zeichnet sich durch seine fortschrittlichen Funktionen, Kraftstoffeffizienz, Langlebigkeit und Benutzerfreundlichkeit aus und ist damit eine Top-Wahl f\u00fcr moderne Landwirte, die ihre Produktivit\u00e4t steigern m\u00f6chten.<\/li>\n<\/ol>\n<p>Bearbeitet von gzl<\/p>\n<p>&nbsp;<\/p>","protected":false},"excerpt":{"rendered":"<p>Die Rundballenpresse 9YG-2.24D (S9000 Beyond) ist eine Hochleistungspresse f\u00fcr die gro\u00dffl\u00e4chige Heu-, Stroh- und Silageproduktion. Diese automatische Presse komprimiert und bindet Futter effizient zu kompakten Rundballen und bietet zuverl\u00e4ssige Leistung f\u00fcr den anspruchsvollen Einsatz in der Landwirtschaft. Mit ihrer Ballenkammer mit hohem Fassungsverm\u00f6gen, dem automatischen Bindesystem und der robusten Konstruktion ist diese Presse ideal f\u00fcr Landwirte, die ihre Produktivit\u00e4t steigern und gleichzeitig den Arbeitsaufwand minimieren m\u00f6chten. Ob trockenes Heu oder feuchte Silage \u2013 diese Rundballenpresse ist f\u00fcr die Verarbeitung verschiedenster Ernteg\u00fcter geeignet. Sie z\u00e4hlt zu den besten Rundballenpressen f\u00fcr die Heuproduktion in gro\u00dfen Mengen und liefert schnelle, qualitativ hochwertige Ergebnisse. Wenn Sie eine zuverl\u00e4ssige Ballenpresse suchen, bietet die 9YG-2.24D ein hervorragendes Preis-Leistungs-Verh\u00e4ltnis.<\/p>","protected":false},"featured_media":345,"template":"","meta":{"_et_pb_use_builder":"","_et_pb_old_content":"","_et_gb_content_width":""},"product_brand":[],"product_cat":[22],"product_tag":[],"class_list":{"0":"post-341","1":"product","2":"type-product","3":"status-publish","4":"has-post-thumbnail","6":"product_cat-round-baler-rake","8":"first","9":"instock","10":"shipping-taxable","11":"product-type-simple"},"_links":{"self":[{"href":"https:\/\/farm-baler.com\/de\/wp-json\/wp\/v2\/product\/341","targetHints":{"allow":["GET"]}}],"collection":[{"href":"https:\/\/farm-baler.com\/de\/wp-json\/wp\/v2\/product"}],"about":[{"href":"https:\/\/farm-baler.com\/de\/wp-json\/wp\/v2\/types\/product"}],"wp:featuredmedia":[{"embeddable":true,"href":"https:\/\/farm-baler.com\/de\/wp-json\/wp\/v2\/media\/345"}],"wp:attachment":[{"href":"https:\/\/farm-baler.com\/de\/wp-json\/wp\/v2\/media?parent=341"}],"wp:term":[{"taxonomy":"product_brand","embeddable":true,"href":"https:\/\/farm-baler.com\/de\/wp-json\/wp\/v2\/product_brand?post=341"},{"taxonomy":"product_cat","embeddable":true,"href":"https:\/\/farm-baler.com\/de\/wp-json\/wp\/v2\/product_cat?post=341"},{"taxonomy":"product_tag","embeddable":true,"href":"https:\/\/farm-baler.com\/de\/wp-json\/wp\/v2\/product_tag?post=341"}],"curies":[{"name":"wp","href":"https:\/\/api.w.org\/{rel}","templated":true}]}}