{"id":213,"date":"2025-11-19T06:25:02","date_gmt":"2025-11-19T06:25:02","guid":{"rendered":"https:\/\/farm-baler.com\/?post_type=product&#038;p=213"},"modified":"2025-12-17T06:26:42","modified_gmt":"2025-12-17T06:26:42","slug":"4byh-1-3-kidneybohnen-ausreismaschine","status":"publish","type":"product","link":"https:\/\/farm-baler.com\/de\/produkt\/4byh-1-3-kidneybohnen-ausreismaschine\/","title":{"rendered":"4BYH-1.3 Kidneybohnen-Entwurzelungsmaschine"},"content":{"rendered":"<p>Die Kidneybohnen-Rupturmaschine 4BYH-1.3 ist ein hochspezialisiertes Landwirtschaftsger\u00e4t, das Kidneybohnen schonend ausrei\u00dft. Sie ist entscheidend f\u00fcr die Steigerung der Sojabohnen-Ernteeffizienz und die Optimierung der Arbeitskosten in der Landwirtschaft. Ihre robuste Bauweise und hohe Leistung machen sie zu einem unverzichtbaren Werkzeug f\u00fcr den gro\u00dffl\u00e4chigen Sojaanbau.<\/p>\n<h2>Technische Spezifikationen<\/h2>\n<table style=\"border-color: #000000;\">\n<thead>\n<tr>\n<th>Seriennummer<\/th>\n<th>Artikel<\/th>\n<th>Einheit<\/th>\n<th>Spezifikation<\/th>\n<\/tr>\n<\/thead>\n<tbody>\n<tr>\n<td>1<\/td>\n<td>Modellname<\/td>\n<td>\/<\/td>\n<td>Kidneybohnen-Entwurzelungsmaschine Typ 4BYH-1.3<\/td>\n<\/tr>\n<tr>\n<td>2<\/td>\n<td>Anbindemethode<\/td>\n<td>\/<\/td>\n<td>Federungstyp<\/td>\n<\/tr>\n<tr>\n<td>3<\/td>\n<td>Kommissioniertyp<\/td>\n<td>\/<\/td>\n<td>Federzahntyp<\/td>\n<\/tr>\n<tr>\n<td>4<\/td>\n<td>Arbeitsbreite<\/td>\n<td>M<\/td>\n<td>1.3<\/td>\n<\/tr>\n<tr>\n<td>5<\/td>\n<td>Passender Leistungsbereich<\/td>\n<td>kW<\/td>\n<td>\u226540<\/td>\n<\/tr>\n<tr>\n<td>6<\/td>\n<td>Betriebsdrehzahlbereich<\/td>\n<td>km\/h<\/td>\n<td>5~8<\/td>\n<\/tr>\n<tr>\n<td>7<\/td>\n<td>Gesamtabmessungen (L\u00e4nge \u00d7 Breite \u00d7 H\u00f6he)<\/td>\n<td>mm<\/td>\n<td>2500\u00d71800\u00d71250<\/td>\n<\/tr>\n<tr>\n<td>8<\/td>\n<td>Drehzahl der Kraftabtriebswelle<\/td>\n<td>r\/min<\/td>\n<td>540<\/td>\n<\/tr>\n<tr>\n<td>9<\/td>\n<td>Radstand<\/td>\n<td>mm<\/td>\n<td>1300<\/td>\n<\/tr>\n<tr>\n<td>10<\/td>\n<td>Produktivit\u00e4t<\/td>\n<td>hm\u00b2\/h<\/td>\n<td>0.65-1.04<\/td>\n<\/tr>\n<tr>\n<td>11<\/td>\n<td>Anzahl der Bediener<\/td>\n<td>Person<\/td>\n<td>1<\/td>\n<\/tr>\n<tr>\n<td>12<\/td>\n<td>Strukturmasse<\/td>\n<td>kg<\/td>\n<td>600<\/td>\n<\/tr>\n<\/tbody>\n<\/table>\n<h2>Gel\u00f6ste Probleme und Anwendungen<\/h2>\n<p>Die Kidneybohnen-Rupturmaschine 4BYH-1.3 l\u00f6st mehrere zentrale Probleme der traditionellen Bohnenernte. Zu den Vorteilen z\u00e4hlen die Reduzierung des arbeitsintensiven manuellen Ernteaufwands, die Minimierung von Erntesch\u00e4den beim J\u00e4ten sowie eine insgesamt h\u00f6here Erntegeschwindigkeit und -effizienz. Die Maschine eignet sich f\u00fcr gro\u00dfe Bohnenbetriebe und kann unter verschiedenen landwirtschaftlichen Bedingungen eingesetzt werden, darunter Felder unterschiedlicher Gr\u00f6\u00dfe und Bodentypen.<\/p>\n<p>Die Hauptanwendung liegt in der Bohnenernte, aber das System l\u00e4sst sich auch f\u00fcr andere Kulturen mit \u00e4hnlichen Ernteanforderungen anpassen. Durch die Automatisierung des Unkrautbek\u00e4mpfungsprozesses verk\u00fcrzt es die Erntezeit erheblich und steigert den Gesamtertrag des landwirtschaftlichen Betriebs.<\/p>\n<h2>Produktvorteile<\/h2>\n<h3>1. Hohe Effizienz<\/h3>\n<p>Die Kidneybohnen-Rupturmaschine 4BYH-1.3 ist f\u00fcr hohe Arbeitsgeschwindigkeiten ausgelegt und erm\u00f6glicht es Landwirten, gro\u00dfe Felder in einem Bruchteil der Zeit im Vergleich zur manuellen Ernte zu bewirtschaften. Dies f\u00fchrt zu einer h\u00f6heren Bohnenernte in k\u00fcrzerer Zeit und steigert somit die Produktivit\u00e4t des Betriebs.<\/p>\n<h3>2. Minimiert Erntesch\u00e4den<\/h3>\n<p>Einer der Hauptvorteile dieser Maschine ist ihre F\u00e4higkeit, Kidneybohnen mit minimaler Besch\u00e4digung der Pflanzen und Wurzeln auszurei\u00dfen. Dadurch bleiben die Bohnen in optimalem Zustand f\u00fcr die Weiterverarbeitung oder den Verkauf, wodurch Nachernteverluste reduziert werden.<\/p>\n<h3>3. Kosteneffektiv<\/h3>\n<p>Durch die Verringerung des manuellen Arbeitsaufwands und die Steigerung der Ernteeffizienz bietet die Kidneybohnen-Entwurzelungsmaschine 4BYH-1.3 eine kosteng\u00fcnstige L\u00f6sung f\u00fcr Gro\u00dfbetriebe. Die anf\u00e4ngliche Investition in die Maschine amortisiert sich durch die reduzierten Arbeitskosten und den h\u00f6heren Ernteertrag.<\/p>\n<h3>4. Vielseitig und anpassungsf\u00e4hig<\/h3>\n<p>Diese Maschine eignet sich nicht nur f\u00fcr Kidneybohnen, sondern ist auch f\u00fcr andere H\u00fclsenfr\u00fcchte anpassbar und somit ein vielseitiges Ger\u00e4t f\u00fcr landwirtschaftliche Betriebe mit unterschiedlichen Anbaukulturen. Dank ihrer Flexibilit\u00e4t k\u00f6nnen Landwirte sie ganzj\u00e4hrig f\u00fcr verschiedene Ernten einsetzen.<\/p>\n<h3>5. Robuste Konstruktion<\/h3>\n<p>Die Kidneybohnen-Entwurzelungsmaschine 4BYH-1.3 ist aus robusten Materialien gefertigt und h\u00e4lt auch anspruchsvollen Arbeitsbedingungen stand. Ihre stabile Konstruktion gew\u00e4hrleistet eine lange Lebensdauer, selbst unter schwierigen Bedingungen, und reduziert so die Wartungskosten.<\/p>\n<h2>Funktionsprinzip<\/h2>\n<p>Der 4BYH-1.3 <a href=\"https:\/\/farm-baler.com\/de\/produkt\/9jyy-4-5-kommissionier-und-transportmaschine\/\">Kidneybohnen-Ausrei\u00dfmaschine<\/a> Die Maschine arbeitet mit einer Kombination aus mechanischer Kraft und Pr\u00e4zisionstechnologie. Sie ist mit rotierenden Klingen oder Grabelementen ausgestattet, die die Bohnenpflanzen schonend aus dem Boden ziehen. Anschlie\u00dfend werden die Pflanzen von einem System transportiert, das die Bohnen von den Pflanzenresten trennt. Dieser automatisierte Prozess gew\u00e4hrleistet hohe Effizienz und minimiert Erntesch\u00e4den.<\/p>\n<h2 style=\"text-align: center;\"><img loading=\"lazy\" decoding=\"async\" class=\"alignnone  wp-image-265\" src=\"https:\/\/farm-baler.com\/wp-content\/uploads\/2025\/11\/ep-Type-4BYH-1.3-Kidney-Bean-Uprooting-Machine-11-300x300.webp\" alt=\"Entwurzelung\" width=\"437\" height=\"437\" \/><\/h2>\n<h2>Wichtigste Anwendungsbereiche<\/h2>\n<h3>1. Gro\u00dffl\u00e4chige Kidneybohnenfarmen<\/h3>\n<p>Die Hauptanwendung der Kidneybohnen-Rupturmaschine 4BYH-1.3 liegt im gro\u00dffl\u00e4chigen Kidneybohnenanbau, wo Effizienz entscheidend ist. Ihre F\u00e4higkeit, gro\u00dfe Felder zu bearbeiten und die Ernte zu automatisieren, macht sie zu einem unverzichtbaren Werkzeug f\u00fcr kommerzielle Bohnenanbauer.<\/p>\n<h3>2. Gemischte Anbaubetriebe<\/h3>\n<p>F\u00fcr landwirtschaftliche Betriebe, die verschiedene Feldfr\u00fcchte anbauen, ist die Maschine aufgrund ihrer Vielseitigkeit ideal f\u00fcr die Ernte mehrerer Kulturen geeignet. Sie kann an die Ernte verschiedener Bohnen- oder H\u00fclsenfruchtarten angepasst werden und ist somit ein multifunktionales Ger\u00e4t f\u00fcr vielf\u00e4ltige landwirtschaftliche Arbeiten.<\/p>\n<h3>3. \u00d6kologischer Landbau<\/h3>\n<p>Im \u00f6kologischen Landbau, wo die maschinelle Ernte chemischen Eingriffen vorgezogen wird, bietet diese Maschine eine nachhaltige und effiziente L\u00f6sung. Ihr schonendes Ernteverfahren tr\u00e4gt dazu bei, die Bodenbeschaffenheit und den nat\u00fcrlichen Zustand der Pflanzen zu erhalten.<\/p>\n<h3>4. Kommerzielle Verarbeitungsanlagen<\/h3>\n<p>Die Kidneybohnen-Entwurzelungsmaschine 4BYH-1.3 ist auch in industriellen Verarbeitungsbetrieben von Vorteil, in denen gro\u00dfe Mengen an Bohnen geerntet und verarbeitet werden. Sie beschleunigt die Ernte und erm\u00f6glicht so eine schnelle Vorbereitung der Pflanzen f\u00fcr Sortierung und Verpackung.<\/p>\n<h3>5. Forschungsfarmen<\/h3>\n<p>Forschungseinrichtungen, die sich auf den Anbau von H\u00fclsenfr\u00fcchten konzentrieren, k\u00f6nnen die Kidneybohnen-Ausrei\u00dfmaschine 4BYH-1.3 f\u00fcr experimentelle Zwecke nutzen. Sie tr\u00e4gt zu einer effizienten\u2026 <a href=\"https:\/\/farm-baler.com\/de\/produkt\/9jyy-4-5-kommissionier-und-transportmaschine\/\">Ernte von Kidneybohnen<\/a>wodurch sich die Forscher auf die Analyse und Verbesserung der Bohnenanbautechniken konzentrieren k\u00f6nnen.<\/p>\n<h3>6. Nachhaltige Landwirtschaftsbetriebe<\/h3>\n<p>Landwirtschaftliche Betriebe, die Wert auf Nachhaltigkeit legen, profitieren von der Kidneybohnen-Entwurzelungsmaschine 4BYH-1.3, da sie den Bedarf an chemischen Pestiziden und D\u00fcngemitteln, die \u00fcblicherweise bei der manuellen Ernte eingesetzt werden, reduziert. Ihr umweltfreundliches Design unterst\u00fctzt nachhaltige Anbaumethoden.<\/p>\n<h2>Wie man die richtige 4BYH-1.3 Kidneybohnen-Rupturmaschine ausw\u00e4hlt<\/h2>\n<h3>1. Ermitteln Sie die Gr\u00f6\u00dfe Ihres landwirtschaftlichen Betriebs.<\/h3>\n<p>F\u00fcr landwirtschaftliche Betriebe mit gro\u00dfen Fl\u00e4chen ist eine Maschine mit h\u00f6herer Kapazit\u00e4t erforderlich, um eine schnelle und effiziente Ernte zu gew\u00e4hrleisten. Kleinere Betriebe ben\u00f6tigen m\u00f6glicherweise Maschinen mit geringerem Durchsatz, daf\u00fcr aber h\u00f6herer Pr\u00e4zision.<\/p>\n<h3>2. Ber\u00fccksichtigen Sie die Pflanzenart und die Feldbedingungen.<\/h3>\n<p>Stellen Sie sicher, dass die Maschine f\u00fcr die jeweilige Bohnensorte oder andere angebaute Kulturen geeignet ist. Ber\u00fccksichtigen Sie au\u00dferdem die Bodenart und die Feldbedingungen, da diese die Leistung der Maschine beeinflussen k\u00f6nnen.<\/p>\n<h3>3. Maschinenlebensdauer bewerten<\/h3>\n<p>W\u00e4hlen Sie eine Maschine aus robusten, langlebigen Materialien, die auch unter harten Feldbedingungen lange Einsatzzeiten problemlos \u00fcbersteht. Langlebigkeit gew\u00e4hrleistet eine l\u00e4ngere Lebensdauer und weniger Wartungsaufwand.<\/p>\n<h3>4. Wartungsfreundlichkeit beurteilen<\/h3>\n<p>Maschinen, die wartungsfreundlicher sind, sparen Zeit und Geld. Achten Sie auf Modelle, die f\u00fcr einfache Reparaturen ausgelegt sind und f\u00fcr die Ersatzteile schnell verf\u00fcgbar sind.<\/p>\n<h3>5. Energieeffizienz pr\u00fcfen<\/h3>\n<p>Energieeffiziente Maschinen senken langfristig die Betriebskosten. Achten Sie darauf, dass die von Ihnen gew\u00e4hlte Maschine minimalen Kraftstoffverbrauch bei optimaler Leistung aufweist.<\/p>\n<h3>6. Kundendienst und Garantie<\/h3>\n<p>Ber\u00fccksichtigen Sie Hersteller, die einen soliden Kundendienst bieten und langfristige Garantien gew\u00e4hren, um w\u00e4hrend der Erntesaison f\u00fcr Sicherheit zu sorgen und Ausfallzeiten zu minimieren.<\/p>\n<h2>Wartungsmethoden f\u00fcr die Kidneybohnen-Rupturmaschine 4BYH-1.3<\/h2>\n<p>Die Wartung der Kidneybohnen-Entwurzelungsmaschine 4BYH-1.3 ist unerl\u00e4sslich f\u00fcr ihre Langlebigkeit und optimale Leistung. Die regelm\u00e4\u00dfige \u00dcberpr\u00fcfung von Komponenten wie Messern, F\u00f6rderb\u00e4ndern und Motoren ist entscheidend. Bewegliche Teile sollten geschmiert werden, um Verschlei\u00df vorzubeugen. Die Reinigung der Maschine nach jedem Einsatz verhindert Ablagerungen und gew\u00e4hrleistet einen reibungslosen Betrieb. Dar\u00fcber hinaus wird empfohlen, verschlissene Teile umgehend auszutauschen und regelm\u00e4\u00dfig Systemdiagnosen durchzuf\u00fchren, um den optimalen Betriebszustand aller Komponenten sicherzustellen.<\/p>\n<h2>Kundenrezensionen<\/h2>\n<p>Hier sind einige Rezensionen von Kunden, die die Kidneybohnen-Entwurzelungsmaschine 4BYH-1.3 verwendet haben:<\/p>\n<p>\u201eDiese Maschine hat deutlich <a href=\"http:\/\/silage-balers.com\" target=\"_blank\" rel=\"noopener\">verbesserte die Produktivit\u00e4t unseres landwirtschaftlichen Betriebs<\/a>Fr\u00fcher waren wir auf Handarbeit angewiesen, aber jetzt k\u00f6nnen wir viel schneller ernten, und die Qualit\u00e4t der Bohnen ist deutlich besser. Die Maschine ist einfach zu bedienen und hat sich bereits in der ersten Saison amortisiert.<\/p>\n<p>\u2013 <strong>John Doe, USA<\/strong><\/p>\n<p>\u201eWir nutzen den 4BYH-1.3 jetzt seit sechs Monaten und sind begeistert. Er ist unglaublich robust und effizient und erm\u00f6glicht uns die Ernte in der H\u00e4lfte der vorherigen Zeit. Auch der Kundenservice des Unternehmens war erstklassig.\u201c<\/p>\n<p>\u2013 <strong>Maria Gonzalez, Mexiko<\/strong><\/p>\n<p>\u201eEin echter Durchbruch f\u00fcr unseren Betrieb. Wir verbringen jetzt weniger Zeit mit der Ernte und k\u00f6nnen uns stattdessen anderen wichtigen Aufgaben widmen. Die Qualit\u00e4t der Maschine ist un\u00fcbertroffen, und wir erzielen h\u00f6here Ertr\u00e4ge. Absolut empfehlenswert!\u201c<\/p>\n<p>\u2013 <strong>Lee Wang, China<\/strong><\/p>\n<p>\u201eDer 4BYH-1.3 hat unsere Arbeitskosten erheblich gesenkt. Wir k\u00f6nnen jetzt gro\u00dfe Anbaufl\u00e4chen schnell ernten, ohne Kompromisse bei der Bohnenqualit\u00e4t einzugehen. Eine gro\u00dfartige Investition f\u00fcr jeden Gro\u00dfbauern.\u201c<\/p>\n<p>\u2013 <strong>Ahmed Saleh, \u00c4gypten<\/strong><\/p>\n<p>\u201eAls kleiner landwirtschaftlicher Betrieb waren wir anfangs skeptisch, was die Investition anging, aber sie hat sich in jeder Hinsicht gelohnt. Die Maschine ist einfach zu bedienen und zu warten und hat die Qualit\u00e4t unserer Ernte insgesamt verbessert.\u201c<\/p>\n<p>\u2013 <strong>Linda Richardson, Kanada<\/strong><\/p>\n<h2>Warum sollten Sie sich f\u00fcr unser Produkt entscheiden?<\/h2>\n<p>Unsere Kidneybohnen-Entwurzelungsmaschine 4BYH-1.3 bietet schnelle Anpassungsm\u00f6glichkeiten und einen hervorragenden Kundenservice. F\u00fcr Ihre Sicherheit gew\u00e4hren wir drei Jahre Garantie. Dank unserer weltweiten Versandm\u00f6glichkeiten k\u00f6nnen wir Ihre Bestellungen schnell und zuverl\u00e4ssig weltweit liefern. Unser umfassendes Kundendienstsystem stellt sicher, dass Sie jederzeit die ben\u00f6tigte Unterst\u00fctzung erhalten.<\/p>\n<h2>Entdecken Sie unser Produktsortiment<\/h2>\n<p>Suchen Sie eine effiziente und zuverl\u00e4ssige Erntel\u00f6sung? Dann ist die Kidneybohnen-Entwurzelungsmaschine 4BYH-1.3 die ideale Wahl. Neben diesem Produkt bieten wir Ihnen eine breite Palette an Zubeh\u00f6r und Zubeh\u00f6r f\u00fcr Ihre landwirtschaftlichen Produktionsbed\u00fcrfnisse. Wir legen Wert auf wettbewerbsf\u00e4hige Preise, hochwertige Ger\u00e4te und exzellenten Kundenservice. Kontaktieren Sie uns noch heute und erfahren Sie, wie unsere Produkte die Effizienz und Rentabilit\u00e4t Ihres Betriebs steigern k\u00f6nnen.<\/p>\n<h2>H\u00e4ufig gestellte Fragen<\/h2>\n<p><strong>1. Was sind die wichtigsten Merkmale der Kidneybohnen-Raustriebsmaschine 4BYH-1.3?<\/strong><\/p>\n<p>Die Kidneybohnen-Rupturmaschine 4BYH-1.3 wurde f\u00fcr das effiziente, schnelle und pr\u00e4zise Ausrei\u00dfen von Kidneybohnen entwickelt. Zu ihren Hauptmerkmalen z\u00e4hlen die hohe Arbeitsgeschwindigkeit, minimale Pflanzensch\u00e4den, die Anpassungsf\u00e4higkeit an verschiedene Bodentypen und die robuste Bauweise f\u00fcr eine lange Lebensdauer.<\/p>\n<p><strong>2. Wie minimiert die Maschine 4BYH-1.3 Erntesch\u00e4den?<\/strong><\/p>\n<p>Dank pr\u00e4ziser Konstruktion nutzt der 4BYH-1.3 rotierende Klingen und Grabelemente, um Kidneybohnen schonend auszugraben, ohne die Pflanzen oder Wurzeln zu besch\u00e4digen. Die Konstruktion minimiert die Bodenbearbeitung und gew\u00e4hrleistet so, dass die Bohnen f\u00fcr eine optimale Ernte unversehrt bleiben.<\/p>\n<p><strong>3. Ist die Maschine 4BYH-1.3 wartungsfreundlich?<\/strong><\/p>\n<p>Ja, die Maschine ist wartungsfreundlich konstruiert. Regelm\u00e4\u00dfige Inspektionen, Schmierung der beweglichen Teile und Reinigung nach jedem Gebrauch gew\u00e4hrleisten einen effizienten Betrieb. Ersatzteile sind f\u00fcr eventuell notwendige Reparaturen jederzeit verf\u00fcgbar.<\/p>\n<p><strong>4. Kann die Maschine 4BYH-1.3 auch f\u00fcr andere Nutzpflanzen eingesetzt werden?<\/strong><\/p>\n<p>Ja, die 4BYH-1.3 ist vielseitig und kann f\u00fcr die Ernte verschiedener Kulturen mit \u00e4hnlichen Ernteanforderungen angepasst werden, darunter auch andere Bohnen- und H\u00fclsenfruchtarten. Dadurch eignet sie sich f\u00fcr Betriebe mit einem vielf\u00e4ltigen Anbausortiment.<\/p>\n<p><strong>5. Welche Garantie wird f\u00fcr die Kidneybohnen-Entwurzelungsmaschine 4BYH-1.3 gew\u00e4hrt?<\/strong><\/p>\n<p>Die Maschine wird mit einer 3-j\u00e4hrigen Garantie geliefert, die Material- und Verarbeitungsfehler abdeckt. Unsere Garantie sichert Ihnen Unterst\u00fctzung und Hilfe zu, falls w\u00e4hrend des Betriebs Probleme mit der Maschine auftreten.<\/p>\n<p><!-- Additional FAQ entries --><\/p>","protected":false},"excerpt":{"rendered":"<p>Entdecken Sie die Kidneybohnen-Rupturmaschine 4BYH-1.3 \u2013 entwickelt f\u00fcr eine effiziente und leistungsstarke Bohnenernte. Dank fortschrittlicher Technologie und robuster Bauweise gew\u00e4hrleistet diese Maschine eine schnelle und pr\u00e4zise Ernte, senkt die Arbeitskosten und maximiert die Produktivit\u00e4t. Sie ist ideal f\u00fcr Landwirte und Agrarunternehmen. Steigern Sie jetzt Ihre Ernteeffizienz \u2013 sichern Sie sich die Maschine noch heute!<\/p>","protected":false},"featured_media":265,"template":"","meta":{"_et_pb_use_builder":"","_et_pb_old_content":"","_et_gb_content_width":""},"product_brand":[],"product_cat":[23],"product_tag":[],"class_list":{"0":"post-213","1":"product","2":"type-product","3":"status-publish","4":"has-post-thumbnail","6":"product_cat-kidney-bean-puller","8":"first","9":"instock","10":"shipping-taxable","11":"product-type-simple"},"_links":{"self":[{"href":"https:\/\/farm-baler.com\/de\/wp-json\/wp\/v2\/product\/213","targetHints":{"allow":["GET"]}}],"collection":[{"href":"https:\/\/farm-baler.com\/de\/wp-json\/wp\/v2\/product"}],"about":[{"href":"https:\/\/farm-baler.com\/de\/wp-json\/wp\/v2\/types\/product"}],"wp:featuredmedia":[{"embeddable":true,"href":"https:\/\/farm-baler.com\/de\/wp-json\/wp\/v2\/media\/265"}],"wp:attachment":[{"href":"https:\/\/farm-baler.com\/de\/wp-json\/wp\/v2\/media?parent=213"}],"wp:term":[{"taxonomy":"product_brand","embeddable":true,"href":"https:\/\/farm-baler.com\/de\/wp-json\/wp\/v2\/product_brand?post=213"},{"taxonomy":"product_cat","embeddable":true,"href":"https:\/\/farm-baler.com\/de\/wp-json\/wp\/v2\/product_cat?post=213"},{"taxonomy":"product_tag","embeddable":true,"href":"https:\/\/farm-baler.com\/de\/wp-json\/wp\/v2\/product_tag?post=213"}],"curies":[{"name":"wp","href":"https:\/\/api.w.org\/{rel}","templated":true}]}}