{"id":212,"date":"2025-11-19T06:09:06","date_gmt":"2025-11-19T06:09:06","guid":{"rendered":"https:\/\/farm-baler.com\/?post_type=product&#038;p=212"},"modified":"2025-12-17T06:46:31","modified_gmt":"2025-12-17T06:46:31","slug":"9jyy-4-5-kommissionier-und-transportmaschine","status":"publish","type":"product","link":"https:\/\/farm-baler.com\/de\/produkt\/9jyy-4-5-kommissionier-und-transportmaschine\/","title":{"rendered":"9JYY-4.5 Rundballen-Auffang- und Transportmaschine"},"content":{"rendered":"<p>Die Rundballenpresse 9JYY-4.5 ist eine revolution\u00e4re Landwirtschaftsmaschine, die das Aufnehmen und den Transport von Rundballen vereinfacht und beschleunigt. Diese robuste und zuverl\u00e4ssige Maschine ist die ideale Wahl f\u00fcr jeden Betrieb, der gro\u00dfe Mengen Heu, Stroh oder Silage verarbeitet, und bietet un\u00fcbertroffene Effizienz und Benutzerfreundlichkeit. Die 9JYY-4.5 optimiert Arbeitsabl\u00e4ufe, senkt die Lohnkosten und macht die Ballenhandhabung so einfach wie nie zuvor.<\/p>\n<h2>Technische Spezifikationen<\/h2>\n<table style=\"border-color: #000000;\">\n<thead>\n<tr>\n<th>Seriennummer<\/th>\n<th>Artikel<\/th>\n<th>Einheit<\/th>\n<th>Spezifikation<\/th>\n<\/tr>\n<\/thead>\n<tbody>\n<tr>\n<td>1<\/td>\n<td>Produktname<\/td>\n<td>\/<\/td>\n<td>Rundballen-Aufnahme- und Transportmaschine<\/td>\n<\/tr>\n<tr>\n<td>2<\/td>\n<td>Produktmodell<\/td>\n<td>\/<\/td>\n<td>9JYY-4.5<\/td>\n<\/tr>\n<tr>\n<td>3<\/td>\n<td>Anbindemethode<\/td>\n<td>\/<\/td>\n<td>Traktionstyp<\/td>\n<\/tr>\n<tr>\n<td>4<\/td>\n<td>Be- und Entladeformular<\/td>\n<td>\/<\/td>\n<td>Hydraulik<\/td>\n<\/tr>\n<tr>\n<td>5<\/td>\n<td>Maximale Belastbarkeit<\/td>\n<td>kg<\/td>\n<td>4500<\/td>\n<\/tr>\n<tr>\n<td>6<\/td>\n<td>Passender Leistungsbereich<\/td>\n<td>kW<\/td>\n<td>\u226550<\/td>\n<\/tr>\n<tr>\n<td>7<\/td>\n<td>Betriebsdruck (mit zwei S\u00e4tzen hydraulischer Antriebsvorrichtungen)<\/td>\n<td>MPa<\/td>\n<td>\u226516<\/td>\n<\/tr>\n<tr>\n<td>8<\/td>\n<td>Transportgeschwindigkeit<\/td>\n<td>km\/h<\/td>\n<td>\u226440<\/td>\n<\/tr>\n<tr>\n<td>9<\/td>\n<td>Reifenmodell<\/td>\n<td>\/<\/td>\n<td>400\/60-15.5 (Dual-Axis Four Wheels)<\/td>\n<\/tr>\n<tr>\n<td>10<\/td>\n<td>Beladbare und entladbare Ballengr\u00f6\u00dfe<\/td>\n<td>mm<\/td>\n<td>Durchmesser 1000\u20131400, L\u00e4nge 1000\u20131500<\/td>\n<\/tr>\n<tr>\n<td>11<\/td>\n<td>Gesamtabmessungen (L\u00e4nge \u00d7 Breite \u00d7 H\u00f6he)<\/td>\n<td>mm<\/td>\n<td>Arbeitsma\u00dfe: 9400\u00d76750\u00d71750; Transportma\u00dfe: 9400\u00d72900\u00d73300<\/td>\n<\/tr>\n<tr>\n<td>12<\/td>\n<td>Gesamtmasse<\/td>\n<td>kg<\/td>\n<td>3240<\/td>\n<\/tr>\n<\/tbody>\n<\/table>\n<h1>9JYY-4.5 Rundballen-Auffang- und Transportmaschine<\/h1>\n<p>Die Rundballen-Sammel- und Transportmaschine 9JYY-4.5 ist eine moderne Landmaschine, die Rundballen effizient erntet, transportiert und stapelt und dabei minimalen Arbeits- und Zeitaufwand erfordert. Sie eignet sich ideal f\u00fcr gro\u00dfe landwirtschaftliche Betriebe, die eine schnelle und zuverl\u00e4ssige Verarbeitung von Heuballen ben\u00f6tigen, um die Produktivit\u00e4t zu steigern und die Betriebskosten zu senken. Dank ihrer innovativen Technologie zeichnet sich die Maschine durch hohe Leistung, Langlebigkeit und einen langfristig stabilen Betrieb aus.<\/p>\n<h2>Produktdefinition<\/h2>\n<p>Die Rundballen-Aufnahme- und Transportmaschine 9JYY-4.5 ist eine Maschine zum automatischen Aufnehmen und Transportieren von Rundballen. Ihre robuste Bauweise und das durchdachte Design machen sie ideal f\u00fcr landwirtschaftliche Betriebe, die ein effizientes Handling von Heuballen mit schweren Ger\u00e4ten erfordern. Die Maschine kann Heuballen unterschiedlicher Gr\u00f6\u00dfe heben, bewegen und stapeln und ist somit ein unverzichtbares Werkzeug in der modernen Landwirtschaft.<\/p>\n<h2>Gel\u00f6ste Probleme und Anwendungsbereiche<\/h2>\n<p>Diese Maschine l\u00f6st mehrere g\u00e4ngige Probleme in der Landwirtschaft, darunter Arbeitskr\u00e4ftemangel, Ineffizienz bei der manuellen Ballenhandhabung und Verschlei\u00df durch herk\u00f6mmliche Methoden. Sie eignet sich f\u00fcr verschiedene landwirtschaftliche Arbeiten wie Heuernte, Ballentransport und -stapelung. Dank ihrer Vielseitigkeit ist die 9JYY-4.5 f\u00fcr diverse landwirtschaftliche T\u00e4tigkeiten wie die Ernte von Heu, Stroh und anderen Biomassematerialien geeignet. Durch die Automatisierung und Optimierung der Ballenernte k\u00f6nnen sich Landwirte auf andere wichtige Aufgaben konzentrieren und gleichzeitig die Gesamtproduktivit\u00e4t steigern.<\/p>\n<p style=\"text-align: center;\"><img loading=\"lazy\" decoding=\"async\" class=\"alignnone wp-image-263\" src=\"https:\/\/farm-baler.com\/wp-content\/uploads\/2025\/11\/ep-Type-9JYY-4.5-Round-Bale-Picking-and-Transporting-Machine-11-300x300.webp\" alt=\"Kommissionierung und Transport\" width=\"355\" height=\"355\" \/><\/p>\n<h2>Produktvorteile<\/h2>\n<ul>\n<li>\n<h3>Hohe Effizienz<\/h3>\n<p>Die Maschine 9JYY-4.5 wurde entwickelt, um den Zeitaufwand f\u00fcr das Sammeln und Transportieren von Rundballen deutlich zu reduzieren. Sie erh\u00f6ht die Arbeitsgeschwindigkeit und sorgt f\u00fcr eine schnellere Erledigung der Arbeit, wodurch Ressourcen f\u00fcr andere Aufgaben frei werden.<\/li>\n<li>\n<h3>Langlebigkeit und Zuverl\u00e4ssigkeit<\/h3>\n<p>Diese Maschine wurde f\u00fcr die harten Bedingungen in der Landwirtschaft entwickelt und zeichnet sich durch eine robuste Konstruktion und hochwertige Materialien aus, die auch unter anspruchsvollsten Bedingungen eine lange Lebensdauer gew\u00e4hrleisten.<\/li>\n<li>\n<h3>einfache Bedienung<\/h3>\n<p>Die Maschine ist mit einem intuitiven Steuerungssystem ausgestattet und daher einfach zu bedienen. Selbst Personen mit geringen technischen Kenntnissen k\u00f6nnen die Maschine effektiv handhaben, wodurch der Bedarf an speziellen Schulungen reduziert wird.<\/li>\n<li>\n<h3>Kosteng\u00fcnstig<\/h3>\n<p>Durch die Automatisierung der Ballenhandhabung reduziert die 9JYY-4.5 den Bedarf an manueller Arbeit und senkt somit die Betriebskosten. Es handelt sich um eine Investition, die sich durch h\u00f6here Produktivit\u00e4t und ein geringeres Verletzungsrisiko f\u00fcr die Mitarbeiter auszahlt.<\/li>\n<li>\n<h3>Vielseitigkeit<\/h3>\n<p>Die 9JYY-4.5 ist f\u00fcr Ballen unterschiedlicher Gr\u00f6\u00dfen ausgelegt und eignet sich f\u00fcr diverse landwirtschaftliche Arbeiten. Ob Heu, Stroh oder andere Biomassearten \u2013 diese Maschine passt sich Ihren Bed\u00fcrfnissen an.<\/li>\n<\/ul>\n<h2>Funktionsweise der Rundballen-Aufnahme- und Transportmaschine 9JYY-4.5<\/h2>\n<p>Die 9JYY-4.5 ist mit einem mechanischen Hebesystem ausgestattet, das Rundballen automatisch vom Boden aufnimmt. Die Maschine hebt die Ballen mithilfe hydraulischer Arme schonend an und verl\u00e4dt sie auf eine Transportplattform. Anschlie\u00dfend bef\u00f6rdert der Transportmechanismus die Ballen zum vorgesehenen Lagerort oder zur Weiterverarbeitung. Das fortschrittliche Steuerungssystem der Maschine gew\u00e4hrleistet eine pr\u00e4zise Ballenhandhabung, minimiert Besch\u00e4digungen und optimiert die Transportgeschwindigkeit. Dar\u00fcber hinaus ist das Transportsystem auf einen ruhigen und stabilen Betrieb ausgelegt und verhindert ein Verrutschen oder Rollen der Ballen w\u00e4hrend des Transports.<\/p>\n<h2>Hauptanwendungen<\/h2>\n<ul>\n<li>\n<h3>Heu- und Strohsammlung<\/h3>\n<p>Die Maschine eignet sich ideal zum Sammeln von Heu- und Strohballen und beschleunigt den Prozess, wodurch der Arbeitsaufwand reduziert wird. Sie kann Ballen von den Feldern aufnehmen und effizient zu den Lagerpl\u00e4tzen transportieren.<\/li>\n<li>\n<h3>Effizienter Transport<\/h3>\n<p>Der 9JYY-4.5 eignet sich perfekt f\u00fcr den Transport von Ballen \u00fcber gr\u00f6\u00dfere Entfernungen innerhalb von landwirtschaftlichen Betrieben oder zwischen Feldern. Seine robusten R\u00e4der und die stabile Transportplattform gew\u00e4hrleisten, dass die Ballen transportiert werden, ohne zu verrutschen oder herunterzufallen.<\/li>\n<li>\n<h3>Stapeln von Ballen<\/h3>\n<p>Die Maschine kann Ballen auch in einer bestimmten Konfiguration stapeln, wodurch der Bedarf an manuellem Stapeln reduziert und die Organisation der Lagerbereiche verbessert wird.<\/li>\n<li>\n<h3>Reduzierung der Arbeitskosten<\/h3>\n<p>Durch die Automatisierung der Kommissionierungs-, Transport- und Stapelprozesse reduziert die Maschine den Arbeitsaufwand erheblich, senkt den Personalbedarf und verbessert die Effizienz.<\/li>\n<li>\n<h3>Verbesserte Arbeitssicherheit<\/h3>\n<p>Die Maschine minimiert die k\u00f6rperliche Belastung und das Verletzungsrisiko beim manuellen Ballenhandling. Durch die Reduzierung des manuellen Hebens und Transportierens erh\u00f6ht die 9JYY-4.5 die Arbeitssicherheit auf dem Bauernhof.<\/li>\n<li>\n<h3>Geeignet f\u00fcr gro\u00dfe landwirtschaftliche Betriebe<\/h3>\n<p>Diese Maschine eignet sich ideal f\u00fcr Gro\u00dfbetriebe, bei denen die Handhabung einer gro\u00dfen Anzahl von Ballen schnell zur Herausforderung werden kann. Ihre Effizienz und Leistung machen sie perfekt f\u00fcr gro\u00dfe landwirtschaftliche Betriebe mit hohem Heu- oder Strohaufkommen.<\/li>\n<\/ul>\n<h2>Wie man die richtige 9JYY-4.5 Rundballen-Aufnahme- und Transportmaschine ausw\u00e4hlt<\/h2>\n<ul>\n<li>\n<h3>Ber\u00fccksichtigen Sie die Ballengr\u00f6\u00dfe.<\/h3>\n<p>Stellen Sie sicher, dass die gew\u00e4hlte Maschine mit der Ballengr\u00f6\u00dfe auf Ihrem Betrieb kompatibel ist. Die 9JYY-4.5 ist f\u00fcr Standard-Rundballen ausgelegt, die Kompatibilit\u00e4tspr\u00fcfung ist jedoch entscheidend, um Ineffizienzen zu vermeiden.<\/li>\n<li>\n<h3>Bewertung des Einsatzgel\u00e4ndes<\/h3>\n<p>Bei unebenem Gel\u00e4nde oder schwierigen Bedingungen auf Ihrem Hof \u200b\u200bempfiehlt sich eine Maschine mit robuster Bauweise und f\u00fcr unwegsames Gel\u00e4nde geeigneten R\u00e4dern. Die 9JYY-4.5 verf\u00fcgt \u00fcber gro\u00dfe, langlebige R\u00e4der, die f\u00fcr unterschiedlichstes Terrain geeignet sind.<\/li>\n<li>\n<h3>Maschinenkapazit\u00e4t<\/h3>\n<p>Ber\u00fccksichtigen Sie die Hub- und Transportkapazit\u00e4t der Maschine im Hinblick auf das Arbeitsvolumen Ihres Betriebs. Wenn Sie gro\u00dfe Mengen an Ballen transportieren m\u00fcssen, w\u00e4hlen Sie eine Maschine mit h\u00f6herer Tragf\u00e4higkeit.<\/li>\n<li>\n<h3>Effizienz des Hydrauliksystems<\/h3>\n<p>\u00dcberpr\u00fcfen Sie die Effizienz des Hydrauliksystems, da diese f\u00fcr das reibungslose Anheben und Transportieren der Ballen entscheidend ist. Die 9JYY-4.5 <a href=\"https:\/\/agricultural-baler.com\/\" target=\"_blank\" rel=\"noopener\">Hydraulikarme<\/a> bieten auch unter hoher Belastung eine effiziente Leistung.<\/li>\n<li>\n<h3>Wartungsanforderungen<\/h3>\n<p>Manche Maschinen erfordern h\u00e4ufigere Wartung. Achten Sie darauf, ein Modell zu w\u00e4hlen, das Ihren Wartungsm\u00f6glichkeiten entspricht. Die 9JYY-4.5 ist auf einfache Wartung mit minimalen Ausfallzeiten ausgelegt.<\/li>\n<li>\n<h3>Garantie und Support<\/h3>\n<p>Achten Sie darauf, dass die Maschine \u00fcber eine umfassende Garantie und exzellenten Kundenservice verf\u00fcgt. Die 9JYY-4.5 bietet eine 3-j\u00e4hrige Garantie und einen reaktionsschnellen Kundendienst.<\/li>\n<\/ul>\n<h2>Wartungsmethoden f\u00fcr die Rundballen-Aufnahme- und Transportmaschine 9JYY-4.5<\/h2>\n<p>F\u00fcr einen reibungslosen Betrieb des 9JYY-4.5 ist regelm\u00e4\u00dfige Wartung unerl\u00e4sslich. Gehen Sie dazu wie folgt vor:<\/p>\n<ul>\n<li>\n<h3>Regelm\u00e4\u00dfige Inspektion<\/h3>\n<p>F\u00fchren Sie regelm\u00e4\u00dfige Kontrollen durch, um sicherzustellen, dass alle Teile, insbesondere das Hydrauliksystem, einwandfrei funktionieren. Pr\u00fcfen Sie die Hubarme und die Transportplattform auf Verschlei\u00df.<\/li>\n<li>\n<h3>Schmierung<\/h3>\n<p>Achten Sie darauf, dass alle beweglichen Teile ausreichend geschmiert sind, um Reibung und Besch\u00e4digungen zu vermeiden. Regelm\u00e4\u00dfige Schmierung tr\u00e4gt zum reibungslosen Betrieb der Maschine bei.<\/li>\n<li>\n<h3>Hydraulikfl\u00fcssigkeitspr\u00fcfung<\/h3>\n<p>Um die optimale Funktion des Hebesystems zu gew\u00e4hrleisten, \u00fcberpr\u00fcfen und wechseln Sie regelm\u00e4\u00dfig die Hydraulikfl\u00fcssigkeit. Verwenden Sie die empfohlene Fl\u00fcssigkeitssorte f\u00fcr maximale Effizienz.<\/li>\n<li>\n<h3>Reinigung<\/h3>\n<p>Reinigen Sie das Ger\u00e4t nach jedem Gebrauch, um Schmutz und Ablagerungen zu entfernen, die das System verstopfen k\u00f6nnten. Eine regelm\u00e4\u00dfige Reinigung verl\u00e4ngert die Lebensdauer und verbessert die Leistung des Ger\u00e4ts.<\/li>\n<li>\n<h3>Reifendruck \u00fcberwachen<\/h3>\n<p>Pr\u00fcfen Sie regelm\u00e4\u00dfig den Reifendruck, um einen effizienten Betrieb der Maschine auf unebenem Untergrund zu gew\u00e4hrleisten. Der richtige Reifendruck beugt Reifensch\u00e4den vor und sorgt f\u00fcr einen sicheren Betrieb.<\/li>\n<\/ul>\n<h2>Kundenrezensionen<\/h2>\n<p><strong>\u2013 David, USA<\/strong><br \/>\n\u201eWir setzen den 9JYY-4.5 seit einem Jahr auf unserem Hof \u200b\u200bein und er hat unsere Ballenhandhabung deutlich effizienter gestaltet. Die Maschine nimmt gro\u00dfe Ballen m\u00fchelos auf und transportiert sie problemlos. Die Verarbeitungsqualit\u00e4t ist hervorragend. Sie hat uns Zeit und Arbeitskosten gespart, sodass sich unser Team auf andere wichtige Aufgaben konzentrieren kann. Wir k\u00f6nnen sie anderen Landwirten w\u00e4rmstens empfehlen!\u201c<\/p>\n<p><strong>\u2013 Sarah, Kanada<\/strong><br \/>\n\u201eAnfangs war ich skeptisch, in eine Maschine wie die 9JYY-4.5 zu investieren, aber sie hat unsere Arbeit grundlegend ver\u00e4ndert. Die Bedienung ist kinderleicht, und der Hubmechanismus funktioniert einwandfrei. Die Maschine ist \u00e4u\u00dferst robust, selbst unter unseren kalten und nassen Bedingungen. Wir schaffen mehr Arbeit mit weniger Aufwand, und das ist unbezahlbar.\u201c<\/p>\n<p><strong>\u2013 Marco, Brasilien<\/strong><br \/>\n\u201eAls Besitzer eines mittelst\u00e4ndischen landwirtschaftlichen Betriebs hat sich diese Maschine als ideal f\u00fcr unsere Bed\u00fcrfnisse erwiesen. Die 9JYY-4.5 hat unsere Produktivit\u00e4t gesteigert, und die Sicherheit unserer Mitarbeiter ist deutlich verbessert, da sie keine schweren Ballen mehr von Hand heben m\u00fcssen. Auch der Kundenservice war hervorragend, als wir eine Frage hatten. Eine gro\u00dfartige Investition!\u201c<\/p>\n<p><strong>\u2013 Henri, Frankreich<\/strong><br \/>\n\u201eNachdem ich die 9JYY-4.5 nun einige Monate im Einsatz habe, kann ich sagen, dass sie eine der besten Investitionen f\u00fcr meinen landwirtschaftlichen Betrieb ist. Das Ballenaufnahme- und Transportsystem arbeitet schnell und effizient. Zudem ist sie sehr wartungsarm, was ein gro\u00dfer Vorteil ist. Ich kann diese Maschine jedem landwirtschaftlichen Betrieb, der seine Abl\u00e4ufe optimieren m\u00f6chte, w\u00e4rmstens empfehlen.\u201c<\/p>\n<p><strong>\u2013 John, Australien<\/strong><br \/>\n\u201eUnser Betrieb ist auf Effizienz angewiesen, und die 9JYY-4.5 hat uns enorm geholfen. Die Geschwindigkeit beim Aufsammeln und Stapeln der Ballen hat sich verzehnfacht. Au\u00dferdem kann die Maschine Ballen unterschiedlicher Gr\u00f6\u00dfen verarbeiten und ist daher sehr vielseitig. Definitiv eine lohnende Anschaffung!\u201c<\/p>\n<h2>Warum sollten Sie sich f\u00fcr unser Produkt entscheiden?<\/h2>\n<p>Wir w\u00e4hlen unseren 9JYY-4.5 Rundballen <a href=\"https:\/\/farm-baler.com\/de\/produkt\/4byh-1-3-kidneybohnen-ausreismaschine\/\">Kommissionier- und Transportmaschine<\/a> Das bedeutet, Sie erhalten mehr als nur fortschrittliche Technologie und Effizienz. Wir bieten:<\/p>\n<ul>\n<li>Schnelle Anpassungsdienste<\/li>\n<li>Hervorragender Kundenservice<\/li>\n<li>3 Jahre Garantie<\/li>\n<li>Weltweiter Expressversand<\/li>\n<li>Umfassender Kundendienst<\/li>\n<\/ul>\n<p>Unser Produkt erf\u00fcllt nicht nur Ihre unmittelbaren Bed\u00fcrfnisse, sondern wird auch durch unser Qualit\u00e4ts- und Serviceversprechen abgesichert. Wir unterst\u00fctzen Sie w\u00e4hrend der gesamten Produktlebensdauer.<\/p>\n<h2>Entdecken Sie unsere Produkte<\/h2>\n<p>Neben dem 9JYY-4.5 bieten wir Ihnen auch eine breite Palette an erg\u00e4nzenden Ger\u00e4ten und Zubeh\u00f6r. Unsere Produktionskapazit\u00e4ten gew\u00e4hrleisten, dass alle Produkte h\u00f6chsten Qualit\u00e4tsstandards entsprechen. Wir sind stolz darauf, Ihnen Produkte zu \u00e4u\u00dferst wettbewerbsf\u00e4higen Preisen und einen umfassenden Kundendienst anzubieten. Entdecken Sie unser Produktsortiment und fordern Sie noch heute ein Angebot an!<\/p>\n<h2>H\u00e4ufig gestellte Fragen<\/h2>\n<p><strong>Was sind die wichtigsten Merkmale der Rundballen-Aufnahme- und Transportmaschine 9JYY-4.5?<\/strong><\/p>\n<p>Die Maschine zeichnet sich durch Merkmale wie einfaches Ballenaufnehmen, effiziente Transportm\u00f6glichkeiten, vielseitige Kompatibilit\u00e4t mit verschiedenen Ballengr\u00f6\u00dfen und ein robustes hydraulisches Hebesystem aus.<\/p>\n<p><strong>Kann die 9JYY-4.5 verschiedene Ballengr\u00f6\u00dfen verarbeiten?<\/strong><\/p>\n<p>Ja, die Maschine ist so konstruiert, dass sie Rundballen unterschiedlicher Gr\u00f6\u00dfe verarbeiten kann, wodurch sie vielseitig f\u00fcr landwirtschaftliche Betriebe mit unterschiedlichen Ballenanforderungen einsetzbar ist.<\/p>\n<p><strong>Welche Garantie gilt f\u00fcr die Maschine 9JYY-4.5?<\/strong><\/p>\n<p>Wir gew\u00e4hren 3 Jahre Garantie auf das Modell 9JYY-4.5, damit Sie sich auf die zuverl\u00e4ssige Funktion Ihrer Maschine \u00fcber viele Jahre verlassen k\u00f6nnen.<\/p>\n<p><strong>Wie wartungsfreundlich ist die Maschine 9JYY-4.5?<\/strong><\/p>\n<p>Die Wartung ist unkompliziert und erfordert lediglich regelm\u00e4\u00dfige Inspektion, Schmierung und Reinigung. Das System ist auf einfache Instandhaltung ausgelegt, um Ausfallzeiten zu minimieren.<\/p>\n<p><strong>Kann ich die 9JYY-4.5 in unwegsamem Gel\u00e4nde verwenden?<\/strong><\/p>\n<p>Ja, dank der robusten R\u00e4der und der widerstandsf\u00e4higen Bauweise eignet sich die Maschine f\u00fcr den Einsatz in unterschiedlichem Gel\u00e4nde, auch auf unebenen Feldern.<\/p>\n<p><strong>Welche Arten von landwirtschaftlichen Betrieben profitieren am meisten von der 9JYY-4.5?<\/strong><\/p>\n<p>Am meisten profitieren davon gr\u00f6\u00dfere Heu-, Stroh- oder Biomassebetriebe, aber auch mittelgro\u00dfe Betriebe k\u00f6nnen von dieser Maschine einen gro\u00dfen Nutzen haben.<\/p>\n<p><strong>Wie steigert die 9JYY-4.5 die Effizienz des landwirtschaftlichen Betriebs?<\/strong><\/p>\n<p>Durch die Automatisierung des Kommissionierungs-, Transport- und Stapelprozesses der Ballen spart die Maschine Zeit, senkt die Arbeitskosten und beugt Verletzungen vor.<\/p>\n<p><strong>Ist die 9JYY-4.5 einfach zu bedienen?<\/strong><\/p>\n<p>Ja, es verf\u00fcgt \u00fcber ein intuitives Steuerungssystem, das die Bedienung auch f\u00fcr Personen ohne umfassende technische Ausbildung vereinfacht.<\/p>\n<p><strong>Wie lange h\u00e4lt die 9JYY-4.5?<\/strong><\/p>\n<p>Bei ordnungsgem\u00e4\u00dfer Wartung kann die 9JYY-4.5 viele Jahre halten und bietet dauerhafte Leistung in verschiedenen landwirtschaftlichen Umgebungen.<\/p>\n<p><strong>Gibt es ein Schulungsprogramm f\u00fcr die Bedienung der 9JYY-4.5?<\/strong><\/p>\n<p>Ja, wir stellen Schulungsmaterialien und Unterst\u00fctzung zur Verf\u00fcgung, um einen reibungslosen Betrieb und maximale Effizienz Ihrer neuen Maschine zu gew\u00e4hrleisten.<\/p>\n<p><strong>Kann die 9JYY-4.5 auch nasse Ballen verarbeiten?<\/strong><\/p>\n<p>Ja, die Maschine ist so konstruiert, dass sie sowohl trockene als auch leicht feuchte Ballen verarbeiten kann und ist daher bei unterschiedlichen Wetterbedingungen vielseitig einsetzbar.<\/p>\n<p><strong>Ist die 9JYY-4.5 energieeffizient?<\/strong><\/p>\n<p>Ja, die Maschine wurde mit Blick auf Energieeffizienz entwickelt, um die Betriebskosten und die Umweltbelastung zu reduzieren.<\/p>\n<p><strong>Kann die 9JYY-4.5 mehrere Ballen gleichzeitig verarbeiten?<\/strong><\/p>\n<p>Die Maschine kann jeweils einen Ballen verarbeiten, aber sie kann gro\u00dfe Mengen an Ballen schnell transportieren, was die Gesamtproduktivit\u00e4t steigert.<\/p>\n<p><strong>Besitzt die 9JYY-4.5 eine hohe Nutzlastkapazit\u00e4t?<\/strong><\/p>\n<p>Ja, es ist f\u00fcr hohe Nutzlasten ausgelegt, sodass Sie auch gro\u00dfe Ballen problemlos transportieren k\u00f6nnen.<\/p>\n<p><strong>Wie lagert man die 9JYY-4.5-Maschine am besten?<\/strong><\/p>\n<p>Lagern Sie die Maschine an einem trockenen, sicheren Ort, um sie vor Witterungseinfl\u00fcssen zu sch\u00fctzen. Regelm\u00e4\u00dfige Wartung gew\u00e4hrleistet ihren optimalen Zustand.<\/p>\n<p>&nbsp;<\/p>","protected":false},"excerpt":{"rendered":"<p>Entdecken Sie die Rundballen-Sammel- und Transportmaschine 9JYY-4.5 \u2013 entwickelt f\u00fcr effizientes und leistungsstarkes Ballenhandling. Diese robuste und benutzerfreundliche Maschine steigert die Produktivit\u00e4t in der Landwirtschaft und gew\u00e4hrleistet eine reibungslose Ballenaufnahme und einen sicheren Transport. Maximieren Sie die Effizienz Ihres Betriebs \u2013 investieren Sie in zuverl\u00e4ssige Spitzentechnologie. Sichern Sie sich Ihr Exemplar jetzt f\u00fcr schnellere Arbeitsabl\u00e4ufe und h\u00f6here Ertr\u00e4ge!<\/p>","protected":false},"featured_media":263,"template":"","meta":{"_et_pb_use_builder":"","_et_pb_old_content":"","_et_gb_content_width":""},"product_brand":[],"product_cat":[27],"product_tag":[],"class_list":{"0":"post-212","1":"product","2":"type-product","3":"status-publish","4":"has-post-thumbnail","6":"product_cat-other-series-products","8":"first","9":"instock","10":"shipping-taxable","11":"product-type-simple"},"_links":{"self":[{"href":"https:\/\/farm-baler.com\/de\/wp-json\/wp\/v2\/product\/212","targetHints":{"allow":["GET"]}}],"collection":[{"href":"https:\/\/farm-baler.com\/de\/wp-json\/wp\/v2\/product"}],"about":[{"href":"https:\/\/farm-baler.com\/de\/wp-json\/wp\/v2\/types\/product"}],"wp:featuredmedia":[{"embeddable":true,"href":"https:\/\/farm-baler.com\/de\/wp-json\/wp\/v2\/media\/263"}],"wp:attachment":[{"href":"https:\/\/farm-baler.com\/de\/wp-json\/wp\/v2\/media?parent=212"}],"wp:term":[{"taxonomy":"product_brand","embeddable":true,"href":"https:\/\/farm-baler.com\/de\/wp-json\/wp\/v2\/product_brand?post=212"},{"taxonomy":"product_cat","embeddable":true,"href":"https:\/\/farm-baler.com\/de\/wp-json\/wp\/v2\/product_cat?post=212"},{"taxonomy":"product_tag","embeddable":true,"href":"https:\/\/farm-baler.com\/de\/wp-json\/wp\/v2\/product_tag?post=212"}],"curies":[{"name":"wp","href":"https:\/\/api.w.org\/{rel}","templated":true}]}}