{"id":211,"date":"2025-11-19T06:07:47","date_gmt":"2025-11-19T06:07:47","guid":{"rendered":"https:\/\/farm-baler.com\/?post_type=product&#038;p=211"},"modified":"2025-12-17T07:02:51","modified_gmt":"2025-12-17T07:02:51","slug":"9yg-1-25-rundballenpresse","status":"publish","type":"product","link":"https:\/\/farm-baler.com\/de\/produkt\/9yg-1-25-rundballenpresse\/","title":{"rendered":"9YG-1.25 Rundballenpresse"},"content":{"rendered":"<p>Die Rundballenpresse 9YG-1.25 ist eine hocheffiziente Landmaschine zum Sammeln, Komprimieren und Verpacken verschiedener Futtermittel und Erntereste zu Rundballen. Sie ist ein unverzichtbares Werkzeug in der modernen Landwirtschaft und sorgt f\u00fcr h\u00f6here Produktivit\u00e4t und effizientere Feldarbeiten. Mit Ballenpressen k\u00f6nnen Landwirte gro\u00dfe Materialmengen effizient verarbeiten und so Produktivit\u00e4t und Rentabilit\u00e4t steigern. Ob Heu, Stroh oder andere landwirtschaftliche Reststoffe \u2013 die 9YG-1.25 ist bekannt f\u00fcr ihre \u00fcberragende Leistung und Zuverl\u00e4ssigkeit.<\/p>\n<h2>Was ist eine Ballenpresse?<\/h2>\n<p>Ballenpressen sind unverzichtbare Landmaschinen, die lose Ernteg\u00fcter (wie Heu, Stroh oder Silage) zu kompakten, zylindrischen Ballen verpressen. Diese Ballen sind leichter zu handhaben, zu lagern und zu transportieren als lose Ernteg\u00fcter. Ballenpressen nutzen Walzen, F\u00f6rderb\u00e4nder oder andere Kompressionsvorrichtungen, um das Material aufzunehmen und zu einer festen zylindrischen Form zu pressen, die anschlie\u00dfend mit Seilen, Netzen oder Draht verschlossen wird. Diese Ger\u00e4te sind besonders n\u00fctzlich auf Feldern, auf denen eine effiziente Bewirtschaftung und optimale Fl\u00e4chennutzung entscheidend sind.<\/p>\n<p>Rundballenpressen werden h\u00e4ufig zur Heuballenpressung, Strohernte und Silageherstellung eingesetzt und helfen Landwirten, Ernteprozesse zu optimieren und die Effizienz von Lagerung und Transport zu verbessern. Im Vergleich zu Quaderballenpressen zeichnen sich Rundballenpressen durch ihre h\u00f6here Geschwindigkeit und den geringeren Arbeitsaufwand aus und sind daher ideal f\u00fcr gro\u00dffl\u00e4chige landwirtschaftliche Betriebe.<\/p>\n<h2>Technische Spezifikationen<\/h2>\n<table style=\"height: 624px; border-color: #000000;\">\n<thead>\n<tr style=\"height: 47px;\">\n<th style=\"width: 84.6875px; height: 47px;\">Seriennummer<\/th>\n<th style=\"width: 272.438px; height: 47px;\">Artikel<\/th>\n<th style=\"width: 39.6797px; height: 47px;\">Einheit<\/th>\n<th style=\"width: 252.188px; height: 47px;\">Spezifikation<\/th>\n<\/tr>\n<\/thead>\n<tbody>\n<tr style=\"height: 23px;\">\n<td style=\"width: 84.6875px; height: 23px;\">1<\/td>\n<td style=\"width: 272.438px; height: 23px;\">Modellname<\/td>\n<td style=\"width: 39.6797px; height: 23px;\">\/<\/td>\n<td style=\"width: 252.188px; height: 23px;\">Rundballenpresse Typ 9YG-1.25<\/td>\n<\/tr>\n<tr style=\"height: 23px;\">\n<td style=\"width: 84.6875px; height: 23px;\">2<\/td>\n<td style=\"width: 272.438px; height: 23px;\">Anbindemethode<\/td>\n<td style=\"width: 39.6797px; height: 23px;\">\/<\/td>\n<td style=\"width: 252.188px; height: 23px;\">Traktionstyp<\/td>\n<\/tr>\n<tr style=\"height: 23px;\">\n<td style=\"width: 84.6875px; height: 23px;\">3<\/td>\n<td style=\"width: 272.438px; height: 23px;\">Pickingbreite<\/td>\n<td style=\"width: 39.6797px; height: 23px;\">mm<\/td>\n<td style=\"width: 252.188px; height: 23px;\">2240<\/td>\n<\/tr>\n<tr style=\"height: 47px;\">\n<td style=\"width: 84.6875px; height: 47px;\">4<\/td>\n<td style=\"width: 272.438px; height: 47px;\">Picker-Strukturform<\/td>\n<td style=\"width: 39.6797px; height: 47px;\">\/<\/td>\n<td style=\"width: 252.188px; height: 47px;\">Austauschbare Federzahn- und Hammerklaue<\/td>\n<\/tr>\n<tr style=\"height: 23px;\">\n<td style=\"width: 84.6875px; height: 23px;\">5<\/td>\n<td style=\"width: 272.438px; height: 23px;\">Strukturelle Form der Zuleitung<\/td>\n<td style=\"width: 39.6797px; height: 23px;\">\/<\/td>\n<td style=\"width: 252.188px; height: 23px;\">Schnecke + Federzahnwalze + Trommel<\/td>\n<\/tr>\n<tr style=\"height: 47px;\">\n<td style=\"width: 84.6875px; height: 47px;\">6<\/td>\n<td style=\"width: 272.438px; height: 47px;\">Form des Ballenmechanismus in der Kompressionskammer<\/td>\n<td style=\"width: 39.6797px; height: 47px;\">\/<\/td>\n<td style=\"width: 252.188px; height: 47px;\">Trommeltyp<\/td>\n<\/tr>\n<tr style=\"height: 23px;\">\n<td style=\"width: 84.6875px; height: 23px;\">7<\/td>\n<td style=\"width: 272.438px; height: 23px;\">Kompressionskammerbreite<\/td>\n<td style=\"width: 39.6797px; height: 23px;\">mm<\/td>\n<td style=\"width: 252.188px; height: 23px;\">1250<\/td>\n<\/tr>\n<tr style=\"height: 23px;\">\n<td style=\"width: 84.6875px; height: 23px;\">8<\/td>\n<td style=\"width: 272.438px; height: 23px;\">Kompressionskammerdurchmesser<\/td>\n<td style=\"width: 39.6797px; height: 23px;\">mm<\/td>\n<td style=\"width: 252.188px; height: 23px;\">1200<\/td>\n<\/tr>\n<tr style=\"height: 23px;\">\n<td style=\"width: 84.6875px; height: 23px;\">9<\/td>\n<td style=\"width: 272.438px; height: 23px;\">Anzahl der rollenden Arbeitskomponenten<\/td>\n<td style=\"width: 39.6797px; height: 23px;\">PC<\/td>\n<td style=\"width: 252.188px; height: 23px;\">18<\/td>\n<\/tr>\n<tr style=\"height: 23px;\">\n<td style=\"width: 84.6875px; height: 23px;\">10<\/td>\n<td style=\"width: 272.438px; height: 23px;\">Walzentrommeldurchmesser<\/td>\n<td style=\"width: 39.6797px; height: 23px;\">mm<\/td>\n<td style=\"width: 252.188px; height: 23px;\">222<\/td>\n<\/tr>\n<tr style=\"height: 23px;\">\n<td style=\"width: 84.6875px; height: 23px;\">11<\/td>\n<td style=\"width: 272.438px; height: 23px;\">Ballenpressverfahren<\/td>\n<td style=\"width: 39.6797px; height: 23px;\">\/<\/td>\n<td style=\"width: 252.188px; height: 23px;\">Automatische Netzverpackung<\/td>\n<\/tr>\n<tr style=\"height: 23px;\">\n<td style=\"width: 84.6875px; height: 23px;\">12<\/td>\n<td style=\"width: 272.438px; height: 23px;\">Anpassungsleistung<\/td>\n<td style=\"width: 39.6797px; height: 23px;\">kW\/PS<\/td>\n<td style=\"width: 252.188px; height: 23px;\">\u226588,2\/120<\/td>\n<\/tr>\n<tr style=\"height: 23px;\">\n<td style=\"width: 84.6875px; height: 23px;\">13<\/td>\n<td style=\"width: 272.438px; height: 23px;\">Strukturmasse<\/td>\n<td style=\"width: 39.6797px; height: 23px;\">kg<\/td>\n<td style=\"width: 252.188px; height: 23px;\">4558<\/td>\n<\/tr>\n<tr style=\"height: 23px;\">\n<td style=\"width: 84.6875px; height: 23px;\">14<\/td>\n<td style=\"width: 272.438px; height: 23px;\">Drehzahl der Kraftabtriebswelle<\/td>\n<td style=\"width: 39.6797px; height: 23px;\">r\/min<\/td>\n<td style=\"width: 252.188px; height: 23px;\">720<\/td>\n<\/tr>\n<tr style=\"height: 23px;\">\n<td style=\"width: 84.6875px; height: 23px;\">15<\/td>\n<td style=\"width: 272.438px; height: 23px;\">Gesamtabmessungen (L\u00e4nge \u00d7 Breite \u00d7 H\u00f6he)<\/td>\n<td style=\"width: 39.6797px; height: 23px;\">mm<\/td>\n<td style=\"width: 252.188px; height: 23px;\">5250\u00d72700\u00d72350<\/td>\n<\/tr>\n<tr style=\"height: 23px;\">\n<td style=\"width: 84.6875px; height: 23px;\">16<\/td>\n<td style=\"width: 272.438px; height: 23px;\">Ballendichtekontrolle<\/td>\n<td style=\"width: 39.6797px; height: 23px;\">\/<\/td>\n<td style=\"width: 252.188px; height: 23px;\">Sensorsteuerung<\/td>\n<\/tr>\n<tr style=\"height: 23px;\">\n<td style=\"width: 84.6875px; height: 23px;\">17<\/td>\n<td style=\"width: 272.438px; height: 23px;\">Ballengr\u00f6\u00dfe (Durchmesser \u00d7 Breite)<\/td>\n<td style=\"width: 39.6797px; height: 23px;\">mm<\/td>\n<td style=\"width: 252.188px; height: 23px;\">1200\u00d71250<\/td>\n<\/tr>\n<tr style=\"height: 23px;\">\n<td style=\"width: 84.6875px; height: 23px;\">18<\/td>\n<td style=\"width: 272.438px; height: 23px;\">Ballendichte<\/td>\n<td style=\"width: 39.6797px; height: 23px;\">kg\/m\u00b3<\/td>\n<td style=\"width: 252.188px; height: 23px;\">115-200<\/td>\n<\/tr>\n<tr style=\"height: 23px;\">\n<td style=\"width: 84.6875px; height: 23px;\">19<\/td>\n<td style=\"width: 272.438px; height: 23px;\">Produktivit\u00e4t<\/td>\n<td style=\"width: 39.6797px; height: 23px;\">Ballen\/h<\/td>\n<td style=\"width: 252.188px; height: 23px;\">40-80<\/td>\n<\/tr>\n<tr style=\"height: 23px;\">\n<td style=\"width: 84.6875px; height: 23px;\">20<\/td>\n<td style=\"width: 272.438px; height: 23px;\">Radstand<\/td>\n<td style=\"width: 39.6797px; height: 23px;\">mm<\/td>\n<td style=\"width: 252.188px; height: 23px;\">2450<\/td>\n<\/tr>\n<tr style=\"height: 23px;\">\n<td style=\"width: 84.6875px; height: 23px;\">21<\/td>\n<td style=\"width: 272.438px; height: 23px;\">Betriebsgeschwindigkeit<\/td>\n<td style=\"width: 39.6797px; height: 23px;\">km\/h<\/td>\n<td style=\"width: 252.188px; height: 23px;\">5-20<\/td>\n<\/tr>\n<tr style=\"height: 23px;\">\n<td style=\"width: 84.6875px; height: 23px;\">22<\/td>\n<td style=\"width: 272.438px; height: 23px;\">Ballennetzspezifikation (L\u00e4nge\u00d7Breite)<\/td>\n<td style=\"width: 39.6797px; height: 23px;\">M<\/td>\n<td style=\"width: 252.188px; height: 23px;\">2000 \u00d7 1,25 pro Ballen<\/td>\n<\/tr>\n<tr style=\"height: 23px;\">\n<td style=\"width: 84.6875px; height: 23px;\">23<\/td>\n<td style=\"width: 272.438px; height: 23px;\">Anzahl der modifizierten Hammerklauen<\/td>\n<td style=\"width: 39.6797px; height: 23px;\">PC<\/td>\n<td style=\"width: 252.188px; height: 23px;\">18<\/td>\n<\/tr>\n<\/tbody>\n<\/table>\n<h2>Produktdefinition<\/h2>\n<p>Die Rundballenpresse 9YG-1.25 ist eine kompakte und leistungsstarke Landmaschine, die speziell f\u00fcr das Pressen verschiedener landwirtschaftlicher Materialien zu Rundballen entwickelt wurde. Sie komprimiert und b\u00fcndelt das Material zu gleichm\u00e4\u00dfigen Rundballen und erleichtert so Handhabung, Lagerung und Transport. Diese Maschine ist ideal f\u00fcr mittlere bis gro\u00dfe landwirtschaftliche Betriebe.<\/p>\n<p style=\"text-align: center;\"><img loading=\"lazy\" decoding=\"async\" class=\"alignnone wp-image-248\" src=\"https:\/\/farm-baler.com\/wp-content\/uploads\/2025\/11\/EP-9YG-1.25-Round-Baler-11-300x300.webp\" alt=\"Rundballenpresse\" width=\"381\" height=\"381\" \/><\/p>\n<h2>Probleme, die es l\u00f6sen kann, und seine Anwendungsbereiche<\/h2>\n<p>Die Rundballenpresse 9YG-1.25 wurde entwickelt, um g\u00e4ngige Herausforderungen in der Landwirtschaft zu bew\u00e4ltigen, wie das effiziente Sammeln und Komprimieren von Ernter\u00fcckst\u00e4nden, die Minimierung von Abfall und die Verbesserung der Lagereffizienz. Sie produziert hochwertige Rundballen, die sich leicht lagern und transportieren lassen. Die Maschine gew\u00e4hrleistet eine gleichm\u00e4\u00dfige Ballengr\u00f6\u00dfe und -dichte und optimiert so den Lagerraum und die Transportlogistik.<\/p>\n<h2>Produktvorteile<\/h2>\n<p>Die Rundballenpresse 9YG-1.25 bietet mehrere Vorteile, die sie zu einer bevorzugten Wahl f\u00fcr Landwirte machen:<\/p>\n<ul>\n<li><strong>Hohe Effizienz:<\/strong> Die Maschine arbeitet mit hoher Effizienz und reduziert so den Zeit- und Arbeitsaufwand f\u00fcr Ballenpressvorg\u00e4nge.<\/li>\n<li><strong>Haltbarkeit:<\/strong> Der 9YG-1.25 ist aus hochwertigen Materialien gefertigt und so konstruiert, dass er den Belastungen schwerer landwirtschaftlicher Arbeiten standh\u00e4lt und eine lange Lebensdauer gew\u00e4hrleistet.<\/li>\n<li><strong>Benutzerfreundlichkeit:<\/strong> Dank intuitiver Bedienelemente und einfacher Konstruktion ist die Maschine auch f\u00fcr Landwirte mit begrenzter technischer Erfahrung leicht zu handhaben.<\/li>\n<li><strong>Kompaktes Design:<\/strong> Die Rundballenpresse 9YG-1.25 ist kompakt und l\u00e4sst sich daher auch auf engem Raum und kleineren Feldern leichter man\u00f6vrieren.<\/li>\n<li><strong>Gleichbleibende Ballenqualit\u00e4t:<\/strong> Die Maschine produziert gleichm\u00e4\u00dfige, fest gepresste Ballen, die leicht zu lagern, zu transportieren und als Futter oder Einstreu f\u00fcr Nutztiere zu verwenden sind.<\/li>\n<\/ul>\n<h2>Funktionsweise der Rundballenpresse 9YG-1.25<\/h2>\n<p>Die Rundballenpresse 9YG-1.25 arbeitet in mehreren Schritten. Zun\u00e4chst wird das Erntegut in die Presskammer gegeben. Dort wird es durch Walzen kontinuierlich zu runden Ballen verpresst. Anschlie\u00dfend werden die Ballen mit Seil oder Netz sicher zusammengebunden. Die Konstruktion der Presse gew\u00e4hrleistet eine gleichm\u00e4\u00dfige Verdichtung der Ballen, wodurch feste, gleichm\u00e4\u00dfige und leicht zu handhabende Ballen entstehen.<\/p>\n<h2>Haupteinsatzszenarien f\u00fcr die Rundballenpresse 9YG-1.25<\/h2>\n<p>Die Rundballenpresse 9YG-1.25 eignet sich f\u00fcr eine Vielzahl landwirtschaftlicher Einsatzgebiete. Hier einige ihrer wichtigsten Anwendungsbereiche:<\/p>\n<ul>\n<li><strong>Heuproduktion:<\/strong> Die Maschine eignet sich ideal zum Ballenpressen von Heu, da sie sicherstellt, dass das Material fest gepresst und somit optimal f\u00fcr die F\u00fctterung von Nutztieren in den k\u00e4lteren Monaten konserviert wird.<\/li>\n<li><strong>Strohsammlung:<\/strong> Die Maschine sammelt und presst Stroh effizient zu Ballen, das in der Landwirtschaft h\u00e4ufig zum Mulchen oder als Einstreumaterial f\u00fcr Tiere verwendet wird.<\/li>\n<li><strong>Silageballenpressen:<\/strong> Die Ballenpresse kann auch Silage verarbeiten und ist somit eine vielseitige Wahl f\u00fcr Landwirte, die Viehzucht betreiben.<\/li>\n<li><strong>Gr\u00fcnlandmanagement:<\/strong> Es ist n\u00fctzlich in Graslandgebieten, in denen die Vegetation entfernt werden muss, und tr\u00e4gt so zur Erhaltung gesunder Graslandschaften bei.<\/li>\n<li><strong>Management von Ernter\u00fcckst\u00e4nden:<\/strong> Die Ballenpresse hilft bei der Bewirtschaftung von Ernter\u00fcckst\u00e4nden, der Vermeidung von Verschwendung und der Verbesserung der Bodenqualit\u00e4t.<\/li>\n<li><strong>Transport:<\/strong> Nach dem Pressen lassen sich die Materialien leicht transportieren, was den logistischen Aufwand f\u00fcr die landwirtschaftlichen Betriebe verringert und die Gesamteffizienz verbessert.<\/li>\n<\/ul>\n<h2>Wie man die richtige 9YG-1.25 Rundballenpresse ausw\u00e4hlt<\/h2>\n<p>Bei der Auswahl einer 9YG-1.25 Rundballenpresse sollten verschiedene Faktoren ber\u00fccksichtigt werden, um sicherzustellen, dass die Maschine Ihren Anforderungen entspricht:<\/p>\n<ul>\n<li><strong>Betriebsgr\u00f6\u00dfe:<\/strong> F\u00fcr gr\u00f6\u00dfere landwirtschaftliche Betriebe wird eine robustere Ballenpresse mit h\u00f6herer Kapazit\u00e4t ben\u00f6tigt, w\u00e4hrend kleinere Betriebe von einer kompakten Version profitieren k\u00f6nnen.<\/li>\n<li><strong>Materialart:<\/strong> Je nachdem, welche Art von Erntegut Sie pressen, stellen Sie sicher, dass die Ballenpresse Materialien wie Heu, Stroh oder Silage verarbeiten kann.<\/li>\n<li><strong>Ballengr\u00f6\u00dfe:<\/strong> Ermitteln Sie die ideale Ballengr\u00f6\u00dfe f\u00fcr Ihre Lager- und Transportanforderungen, um die Kompatibilit\u00e4t mit den Einstellungen der Ballenpresse sicherzustellen.<\/li>\n<li><strong>Budget:<\/strong> Ber\u00fccksichtigen Sie Ihr Budget und w\u00e4hlen Sie ein Modell, das Ihnen im Hinblick auf Produktivit\u00e4t und Langlebigkeit das beste Preis-Leistungs-Verh\u00e4ltnis bietet.<\/li>\n<li><strong>Merkmale:<\/strong> Achten Sie auf zus\u00e4tzliche Funktionen wie automatisches Binden, einstellbare Ballengr\u00f6\u00dfe und einfache Wartung, die die Effizienz und Benutzerfreundlichkeit verbessern k\u00f6nnen.<\/li>\n<li><strong>Kundendienst:<\/strong> Stellen Sie sicher, dass der Hersteller einen zuverl\u00e4ssigen Kundendienst und Garantieleistungen anbietet, um den fortgesetzten Betrieb zu gew\u00e4hrleisten.<\/li>\n<\/ul>\n<h2>Wartung der Rundballenpresse 9YG-1.25<\/h2>\n<p>Die regelm\u00e4\u00dfige Wartung Ihrer Rundballenpresse 9YG-1.25 ist entscheidend f\u00fcr optimale Leistung und eine lange Lebensdauer. Zu den regelm\u00e4\u00dfigen Wartungsarbeiten geh\u00f6ren:<\/p>\n<ul>\n<li><strong>Reinigung:<\/strong> Reinigen Sie das Ger\u00e4t nach jedem Gebrauch, um R\u00fcckst\u00e4nde, Schmutz oder Ablagerungen zu entfernen, die das System verstopfen oder die Leistung beeintr\u00e4chtigen k\u00f6nnten.<\/li>\n<li><strong>Schmierung:<\/strong> Schmieren Sie die beweglichen Teile regelm\u00e4\u00dfig, um Verschlei\u00df vorzubeugen und einen reibungslosen Betrieb zu gew\u00e4hrleisten.<\/li>\n<li><strong>Inspektion:<\/strong> F\u00fchren Sie regelm\u00e4\u00dfige Kontrollen der Maschine auf Anzeichen von Besch\u00e4digungen oder Funktionsst\u00f6rungen durch. Achten Sie besonders auf die Walzen und das Garnsystem.<\/li>\n<li><strong>Teile austauschen:<\/strong> Um Ausf\u00e4lle w\u00e4hrend kritischer Phasen zu vermeiden, sollten verschlissene Teile umgehend ausgetauscht werden.<\/li>\n<li><strong>Lagerung:<\/strong> Lagern Sie die Ballenpresse bei Nichtgebrauch an einem trockenen und gesch\u00fctzten Ort, um sie vor Witterungseinfl\u00fcssen zu sch\u00fctzen, die Rost oder Besch\u00e4digungen verursachen k\u00f6nnen.<\/li>\n<\/ul>\n<h2 style=\"text-align: center;\"><img loading=\"lazy\" decoding=\"async\" class=\"alignnone  wp-image-249\" src=\"https:\/\/farm-baler.com\/wp-content\/uploads\/2025\/11\/EP-9YG-1.25-Round-Baler-21-300x300.webp\" alt=\"Rundballenpresse\" width=\"375\" height=\"375\" \/><\/h2>\n<h2>Kundenrezensionen<\/h2>\n<p>\u201eWir nutzen die Rundballenpresse 9YG-1.25 seit \u00fcber einem Jahr auf unserem Hof. Sie funktioniert hervorragend und produziert gleichm\u00e4\u00dfige Ballen, die perfekt f\u00fcr unser Vieh geeignet sind. Die Maschine ist einfach zu bedienen und der Wartungsaufwand ist relativ gering. Wir k\u00f6nnen sie jedem in der Landwirtschaft w\u00e4rmstens empfehlen.\u201c<br \/>\n<strong>\u2013 John, USA<\/strong><\/p>\n<p>\u201eDie 9YG-1.25 hat unseren Ballenpressprozess deutlich verbessert. Sie ist einfach zu bedienen, und die Ballen sind dicht gepresst, was die Lagerung und den Transport erleichtert. Wir verwenden sie haupts\u00e4chlich f\u00fcr Heu, und sie hat sich als zuverl\u00e4ssige Erg\u00e4nzung unseres Maschinenparks erwiesen.\u201c<br \/>\n<strong>\u2013 Sarah, Kanada<\/strong><\/p>\n<p>\u201eIch habe die 9YG-1.25 gekauft.\u201c <a href=\"https:\/\/agricultural-baler.com\/\" target=\"_blank\" rel=\"noopener\">Rundballenpresse f\u00fcr meinen kleinen Bauernhof<\/a>\u201eEs war eine ausgezeichnete Wahl. Es ist kompakt, aber dennoch leistungsstark und erledigt seine Aufgabe effizient. Der Kundenservice war erstklassig und der Versand erfolgte schnell.\u201c<br \/>\n<strong>\u2013 Michael, Gro\u00dfbritannien<\/strong><\/p>\n<p>\u201eWir haben auf unserem Hof \u200b\u200bschon mehrere Rundballenpressen eingesetzt, und diese hier ist mit Abstand die beste. Sie ist einfach zu bedienen und ben\u00f6tigt nicht viel Wartung. Die Maschine ist au\u00dferdem sehr robust, selbst unter harten Bedingungen.\u201c<br \/>\n<strong>\u2013 Lucas, Australien<\/strong><\/p>\n<p>\u201eIch bin seit \u00fcber 20 Jahren Landwirt, und die 9YG-1.25 ist eine meiner besten Investitionen. Die Maschine l\u00e4uft einwandfrei, und die Ballen sind formsch\u00f6n. Der Kundendienst ist fantastisch, was entscheidend ist, wenn man auf so wichtige Ger\u00e4te angewiesen ist.\u201c<br \/>\n<strong>\u2013 Carlos, Brasilien<\/strong><\/p>\n<h2>Warum sollten Sie sich f\u00fcr unser Produkt entscheiden?<\/h2>\n<p>Auswahl des 9YG-1.25 <a href=\"https:\/\/farm-baler.com\/de\/produkt\/type-9jyy-4-5-round-bale-picking-and-transporting-machine\/\">Rundballenpresse<\/a> Bei uns erhalten Sie eine Hochleistungsmaschine mit exzellentem Service. Unsere Produkte bieten drei Jahre Garantie und geben Ihnen somit Sicherheit \u00fcber die gesamte Lebensdauer. Wir bieten schnelle Anpassungsm\u00f6glichkeiten, um Ihre individuellen Bed\u00fcrfnisse zu erf\u00fcllen und die perfekte L\u00f6sung f\u00fcr Ihren Betrieb zu gew\u00e4hrleisten. Dank weltweitem Versand garantieren wir p\u00fcnktliche Lieferung und unterst\u00fctzen Sie weltweit. Dar\u00fcber hinaus bieten wir Ihnen jederzeit Kundendienst, damit Ihre Ballenpresse reibungslos l\u00e4uft.<\/p>\n<h2>Warum unsere Fertigung und Produktqualit\u00e4t herausragen<\/h2>\n<p>Unsere Produktionsanlagen nutzen modernste Technologie, um sicherzustellen, dass jede Rundballenpresse 9YG-1.25 h\u00f6chsten Qualit\u00e4ts- und Leistungsstandards entspricht. Unsere Produkte durchlaufen strenge Qualit\u00e4tskontrollen, um ihre Zuverl\u00e4ssigkeit und Langlebigkeit zu gew\u00e4hrleisten. Dank unserer wettbewerbsf\u00e4higen Preise sind hochwertige Ballenpressl\u00f6sungen f\u00fcr alle landwirtschaftlichen Betriebe erschwinglich. Neben der Rundballenpresse 9YG-1.25 bieten wir auch eine Reihe weiterer Landmaschinen und Zubeh\u00f6rteile an, die speziell auf die Bed\u00fcrfnisse moderner Landwirtschaftsbetriebe zugeschnitten sind. Entdecken Sie unser Produktsortiment und kontaktieren Sie uns noch heute!<\/p>\n<p>Handeln Sie jetzt! Kontaktieren Sie uns, um mehr \u00fcber die Rundballenpresse 9YG-1.25 zu erfahren und Ihre landwirtschaftliche Effizienz zu steigern.<\/p>\n<h2>H\u00e4ufig gestellte Fragen<\/h2>\n<ol>\n<li><strong>Welche Ballengr\u00f6\u00dfe hat die Rundballenpresse 9YG-1.25?<\/strong><br \/>\nDie Rundballenpresse 9YG-1.25 produziert Ballen in verschiedenen Gr\u00f6\u00dfen, typischerweise von klein bis mittelgro\u00df. Die Gr\u00f6\u00dfe l\u00e4sst sich an Ihre Lager- und Transportbed\u00fcrfnisse anpassen.<\/li>\n<li><strong>Ist die Rundballenpresse 9YG-1.25 f\u00fcr den Einsatz in gro\u00dfem Ma\u00dfstab geeignet?<\/strong><br \/>\nJa, die 9YG-1.25 eignet sich f\u00fcr mittlere bis gro\u00dfe landwirtschaftliche Betriebe und bietet eine hohe Kapazit\u00e4t und Effizienz f\u00fcr eine breite Palette von Nutzpflanzen.<\/li>\n<li><strong>Kann ich die 9YG-1.25 zum Silageballenpressen verwenden?<\/strong><br \/>\nAbsolut! Die Rundballenpresse 9YG-1.25 ist vielseitig einsetzbar und eignet sich zum Pressen von Silage, Heu und anderen landwirtschaftlichen Materialien.<\/li>\n<li><strong>Welche Art von Wartung ben\u00f6tigt das Modell 9YG-1.25?<\/strong><br \/>\nZur routinem\u00e4\u00dfigen Wartung geh\u00f6ren Reinigung, Schmierung, \u00dcberpr\u00fcfung der Teile und der rechtzeitige Austausch verschlissener Komponenten, um eine optimale Leistung zu gew\u00e4hrleisten.<\/li>\n<li><strong>Wie lange ist die Lebensdauer der Rundballenpresse 9YG-1.25?<\/strong><br \/>\nBei ordnungsgem\u00e4\u00dfer Wartung kann die Rundballenpresse 9YG-1.25 viele Jahre halten und bietet eine ausgezeichnete Langzeitzuverl\u00e4ssigkeit.<\/li>\n<\/ol>\n<p>&nbsp;<\/p>","protected":false},"excerpt":{"rendered":"<p>Entdecken Sie die Rundballenpresse 9YG-1.25 \u2013 entwickelt f\u00fcr h\u00f6chste Effizienz beim Pressen von Heu und Stroh. Dank fortschrittlicher Technologie bietet sie zuverl\u00e4ssige und hochwertige Leistung. Ideal f\u00fcr Landwirte, die langlebige und benutzerfreundliche Ger\u00e4te suchen, die ihre Produktivit\u00e4t steigern. Sichern Sie sich Ihr Exemplar noch heute und erleben Sie gleichm\u00e4\u00dfige, perfekte Ballen \u2013 jedes Mal! Kontaktieren Sie uns f\u00fcr weitere Informationen und Sonderangebote.<\/p>","protected":false},"featured_media":248,"template":"","meta":{"_et_pb_use_builder":"","_et_pb_old_content":"","_et_gb_content_width":""},"product_brand":[],"product_cat":[22],"product_tag":[],"class_list":{"0":"post-211","1":"product","2":"type-product","3":"status-publish","4":"has-post-thumbnail","6":"product_cat-round-baler-rake","8":"first","9":"instock","10":"shipping-taxable","11":"product-type-simple"},"_links":{"self":[{"href":"https:\/\/farm-baler.com\/de\/wp-json\/wp\/v2\/product\/211","targetHints":{"allow":["GET"]}}],"collection":[{"href":"https:\/\/farm-baler.com\/de\/wp-json\/wp\/v2\/product"}],"about":[{"href":"https:\/\/farm-baler.com\/de\/wp-json\/wp\/v2\/types\/product"}],"wp:featuredmedia":[{"embeddable":true,"href":"https:\/\/farm-baler.com\/de\/wp-json\/wp\/v2\/media\/248"}],"wp:attachment":[{"href":"https:\/\/farm-baler.com\/de\/wp-json\/wp\/v2\/media?parent=211"}],"wp:term":[{"taxonomy":"product_brand","embeddable":true,"href":"https:\/\/farm-baler.com\/de\/wp-json\/wp\/v2\/product_brand?post=211"},{"taxonomy":"product_cat","embeddable":true,"href":"https:\/\/farm-baler.com\/de\/wp-json\/wp\/v2\/product_cat?post=211"},{"taxonomy":"product_tag","embeddable":true,"href":"https:\/\/farm-baler.com\/de\/wp-json\/wp\/v2\/product_tag?post=211"}],"curies":[{"name":"wp","href":"https:\/\/api.w.org\/{rel}","templated":true}]}}